{"id":13003,"date":"2018-12-21T11:41:28","date_gmt":"2018-12-21T16:41:28","guid":{"rendered":"https:\/\/solidedge.siemens.com\/solid-edge-end-of-year-sale-2018\/"},"modified":"2019-08-26T15:00:08","modified_gmt":"2019-08-26T19:00:08","slug":"solid-edge-end-of-year-sale-2018","status":"publish","type":"page","link":"https:\/\/solidedge.siemens.com\/zh-hans\/solid-edge-end-of-year-sale-2018\/","title":{"rendered":"Ventas a final de a\u00f1o de Solid Edge 2018"},"content":{"rendered":"<p>[vc_row][vc_column][vc_column_text]<\/p>\n<h1>Ventas a final de a\u00f1o de Solid Edge 2018 <\/h1>\n<h1>T\u00e9rminos &amp; condiciones<\/h1>\n<p>[\/vc_column_text][vc_column_text]<strong>Compre una suscripci\u00f3n anual de Solid Edge y consiga una segunda suscripci\u00f3n con un 50\u00a0% de descuento durante el primer a\u00f1o.<\/strong><\/p>\n<ul>\n<li>Estas promociones solo se pueden obtener mediante Siemens Digital Industries Software y sus distribuidores de canal colaboradores;<\/li>\n<\/ul>\n<ul>\n<li>Oferta v\u00e1lida solamente para los clientes con una direcci\u00f3n f\u00edsica en Estados Unidos, Canad\u00e1, India, Australia, Nueva Zelanda y Singapur y Reino Unido;<\/li>\n<\/ul>\n<ul>\n<li>La oferta se aplica solamente si las licencias de software de Solid Edge\u00ae se adquieren entre el 20 de diciembre de 2018 a las 5:00 h, hora del Pac\u00edfico, y el 31 de diciembre de 2018 a las 23:59 h, hora del Pac\u00edfico;<\/li>\n<\/ul>\n<ul>\n<li>Al finalizar el primer a\u00f1o, el comprador acepta pagar cada a\u00f1o el precio de suscripci\u00f3n anual vigente en ese momento que se indica <u><a href=\"https:\/\/www.plm.automation.siemens.com\/store\/en-us\/solid-edge\/\">aqu\u00ed<\/a><u>, a menos que el suscriptor cancele la suscripci\u00f3n. <\/li>\n<\/ul>\n<ul>\n<li>No se aplicar\u00e1n otros descuentos;<\/li>\n<\/ul>\n<ul>\n<li>La cancelaci\u00f3n puede efectuarse en cualquier momento durante el a\u00f1o, no obstante, no se realizar\u00e1 ning\u00fan tipo de reembolso por ninguna parte de dicho a\u00f1o;<\/li>\n<\/ul>\n<ul>\n<li>La promoci\u00f3n es un 50\u00a0% de descuento el primer (1\u00ba) a\u00f1o de suscripci\u00f3n a una licencia anual de Solid Edge (valores de venta aproximados: <\/li>\n<\/ul>\n<ul>\n<li>Dibujo de planos y dise\u00f1o 900 d\u00f3lares; B\u00e1sica 2.220 d\u00f3lares; Cl\u00e1sica 2.760 d\u00f3lares; Premium 3.940 d\u00f3lares) si se adquiere una suscripci\u00f3n anual al precio total de igual o menor precio;<\/li>\n<\/ul>\n<ul>\n<li>Para solicitar la promoci\u00f3n se debe introducir el c\u00f3digo de la misma cuando se solicite en el momento de la compra;<\/li>\n<\/ul>\n<ul>\n<li>La oferta es v\u00e1lida exclusivamente la primera vez que se realice la suscripci\u00f3n anual de Solid Edge;<\/li>\n<\/ul>\n<ul>\n<li>Limitada a un (1) 50\u00a0% de descuento en la suscripci\u00f3n anual por suscriptor. <\/li>\n<\/ul>\n<ul>\n<li>Con objeto de evitar cualquier tipo de duda, un suscriptor puede ser una persona f\u00edsica o una entidad empresarial.<\/li>\n<\/ul>\n<p>Si, por cualquier motivo, este programa no puede ejecutarse de la forma prevista debido a un virus inform\u00e1tico, un defecto inform\u00e1tico, una alteraci\u00f3n, una intervenci\u00f3n no autorizada, un fraude, fallos t\u00e9cnicos o cualquier otra causa que, seg\u00fan criterio exclusivo de Siemens Digital Industries Software, corrompa o afecte a la administraci\u00f3n, la seguridad, la justicia, la integridad o la conducta apropiada de este programa de actualizaciones, Siemens Digital Industries Software se reserva el derecho de cancelar, terminar, modificar o suspender este programa de descuentos.<\/p>\n<p><em>Nota: <\/em><em>Siemens y el logotipo de Siemens son marcas registradas de Siemens AG. <\/em><em>Solid Edge es una marca comercial o marca registrada de Siemens Product Lifecycle Management Software Inc. o sus subsidiarias en Estados Unidos y en otros pa\u00edses. <\/em><em>Todas las dem\u00e1s marcas comerciales, marcas registradas o marcas de servicio pertenecen a sus respectivos propietarios.<\/em><\/p>\n<p><strong>\u00a0<\/strong>[\/vc_column_text][\/vc_column][\/vc_row]<\/p>\n","protected":false},"excerpt":{"rendered":"<p> Ventas a final de a [&hellip;]<\/p>\n","protected":false},"author":5,"featured_media":0,"parent":0,"menu_order":0,"comment_status":"closed","ping_status":"open","template":"","meta":{"inline_featured_image":false},"yoast_head":"<!-- This site is optimized with the Yoast SEO plugin v18.4.1 - https:\/\/yoast.com\/wordpress\/plugins\/seo\/ -->\n<title>Ventas a final de a\u00f1o de Solid Edge 2018 | Solid Edge | Siemens Software<\/title>\n<meta name=\"robots\" content=\"noindex, follow\" \/>\n<meta property=\"og:locale\" content=\"zh_CN\" \/>\n<meta property=\"og:type\" content=\"article\" \/>\n<meta property=\"og:title\" content=\"Ventas a final de a\u00f1o de Solid Edge 2018 | Solid Edge | Siemens Software\" \/>\n<meta property=\"og:description\" content=\"Ventas a final de a [&hellip;]\" \/>\n<meta property=\"og:url\" content=\"https:\/\/solidedge.siemens.com\/es\/solid-edge-end-of-year-sale-2018\/\" \/>\n<meta property=\"og:site_name\" content=\"Solid Edge\" \/>\n<meta property=\"article:publisher\" content=\"https:\/\/www.facebook.com\/solidedge\" \/>\n<meta property=\"article:modified_time\" content=\"2019-08-26T19:00:08+00:00\" \/>\n<meta name=\"twitter:card\" content=\"summary_large_image\" \/>\n<meta name=\"twitter:site\" content=\"@siemensplm\" \/>\n<meta name=\"twitter:label1\" content=\"\u9884\u8ba1\u9605\u8bfb\u65f6\u95f4\" \/>\n\t<meta name=\"twitter:data1\" content=\"2\u5206\" \/>\n<script type=\"application\/ld+json\" class=\"yoast-schema-graph\">{\"@context\":\"https:\/\/schema.org\",\"@graph\":[{\"@type\":\"Organization\",\"@id\":\"https:\/\/solidedge.siemens.com\/en\/#organization\",\"name\":\"Siemens Digital Industries Software\",\"url\":\"https:\/\/solidedge.siemens.com\/en\/\",\"sameAs\":[\"https:\/\/www.facebook.com\/solidedge\",\"https:\/\/www.instagram.com\/siemens\/\",\"https:\/\/www.linkedin.com\/company\/siemens-plm-software\",\"https:\/\/www.youtube.com\/user\/PolarionSoftware\",\"https:\/\/twitter.com\/siemensplm\"],\"logo\":{\"@type\":\"ImageObject\",\"@id\":\"https:\/\/solidedge.siemens.com\/en\/#logo\",\"inLanguage\":\"zh-CN\",\"url\":\"https:\/\/solidedge.siemens.com\/wp-content\/uploads\/2018\/04\/logo-siemens-ifl@2x.png\",\"contentUrl\":\"https:\/\/solidedge.siemens.com\/wp-content\/uploads\/2018\/04\/logo-siemens-ifl@2x.png\",\"width\":640,\"height\":270,\"caption\":\"Siemens Digital Industries Software\"},\"image\":{\"@id\":\"https:\/\/solidedge.siemens.com\/en\/#logo\"}},{\"@type\":\"WebSite\",\"@id\":\"https:\/\/solidedge.siemens.com\/en\/#website\",\"url\":\"https:\/\/solidedge.siemens.com\/en\/\",\"name\":\"Solid Edge\",\"description\":\"Siemens Software\",\"publisher\":{\"@id\":\"https:\/\/solidedge.siemens.com\/en\/#organization\"},\"potentialAction\":[{\"@type\":\"SearchAction\",\"target\":{\"@type\":\"EntryPoint\",\"urlTemplate\":\"https:\/\/solidedge.siemens.com\/en\/?s={search_term_string}\"},\"query-input\":\"required name=search_term_string\"}],\"inLanguage\":\"zh-CN\"},{\"@type\":\"WebPage\",\"@id\":\"https:\/\/solidedge.siemens.com\/es\/solid-edge-end-of-year-sale-2018\/#webpage\",\"url\":\"https:\/\/solidedge.siemens.com\/es\/solid-edge-end-of-year-sale-2018\/\",\"name\":\"Ventas a final de a\u00f1o de Solid Edge 2018 | Solid Edge | Siemens Software\",\"isPartOf\":{\"@id\":\"https:\/\/solidedge.siemens.com\/en\/#website\"},\"datePublished\":\"2018-12-21T16:41:28+00:00\",\"dateModified\":\"2019-08-26T19:00:08+00:00\",\"breadcrumb\":{\"@id\":\"https:\/\/solidedge.siemens.com\/es\/solid-edge-end-of-year-sale-2018\/#breadcrumb\"},\"inLanguage\":\"zh-CN\",\"potentialAction\":[{\"@type\":\"ReadAction\",\"target\":[\"https:\/\/solidedge.siemens.com\/es\/solid-edge-end-of-year-sale-2018\/\"]}]},{\"@type\":\"BreadcrumbList\",\"@id\":\"https:\/\/solidedge.siemens.com\/es\/solid-edge-end-of-year-sale-2018\/#breadcrumb\",\"itemListElement\":[{\"@type\":\"ListItem\",\"position\":1,\"name\":\"Home\",\"item\":\"https:\/\/solidedge.siemens.com\/en\/home-4\/\"},{\"@type\":\"ListItem\",\"position\":2,\"name\":\"Ventas a final de a\u00f1o de Solid Edge 2018\"}]}]}<\/script>\n<!-- \/ Yoast SEO plugin. -->","yoast_head_json":{"title":"Ventas a final de a\u00f1o de Solid Edge 2018 | Solid Edge | Siemens Software","robots":{"index":"noindex","follow":"follow"},"og_locale":"zh_CN","og_type":"article","og_title":"Ventas a final de a\u00f1o de Solid Edge 2018 | Solid Edge | Siemens Software","og_description":"Ventas a final de a [&hellip;]","og_url":"https:\/\/solidedge.siemens.com\/es\/solid-edge-end-of-year-sale-2018\/","og_site_name":"Solid Edge","article_publisher":"https:\/\/www.facebook.com\/solidedge","article_modified_time":"2019-08-26T19:00:08+00:00","twitter_card":"summary_large_image","twitter_site":"@siemensplm","twitter_misc":{"\u9884\u8ba1\u9605\u8bfb\u65f6\u95f4":"2\u5206"},"schema":{"@context":"https:\/\/schema.org","@graph":[{"@type":"Organization","@id":"https:\/\/solidedge.siemens.com\/en\/#organization","name":"Siemens Digital Industries Software","url":"https:\/\/solidedge.siemens.com\/en\/","sameAs":["https:\/\/www.facebook.com\/solidedge","https:\/\/www.instagram.com\/siemens\/","https:\/\/www.linkedin.com\/company\/siemens-plm-software","https:\/\/www.youtube.com\/user\/PolarionSoftware","https:\/\/twitter.com\/siemensplm"],"logo":{"@type":"ImageObject","@id":"https:\/\/solidedge.siemens.com\/en\/#logo","inLanguage":"zh-CN","url":"https:\/\/solidedge.siemens.com\/wp-content\/uploads\/2018\/04\/logo-siemens-ifl@2x.png","contentUrl":"https:\/\/solidedge.siemens.com\/wp-content\/uploads\/2018\/04\/logo-siemens-ifl@2x.png","width":640,"height":270,"caption":"Siemens Digital Industries Software"},"image":{"@id":"https:\/\/solidedge.siemens.com\/en\/#logo"}},{"@type":"WebSite","@id":"https:\/\/solidedge.siemens.com\/en\/#website","url":"https:\/\/solidedge.siemens.com\/en\/","name":"Solid Edge","description":"Siemens Software","publisher":{"@id":"https:\/\/solidedge.siemens.com\/en\/#organization"},"potentialAction":[{"@type":"SearchAction","target":{"@type":"EntryPoint","urlTemplate":"https:\/\/solidedge.siemens.com\/en\/?s={search_term_string}"},"query-input":"required name=search_term_string"}],"inLanguage":"zh-CN"},{"@type":"WebPage","@id":"https:\/\/solidedge.siemens.com\/es\/solid-edge-end-of-year-sale-2018\/#webpage","url":"https:\/\/solidedge.siemens.com\/es\/solid-edge-end-of-year-sale-2018\/","name":"Ventas a final de a\u00f1o de Solid Edge 2018 | Solid Edge | Siemens Software","isPartOf":{"@id":"https:\/\/solidedge.siemens.com\/en\/#website"},"datePublished":"2018-12-21T16:41:28+00:00","dateModified":"2019-08-26T19:00:08+00:00","breadcrumb":{"@id":"https:\/\/solidedge.siemens.com\/es\/solid-edge-end-of-year-sale-2018\/#breadcrumb"},"inLanguage":"zh-CN","potentialAction":[{"@type":"ReadAction","target":["https:\/\/solidedge.siemens.com\/es\/solid-edge-end-of-year-sale-2018\/"]}]},{"@type":"BreadcrumbList","@id":"https:\/\/solidedge.siemens.com\/es\/solid-edge-end-of-year-sale-2018\/#breadcrumb","itemListElement":[{"@type":"ListItem","position":1,"name":"Home","item":"https:\/\/solidedge.siemens.com\/en\/home-4\/"},{"@type":"ListItem","position":2,"name":"Ventas a final de a\u00f1o de Solid Edge 2018"}]}]}},"_links":{"self":[{"href":"https:\/\/solidedge.siemens.com\/zh-hans\/wp-json\/wp\/v2\/pages\/13003"}],"collection":[{"href":"https:\/\/solidedge.siemens.com\/zh-hans\/wp-json\/wp\/v2\/pages"}],"about":[{"href":"https:\/\/solidedge.siemens.com\/zh-hans\/wp-json\/wp\/v2\/types\/page"}],"author":[{"embeddable":true,"href":"https:\/\/solidedge.siemens.com\/zh-hans\/wp-json\/wp\/v2\/users\/5"}],"replies":[{"embeddable":true,"href":"https:\/\/solidedge.siemens.com\/zh-hans\/wp-json\/wp\/v2\/comments?post=13003"}],"version-history":[{"count":0,"href":"https:\/\/solidedge.siemens.com\/zh-hans\/wp-json\/wp\/v2\/pages\/13003\/revisions"}],"wp:attachment":[{"href":"https:\/\/solidedge.siemens.com\/zh-hans\/wp-json\/wp\/v2\/media?parent=13003"}],"curies":[{"name":"wp","href":"https:\/\/api.w.org\/{rel}","templated":true}]}}