{"id":49846,"date":"2024-10-23T09:01:34","date_gmt":"2024-10-23T13:01:34","guid":{"rendered":"https:\/\/solidedge.siemens.com\/?page_id=49846"},"modified":"2024-10-22T14:27:39","modified_gmt":"2024-10-22T18:27:39","slug":"design-configurator","status":"publish","type":"page","link":"https:\/\/solidedge.siemens.com\/pt-br\/solutions\/products\/3d-design\/design-configurator\/","title":{"rendered":"Design Configurator"},"content":{"rendered":"<p>[vc_row full_width=&#8221;stretch_row&#8221; full_height=&#8221;yes&#8221; content_placement=&#8221;middle&#8221; css=&#8221;.vc_custom_1664206972428{background: #a6a6a6 url(https:\/\/solidedge.siemens.com\/wp-content\/uploads\/2022\/09\/UPDATED-Design-Configurator-Header.png?id=62809) !important;background-position: center !important;background-repeat: no-repeat !important;background-size: cover !important;}&#8221; el_class=&#8221;vc-row-hero-banner&#8221;][vc_column][vc_column_text el_class=&#8221;.vc-el-callout&#8221;]<\/p>\n<h1>Solid Edge Design Configurator<\/h1>\n<p>Solid Edge\u00ae Design Configurator delivers real-time product configuration directly to your customers. With powerful design and rule-based automation capabilities, Design Configurator enables quick customization of products based on design parameters and rules, boosting your productivity and design speed.<\/p>\n<p><a class=\"action-button\" href=\"https:\/\/www.dex.siemens.com\/plm\/solid-edge-portfolio-solutions\/solid-edge-design-configurator-standard-xaas\" target=\"_blank\" rel=\"noopener\"><i class=\"icon-ext\"><\/i>Buy online<\/a>\u00a0<a class=\"action-button\" href=\"\/en\/try-now\/\"><i class=\"icon-ext\"><\/i>Try Solid Edge for free<\/a>[\/vc_column_text][\/vc_column][\/vc_row][vc_row full_width=&#8221;stretch_row&#8221; equal_height=&#8221;yes&#8221; disable_element=&#8221;yes&#8221; el_class=&#8221;more-info-bluebox&#8221; css=&#8221;.vc_custom_1706699882649{margin-top: 0px !important;margin-bottom: 0px !important;padding-top: 0px !important;padding-bottom: 0px !important;background-color: #006486 !important;}&#8221;][vc_column][vc_column_text el_class=&#8221;vc-el-lead-in&#8221;]<\/p>\n<div class=\"lto-bundle-promo-link\"><span style=\"font-size: 20px;\" class=\"c-white\">For a limited time, get 30% off Solid Edge Design Configurator<span style=\"float: right;\"><a class=\"action-button\" href=\"https:\/\/resources.sw.siemens.com\/en-US\/get-30-off-solid-edge-design-configurator\" target=\"_blank\" rel=\"noopener\" data-wpel-link=\"internal\">See details<\/a><\/span><\/span><\/div>\n<p>[\/vc_column_text][\/vc_column][\/vc_row][vc_row][vc_column][vc_column_text el_class=&#8221;vc-el-lead-in&#8221;]Capabilities<\/p>\n<h2>Create customized designs at the click of a button<\/h2>\n<p>[\/vc_column_text][vc_row_inner el_class=&#8221;vc-row-image-teasers&#8221;][vc_column_inner width=&#8221;1\/2&#8243;][vc_column_text]<img loading=\"lazy\" class=\"alignnone size-medium\" src=\"https:\/\/blogs.sw.siemens.com\/wp-content\/uploads\/sites\/8\/2023\/10\/Call-Sub-Assembly.png\" width=\"3840\" height=\"2160\" \/>[\/vc_column_text][\/vc_column_inner][vc_column_inner width=&#8221;1\/2&#8243;][vc_column_text]<\/p>\n<p class=\"f-larger f-smaller\">Automatically generate new designs based on defined parameters and rules with Solid Edge Design Configurator. The powerful design automation application adds rule-based automation to the Solid Edge mechanical design environment. Completely embedded in Solid Edge, it enables quick customization of products based on design parameters and rules, boosting productivity and design speed and automating the sales engineering process.<\/p>\n<ul>\n<li class=\"f-larger f-smaller\">Advanced rule-based automation of 3D CAD models, bill of materials (BOM), 3D visualization and technical documentation<\/li>\n<li class=\"f-larger f-smaller\">Easy-to-use rule authoring<\/li>\n<li class=\"f-larger f-smaller\">Guided, web-based configuration process<\/li>\n<li class=\"f-larger f-smaller\">Batch automation of design jobs<\/li>\n<\/ul>\n<p>[\/vc_column_text][\/vc_column_inner][\/vc_row_inner][vc_row_inner][vc_column_inner width=&#8221;1\/2&#8243;][\/vc_column_inner][vc_column_inner width=&#8221;1\/2&#8243;][vc_column_text]<\/p>\n<p style=\"text-align: right;\"><a class=\"action-button transparent\" href=\"https:\/\/blogs.sw.siemens.com\/wp-content\/uploads\/sites\/8\/2024\/10\/Siemens-SW-Solid-Edge-Design-Configurator-FS-84080-D7.pdf\"><i class=\"icon-ext\"><\/i>Download Solid Edge Design Configurator data sheet<\/a><\/p>\n<p>[\/vc_column_text][\/vc_column_inner][\/vc_row_inner][\/vc_column][\/vc_row][vc_row full_width=&#8221;stretch_row&#8221; el_class=&#8221;vc-row-free-software&#8221; css=&#8221;.vc_custom_1542723573593{background-color: #006486 !important;}&#8221;][vc_column][vc_column_text el_class=&#8221;vc-el-lead-in&#8221;]Offers<\/p>\n<h2>Free 3D design software<\/h2>\n<p>[\/vc_column_text][vc_row_inner equal_height=&#8221;yes&#8221;][vc_column_inner width=&#8221;1\/2&#8243; offset=&#8221;vc_col-md-5&#8243;]<div class=\"wpb_content_block wpb_content_element\"><div class=\"wpb_wrapper\"><div class=\"content_block\" id=\"custom_post_widget-419\"><p>[vc_row][vc_column][vc_column_text]<\/p>\n<h3>Software Gratuito para sua Startup<\/h3>\n<p>Se voc\u00ea possui uma startup no est\u00e1gio inicial, em atividade h\u00e1 menos de tr\u00eas anos, voc\u00ea pode se inscrever agora para obter o Solid Edge gratuitamente. Sem taxas de inscri\u00e7\u00e3o![\/vc_column_text][vc_column_text]<a class=\"action-button\" href=\"https:\/\/www.plm.automation.siemens.com\/country\/engage\/topic\/solid-edge-start-up-brasil\/28153\"><i class=\"icon-ext\"><\/i>Solicite Agora<\/a>[\/vc_column_text][\/vc_column][\/vc_row]<\/p>\n<\/div><\/div><\/div>[\/vc_column_inner][vc_column_inner width=&#8221;1\/2&#8243; offset=&#8221;vc_col-md-offset-2 vc_col-md-5&#8243;]<div class=\"wpb_content_block wpb_content_element\"><div class=\"wpb_wrapper\"><div class=\"content_block\" id=\"custom_post_widget-420\"><p>[vc_row][vc_column][vc_column_text]<\/p>\n<h3>Download Gratuito do Solid Edge para Estudantes<\/h3>\n<p>Desenvolva as habilidades necess\u00e1rias com o software Solid Edge &#8211; Edi\u00e7\u00e3o para Estudantes \u2014 uma vers\u00e3o gratuita do mesmo conjunto de software f\u00e1cil de usar utilizado por profissionais.[\/vc_column_text][vc_column_text]<a class=\"action-button\" href=\"https:\/\/www.plm.automation.siemens.com\/plmapp\/education\/solid-edge\/pt_br\/free-software\/student\"><i class=\"icon-ext\"><\/i>Fa\u00e7a o download Agora<\/a>[\/vc_column_text][\/vc_column][\/vc_row]<\/p>\n<\/div><\/div><\/div>[\/vc_column_inner][\/vc_row_inner][\/vc_column][\/vc_row][vc_row full_width=&#8221;stretch_row&#8221; el_class=&#8221;vc-row-video-highlight&#8221; css=&#8221;.vc_custom_1632140521520{margin-top: 0px !important;border-top-width: 0px !important;padding-top: 0px !important;}&#8221;][vc_column][vc_column_text el_class=&#8221;vc-el-lead-in&#8221;]Video<\/p>\n<h2>See Solid Edge Design Configurator in action<\/h2>\n<p>[\/vc_column_text][vc_row_inner][vc_column_inner][vc_column_text]Completely embedded in Solid Edge, the powerful design automation application enables the quick customization of products based on design parameters and rules to automate repetitive design tasks, shorten order lead time and reduce correction errors.<\/p>\n<div id=\"wpfp_cb739b7dd98d77191b59b7d1e854d682\" data-item=\"{&quot;sources&quot;:[{&quot;src&quot;:&quot;https:\\\/\\\/videos.mentor-cdn.com\\\/mgc\\\/videos\\\/2500\\\/e3caed9a-2b16-4b24-ba1e-e6b41f556b3d-en-US-video.mp4&quot;,&quot;type&quot;:&quot;video\\\/mp4&quot;}]}\" class=\"flowplayer no-brand is-splash no-svg is-paused skin-slim fp-slim fp-edgy\" data-embed=\"false\" style=\"max-width: 960px; max-height: 540px; background-image: url(https:\/\/mgc-video-encoded.s3.us-west-2.amazonaws.com\/mgc\/thumbnails\/e3caed9a-2b16-4b24-ba1e-e6b41f556b3d-en-US-thumbnail.png);\" data-ratio=\"0.5625\" data-advance=\"false\">\n\t<div class=\"fp-ratio\" style=\"padding-top: 56.25%\"><\/div>\n\t<div class=\"fp-ui\"><div class=\"fp-play fp-visible\"><a class=\"fp-icon fp-playbtn\"><\/a><\/div><\/div>\n\n<\/div>\n[\/vc_column_text][\/vc_column_inner][\/vc_row_inner][\/vc_column][\/vc_row][vc_row full_width=&#8221;stretch_row&#8221; el_class=&#8221;vc-row-related-content&#8221; css=&#8221;.vc_custom_1524184785822{background-color: #347eb5 !important;}&#8221;][vc_column][vc_column_text]<\/p>\n<h2>Related content<\/h2>\n<p>[\/vc_column_text]<div id=\"ult-carousel-95867172569fc726262978\" class=\"ult-carousel-wrapper  vc-el-carousel-related-content ult_horizontal\" data-gutter=\"0\" data-rtl=\"false\" ><div class=\"ult-carousel-140125438469fc726262955 \" >[vc_column_text]<a href=\"https:\/\/solidedge.siemens.com\/wp-content\/uploads\/2021\/09\/Siemens-SW-Solid-Edge-Design-Configurator-FS-84080-D3.pdf\">Solid Edge Design Configurator Fact Sheet<\/a>[\/vc_column_text][vc_column_text]<a href=\"https:\/\/solidedge.siemens.com\/pt-br\/solutions\/products\/complete-product-development-portfolio\/whats-new-in-solid-edge-2022\/\">What\u2019s New in Solid Edge<\/a>[\/vc_column_text][vc_column_text]<a href=\"https:\/\/community.sw.siemens.com\/s\/topic\/0TO4O000000MihiWAC\/solid-edge\">Solid Edge Community<\/a>[\/vc_column_text][vc_column_text]<a href=\"https:\/\/solidedge.siemens.com\/pt-br\/resources\/tutorials\/\">Solid Edge Tutorials<\/a>[\/vc_column_text]<\/div><\/div>\t\t\t<script type=\"text\/javascript\">\r\n\t\t\t\tjQuery(document).ready(function ($) {\r\n\t\t\t\t\tif( typeof jQuery('.ult-carousel-140125438469fc726262955').slick == \"function\"){\r\n\t\t\t\t\t\t$('.ult-carousel-140125438469fc726262955').slick({dots: true,autoplaySpeed: 5000,speed: 500,infinite: false,arrows: true,nextArrow: '<button type=\"button\" role=\"button\" aria-label=\"Next\" style=\"color:#ffffff; font-size:30px;background:rgba(255,255,255,0.2);\" class=\"slick-next square-bg\"><i class=\"ultsl-arrow-right6\"><\/i><\/button>',prevArrow: '<button type=\"button\" role=\"button\" aria-label=\"Previous\" style=\"color:#ffffff; font-size:30px;background:rgba(255,255,255,0.2);\" class=\"slick-prev square-bg\"><i class=\"ultsl-arrow-left6\"><\/i><\/button>',slidesToScroll:4,slidesToShow:4,swipe: true,draggable: true,touchMove: true,pauseOnHover: true,pauseOnFocus: false,responsive: [\r\n\t\t\t\t\t\t\t{\r\n\t\t\t\t\t\t\t  breakpoint: 1026,\r\n\t\t\t\t\t\t\t  settings: {\r\n\t\t\t\t\t\t\t\tslidesToShow: 4,\r\n\t\t\t\t\t\t\t\tslidesToScroll: 4,  \r\n\t\t\t\t\t\t\t  }\r\n\t\t\t\t\t\t\t},\r\n\t\t\t\t\t\t\t{\r\n\t\t\t\t\t\t\t  breakpoint: 1025,\r\n\t\t\t\t\t\t\t  settings: {\r\n\t\t\t\t\t\t\t\tslidesToShow: 2,\r\n\t\t\t\t\t\t\t\tslidesToScroll: 2\r\n\t\t\t\t\t\t\t  }\r\n\t\t\t\t\t\t\t},\r\n\t\t\t\t\t\t\t{\r\n\t\t\t\t\t\t\t  breakpoint: 760,\r\n\t\t\t\t\t\t\t  settings: {\r\n\t\t\t\t\t\t\t\tslidesToShow: 1,\r\n\t\t\t\t\t\t\t\tslidesToScroll: 1\r\n\t\t\t\t\t\t\t  }\r\n\t\t\t\t\t\t\t}\r\n\t\t\t\t\t\t],pauseOnDotsHover: true,customPaging: function(slider, i) {\r\n                   return '<i type=\"button\" style= \"color:#ffffff;\" class=\"ultsl-record\" data-role=\"none\"><\/i>';\r\n                },});\r\n\t\t\t\t\t}\r\n\t\t\t\t});\r\n\t\t\t<\/script>\r\n\t\t\t[\/vc_column][\/vc_row]<\/p>\n","protected":false},"excerpt":{"rendered":"<p> Solid Edge Design Configurator Solid Edge\u00ae Design Configurator delivers real-time product configuration directly to your customers. With powerful design and rule-based automation capabilities, Design Configurator enables quick customization of products based on design parameters and rules, boosting your productivity [&hellip;]<\/p>\n","protected":false},"author":44,"featured_media":0,"parent":40,"menu_order":5,"comment_status":"closed","ping_status":"closed","template":"","meta":{"inline_featured_image":false},"yoast_head":"<!-- This site is optimized with the Yoast SEO plugin v18.4.1 - https:\/\/yoast.com\/wordpress\/plugins\/seo\/ -->\n<title>Solid Edge Design Configurator<\/title>\n<meta name=\"description\" content=\"Solid Edge\u00ae Design Configurator delivers rule-based automation to the Solid Edge mechanical design software environment, boosting your productivity and design speed.\" \/>\n<meta name=\"robots\" content=\"index, follow, max-snippet:-1, max-image-preview:large, max-video-preview:-1\" \/>\n<link rel=\"canonical\" href=\"https:\/\/solidedge.siemens.com\/pt-br\/solutions\/products\/3d-design\/design-configurator\/\" \/>\n<meta property=\"og:locale\" content=\"pt_BR\" \/>\n<meta property=\"og:type\" content=\"article\" \/>\n<meta property=\"og:title\" content=\"Solid Edge Design Configurator\" \/>\n<meta property=\"og:description\" content=\"Solid Edge\u00ae Design Configurator delivers rule-based automation to the Solid Edge mechanical design software environment, boosting your productivity and design speed.\" \/>\n<meta property=\"og:url\" content=\"https:\/\/solidedge.siemens.com\/en\/solutions\/products\/3d-design\/design-configurator\/\" \/>\n<meta property=\"og:site_name\" content=\"Solid Edge\" \/>\n<meta property=\"article:publisher\" content=\"https:\/\/www.facebook.com\/solidedge\" \/>\n<meta property=\"article:modified_time\" content=\"2024-10-22T18:27:39+00:00\" \/>\n<meta property=\"og:image\" content=\"https:\/\/blogs.sw.siemens.com\/wp-content\/uploads\/sites\/8\/2023\/10\/Call-Sub-Assembly.png\" \/>\n<meta name=\"twitter:card\" content=\"summary_large_image\" \/>\n<meta name=\"twitter:site\" content=\"@siemensplm\" \/>\n<meta name=\"twitter:label1\" content=\"Est. tempo de leitura\" \/>\n\t<meta name=\"twitter:data1\" content=\"2 minutos\" \/>\n<script type=\"application\/ld+json\" class=\"yoast-schema-graph\">{\"@context\":\"https:\/\/schema.org\",\"@graph\":[{\"@type\":\"Organization\",\"@id\":\"https:\/\/solidedge.siemens.com\/en\/#organization\",\"name\":\"Siemens Digital Industries Software\",\"url\":\"https:\/\/solidedge.siemens.com\/en\/\",\"sameAs\":[\"https:\/\/www.facebook.com\/solidedge\",\"https:\/\/www.instagram.com\/siemens\/\",\"https:\/\/www.linkedin.com\/company\/siemens-plm-software\",\"https:\/\/www.youtube.com\/user\/PolarionSoftware\",\"https:\/\/twitter.com\/siemensplm\"],\"logo\":{\"@type\":\"ImageObject\",\"@id\":\"https:\/\/solidedge.siemens.com\/en\/#logo\",\"inLanguage\":\"pt-BR\",\"url\":\"https:\/\/solidedge.siemens.com\/wp-content\/uploads\/2018\/04\/logo-siemens-ifl@2x.png\",\"contentUrl\":\"https:\/\/solidedge.siemens.com\/wp-content\/uploads\/2018\/04\/logo-siemens-ifl@2x.png\",\"width\":640,\"height\":270,\"caption\":\"Siemens Digital Industries Software\"},\"image\":{\"@id\":\"https:\/\/solidedge.siemens.com\/en\/#logo\"}},{\"@type\":\"WebSite\",\"@id\":\"https:\/\/solidedge.siemens.com\/en\/#website\",\"url\":\"https:\/\/solidedge.siemens.com\/en\/\",\"name\":\"Solid Edge\",\"description\":\"Siemens Software\",\"publisher\":{\"@id\":\"https:\/\/solidedge.siemens.com\/en\/#organization\"},\"potentialAction\":[{\"@type\":\"SearchAction\",\"target\":{\"@type\":\"EntryPoint\",\"urlTemplate\":\"https:\/\/solidedge.siemens.com\/en\/?s={search_term_string}\"},\"query-input\":\"required name=search_term_string\"}],\"inLanguage\":\"pt-BR\"},{\"@type\":\"ImageObject\",\"@id\":\"https:\/\/solidedge.siemens.com\/en\/solutions\/products\/3d-design\/design-configurator\/#primaryimage\",\"inLanguage\":\"pt-BR\",\"url\":\"https:\/\/blogs.sw.siemens.com\/wp-content\/uploads\/sites\/8\/2023\/10\/Call-Sub-Assembly.png\",\"contentUrl\":\"https:\/\/blogs.sw.siemens.com\/wp-content\/uploads\/sites\/8\/2023\/10\/Call-Sub-Assembly.png\"},{\"@type\":\"WebPage\",\"@id\":\"https:\/\/solidedge.siemens.com\/en\/solutions\/products\/3d-design\/design-configurator\/#webpage\",\"url\":\"https:\/\/solidedge.siemens.com\/en\/solutions\/products\/3d-design\/design-configurator\/\",\"name\":\"Solid Edge Design Configurator\",\"isPartOf\":{\"@id\":\"https:\/\/solidedge.siemens.com\/en\/#website\"},\"primaryImageOfPage\":{\"@id\":\"https:\/\/solidedge.siemens.com\/en\/solutions\/products\/3d-design\/design-configurator\/#primaryimage\"},\"datePublished\":\"2024-10-23T13:01:34+00:00\",\"dateModified\":\"2024-10-22T18:27:39+00:00\",\"description\":\"Solid Edge\u00ae Design Configurator delivers rule-based automation to the Solid Edge mechanical design software environment, boosting your productivity and design speed.\",\"breadcrumb\":{\"@id\":\"https:\/\/solidedge.siemens.com\/en\/solutions\/products\/3d-design\/design-configurator\/#breadcrumb\"},\"inLanguage\":\"pt-BR\",\"potentialAction\":[{\"@type\":\"ReadAction\",\"target\":[\"https:\/\/solidedge.siemens.com\/en\/solutions\/products\/3d-design\/design-configurator\/\"]}]},{\"@type\":\"BreadcrumbList\",\"@id\":\"https:\/\/solidedge.siemens.com\/en\/solutions\/products\/3d-design\/design-configurator\/#breadcrumb\",\"itemListElement\":[{\"@type\":\"ListItem\",\"position\":1,\"name\":\"Home\",\"item\":\"https:\/\/solidedge.siemens.com\/en\/home-11\/\"},{\"@type\":\"ListItem\",\"position\":2,\"name\":\"Solutions\",\"item\":\"https:\/\/solidedge.siemens.com\/en\/solutions\/\"},{\"@type\":\"ListItem\",\"position\":3,\"name\":\"Products\",\"item\":\"https:\/\/solidedge.siemens.com\/en\/solutions\/products\/\"},{\"@type\":\"ListItem\",\"position\":4,\"name\":\"3D Design\",\"item\":\"https:\/\/solidedge.siemens.com\/en\/solutions\/products\/3d-design\/\"},{\"@type\":\"ListItem\",\"position\":5,\"name\":\"Design Configurator\"}]}]}<\/script>\n<!-- \/ Yoast SEO plugin. -->","yoast_head_json":{"title":"Solid Edge Design Configurator","description":"Solid Edge\u00ae Design Configurator delivers rule-based automation to the Solid Edge mechanical design software environment, boosting your productivity and design speed.","robots":{"index":"index","follow":"follow","max-snippet":"max-snippet:-1","max-image-preview":"max-image-preview:large","max-video-preview":"max-video-preview:-1"},"canonical":"https:\/\/solidedge.siemens.com\/pt-br\/solutions\/products\/3d-design\/design-configurator\/","og_locale":"pt_BR","og_type":"article","og_title":"Solid Edge Design Configurator","og_description":"Solid Edge\u00ae Design Configurator delivers rule-based automation to the Solid Edge mechanical design software environment, boosting your productivity and design speed.","og_url":"https:\/\/solidedge.siemens.com\/en\/solutions\/products\/3d-design\/design-configurator\/","og_site_name":"Solid Edge","article_publisher":"https:\/\/www.facebook.com\/solidedge","article_modified_time":"2024-10-22T18:27:39+00:00","og_image":[{"url":"https:\/\/blogs.sw.siemens.com\/wp-content\/uploads\/sites\/8\/2023\/10\/Call-Sub-Assembly.png"}],"twitter_card":"summary_large_image","twitter_site":"@siemensplm","twitter_misc":{"Est. tempo de leitura":"2 minutos"},"schema":{"@context":"https:\/\/schema.org","@graph":[{"@type":"Organization","@id":"https:\/\/solidedge.siemens.com\/en\/#organization","name":"Siemens Digital Industries Software","url":"https:\/\/solidedge.siemens.com\/en\/","sameAs":["https:\/\/www.facebook.com\/solidedge","https:\/\/www.instagram.com\/siemens\/","https:\/\/www.linkedin.com\/company\/siemens-plm-software","https:\/\/www.youtube.com\/user\/PolarionSoftware","https:\/\/twitter.com\/siemensplm"],"logo":{"@type":"ImageObject","@id":"https:\/\/solidedge.siemens.com\/en\/#logo","inLanguage":"pt-BR","url":"https:\/\/solidedge.siemens.com\/wp-content\/uploads\/2018\/04\/logo-siemens-ifl@2x.png","contentUrl":"https:\/\/solidedge.siemens.com\/wp-content\/uploads\/2018\/04\/logo-siemens-ifl@2x.png","width":640,"height":270,"caption":"Siemens Digital Industries Software"},"image":{"@id":"https:\/\/solidedge.siemens.com\/en\/#logo"}},{"@type":"WebSite","@id":"https:\/\/solidedge.siemens.com\/en\/#website","url":"https:\/\/solidedge.siemens.com\/en\/","name":"Solid Edge","description":"Siemens Software","publisher":{"@id":"https:\/\/solidedge.siemens.com\/en\/#organization"},"potentialAction":[{"@type":"SearchAction","target":{"@type":"EntryPoint","urlTemplate":"https:\/\/solidedge.siemens.com\/en\/?s={search_term_string}"},"query-input":"required name=search_term_string"}],"inLanguage":"pt-BR"},{"@type":"ImageObject","@id":"https:\/\/solidedge.siemens.com\/en\/solutions\/products\/3d-design\/design-configurator\/#primaryimage","inLanguage":"pt-BR","url":"https:\/\/blogs.sw.siemens.com\/wp-content\/uploads\/sites\/8\/2023\/10\/Call-Sub-Assembly.png","contentUrl":"https:\/\/blogs.sw.siemens.com\/wp-content\/uploads\/sites\/8\/2023\/10\/Call-Sub-Assembly.png"},{"@type":"WebPage","@id":"https:\/\/solidedge.siemens.com\/en\/solutions\/products\/3d-design\/design-configurator\/#webpage","url":"https:\/\/solidedge.siemens.com\/en\/solutions\/products\/3d-design\/design-configurator\/","name":"Solid Edge Design Configurator","isPartOf":{"@id":"https:\/\/solidedge.siemens.com\/en\/#website"},"primaryImageOfPage":{"@id":"https:\/\/solidedge.siemens.com\/en\/solutions\/products\/3d-design\/design-configurator\/#primaryimage"},"datePublished":"2024-10-23T13:01:34+00:00","dateModified":"2024-10-22T18:27:39+00:00","description":"Solid Edge\u00ae Design Configurator delivers rule-based automation to the Solid Edge mechanical design software environment, boosting your productivity and design speed.","breadcrumb":{"@id":"https:\/\/solidedge.siemens.com\/en\/solutions\/products\/3d-design\/design-configurator\/#breadcrumb"},"inLanguage":"pt-BR","potentialAction":[{"@type":"ReadAction","target":["https:\/\/solidedge.siemens.com\/en\/solutions\/products\/3d-design\/design-configurator\/"]}]},{"@type":"BreadcrumbList","@id":"https:\/\/solidedge.siemens.com\/en\/solutions\/products\/3d-design\/design-configurator\/#breadcrumb","itemListElement":[{"@type":"ListItem","position":1,"name":"Home","item":"https:\/\/solidedge.siemens.com\/en\/home-11\/"},{"@type":"ListItem","position":2,"name":"Solutions","item":"https:\/\/solidedge.siemens.com\/en\/solutions\/"},{"@type":"ListItem","position":3,"name":"Products","item":"https:\/\/solidedge.siemens.com\/en\/solutions\/products\/"},{"@type":"ListItem","position":4,"name":"3D Design","item":"https:\/\/solidedge.siemens.com\/en\/solutions\/products\/3d-design\/"},{"@type":"ListItem","position":5,"name":"Design Configurator"}]}]}},"_links":{"self":[{"href":"https:\/\/solidedge.siemens.com\/pt-br\/wp-json\/wp\/v2\/pages\/49846"}],"collection":[{"href":"https:\/\/solidedge.siemens.com\/pt-br\/wp-json\/wp\/v2\/pages"}],"about":[{"href":"https:\/\/solidedge.siemens.com\/pt-br\/wp-json\/wp\/v2\/types\/page"}],"author":[{"embeddable":true,"href":"https:\/\/solidedge.siemens.com\/pt-br\/wp-json\/wp\/v2\/users\/44"}],"replies":[{"embeddable":true,"href":"https:\/\/solidedge.siemens.com\/pt-br\/wp-json\/wp\/v2\/comments?post=49846"}],"version-history":[{"count":6,"href":"https:\/\/solidedge.siemens.com\/pt-br\/wp-json\/wp\/v2\/pages\/49846\/revisions"}],"predecessor-version":[{"id":68590,"href":"https:\/\/solidedge.siemens.com\/pt-br\/wp-json\/wp\/v2\/pages\/49846\/revisions\/68590"}],"up":[{"embeddable":true,"href":"https:\/\/solidedge.siemens.com\/pt-br\/wp-json\/wp\/v2\/pages\/40"}],"wp:attachment":[{"href":"https:\/\/solidedge.siemens.com\/pt-br\/wp-json\/wp\/v2\/media?parent=49846"}],"curies":[{"name":"wp","href":"https:\/\/api.w.org\/{rel}","templated":true}]}}