{"id":2684,"date":"2018-03-30T14:43:09","date_gmt":"2018-03-30T18:43:09","guid":{"rendered":"https:\/\/solidedge.siemens.com\/3d-printing\/"},"modified":"2019-09-03T14:11:29","modified_gmt":"2019-09-03T18:11:29","slug":"3d-printing","status":"publish","type":"page","link":"https:\/\/solidedge.siemens.com\/pt-br\/solutions\/products\/3d-printing\/","title":{"rendered":"Impress\u00e3o 3D"},"content":{"rendered":"<p>[vc_row el_class=&#8221;vc-row-page-image-intro&#8221;][vc_column][vc_column_text]<\/p>\n<h1>Impress\u00e3o 3D<\/h1>\n<p>[\/vc_column_text][vc_row_inner][vc_column_inner width=&#8221;5\/12&#8243;][vc_single_image image=&#8221;1067&#8243; img_size=&#8221;medium&#8221; alignment=&#8221;center&#8221;][\/vc_column_inner][vc_column_inner width=&#8221;7\/12&#8243;][vc_column_text]<\/p>\n<p class=\"f-larger c-black\"><strong>Projeto para impress\u00e3o 3D<\/strong><\/p>\n<p>Quer voc\u00ea esteja criando um prot\u00f3tipo inicial ou o produto final, o Solid Edge suporta suas necessidades de impress\u00e3o 3D. [\/vc_column_text][vc_column_text]<\/p>\n<p style=\"text-align: right;\"><a class=\"action-button\" href=\"https:\/\/solidedge.siemens.com\/pt-br\/free-software\/overview\/\"><i class=\"icon-ext\"><\/i>Teste Gratuito do Solid Edge<\/a><\/p>\n<p>[\/vc_column_text][\/vc_column_inner][\/vc_row_inner][\/vc_column][\/vc_row][vc_row full_width=&#8221;stretch_row&#8221; equal_height=&#8221;yes&#8221; css=&#8221;.vc_custom_1525449518142{background-color: #ebf0f5 !important;}&#8221;][vc_column][vc_column_text el_class=&#8221;vc-el-lead-in&#8221;]Capacidades<\/p>\n<h2>Crie produtos de alta qualidade por meio das mais recentes t\u00e9cnicas de impress\u00e3o 3D.<\/h2>\n<p>Nossas ferramentas suportam seu fluxo de trabalho de ponta a ponta, desde o projeto para t\u00e9cnicas de impress\u00e3o 3D at\u00e9 a prepara\u00e7\u00e3o e sa\u00edda para hardware e servi\u00e7os de impress\u00e3o 3D com capacidade de impress\u00e3o em cores. [\/vc_column_text][vc_row_inner equal_height=&#8221;yes&#8221; el_class=&#8221;vc-row-image-teasers&#8221;][vc_column_inner width=&#8221;1\/3&#8243;][vc_column_text]<\/p>\n<h3>Explore novos conceitos<br \/>\ncom o projeto generativo<\/h3>\n<p>O <a href=\"https:\/\/solidedge.siemens.com\/pt-br\/solutions\/products\/3d-design\/next-generation-design\/generative-design\/\">desenho generativo<\/a> combina ferramentas de projeto poderosas com otimiza\u00e7\u00e3o da topologia, permitindo que voc\u00ea crie rapidamente formas complexas leves e altamente personalizadas, especialmente adequadas para impress\u00e3o 3D.[\/vc_column_text][\/vc_column_inner][vc_column_inner width=&#8221;1\/3&#8243;][vc_column_text]<\/p>\n<h3>Prepara\u00e7\u00e3o da geometria para t\u00e9cnicas aditivas<\/h3>\n<p>Combine perfeitamente os modelos s\u00f3lidos \u201cb-rep\u201d tradicionais com os modelos de malha triangular sem convers\u00f5es demoradas e propensas a erros, reduzindo o retrabalho e suportando os processos modernos de manufatura aditiva para formas complexas.[\/vc_column_text][\/vc_column_inner][vc_column_inner width=&#8221;1\/3&#8243;][vc_column_text]<\/p>\n<h3>Sa\u00edda direta dos modelos<br \/>\npara sua impressora 3D<\/h3>\n<p>O Solid Edge suporta a produ\u00e7\u00e3o de modelos de pe\u00e7a em impressoras 3D atrav\u00e9s do comando de impress\u00e3o 3D. Grave suas pe\u00e7as em formato .stl e .3MF ou envie suas pe\u00e7as diretamente para o aplicativo Microsoft 3D Builder. Isto permite que voc\u00ea imprima internamente com prepara\u00e7\u00e3o de impress\u00e3o automatizada, incluindo capacidade de impress\u00e3o em cores.[\/vc_column_text][\/vc_column_inner][vc_column_inner width=&#8221;1\/3&#8243;][vc_column_text]<\/p>\n<h3>Or\u00e7amentos instant\u00e2neos e pe\u00e7as<br \/>\nenviadas \u00e0 sua porta<\/h3>\n<p>Com o Solid Edge, voc\u00ea tamb\u00e9m pode enviar seus projetos diretamente para os servi\u00e7os de impress\u00e3o 3D baseados na nuvem, como <a href=\"http:\/\/solidedge.3yourmind.com\/\">3YOURMIND<\/a>, a fim de obter or\u00e7amentos, com pre\u00e7os em tempo real e compara\u00e7\u00e3o de prazos, para fabrica\u00e7\u00e3o da pe\u00e7a em diferentes materiais e envio para sua localiza\u00e7\u00e3o.[\/vc_column_text][\/vc_column_inner][\/vc_row_inner][\/vc_column][\/vc_row][vc_row full_width=&#8221;stretch_row&#8221; el_class=&#8221;vc-row-video-highlight&#8221;][vc_column][vc_column_text el_class=&#8221;vc-el-lead-in&#8221;]V\u00eddeo<\/p>\n<h2>O Solid Edge permite que voc\u00ea projete com facilidade para impress\u00e3o 3D<\/h2>\n<p class=\"see-more\" style=\"text-align: right;\"><a href=\"https:\/\/solidedge.siemens.com\/pt-br\/resources\/videos\/\">Veja Mais V\u00eddeos<\/a><\/p>\n<p>[\/vc_column_text]\n\n\n  <div id=\"wpv-view-layout-567-CATTRb5c041e59de81672a7b1d849506a3d5e\" class=\"js-wpv-view-layout js-wpv-layout-responsive js-wpv-view-layout-567-CATTRb5c041e59de81672a7b1d849506a3d5e\" data-viewnumber=\"567-CATTRb5c041e59de81672a7b1d849506a3d5e\" data-pagination=\"{&quot;id&quot;:567,&quot;query&quot;:&quot;normal&quot;,&quot;type&quot;:&quot;disabled&quot;,&quot;effect&quot;:&quot;fade&quot;,&quot;duration&quot;:500,&quot;speed&quot;:5,&quot;pause_on_hover&quot;:&quot;disabled&quot;,&quot;stop_rollover&quot;:&quot;false&quot;,&quot;cache_pages&quot;:&quot;enabled&quot;,&quot;preload_images&quot;:&quot;enabled&quot;,&quot;preload_pages&quot;:&quot;enabled&quot;,&quot;preload_reach&quot;:1,&quot;spinner&quot;:&quot;builtin&quot;,&quot;spinner_image&quot;:&quot;https:\/\/solidedge.siemens.com\/wp-content\/plugins\/wp-views\/embedded\/res\/img\/ajax-loader.gif&quot;,&quot;callback_next&quot;:&quot;&quot;,&quot;manage_history&quot;:&quot;disabled&quot;,&quot;has_controls_in_form&quot;:&quot;disabled&quot;,&quot;infinite_tolerance&quot;:&quot;0&quot;,&quot;max_pages&quot;:0,&quot;page&quot;:1,&quot;base_permalink&quot;:&quot;\/pt-br\/wp-json\/wp\/v2\/pages\/2684?wpv_view_count=567-CATTRb5c041e59de81672a7b1d849506a3d5e&amp;wpv_paged=WPV_PAGE_NUM&quot;,&quot;loop&quot;:{&quot;type&quot;:&quot;&quot;,&quot;name&quot;:&quot;&quot;,&quot;data&quot;:[],&quot;id&quot;:0}}\" data-permalink=\"\/pt-br\/wp-json\/wp\/v2\/pages\/2684?wpv_view_count=567-CATTRb5c041e59de81672a7b1d849506a3d5e\">\n\n  \n  <div class=\"wpv-resources\"><a name=\"video\" class=\"video-anchor\"><\/a>\n    <div id=\"ult-carousel-93810863869d92d9bf39f8\" class=\"ult-carousel-wrapper  vc-el-carousel-videos-embedded ult_horizontal\" data-gutter=\"0\" data-rtl=\"false\" ><div class=\"ult-carousel-155909433669d92d9bf39d3 \" >\n    \n    \n       <div><!-- slide container -->\n        <div class=\"wpv-resources-item\" data-mh=\".wpv-resources-item\">\n          <div class=\"resources-item-poster\">\n              <div id=\"wpfp_67a3f4be0170668351ed041733a15b76\" data-item=\"{&quot;sources&quot;:&#091;{&quot;src&quot;:&quot;https:\\\/\\\/media.plm.automation.siemens.com\\\/solidedge\\\/st10-design-for-3d-printing-in-solid-edge.mp4&quot;,&quot;type&quot;:&quot;video\\\/mp4&quot;}&#093;}\" class=\"flowplayer no-brand is-splash no-svg is-paused skin-slim fp-slim fp-edgy\" data-embed=\"false\" style=\"max-width: 1140px; max-height: 640px; background-image: url(https:\/\/solidedge.siemens.com\/wp-content\/uploads\/2018\/04\/vc-bg-hero-generative-design.jpg);\" data-ratio=\"0.5614\" data-advance=\"false\">\n\t<div class=\"fp-ratio\" style=\"padding-top: 56.14%\"><\/div>\n\t<div class=\"fp-ui\"><div class=\"fp-play fp-visible\"><a class=\"fp-icon fp-playbtn\"><\/a><\/div><\/div>\n\n<\/div>\n\n              \n          <\/div>\n        <\/div>\n      <\/div>\n    \n    \n    <\/div><\/div>\t\t\t<script type=\"text\/javascript\">\r\n\t\t\t\tjQuery(document).ready(function ($) {\r\n\t\t\t\t\tif( typeof jQuery('.ult-carousel-155909433669d92d9bf39d3').slick == \"function\"){\r\n\t\t\t\t\t\t$('.ult-carousel-155909433669d92d9bf39d3').slick({dots: true,autoplaySpeed: 5000,speed: 500,infinite: false,arrows: true,nextArrow: '<button type=\"button\" role=\"button\" aria-label=\"Next\" style=\"color:#ffffff; font-size:30px;background:rgba(47,56,60,0.5);\" class=\"slick-next square-bg\"><i class=\"ultsl-arrow-right6\"><\/i><\/button>',prevArrow: '<button type=\"button\" role=\"button\" aria-label=\"Previous\" style=\"color:#ffffff; font-size:30px;background:rgba(47,56,60,0.5);\" class=\"slick-prev square-bg\"><i class=\"ultsl-arrow-left6\"><\/i><\/button>',slidesToScroll:1,slidesToShow:1,swipe: true,draggable: true,touchMove: true,pauseOnHover: true,pauseOnFocus: false,responsive: [\r\n\t\t\t\t\t\t\t{\r\n\t\t\t\t\t\t\t  breakpoint: 1026,\r\n\t\t\t\t\t\t\t  settings: {\r\n\t\t\t\t\t\t\t\tslidesToShow: 1,\r\n\t\t\t\t\t\t\t\tslidesToScroll: 1,  \r\n\t\t\t\t\t\t\t  }\r\n\t\t\t\t\t\t\t},\r\n\t\t\t\t\t\t\t{\r\n\t\t\t\t\t\t\t  breakpoint: 1025,\r\n\t\t\t\t\t\t\t  settings: {\r\n\t\t\t\t\t\t\t\tslidesToShow: 1,\r\n\t\t\t\t\t\t\t\tslidesToScroll: 1\r\n\t\t\t\t\t\t\t  }\r\n\t\t\t\t\t\t\t},\r\n\t\t\t\t\t\t\t{\r\n\t\t\t\t\t\t\t  breakpoint: 760,\r\n\t\t\t\t\t\t\t  settings: {\r\n\t\t\t\t\t\t\t\tslidesToShow: 1,\r\n\t\t\t\t\t\t\t\tslidesToScroll: 1\r\n\t\t\t\t\t\t\t  }\r\n\t\t\t\t\t\t\t}\r\n\t\t\t\t\t\t],pauseOnDotsHover: true,customPaging: function(slider, i) {\r\n                   return '<i type=\"button\" style= \"color:#788891;\" class=\"ultsl-record\" data-role=\"none\"><\/i>';\r\n                },});\r\n\t\t\t\t\t}\r\n\t\t\t\t});\r\n\t\t\t<\/script>\r\n\t\t\t\n  <\/div>\n  \n  \n  <\/div>\n[\/vc_column][\/vc_row][vc_row full_width=&#8221;stretch_row&#8221; el_class=&#8221;vc-row-free-software&#8221; css=&#8221;.vc_custom_1523912493378{background-color: #006486 !important;}&#8221;][vc_column][vc_column_text el_class=&#8221;vc-el-lead-in&#8221;]Software GRATUITO<\/p>\n<h2>Software de Projeto 3D Gratuito<\/h2>\n<p>[\/vc_column_text][vc_row_inner equal_height=&#8221;yes&#8221;][vc_column_inner width=&#8221;1\/2&#8243; offset=&#8221;vc_col-md-5&#8243;]<div class=\"wpb_content_block wpb_content_element\"><div class=\"wpb_wrapper\"><div class=\"content_block\" id=\"custom_post_widget-1068\"><p>[vc_row][vc_column][vc_column_text]<\/p>\n<h3>Download Gratuito do Solid Edge para Estudantes<\/h3>\n<p>Projetar para impress\u00e3o 3D e desenvolver as habilidades necess\u00e1rias com o software Solid Edge &#8211; Edi\u00e7\u00e3o para Estudantes \u2014 uma vers\u00e3o gratuita do mesmo conjunto de software f\u00e1cil de usar utilizado por profissionais.[\/vc_column_text][vc_column_text]<a class=\"action-button\" href=\"https:\/\/www.plm.automation.siemens.com\/plmapp\/education\/solid-edge\/pt_br\/free-software\/student\"><i class=\"icon-ext\"><\/i>Fa\u00e7a o download Agora<\/a>[\/vc_column_text][\/vc_column][\/vc_row]<\/p>\n<\/div><\/div><\/div>[\/vc_column_inner][vc_column_inner width=&#8221;1\/2&#8243; offset=&#8221;vc_col-md-offset-2 vc_col-md-5&#8243;]<div class=\"wpb_content_block wpb_content_element\"><div class=\"wpb_wrapper\"><div class=\"content_block\" id=\"custom_post_widget-419\"><p>[vc_row][vc_column][vc_column_text]<\/p>\n<h3>Software Gratuito para sua Startup<\/h3>\n<p>Se voc\u00ea possui uma startup no est\u00e1gio inicial, em atividade h\u00e1 menos de tr\u00eas anos, voc\u00ea pode se inscrever agora para obter o Solid Edge gratuitamente. Sem taxas de inscri\u00e7\u00e3o![\/vc_column_text][vc_column_text]<a class=\"action-button\" href=\"https:\/\/www.plm.automation.siemens.com\/country\/engage\/topic\/solid-edge-start-up-brasil\/28153\"><i class=\"icon-ext\"><\/i>Solicite Agora<\/a>[\/vc_column_text][\/vc_column][\/vc_row]<\/p>\n<\/div><\/div><\/div>[\/vc_column_inner][\/vc_row_inner][\/vc_column][\/vc_row][vc_row full_width=&#8221;stretch_row&#8221; el_class=&#8221;vc-row-related-content&#8221; css=&#8221;.vc_custom_1524184785822{background-color: #347eb5 !important;}&#8221;][vc_column][vc_column_text]<\/p>\n<h2>Conte\u00fado relacionado<\/h2>\n<p>[\/vc_column_text]<div id=\"ult-carousel-23113143269d92d9c04e5d\" class=\"ult-carousel-wrapper  vc-el-carousel-related-content ult_horizontal\" data-gutter=\"0\" data-rtl=\"false\" ><div class=\"ult-carousel-4254128469d92d9c04e3f \" >[vc_column_text]<a href=\"https:\/\/www.plm.automation.siemens.com\/store\/en-us\/solid-edge\/\">Adquira o Solid Edge na nossa loja online <\/a>[\/vc_column_text][vc_column_text]<a href=\"https:\/\/www.plm.automation.siemens.com\/global\/pt-br\/topic\/3d-printing\/32541\">eBook<br \/>\nImpress\u00e3o 3D: Dicas r\u00e1pidas para passar do projeto CAD ao objeto impresso<\/a>[\/vc_column_text][vc_column_text]<a href=\"https:\/\/community.plm.automation.siemens.com\/t5\/Solid-Edge-Blog\/ADIRA-Pushes-Limits-of-Additive-Manufacturing\/ba-p\/454045\">ADIRA Estende os Limites da Manufatura Aditiva<\/a>[\/vc_column_text][vc_column_text]<a href=\"https:\/\/community.plm.automation.siemens.com\/t5\/Solid-Edge-Blog\/New-additive-manufacturing-capabilities-from-3YOURMIND\/ba-p\/484950\">Novos recursos de manufatura aditiva da 3YOURMIND<br \/>\n<\/a>[\/vc_column_text][vc_column_text]<a href=\"https:\/\/solidedge.siemens.com\/pt-br\/resource\/infographic\/introduction-to-additive-manufacturing\/\">Infogr\u00e1fico:<br \/>\nManufatura aditiva em n\u00fameros<\/a>[\/vc_column_text][vc_column_text]<a href=\"https:\/\/solidedge.siemens.com\/pt-br\/solutions\/products\/complete-product-development-portfolio\/whats-new-in-solid-edge-2019\/\">O que h\u00e1 de novo no Solid Edge 2019<br \/>\n<\/a>[\/vc_column_text]<\/div><\/div>\t\t\t<script type=\"text\/javascript\">\r\n\t\t\t\tjQuery(document).ready(function ($) {\r\n\t\t\t\t\tif( typeof jQuery('.ult-carousel-4254128469d92d9c04e3f').slick == \"function\"){\r\n\t\t\t\t\t\t$('.ult-carousel-4254128469d92d9c04e3f').slick({dots: true,autoplaySpeed: 5000,speed: 500,infinite: false,arrows: true,nextArrow: '<button type=\"button\" role=\"button\" aria-label=\"Next\" style=\"color:#ffffff; font-size:30px;background:rgba(255,255,255,0.2);\" class=\"slick-next square-bg\"><i class=\"ultsl-arrow-right6\"><\/i><\/button>',prevArrow: '<button type=\"button\" role=\"button\" aria-label=\"Previous\" style=\"color:#ffffff; font-size:30px;background:rgba(255,255,255,0.2);\" class=\"slick-prev square-bg\"><i class=\"ultsl-arrow-left6\"><\/i><\/button>',slidesToScroll:4,slidesToShow:4,swipe: true,draggable: true,touchMove: true,pauseOnHover: true,pauseOnFocus: false,responsive: [\r\n\t\t\t\t\t\t\t{\r\n\t\t\t\t\t\t\t  breakpoint: 1026,\r\n\t\t\t\t\t\t\t  settings: {\r\n\t\t\t\t\t\t\t\tslidesToShow: 4,\r\n\t\t\t\t\t\t\t\tslidesToScroll: 4,  \r\n\t\t\t\t\t\t\t  }\r\n\t\t\t\t\t\t\t},\r\n\t\t\t\t\t\t\t{\r\n\t\t\t\t\t\t\t  breakpoint: 1025,\r\n\t\t\t\t\t\t\t  settings: {\r\n\t\t\t\t\t\t\t\tslidesToShow: 2,\r\n\t\t\t\t\t\t\t\tslidesToScroll: 2\r\n\t\t\t\t\t\t\t  }\r\n\t\t\t\t\t\t\t},\r\n\t\t\t\t\t\t\t{\r\n\t\t\t\t\t\t\t  breakpoint: 760,\r\n\t\t\t\t\t\t\t  settings: {\r\n\t\t\t\t\t\t\t\tslidesToShow: 1,\r\n\t\t\t\t\t\t\t\tslidesToScroll: 1\r\n\t\t\t\t\t\t\t  }\r\n\t\t\t\t\t\t\t}\r\n\t\t\t\t\t\t],pauseOnDotsHover: true,customPaging: function(slider, i) {\r\n                   return '<i type=\"button\" style= \"color:#ffffff;\" class=\"ultsl-record\" data-role=\"none\"><\/i>';\r\n                },});\r\n\t\t\t\t\t}\r\n\t\t\t\t});\r\n\t\t\t<\/script>\r\n\t\t\t[\/vc_column][\/vc_row][vc_row full_width=&#8221;stretch_row&#8221; el_class=&#8221;footer-contact&#8221; css=&#8221;.vc_custom_1550170708528{background-color: #dedee3 !important;}&#8221;][vc_column]<div class=\"wpb_content_block wpb_content_element\"><div class=\"wpb_wrapper\"><\/div><\/div>[\/vc_column][\/vc_row]<\/p>\n","protected":false},"excerpt":{"rendered":"<p> Impress\u00e3o 3D [\/vc_column_text][\/vc_column_inner] Projeto para impress\u00e3o 3D Quer voc\u00ea esteja criando um prot\u00f3tipo inicial ou o produto final, o Solid Edge suporta suas necessidades de impress\u00e3o 3D. [\/vc_column_text] Teste Gratuito do Solid Edge [\/vc_column_text][\/vc_column_inner][\/vc_row_inner][\/vc_column][\/vc_row]Capacidades Crie produtos de alta qualidade por meio das [&hellip;]<\/p>\n","protected":false},"author":5,"featured_media":0,"parent":2767,"menu_order":8,"comment_status":"closed","ping_status":"closed","template":"","meta":{"inline_featured_image":false},"yoast_head":"<!-- This site is optimized with the Yoast SEO plugin v18.4.1 - https:\/\/yoast.com\/wordpress\/plugins\/seo\/ -->\n<title>Impress\u00e3o 3D | Manufatura Aditiva | Solid Edge<\/title>\n<meta name=\"description\" content=\"O Solid Edge fornece tudo o que voc\u00ea precisa para a impress\u00e3o 3D, esteja voc\u00ea usando sua pr\u00f3pria impressora 3D ou necessite aproveitar um servi\u00e7o de manufatura aditiva.\" \/>\n<meta name=\"robots\" content=\"index, follow, max-snippet:-1, max-image-preview:large, max-video-preview:-1\" \/>\n<link rel=\"canonical\" href=\"https:\/\/solidedge.siemens.com\/pt-br\/solutions\/products\/3d-printing\/\" \/>\n<meta property=\"og:locale\" content=\"pt_BR\" \/>\n<meta property=\"og:type\" content=\"article\" \/>\n<meta property=\"og:title\" content=\"Impress\u00e3o 3D | Manufatura Aditiva | Solid Edge\" \/>\n<meta property=\"og:description\" content=\"O Solid Edge fornece tudo o que voc\u00ea precisa para a impress\u00e3o 3D, esteja voc\u00ea usando sua pr\u00f3pria impressora 3D ou necessite aproveitar um servi\u00e7o de manufatura aditiva.\" \/>\n<meta property=\"og:url\" content=\"https:\/\/solidedge.siemens.com\/pt-br\/solutions\/products\/3d-printing\/\" \/>\n<meta property=\"og:site_name\" content=\"Solid Edge\" \/>\n<meta property=\"article:publisher\" content=\"https:\/\/www.facebook.com\/solidedge\" \/>\n<meta property=\"article:modified_time\" content=\"2019-09-03T18:11:29+00:00\" \/>\n<meta name=\"twitter:card\" content=\"summary_large_image\" \/>\n<meta name=\"twitter:site\" content=\"@siemensplm\" \/>\n<meta name=\"twitter:label1\" content=\"Est. tempo de leitura\" \/>\n\t<meta name=\"twitter:data1\" content=\"4 minutos\" \/>\n<script type=\"application\/ld+json\" class=\"yoast-schema-graph\">{\"@context\":\"https:\/\/schema.org\",\"@graph\":[{\"@type\":\"Organization\",\"@id\":\"https:\/\/solidedge.siemens.com\/en\/#organization\",\"name\":\"Siemens Digital Industries Software\",\"url\":\"https:\/\/solidedge.siemens.com\/en\/\",\"sameAs\":[\"https:\/\/www.facebook.com\/solidedge\",\"https:\/\/www.instagram.com\/siemens\/\",\"https:\/\/www.linkedin.com\/company\/siemens-plm-software\",\"https:\/\/www.youtube.com\/user\/PolarionSoftware\",\"https:\/\/twitter.com\/siemensplm\"],\"logo\":{\"@type\":\"ImageObject\",\"@id\":\"https:\/\/solidedge.siemens.com\/en\/#logo\",\"inLanguage\":\"pt-BR\",\"url\":\"https:\/\/solidedge.siemens.com\/wp-content\/uploads\/2018\/04\/logo-siemens-ifl@2x.png\",\"contentUrl\":\"https:\/\/solidedge.siemens.com\/wp-content\/uploads\/2018\/04\/logo-siemens-ifl@2x.png\",\"width\":640,\"height\":270,\"caption\":\"Siemens Digital Industries Software\"},\"image\":{\"@id\":\"https:\/\/solidedge.siemens.com\/en\/#logo\"}},{\"@type\":\"WebSite\",\"@id\":\"https:\/\/solidedge.siemens.com\/en\/#website\",\"url\":\"https:\/\/solidedge.siemens.com\/en\/\",\"name\":\"Solid Edge\",\"description\":\"Siemens Software\",\"publisher\":{\"@id\":\"https:\/\/solidedge.siemens.com\/en\/#organization\"},\"potentialAction\":[{\"@type\":\"SearchAction\",\"target\":{\"@type\":\"EntryPoint\",\"urlTemplate\":\"https:\/\/solidedge.siemens.com\/en\/?s={search_term_string}\"},\"query-input\":\"required name=search_term_string\"}],\"inLanguage\":\"pt-BR\"},{\"@type\":\"WebPage\",\"@id\":\"https:\/\/solidedge.siemens.com\/pt-br\/solutions\/products\/3d-printing\/#webpage\",\"url\":\"https:\/\/solidedge.siemens.com\/pt-br\/solutions\/products\/3d-printing\/\",\"name\":\"Impress\u00e3o 3D | Manufatura Aditiva | Solid Edge\",\"isPartOf\":{\"@id\":\"https:\/\/solidedge.siemens.com\/en\/#website\"},\"datePublished\":\"2018-03-30T18:43:09+00:00\",\"dateModified\":\"2019-09-03T18:11:29+00:00\",\"description\":\"O Solid Edge fornece tudo o que voc\u00ea precisa para a impress\u00e3o 3D, esteja voc\u00ea usando sua pr\u00f3pria impressora 3D ou necessite aproveitar um servi\u00e7o de manufatura aditiva.\",\"breadcrumb\":{\"@id\":\"https:\/\/solidedge.siemens.com\/pt-br\/solutions\/products\/3d-printing\/#breadcrumb\"},\"inLanguage\":\"pt-BR\",\"potentialAction\":[{\"@type\":\"ReadAction\",\"target\":[\"https:\/\/solidedge.siemens.com\/pt-br\/solutions\/products\/3d-printing\/\"]}]},{\"@type\":\"BreadcrumbList\",\"@id\":\"https:\/\/solidedge.siemens.com\/pt-br\/solutions\/products\/3d-printing\/#breadcrumb\",\"itemListElement\":[{\"@type\":\"ListItem\",\"position\":1,\"name\":\"Home\",\"item\":\"https:\/\/solidedge.siemens.com\/en\/home-11\/\"},{\"@type\":\"ListItem\",\"position\":2,\"name\":\"Solu\u00e7\u00f5es\",\"item\":\"https:\/\/solidedge.siemens.com\/pt-br\/solutions\/\"},{\"@type\":\"ListItem\",\"position\":3,\"name\":\"Produtos\",\"item\":\"https:\/\/solidedge.siemens.com\/pt-br\/solutions\/products\/\"},{\"@type\":\"ListItem\",\"position\":4,\"name\":\"Impress\u00e3o 3D\"}]}]}<\/script>\n<!-- \/ Yoast SEO plugin. -->","yoast_head_json":{"title":"Impress\u00e3o 3D | Manufatura Aditiva | Solid Edge","description":"O Solid Edge fornece tudo o que voc\u00ea precisa para a impress\u00e3o 3D, esteja voc\u00ea usando sua pr\u00f3pria impressora 3D ou necessite aproveitar um servi\u00e7o de manufatura aditiva.","robots":{"index":"index","follow":"follow","max-snippet":"max-snippet:-1","max-image-preview":"max-image-preview:large","max-video-preview":"max-video-preview:-1"},"canonical":"https:\/\/solidedge.siemens.com\/pt-br\/solutions\/products\/3d-printing\/","og_locale":"pt_BR","og_type":"article","og_title":"Impress\u00e3o 3D | Manufatura Aditiva | Solid Edge","og_description":"O Solid Edge fornece tudo o que voc\u00ea precisa para a impress\u00e3o 3D, esteja voc\u00ea usando sua pr\u00f3pria impressora 3D ou necessite aproveitar um servi\u00e7o de manufatura aditiva.","og_url":"https:\/\/solidedge.siemens.com\/pt-br\/solutions\/products\/3d-printing\/","og_site_name":"Solid Edge","article_publisher":"https:\/\/www.facebook.com\/solidedge","article_modified_time":"2019-09-03T18:11:29+00:00","twitter_card":"summary_large_image","twitter_site":"@siemensplm","twitter_misc":{"Est. tempo de leitura":"4 minutos"},"schema":{"@context":"https:\/\/schema.org","@graph":[{"@type":"Organization","@id":"https:\/\/solidedge.siemens.com\/en\/#organization","name":"Siemens Digital Industries Software","url":"https:\/\/solidedge.siemens.com\/en\/","sameAs":["https:\/\/www.facebook.com\/solidedge","https:\/\/www.instagram.com\/siemens\/","https:\/\/www.linkedin.com\/company\/siemens-plm-software","https:\/\/www.youtube.com\/user\/PolarionSoftware","https:\/\/twitter.com\/siemensplm"],"logo":{"@type":"ImageObject","@id":"https:\/\/solidedge.siemens.com\/en\/#logo","inLanguage":"pt-BR","url":"https:\/\/solidedge.siemens.com\/wp-content\/uploads\/2018\/04\/logo-siemens-ifl@2x.png","contentUrl":"https:\/\/solidedge.siemens.com\/wp-content\/uploads\/2018\/04\/logo-siemens-ifl@2x.png","width":640,"height":270,"caption":"Siemens Digital Industries Software"},"image":{"@id":"https:\/\/solidedge.siemens.com\/en\/#logo"}},{"@type":"WebSite","@id":"https:\/\/solidedge.siemens.com\/en\/#website","url":"https:\/\/solidedge.siemens.com\/en\/","name":"Solid Edge","description":"Siemens Software","publisher":{"@id":"https:\/\/solidedge.siemens.com\/en\/#organization"},"potentialAction":[{"@type":"SearchAction","target":{"@type":"EntryPoint","urlTemplate":"https:\/\/solidedge.siemens.com\/en\/?s={search_term_string}"},"query-input":"required name=search_term_string"}],"inLanguage":"pt-BR"},{"@type":"WebPage","@id":"https:\/\/solidedge.siemens.com\/pt-br\/solutions\/products\/3d-printing\/#webpage","url":"https:\/\/solidedge.siemens.com\/pt-br\/solutions\/products\/3d-printing\/","name":"Impress\u00e3o 3D | Manufatura Aditiva | Solid Edge","isPartOf":{"@id":"https:\/\/solidedge.siemens.com\/en\/#website"},"datePublished":"2018-03-30T18:43:09+00:00","dateModified":"2019-09-03T18:11:29+00:00","description":"O Solid Edge fornece tudo o que voc\u00ea precisa para a impress\u00e3o 3D, esteja voc\u00ea usando sua pr\u00f3pria impressora 3D ou necessite aproveitar um servi\u00e7o de manufatura aditiva.","breadcrumb":{"@id":"https:\/\/solidedge.siemens.com\/pt-br\/solutions\/products\/3d-printing\/#breadcrumb"},"inLanguage":"pt-BR","potentialAction":[{"@type":"ReadAction","target":["https:\/\/solidedge.siemens.com\/pt-br\/solutions\/products\/3d-printing\/"]}]},{"@type":"BreadcrumbList","@id":"https:\/\/solidedge.siemens.com\/pt-br\/solutions\/products\/3d-printing\/#breadcrumb","itemListElement":[{"@type":"ListItem","position":1,"name":"Home","item":"https:\/\/solidedge.siemens.com\/en\/home-11\/"},{"@type":"ListItem","position":2,"name":"Solu\u00e7\u00f5es","item":"https:\/\/solidedge.siemens.com\/pt-br\/solutions\/"},{"@type":"ListItem","position":3,"name":"Produtos","item":"https:\/\/solidedge.siemens.com\/pt-br\/solutions\/products\/"},{"@type":"ListItem","position":4,"name":"Impress\u00e3o 3D"}]}]}},"_links":{"self":[{"href":"https:\/\/solidedge.siemens.com\/pt-br\/wp-json\/wp\/v2\/pages\/2684"}],"collection":[{"href":"https:\/\/solidedge.siemens.com\/pt-br\/wp-json\/wp\/v2\/pages"}],"about":[{"href":"https:\/\/solidedge.siemens.com\/pt-br\/wp-json\/wp\/v2\/types\/page"}],"author":[{"embeddable":true,"href":"https:\/\/solidedge.siemens.com\/pt-br\/wp-json\/wp\/v2\/users\/5"}],"replies":[{"embeddable":true,"href":"https:\/\/solidedge.siemens.com\/pt-br\/wp-json\/wp\/v2\/comments?post=2684"}],"version-history":[{"count":0,"href":"https:\/\/solidedge.siemens.com\/pt-br\/wp-json\/wp\/v2\/pages\/2684\/revisions"}],"up":[{"embeddable":true,"href":"https:\/\/solidedge.siemens.com\/pt-br\/wp-json\/wp\/v2\/pages\/2767"}],"wp:attachment":[{"href":"https:\/\/solidedge.siemens.com\/pt-br\/wp-json\/wp\/v2\/media?parent=2684"}],"curies":[{"name":"wp","href":"https:\/\/api.w.org\/{rel}","templated":true}]}}