{"id":2666,"date":"2018-03-30T14:43:50","date_gmt":"2018-03-30T18:43:50","guid":{"rendered":"https:\/\/solidedge.siemens.com\/technical-publications\/"},"modified":"2022-06-24T11:26:08","modified_gmt":"2022-06-24T15:26:08","slug":"technical-publications","status":"publish","type":"page","link":"https:\/\/solidedge.siemens.com\/pt-br\/solutions\/products\/technical-publications\/","title":{"rendered":"Publica\u00e7\u00f5es T\u00e9cnicas"},"content":{"rendered":"<p>[vc_row el_class=&#8221;vc-row-page-image-intro&#8221;][vc_column][vc_column_text]<\/p>\n<h1>Publica\u00e7\u00f5es T\u00e9cnicas<\/h1>\n<p>[\/vc_column_text][vc_row_inner][vc_column_inner width=&#8221;5\/12&#8243;][vc_single_image image=&#8221;984&#8243; img_size=&#8221;medium&#8221; alignment=&#8221;center&#8221;][\/vc_column_inner][vc_column_inner width=&#8221;7\/12&#8243;][vc_column_text]<strong>Crie facilmente ilustra\u00e7\u00f5es atraentes e documentos t\u00e9cnicos interativos<\/strong><\/p>\n<p>A habilidade de comunicar corretamente os procedimentos de manufatura, instala\u00e7\u00e3o e manuten\u00e7\u00e3o de seus projetos \u00e9 essencial para o desempenho de seus produtos e o sucesso de seus neg\u00f3cios. Ao utilizar as solu\u00e7\u00f5es de publica\u00e7\u00f5es t\u00e9cnica do Solid Edge, seus projetistas podem criar rapidamente diversos tipos de documentos t\u00e9cnicos\u2014desde ilustra\u00e7\u00f5es simples para manuais de usu\u00e1rio final at\u00e9 documentos t\u00e9cnicos interativos para manufatura e servi\u00e7o. Voc\u00ea pode reduzir a necessidade de autores t\u00e9cnicos especializados ou servi\u00e7os externos e produzir internamente documentos com o m\u00e1ximo de qualidade.[\/vc_column_text][vc_column_text]<\/p>\n<p style=\"text-align: right;\"><a class=\"action-button\" href=\"https:\/\/trials.sw.siemens.com\/en-US\/trials\/solid-edge-3d-publishing\" target=\"_blank\" rel=\"noopener\"><i class=\"icon-ext\"><\/i>Try Solid Edge 3D Publishing for free<\/a><\/p>\n<p>[\/vc_column_text][\/vc_column_inner][\/vc_row_inner][\/vc_column][\/vc_row][vc_row full_width=&#8221;stretch_row&#8221; el_class=&#8221;vc-row-checklist&#8221; css=&#8221;.vc_custom_1525013592547{background-color: #ebf0f5 !important;}&#8221;][vc_column][vc_column_text el_class=&#8221;vc-el-lead-in&#8221;]Capacidades<\/p>\n<h2>Trabalhe diretamente com suas pe\u00e7as e montagens do Solid Edge<\/h2>\n<p>As solu\u00e7\u00f5es de publica\u00e7\u00f5es t\u00e9cnicas do Solid Edge est\u00e3o fortemente integradas ao Solid Edge, permitindo que voc\u00ea trabalhe diretamente com suas pe\u00e7as e montagens do Solid Edge, eliminando a necessidade de converter seus arquivos CAD para um formato diferente. E as altera\u00e7\u00f5es ao design original s\u00e3o facilmente incorporadas aos documentos existentes, acelerando o processo de altera\u00e7\u00e3o de engenharia e garantindo que os documentos publicados reflitam o design atual.[\/vc_column_text][vc_column_text]<a href=\"https:\/\/media.plm.automation.siemens.com\/solidedge\/data-brief\/Siemens-SW-Solid-Edge-technical-publications-FS-2019-07-10.pdf\" target=\"_blank\" rel=\"noopener noreferrer\"><i class=\"icon-ext\"><\/i> Fa\u00e7a o download da folha de dados do Solid Edge Technical Publications<\/a>[\/vc_column_text][\/vc_column][\/vc_row][vc_row full_width=&#8221;stretch_row&#8221; equal_height=&#8221;yes&#8221; content_placement=&#8221;middle&#8221; el_class=&#8221;vc-row-alternating-image-rows image-left&#8221;][vc_column width=&#8221;1\/3&#8243;][vc_single_image image=&#8221;983&#8243; img_size=&#8221;full&#8221; alignment=&#8221;center&#8221;][\/vc_column][vc_column width=&#8221;2\/3&#8243;][vc_column_text el_class=&#8221;vc-el-lead-in&#8221;]<\/p>\n<h2>Criar rapidamente ilustra\u00e7\u00f5es detalhadas<br \/>\nde seus projetos<\/h2>\n<p>O Solid Edge Illustrations permite que voc\u00ea crie documentos 3D PDF de alta qualidade e ilustra\u00e7\u00f5es prontas para a nuvem, usando seus arquivos do Solid Edge e outros formatos de 3D CAD. Use o Solid Edge para capturar visualiza\u00e7\u00f5es em 3D e, depois, adicione recursos, como marca\u00e7\u00f5es e bal\u00f5es, antes de publicar. O Solid Edge Illustrations oferece um pacote completo de cria\u00e7\u00e3o de imagens, anima\u00e7\u00e3o e 3D PDF baseado em modelos, permitindo criar facilmente comunica\u00e7\u00f5es de alta qualidade a partir de seus modelos 3D.[\/vc_column_text][\/vc_column][\/vc_row][vc_row full_width=&#8221;stretch_row&#8221; equal_height=&#8221;yes&#8221; content_placement=&#8221;middle&#8221; css=&#8221;.vc_custom_1524576576786{background-color: #ecf0f5 !important;}&#8221; el_class=&#8221;vc-row-alternating-image-rows image-right&#8221;][vc_column width=&#8221;2\/3&#8243;][vc_column_text el_class=&#8221;vc-el-lead-in&#8221;]<\/p>\n<h2>Publicar documentos t\u00e9cnicos interativos<\/h2>\n<p>O Solid Edge 3D Publishing \u00e9 um software de cria\u00e7\u00e3o de documentos f\u00e1cil de usar que permite que voc\u00ea incorpore modelos Solid Edge e outros 3D CAD diretamente em seus documentos. O Solid Edge 3D Publishing inclui um poderoso conjunto de ferramentas para trabalhar com modelos 3D CAD, listas de pe\u00e7as e texto formatado, permitindo, a qualquer um, criar documentos completos, impressos ou t\u00e9cnicos interativos em minutos. Perfeito para criar instru\u00e7\u00f5es de trabalho e treinamento, cat\u00e1logos ilustrados de pe\u00e7as, documenta\u00e7\u00e3o de servi\u00e7o e suporte e manuais do produto.[\/vc_column_text][\/vc_column][vc_column width=&#8221;1\/3&#8243;][vc_single_image image=&#8221;982&#8243; img_size=&#8221;full&#8221; alignment=&#8221;center&#8221;][\/vc_column][\/vc_row][vc_row][vc_column][vc_column_text]<\/p>\n<h2>Tradu\u00e7\u00e3o de idioma do XLIFF<\/h2>\n<p>Alcance um mercado global maior usando a convers\u00e3o de idioma do XLIFF (formato de arquivo Interchange) do XML para facilmente traduzir e localizar documentos digitais. Dispon\u00edvel como um complemento, o m\u00f3dulo de convers\u00e3o de idioma do Solid Edge XLIFF fornece a importa\u00e7\u00e3o\/exporta\u00e7\u00e3o funcionalmente para a convers\u00e3o de idioma para as ilustra\u00e7\u00f5es do Solid Edge 3D Publishing e Solid Edge.[\/vc_column_text][\/vc_column][\/vc_row][vc_row full_width=&#8221;stretch_row&#8221; el_class=&#8221;vc-row-video-highlight&#8221;][vc_column][vc_column_text el_class=&#8221;vc-el-lead-in&#8221;]V\u00eddeo<\/p>\n<h2>Solu\u00e7\u00f5es de publica\u00e7\u00f5es t\u00e9cnicas do Solid Edge<\/h2>\n<p>Crie ilustra\u00e7\u00f5es atraentes e documentos t\u00e9cnicos interativos com o Solid Edge Crie documentos t\u00e9cnicos com base em seus projetos, incluindo pacotes de instru\u00e7\u00f5es de trabalho de manufatura, manuais de manuten\u00e7\u00e3o e cat\u00e1logos de pe\u00e7as de reposi\u00e7\u00e3o.<\/p>\n<p class=\"see-more\" style=\"text-align: right;\"><a href=\"https:\/\/solidedge.siemens.com\/pt-br\/resources\/videos\/\">Veja Mais V\u00eddeos<\/a><\/p>\n<p>[\/vc_column_text]\n\n\n  <div id=\"wpv-view-layout-567-CATTR61a3a5c70277d119d254aa33a15dda14\" class=\"js-wpv-view-layout js-wpv-layout-responsive js-wpv-view-layout-567-CATTR61a3a5c70277d119d254aa33a15dda14\" data-viewnumber=\"567-CATTR61a3a5c70277d119d254aa33a15dda14\" data-pagination=\"{&quot;id&quot;:567,&quot;query&quot;:&quot;normal&quot;,&quot;type&quot;:&quot;disabled&quot;,&quot;effect&quot;:&quot;fade&quot;,&quot;duration&quot;:500,&quot;speed&quot;:5,&quot;pause_on_hover&quot;:&quot;disabled&quot;,&quot;stop_rollover&quot;:&quot;false&quot;,&quot;cache_pages&quot;:&quot;enabled&quot;,&quot;preload_images&quot;:&quot;enabled&quot;,&quot;preload_pages&quot;:&quot;enabled&quot;,&quot;preload_reach&quot;:1,&quot;spinner&quot;:&quot;builtin&quot;,&quot;spinner_image&quot;:&quot;https:\/\/solidedge.siemens.com\/wp-content\/plugins\/wp-views\/embedded\/res\/img\/ajax-loader.gif&quot;,&quot;callback_next&quot;:&quot;&quot;,&quot;manage_history&quot;:&quot;disabled&quot;,&quot;has_controls_in_form&quot;:&quot;disabled&quot;,&quot;infinite_tolerance&quot;:&quot;0&quot;,&quot;max_pages&quot;:0,&quot;page&quot;:1,&quot;base_permalink&quot;:&quot;\/pt-br\/wp-json\/wp\/v2\/pages\/2666?wpv_view_count=567-CATTR61a3a5c70277d119d254aa33a15dda14&amp;wpv_paged=WPV_PAGE_NUM&quot;,&quot;loop&quot;:{&quot;type&quot;:&quot;&quot;,&quot;name&quot;:&quot;&quot;,&quot;data&quot;:[],&quot;id&quot;:0}}\" data-permalink=\"\/pt-br\/wp-json\/wp\/v2\/pages\/2666?wpv_view_count=567-CATTR61a3a5c70277d119d254aa33a15dda14\">\n\n  \n  <div class=\"wpv-resources\"><a name=\"video\" class=\"video-anchor\"><\/a>\n    <div id=\"ult-carousel-38907057969f53f4985db5\" class=\"ult-carousel-wrapper  vc-el-carousel-videos-embedded ult_horizontal\" data-gutter=\"0\" data-rtl=\"false\" ><div class=\"ult-carousel-20826890069f53f4985d8e \" >\n    \n    \n       <div><!-- slide container -->\n        <div class=\"wpv-resources-item\" data-mh=\".wpv-resources-item\">\n          <div class=\"resources-item-poster\">\n              \n              \n          <\/div>\n        <\/div>\n      <\/div>\n    \n    \n    <\/div><\/div>\t\t\t<script type=\"text\/javascript\">\r\n\t\t\t\tjQuery(document).ready(function ($) {\r\n\t\t\t\t\tif( typeof jQuery('.ult-carousel-20826890069f53f4985d8e').slick == \"function\"){\r\n\t\t\t\t\t\t$('.ult-carousel-20826890069f53f4985d8e').slick({dots: true,autoplaySpeed: 5000,speed: 500,infinite: false,arrows: true,nextArrow: '<button type=\"button\" role=\"button\" aria-label=\"Next\" style=\"color:#ffffff; font-size:30px;background:rgba(47,56,60,0.5);\" class=\"slick-next square-bg\"><i class=\"ultsl-arrow-right6\"><\/i><\/button>',prevArrow: '<button type=\"button\" role=\"button\" aria-label=\"Previous\" style=\"color:#ffffff; font-size:30px;background:rgba(47,56,60,0.5);\" class=\"slick-prev square-bg\"><i class=\"ultsl-arrow-left6\"><\/i><\/button>',slidesToScroll:1,slidesToShow:1,swipe: true,draggable: true,touchMove: true,pauseOnHover: true,pauseOnFocus: false,responsive: [\r\n\t\t\t\t\t\t\t{\r\n\t\t\t\t\t\t\t  breakpoint: 1026,\r\n\t\t\t\t\t\t\t  settings: {\r\n\t\t\t\t\t\t\t\tslidesToShow: 1,\r\n\t\t\t\t\t\t\t\tslidesToScroll: 1,  \r\n\t\t\t\t\t\t\t  }\r\n\t\t\t\t\t\t\t},\r\n\t\t\t\t\t\t\t{\r\n\t\t\t\t\t\t\t  breakpoint: 1025,\r\n\t\t\t\t\t\t\t  settings: {\r\n\t\t\t\t\t\t\t\tslidesToShow: 1,\r\n\t\t\t\t\t\t\t\tslidesToScroll: 1\r\n\t\t\t\t\t\t\t  }\r\n\t\t\t\t\t\t\t},\r\n\t\t\t\t\t\t\t{\r\n\t\t\t\t\t\t\t  breakpoint: 760,\r\n\t\t\t\t\t\t\t  settings: {\r\n\t\t\t\t\t\t\t\tslidesToShow: 1,\r\n\t\t\t\t\t\t\t\tslidesToScroll: 1\r\n\t\t\t\t\t\t\t  }\r\n\t\t\t\t\t\t\t}\r\n\t\t\t\t\t\t],pauseOnDotsHover: true,customPaging: function(slider, i) {\r\n                   return '<i type=\"button\" style= \"color:#788891;\" class=\"ultsl-record\" data-role=\"none\"><\/i>';\r\n                },});\r\n\t\t\t\t\t}\r\n\t\t\t\t});\r\n\t\t\t<\/script>\r\n\t\t\t\n  <\/div>\n  \n  \n  <\/div>\n[vc_column_text el_class=&#8221;video-caption&#8221;]As solu\u00e7\u00f5es do Solid Edge para publica\u00e7\u00f5es t\u00e9cnicas extraem automaticamente os recursos das informa\u00e7\u00f5es CAD, para que voc\u00ea n\u00e3o precise recriar manualmente estes dados, incluindo suporte para a estrutura hier\u00e1rquica de montagem e submontagem, metadados, vistas explodidas, configura\u00e7\u00f5es de montagem e muito mais. Com a integra\u00e7\u00e3o do projeto \u00e0 publica\u00e7\u00e3o, os usu\u00e1rios podem iniciar os aplicativos de publica\u00e7\u00e3o t\u00e9cnica diretamente no Solid Edge.[\/vc_column_text][\/vc_column][\/vc_row][vc_row full_width=&#8221;stretch_row&#8221; el_class=&#8221;vc-row-related-content&#8221; css=&#8221;.vc_custom_1524184785822{background-color: #347eb5 !important;}&#8221;][vc_column][vc_column_text]<\/p>\n<h2>Conte\u00fado relacionado<\/h2>\n<p>[\/vc_column_text]<div id=\"ult-carousel-74884829669f53f49865e9\" class=\"ult-carousel-wrapper  vc-el-carousel-related-content ult_horizontal\" data-gutter=\"0\" data-rtl=\"false\" ><div class=\"ult-carousel-64039286269f53f49865c5 \" >[vc_column_text]<a href=\"https:\/\/media.plm.automation.siemens.com\/solidedge\/data-brief\/Siemens-SW-Solid-Edge-technical-publications-FS-2019-07-10.pdf\">Fa\u00e7a o download da folha de dados do Solid Edge Technical Publications<\/a>[\/vc_column_text][vc_column_text]<a href=\"https:\/\/www.plm.automation.siemens.com\/store\/en-us\/solid-edge\/\">Adquira as solu\u00e7\u00f5es do Solid Edge na loja do Solid Edge<\/a>[\/vc_column_text][vc_column_text]<a href=\"https:\/\/www.plm.automation.siemens.com\/en_us\/Images\/Ebook_Interactive_Technical_Documents_tcm1023-256256.pdf\">eBook:<br \/>\nDocumentos T\u00e9cnicos Interativos<\/a>[\/vc_column_text][vc_column_text]<a href=\"https:\/\/solidedge.siemens.com\/pt-br\/resource\/report\/roi-of-solid-edge\/\">Relat\u00f3rio Especial:<br \/>\nO ROI do Solid Edge<\/a>[\/vc_column_text][vc_column_text]<a href=\"https:\/\/solidedge.siemens.com\/pt-br\/solutions\/products\/complete-product-development-portfolio\/whats-new-in-solid-edge-2019\/\">O que h\u00e1 de novo no Solid Edge 2019<\/a>[\/vc_column_text]<\/div><\/div>\t\t\t<script type=\"text\/javascript\">\r\n\t\t\t\tjQuery(document).ready(function ($) {\r\n\t\t\t\t\tif( typeof jQuery('.ult-carousel-64039286269f53f49865c5').slick == \"function\"){\r\n\t\t\t\t\t\t$('.ult-carousel-64039286269f53f49865c5').slick({dots: true,autoplaySpeed: 5000,speed: 500,infinite: false,arrows: true,nextArrow: '<button type=\"button\" role=\"button\" aria-label=\"Next\" style=\"color:#ffffff; font-size:30px;background:rgba(255,255,255,0.2);\" class=\"slick-next square-bg\"><i class=\"ultsl-arrow-right6\"><\/i><\/button>',prevArrow: '<button type=\"button\" role=\"button\" aria-label=\"Previous\" style=\"color:#ffffff; font-size:30px;background:rgba(255,255,255,0.2);\" class=\"slick-prev square-bg\"><i class=\"ultsl-arrow-left6\"><\/i><\/button>',slidesToScroll:4,slidesToShow:4,swipe: true,draggable: true,touchMove: true,pauseOnHover: true,pauseOnFocus: false,responsive: [\r\n\t\t\t\t\t\t\t{\r\n\t\t\t\t\t\t\t  breakpoint: 1026,\r\n\t\t\t\t\t\t\t  settings: {\r\n\t\t\t\t\t\t\t\tslidesToShow: 4,\r\n\t\t\t\t\t\t\t\tslidesToScroll: 4,  \r\n\t\t\t\t\t\t\t  }\r\n\t\t\t\t\t\t\t},\r\n\t\t\t\t\t\t\t{\r\n\t\t\t\t\t\t\t  breakpoint: 1025,\r\n\t\t\t\t\t\t\t  settings: {\r\n\t\t\t\t\t\t\t\tslidesToShow: 2,\r\n\t\t\t\t\t\t\t\tslidesToScroll: 2\r\n\t\t\t\t\t\t\t  }\r\n\t\t\t\t\t\t\t},\r\n\t\t\t\t\t\t\t{\r\n\t\t\t\t\t\t\t  breakpoint: 760,\r\n\t\t\t\t\t\t\t  settings: {\r\n\t\t\t\t\t\t\t\tslidesToShow: 1,\r\n\t\t\t\t\t\t\t\tslidesToScroll: 1\r\n\t\t\t\t\t\t\t  }\r\n\t\t\t\t\t\t\t}\r\n\t\t\t\t\t\t],pauseOnDotsHover: true,customPaging: function(slider, i) {\r\n                   return '<i type=\"button\" style= \"color:#ffffff;\" class=\"ultsl-record\" data-role=\"none\"><\/i>';\r\n                },});\r\n\t\t\t\t\t}\r\n\t\t\t\t});\r\n\t\t\t<\/script>\r\n\t\t\t[\/vc_column][\/vc_row][vc_row full_width=&#8221;stretch_row&#8221; el_class=&#8221;footer-contact&#8221; css=&#8221;.vc_custom_1550170708528{background-color: #dedee3 !important;}&#8221;][vc_column]<div class=\"wpb_content_block wpb_content_element\"><div class=\"wpb_wrapper\"><\/div><\/div>[\/vc_column][\/vc_row]<\/p>\n","protected":false},"excerpt":{"rendered":"<p> Publica\u00e7\u00f5es T\u00e9cnicas [\/vc_column_text][\/vc_column_inner]Crie facilmente ilustra\u00e7\u00f5es atraentes e documentos t\u00e9cnicos interativos A habilidade de comunicar corretamente os procedimentos de manufatura, instala\u00e7\u00e3o e manuten\u00e7\u00e3o de seus projetos \u00e9 essencial para o desempenho de seus produtos e o sucesso de seus neg\u00f3cios. Ao utilizar as solu\u00e7\u00f5es de publica\u00e7\u00f5es t\u00e9cnica do Solid [&hellip;]<\/p>\n","protected":false},"author":5,"featured_media":0,"parent":2767,"menu_order":9,"comment_status":"closed","ping_status":"closed","template":"","meta":{"inline_featured_image":false},"yoast_head":"<!-- This site is optimized with the Yoast SEO plugin v18.4.1 - https:\/\/yoast.com\/wordpress\/plugins\/seo\/ -->\n<title>Publica\u00e7\u00f5es T\u00e9cnicas | Documenta\u00e7\u00e3o T\u00e9cnica | Solid Edge<\/title>\n<meta name=\"description\" content=\"O software Solid Edge Technical Publications permite que voc\u00ea crie rapidamente ilustra\u00e7\u00f5es de produtos e documentos t\u00e9cnicos interativos.\" \/>\n<meta name=\"robots\" content=\"index, follow, max-snippet:-1, max-image-preview:large, max-video-preview:-1\" \/>\n<link rel=\"canonical\" href=\"https:\/\/solidedge.siemens.com\/pt-br\/solutions\/products\/technical-publications\/\" \/>\n<meta property=\"og:locale\" content=\"pt_BR\" \/>\n<meta property=\"og:type\" content=\"article\" \/>\n<meta property=\"og:title\" content=\"Publica\u00e7\u00f5es T\u00e9cnicas | Documenta\u00e7\u00e3o T\u00e9cnica | Solid Edge\" \/>\n<meta property=\"og:description\" content=\"O software Solid Edge Technical Publications permite que voc\u00ea crie rapidamente ilustra\u00e7\u00f5es de produtos e documentos t\u00e9cnicos interativos.\" \/>\n<meta property=\"og:url\" content=\"https:\/\/solidedge.siemens.com\/pt-br\/solutions\/products\/technical-publications\/\" \/>\n<meta property=\"og:site_name\" content=\"Solid Edge\" \/>\n<meta property=\"article:publisher\" content=\"https:\/\/www.facebook.com\/solidedge\" \/>\n<meta property=\"article:modified_time\" content=\"2022-06-24T15:26:08+00:00\" \/>\n<meta name=\"twitter:card\" content=\"summary_large_image\" \/>\n<meta name=\"twitter:site\" content=\"@siemensplm\" \/>\n<meta name=\"twitter:label1\" content=\"Est. tempo de leitura\" \/>\n\t<meta name=\"twitter:data1\" content=\"3 minutos\" \/>\n<script type=\"application\/ld+json\" class=\"yoast-schema-graph\">{\"@context\":\"https:\/\/schema.org\",\"@graph\":[{\"@type\":\"Organization\",\"@id\":\"https:\/\/solidedge.siemens.com\/en\/#organization\",\"name\":\"Siemens Digital Industries Software\",\"url\":\"https:\/\/solidedge.siemens.com\/en\/\",\"sameAs\":[\"https:\/\/www.facebook.com\/solidedge\",\"https:\/\/www.instagram.com\/siemens\/\",\"https:\/\/www.linkedin.com\/company\/siemens-plm-software\",\"https:\/\/www.youtube.com\/user\/PolarionSoftware\",\"https:\/\/twitter.com\/siemensplm\"],\"logo\":{\"@type\":\"ImageObject\",\"@id\":\"https:\/\/solidedge.siemens.com\/en\/#logo\",\"inLanguage\":\"pt-BR\",\"url\":\"https:\/\/solidedge.siemens.com\/wp-content\/uploads\/2018\/04\/logo-siemens-ifl@2x.png\",\"contentUrl\":\"https:\/\/solidedge.siemens.com\/wp-content\/uploads\/2018\/04\/logo-siemens-ifl@2x.png\",\"width\":640,\"height\":270,\"caption\":\"Siemens Digital Industries Software\"},\"image\":{\"@id\":\"https:\/\/solidedge.siemens.com\/en\/#logo\"}},{\"@type\":\"WebSite\",\"@id\":\"https:\/\/solidedge.siemens.com\/en\/#website\",\"url\":\"https:\/\/solidedge.siemens.com\/en\/\",\"name\":\"Solid Edge\",\"description\":\"Siemens Software\",\"publisher\":{\"@id\":\"https:\/\/solidedge.siemens.com\/en\/#organization\"},\"potentialAction\":[{\"@type\":\"SearchAction\",\"target\":{\"@type\":\"EntryPoint\",\"urlTemplate\":\"https:\/\/solidedge.siemens.com\/en\/?s={search_term_string}\"},\"query-input\":\"required name=search_term_string\"}],\"inLanguage\":\"pt-BR\"},{\"@type\":\"WebPage\",\"@id\":\"https:\/\/solidedge.siemens.com\/pt-br\/solutions\/products\/technical-publications\/#webpage\",\"url\":\"https:\/\/solidedge.siemens.com\/pt-br\/solutions\/products\/technical-publications\/\",\"name\":\"Publica\u00e7\u00f5es T\u00e9cnicas | Documenta\u00e7\u00e3o T\u00e9cnica | Solid Edge\",\"isPartOf\":{\"@id\":\"https:\/\/solidedge.siemens.com\/en\/#website\"},\"datePublished\":\"2018-03-30T18:43:50+00:00\",\"dateModified\":\"2022-06-24T15:26:08+00:00\",\"description\":\"O software Solid Edge Technical Publications permite que voc\u00ea crie rapidamente ilustra\u00e7\u00f5es de produtos e documentos t\u00e9cnicos interativos.\",\"breadcrumb\":{\"@id\":\"https:\/\/solidedge.siemens.com\/pt-br\/solutions\/products\/technical-publications\/#breadcrumb\"},\"inLanguage\":\"pt-BR\",\"potentialAction\":[{\"@type\":\"ReadAction\",\"target\":[\"https:\/\/solidedge.siemens.com\/pt-br\/solutions\/products\/technical-publications\/\"]}]},{\"@type\":\"BreadcrumbList\",\"@id\":\"https:\/\/solidedge.siemens.com\/pt-br\/solutions\/products\/technical-publications\/#breadcrumb\",\"itemListElement\":[{\"@type\":\"ListItem\",\"position\":1,\"name\":\"Home\",\"item\":\"https:\/\/solidedge.siemens.com\/en\/home-11\/\"},{\"@type\":\"ListItem\",\"position\":2,\"name\":\"Solu\u00e7\u00f5es\",\"item\":\"https:\/\/solidedge.siemens.com\/pt-br\/solutions\/\"},{\"@type\":\"ListItem\",\"position\":3,\"name\":\"Produtos\",\"item\":\"https:\/\/solidedge.siemens.com\/pt-br\/solutions\/products\/\"},{\"@type\":\"ListItem\",\"position\":4,\"name\":\"Publica\u00e7\u00f5es T\u00e9cnicas\"}]}]}<\/script>\n<!-- \/ Yoast SEO plugin. -->","yoast_head_json":{"title":"Publica\u00e7\u00f5es T\u00e9cnicas | Documenta\u00e7\u00e3o T\u00e9cnica | Solid Edge","description":"O software Solid Edge Technical Publications permite que voc\u00ea crie rapidamente ilustra\u00e7\u00f5es de produtos e documentos t\u00e9cnicos interativos.","robots":{"index":"index","follow":"follow","max-snippet":"max-snippet:-1","max-image-preview":"max-image-preview:large","max-video-preview":"max-video-preview:-1"},"canonical":"https:\/\/solidedge.siemens.com\/pt-br\/solutions\/products\/technical-publications\/","og_locale":"pt_BR","og_type":"article","og_title":"Publica\u00e7\u00f5es T\u00e9cnicas | Documenta\u00e7\u00e3o T\u00e9cnica | Solid Edge","og_description":"O software Solid Edge Technical Publications permite que voc\u00ea crie rapidamente ilustra\u00e7\u00f5es de produtos e documentos t\u00e9cnicos interativos.","og_url":"https:\/\/solidedge.siemens.com\/pt-br\/solutions\/products\/technical-publications\/","og_site_name":"Solid Edge","article_publisher":"https:\/\/www.facebook.com\/solidedge","article_modified_time":"2022-06-24T15:26:08+00:00","twitter_card":"summary_large_image","twitter_site":"@siemensplm","twitter_misc":{"Est. tempo de leitura":"3 minutos"},"schema":{"@context":"https:\/\/schema.org","@graph":[{"@type":"Organization","@id":"https:\/\/solidedge.siemens.com\/en\/#organization","name":"Siemens Digital Industries Software","url":"https:\/\/solidedge.siemens.com\/en\/","sameAs":["https:\/\/www.facebook.com\/solidedge","https:\/\/www.instagram.com\/siemens\/","https:\/\/www.linkedin.com\/company\/siemens-plm-software","https:\/\/www.youtube.com\/user\/PolarionSoftware","https:\/\/twitter.com\/siemensplm"],"logo":{"@type":"ImageObject","@id":"https:\/\/solidedge.siemens.com\/en\/#logo","inLanguage":"pt-BR","url":"https:\/\/solidedge.siemens.com\/wp-content\/uploads\/2018\/04\/logo-siemens-ifl@2x.png","contentUrl":"https:\/\/solidedge.siemens.com\/wp-content\/uploads\/2018\/04\/logo-siemens-ifl@2x.png","width":640,"height":270,"caption":"Siemens Digital Industries Software"},"image":{"@id":"https:\/\/solidedge.siemens.com\/en\/#logo"}},{"@type":"WebSite","@id":"https:\/\/solidedge.siemens.com\/en\/#website","url":"https:\/\/solidedge.siemens.com\/en\/","name":"Solid Edge","description":"Siemens Software","publisher":{"@id":"https:\/\/solidedge.siemens.com\/en\/#organization"},"potentialAction":[{"@type":"SearchAction","target":{"@type":"EntryPoint","urlTemplate":"https:\/\/solidedge.siemens.com\/en\/?s={search_term_string}"},"query-input":"required name=search_term_string"}],"inLanguage":"pt-BR"},{"@type":"WebPage","@id":"https:\/\/solidedge.siemens.com\/pt-br\/solutions\/products\/technical-publications\/#webpage","url":"https:\/\/solidedge.siemens.com\/pt-br\/solutions\/products\/technical-publications\/","name":"Publica\u00e7\u00f5es T\u00e9cnicas | Documenta\u00e7\u00e3o T\u00e9cnica | Solid Edge","isPartOf":{"@id":"https:\/\/solidedge.siemens.com\/en\/#website"},"datePublished":"2018-03-30T18:43:50+00:00","dateModified":"2022-06-24T15:26:08+00:00","description":"O software Solid Edge Technical Publications permite que voc\u00ea crie rapidamente ilustra\u00e7\u00f5es de produtos e documentos t\u00e9cnicos interativos.","breadcrumb":{"@id":"https:\/\/solidedge.siemens.com\/pt-br\/solutions\/products\/technical-publications\/#breadcrumb"},"inLanguage":"pt-BR","potentialAction":[{"@type":"ReadAction","target":["https:\/\/solidedge.siemens.com\/pt-br\/solutions\/products\/technical-publications\/"]}]},{"@type":"BreadcrumbList","@id":"https:\/\/solidedge.siemens.com\/pt-br\/solutions\/products\/technical-publications\/#breadcrumb","itemListElement":[{"@type":"ListItem","position":1,"name":"Home","item":"https:\/\/solidedge.siemens.com\/en\/home-11\/"},{"@type":"ListItem","position":2,"name":"Solu\u00e7\u00f5es","item":"https:\/\/solidedge.siemens.com\/pt-br\/solutions\/"},{"@type":"ListItem","position":3,"name":"Produtos","item":"https:\/\/solidedge.siemens.com\/pt-br\/solutions\/products\/"},{"@type":"ListItem","position":4,"name":"Publica\u00e7\u00f5es T\u00e9cnicas"}]}]}},"_links":{"self":[{"href":"https:\/\/solidedge.siemens.com\/pt-br\/wp-json\/wp\/v2\/pages\/2666"}],"collection":[{"href":"https:\/\/solidedge.siemens.com\/pt-br\/wp-json\/wp\/v2\/pages"}],"about":[{"href":"https:\/\/solidedge.siemens.com\/pt-br\/wp-json\/wp\/v2\/types\/page"}],"author":[{"embeddable":true,"href":"https:\/\/solidedge.siemens.com\/pt-br\/wp-json\/wp\/v2\/users\/5"}],"replies":[{"embeddable":true,"href":"https:\/\/solidedge.siemens.com\/pt-br\/wp-json\/wp\/v2\/comments?post=2666"}],"version-history":[{"count":2,"href":"https:\/\/solidedge.siemens.com\/pt-br\/wp-json\/wp\/v2\/pages\/2666\/revisions"}],"predecessor-version":[{"id":60126,"href":"https:\/\/solidedge.siemens.com\/pt-br\/wp-json\/wp\/v2\/pages\/2666\/revisions\/60126"}],"up":[{"embeddable":true,"href":"https:\/\/solidedge.siemens.com\/pt-br\/wp-json\/wp\/v2\/pages\/2767"}],"wp:attachment":[{"href":"https:\/\/solidedge.siemens.com\/pt-br\/wp-json\/wp\/v2\/media?parent=2666"}],"curies":[{"name":"wp","href":"https:\/\/api.w.org\/{rel}","templated":true}]}}