{"id":2417,"date":"2018-03-30T14:57:55","date_gmt":"2018-03-30T18:57:55","guid":{"rendered":"https:\/\/solidedge.siemens.com\/cloud\/"},"modified":"2022-11-04T12:26:22","modified_gmt":"2022-11-04T16:26:22","slug":"cloud-ready-design","status":"publish","type":"page","link":"https:\/\/solidedge.siemens.com\/pt-br\/solutions\/initiatives\/cloud-ready-design\/","title":{"rendered":"Nuvem"},"content":{"rendered":"<p>[vc_row full_width=&#8221;stretch_row&#8221; full_height=&#8221;yes&#8221; content_placement=&#8221;middle&#8221; css=&#8221;.vc_custom_1525018965155{background: #a6a6a6 url(https:\/\/solidedge.siemens.com\/wp-content\/uploads\/2018\/04\/Cloud.jpg?id=907) !important;background-position: center !important;background-repeat: no-repeat !important;background-size: cover !important;}&#8221; el_class=&#8221;vc-row-hero-banner&#8221;][vc_column][vc_column_text el_class=&#8221;.vc-el-callout&#8221;]<\/p>\n<h1>Solid Edge fornece projeto habilitado pela nuvem &#8211; nos seus termos<\/h1>\n<p>O Solid Edge fornece as capacidades de nuvem de que voc\u00ea precisa, fornecendo f\u00e1cil acesso a 3D CAD profissional em diferentes dispositivos, configura\u00e7\u00e3o instant\u00e2nea de seu ambiente CAD de acordo com suas prefer\u00eancias pessoais e a capacidade de compartilhar rapidamente seus dados atrav\u00e9s de seus recursos de projeto com fornecedores e clientes. Com o Solid Edge habilitado para a nuvem, a necessidade de suporte de TI ser\u00e1 limitada Liberando-os para trabalhar em projetos de melhoria de produtividade em vez de manuten\u00e7\u00e3o di\u00e1ria do sistema.<\/p>\n<p><a class=\"action-button\" href=\"\/pt-br\/try-now\/\"><i class=\"icon-ext\"><\/i>Comece seu Teste Gratuito<\/a>[\/vc_column_text][\/vc_column][\/vc_row][vc_row el_class=&#8221;vc-row-accordion&#8221;][vc_column][vc_column_text el_class=&#8221;vc-el-lead-in&#8221;]Capacidades<\/p>\n<h2>F\u00e1cil acesso desde qualquer dispositivo<\/h2>\n<p>O Solid Edge habilitado para a nuvem \u00e9 instalado e executado a partir do dispositivo local do usu\u00e1rio, garantindo de forma consistente um alto desempenho e confiabilidade. Seus arquivos tamb\u00e9m s\u00e3o armazenados em cache localmente, garantindo ainda mais o desempenho e a confiabilidade. Os usu\u00e1rios do Solid Edge podem continuar a trabalhar de maneira ininterrupta, mesmo que percam a conex\u00e3o com a Internet. Isso \u00e9 essencial para os usu\u00e1rios de CAD em viagens, para quem trabalha nos locais do cliente e qualquer um que n\u00e3o tenha uma conex\u00e3o de internet 100% confi\u00e1vel. [\/vc_column_text][vc_tta_accordion style=&#8221;flat&#8221; shape=&#8221;square&#8221; active_section=&#8221;0&#8243; no_fill=&#8221;true&#8221; collapsible_all=&#8221;true&#8221; el_class=&#8221;vc-el-accordion&#8221;][vc_tta_section title=&#8221;F\u00e1cil acesso ao CAD de qualquer dispositivo&#8221; tab_id=&#8221;ui_easy_access_to_cad_from_any_device&#8221;][vc_row_inner][vc_column_inner width=&#8221;7\/12&#8243;][vc_column_text]<\/p>\n<h2>F\u00e1cil acesso ao CAD de qualquer dispositivo<\/h2>\n<p>O Solid Edge acompanha voc\u00ea em qualquer lugar. Sua licen\u00e7a CAD pode ser mantida na nuvem, e um simples login permite executar o Solid Edge onde quer que voc\u00ea esteja. E com o Portal Solid Edge, voc\u00ea tem acesso \u00e0 visualiza\u00e7\u00e3o de arquivos CAD online desde qualquer dispositivo &#8211; com acesso baseado em navegador para visualiza\u00e7\u00e3o de arquivos CAD em seu telefone, tablet, Chromebook, Mac, PC e muito mais. Isso facilita a troca de dispositivos, quer esteja trabalhando no escrit\u00f3rio do cliente ou em seu escrit\u00f3rio residencial.[\/vc_column_text][\/vc_column_inner][vc_column_inner width=&#8221;5\/12&#8243;][vc_single_image image=&#8221;908&#8243; img_size=&#8221;accordion-image&#8221; alignment=&#8221;center&#8221;][\/vc_column_inner][\/vc_row_inner][\/vc_tta_section][vc_tta_section title=&#8221;Ambiente CAD Personalizado na Ponta dos seus Dedos&#8221; tab_id=&#8221;ui_Personalized_CAD_Environment_At_Your_Fingertips&#8221;][vc_row_inner][vc_column_inner width=&#8221;7\/12&#8243;][vc_column_text]<\/p>\n<h2>Ambiente CAD Personalizado na Ponta dos seus Dedos<\/h2>\n<p>Ao trocar de dispositivo, por exemplo, de uma workstation, no escrit\u00f3rio, para um tablet, ao visitar um cliente, \u00e9 poss\u00edvel recuperar o seu ambiente Solid Edge personalizado &#8211; incluindo suas op\u00e7\u00f5es de menu, cores, unidades e padr\u00f5es de desenho &#8211; com apenas alguns cliques do mouse, e concluir rapidamente tarefas de projeto baseado na nuvem.[\/vc_column_text][\/vc_column_inner][vc_column_inner width=&#8221;5\/12&#8243;][vc_single_image image=&#8221;909&#8243; img_size=&#8221;accordion-image&#8221;][\/vc_column_inner][\/vc_row_inner][\/vc_tta_section][vc_tta_section title=&#8221;Atualiza\u00e7\u00f5es de software dispon\u00edveis sob demanda&#8221; tab_id=&#8221;ui_Software_Updates_Available_On_Demand&#8221;][vc_row_inner][vc_column_inner width=&#8221;7\/12&#8243;][vc_column_text]<\/p>\n<h2>Atualiza\u00e7\u00f5es de software dispon\u00edveis sob demanda<\/h2>\n<p>Em vez de pesquisar, baixar e distribuir atualiza\u00e7\u00f5es de software, voc\u00ea pode dar aos usu\u00e1rios a capacidade de acessar diretamente o mais recente pack de manuten\u00e7\u00e3o do Solid Edge e instal\u00e1-lo quando quiser.[\/vc_column_text][\/vc_column_inner][vc_column_inner width=&#8221;5\/12&#8243;][vc_single_image image=&#8221;910&#8243; img_size=&#8221;accordion-image&#8221;][\/vc_column_inner][\/vc_row_inner][\/vc_tta_section][vc_tta_section title=&#8221;Armazene e compartilhe facilmente os seus arquivos CAD&#8221; tab_id=&#8221;ui_Easily_Vault_and_Share_Your_CAD_Files&#8221;][vc_row_inner][vc_column_inner width=&#8221;7\/12&#8243;][vc_column_text]<\/p>\n<h2>Armazene e compartilhe facilmente os seus arquivos CAD<\/h2>\n<p>Os usu\u00e1rios do Solid Edge podem aproveitar softwares bastante utilizados de compartilhamento de arquivo baseados na nuvem, tais como Dropbox, Microsoft One Drive, Google Drive ou Box para fazer backup, compartilhar e colaborar em seus arquivos CAD. Um armazenamento completo de arquivos CAD pode ser replicado em 2 ou mais locais, permitindo f\u00e1cil acesso aos dados de que voc\u00ea precisa, e um mecanismo de bloqueio de arquivo impede que um usu\u00e1rio sobrescreva acidentalmente as altera\u00e7\u00f5es de outro usu\u00e1rio. [\/vc_column_text][\/vc_column_inner][vc_column_inner width=&#8221;5\/12&#8243;][vc_single_image image=&#8221;911&#8243; img_size=&#8221;accordion-image&#8221;][\/vc_column_inner][\/vc_row_inner][\/vc_tta_section][vc_tta_section title=&#8221;Colabore Melhor, com o Portal Solid Edge&#8221; tab_id=&#8221;ui_Collaborate_Better_with_the_Solid_Edge_Portal&#8221;][vc_row_inner][vc_column_inner width=&#8221;7\/12&#8243;][vc_column_text]<\/p>\n<h2>Colabore melhor, com o Portal Solid Edge<\/h2>\n<p>Voc\u00ea est\u00e1 procurando um jeito f\u00e1cil de colaborar melhor nos seus projetos &#8211; com outros projetistas, outros departamentos e fornecedores e clientes externos? Suba seus arquivos de CAD para a nuvem usando o Portal Solid Edge e organize-os em projetos. A\u00ed, voc\u00ea poder\u00e1 exibir seus modelos 3D CAD e compartilhar determinados modelos com outros usu\u00e1rios. O Portal Solid Edge \u00e9 simples de usar, e voc\u00ea pode acessar seus arquivos sempre que quiser e onde quer que voc\u00ea esteja, usando todos os navegadores da Web mais conhecidos.[\/vc_column_text][\/vc_column_inner][vc_column_inner width=&#8221;5\/12&#8243;][vc_single_image image=&#8221;912&#8243; img_size=&#8221;accordion-image&#8221;][\/vc_column_inner][\/vc_row_inner][\/vc_tta_section][\/vc_tta_accordion][\/vc_column][\/vc_row][vc_row full_width=&#8221;stretch_row&#8221; el_class=&#8221;vc-row-free-software&#8221; css=&#8221;.vc_custom_1523912493378{background-color: #006486 !important;}&#8221;][vc_column][vc_column_text el_class=&#8221;vc-el-lead-in&#8221;]Software GRATUITO<\/p>\n<h2>Software Gratuito Habilitado para a Nuvem para Projeto e Colabora\u00e7\u00e3o<\/h2>\n<p>[\/vc_column_text][vc_row_inner equal_height=&#8221;yes&#8221;][vc_column_inner width=&#8221;1\/2&#8243; offset=&#8221;vc_col-md-5&#8243;]<div class=\"wpb_content_block wpb_content_element\"><div class=\"wpb_wrapper\"><div class=\"content_block\" id=\"custom_post_widget-913\"><p>[vc_row][vc_column][vc_column_text]<\/p>\n<h3>Utilize o Portal Solid Edge Gratuito<\/h3>\n<p>Crie uma conta gratuita para gerenciamento online de CAD, visualiza\u00e7\u00e3o e colabora\u00e7\u00e3o.[\/vc_column_text][vc_column_text]<a class=\"action-button\" href=\"https:\/\/share.sws.siemens.com\/\"><i class=\"icon-ext\"><\/i>Iniciar<\/a>[\/vc_column_text][\/vc_column][\/vc_row]<\/p>\n<\/div><\/div><\/div>[\/vc_column_inner][vc_column_inner width=&#8221;1\/2&#8243; offset=&#8221;vc_col-md-offset-2 vc_col-md-5&#8243;]<div class=\"wpb_content_block wpb_content_element\"><div class=\"wpb_wrapper\"><div class=\"content_block\" id=\"custom_post_widget-418\"><p>[vc_row][vc_column][vc_column_text]<\/p>\n<h3>Experimente o Solid Edge gratuitamente<\/h3>\n<p>Obtenha acesso instant\u00e2neo para fazer um teste gratuito do Solid Edge.[\/vc_column_text][vc_column_text]<a class=\"action-button\" href=\"\/pt-br\/try-now\/\"><i class=\"icon-ext\"><\/i>Come\u00e7ar Agora<\/a>[\/vc_column_text][\/vc_column][\/vc_row]<\/p>\n<\/div><\/div><\/div>[\/vc_column_inner][\/vc_row_inner][\/vc_column][\/vc_row][vc_row full_width=&#8221;stretch_row&#8221; el_class=&#8221;vc-row-related-content&#8221; css=&#8221;.vc_custom_1524184785822{background-color: #347eb5 !important;}&#8221;][vc_column][vc_column_text]<\/p>\n<h2>Conte\u00fado relacionado<\/h2>\n<p>[\/vc_column_text]<div id=\"ult-carousel-206126685869d63578d3847\" class=\"ult-carousel-wrapper  vc-el-carousel-related-content ult_horizontal\" data-gutter=\"0\" data-rtl=\"false\" ><div class=\"ult-carousel-54548305269d63578d3823 \" >[vc_column_text]<a href=\"https:\/\/www.plm.automation.siemens.com\/store\/en-us\/solid-edge\/\">Adquira o Solid Edge na loja Siemens Digital Industries Software <\/a>[\/vc_column_text][vc_column_text]<a href=\"https:\/\/solidedgeportal.sws.siemens.com\/home\/\">Visite o Portal Solid Edge<\/a>[\/vc_column_text][vc_column_text]<a href=\"https:\/\/community.plm.automation.siemens.com\/t5\/Solid-Edge-Knowledge-Base\/Cloud-Enabled-CAD-How-to-switch-your-Solid-Edge-license\/ta-p\/426336\">Alterne sua licen\u00e7a do Solid Edge para habilitada para nuvem<\/a>[\/vc_column_text][vc_column_text]<a href=\"https:\/\/www.engineering.com\/PLMERP\/ArticleID\/12187\/PLM-This-Week-Solid-Edge-Introduces-Cloud-and-Data-Management-Autodesk-Revenues-Fall.aspx\">Cobertura da m\u00eddia:<br \/>\nO Solid Edge introduz a nuvem <\/a>[\/vc_column_text]<\/div><\/div>\t\t\t<script type=\"text\/javascript\">\r\n\t\t\t\tjQuery(document).ready(function ($) {\r\n\t\t\t\t\tif( typeof jQuery('.ult-carousel-54548305269d63578d3823').slick == \"function\"){\r\n\t\t\t\t\t\t$('.ult-carousel-54548305269d63578d3823').slick({dots: true,autoplaySpeed: 5000,speed: 500,infinite: false,arrows: true,nextArrow: '<button type=\"button\" role=\"button\" aria-label=\"Next\" style=\"color:#ffffff; font-size:30px;background:rgba(255,255,255,0.2);\" class=\"slick-next square-bg\"><i class=\"ultsl-arrow-right6\"><\/i><\/button>',prevArrow: '<button type=\"button\" role=\"button\" aria-label=\"Previous\" style=\"color:#ffffff; font-size:30px;background:rgba(255,255,255,0.2);\" class=\"slick-prev square-bg\"><i class=\"ultsl-arrow-left6\"><\/i><\/button>',slidesToScroll:4,slidesToShow:4,swipe: true,draggable: true,touchMove: true,pauseOnHover: true,pauseOnFocus: false,responsive: [\r\n\t\t\t\t\t\t\t{\r\n\t\t\t\t\t\t\t  breakpoint: 1026,\r\n\t\t\t\t\t\t\t  settings: {\r\n\t\t\t\t\t\t\t\tslidesToShow: 4,\r\n\t\t\t\t\t\t\t\tslidesToScroll: 4,  \r\n\t\t\t\t\t\t\t  }\r\n\t\t\t\t\t\t\t},\r\n\t\t\t\t\t\t\t{\r\n\t\t\t\t\t\t\t  breakpoint: 1025,\r\n\t\t\t\t\t\t\t  settings: {\r\n\t\t\t\t\t\t\t\tslidesToShow: 2,\r\n\t\t\t\t\t\t\t\tslidesToScroll: 2\r\n\t\t\t\t\t\t\t  }\r\n\t\t\t\t\t\t\t},\r\n\t\t\t\t\t\t\t{\r\n\t\t\t\t\t\t\t  breakpoint: 760,\r\n\t\t\t\t\t\t\t  settings: {\r\n\t\t\t\t\t\t\t\tslidesToShow: 1,\r\n\t\t\t\t\t\t\t\tslidesToScroll: 1\r\n\t\t\t\t\t\t\t  }\r\n\t\t\t\t\t\t\t}\r\n\t\t\t\t\t\t],pauseOnDotsHover: true,customPaging: function(slider, i) {\r\n                   return '<i type=\"button\" style= \"color:#ffffff;\" class=\"ultsl-record\" data-role=\"none\"><\/i>';\r\n                },});\r\n\t\t\t\t\t}\r\n\t\t\t\t});\r\n\t\t\t<\/script>\r\n\t\t\t[\/vc_column][\/vc_row][vc_row full_width=&#8221;stretch_row&#8221; el_class=&#8221;footer-contact&#8221; css=&#8221;.vc_custom_1550170708528{background-color: #dedee3 !important;}&#8221;][vc_column]<div class=\"wpb_content_block wpb_content_element\"><div class=\"wpb_wrapper\"><\/div><\/div>[\/vc_column][\/vc_row]<\/p>\n","protected":false},"excerpt":{"rendered":"<p> Solid Edge fornece projeto habilitado pela nuvem &#8211; nos seus termos O Solid Edge fornece as capacidades de nuvem de que voc\u00ea precisa, fornecendo f\u00e1cil acesso a 3D CAD profissional em diferentes dispositivos, configura\u00e7\u00e3o instant\u00e2nea de seu ambiente CAD [&hellip;]<\/p>\n","protected":false},"author":5,"featured_media":0,"parent":2757,"menu_order":100,"comment_status":"closed","ping_status":"closed","template":"","meta":{"inline_featured_image":false},"yoast_head":"<!-- This site is optimized with the Yoast SEO plugin v18.4.1 - https:\/\/yoast.com\/wordpress\/plugins\/seo\/ -->\n<title>Nuvem | CAD, Colabora\u00e7\u00e3o e Compartilhamento | Solid Edge<\/title>\n<meta name=\"description\" content=\"O Solid Edge oferece CAD habilitado para a nuvem: acesso desde diferentes dispositivos, configura\u00e7\u00e3o instant\u00e2nea e capacidade de compartilhamento r\u00e1pido de seus dados.\" \/>\n<meta name=\"robots\" content=\"index, follow, max-snippet:-1, max-image-preview:large, max-video-preview:-1\" \/>\n<link rel=\"canonical\" href=\"https:\/\/solidedge.siemens.com\/pt-br\/solutions\/initiatives\/cloud-ready-design\/\" \/>\n<meta property=\"og:locale\" content=\"pt_BR\" \/>\n<meta property=\"og:type\" content=\"article\" \/>\n<meta property=\"og:title\" content=\"Nuvem | CAD, Colabora\u00e7\u00e3o e Compartilhamento | Solid Edge\" \/>\n<meta property=\"og:description\" content=\"O Solid Edge oferece CAD habilitado para a nuvem: acesso desde diferentes dispositivos, configura\u00e7\u00e3o instant\u00e2nea e capacidade de compartilhamento r\u00e1pido de seus dados.\" \/>\n<meta property=\"og:url\" content=\"https:\/\/solidedge.siemens.com\/pt-br\/solutions\/initiatives\/cloud-ready-design\/\" \/>\n<meta property=\"og:site_name\" content=\"Solid Edge\" \/>\n<meta property=\"article:publisher\" content=\"https:\/\/www.facebook.com\/solidedge\" \/>\n<meta property=\"article:modified_time\" content=\"2022-11-04T16:26:22+00:00\" \/>\n<meta name=\"twitter:card\" content=\"summary_large_image\" \/>\n<meta name=\"twitter:site\" content=\"@siemensplm\" \/>\n<meta name=\"twitter:label1\" content=\"Est. tempo de leitura\" \/>\n\t<meta name=\"twitter:data1\" content=\"6 minutos\" \/>\n<script type=\"application\/ld+json\" class=\"yoast-schema-graph\">{\"@context\":\"https:\/\/schema.org\",\"@graph\":[{\"@type\":\"Organization\",\"@id\":\"https:\/\/solidedge.siemens.com\/en\/#organization\",\"name\":\"Siemens Digital Industries Software\",\"url\":\"https:\/\/solidedge.siemens.com\/en\/\",\"sameAs\":[\"https:\/\/www.facebook.com\/solidedge\",\"https:\/\/www.instagram.com\/siemens\/\",\"https:\/\/www.linkedin.com\/company\/siemens-plm-software\",\"https:\/\/www.youtube.com\/user\/PolarionSoftware\",\"https:\/\/twitter.com\/siemensplm\"],\"logo\":{\"@type\":\"ImageObject\",\"@id\":\"https:\/\/solidedge.siemens.com\/en\/#logo\",\"inLanguage\":\"pt-BR\",\"url\":\"https:\/\/solidedge.siemens.com\/wp-content\/uploads\/2018\/04\/logo-siemens-ifl@2x.png\",\"contentUrl\":\"https:\/\/solidedge.siemens.com\/wp-content\/uploads\/2018\/04\/logo-siemens-ifl@2x.png\",\"width\":640,\"height\":270,\"caption\":\"Siemens Digital Industries Software\"},\"image\":{\"@id\":\"https:\/\/solidedge.siemens.com\/en\/#logo\"}},{\"@type\":\"WebSite\",\"@id\":\"https:\/\/solidedge.siemens.com\/en\/#website\",\"url\":\"https:\/\/solidedge.siemens.com\/en\/\",\"name\":\"Solid Edge\",\"description\":\"Siemens Software\",\"publisher\":{\"@id\":\"https:\/\/solidedge.siemens.com\/en\/#organization\"},\"potentialAction\":[{\"@type\":\"SearchAction\",\"target\":{\"@type\":\"EntryPoint\",\"urlTemplate\":\"https:\/\/solidedge.siemens.com\/en\/?s={search_term_string}\"},\"query-input\":\"required name=search_term_string\"}],\"inLanguage\":\"pt-BR\"},{\"@type\":\"WebPage\",\"@id\":\"https:\/\/solidedge.siemens.com\/pt-br\/solutions\/initiatives\/cloud-ready-design\/#webpage\",\"url\":\"https:\/\/solidedge.siemens.com\/pt-br\/solutions\/initiatives\/cloud-ready-design\/\",\"name\":\"Nuvem | CAD, Colabora\u00e7\u00e3o e Compartilhamento | Solid Edge\",\"isPartOf\":{\"@id\":\"https:\/\/solidedge.siemens.com\/en\/#website\"},\"datePublished\":\"2018-03-30T18:57:55+00:00\",\"dateModified\":\"2022-11-04T16:26:22+00:00\",\"description\":\"O Solid Edge oferece CAD habilitado para a nuvem: acesso desde diferentes dispositivos, configura\u00e7\u00e3o instant\u00e2nea e capacidade de compartilhamento r\u00e1pido de seus dados.\",\"breadcrumb\":{\"@id\":\"https:\/\/solidedge.siemens.com\/pt-br\/solutions\/initiatives\/cloud-ready-design\/#breadcrumb\"},\"inLanguage\":\"pt-BR\",\"potentialAction\":[{\"@type\":\"ReadAction\",\"target\":[\"https:\/\/solidedge.siemens.com\/pt-br\/solutions\/initiatives\/cloud-ready-design\/\"]}]},{\"@type\":\"BreadcrumbList\",\"@id\":\"https:\/\/solidedge.siemens.com\/pt-br\/solutions\/initiatives\/cloud-ready-design\/#breadcrumb\",\"itemListElement\":[{\"@type\":\"ListItem\",\"position\":1,\"name\":\"Home\",\"item\":\"https:\/\/solidedge.siemens.com\/en\/home-11\/\"},{\"@type\":\"ListItem\",\"position\":2,\"name\":\"Solu\u00e7\u00f5es\",\"item\":\"https:\/\/solidedge.siemens.com\/pt-br\/solutions\/\"},{\"@type\":\"ListItem\",\"position\":3,\"name\":\"Iniciativas\",\"item\":\"https:\/\/solidedge.siemens.com\/pt-br\/solutions\/initiatives\/\"},{\"@type\":\"ListItem\",\"position\":4,\"name\":\"Nuvem\"}]}]}<\/script>\n<!-- \/ Yoast SEO plugin. -->","yoast_head_json":{"title":"Nuvem | CAD, Colabora\u00e7\u00e3o e Compartilhamento | Solid Edge","description":"O Solid Edge oferece CAD habilitado para a nuvem: acesso desde diferentes dispositivos, configura\u00e7\u00e3o instant\u00e2nea e capacidade de compartilhamento r\u00e1pido de seus dados.","robots":{"index":"index","follow":"follow","max-snippet":"max-snippet:-1","max-image-preview":"max-image-preview:large","max-video-preview":"max-video-preview:-1"},"canonical":"https:\/\/solidedge.siemens.com\/pt-br\/solutions\/initiatives\/cloud-ready-design\/","og_locale":"pt_BR","og_type":"article","og_title":"Nuvem | CAD, Colabora\u00e7\u00e3o e Compartilhamento | Solid Edge","og_description":"O Solid Edge oferece CAD habilitado para a nuvem: acesso desde diferentes dispositivos, configura\u00e7\u00e3o instant\u00e2nea e capacidade de compartilhamento r\u00e1pido de seus dados.","og_url":"https:\/\/solidedge.siemens.com\/pt-br\/solutions\/initiatives\/cloud-ready-design\/","og_site_name":"Solid Edge","article_publisher":"https:\/\/www.facebook.com\/solidedge","article_modified_time":"2022-11-04T16:26:22+00:00","twitter_card":"summary_large_image","twitter_site":"@siemensplm","twitter_misc":{"Est. tempo de leitura":"6 minutos"},"schema":{"@context":"https:\/\/schema.org","@graph":[{"@type":"Organization","@id":"https:\/\/solidedge.siemens.com\/en\/#organization","name":"Siemens Digital Industries Software","url":"https:\/\/solidedge.siemens.com\/en\/","sameAs":["https:\/\/www.facebook.com\/solidedge","https:\/\/www.instagram.com\/siemens\/","https:\/\/www.linkedin.com\/company\/siemens-plm-software","https:\/\/www.youtube.com\/user\/PolarionSoftware","https:\/\/twitter.com\/siemensplm"],"logo":{"@type":"ImageObject","@id":"https:\/\/solidedge.siemens.com\/en\/#logo","inLanguage":"pt-BR","url":"https:\/\/solidedge.siemens.com\/wp-content\/uploads\/2018\/04\/logo-siemens-ifl@2x.png","contentUrl":"https:\/\/solidedge.siemens.com\/wp-content\/uploads\/2018\/04\/logo-siemens-ifl@2x.png","width":640,"height":270,"caption":"Siemens Digital Industries Software"},"image":{"@id":"https:\/\/solidedge.siemens.com\/en\/#logo"}},{"@type":"WebSite","@id":"https:\/\/solidedge.siemens.com\/en\/#website","url":"https:\/\/solidedge.siemens.com\/en\/","name":"Solid Edge","description":"Siemens Software","publisher":{"@id":"https:\/\/solidedge.siemens.com\/en\/#organization"},"potentialAction":[{"@type":"SearchAction","target":{"@type":"EntryPoint","urlTemplate":"https:\/\/solidedge.siemens.com\/en\/?s={search_term_string}"},"query-input":"required name=search_term_string"}],"inLanguage":"pt-BR"},{"@type":"WebPage","@id":"https:\/\/solidedge.siemens.com\/pt-br\/solutions\/initiatives\/cloud-ready-design\/#webpage","url":"https:\/\/solidedge.siemens.com\/pt-br\/solutions\/initiatives\/cloud-ready-design\/","name":"Nuvem | CAD, Colabora\u00e7\u00e3o e Compartilhamento | Solid Edge","isPartOf":{"@id":"https:\/\/solidedge.siemens.com\/en\/#website"},"datePublished":"2018-03-30T18:57:55+00:00","dateModified":"2022-11-04T16:26:22+00:00","description":"O Solid Edge oferece CAD habilitado para a nuvem: acesso desde diferentes dispositivos, configura\u00e7\u00e3o instant\u00e2nea e capacidade de compartilhamento r\u00e1pido de seus dados.","breadcrumb":{"@id":"https:\/\/solidedge.siemens.com\/pt-br\/solutions\/initiatives\/cloud-ready-design\/#breadcrumb"},"inLanguage":"pt-BR","potentialAction":[{"@type":"ReadAction","target":["https:\/\/solidedge.siemens.com\/pt-br\/solutions\/initiatives\/cloud-ready-design\/"]}]},{"@type":"BreadcrumbList","@id":"https:\/\/solidedge.siemens.com\/pt-br\/solutions\/initiatives\/cloud-ready-design\/#breadcrumb","itemListElement":[{"@type":"ListItem","position":1,"name":"Home","item":"https:\/\/solidedge.siemens.com\/en\/home-11\/"},{"@type":"ListItem","position":2,"name":"Solu\u00e7\u00f5es","item":"https:\/\/solidedge.siemens.com\/pt-br\/solutions\/"},{"@type":"ListItem","position":3,"name":"Iniciativas","item":"https:\/\/solidedge.siemens.com\/pt-br\/solutions\/initiatives\/"},{"@type":"ListItem","position":4,"name":"Nuvem"}]}]}},"_links":{"self":[{"href":"https:\/\/solidedge.siemens.com\/pt-br\/wp-json\/wp\/v2\/pages\/2417"}],"collection":[{"href":"https:\/\/solidedge.siemens.com\/pt-br\/wp-json\/wp\/v2\/pages"}],"about":[{"href":"https:\/\/solidedge.siemens.com\/pt-br\/wp-json\/wp\/v2\/types\/page"}],"author":[{"embeddable":true,"href":"https:\/\/solidedge.siemens.com\/pt-br\/wp-json\/wp\/v2\/users\/5"}],"replies":[{"embeddable":true,"href":"https:\/\/solidedge.siemens.com\/pt-br\/wp-json\/wp\/v2\/comments?post=2417"}],"version-history":[{"count":1,"href":"https:\/\/solidedge.siemens.com\/pt-br\/wp-json\/wp\/v2\/pages\/2417\/revisions"}],"predecessor-version":[{"id":64944,"href":"https:\/\/solidedge.siemens.com\/pt-br\/wp-json\/wp\/v2\/pages\/2417\/revisions\/64944"}],"up":[{"embeddable":true,"href":"https:\/\/solidedge.siemens.com\/pt-br\/wp-json\/wp\/v2\/pages\/2757"}],"wp:attachment":[{"href":"https:\/\/solidedge.siemens.com\/pt-br\/wp-json\/wp\/v2\/media?parent=2417"}],"curies":[{"name":"wp","href":"https:\/\/api.w.org\/{rel}","templated":true}]}}