{"id":2260,"date":"2018-03-30T15:18:47","date_gmt":"2018-03-30T19:18:47","guid":{"rendered":"https:\/\/solidedge.siemens.com\/academic\/"},"modified":"2019-09-03T14:11:45","modified_gmt":"2019-09-03T18:11:45","slug":"academic","status":"publish","type":"page","link":"https:\/\/solidedge.siemens.com\/pt-br\/industries\/academic\/","title":{"rendered":"Acad\u00eamico"},"content":{"rendered":"<p>[vc_row el_class=&#8221;vc-row-page-text-intro&#8221;][vc_column][vc_column_text]<\/p>\n<h1>Acad\u00eamico<\/h1>\n<p>[\/vc_column_text][vc_column_text]<strong>Recursos Acad\u00eamicos para Educadores e Estudantes <\/strong><\/p>\n<p>Temos orgulho de apoiar professores, mentores e aprendizes de todas as idades. Com o Solid Edge, os grupos acad\u00eamicos podem obter uma experi\u00eancia valiosa com a tecnologia l\u00edder da ind\u00fastria atrav\u00e9s do aprendizado e engajamento nas \u00e1reas de ci\u00eancia, tecnologia, engenharia e matem\u00e1tica em todos os n\u00edveis de ensino. [\/vc_column_text][\/vc_column][\/vc_row][vc_row full_width=&#8221;stretch_row&#8221; equal_height=&#8221;yes&#8221; el_class=&#8221;vc-row-linked-image-teasers&#8221; css=&#8221;.vc_custom_1525714113909{background-color: #ebf0f6 !important;}&#8221;][vc_column width=&#8221;1\/2&#8243;][vc_single_image image=&#8221;1105&#8243; img_size=&#8221;linked-teaser&#8221; alignment=&#8221;center&#8221;][vc_column_text]<\/p>\n<h3><a href=\"https:\/\/solidedge.siemens.com\/pt-br\/solutions\/users\/students\/\">Recursos do Solid Edge para estudantes<\/a><\/h3>\n<p>Os alunos do Solid Edge t\u00eam acesso a uma vers\u00e3o gratuita do mesmo pacote de software f\u00e1cil de usar utilizado por profissionais, al\u00e9m de recursos de aprendizado gratuitos, incluindo tutoriais baseados em projetos.[\/vc_column_text][\/vc_column][vc_column width=&#8221;1\/2&#8243;][vc_single_image image=&#8221;1116&#8243; img_size=&#8221;linked-teaser&#8221; alignment=&#8221;center&#8221;][vc_column_text]<\/p>\n<h3><a href=\"https:\/\/solidedge.siemens.com\/pt-br\/solutions\/users\/educators\/\">Recursos do Solid Edge para educadores<\/a><\/h3>\n<p>O Solid Edge oferece recursos educacionais gratuitos para professores e mentores, incluindo software e curr\u00edculo para envolver a sua turma, grupo de ensino domiciliar ou clube de aprendizagem nas \u00e1reas de ci\u00eancia, tecnologia, engenharia e matem\u00e1tica.[\/vc_column_text][\/vc_column][\/vc_row][vc_row full_width=&#8221;stretch_row&#8221; el_class=&#8221;vc-row-free-software&#8221; css=&#8221;.vc_custom_1523912493378{background-color: #006486 !important;}&#8221;][vc_column][vc_column_text el_class=&#8221;vc-el-lead-in&#8221;]Pr\u00f3ximas Etapas<\/p>\n<h2>Oportunidades de constru\u00e7\u00e3o de curr\u00edculo<\/h2>\n<p>[\/vc_column_text][vc_row_inner equal_height=&#8221;yes&#8221;][vc_column_inner width=&#8221;1\/2&#8243; offset=&#8221;vc_col-md-5&#8243;]<div class=\"wpb_content_block wpb_content_element\"><div class=\"wpb_wrapper\"><div class=\"content_block\" id=\"custom_post_widget-462\"><p>[vc_row][vc_column][vc_column_text]<\/p>\n<h3>Obter a Certifica\u00e7\u00e3o do Solid Edge<\/h3>\n<p>Os alunos podem demonstrar seu n\u00edvel de habilidade, realizando exames online e se qualificado como um Associado Certificado do Solid Edge.[\/vc_column_text][vc_column_text]<a class=\"action-button\" href=\"https:\/\/solidedge.siemens.com\/pt-br\/resources\/solid-edge-certification\/\"><i class=\"icon-ext\"><\/i>Saiba mais<\/a>[\/vc_column_text][\/vc_column][\/vc_row]<\/p>\n<\/div><\/div><\/div>[\/vc_column_inner][vc_column_inner width=&#8221;1\/2&#8243; offset=&#8221;vc_col-md-offset-2 vc_col-md-5&#8243;]<div class=\"wpb_content_block wpb_content_element\"><div class=\"wpb_wrapper\"><div class=\"content_block\" id=\"custom_post_widget-463\"><p>[vc_row][vc_column][vc_column_text]<\/p>\n<h3>Entre no Concurso de Projetos para Alunos<\/h3>\n<p>O Concurso de Projetos para Alunos da Siemens Digital Industries Software proporciona reconhecimento global por todo seu \u00e1rduo trabalho. Impressione seus amigos, professores e futuros empregadores.[\/vc_column_text][vc_column_text]<a class=\"action-button\" href=\"https:\/\/www.plm.automation.siemens.com\/global\/pt\/our-story\/partners\/academic\/student-engineering-software.html\" target=\"_blank\" rel=\"noopener\"><i class=\"icon-ext\"><\/i>Saiba mais<\/a>[\/vc_column_text][\/vc_column][\/vc_row]<\/p>\n<\/div><\/div><\/div>[\/vc_column_inner][\/vc_row_inner][\/vc_column][\/vc_row][vc_row full_width=&#8221;stretch_row&#8221; el_class=&#8221;vc-row-customer-stories&#8221;][vc_column][vc_column_text el_class=&#8221;vc-el-lead-in&#8221;]Hist\u00f3rias de Clientes<\/p>\n<h2>Como as escolas est\u00e3o vendo os benef\u00edcios do Solid Edge<\/h2>\n<p>[\/vc_column_text]\n\n\n<div id=\"wpv-view-layout-570-CATTR35fb229f1f04c59a7878a2d09c60abdc\" class=\"js-wpv-view-layout js-wpv-layout-responsive js-wpv-view-layout-570-CATTR35fb229f1f04c59a7878a2d09c60abdc\" data-viewnumber=\"570-CATTR35fb229f1f04c59a7878a2d09c60abdc\" data-pagination=\"{&quot;id&quot;:570,&quot;query&quot;:&quot;normal&quot;,&quot;type&quot;:&quot;disabled&quot;,&quot;effect&quot;:&quot;fade&quot;,&quot;duration&quot;:500,&quot;speed&quot;:5,&quot;pause_on_hover&quot;:&quot;disabled&quot;,&quot;stop_rollover&quot;:&quot;false&quot;,&quot;cache_pages&quot;:&quot;enabled&quot;,&quot;preload_images&quot;:&quot;enabled&quot;,&quot;preload_pages&quot;:&quot;enabled&quot;,&quot;preload_reach&quot;:1,&quot;spinner&quot;:&quot;builtin&quot;,&quot;spinner_image&quot;:&quot;https:\/\/solidedge.siemens.com\/wp-content\/plugins\/wp-views\/embedded\/res\/img\/ajax-loader.gif&quot;,&quot;callback_next&quot;:&quot;&quot;,&quot;manage_history&quot;:&quot;disabled&quot;,&quot;has_controls_in_form&quot;:&quot;disabled&quot;,&quot;infinite_tolerance&quot;:&quot;0&quot;,&quot;max_pages&quot;:0,&quot;page&quot;:1,&quot;base_permalink&quot;:&quot;\/pt-br\/wp-json\/wp\/v2\/pages\/2260?wpv_view_count=570-CATTR35fb229f1f04c59a7878a2d09c60abdc&amp;wpv_paged=WPV_PAGE_NUM&quot;,&quot;loop&quot;:{&quot;type&quot;:&quot;&quot;,&quot;name&quot;:&quot;&quot;,&quot;data&quot;:[],&quot;id&quot;:0}}\" data-permalink=\"\/pt-br\/wp-json\/wp\/v2\/pages\/2260?wpv_view_count=570-CATTR35fb229f1f04c59a7878a2d09c60abdc\">\n\n\t\n\t\n\t\n<\/div>\n[\/vc_column][\/vc_row][vc_row full_width=&#8221;stretch_row&#8221; el_class=&#8221;vc-row-related-content&#8221; css=&#8221;.vc_custom_1524184785822{background-color: #347eb5 !important;}&#8221;][vc_column][vc_column_text]<\/p>\n<h2>Conte\u00fado relacionado<\/h2>\n<p>[\/vc_column_text]<div id=\"ult-carousel-33830317469fde963a49a8\" class=\"ult-carousel-wrapper  vc-el-carousel-related-content ult_horizontal\" data-gutter=\"0\" data-rtl=\"false\" ><div class=\"ult-carousel-67516560169fde963a4980 \" >[vc_column_text]<a href=\"Mailto:solid-edge-students.plm@siemens.com\">Fale conosco para saber mais<\/a>[\/vc_column_text][vc_column_text]<a href=\"http:\/\/community.plm.automation.siemens.com\/t5\/Solid-Edge\/ct-p\/solid-edge\">Comunidade do Solid Edge<\/a>[\/vc_column_text][vc_column_text]<a href=\"http:\/\/www.facebook.com\/solidedge\">Solid Edge no Facebook<\/a>[\/vc_column_text][vc_column_text]<a href=\"https:\/\/www.youtube.com\/user\/SiemensPLM\/playlists?shelf_id=18&amp;view=50&amp;sort=dd\">Solid Edge no YouTube<\/a>[\/vc_column_text][vc_column_text]<a href=\"https:\/\/www.plm.automation.siemens.com\/pt-br\/academic\/resources\/solid-edge\/educators\/index.shtml\">Solid Edge High School Edition<\/a>[\/vc_column_text][vc_column_text]<a href=\"https:\/\/www.plm.automation.siemens.com\/pt-br\/academic\/resources\/solid-edge\/educators\/index.shtml\">Solid Edge University Edition<\/a>[\/vc_column_text][vc_column_text]<a href=\"https:\/\/solidedge.siemens.com\/pt-br\/pages\/greenpower\/\">Greenpower<\/a>[\/vc_column_text][vc_column_text]<a href=\"https:\/\/www.gearupu.com\/\">GearUp University<\/a>[\/vc_column_text][vc_column_text]<a href=\"http:\/\/docs.plm.automation.siemens.com\/tdoc\/se\/latest\/se_help\">Tutoriais de Refer\u00eancia R\u00e1pida <\/a>[\/vc_column_text][vc_column_text]<a href=\"http:\/\/docs.plm.automation.siemens.com\/tdoc\/se\/latest\/se_help\">Centro de documenta\u00e7\u00e3o do Solid Edge<\/a>[\/vc_column_text]<\/div><\/div>\t\t\t<script type=\"text\/javascript\">\r\n\t\t\t\tjQuery(document).ready(function ($) {\r\n\t\t\t\t\tif( typeof jQuery('.ult-carousel-67516560169fde963a4980').slick == \"function\"){\r\n\t\t\t\t\t\t$('.ult-carousel-67516560169fde963a4980').slick({dots: true,autoplaySpeed: 5000,speed: 500,infinite: false,arrows: true,nextArrow: '<button type=\"button\" role=\"button\" aria-label=\"Next\" style=\"color:#ffffff; font-size:30px;background:rgba(255,255,255,0.2);\" class=\"slick-next square-bg\"><i class=\"ultsl-arrow-right6\"><\/i><\/button>',prevArrow: '<button type=\"button\" role=\"button\" aria-label=\"Previous\" style=\"color:#ffffff; font-size:30px;background:rgba(255,255,255,0.2);\" class=\"slick-prev square-bg\"><i class=\"ultsl-arrow-left6\"><\/i><\/button>',slidesToScroll:4,slidesToShow:4,swipe: true,draggable: true,touchMove: true,pauseOnHover: true,pauseOnFocus: false,responsive: [\r\n\t\t\t\t\t\t\t{\r\n\t\t\t\t\t\t\t  breakpoint: 1026,\r\n\t\t\t\t\t\t\t  settings: {\r\n\t\t\t\t\t\t\t\tslidesToShow: 4,\r\n\t\t\t\t\t\t\t\tslidesToScroll: 4,  \r\n\t\t\t\t\t\t\t  }\r\n\t\t\t\t\t\t\t},\r\n\t\t\t\t\t\t\t{\r\n\t\t\t\t\t\t\t  breakpoint: 1025,\r\n\t\t\t\t\t\t\t  settings: {\r\n\t\t\t\t\t\t\t\tslidesToShow: 2,\r\n\t\t\t\t\t\t\t\tslidesToScroll: 2\r\n\t\t\t\t\t\t\t  }\r\n\t\t\t\t\t\t\t},\r\n\t\t\t\t\t\t\t{\r\n\t\t\t\t\t\t\t  breakpoint: 760,\r\n\t\t\t\t\t\t\t  settings: {\r\n\t\t\t\t\t\t\t\tslidesToShow: 1,\r\n\t\t\t\t\t\t\t\tslidesToScroll: 1\r\n\t\t\t\t\t\t\t  }\r\n\t\t\t\t\t\t\t}\r\n\t\t\t\t\t\t],pauseOnDotsHover: true,customPaging: function(slider, i) {\r\n                   return '<i type=\"button\" style= \"color:#ffffff;\" class=\"ultsl-record\" data-role=\"none\"><\/i>';\r\n                },});\r\n\t\t\t\t\t}\r\n\t\t\t\t});\r\n\t\t\t<\/script>\r\n\t\t\t[\/vc_column][\/vc_row][vc_row full_width=&#8221;stretch_row&#8221; el_class=&#8221;footer-contact&#8221; css=&#8221;.vc_custom_1550170708528{background-color: #dedee3 !important;}&#8221;][vc_column]<div class=\"wpb_content_block wpb_content_element\"><div class=\"wpb_wrapper\"><\/div><\/div>[\/vc_column][\/vc_row]<\/p>\n","protected":false},"excerpt":{"rendered":"<p> Acad\u00eamico [\/vc_column_text]Recursos Acad\u00eamicos para Educadores e Estudantes Temos orgulho de apoiar professores, mentores e aprendizes de todas as idades. Com o Solid Edge, os grupos acad\u00eamicos podem obter uma experi\u00eancia valiosa com a tecnologia l\u00edder da ind\u00fastria atrav\u00e9s do aprendizado e engajamento nas \u00e1reas de ci\u00eancia, tecnologia, engenharia e matem\u00e1tica em todos os [&hellip;]<\/p>\n","protected":false},"author":5,"featured_media":0,"parent":2827,"menu_order":90,"comment_status":"closed","ping_status":"closed","template":"","meta":{"inline_featured_image":false},"yoast_head":"<!-- This site is optimized with the Yoast SEO plugin v18.4.1 - https:\/\/yoast.com\/wordpress\/plugins\/seo\/ -->\n<title>Acad\u00eamico | Software para Estudantes e Professores | Solid Edge<\/title>\n<meta name=\"description\" content=\"Saiba mais sobre os programas acad\u00eamicos do Solid Edge para estudantes e professores Conectando escolas com software gratuito, recursos e curr\u00edculo nas \u00e1reas de ci\u00eancia, tecnologia, engenharia e matem\u00e1tica.\" \/>\n<meta name=\"robots\" content=\"index, follow, max-snippet:-1, max-image-preview:large, max-video-preview:-1\" \/>\n<link rel=\"canonical\" href=\"https:\/\/solidedge.siemens.com\/pt-br\/industries\/academic\/\" \/>\n<meta property=\"og:locale\" content=\"pt_BR\" \/>\n<meta property=\"og:type\" content=\"article\" \/>\n<meta property=\"og:title\" content=\"Acad\u00eamico | Software para Estudantes e Professores | Solid Edge\" \/>\n<meta property=\"og:description\" content=\"Saiba mais sobre os programas acad\u00eamicos do Solid Edge para estudantes e professores Conectando escolas com software gratuito, recursos e curr\u00edculo nas \u00e1reas de ci\u00eancia, tecnologia, engenharia e matem\u00e1tica.\" \/>\n<meta property=\"og:url\" content=\"https:\/\/solidedge.siemens.com\/pt-br\/industries\/academic\/\" \/>\n<meta property=\"og:site_name\" content=\"Solid Edge\" \/>\n<meta property=\"article:publisher\" content=\"https:\/\/www.facebook.com\/solidedge\" \/>\n<meta property=\"article:modified_time\" content=\"2019-09-03T18:11:45+00:00\" \/>\n<meta name=\"twitter:card\" content=\"summary_large_image\" \/>\n<meta name=\"twitter:site\" content=\"@siemensplm\" \/>\n<meta name=\"twitter:label1\" content=\"Est. tempo de leitura\" \/>\n\t<meta name=\"twitter:data1\" content=\"3 minutos\" \/>\n<script type=\"application\/ld+json\" class=\"yoast-schema-graph\">{\"@context\":\"https:\/\/schema.org\",\"@graph\":[{\"@type\":\"Organization\",\"@id\":\"https:\/\/solidedge.siemens.com\/en\/#organization\",\"name\":\"Siemens Digital Industries Software\",\"url\":\"https:\/\/solidedge.siemens.com\/en\/\",\"sameAs\":[\"https:\/\/www.facebook.com\/solidedge\",\"https:\/\/www.instagram.com\/siemens\/\",\"https:\/\/www.linkedin.com\/company\/siemens-plm-software\",\"https:\/\/www.youtube.com\/user\/PolarionSoftware\",\"https:\/\/twitter.com\/siemensplm\"],\"logo\":{\"@type\":\"ImageObject\",\"@id\":\"https:\/\/solidedge.siemens.com\/en\/#logo\",\"inLanguage\":\"pt-BR\",\"url\":\"https:\/\/solidedge.siemens.com\/wp-content\/uploads\/2018\/04\/logo-siemens-ifl@2x.png\",\"contentUrl\":\"https:\/\/solidedge.siemens.com\/wp-content\/uploads\/2018\/04\/logo-siemens-ifl@2x.png\",\"width\":640,\"height\":270,\"caption\":\"Siemens Digital Industries Software\"},\"image\":{\"@id\":\"https:\/\/solidedge.siemens.com\/en\/#logo\"}},{\"@type\":\"WebSite\",\"@id\":\"https:\/\/solidedge.siemens.com\/en\/#website\",\"url\":\"https:\/\/solidedge.siemens.com\/en\/\",\"name\":\"Solid Edge\",\"description\":\"Siemens Software\",\"publisher\":{\"@id\":\"https:\/\/solidedge.siemens.com\/en\/#organization\"},\"potentialAction\":[{\"@type\":\"SearchAction\",\"target\":{\"@type\":\"EntryPoint\",\"urlTemplate\":\"https:\/\/solidedge.siemens.com\/en\/?s={search_term_string}\"},\"query-input\":\"required name=search_term_string\"}],\"inLanguage\":\"pt-BR\"},{\"@type\":\"WebPage\",\"@id\":\"https:\/\/solidedge.siemens.com\/pt-br\/industries\/academic\/#webpage\",\"url\":\"https:\/\/solidedge.siemens.com\/pt-br\/industries\/academic\/\",\"name\":\"Acad\u00eamico | Software para Estudantes e Professores | Solid Edge\",\"isPartOf\":{\"@id\":\"https:\/\/solidedge.siemens.com\/en\/#website\"},\"datePublished\":\"2018-03-30T19:18:47+00:00\",\"dateModified\":\"2019-09-03T18:11:45+00:00\",\"description\":\"Saiba mais sobre os programas acad\u00eamicos do Solid Edge para estudantes e professores Conectando escolas com software gratuito, recursos e curr\u00edculo nas \u00e1reas de ci\u00eancia, tecnologia, engenharia e matem\u00e1tica.\",\"breadcrumb\":{\"@id\":\"https:\/\/solidedge.siemens.com\/pt-br\/industries\/academic\/#breadcrumb\"},\"inLanguage\":\"pt-BR\",\"potentialAction\":[{\"@type\":\"ReadAction\",\"target\":[\"https:\/\/solidedge.siemens.com\/pt-br\/industries\/academic\/\"]}]},{\"@type\":\"BreadcrumbList\",\"@id\":\"https:\/\/solidedge.siemens.com\/pt-br\/industries\/academic\/#breadcrumb\",\"itemListElement\":[{\"@type\":\"ListItem\",\"position\":1,\"name\":\"Home\",\"item\":\"https:\/\/solidedge.siemens.com\/en\/home-11\/\"},{\"@type\":\"ListItem\",\"position\":2,\"name\":\"Setores\",\"item\":\"https:\/\/solidedge.siemens.com\/pt-br\/industries\/\"},{\"@type\":\"ListItem\",\"position\":3,\"name\":\"Acad\u00eamico\"}]}]}<\/script>\n<!-- \/ Yoast SEO plugin. -->","yoast_head_json":{"title":"Acad\u00eamico | Software para Estudantes e Professores | Solid Edge","description":"Saiba mais sobre os programas acad\u00eamicos do Solid Edge para estudantes e professores Conectando escolas com software gratuito, recursos e curr\u00edculo nas \u00e1reas de ci\u00eancia, tecnologia, engenharia e matem\u00e1tica.","robots":{"index":"index","follow":"follow","max-snippet":"max-snippet:-1","max-image-preview":"max-image-preview:large","max-video-preview":"max-video-preview:-1"},"canonical":"https:\/\/solidedge.siemens.com\/pt-br\/industries\/academic\/","og_locale":"pt_BR","og_type":"article","og_title":"Acad\u00eamico | Software para Estudantes e Professores | Solid Edge","og_description":"Saiba mais sobre os programas acad\u00eamicos do Solid Edge para estudantes e professores Conectando escolas com software gratuito, recursos e curr\u00edculo nas \u00e1reas de ci\u00eancia, tecnologia, engenharia e matem\u00e1tica.","og_url":"https:\/\/solidedge.siemens.com\/pt-br\/industries\/academic\/","og_site_name":"Solid Edge","article_publisher":"https:\/\/www.facebook.com\/solidedge","article_modified_time":"2019-09-03T18:11:45+00:00","twitter_card":"summary_large_image","twitter_site":"@siemensplm","twitter_misc":{"Est. tempo de leitura":"3 minutos"},"schema":{"@context":"https:\/\/schema.org","@graph":[{"@type":"Organization","@id":"https:\/\/solidedge.siemens.com\/en\/#organization","name":"Siemens Digital Industries Software","url":"https:\/\/solidedge.siemens.com\/en\/","sameAs":["https:\/\/www.facebook.com\/solidedge","https:\/\/www.instagram.com\/siemens\/","https:\/\/www.linkedin.com\/company\/siemens-plm-software","https:\/\/www.youtube.com\/user\/PolarionSoftware","https:\/\/twitter.com\/siemensplm"],"logo":{"@type":"ImageObject","@id":"https:\/\/solidedge.siemens.com\/en\/#logo","inLanguage":"pt-BR","url":"https:\/\/solidedge.siemens.com\/wp-content\/uploads\/2018\/04\/logo-siemens-ifl@2x.png","contentUrl":"https:\/\/solidedge.siemens.com\/wp-content\/uploads\/2018\/04\/logo-siemens-ifl@2x.png","width":640,"height":270,"caption":"Siemens Digital Industries Software"},"image":{"@id":"https:\/\/solidedge.siemens.com\/en\/#logo"}},{"@type":"WebSite","@id":"https:\/\/solidedge.siemens.com\/en\/#website","url":"https:\/\/solidedge.siemens.com\/en\/","name":"Solid Edge","description":"Siemens Software","publisher":{"@id":"https:\/\/solidedge.siemens.com\/en\/#organization"},"potentialAction":[{"@type":"SearchAction","target":{"@type":"EntryPoint","urlTemplate":"https:\/\/solidedge.siemens.com\/en\/?s={search_term_string}"},"query-input":"required name=search_term_string"}],"inLanguage":"pt-BR"},{"@type":"WebPage","@id":"https:\/\/solidedge.siemens.com\/pt-br\/industries\/academic\/#webpage","url":"https:\/\/solidedge.siemens.com\/pt-br\/industries\/academic\/","name":"Acad\u00eamico | Software para Estudantes e Professores | Solid Edge","isPartOf":{"@id":"https:\/\/solidedge.siemens.com\/en\/#website"},"datePublished":"2018-03-30T19:18:47+00:00","dateModified":"2019-09-03T18:11:45+00:00","description":"Saiba mais sobre os programas acad\u00eamicos do Solid Edge para estudantes e professores Conectando escolas com software gratuito, recursos e curr\u00edculo nas \u00e1reas de ci\u00eancia, tecnologia, engenharia e matem\u00e1tica.","breadcrumb":{"@id":"https:\/\/solidedge.siemens.com\/pt-br\/industries\/academic\/#breadcrumb"},"inLanguage":"pt-BR","potentialAction":[{"@type":"ReadAction","target":["https:\/\/solidedge.siemens.com\/pt-br\/industries\/academic\/"]}]},{"@type":"BreadcrumbList","@id":"https:\/\/solidedge.siemens.com\/pt-br\/industries\/academic\/#breadcrumb","itemListElement":[{"@type":"ListItem","position":1,"name":"Home","item":"https:\/\/solidedge.siemens.com\/en\/home-11\/"},{"@type":"ListItem","position":2,"name":"Setores","item":"https:\/\/solidedge.siemens.com\/pt-br\/industries\/"},{"@type":"ListItem","position":3,"name":"Acad\u00eamico"}]}]}},"_links":{"self":[{"href":"https:\/\/solidedge.siemens.com\/pt-br\/wp-json\/wp\/v2\/pages\/2260"}],"collection":[{"href":"https:\/\/solidedge.siemens.com\/pt-br\/wp-json\/wp\/v2\/pages"}],"about":[{"href":"https:\/\/solidedge.siemens.com\/pt-br\/wp-json\/wp\/v2\/types\/page"}],"author":[{"embeddable":true,"href":"https:\/\/solidedge.siemens.com\/pt-br\/wp-json\/wp\/v2\/users\/5"}],"replies":[{"embeddable":true,"href":"https:\/\/solidedge.siemens.com\/pt-br\/wp-json\/wp\/v2\/comments?post=2260"}],"version-history":[{"count":0,"href":"https:\/\/solidedge.siemens.com\/pt-br\/wp-json\/wp\/v2\/pages\/2260\/revisions"}],"up":[{"embeddable":true,"href":"https:\/\/solidedge.siemens.com\/pt-br\/wp-json\/wp\/v2\/pages\/2827"}],"wp:attachment":[{"href":"https:\/\/solidedge.siemens.com\/pt-br\/wp-json\/wp\/v2\/media?parent=2260"}],"curies":[{"name":"wp","href":"https:\/\/api.w.org\/{rel}","templated":true}]}}