{"id":2195,"date":"2018-03-30T15:38:33","date_gmt":"2018-03-30T19:38:33","guid":{"rendered":"https:\/\/solidedge.siemens.com\/on-demand-webinars\/"},"modified":"2019-09-03T14:11:48","modified_gmt":"2019-09-03T18:11:48","slug":"on-demand-webinars","status":"publish","type":"page","link":"https:\/\/solidedge.siemens.com\/pt-br\/resources\/on-demand-webinars\/","title":{"rendered":"Webinars Sob Demanda"},"content":{"rendered":"<p>[vc_row el_class=&#8221;vc-row-page-text-intro&#8221;][vc_column][vc_column_text]<\/p>\n<h1>Webinars Sob Demanda<\/h1>\n<p>[\/vc_column_text][vc_column_text]<form autocomplete=\"off\" name=\"wpv-filter-13213\" action=\"\/pt-br\/wp-json\/wp\/v2\/pages\/2195?wpv_view_count=13213\" method=\"get\" class=\"wpv-filter-form js-wpv-filter-form js-wpv-filter-form-13213 js-wpv-form-full js-wpv-dps-enabled js-wpv-ajax-results-enabled\" data-viewnumber=\"13213\" data-viewid=\"13213\" data-viewhash=\"eyJuYW1lIjoicmVzb3VyY2UtY2VudGVyLXR5cGUtd2ViaW5hci1zZWFyY2gifQ==\" data-viewwidgetid=\"0\" data-orderby=\"\" data-order=\"\" data-orderbyas=\"\" data-orderbysecond=\"\" data-ordersecond=\"\" data-parametric=\"{&quot;query&quot;:&quot;normal&quot;,&quot;id&quot;:13213,&quot;view_id&quot;:13213,&quot;widget_id&quot;:0,&quot;view_hash&quot;:&quot;13213&quot;,&quot;action&quot;:&quot;\\\/pt-br\\\/wp-json\\\/wp\\\/v2\\\/pages\\\/2195?wpv_view_count=13213&quot;,&quot;sort&quot;:{&quot;orderby&quot;:&quot;&quot;,&quot;order&quot;:&quot;&quot;,&quot;orderby_as&quot;:&quot;&quot;,&quot;orderby_second&quot;:&quot;&quot;,&quot;order_second&quot;:&quot;&quot;},&quot;orderby&quot;:&quot;&quot;,&quot;order&quot;:&quot;&quot;,&quot;orderby_as&quot;:&quot;&quot;,&quot;orderby_second&quot;:&quot;&quot;,&quot;order_second&quot;:&quot;&quot;,&quot;ajax_form&quot;:&quot;&quot;,&quot;ajax_results&quot;:&quot;&quot;,&quot;effect&quot;:&quot;fade&quot;,&quot;prebefore&quot;:&quot;&quot;,&quot;before&quot;:&quot;&quot;,&quot;after&quot;:&quot;&quot;,&quot;attributes&quot;:[],&quot;environment&quot;:{&quot;current_post_id&quot;:2195,&quot;parent_post_id&quot;:2195,&quot;parent_term_id&quot;:0,&quot;parent_user_id&quot;:0,&quot;archive&quot;:{&quot;type&quot;:&quot;&quot;,&quot;name&quot;:&quot;&quot;,&quot;data&quot;:[]}},&quot;loop&quot;:{&quot;type&quot;:&quot;&quot;,&quot;name&quot;:&quot;&quot;,&quot;data&quot;:[],&quot;id&quot;:0}}\" data-attributes=\"[]\" data-environment=\"{&quot;current_post_id&quot;:2195,&quot;parent_post_id&quot;:2195,&quot;parent_term_id&quot;:0,&quot;parent_user_id&quot;:0,&quot;archive&quot;:{&quot;type&quot;:&quot;&quot;,&quot;name&quot;:&quot;&quot;,&quot;data&quot;:[]}}\"><input type=\"hidden\" class=\"js-wpv-dps-filter-data js-wpv-filter-data-for-this-form\" data-action=\"\/pt-br\/wp-json\/wp\/v2\/pages\/2195?wpv_view_count=13213\" data-page=\"1\" data-ajax=\"enable\" data-effect=\"fade\" data-maxpages=\"1\" data-ajaxprebefore=\"\" data-ajaxbefore=\"\" data-ajaxafter=\"\" \/><input class=\"wpv_view_count wpv_view_count-13213\" type=\"hidden\" name=\"wpv_view_count\" value=\"13213\" \/>\n\n<div class=\"row resource-filters\">\n\t<div class=\"col-sm-6\">\n\t\t<div class=\"form-group resource-filter resource-filter-subject\">\n\t\t\t<label class=\"filter-label\">Resource Subjects<\/label>\n\t\t\t<select name=\"wpv-resource-subject[]\" class=\"js-wpv-filter-trigger form-control\" multiple=\"multiple\" size=\"10\"><option value=\"3d-design-pt-br\">Projeto 3D<\/option><option value=\"3d-design-pt-br\">Projeto 3D<\/option><option value=\"3d-design-pt-br\">Projeto 3D<\/option><option value=\"3d-design-pt-br\">Projeto 3D<\/option><option value=\"3d-design-pt-br\">Projeto 3D<\/option><option value=\"3d-design-pt-br\">Projeto 3D<\/option><option value=\"3d-design-pt-br\">Projeto 3D<\/option><option value=\"3d-design-pt-br\">Projeto 3D<\/option><option value=\"computer-aided-design-cad-pt-br\">Desenho Assistido por Computador (CAD)<\/option><option value=\"computer-aided-design-cad-pt-br\">Desenho Assistido por Computador (CAD)<\/option><option value=\"computer-aided-design-cad-pt-br\">Desenho Assistido por Computador (CAD)<\/option><option value=\"computer-aided-design-cad-pt-br\">Desenho Assistido por Computador (CAD)<\/option><option value=\"3d-design-pt-br\">Projeto 3D<\/option><option value=\"computer-aided-design-cad-pt-br\">Desenho Assistido por Computador (CAD)<\/option><option value=\"projeto-generativo\">Projeto Generativo<\/option><option value=\"computer-aided-design-cad-pt-br\">Desenho Assistido por Computador (CAD)<\/option><option value=\"3d-design-pt-br\">Projeto 3D<\/option><option value=\"computer-aided-design-cad-pt-br\">Desenho Assistido por Computador (CAD)<\/option><option value=\"projeto-generativo\">Projeto Generativo<\/option><option value=\"projeto-generativo\">Projeto Generativo<\/option><option value=\"projeto-generativo\">Projeto Generativo<\/option><option value=\"projeto-generativo\">Projeto Generativo<\/option><option value=\"projeto-generativo\">Projeto Generativo<\/option><option value=\"computer-aided-design-cad-pt-br\">Desenho Assistido por Computador (CAD)<\/option><option value=\"3d-design-pt-br\">Projeto 3D<\/option><option value=\"projeto-generativo\">Projeto Generativo<\/option><option value=\"3d-design-pt-br\">Projeto 3D<\/option><option value=\"projeto-generativo\">Projeto Generativo<\/option><option value=\"3d-design-pt-br\">Projeto 3D<\/option><option value=\"projeto-generativo\">Projeto Generativo<\/option><option value=\"technical-publications-pt-br\">Publica\u00e7\u00f5es T\u00e9cnicas<\/option><option value=\"technical-publications-pt-br\">Publica\u00e7\u00f5es T\u00e9cnicas<\/option><option value=\"technical-publications-pt-br\">Publica\u00e7\u00f5es T\u00e9cnicas<\/option><option value=\"technical-publications-pt-br\">Publica\u00e7\u00f5es T\u00e9cnicas<\/option><option value=\"technical-publications-pt-br\">Publica\u00e7\u00f5es T\u00e9cnicas<\/option><option value=\"technical-publications-pt-br\">Publica\u00e7\u00f5es T\u00e9cnicas<\/option><option value=\"technical-publications-pt-br\">Publica\u00e7\u00f5es T\u00e9cnicas<\/option><option value=\"technical-publications-pt-br\">Publica\u00e7\u00f5es T\u00e9cnicas<\/option><option value=\"technical-publications-pt-br\">Publica\u00e7\u00f5es T\u00e9cnicas<\/option><option value=\"computer-aided-design-cad-pt-br\">Desenho Assistido por Computador (CAD)<\/option><option value=\"computer-aided-design-cad-pt-br\">Desenho Assistido por Computador (CAD)<\/option><option value=\"projeto-generativo\">Projeto Generativo<\/option><option value=\"technical-publications-pt-br\">Publica\u00e7\u00f5es T\u00e9cnicas<\/option><option value=\"computer-aided-design-cad-pt-br\">Desenho Assistido por Computador (CAD)<\/option><option value=\"projeto-generativo\">Projeto Generativo<\/option><option value=\"technical-publications-pt-br\">Publica\u00e7\u00f5es T\u00e9cnicas<\/option><option value=\"projeto-generativo\">Projeto Generativo<\/option><option value=\"technical-publications-pt-br\">Publica\u00e7\u00f5es T\u00e9cnicas<\/option><option value=\"computer-aided-design-cad-pt-br\">Desenho Assistido por Computador (CAD)<\/option><option value=\"technical-publications-pt-br\">Publica\u00e7\u00f5es T\u00e9cnicas<\/option><option value=\"projeto-generativo\">Projeto Generativo<\/option><\/select>\n\t\t<\/div>\n\t<\/div>\n    <div class=\"col-sm-6\">\n\t\t<div class=\"form-group resource-filter resource-filter-search\">\n\t\t\t<label class=\"filter-label\">Search<\/label>\n\t\t\t<div class=\"form-group\"><input type=\"text\" name=\"wpv_post_search\"  class=\"js-wpv-filter-trigger-delayed search-start form-control\" placeholder=\"Search for...\" \/><br\/>\n          <input type=\"submit\" class=\"search-start wpv-submit-trigger js-wpv-submit-trigger btn\" name=\"wpv_filter_submit\" value=\"Search\" \/><input type=\"button\" class=\"search-clear wpv-reset-trigger js-wpv-reset-trigger btn\" name=\"wpv_filter_reset\" value=\"Clear\" \/><\/div>\n\t\t<\/div>\n\t<\/div>\n<\/div>\n\n<\/form>\n<div id=\"wpv-view-layout-13213\" class=\"js-wpv-view-layout js-wpv-layout-responsive js-wpv-view-layout-13213 wpv-pagination js-wpv-layout-has-pagination wpv-pagination-preload-images js-wpv-layout-preload-images wpv-pagination-preload-pages js-wpv-layout-preload-pages\" style=\"visibility:hidden;\" data-viewnumber=\"13213\" data-pagination=\"{&quot;id&quot;:13213,&quot;query&quot;:&quot;normal&quot;,&quot;type&quot;:&quot;ajaxed&quot;,&quot;effect&quot;:&quot;slideh&quot;,&quot;duration&quot;:250,&quot;speed&quot;:5,&quot;pause_on_hover&quot;:&quot;disabled&quot;,&quot;stop_rollover&quot;:&quot;false&quot;,&quot;cache_pages&quot;:&quot;enabled&quot;,&quot;preload_images&quot;:&quot;enabled&quot;,&quot;preload_pages&quot;:&quot;enabled&quot;,&quot;preload_reach&quot;:2,&quot;spinner&quot;:&quot;builtin&quot;,&quot;spinner_image&quot;:&quot;https:\/\/solidedge.siemens.com\/wp-content\/plugins\/wp-views\/embedded\/res\/img\/ajax-loader4.gif&quot;,&quot;callback_next&quot;:&quot;&quot;,&quot;manage_history&quot;:&quot;disabled&quot;,&quot;has_controls_in_form&quot;:&quot;disabled&quot;,&quot;infinite_tolerance&quot;:0,&quot;max_pages&quot;:1,&quot;page&quot;:1,&quot;base_permalink&quot;:&quot;\/pt-br\/wp-json\/wp\/v2\/pages\/2195?wpv_view_count=13213&amp;wpv_paged=WPV_PAGE_NUM&quot;,&quot;loop&quot;:{&quot;type&quot;:&quot;&quot;,&quot;name&quot;:&quot;&quot;,&quot;data&quot;:[],&quot;id&quot;:0}}\" data-permalink=\"\/pt-br\/wp-json\/wp\/v2\/pages\/2195?wpv_view_count=13213\">\n\n\t\n\t<div class=\"resource-center-listings row is-flex\">\n\t\t\n\t\t\n<a href=\"https:\/\/solidedge.siemens.com\/pt-br\/resource\/on-demand-webinar-pt-br\/when-to-use-history-based-direct-and-synchronous-modeling\/\" title=\"Quando utilizar a modelagem baseada no hist\u00f3rico, direta e s\u00edncrona\" class=\"resource-center-single col-md-4 col-sm-6 col-xs-12\">\n  <div class=\"resource-interior\">\n\t<img src=\"https:\/\/solidedge.siemens.com\/wp-content\/uploads\/2018\/05\/resources-webinar-synchronous-technology-750x428-473x270.jpg\" class=\"attachment-medium size-medium resource-featured-image wp-post-image\" \/>\n\t<span class=\"resource-information\">\n      <span class=\"resource-type\">Webinar Sob Demanda<\/span>\n      <h3 class=\"resource-title\">Quando utilizar a modelagem baseada no hist\u00f3rico, direta e s\u00edncrona<\/h3>\n      <span class=\"resource-excerpt\"><\/span>\n      <!-- <span class=\"resource-more\"><i class=\"fa fa-angle-right\" aria-hidden=\"true\"><\/i><\/span> -->\n\t<\/span><!-- end .resource-information -->\n  <\/div><!-- end .resource-interior -->\n<\/a><!-- end .resource-center-single -->\n\t\t\n<a href=\"https:\/\/solidedge.siemens.com\/pt-br\/resource\/on-demand-webinar-pt-br\/getting-started-with-technical-publications\/\" title=\"Introdu\u00e7\u00e3o \u00e0s Publica\u00e7\u00f5es T\u00e9cnicas\" class=\"resource-center-single col-md-4 col-sm-6 col-xs-12\">\n  <div class=\"resource-interior\">\n\t<img src=\"https:\/\/solidedge.siemens.com\/wp-content\/uploads\/2018\/05\/resources-webinar-technical-publications-750x428-473x270.jpg\" class=\"attachment-medium size-medium resource-featured-image wp-post-image\" \/>\n\t<span class=\"resource-information\">\n      <span class=\"resource-type\">Webinar Sob Demanda<\/span>\n      <h3 class=\"resource-title\">Introdu\u00e7\u00e3o \u00e0s Publica\u00e7\u00f5es T\u00e9cnicas<\/h3>\n      <span class=\"resource-excerpt\"><p>Our technical publications solution can quickly create many types of technical documents &#8211; from simple illustrations to interactive 3D technical documents.<\/p>\n<\/span>\n      <!-- <span class=\"resource-more\"><i class=\"fa fa-angle-right\" aria-hidden=\"true\"><\/i><\/span> -->\n\t<\/span><!-- end .resource-information -->\n  <\/div><!-- end .resource-interior -->\n<\/a><!-- end .resource-center-single -->\n\t\t\n<a href=\"https:\/\/solidedge.siemens.com\/pt-br\/resource\/on-demand-webinar-pt-br\/how-to-create-lighter-stronger-cheaper-products-with-generative-design\/\" title=\"Projeto Generativo\" class=\"resource-center-single col-md-4 col-sm-6 col-xs-12\">\n  <div class=\"resource-interior\">\n\t<img src=\"https:\/\/solidedge.siemens.com\/wp-content\/uploads\/2018\/05\/resources-webinar-generative-design-750x428-473x270.jpg\" alt=\"Create lighter, stronger, cheaper products with generative design\" class=\"attachment-medium size-medium resource-featured-image wp-post-image\" \/>\n\t<span class=\"resource-information\">\n      <span class=\"resource-type\">Webinar Sob Demanda<\/span>\n      <h3 class=\"resource-title\">Projeto Generativo<\/h3>\n      <span class=\"resource-excerpt\"><\/span>\n      <!-- <span class=\"resource-more\"><i class=\"fa fa-angle-right\" aria-hidden=\"true\"><\/i><\/span> -->\n\t<\/span><!-- end .resource-information -->\n  <\/div><!-- end .resource-interior -->\n<\/a><!-- end .resource-center-single -->\n\t\t\n<a href=\"https:\/\/solidedge.siemens.com\/pt-br\/resource\/on-demand-webinar-pt-br\/design-validation\/\" title=\"Valida\u00e7\u00e3o do projeto\" class=\"resource-center-single col-md-4 col-sm-6 col-xs-12\">\n  <div class=\"resource-interior\">\n\t<img src=\"https:\/\/solidedge.siemens.com\/wp-content\/uploads\/2018\/05\/resources-webinar-design-validation-750x428-473x270.jpg\" class=\"attachment-medium size-medium resource-featured-image wp-post-image\" \/>\n\t<span class=\"resource-information\">\n      <span class=\"resource-type\">Webinar Sob Demanda<\/span>\n      <h3 class=\"resource-title\">Valida\u00e7\u00e3o do projeto<\/h3>\n      <span class=\"resource-excerpt\"><\/span>\n      <!-- <span class=\"resource-more\"><i class=\"fa fa-angle-right\" aria-hidden=\"true\"><\/i><\/span> -->\n\t<\/span><!-- end .resource-information -->\n  <\/div><!-- end .resource-interior -->\n<\/a><!-- end .resource-center-single -->\n\t\t\n<a href=\"https:\/\/solidedge.siemens.com\/pt-br\/resource\/on-demand-webinar-pt-br\/electromechanical-design-for-todays-engineers\/\" title=\"Electromechanical design for today&#8217;s engineers\" class=\"resource-center-single col-md-4 col-sm-6 col-xs-12\">\n  <div class=\"resource-interior\">\n\t\n\t<span class=\"resource-information\">\n      <span class=\"resource-type\">Webinar Sob Demanda<\/span>\n      <h3 class=\"resource-title\">Electromechanical design for today&#8217;s engineers<\/h3>\n      <span class=\"resource-excerpt\"><p>Learn the latest techniques in electromechanical design<\/p>\n<\/span>\n      <!-- <span class=\"resource-more\"><i class=\"fa fa-angle-right\" aria-hidden=\"true\"><\/i><\/span> -->\n\t<\/span><!-- end .resource-information -->\n  <\/div><!-- end .resource-interior -->\n<\/a><!-- end .resource-center-single -->\n\t\t\n<a href=\"https:\/\/solidedge.siemens.com\/pt-br\/resource\/on-demand-webinar-pt-br\/large-assembly-optimal-performance\/\" title=\"Cinco dicas para desempenho de grandes montagens\" class=\"resource-center-single col-md-4 col-sm-6 col-xs-12\">\n  <div class=\"resource-interior\">\n\t<img src=\"https:\/\/solidedge.siemens.com\/wp-content\/uploads\/2021\/03\/Grande-Conjunto-850x478-1-480x270.jpg\" class=\"attachment-medium size-medium resource-featured-image wp-post-image\" \/>\n\t<span class=\"resource-information\">\n      <span class=\"resource-type\">Webinar Sob Demanda<\/span>\n      <h3 class=\"resource-title\">Cinco dicas para desempenho de grandes montagens<\/h3>\n      <span class=\"resource-excerpt\"><p>Cinco dicas para se obter desempenho em uma grande montagem, se a montagem com a qual voc\u00ea est\u00e1 trabalhando tem 1.000 pe\u00e7as ou mais de 100.000 pe\u00e7as Grande Conjunto Voc\u00ea aprender\u00e1 sobre os bons h\u00e1bitos de modelagem e gerenciamento de conjuntos CAD de t&#8230;<\/p>\n<\/span>\n      <!-- <span class=\"resource-more\"><i class=\"fa fa-angle-right\" aria-hidden=\"true\"><\/i><\/span> -->\n\t<\/span><!-- end .resource-information -->\n  <\/div><!-- end .resource-interior -->\n<\/a><!-- end .resource-center-single -->\n\t\t\n\t\t\n\t\n\t\n<ul class=\"pagination\">\n\t<li class=\"page-item pagination-previous\"><\/li>\n\t<li class=\"page-item pagination-next\"><\/li>\n<\/ul>\n      <\/div><!-- end .resource-center-listings -->\n<\/div>[\/vc_column_text][\/vc_column][\/vc_row][vc_row full_width=&#8221;stretch_row&#8221; el_class=&#8221;footer-contact&#8221; css=&#8221;.vc_custom_1550170708528{background-color: #dedee3 !important;}&#8221;][vc_column]<div class=\"wpb_content_block wpb_content_element\"><div class=\"wpb_wrapper\"><\/div><\/div>[\/vc_column][\/vc_row]<\/p>\n","protected":false},"excerpt":{"rendered":"<p> Webinars Sob Demanda [\/vc_column_text] Resource Subjects Projeto 3DProjeto 3DProjeto 3DProjeto 3DProjeto 3DProjeto 3DProjeto 3DProjeto 3DDesenho Assistido por Computador (CAD)Desenho Assistido por Computador (CAD)Desenho Assistido por Computador (CAD)Desenho Assistido por Computador (CAD)Projeto 3DDesenho Assistido por Computador (CAD)Projeto GenerativoDesenho Assistido por Computador (CAD)Projeto 3DDesenho Assistido por Computador (CAD)Projeto GenerativoProjeto GenerativoProjeto GenerativoProjeto GenerativoProjeto GenerativoDesenho Assistido por [&hellip;]<\/p>\n","protected":false},"author":5,"featured_media":0,"parent":2806,"menu_order":3,"comment_status":"closed","ping_status":"closed","template":"","meta":{"inline_featured_image":false},"yoast_head":"<!-- This site is optimized with the Yoast SEO plugin v18.4.1 - https:\/\/yoast.com\/wordpress\/plugins\/seo\/ -->\n<title>Webinars Sob Demanda | Reprodu\u00e7\u00f5es | Solid Edge<\/title>\n<meta name=\"description\" content=\"Webinars Sob Demanda: aprenda as melhores pr\u00e1ticas, dicas e truques e receba treinamento atualizado sobre t\u00f3picos do Solid Edge, incluindo projeto 3D, simula\u00e7\u00e3o, manufatura, impress\u00e3o 3D, publica\u00e7\u00f5es t\u00e9cnicas, gerenciamento de dados e muito mais.\" \/>\n<meta name=\"robots\" content=\"index, follow, max-snippet:-1, max-image-preview:large, max-video-preview:-1\" \/>\n<link rel=\"canonical\" href=\"https:\/\/solidedge.siemens.com\/pt-br\/resources\/on-demand-webinars\/\" \/>\n<meta property=\"og:locale\" content=\"pt_BR\" \/>\n<meta property=\"og:type\" content=\"article\" \/>\n<meta property=\"og:title\" content=\"Webinars Sob Demanda | Reprodu\u00e7\u00f5es | Solid Edge\" \/>\n<meta property=\"og:description\" content=\"Webinars Sob Demanda: aprenda as melhores pr\u00e1ticas, dicas e truques e receba treinamento atualizado sobre t\u00f3picos do Solid Edge, incluindo projeto 3D, simula\u00e7\u00e3o, manufatura, impress\u00e3o 3D, publica\u00e7\u00f5es t\u00e9cnicas, gerenciamento de dados e muito mais.\" \/>\n<meta property=\"og:url\" content=\"https:\/\/solidedge.siemens.com\/pt-br\/resources\/on-demand-webinars\/\" \/>\n<meta property=\"og:site_name\" content=\"Solid Edge\" \/>\n<meta property=\"article:publisher\" content=\"https:\/\/www.facebook.com\/solidedge\" \/>\n<meta property=\"article:modified_time\" content=\"2019-09-03T18:11:48+00:00\" \/>\n<meta name=\"twitter:card\" content=\"summary_large_image\" \/>\n<meta name=\"twitter:site\" content=\"@siemensplm\" \/>\n<script type=\"application\/ld+json\" class=\"yoast-schema-graph\">{\"@context\":\"https:\/\/schema.org\",\"@graph\":[{\"@type\":\"Organization\",\"@id\":\"https:\/\/solidedge.siemens.com\/en\/#organization\",\"name\":\"Siemens Digital Industries Software\",\"url\":\"https:\/\/solidedge.siemens.com\/en\/\",\"sameAs\":[\"https:\/\/www.facebook.com\/solidedge\",\"https:\/\/www.instagram.com\/siemens\/\",\"https:\/\/www.linkedin.com\/company\/siemens-plm-software\",\"https:\/\/www.youtube.com\/user\/PolarionSoftware\",\"https:\/\/twitter.com\/siemensplm\"],\"logo\":{\"@type\":\"ImageObject\",\"@id\":\"https:\/\/solidedge.siemens.com\/en\/#logo\",\"inLanguage\":\"pt-BR\",\"url\":\"https:\/\/solidedge.siemens.com\/wp-content\/uploads\/2018\/04\/logo-siemens-ifl@2x.png\",\"contentUrl\":\"https:\/\/solidedge.siemens.com\/wp-content\/uploads\/2018\/04\/logo-siemens-ifl@2x.png\",\"width\":640,\"height\":270,\"caption\":\"Siemens Digital Industries Software\"},\"image\":{\"@id\":\"https:\/\/solidedge.siemens.com\/en\/#logo\"}},{\"@type\":\"WebSite\",\"@id\":\"https:\/\/solidedge.siemens.com\/en\/#website\",\"url\":\"https:\/\/solidedge.siemens.com\/en\/\",\"name\":\"Solid Edge\",\"description\":\"Siemens Software\",\"publisher\":{\"@id\":\"https:\/\/solidedge.siemens.com\/en\/#organization\"},\"potentialAction\":[{\"@type\":\"SearchAction\",\"target\":{\"@type\":\"EntryPoint\",\"urlTemplate\":\"https:\/\/solidedge.siemens.com\/en\/?s={search_term_string}\"},\"query-input\":\"required name=search_term_string\"}],\"inLanguage\":\"pt-BR\"},{\"@type\":\"WebPage\",\"@id\":\"https:\/\/solidedge.siemens.com\/pt-br\/resources\/on-demand-webinars\/#webpage\",\"url\":\"https:\/\/solidedge.siemens.com\/pt-br\/resources\/on-demand-webinars\/\",\"name\":\"Webinars Sob Demanda | Reprodu\u00e7\u00f5es | Solid Edge\",\"isPartOf\":{\"@id\":\"https:\/\/solidedge.siemens.com\/en\/#website\"},\"datePublished\":\"2018-03-30T19:38:33+00:00\",\"dateModified\":\"2019-09-03T18:11:48+00:00\",\"description\":\"Webinars Sob Demanda: aprenda as melhores pr\u00e1ticas, dicas e truques e receba treinamento atualizado sobre t\u00f3picos do Solid Edge, incluindo projeto 3D, simula\u00e7\u00e3o, manufatura, impress\u00e3o 3D, publica\u00e7\u00f5es t\u00e9cnicas, gerenciamento de dados e muito mais.\",\"breadcrumb\":{\"@id\":\"https:\/\/solidedge.siemens.com\/pt-br\/resources\/on-demand-webinars\/#breadcrumb\"},\"inLanguage\":\"pt-BR\",\"potentialAction\":[{\"@type\":\"ReadAction\",\"target\":[\"https:\/\/solidedge.siemens.com\/pt-br\/resources\/on-demand-webinars\/\"]}]},{\"@type\":\"BreadcrumbList\",\"@id\":\"https:\/\/solidedge.siemens.com\/pt-br\/resources\/on-demand-webinars\/#breadcrumb\",\"itemListElement\":[{\"@type\":\"ListItem\",\"position\":1,\"name\":\"Home\",\"item\":\"https:\/\/solidedge.siemens.com\/en\/home-11\/\"},{\"@type\":\"ListItem\",\"position\":2,\"name\":\"Recursos\",\"item\":\"https:\/\/solidedge.siemens.com\/pt-br\/resources\/\"},{\"@type\":\"ListItem\",\"position\":3,\"name\":\"Webinars Sob Demanda\"}]}]}<\/script>\n<!-- \/ Yoast SEO plugin. -->","yoast_head_json":{"title":"Webinars Sob Demanda | Reprodu\u00e7\u00f5es | Solid Edge","description":"Webinars Sob Demanda: aprenda as melhores pr\u00e1ticas, dicas e truques e receba treinamento atualizado sobre t\u00f3picos do Solid Edge, incluindo projeto 3D, simula\u00e7\u00e3o, manufatura, impress\u00e3o 3D, publica\u00e7\u00f5es t\u00e9cnicas, gerenciamento de dados e muito mais.","robots":{"index":"index","follow":"follow","max-snippet":"max-snippet:-1","max-image-preview":"max-image-preview:large","max-video-preview":"max-video-preview:-1"},"canonical":"https:\/\/solidedge.siemens.com\/pt-br\/resources\/on-demand-webinars\/","og_locale":"pt_BR","og_type":"article","og_title":"Webinars Sob Demanda | Reprodu\u00e7\u00f5es | Solid Edge","og_description":"Webinars Sob Demanda: aprenda as melhores pr\u00e1ticas, dicas e truques e receba treinamento atualizado sobre t\u00f3picos do Solid Edge, incluindo projeto 3D, simula\u00e7\u00e3o, manufatura, impress\u00e3o 3D, publica\u00e7\u00f5es t\u00e9cnicas, gerenciamento de dados e muito mais.","og_url":"https:\/\/solidedge.siemens.com\/pt-br\/resources\/on-demand-webinars\/","og_site_name":"Solid Edge","article_publisher":"https:\/\/www.facebook.com\/solidedge","article_modified_time":"2019-09-03T18:11:48+00:00","twitter_card":"summary_large_image","twitter_site":"@siemensplm","schema":{"@context":"https:\/\/schema.org","@graph":[{"@type":"Organization","@id":"https:\/\/solidedge.siemens.com\/en\/#organization","name":"Siemens Digital Industries Software","url":"https:\/\/solidedge.siemens.com\/en\/","sameAs":["https:\/\/www.facebook.com\/solidedge","https:\/\/www.instagram.com\/siemens\/","https:\/\/www.linkedin.com\/company\/siemens-plm-software","https:\/\/www.youtube.com\/user\/PolarionSoftware","https:\/\/twitter.com\/siemensplm"],"logo":{"@type":"ImageObject","@id":"https:\/\/solidedge.siemens.com\/en\/#logo","inLanguage":"pt-BR","url":"https:\/\/solidedge.siemens.com\/wp-content\/uploads\/2018\/04\/logo-siemens-ifl@2x.png","contentUrl":"https:\/\/solidedge.siemens.com\/wp-content\/uploads\/2018\/04\/logo-siemens-ifl@2x.png","width":640,"height":270,"caption":"Siemens Digital Industries Software"},"image":{"@id":"https:\/\/solidedge.siemens.com\/en\/#logo"}},{"@type":"WebSite","@id":"https:\/\/solidedge.siemens.com\/en\/#website","url":"https:\/\/solidedge.siemens.com\/en\/","name":"Solid Edge","description":"Siemens Software","publisher":{"@id":"https:\/\/solidedge.siemens.com\/en\/#organization"},"potentialAction":[{"@type":"SearchAction","target":{"@type":"EntryPoint","urlTemplate":"https:\/\/solidedge.siemens.com\/en\/?s={search_term_string}"},"query-input":"required name=search_term_string"}],"inLanguage":"pt-BR"},{"@type":"WebPage","@id":"https:\/\/solidedge.siemens.com\/pt-br\/resources\/on-demand-webinars\/#webpage","url":"https:\/\/solidedge.siemens.com\/pt-br\/resources\/on-demand-webinars\/","name":"Webinars Sob Demanda | Reprodu\u00e7\u00f5es | Solid Edge","isPartOf":{"@id":"https:\/\/solidedge.siemens.com\/en\/#website"},"datePublished":"2018-03-30T19:38:33+00:00","dateModified":"2019-09-03T18:11:48+00:00","description":"Webinars Sob Demanda: aprenda as melhores pr\u00e1ticas, dicas e truques e receba treinamento atualizado sobre t\u00f3picos do Solid Edge, incluindo projeto 3D, simula\u00e7\u00e3o, manufatura, impress\u00e3o 3D, publica\u00e7\u00f5es t\u00e9cnicas, gerenciamento de dados e muito mais.","breadcrumb":{"@id":"https:\/\/solidedge.siemens.com\/pt-br\/resources\/on-demand-webinars\/#breadcrumb"},"inLanguage":"pt-BR","potentialAction":[{"@type":"ReadAction","target":["https:\/\/solidedge.siemens.com\/pt-br\/resources\/on-demand-webinars\/"]}]},{"@type":"BreadcrumbList","@id":"https:\/\/solidedge.siemens.com\/pt-br\/resources\/on-demand-webinars\/#breadcrumb","itemListElement":[{"@type":"ListItem","position":1,"name":"Home","item":"https:\/\/solidedge.siemens.com\/en\/home-11\/"},{"@type":"ListItem","position":2,"name":"Recursos","item":"https:\/\/solidedge.siemens.com\/pt-br\/resources\/"},{"@type":"ListItem","position":3,"name":"Webinars Sob Demanda"}]}]}},"_links":{"self":[{"href":"https:\/\/solidedge.siemens.com\/pt-br\/wp-json\/wp\/v2\/pages\/2195"}],"collection":[{"href":"https:\/\/solidedge.siemens.com\/pt-br\/wp-json\/wp\/v2\/pages"}],"about":[{"href":"https:\/\/solidedge.siemens.com\/pt-br\/wp-json\/wp\/v2\/types\/page"}],"author":[{"embeddable":true,"href":"https:\/\/solidedge.siemens.com\/pt-br\/wp-json\/wp\/v2\/users\/5"}],"replies":[{"embeddable":true,"href":"https:\/\/solidedge.siemens.com\/pt-br\/wp-json\/wp\/v2\/comments?post=2195"}],"version-history":[{"count":0,"href":"https:\/\/solidedge.siemens.com\/pt-br\/wp-json\/wp\/v2\/pages\/2195\/revisions"}],"up":[{"embeddable":true,"href":"https:\/\/solidedge.siemens.com\/pt-br\/wp-json\/wp\/v2\/pages\/2806"}],"wp:attachment":[{"href":"https:\/\/solidedge.siemens.com\/pt-br\/wp-json\/wp\/v2\/media?parent=2195"}],"curies":[{"name":"wp","href":"https:\/\/api.w.org\/{rel}","templated":true}]}}