{"id":2131,"date":"2018-03-30T15:41:59","date_gmt":"2018-03-30T19:41:59","guid":{"rendered":"https:\/\/solidedge.siemens.com\/system-requirements\/"},"modified":"2019-09-03T14:11:49","modified_gmt":"2019-09-03T18:11:49","slug":"system-requirements","status":"publish","type":"page","link":"https:\/\/solidedge.siemens.com\/pt-br\/resources\/system-requirements\/","title":{"rendered":"Requisitos do Sistema"},"content":{"rendered":"<p>[vc_row el_class=&#8221;vc-row-lead-in-text-with-icon&#8221;][vc_column][vc_column_text el_class=&#8221;vc-el-lead-in&#8221;]Vis\u00e3o Geral<\/p>\n<h1>Requisitos e Informa\u00e7\u00f5es do<br \/>\nSistema Operacional<\/h1>\n<p>O Solid Edge 2019 est\u00e1 certificado para funcionar com o seguinte:[\/vc_column_text][vc_row_inner][vc_column_inner width=&#8221;5\/6&#8243;][vc_column_text]<\/p>\n<ul class=\"ul-checkmarks\">\n<li>Windows 10 Enterprise ou Professional (apenas 64 bits) vers\u00e3o 1709 ou posterior<\/li>\n<li>Internet Explorer 11<br \/>\nN\u00e3o \u00e9 necess\u00e1rio que o Internet Explorer seja o navegador padr\u00e3o.<br \/>\nO Solid Edge n\u00e3o suporta o novo navegador do Windows 10, o Microsoft Edge.<\/li>\n<li>Microsoft Office Professional 2013, Microsoft Office Professional 2016 ou Microsoft Office 365.<br \/>\nO Solid Edge ST9 foi a \u00faltima vers\u00e3o compat\u00edvel com o Office 2010.<\/li>\n<\/ul>\n<p>[\/vc_column_text][\/vc_column_inner][vc_column_inner width=&#8221;1\/6&#8243;][vc_single_image image=&#8221;905&#8243; img_size=&#8221;full&#8221; alignment=&#8221;center&#8221; el_class=&#8221;vc-el-vector-icon inline-me&#8221;][\/vc_column_inner][\/vc_row_inner][vc_row_inner][vc_column_inner][vc_column_text]<strong>Observa\u00e7\u00f5es: <\/strong><\/p>\n<ul>\n<li>O Solid Edge 2019 \u00e9 um software de 64 bits. O Solid Edge ST6 foi a \u00faltima vers\u00e3o do Solid Edge de 32 bits.<\/li>\n<li>O Windows Home e Windows RT n\u00e3o s\u00e3o suportados.<\/li>\n<li>Recomendamos que o Solid Edge n\u00e3o seja executado em sistemas operacionais Server.<\/li>\n<li>O Solid Edge para de certificar novas vers\u00f5es para um sistema operacional logo ap\u00f3s a Microsoft interromper o suporte para tal sistema. O Solid Edge 2019 n\u00e3o poder\u00e1 ser instalado no Windows Vista ou Windows XP. A Microsoft interrompeu o suporte ao Windows 7 em janeiro de 2015. A Microsoft interrompeu o suporte ao Windows 8.1 em janeiro de 2018. O Solid Edge 2019 permite a instala\u00e7\u00e3o no Windows 7 e Windows 8.1. No entanto, se houver um problema espec\u00edfico no Windows 7 ou no Windows 8.1, n\u00e3o poderemos garantir que uma corre\u00e7\u00e3o possa ser fornecida se for necess\u00e1rio suporte atrav\u00e9s da Microsoft.<\/li>\n<li>O Solid Edge 2019 \u00e9 a vers\u00e3o mais recente para instala\u00e7\u00e3o no Windows 7 ou Windows 8.1.<\/li>\n<\/ul>\n<p>[\/vc_column_text][\/vc_column_inner][\/vc_row_inner][\/vc_column][\/vc_row][vc_row full_width=&#8221;stretch_row&#8221; el_class=&#8221;vc-row-checklist&#8221; css=&#8221;.vc_custom_1525017302079{background-color: #ebf0f5 !important;}&#8221;][vc_column][vc_column_text el_class=&#8221;vc-el-lead-in&#8221;]<\/p>\n<h2>Requisitos do sistema de hardware<\/h2>\n<p>Esta vers\u00e3o do Solid Edge foi certificada para ser executada com a seguinte configura\u00e7\u00e3o:\u00a0[\/vc_column_text][vc_row_inner][vc_column_inner width=&#8221;1\/3&#8243;][vc_column_text]<strong>Configura\u00e7\u00e3o recomendada do sistema<\/strong><\/p>\n<ul class=\"ul-checkmarks\">\n<li>Windows 10 Enterprise ou Professional<br \/>\n(apenas 64 bits) vers\u00e3o 1709 ou posterior<\/li>\n<li>8 GB RAM ou mais<\/li>\n<li>True Color (32 bits) ou 16 milh\u00f5es de cores (24 bits)<\/li>\n<li>Resolu\u00e7\u00e3o da tela: 1280 x 1024 ou maior<\/li>\n<\/ul>\n<p>[\/vc_column_text][\/vc_column_inner][vc_column_inner width=&#8221;2\/3&#8243;][vc_column_text]<strong>Configura\u00e7\u00e3o m\u00ednima do sistema<\/strong><\/p>\n<ul class=\"ul-checkmarks\">\n<li>Qualquer um dos seguintes sistemas operacionais: Windows 10 Enterprise ou Professional (apenas 64 bits) vers\u00e3o 1709 ou posterior OU<br \/>\nWindows 8.1 Pro ou Enterprise (apenas 64 bits) OU<br \/>\nWindows 7 Enterprise, Ultimate ou Professional (apenas 64 bits) com Service Pack 1<\/li>\n<li>4 GB RAM ou mais<\/li>\n<li>65 Mil Cores<\/li>\n<li>Resolu\u00e7\u00e3o da tela: 1280 x 1024 ou maior<\/li>\n<li>S\u00e3o necess\u00e1rios 6,5 GB de espa\u00e7o em disco para a instala\u00e7\u00e3o<\/li>\n<\/ul>\n<p>[\/vc_column_text][\/vc_column_inner][\/vc_row_inner][vc_column_text]Recomendamos que o Solid Edge n\u00e3o seja executado em sistemas operacionais Server.<\/p>\n<p>N\u00e3o \u00e9 necess\u00e1rio que o Internet Explorer seja o navegador padr\u00e3o.<\/p>\n<p>Alguns comandos do Solid Edge requerem o Microsoft Excel. O Solid Edge para de testar com produtos da Microsoft logo ap\u00f3s a Microsoft interromper o suporte dos mesmos. A Microsoft interrompeu o suporte para o Office 2007 em outubro de 2012. A Microsoft interrompeu o suporte padr\u00e3o ao Office 2010 em outubro de 2015. O Solid Edge ST9 foi a \u00faltima vers\u00e3o compat\u00edvel com o Office 2010. Com a vers\u00e3o mais recente do Solid Edge, recomendamos o uso do Microsoft Office Professional 2013 ou Microsoft Office Professional 2016.[\/vc_column_text][\/vc_column][\/vc_row][vc_row full_width=&#8221;stretch_row&#8221; el_class=&#8221;vc-row-free-software&#8221; css=&#8221;.vc_custom_1523912493378{background-color: #006486 !important;}&#8221;][vc_column][vc_column_text el_class=&#8221;vc-el-lead-in&#8221;]Software GRATUITO<\/p>\n<h2>Software de Projeto 3D Gratuito<\/h2>\n<p>[\/vc_column_text][vc_row_inner equal_height=&#8221;yes&#8221;][vc_column_inner width=&#8221;1\/2&#8243; offset=&#8221;vc_col-md-5&#8243;]<div class=\"wpb_content_block wpb_content_element\"><div class=\"wpb_wrapper\"><div class=\"content_block\" id=\"custom_post_widget-418\"><p>[vc_row][vc_column][vc_column_text]<\/p>\n<h3>Experimente o Solid Edge gratuitamente<\/h3>\n<p>Obtenha acesso instant\u00e2neo para fazer um teste gratuito do Solid Edge.[\/vc_column_text][vc_column_text]<a class=\"action-button\" href=\"\/pt-br\/try-now\/\"><i class=\"icon-ext\"><\/i>Come\u00e7ar Agora<\/a>[\/vc_column_text][\/vc_column][\/vc_row]<\/p>\n<\/div><\/div><\/div>[\/vc_column_inner][vc_column_inner width=&#8221;1\/2&#8243; offset=&#8221;vc_col-md-offset-2 vc_col-md-5&#8243;]<div class=\"wpb_content_block wpb_content_element\"><div class=\"wpb_wrapper\"><div class=\"content_block\" id=\"custom_post_widget-419\"><p>[vc_row][vc_column][vc_column_text]<\/p>\n<h3>Software Gratuito para sua Startup<\/h3>\n<p>Se voc\u00ea possui uma startup no est\u00e1gio inicial, em atividade h\u00e1 menos de tr\u00eas anos, voc\u00ea pode se inscrever agora para obter o Solid Edge gratuitamente. Sem taxas de inscri\u00e7\u00e3o![\/vc_column_text][vc_column_text]<a class=\"action-button\" href=\"https:\/\/www.plm.automation.siemens.com\/country\/engage\/topic\/solid-edge-start-up-brasil\/28153\"><i class=\"icon-ext\"><\/i>Solicite Agora<\/a>[\/vc_column_text][\/vc_column][\/vc_row]<\/p>\n<\/div><\/div><\/div>[\/vc_column_inner][\/vc_row_inner][\/vc_column][\/vc_row][vc_row full_width=&#8221;stretch_row&#8221; el_class=&#8221;footer-contact&#8221; css=&#8221;.vc_custom_1550170708528{background-color: #dedee3 !important;}&#8221;][vc_column]<div class=\"wpb_content_block wpb_content_element\"><div class=\"wpb_wrapper\"><\/div><\/div>[\/vc_column][\/vc_row]<\/p>\n","protected":false},"excerpt":{"rendered":"<p>Vis\u00e3o Geral Requisitos e Informa\u00e7\u00f5es do Sistema Operacional O Solid Edge 2019 est\u00e1 certificado para funcionar com o seguinte:[\/vc_column_text] Windows 10 Enterprise ou Professional (apenas 64 bits) vers\u00e3o 1709 ou posterior Internet Explorer 11 N\u00e3o \u00e9 necess\u00e1rio que o Internet Explorer seja o navegador padr\u00e3o. O Solid Edge n\u00e3o suporta o novo [&hellip;]<\/p>\n","protected":false},"author":5,"featured_media":0,"parent":2806,"menu_order":7,"comment_status":"closed","ping_status":"closed","template":"","meta":{"inline_featured_image":false},"yoast_head":"<!-- This site is optimized with the Yoast SEO plugin v18.4.1 - https:\/\/yoast.com\/wordpress\/plugins\/seo\/ -->\n<title>Requisitos do Sistema | Solid Edge | Software de Desenvolvimento de Produtos<\/title>\n<meta name=\"description\" content=\"Encontre os requisitos de sistema para os produtos de software de desenvolvimento de produtos do Solid Edge.\" \/>\n<meta name=\"robots\" content=\"index, follow, max-snippet:-1, max-image-preview:large, max-video-preview:-1\" \/>\n<link rel=\"canonical\" href=\"https:\/\/solidedge.siemens.com\/pt-br\/resources\/system-requirements\/\" \/>\n<meta property=\"og:locale\" content=\"pt_BR\" \/>\n<meta property=\"og:type\" content=\"article\" \/>\n<meta property=\"og:title\" content=\"Requisitos do Sistema | Solid Edge | Software de Desenvolvimento de Produtos\" \/>\n<meta property=\"og:description\" content=\"Encontre os requisitos de sistema para os produtos de software de desenvolvimento de produtos do Solid Edge.\" \/>\n<meta property=\"og:url\" content=\"https:\/\/solidedge.siemens.com\/pt-br\/resources\/system-requirements\/\" \/>\n<meta property=\"og:site_name\" content=\"Solid Edge\" \/>\n<meta property=\"article:publisher\" content=\"https:\/\/www.facebook.com\/solidedge\" \/>\n<meta property=\"article:modified_time\" content=\"2019-09-03T18:11:49+00:00\" \/>\n<meta name=\"twitter:card\" content=\"summary_large_image\" \/>\n<meta name=\"twitter:site\" content=\"@siemensplm\" \/>\n<meta name=\"twitter:label1\" content=\"Est. tempo de leitura\" \/>\n\t<meta name=\"twitter:data1\" content=\"4 minutos\" \/>\n<script type=\"application\/ld+json\" class=\"yoast-schema-graph\">{\"@context\":\"https:\/\/schema.org\",\"@graph\":[{\"@type\":\"Organization\",\"@id\":\"https:\/\/solidedge.siemens.com\/en\/#organization\",\"name\":\"Siemens Digital Industries Software\",\"url\":\"https:\/\/solidedge.siemens.com\/en\/\",\"sameAs\":[\"https:\/\/www.facebook.com\/solidedge\",\"https:\/\/www.instagram.com\/siemens\/\",\"https:\/\/www.linkedin.com\/company\/siemens-plm-software\",\"https:\/\/www.youtube.com\/user\/PolarionSoftware\",\"https:\/\/twitter.com\/siemensplm\"],\"logo\":{\"@type\":\"ImageObject\",\"@id\":\"https:\/\/solidedge.siemens.com\/en\/#logo\",\"inLanguage\":\"pt-BR\",\"url\":\"https:\/\/solidedge.siemens.com\/wp-content\/uploads\/2018\/04\/logo-siemens-ifl@2x.png\",\"contentUrl\":\"https:\/\/solidedge.siemens.com\/wp-content\/uploads\/2018\/04\/logo-siemens-ifl@2x.png\",\"width\":640,\"height\":270,\"caption\":\"Siemens Digital Industries Software\"},\"image\":{\"@id\":\"https:\/\/solidedge.siemens.com\/en\/#logo\"}},{\"@type\":\"WebSite\",\"@id\":\"https:\/\/solidedge.siemens.com\/en\/#website\",\"url\":\"https:\/\/solidedge.siemens.com\/en\/\",\"name\":\"Solid Edge\",\"description\":\"Siemens Software\",\"publisher\":{\"@id\":\"https:\/\/solidedge.siemens.com\/en\/#organization\"},\"potentialAction\":[{\"@type\":\"SearchAction\",\"target\":{\"@type\":\"EntryPoint\",\"urlTemplate\":\"https:\/\/solidedge.siemens.com\/en\/?s={search_term_string}\"},\"query-input\":\"required name=search_term_string\"}],\"inLanguage\":\"pt-BR\"},{\"@type\":\"WebPage\",\"@id\":\"https:\/\/solidedge.siemens.com\/pt-br\/resources\/system-requirements\/#webpage\",\"url\":\"https:\/\/solidedge.siemens.com\/pt-br\/resources\/system-requirements\/\",\"name\":\"Requisitos do Sistema | Solid Edge | Software de Desenvolvimento de Produtos\",\"isPartOf\":{\"@id\":\"https:\/\/solidedge.siemens.com\/en\/#website\"},\"datePublished\":\"2018-03-30T19:41:59+00:00\",\"dateModified\":\"2019-09-03T18:11:49+00:00\",\"description\":\"Encontre os requisitos de sistema para os produtos de software de desenvolvimento de produtos do Solid Edge.\",\"breadcrumb\":{\"@id\":\"https:\/\/solidedge.siemens.com\/pt-br\/resources\/system-requirements\/#breadcrumb\"},\"inLanguage\":\"pt-BR\",\"potentialAction\":[{\"@type\":\"ReadAction\",\"target\":[\"https:\/\/solidedge.siemens.com\/pt-br\/resources\/system-requirements\/\"]}]},{\"@type\":\"BreadcrumbList\",\"@id\":\"https:\/\/solidedge.siemens.com\/pt-br\/resources\/system-requirements\/#breadcrumb\",\"itemListElement\":[{\"@type\":\"ListItem\",\"position\":1,\"name\":\"Home\",\"item\":\"https:\/\/solidedge.siemens.com\/en\/home-11\/\"},{\"@type\":\"ListItem\",\"position\":2,\"name\":\"Recursos\",\"item\":\"https:\/\/solidedge.siemens.com\/pt-br\/resources\/\"},{\"@type\":\"ListItem\",\"position\":3,\"name\":\"Requisitos do Sistema\"}]}]}<\/script>\n<!-- \/ Yoast SEO plugin. -->","yoast_head_json":{"title":"Requisitos do Sistema | Solid Edge | Software de Desenvolvimento de Produtos","description":"Encontre os requisitos de sistema para os produtos de software de desenvolvimento de produtos do Solid Edge.","robots":{"index":"index","follow":"follow","max-snippet":"max-snippet:-1","max-image-preview":"max-image-preview:large","max-video-preview":"max-video-preview:-1"},"canonical":"https:\/\/solidedge.siemens.com\/pt-br\/resources\/system-requirements\/","og_locale":"pt_BR","og_type":"article","og_title":"Requisitos do Sistema | Solid Edge | Software de Desenvolvimento de Produtos","og_description":"Encontre os requisitos de sistema para os produtos de software de desenvolvimento de produtos do Solid Edge.","og_url":"https:\/\/solidedge.siemens.com\/pt-br\/resources\/system-requirements\/","og_site_name":"Solid Edge","article_publisher":"https:\/\/www.facebook.com\/solidedge","article_modified_time":"2019-09-03T18:11:49+00:00","twitter_card":"summary_large_image","twitter_site":"@siemensplm","twitter_misc":{"Est. tempo de leitura":"4 minutos"},"schema":{"@context":"https:\/\/schema.org","@graph":[{"@type":"Organization","@id":"https:\/\/solidedge.siemens.com\/en\/#organization","name":"Siemens Digital Industries Software","url":"https:\/\/solidedge.siemens.com\/en\/","sameAs":["https:\/\/www.facebook.com\/solidedge","https:\/\/www.instagram.com\/siemens\/","https:\/\/www.linkedin.com\/company\/siemens-plm-software","https:\/\/www.youtube.com\/user\/PolarionSoftware","https:\/\/twitter.com\/siemensplm"],"logo":{"@type":"ImageObject","@id":"https:\/\/solidedge.siemens.com\/en\/#logo","inLanguage":"pt-BR","url":"https:\/\/solidedge.siemens.com\/wp-content\/uploads\/2018\/04\/logo-siemens-ifl@2x.png","contentUrl":"https:\/\/solidedge.siemens.com\/wp-content\/uploads\/2018\/04\/logo-siemens-ifl@2x.png","width":640,"height":270,"caption":"Siemens Digital Industries Software"},"image":{"@id":"https:\/\/solidedge.siemens.com\/en\/#logo"}},{"@type":"WebSite","@id":"https:\/\/solidedge.siemens.com\/en\/#website","url":"https:\/\/solidedge.siemens.com\/en\/","name":"Solid Edge","description":"Siemens Software","publisher":{"@id":"https:\/\/solidedge.siemens.com\/en\/#organization"},"potentialAction":[{"@type":"SearchAction","target":{"@type":"EntryPoint","urlTemplate":"https:\/\/solidedge.siemens.com\/en\/?s={search_term_string}"},"query-input":"required name=search_term_string"}],"inLanguage":"pt-BR"},{"@type":"WebPage","@id":"https:\/\/solidedge.siemens.com\/pt-br\/resources\/system-requirements\/#webpage","url":"https:\/\/solidedge.siemens.com\/pt-br\/resources\/system-requirements\/","name":"Requisitos do Sistema | Solid Edge | Software de Desenvolvimento de Produtos","isPartOf":{"@id":"https:\/\/solidedge.siemens.com\/en\/#website"},"datePublished":"2018-03-30T19:41:59+00:00","dateModified":"2019-09-03T18:11:49+00:00","description":"Encontre os requisitos de sistema para os produtos de software de desenvolvimento de produtos do Solid Edge.","breadcrumb":{"@id":"https:\/\/solidedge.siemens.com\/pt-br\/resources\/system-requirements\/#breadcrumb"},"inLanguage":"pt-BR","potentialAction":[{"@type":"ReadAction","target":["https:\/\/solidedge.siemens.com\/pt-br\/resources\/system-requirements\/"]}]},{"@type":"BreadcrumbList","@id":"https:\/\/solidedge.siemens.com\/pt-br\/resources\/system-requirements\/#breadcrumb","itemListElement":[{"@type":"ListItem","position":1,"name":"Home","item":"https:\/\/solidedge.siemens.com\/en\/home-11\/"},{"@type":"ListItem","position":2,"name":"Recursos","item":"https:\/\/solidedge.siemens.com\/pt-br\/resources\/"},{"@type":"ListItem","position":3,"name":"Requisitos do Sistema"}]}]}},"_links":{"self":[{"href":"https:\/\/solidedge.siemens.com\/pt-br\/wp-json\/wp\/v2\/pages\/2131"}],"collection":[{"href":"https:\/\/solidedge.siemens.com\/pt-br\/wp-json\/wp\/v2\/pages"}],"about":[{"href":"https:\/\/solidedge.siemens.com\/pt-br\/wp-json\/wp\/v2\/types\/page"}],"author":[{"embeddable":true,"href":"https:\/\/solidedge.siemens.com\/pt-br\/wp-json\/wp\/v2\/users\/5"}],"replies":[{"embeddable":true,"href":"https:\/\/solidedge.siemens.com\/pt-br\/wp-json\/wp\/v2\/comments?post=2131"}],"version-history":[{"count":0,"href":"https:\/\/solidedge.siemens.com\/pt-br\/wp-json\/wp\/v2\/pages\/2131\/revisions"}],"up":[{"embeddable":true,"href":"https:\/\/solidedge.siemens.com\/pt-br\/wp-json\/wp\/v2\/pages\/2806"}],"wp:attachment":[{"href":"https:\/\/solidedge.siemens.com\/pt-br\/wp-json\/wp\/v2\/media?parent=2131"}],"curies":[{"name":"wp","href":"https:\/\/api.w.org\/{rel}","templated":true}]}}