{"id":2129,"date":"2018-04-05T12:00:13","date_gmt":"2018-04-05T16:00:13","guid":{"rendered":"https:\/\/solidedge.siemens.com\/overview\/"},"modified":"2021-04-05T10:18:35","modified_gmt":"2021-04-05T14:18:35","slug":"overview","status":"publish","type":"page","link":"https:\/\/solidedge.siemens.com\/pt-br\/free-software\/overview\/","title":{"rendered":"Software Gr\u00e1tis"},"content":{"rendered":"<p>[vc_row el_class=&#8221;vc-row-page-text-intro&#8221;][vc_column][vc_column_text]<\/p>\n<h1>Ofertas de Software Gratuito<br \/>\nda Siemens Digital Industries Software<\/h1>\n<p>[\/vc_column_text][vc_column_text]<strong>D\u00ea o pr\u00f3ximo passo com o Solid Edge!<\/strong><\/p>\n<p>O Solid Edge \u00e9 um portf\u00f3lio de ferramentas de software f\u00e1ceis de usar e com pre\u00e7o acess\u00edvel, que trata de todos os aspectos do processo de desenvolvimento de produtos: projeto 3D, simula\u00e7\u00e3o, manufatura, gerenciamento de dados, entre outros.\u00a0Fa\u00e7a o download de um de nossos produtos gratuitos ou inicie um teste do Solid Edge hoje mesmo! Veja todas as nossas op\u00e7\u00f5es gratuitas abaixo.[\/vc_column_text][\/vc_column][\/vc_row][vc_row full_width=&#8221;stretch_row&#8221; equal_height=&#8221;yes&#8221; el_class=&#8221;vc-row-linked-image-teasers&#8221; css=&#8221;.vc_custom_1525370555689{background-color: #13374e !important;}&#8221;][vc_column width=&#8221;1\/3&#8243;][vc_single_image image=&#8221;1027&#8243; img_size=&#8221;linked-teaser&#8221; alignment=&#8221;center&#8221;][vc_column_text]<\/p>\n<h3><a href=\"\/pt-br\/try-now\/\">Teste Gratuito do Solid Edge<\/a><\/h3>\n<p>Baixe e use o Solid Edge por 30 dias no seu PC. Leve o seu design de produto para o pr\u00f3ximo n\u00edvel com o Solid Edge 3D CAD.[\/vc_column_text][\/vc_column][vc_column width=&#8221;1\/3&#8243;][vc_single_image image=&#8221;1020&#8243; img_size=&#8221;linked-teaser&#8221; alignment=&#8221;center&#8221;][vc_column_text]<\/p>\n<h3><a href=\"https:\/\/www.plm.automation.siemens.com\/plmapp\/education\/solid-edge\/en_us\/free-software\/free-2d-cad\">Esbo\u00e7os 2D do Solid Edge<\/a><\/h3>\n<p>Consiga o software CAD 2D gratuito: Baixe hoje o Solid Edge 2D Drafting da Siemens Digital Industries Software. Tudo o que voc\u00ea precisa para o detalhamento e desenho 2D r\u00e1pido e f\u00e1cil.[\/vc_column_text][\/vc_column][vc_column width=&#8221;1\/3&#8243;][vc_single_image image=&#8221;1021&#8243; img_size=&#8221;linked-teaser&#8221; alignment=&#8221;center&#8221;][vc_column_text]<\/p>\n<h3><a href=\"https:\/\/www.plm.automation.siemens.com\/plmapp\/education\/solid-edge\/en_us\/free-software\/student\">Solid Edge para estudantes<\/a><\/h3>\n<p>Desenvolva as habilidades necess\u00e1rias com o software Solid Edge &#8211; Edi\u00e7\u00e3o para Estudantes \u2014 uma vers\u00e3o gratuita do mesmo conjunto de software f\u00e1cil de usar utilizado por profissionais.[\/vc_column_text][\/vc_column][vc_column width=&#8221;1\/3&#8243;][vc_single_image image=&#8221;1025&#8243; img_size=&#8221;linked-teaser&#8221; alignment=&#8221;center&#8221;][vc_column_text]<\/p>\n<h3><a href=\"https:\/\/www.plm.automation.siemens.com\/plmapp\/education\/solid-edge\/en_us\/free-software\/teacher\">Solid Edge para Professores<\/a><\/h3>\n<p>Prepare estudantes de todas as idades para carreiras em ci\u00eancia, tecnologia, engenharia e matem\u00e1tica, com uma licen\u00e7a abrangente e gratuita para o Solid Edge.[\/vc_column_text][\/vc_column][vc_column width=&#8221;1\/3&#8243;][vc_single_image image=&#8221;1024&#8243; img_size=&#8221;linked-teaser&#8221; alignment=&#8221;center&#8221;][vc_column_text]<\/p>\n<h3><a href=\"https:\/\/www.plm.automation.siemens.com\/plmapp\/education\/solid-edge\/en_us\/free-software\/viewer\">Visualizadores gratuitos do Solid Edge<\/a><\/h3>\n<p>O Solid Edge Viewer gratuito permite que voc\u00ea visualize modelos e desenhos do Solid Edge 3D.[\/vc_column_text][\/vc_column][vc_column width=&#8221;1\/3&#8243;][vc_single_image image=&#8221;1022&#8243; img_size=&#8221;linked-teaser&#8221; alignment=&#8221;center&#8221;][vc_column_text]<\/p>\n<h3><a href=\"https:\/\/www.mentor.com\/company\/higher_ed\/floefd-solid-edge-student-edition\">FloEFD para Solid Edge Edi\u00e7\u00e3o para Estudantes<\/a><\/h3>\n<p>FloEFD para Solid Edge, Din\u00e2mica de Fluido Computacional (CFD), totalmente incorporada ao Solid Edge\u00ae para fluxo de fluido e simula\u00e7\u00e3o t\u00e9rmica.[\/vc_column_text][\/vc_column][vc_column width=&#8221;1\/3&#8243;][vc_single_image image=&#8221;1023&#8243; img_size=&#8221;linked-teaser&#8221; alignment=&#8221;center&#8221;][vc_column_text]<\/p>\n<h3><a href=\"https:\/\/www.mentor.com\/products\/product-eval\/floefd-solid-edge-vlab\">FloEFD para Solid Edge Virtual Lab <\/a><\/h3>\n<p>Descubra como desencadear o poder do fluxo de fluidos e da simula\u00e7\u00e3o t\u00e9rmica em seu projeto do Solid Edge com este Laborat\u00f3rio Virtual.[\/vc_column_text][\/vc_column][\/vc_row][vc_row full_width=&#8221;stretch_row&#8221; el_class=&#8221;vc-row-free-software&#8221; css=&#8221;.vc_custom_1523912493378{background-color: #006486 !important;}&#8221;][vc_column][vc_column_text el_class=&#8221;vc-el-lead-in&#8221;]Software GRATUITO<\/p>\n<h2>Software de Projeto 3D Gratuito<\/h2>\n<p>[\/vc_column_text][vc_row_inner equal_height=&#8221;yes&#8221;][vc_column_inner width=&#8221;1\/2&#8243; offset=&#8221;vc_col-md-5&#8243;]<div class=\"wpb_content_block wpb_content_element\"><div class=\"wpb_wrapper\"><div class=\"content_block\" id=\"custom_post_widget-1026\"><p>[vc_row][vc_column][vc_column_text]<\/p>\n<h3>Preparado para a Compra?<\/h3>\n<p>Visite nossa loja online para iniciar sua assinatura mensal ou anual hoje ou para saber mais sobre as op\u00e7\u00f5es de licen\u00e7a perp\u00e9tua.[\/vc_column_text][vc_column_text]<a class=\"action-button\" href=\"\/pt-br\/buy-now\/\">Saiba mais<\/a>[\/vc_column_text][\/vc_column][\/vc_row]<\/p>\n<\/div><\/div><\/div>[\/vc_column_inner][vc_column_inner width=&#8221;1\/2&#8243; offset=&#8221;vc_col-md-offset-2 vc_col-md-5&#8243;]<div class=\"wpb_content_block wpb_content_element\"><div class=\"wpb_wrapper\"><div class=\"content_block\" id=\"custom_post_widget-419\"><p>[vc_row][vc_column][vc_column_text]<\/p>\n<h3>Software Gratuito para sua Startup<\/h3>\n<p>Se voc\u00ea possui uma startup no est\u00e1gio inicial, em atividade h\u00e1 menos de tr\u00eas anos, voc\u00ea pode se inscrever agora para obter o Solid Edge gratuitamente. Sem taxas de inscri\u00e7\u00e3o![\/vc_column_text][vc_column_text]<a class=\"action-button\" href=\"https:\/\/www.plm.automation.siemens.com\/country\/engage\/topic\/solid-edge-start-up-brasil\/28153\"><i class=\"icon-ext\"><\/i>Solicite Agora<\/a>[\/vc_column_text][\/vc_column][\/vc_row]<\/p>\n<\/div><\/div><\/div>[\/vc_column_inner][\/vc_row_inner][\/vc_column][\/vc_row][vc_row full_width=&#8221;stretch_row&#8221; el_class=&#8221;vc-row-related-content&#8221; css=&#8221;.vc_custom_1524184785822{background-color: #347eb5 !important;}&#8221;][vc_column][vc_column_text]<\/p>\n<h2>Conte\u00fado relacionado<\/h2>\n<p>[\/vc_column_text]<div id=\"ult-carousel-76936086369daf21556fd3\" class=\"ult-carousel-wrapper  vc-el-carousel-related-content ult_horizontal\" data-gutter=\"0\" data-rtl=\"false\" ><div class=\"ult-carousel-159857875169daf21556fb1 \" >[vc_column_text]<a href=\"https:\/\/solidedge.siemens.com\/pt-br\/solutions\/products\/complete-product-development-portfolio\/\">Saiba mais sobre o Portf\u00f3lio do Solid Edge <\/a>[\/vc_column_text][vc_column_text]<a href=\"https:\/\/solidedge.siemens.com\/pt-br\/solutions\/products\/3d-design\/synchronous-technology\/\">Tecnologia s\u00edncrona Solid Edge <\/a>[\/vc_column_text][vc_column_text]<a href=\"https:\/\/www.plm.automation.siemens.com\/en_us\/Images\/DEVELOP3D_SolidEdgeST8_tcm1023-238495.pdf\">DEVELOP3D:<br \/>\nA m\u00e1gica que \u00e9 a tecnologia s\u00edncrona <\/a>[\/vc_column_text][vc_column_text]<a href=\"https:\/\/solidedge.siemens.com\/pt-br\/solutions\/products\/3d-design\/next-generation-design\/\">Projeto de Pr\u00f3xima Gera\u00e7\u00e3o <\/a>[\/vc_column_text]<\/div><\/div>\t\t\t<script type=\"text\/javascript\">\r\n\t\t\t\tjQuery(document).ready(function ($) {\r\n\t\t\t\t\tif( typeof jQuery('.ult-carousel-159857875169daf21556fb1').slick == \"function\"){\r\n\t\t\t\t\t\t$('.ult-carousel-159857875169daf21556fb1').slick({dots: true,autoplaySpeed: 5000,speed: 500,infinite: false,arrows: true,nextArrow: '<button type=\"button\" role=\"button\" aria-label=\"Next\" style=\"color:#ffffff; font-size:30px;background:rgba(255,255,255,0.2);\" class=\"slick-next square-bg\"><i class=\"ultsl-arrow-right6\"><\/i><\/button>',prevArrow: '<button type=\"button\" role=\"button\" aria-label=\"Previous\" style=\"color:#ffffff; font-size:30px;background:rgba(255,255,255,0.2);\" class=\"slick-prev square-bg\"><i class=\"ultsl-arrow-left6\"><\/i><\/button>',slidesToScroll:4,slidesToShow:4,swipe: true,draggable: true,touchMove: true,pauseOnHover: true,pauseOnFocus: false,responsive: [\r\n\t\t\t\t\t\t\t{\r\n\t\t\t\t\t\t\t  breakpoint: 1026,\r\n\t\t\t\t\t\t\t  settings: {\r\n\t\t\t\t\t\t\t\tslidesToShow: 4,\r\n\t\t\t\t\t\t\t\tslidesToScroll: 4,  \r\n\t\t\t\t\t\t\t  }\r\n\t\t\t\t\t\t\t},\r\n\t\t\t\t\t\t\t{\r\n\t\t\t\t\t\t\t  breakpoint: 1025,\r\n\t\t\t\t\t\t\t  settings: {\r\n\t\t\t\t\t\t\t\tslidesToShow: 2,\r\n\t\t\t\t\t\t\t\tslidesToScroll: 2\r\n\t\t\t\t\t\t\t  }\r\n\t\t\t\t\t\t\t},\r\n\t\t\t\t\t\t\t{\r\n\t\t\t\t\t\t\t  breakpoint: 760,\r\n\t\t\t\t\t\t\t  settings: {\r\n\t\t\t\t\t\t\t\tslidesToShow: 1,\r\n\t\t\t\t\t\t\t\tslidesToScroll: 1\r\n\t\t\t\t\t\t\t  }\r\n\t\t\t\t\t\t\t}\r\n\t\t\t\t\t\t],pauseOnDotsHover: true,customPaging: function(slider, i) {\r\n                   return '<i type=\"button\" style= \"color:#ffffff;\" class=\"ultsl-record\" data-role=\"none\"><\/i>';\r\n                },});\r\n\t\t\t\t\t}\r\n\t\t\t\t});\r\n\t\t\t<\/script>\r\n\t\t\t[\/vc_column][\/vc_row][vc_row full_width=&#8221;stretch_row&#8221; el_class=&#8221;footer-contact&#8221; css=&#8221;.vc_custom_1550170708528{background-color: #dedee3 !important;}&#8221;][vc_column]<div class=\"wpb_content_block wpb_content_element\"><div class=\"wpb_wrapper\"><\/div><\/div>[\/vc_column][\/vc_row]<\/p>\n","protected":false},"excerpt":{"rendered":"<p> Ofertas de Software Gratuito da Siemens Digital Industries Software [\/vc_column_text]D\u00ea o pr\u00f3ximo passo com o Solid Edge! O Solid Edge \u00e9 um portf\u00f3lio de ferramentas de software f\u00e1ceis de usar e com pre\u00e7o acess\u00edvel, que trata de todos os aspectos do processo de desenvolvimento de produtos: projeto 3D, simula\u00e7\u00e3o, manufatura, gerenciamento de dados, [&hellip;]<\/p>\n","protected":false},"author":5,"featured_media":0,"parent":2815,"menu_order":0,"comment_status":"closed","ping_status":"closed","template":"","meta":{"inline_featured_image":false},"yoast_head":"<!-- This site is optimized with the Yoast SEO plugin v18.4.1 - https:\/\/yoast.com\/wordpress\/plugins\/seo\/ -->\n<title>Software Gratuito | CAD 2D e 3D | Solid Edge<\/title>\n<meta name=\"description\" content=\"Fa\u00e7a download de software gratuito e testes do software CAD 2D e 3D do Solid Edge, incluindo software de projeto para engenheiros, fabricantes, amadores e estudantes.\" \/>\n<meta name=\"robots\" content=\"index, follow, max-snippet:-1, max-image-preview:large, max-video-preview:-1\" \/>\n<link rel=\"canonical\" href=\"https:\/\/solidedge.siemens.com\/pt-br\/free-software\/overview\/\" \/>\n<meta property=\"og:locale\" content=\"pt_BR\" \/>\n<meta property=\"og:type\" content=\"article\" \/>\n<meta property=\"og:title\" content=\"Software Gratuito | CAD 2D e 3D | Solid Edge\" \/>\n<meta property=\"og:description\" content=\"Fa\u00e7a download de software gratuito e testes do software CAD 2D e 3D do Solid Edge, incluindo software de projeto para engenheiros, fabricantes, amadores e estudantes.\" \/>\n<meta property=\"og:url\" content=\"https:\/\/solidedge.siemens.com\/pt-br\/free-software\/overview\/\" \/>\n<meta property=\"og:site_name\" content=\"Solid Edge\" \/>\n<meta property=\"article:publisher\" content=\"https:\/\/www.facebook.com\/solidedge\" \/>\n<meta property=\"article:modified_time\" content=\"2021-04-05T14:18:35+00:00\" \/>\n<meta name=\"twitter:card\" content=\"summary_large_image\" \/>\n<meta name=\"twitter:site\" content=\"@siemensplm\" \/>\n<meta name=\"twitter:label1\" content=\"Est. tempo de leitura\" \/>\n\t<meta name=\"twitter:data1\" content=\"2 minutos\" \/>\n<script type=\"application\/ld+json\" class=\"yoast-schema-graph\">{\"@context\":\"https:\/\/schema.org\",\"@graph\":[{\"@type\":\"Organization\",\"@id\":\"https:\/\/solidedge.siemens.com\/en\/#organization\",\"name\":\"Siemens Digital Industries Software\",\"url\":\"https:\/\/solidedge.siemens.com\/en\/\",\"sameAs\":[\"https:\/\/www.facebook.com\/solidedge\",\"https:\/\/www.instagram.com\/siemens\/\",\"https:\/\/www.linkedin.com\/company\/siemens-plm-software\",\"https:\/\/www.youtube.com\/user\/PolarionSoftware\",\"https:\/\/twitter.com\/siemensplm\"],\"logo\":{\"@type\":\"ImageObject\",\"@id\":\"https:\/\/solidedge.siemens.com\/en\/#logo\",\"inLanguage\":\"pt-BR\",\"url\":\"https:\/\/solidedge.siemens.com\/wp-content\/uploads\/2018\/04\/logo-siemens-ifl@2x.png\",\"contentUrl\":\"https:\/\/solidedge.siemens.com\/wp-content\/uploads\/2018\/04\/logo-siemens-ifl@2x.png\",\"width\":640,\"height\":270,\"caption\":\"Siemens Digital Industries Software\"},\"image\":{\"@id\":\"https:\/\/solidedge.siemens.com\/en\/#logo\"}},{\"@type\":\"WebSite\",\"@id\":\"https:\/\/solidedge.siemens.com\/en\/#website\",\"url\":\"https:\/\/solidedge.siemens.com\/en\/\",\"name\":\"Solid Edge\",\"description\":\"Siemens Software\",\"publisher\":{\"@id\":\"https:\/\/solidedge.siemens.com\/en\/#organization\"},\"potentialAction\":[{\"@type\":\"SearchAction\",\"target\":{\"@type\":\"EntryPoint\",\"urlTemplate\":\"https:\/\/solidedge.siemens.com\/en\/?s={search_term_string}\"},\"query-input\":\"required name=search_term_string\"}],\"inLanguage\":\"pt-BR\"},{\"@type\":\"WebPage\",\"@id\":\"https:\/\/solidedge.siemens.com\/pt-br\/free-software\/overview\/#webpage\",\"url\":\"https:\/\/solidedge.siemens.com\/pt-br\/free-software\/overview\/\",\"name\":\"Software Gratuito | CAD 2D e 3D | Solid Edge\",\"isPartOf\":{\"@id\":\"https:\/\/solidedge.siemens.com\/en\/#website\"},\"datePublished\":\"2018-04-05T16:00:13+00:00\",\"dateModified\":\"2021-04-05T14:18:35+00:00\",\"description\":\"Fa\u00e7a download de software gratuito e testes do software CAD 2D e 3D do Solid Edge, incluindo software de projeto para engenheiros, fabricantes, amadores e estudantes.\",\"breadcrumb\":{\"@id\":\"https:\/\/solidedge.siemens.com\/pt-br\/free-software\/overview\/#breadcrumb\"},\"inLanguage\":\"pt-BR\",\"potentialAction\":[{\"@type\":\"ReadAction\",\"target\":[\"https:\/\/solidedge.siemens.com\/pt-br\/free-software\/overview\/\"]}]},{\"@type\":\"BreadcrumbList\",\"@id\":\"https:\/\/solidedge.siemens.com\/pt-br\/free-software\/overview\/#breadcrumb\",\"itemListElement\":[{\"@type\":\"ListItem\",\"position\":1,\"name\":\"Home\",\"item\":\"https:\/\/solidedge.siemens.com\/en\/home-11\/\"},{\"@type\":\"ListItem\",\"position\":2,\"name\":\"Software Gr\u00e1tis\",\"item\":\"https:\/\/solidedge.siemens.com\/pt-br\/free-software\/\"},{\"@type\":\"ListItem\",\"position\":3,\"name\":\"Software Gr\u00e1tis\"}]}]}<\/script>\n<!-- \/ Yoast SEO plugin. -->","yoast_head_json":{"title":"Software Gratuito | CAD 2D e 3D | Solid Edge","description":"Fa\u00e7a download de software gratuito e testes do software CAD 2D e 3D do Solid Edge, incluindo software de projeto para engenheiros, fabricantes, amadores e estudantes.","robots":{"index":"index","follow":"follow","max-snippet":"max-snippet:-1","max-image-preview":"max-image-preview:large","max-video-preview":"max-video-preview:-1"},"canonical":"https:\/\/solidedge.siemens.com\/pt-br\/free-software\/overview\/","og_locale":"pt_BR","og_type":"article","og_title":"Software Gratuito | CAD 2D e 3D | Solid Edge","og_description":"Fa\u00e7a download de software gratuito e testes do software CAD 2D e 3D do Solid Edge, incluindo software de projeto para engenheiros, fabricantes, amadores e estudantes.","og_url":"https:\/\/solidedge.siemens.com\/pt-br\/free-software\/overview\/","og_site_name":"Solid Edge","article_publisher":"https:\/\/www.facebook.com\/solidedge","article_modified_time":"2021-04-05T14:18:35+00:00","twitter_card":"summary_large_image","twitter_site":"@siemensplm","twitter_misc":{"Est. tempo de leitura":"2 minutos"},"schema":{"@context":"https:\/\/schema.org","@graph":[{"@type":"Organization","@id":"https:\/\/solidedge.siemens.com\/en\/#organization","name":"Siemens Digital Industries Software","url":"https:\/\/solidedge.siemens.com\/en\/","sameAs":["https:\/\/www.facebook.com\/solidedge","https:\/\/www.instagram.com\/siemens\/","https:\/\/www.linkedin.com\/company\/siemens-plm-software","https:\/\/www.youtube.com\/user\/PolarionSoftware","https:\/\/twitter.com\/siemensplm"],"logo":{"@type":"ImageObject","@id":"https:\/\/solidedge.siemens.com\/en\/#logo","inLanguage":"pt-BR","url":"https:\/\/solidedge.siemens.com\/wp-content\/uploads\/2018\/04\/logo-siemens-ifl@2x.png","contentUrl":"https:\/\/solidedge.siemens.com\/wp-content\/uploads\/2018\/04\/logo-siemens-ifl@2x.png","width":640,"height":270,"caption":"Siemens Digital Industries Software"},"image":{"@id":"https:\/\/solidedge.siemens.com\/en\/#logo"}},{"@type":"WebSite","@id":"https:\/\/solidedge.siemens.com\/en\/#website","url":"https:\/\/solidedge.siemens.com\/en\/","name":"Solid Edge","description":"Siemens Software","publisher":{"@id":"https:\/\/solidedge.siemens.com\/en\/#organization"},"potentialAction":[{"@type":"SearchAction","target":{"@type":"EntryPoint","urlTemplate":"https:\/\/solidedge.siemens.com\/en\/?s={search_term_string}"},"query-input":"required name=search_term_string"}],"inLanguage":"pt-BR"},{"@type":"WebPage","@id":"https:\/\/solidedge.siemens.com\/pt-br\/free-software\/overview\/#webpage","url":"https:\/\/solidedge.siemens.com\/pt-br\/free-software\/overview\/","name":"Software Gratuito | CAD 2D e 3D | Solid Edge","isPartOf":{"@id":"https:\/\/solidedge.siemens.com\/en\/#website"},"datePublished":"2018-04-05T16:00:13+00:00","dateModified":"2021-04-05T14:18:35+00:00","description":"Fa\u00e7a download de software gratuito e testes do software CAD 2D e 3D do Solid Edge, incluindo software de projeto para engenheiros, fabricantes, amadores e estudantes.","breadcrumb":{"@id":"https:\/\/solidedge.siemens.com\/pt-br\/free-software\/overview\/#breadcrumb"},"inLanguage":"pt-BR","potentialAction":[{"@type":"ReadAction","target":["https:\/\/solidedge.siemens.com\/pt-br\/free-software\/overview\/"]}]},{"@type":"BreadcrumbList","@id":"https:\/\/solidedge.siemens.com\/pt-br\/free-software\/overview\/#breadcrumb","itemListElement":[{"@type":"ListItem","position":1,"name":"Home","item":"https:\/\/solidedge.siemens.com\/en\/home-11\/"},{"@type":"ListItem","position":2,"name":"Software Gr\u00e1tis","item":"https:\/\/solidedge.siemens.com\/pt-br\/free-software\/"},{"@type":"ListItem","position":3,"name":"Software Gr\u00e1tis"}]}]}},"_links":{"self":[{"href":"https:\/\/solidedge.siemens.com\/pt-br\/wp-json\/wp\/v2\/pages\/2129"}],"collection":[{"href":"https:\/\/solidedge.siemens.com\/pt-br\/wp-json\/wp\/v2\/pages"}],"about":[{"href":"https:\/\/solidedge.siemens.com\/pt-br\/wp-json\/wp\/v2\/types\/page"}],"author":[{"embeddable":true,"href":"https:\/\/solidedge.siemens.com\/pt-br\/wp-json\/wp\/v2\/users\/5"}],"replies":[{"embeddable":true,"href":"https:\/\/solidedge.siemens.com\/pt-br\/wp-json\/wp\/v2\/comments?post=2129"}],"version-history":[{"count":3,"href":"https:\/\/solidedge.siemens.com\/pt-br\/wp-json\/wp\/v2\/pages\/2129\/revisions"}],"predecessor-version":[{"id":33717,"href":"https:\/\/solidedge.siemens.com\/pt-br\/wp-json\/wp\/v2\/pages\/2129\/revisions\/33717"}],"up":[{"embeddable":true,"href":"https:\/\/solidedge.siemens.com\/pt-br\/wp-json\/wp\/v2\/pages\/2815"}],"wp:attachment":[{"href":"https:\/\/solidedge.siemens.com\/pt-br\/wp-json\/wp\/v2\/media?parent=2129"}],"curies":[{"name":"wp","href":"https:\/\/api.w.org\/{rel}","templated":true}]}}