{"id":20402,"date":"2019-09-03T12:00:31","date_gmt":"2019-09-03T16:00:31","guid":{"rendered":"https:\/\/solidedge.siemens.com\/?page_id=20402"},"modified":"2019-09-03T14:12:54","modified_gmt":"2019-09-03T18:12:54","slug":"pcb-collaboration","status":"publish","type":"page","link":"https:\/\/solidedge.siemens.com\/pt-br\/solutions\/products\/electrical-design\/pcb-collaboration\/","title":{"rendered":"Colabora\u00e7\u00e3o PCB"},"content":{"rendered":"<p>[vc_row full_width=&#8221;stretch_row&#8221; full_height=&#8221;yes&#8221; content_placement=&#8221;middle&#8221; css=&#8221;.vc_custom_1560147690582{background: #a6a6a6 url(https:\/\/solidedge.siemens.com\/wp-content\/uploads\/2019\/06\/pcb-collaboration-cover.jpg?id=17487) !important;background-position: center !important;background-repeat: no-repeat !important;background-size: cover !important;}&#8221; el_class=&#8221;vc-row-hero-banner&#8221;][vc_column][vc_column_text el_class=&#8221;.vc-el-callout&#8221;]<\/p>\n<h1>Projeto PCB no Solid Edge<\/h1>\n<p>A colabora\u00e7\u00e3o do Solid Edge PCB remove barreiras entre os ambientes do ECAD-MCAD comunicando com efici\u00eancia a inten\u00e7\u00e3o do projeto entre dom\u00ednios, permitindo que os engenheiros permane\u00e7am em seus ambientes individuais. O software fornece uma visualiza\u00e7\u00e3o 3D intuitiva tanto da placa de circuito impresso e seu recinto, permitindo a f\u00e1cil cria\u00e7\u00e3o e exporta\u00e7\u00e3o de inten\u00e7\u00e3o de projeto de PCB.<\/p>\n<p>Uma visualiza\u00e7\u00e3o foto-realista dos componentes do PCB auxilia no projeto de produto eletromec\u00e2nico exato.[\/vc_column_text][\/vc_column][\/vc_row][vc_row full_width=&#8221;stretch_row&#8221; disable_element=&#8221;yes&#8221; el_class=&#8221;vc-row-shoutbox&#8221; css=&#8221;.vc_custom_1559953539388{background-color: #003750 !important;}&#8221;][vc_column width=&#8221;1\/3&#8243;][vc_single_image image=&#8221;16771&#8243; img_size=&#8221;medium&#8221; alignment=&#8221;center&#8221;][\/vc_column][vc_column width=&#8221;2\/3&#8243;][vc_column_text el_class=&#8221;vc-el-lead-in&#8221;]Oferta<\/p>\n<h2>White Paper: Permitindo o desenvolvimento r\u00e1pido do PCB<\/h2>\n<p><a class=\"action-button\" href=\"https:\/\/media.plm.automation.siemens.com\/solidedge\/data-brief\/Siemens-SW-Solid-Edge-PCB-Collaboration-fs-77726-C7.pdf\" target=\"_blank\" rel=\"noopener noreferrer\"><i class=\"icon-ext\"><\/i>Leia o White Paper<\/a>[\/vc_column_text][\/vc_column][\/vc_row][vc_row full_width=&#8221;stretch_row&#8221; css=&#8221;.vc_custom_1560026182080{background-color: #ecf0f5 !important;}&#8221;][vc_column][vc_column_text]Capacidades<\/p>\n<h2>Colabora\u00e7\u00e3o PCB<\/h2>\n<p>[\/vc_column_text][vc_column_text]<\/p>\n<ul class=\"checkmarks\">\n<li>Criar e exportar facilmente a inten\u00e7\u00e3o do projeto para PCB a partir do ambiente MCAD<\/li>\n<li>Transmita dados de forma eficiente bidirecional entre dom\u00ednios usando o formato de dados IDX \u2013 transfira apenas os dados necess\u00e1rios para propor altera\u00e7\u00f5es<\/li>\n<li>Usar vistas 3D real\u00edsticas de componentes de PCB para ajudar no desenvolvimento de projetos<\/li>\n<li>Localize componentes do PWB facilmente usando um Pathfinder do PWB<\/li>\n<li>Visualizar as propriedades do componente com um simples clique \u2013 sem mais pesquisa de uma pe\u00e7a em um ambiente gr\u00e1fico<\/li>\n<li>Importar dados de cobre, na forma de rascunhos, a partir do dom\u00ednio el\u00e9trico<\/li>\n<\/ul>\n<p>[\/vc_column_text][vc_column_text]<a href=\"https:\/\/media.plm.automation.siemens.com\/solidedge\/data-brief\/Siemens-SW-Solid-Edge-PCB-Collaboration-fs-77726-C7.pdf\" target=\"_blank\" rel=\"\"external noopener noreferrer\" data-wpel-link=\"external\"><i class=\"icon-ext\"><\/i> Fa\u00e7a o download da folha de dados do Gerenciamento de Requisitos do Solid Edge<\/a>[\/vc_column_text][vc_column_text]Apesar de a colabora\u00e7\u00e3o do Solid Edge PCB funcionar perfeitamente com o projeto do PCB do Solid Edge, tamb\u00e9m pode ser implantado com outros aplicativos de software de projeto PCB l\u00edderes do setor que usam o formato IDX para a colabora\u00e7\u00e3o do ECAD-MCAD.[\/vc_column_text][\/vc_column][\/vc_row][vc_row full_width=&#8221;stretch_row&#8221; el_class=&#8221;vc-row-video-highlight&#8221;][vc_column][vc_column_text el_class=&#8221;vc-el-lead-in&#8221;]V\u00eddeo<\/p>\n<h2>Veja o Projeto PCB em A\u00e7\u00e3o<\/h2>\n<p>Layout 3D totalmente integrado com posicionamento, restri\u00e7\u00f5es, verifica\u00e7\u00e3o de regras de projeto (DRC) e visualiza\u00e7\u00e3o fotorrealista minimizam as itera\u00e7\u00f5es de MCAD. A colabora\u00e7\u00e3o do Solid Edge PCB transmite eficientemente dados bi-direcionais entre os ambientes ECAD e MCAD, permitindo que os aspectos de desenho do ambiente MCAD flua para o projeto PCB para coloca\u00e7\u00e3o inicial.<\/p>\n<p class=\"see-more\" style=\"text-align: right;\"><a href=\"https:\/\/solidedge.siemens.com\/pt-br\/resources\/videos\/\">Veja Mais V\u00eddeos<\/a><\/p>\n<p>[\/vc_column_text][vc_column_text]<div id=\"wpfp_325df55070e31145ec48af9a8878f650\" data-item=\"{&quot;sources&quot;:[{&quot;src&quot;:&quot;https:\\\/\\\/media.plm.automation.siemens.com\\\/solidedge\\\/videos\\\/2020-Pcb-Design-And-Collaboration-In-Solid-Edge.mp4&quot;,&quot;type&quot;:&quot;video\\\/mp4&quot;}]}\" class=\"flowplayer no-brand is-splash no-svg is-paused skin-slim fp-slim fp-edgy\" data-embed=\"false\" style=\"max-width: 1920px; max-height: 1080px; background-image: url(https:\/\/solidedge.siemens.com\/wp-content\/uploads\/2019\/06\/2020-pcb-design-collaboration-featured.jpg);\" data-ratio=\"0.5625\" data-advance=\"false\">\n\t<div class=\"fp-ratio\" style=\"padding-top: 56.25%\"><\/div>\n\t<div class=\"fp-ui\"><div class=\"fp-play fp-visible\"><a class=\"fp-icon fp-playbtn\"><\/a><\/div><\/div>\n\n<\/div>\n[\/vc_column_text][\/vc_column][\/vc_row][vc_row full_width=&#8221;stretch_row&#8221; el_class=&#8221;footer-contact&#8221; css=&#8221;.vc_custom_1550170708528{background-color: #dedee3 !important;}&#8221;][vc_column]<div class=\"wpb_content_block wpb_content_element\"><div class=\"wpb_wrapper\"><\/div><\/div>[\/vc_column][\/vc_row]<\/p>\n","protected":false},"excerpt":{"rendered":"<p> Projeto PCB no Solid Edge A colabora\u00e7\u00e3o do Solid Edge PCB remove barreiras entre os ambientes do ECAD-MCAD comunicando com efici\u00eancia a inten\u00e7\u00e3o do projeto entre dom\u00ednios, permitindo que os engenheiros permane\u00e7am em seus ambientes individuais. O software fornece [&hellip;]<\/p>\n","protected":false},"author":5,"featured_media":0,"parent":1566,"menu_order":0,"comment_status":"closed","ping_status":"closed","template":"","meta":{"inline_featured_image":false},"yoast_head":"<!-- This site is optimized with the Yoast SEO plugin v18.4.1 - https:\/\/yoast.com\/wordpress\/plugins\/seo\/ -->\n<title>Colabora\u00e7\u00e3o PCB | Solid Edge | Siemens Software<\/title>\n<meta name=\"robots\" content=\"index, follow, max-snippet:-1, max-image-preview:large, max-video-preview:-1\" \/>\n<link rel=\"canonical\" href=\"https:\/\/solidedge.siemens.com\/pt-br\/solutions\/products\/electrical-design\/pcb-collaboration\/\" \/>\n<meta property=\"og:locale\" content=\"pt_BR\" \/>\n<meta property=\"og:type\" content=\"article\" \/>\n<meta property=\"og:title\" content=\"Colabora\u00e7\u00e3o PCB | Solid Edge | Siemens Software\" \/>\n<meta property=\"og:description\" content=\"Projeto PCB no Solid Edge A colabora\u00e7\u00e3o do Solid Edge PCB remove barreiras entre os ambientes do ECAD-MCAD comunicando com efici\u00eancia a inten\u00e7\u00e3o do projeto entre dom\u00ednios, permitindo que os engenheiros permane\u00e7am em seus ambientes individuais. O software fornece [&hellip;]\" \/>\n<meta property=\"og:url\" content=\"https:\/\/solidedge.siemens.com\/pt-br\/solutions\/products\/electrical-design\/pcb-collaboration\/\" \/>\n<meta property=\"og:site_name\" content=\"Solid Edge\" \/>\n<meta property=\"article:publisher\" content=\"https:\/\/www.facebook.com\/solidedge\" \/>\n<meta property=\"article:modified_time\" content=\"2019-09-03T18:12:54+00:00\" \/>\n<meta name=\"twitter:card\" content=\"summary_large_image\" \/>\n<meta name=\"twitter:site\" content=\"@siemensplm\" \/>\n<meta name=\"twitter:label1\" content=\"Est. tempo de leitura\" \/>\n\t<meta name=\"twitter:data1\" content=\"2 minutos\" \/>\n<script type=\"application\/ld+json\" class=\"yoast-schema-graph\">{\"@context\":\"https:\/\/schema.org\",\"@graph\":[{\"@type\":\"Organization\",\"@id\":\"https:\/\/solidedge.siemens.com\/en\/#organization\",\"name\":\"Siemens Digital Industries Software\",\"url\":\"https:\/\/solidedge.siemens.com\/en\/\",\"sameAs\":[\"https:\/\/www.facebook.com\/solidedge\",\"https:\/\/www.instagram.com\/siemens\/\",\"https:\/\/www.linkedin.com\/company\/siemens-plm-software\",\"https:\/\/www.youtube.com\/user\/PolarionSoftware\",\"https:\/\/twitter.com\/siemensplm\"],\"logo\":{\"@type\":\"ImageObject\",\"@id\":\"https:\/\/solidedge.siemens.com\/en\/#logo\",\"inLanguage\":\"pt-BR\",\"url\":\"https:\/\/solidedge.siemens.com\/wp-content\/uploads\/2018\/04\/logo-siemens-ifl@2x.png\",\"contentUrl\":\"https:\/\/solidedge.siemens.com\/wp-content\/uploads\/2018\/04\/logo-siemens-ifl@2x.png\",\"width\":640,\"height\":270,\"caption\":\"Siemens Digital Industries Software\"},\"image\":{\"@id\":\"https:\/\/solidedge.siemens.com\/en\/#logo\"}},{\"@type\":\"WebSite\",\"@id\":\"https:\/\/solidedge.siemens.com\/en\/#website\",\"url\":\"https:\/\/solidedge.siemens.com\/en\/\",\"name\":\"Solid Edge\",\"description\":\"Siemens Software\",\"publisher\":{\"@id\":\"https:\/\/solidedge.siemens.com\/en\/#organization\"},\"potentialAction\":[{\"@type\":\"SearchAction\",\"target\":{\"@type\":\"EntryPoint\",\"urlTemplate\":\"https:\/\/solidedge.siemens.com\/en\/?s={search_term_string}\"},\"query-input\":\"required name=search_term_string\"}],\"inLanguage\":\"pt-BR\"},{\"@type\":\"WebPage\",\"@id\":\"https:\/\/solidedge.siemens.com\/pt-br\/solutions\/products\/electrical-design\/pcb-collaboration\/#webpage\",\"url\":\"https:\/\/solidedge.siemens.com\/pt-br\/solutions\/products\/electrical-design\/pcb-collaboration\/\",\"name\":\"Colabora\u00e7\u00e3o PCB | Solid Edge | Siemens Software\",\"isPartOf\":{\"@id\":\"https:\/\/solidedge.siemens.com\/en\/#website\"},\"datePublished\":\"2019-09-03T16:00:31+00:00\",\"dateModified\":\"2019-09-03T18:12:54+00:00\",\"breadcrumb\":{\"@id\":\"https:\/\/solidedge.siemens.com\/pt-br\/solutions\/products\/electrical-design\/pcb-collaboration\/#breadcrumb\"},\"inLanguage\":\"pt-BR\",\"potentialAction\":[{\"@type\":\"ReadAction\",\"target\":[\"https:\/\/solidedge.siemens.com\/pt-br\/solutions\/products\/electrical-design\/pcb-collaboration\/\"]}]},{\"@type\":\"BreadcrumbList\",\"@id\":\"https:\/\/solidedge.siemens.com\/pt-br\/solutions\/products\/electrical-design\/pcb-collaboration\/#breadcrumb\",\"itemListElement\":[{\"@type\":\"ListItem\",\"position\":1,\"name\":\"Home\",\"item\":\"https:\/\/solidedge.siemens.com\/en\/home-11\/\"},{\"@type\":\"ListItem\",\"position\":2,\"name\":\"Solu\u00e7\u00f5es\",\"item\":\"https:\/\/solidedge.siemens.com\/pt-br\/solutions\/\"},{\"@type\":\"ListItem\",\"position\":3,\"name\":\"Produtos\",\"item\":\"https:\/\/solidedge.siemens.com\/pt-br\/solutions\/products\/\"},{\"@type\":\"ListItem\",\"position\":4,\"name\":\"Projeto El\u00e9trico\",\"item\":\"https:\/\/solidedge.siemens.com\/pt-br\/solutions\/products\/electrical-design\/\"},{\"@type\":\"ListItem\",\"position\":5,\"name\":\"Colabora\u00e7\u00e3o PCB\"}]}]}<\/script>\n<!-- \/ Yoast SEO plugin. -->","yoast_head_json":{"title":"Colabora\u00e7\u00e3o PCB | Solid Edge | Siemens Software","robots":{"index":"index","follow":"follow","max-snippet":"max-snippet:-1","max-image-preview":"max-image-preview:large","max-video-preview":"max-video-preview:-1"},"canonical":"https:\/\/solidedge.siemens.com\/pt-br\/solutions\/products\/electrical-design\/pcb-collaboration\/","og_locale":"pt_BR","og_type":"article","og_title":"Colabora\u00e7\u00e3o PCB | Solid Edge | Siemens Software","og_description":"Projeto PCB no Solid Edge A colabora\u00e7\u00e3o do Solid Edge PCB remove barreiras entre os ambientes do ECAD-MCAD comunicando com efici\u00eancia a inten\u00e7\u00e3o do projeto entre dom\u00ednios, permitindo que os engenheiros permane\u00e7am em seus ambientes individuais. O software fornece [&hellip;]","og_url":"https:\/\/solidedge.siemens.com\/pt-br\/solutions\/products\/electrical-design\/pcb-collaboration\/","og_site_name":"Solid Edge","article_publisher":"https:\/\/www.facebook.com\/solidedge","article_modified_time":"2019-09-03T18:12:54+00:00","twitter_card":"summary_large_image","twitter_site":"@siemensplm","twitter_misc":{"Est. tempo de leitura":"2 minutos"},"schema":{"@context":"https:\/\/schema.org","@graph":[{"@type":"Organization","@id":"https:\/\/solidedge.siemens.com\/en\/#organization","name":"Siemens Digital Industries Software","url":"https:\/\/solidedge.siemens.com\/en\/","sameAs":["https:\/\/www.facebook.com\/solidedge","https:\/\/www.instagram.com\/siemens\/","https:\/\/www.linkedin.com\/company\/siemens-plm-software","https:\/\/www.youtube.com\/user\/PolarionSoftware","https:\/\/twitter.com\/siemensplm"],"logo":{"@type":"ImageObject","@id":"https:\/\/solidedge.siemens.com\/en\/#logo","inLanguage":"pt-BR","url":"https:\/\/solidedge.siemens.com\/wp-content\/uploads\/2018\/04\/logo-siemens-ifl@2x.png","contentUrl":"https:\/\/solidedge.siemens.com\/wp-content\/uploads\/2018\/04\/logo-siemens-ifl@2x.png","width":640,"height":270,"caption":"Siemens Digital Industries Software"},"image":{"@id":"https:\/\/solidedge.siemens.com\/en\/#logo"}},{"@type":"WebSite","@id":"https:\/\/solidedge.siemens.com\/en\/#website","url":"https:\/\/solidedge.siemens.com\/en\/","name":"Solid Edge","description":"Siemens Software","publisher":{"@id":"https:\/\/solidedge.siemens.com\/en\/#organization"},"potentialAction":[{"@type":"SearchAction","target":{"@type":"EntryPoint","urlTemplate":"https:\/\/solidedge.siemens.com\/en\/?s={search_term_string}"},"query-input":"required name=search_term_string"}],"inLanguage":"pt-BR"},{"@type":"WebPage","@id":"https:\/\/solidedge.siemens.com\/pt-br\/solutions\/products\/electrical-design\/pcb-collaboration\/#webpage","url":"https:\/\/solidedge.siemens.com\/pt-br\/solutions\/products\/electrical-design\/pcb-collaboration\/","name":"Colabora\u00e7\u00e3o PCB | Solid Edge | Siemens Software","isPartOf":{"@id":"https:\/\/solidedge.siemens.com\/en\/#website"},"datePublished":"2019-09-03T16:00:31+00:00","dateModified":"2019-09-03T18:12:54+00:00","breadcrumb":{"@id":"https:\/\/solidedge.siemens.com\/pt-br\/solutions\/products\/electrical-design\/pcb-collaboration\/#breadcrumb"},"inLanguage":"pt-BR","potentialAction":[{"@type":"ReadAction","target":["https:\/\/solidedge.siemens.com\/pt-br\/solutions\/products\/electrical-design\/pcb-collaboration\/"]}]},{"@type":"BreadcrumbList","@id":"https:\/\/solidedge.siemens.com\/pt-br\/solutions\/products\/electrical-design\/pcb-collaboration\/#breadcrumb","itemListElement":[{"@type":"ListItem","position":1,"name":"Home","item":"https:\/\/solidedge.siemens.com\/en\/home-11\/"},{"@type":"ListItem","position":2,"name":"Solu\u00e7\u00f5es","item":"https:\/\/solidedge.siemens.com\/pt-br\/solutions\/"},{"@type":"ListItem","position":3,"name":"Produtos","item":"https:\/\/solidedge.siemens.com\/pt-br\/solutions\/products\/"},{"@type":"ListItem","position":4,"name":"Projeto El\u00e9trico","item":"https:\/\/solidedge.siemens.com\/pt-br\/solutions\/products\/electrical-design\/"},{"@type":"ListItem","position":5,"name":"Colabora\u00e7\u00e3o PCB"}]}]}},"_links":{"self":[{"href":"https:\/\/solidedge.siemens.com\/pt-br\/wp-json\/wp\/v2\/pages\/20402"}],"collection":[{"href":"https:\/\/solidedge.siemens.com\/pt-br\/wp-json\/wp\/v2\/pages"}],"about":[{"href":"https:\/\/solidedge.siemens.com\/pt-br\/wp-json\/wp\/v2\/types\/page"}],"author":[{"embeddable":true,"href":"https:\/\/solidedge.siemens.com\/pt-br\/wp-json\/wp\/v2\/users\/5"}],"replies":[{"embeddable":true,"href":"https:\/\/solidedge.siemens.com\/pt-br\/wp-json\/wp\/v2\/comments?post=20402"}],"version-history":[{"count":0,"href":"https:\/\/solidedge.siemens.com\/pt-br\/wp-json\/wp\/v2\/pages\/20402\/revisions"}],"up":[{"embeddable":true,"href":"https:\/\/solidedge.siemens.com\/pt-br\/wp-json\/wp\/v2\/pages\/1566"}],"wp:attachment":[{"href":"https:\/\/solidedge.siemens.com\/pt-br\/wp-json\/wp\/v2\/media?parent=20402"}],"curies":[{"name":"wp","href":"https:\/\/api.w.org\/{rel}","templated":true}]}}