{"id":20396,"date":"2019-09-03T11:56:26","date_gmt":"2019-09-03T15:56:26","guid":{"rendered":"https:\/\/solidedge.siemens.com\/?page_id=20396"},"modified":"2022-11-21T10:02:02","modified_gmt":"2022-11-21T15:02:02","slug":"2d-nesting","status":"publish","type":"page","link":"https:\/\/solidedge.siemens.com\/pt-br\/solutions\/products\/computer-aided-manufacturing-cam\/2d-nesting\/","title":{"rendered":"Aninhamento em 2D"},"content":{"rendered":"<p>[vc_row full_width=&#8221;stretch_row&#8221; full_height=&#8221;yes&#8221; content_placement=&#8221;middle&#8221; css=&#8221;.vc_custom_1560147283539{background: #a6a6a6 url(https:\/\/solidedge.siemens.com\/wp-content\/uploads\/2019\/06\/2d-nesting-header.jpg?id=17161) !important;background-position: center !important;background-repeat: no-repeat !important;background-size: cover !important;}&#8221; el_class=&#8221;vc-row-hero-banner&#8221;][vc_column][vc_column_text el_class=&#8221;.vc-el-callout&#8221;]<\/p>\n<h1>Esbo\u00e7os 2D do Solid Edge<\/h1>\n<p>Otimize os padr\u00f5es de corte, economizando tempo e custos de material.[\/vc_column_text][\/vc_column][\/vc_row][vc_row full_width=&#8221;stretch_row&#8221; equal_height=&#8221;yes&#8221; css=&#8221;.vc_custom_1559667461983{background-color: #ebf0f6 !important;}&#8221;][vc_column][vc_column_text]O aninhamento 2D do Solid Edge pode ser usado para gerar layouts otimizados para o corte bidimensional do material de fabrica\u00e7\u00e3o, incluindo pe\u00e7a em chapa, pl\u00e1stico, madeira, tecido e t\u00eaxteis. o aninhamento 2D salva os fabricantes de tempo e dinheiro permitindo que eles gerenciem o uso de material de forma mais eficiente.<\/p>\n<p>O processo de aninhamento 2D, ou a organiza\u00e7\u00e3o de formas 2D de forma eficiente em um \u00fanico plano de corte, \u00e9 muito parecido com os processos que as costureiras usaram h\u00e1 d\u00e9cadas. Os padr\u00f5es de aninhamento otimizados, criados usando um algoritmo de aninhamento de pr\u00f3xima gera\u00e7\u00e3o, acentuadamente reduzem o tempo de prepara\u00e7\u00e3o, os desperd\u00edcios e os custos.[\/vc_column_text][\/vc_column][\/vc_row]<\/p>\n<p>[vc_row full_width=&#8221;stretch_row&#8221; equal_height=&#8221;yes&#8221; el_class=&#8221;more-info-bluebox&#8221; css=&#8221;.vc_custom_1556640807248{margin-top: 0px !important;margin-bottom: 0px !important;padding-top: 0px !important;padding-bottom: 0px !important;background-color: #006486 !important;}&#8221;][vc_column css=&#8221;.vc_custom_1556640873153{margin-top: 0px !important;margin-bottom: 0px !important;padding-top: 0px !important;padding-bottom: 0px !important;}&#8221;][vc_column_text css=&#8221;.vc_custom_1658253091849{margin-top: 0px !important;margin-bottom: 0px !important;padding-top: 1em !important;padding-bottom: 1em !important;}&#8221;]<\/p>\n<div class=\"lto-bundle-promo-link\"><span style=\"font-size: 20px;\" class=\"c-white\">Por tempo limitado, receba 50% de desconto no Solid Edge CAM Pro e no Aninhamento Solid Edge 2D.<span style=\"float: right;\"><a class=\"action-button\" href=\"https:\/\/resources.sw.siemens.com\/pt-BR\/get-50-off-computer-aided-manufacturing-cam-and-2d-nesting\" data-wpel-link=\"internal\"><i class=\"icon-ext\"><\/i>Veja os detalhes.<\/a><\/span><\/span><\/div>\n<p>[\/vc_column_text][\/vc_column][\/vc_row][vc_row][vc_column][vc_column_text]<\/p>\n<p>[vc_row][vc_column][vc_column_text]Capacidades<\/p>\n<h2>Aninhamento poderoso, controle abrangente<\/h2>\n<p>Do in\u00edcio ao fim, o aninhamento em 2D torna a cria\u00e7\u00e3o de ninhos otimizados r\u00e1pido e f\u00e1cil.[\/vc_column_text][vc_row_inner equal_height=&#8221;yes&#8221;][vc_column_inner width=&#8221;1\/3&#8243;][vc_single_image image=&#8221;17539&#8243; img_size=&#8221;medium&#8221; alignment=&#8221;center&#8221; css=&#8221;.vc_custom_1560147312612{margin-bottom: 10px !important;}&#8221;][vc_column_text]<\/p>\n<h3>Controle completo nas suas m\u00e3os<\/h3>\n<p>Controle todas as configura\u00e7\u00f5es necess\u00e1rias para atender \u00e0s demandas de qualquer tecnologia ou material de corte, selecione facilmente quantidades de pe\u00e7as, tamanhos de folha e rota\u00e7\u00e3o de pe\u00e7a.[\/vc_column_text][\/vc_column_inner][vc_column_inner width=&#8221;1\/3&#8243;][vc_single_image image=&#8221;17553&#8243; img_size=&#8221;medium&#8221; alignment=&#8221;center&#8221; css=&#8221;.vc_custom_1560147387982{margin-bottom: 10px !important;}&#8221;][vc_column_text]<\/p>\n<h3>Fortemente integrado ao Solid Edge Mechanical design<\/h3>\n<p>Inicie diretamente do Solid Edge com um \u00fanico clique. Selecionar pe\u00e7as para importar para aninhamento \u00e9 r\u00e1pido e f\u00e1cil.[\/vc_column_text][\/vc_column_inner][vc_column_inner width=&#8221;1\/3&#8243;][vc_single_image image=&#8221;17566&#8243; img_size=&#8221;medium&#8221; alignment=&#8221;center&#8221; css=&#8221;.vc_custom_1560147402713{margin-bottom: 10px !important;}&#8221;][vc_column_text]<\/p>\n<h3>Trabalhar com v\u00e1rios formatos de arquivo<\/h3>\n<p>o aninhamento em 2D suporta os arquivos de pe\u00e7a em chapa e pe\u00e7as do Solid Edge (PSM e PAR), bem como formatos de dados neutros, incluindo DXF e DWG, extra\u00e7\u00e3o autom\u00e1tica de dados de padr\u00e3o nivelado.[\/vc_column_text][\/vc_column_inner][vc_column_inner width=&#8221;1\/3&#8243;][vc_column_text]<\/p>\n<h3>Reduzir material desperdi\u00e7ado<\/h3>\n<p>Selecione v\u00e1rios tamanhos de folha para criar o ninho mais eficiente, eliminando retalhos ou folhas parciais. Esses rejeitos geralmente resultam em material desperdi\u00e7ado, pois as folhas de sobra \u00edmpares tomam espa\u00e7o de f\u00e1brica valioso e frequentemente n\u00e3o s\u00e3o usadas.[\/vc_column_text][\/vc_column_inner][vc_column_inner width=&#8221;1\/3&#8243;][vc_column_text]<\/p>\n<h3>programa\u00e7\u00e3o CNC CAD CAM<\/h3>\n<p>Os ninhos podem ser enviados ao Solid Edge CAM pro ou exportados para outro sistema de Manufatura auxiliada por computador (CAM) para programa\u00e7\u00e3o de controle num\u00e9rico de computador (CNC).[\/vc_column_text][\/vc_column_inner][vc_column_inner width=&#8221;1\/3&#8243;][vc_column_text]<\/p>\n<h3>Economize tempo, evite a convers\u00e3o<\/h3>\n<p>Uma viagem de ida e volta integrada dentro do ambiente do Solid Edge economiza tempo e evita a convers\u00e3o de dados.[\/vc_column_text][\/vc_column_inner][\/vc_row_inner][vc_column_text]<a href=\"https:\/\/media.plm.automation.siemens.com\/solidedge\/data-brief\/Siemens-SW-Solid-Edge-2D-Nesting-FS-78034-C5.pdf\" target=\"_blank\" rel=\"noopener\"><i class=\"icon-ext\"><\/i> Fa\u00e7a o download da folha de dados do Gerenciamento de Requisitos do Solid Edge<\/a>[\/vc_column_text][\/vc_column][\/vc_row][vc_row full_width=&#8221;stretch_row&#8221; el_class=&#8221;vc-row-video-highlight&#8221;][vc_column][vc_column_text el_class=&#8221;vc-el-lead-in&#8221;]V\u00eddeo<\/p>\n<h2>Otimize seus ninhos em 2D com o Solid Edge<\/h2>\n<p>O aninhamento 2D do Solid Edge utiliza o mecanismo de aninhamento mais avan\u00e7ado e eficiente para gerar layouts de melhor em classe otimizados para corte bidimensional de pe\u00e7a em chapa, madeira e muito mais. Esses padr\u00f5es de corte aninhados reduzem o tempo, os desperd\u00edcios e os custos ao criar formas 2D comuns em produtos.<\/p>\n<p class=\"see-more\" style=\"text-align: right;\"><a href=\"https:\/\/solidedge.siemens.com\/pt-br\/resources\/videos\/\">Veja Mais V\u00eddeos<\/a><\/p>\n<p>[\/vc_column_text]\n\n\n  <div id=\"wpv-view-layout-567-CATTR002ca6f65b528c23513875a963933d25\" class=\"js-wpv-view-layout js-wpv-layout-responsive js-wpv-view-layout-567-CATTR002ca6f65b528c23513875a963933d25\" data-viewnumber=\"567-CATTR002ca6f65b528c23513875a963933d25\" data-pagination=\"{&quot;id&quot;:567,&quot;query&quot;:&quot;normal&quot;,&quot;type&quot;:&quot;disabled&quot;,&quot;effect&quot;:&quot;fade&quot;,&quot;duration&quot;:500,&quot;speed&quot;:5,&quot;pause_on_hover&quot;:&quot;disabled&quot;,&quot;stop_rollover&quot;:&quot;false&quot;,&quot;cache_pages&quot;:&quot;enabled&quot;,&quot;preload_images&quot;:&quot;enabled&quot;,&quot;preload_pages&quot;:&quot;enabled&quot;,&quot;preload_reach&quot;:1,&quot;spinner&quot;:&quot;builtin&quot;,&quot;spinner_image&quot;:&quot;https:\/\/solidedge.siemens.com\/wp-content\/plugins\/wp-views\/embedded\/res\/img\/ajax-loader.gif&quot;,&quot;callback_next&quot;:&quot;&quot;,&quot;manage_history&quot;:&quot;disabled&quot;,&quot;has_controls_in_form&quot;:&quot;disabled&quot;,&quot;infinite_tolerance&quot;:&quot;0&quot;,&quot;max_pages&quot;:0,&quot;page&quot;:1,&quot;base_permalink&quot;:&quot;\/pt-br\/wp-json\/wp\/v2\/pages\/20396?wpv_view_count=567-CATTR002ca6f65b528c23513875a963933d25&amp;wpv_paged=WPV_PAGE_NUM&quot;,&quot;loop&quot;:{&quot;type&quot;:&quot;&quot;,&quot;name&quot;:&quot;&quot;,&quot;data&quot;:[],&quot;id&quot;:0}}\" data-permalink=\"\/pt-br\/wp-json\/wp\/v2\/pages\/20396?wpv_view_count=567-CATTR002ca6f65b528c23513875a963933d25\">\n\n  \n  <div class=\"wpv-resources\"><a name=\"video\" class=\"video-anchor\"><\/a>\n    <div id=\"ult-carousel-110850785469fcf1d91569b\" class=\"ult-carousel-wrapper  vc-el-carousel-videos-embedded ult_horizontal\" data-gutter=\"0\" data-rtl=\"false\" ><div class=\"ult-carousel-28084129569fcf1d915667 \" >\n    \n    \n       <div><!-- slide container -->\n        <div class=\"wpv-resources-item\" data-mh=\".wpv-resources-item\">\n          <div class=\"resources-item-poster\">\n              <div id=\"wpfp_61eff938c59b87aa5719144eb5a75f2d\" data-item=\"{&quot;sources&quot;:&#091;{&quot;src&quot;:&quot;https:\\\/\\\/media.plm.automation.siemens.com\\\/solidedge\\\/videos\\\/2020-2d-nesting-in-solid-edge.mp4&quot;,&quot;type&quot;:&quot;video\\\/mp4&quot;}&#093;}\" class=\"flowplayer no-brand is-splash no-svg is-paused skin-slim fp-slim fp-edgy\" data-embed=\"false\" style=\"max-width: 1140px; max-height: 640px; background-image: url(https:\/\/solidedge.siemens.com\/wp-content\/uploads\/2019\/06\/2020-2d-nesting.jpg);\" data-ratio=\"0.5614\" data-advance=\"false\">\n\t<div class=\"fp-ratio\" style=\"padding-top: 56.14%\"><\/div>\n\t<div class=\"fp-ui\"><div class=\"fp-play fp-visible\"><a class=\"fp-icon fp-playbtn\"><\/a><\/div><\/div>\n\n<\/div>\n\n              \n          <\/div>\n        <\/div>\n      <\/div>\n    \n    \n    <\/div><\/div>\t\t\t<script type=\"text\/javascript\">\r\n\t\t\t\tjQuery(document).ready(function ($) {\r\n\t\t\t\t\tif( typeof jQuery('.ult-carousel-28084129569fcf1d915667').slick == \"function\"){\r\n\t\t\t\t\t\t$('.ult-carousel-28084129569fcf1d915667').slick({dots: true,autoplaySpeed: 5000,speed: 500,infinite: false,arrows: true,nextArrow: '<button type=\"button\" role=\"button\" aria-label=\"Next\" style=\"color:#ffffff; font-size:30px;background:rgba(47,56,60,0.5);\" class=\"slick-next square-bg\"><i class=\"ultsl-arrow-right6\"><\/i><\/button>',prevArrow: '<button type=\"button\" role=\"button\" aria-label=\"Previous\" style=\"color:#ffffff; font-size:30px;background:rgba(47,56,60,0.5);\" class=\"slick-prev square-bg\"><i class=\"ultsl-arrow-left6\"><\/i><\/button>',slidesToScroll:1,slidesToShow:1,swipe: true,draggable: true,touchMove: true,pauseOnHover: true,pauseOnFocus: false,responsive: [\r\n\t\t\t\t\t\t\t{\r\n\t\t\t\t\t\t\t  breakpoint: 1026,\r\n\t\t\t\t\t\t\t  settings: {\r\n\t\t\t\t\t\t\t\tslidesToShow: 1,\r\n\t\t\t\t\t\t\t\tslidesToScroll: 1,  \r\n\t\t\t\t\t\t\t  }\r\n\t\t\t\t\t\t\t},\r\n\t\t\t\t\t\t\t{\r\n\t\t\t\t\t\t\t  breakpoint: 1025,\r\n\t\t\t\t\t\t\t  settings: {\r\n\t\t\t\t\t\t\t\tslidesToShow: 1,\r\n\t\t\t\t\t\t\t\tslidesToScroll: 1\r\n\t\t\t\t\t\t\t  }\r\n\t\t\t\t\t\t\t},\r\n\t\t\t\t\t\t\t{\r\n\t\t\t\t\t\t\t  breakpoint: 760,\r\n\t\t\t\t\t\t\t  settings: {\r\n\t\t\t\t\t\t\t\tslidesToShow: 1,\r\n\t\t\t\t\t\t\t\tslidesToScroll: 1\r\n\t\t\t\t\t\t\t  }\r\n\t\t\t\t\t\t\t}\r\n\t\t\t\t\t\t],pauseOnDotsHover: true,customPaging: function(slider, i) {\r\n                   return '<i type=\"button\" style= \"color:#788891;\" class=\"ultsl-record\" data-role=\"none\"><\/i>';\r\n                },});\r\n\t\t\t\t\t}\r\n\t\t\t\t});\r\n\t\t\t<\/script>\r\n\t\t\t\n  <\/div>\n  \n  \n  <\/div>\n[\/vc_column][\/vc_row][vc_row full_width=&#8221;stretch_row&#8221; el_class=&#8221;vc-row-related-content&#8221; css=&#8221;.vc_custom_1524184785822{background-color: #347eb5 !important;}&#8221;][vc_column][vc_column_text]<\/p>\n<h2>Conte\u00fado relacionado<\/h2>\n<p>[\/vc_column_text]<div id=\"ult-carousel-68264022769fcf1d915c9b\" class=\"ult-carousel-wrapper  vc-el-carousel-related-content ult_horizontal\" data-gutter=\"0\" data-rtl=\"false\" ><div class=\"ult-carousel-127670449069fcf1d915c79 \" >[vc_column_text]<a href=\"https:\/\/www.dex.siemens.com\/plm\/solid-edge\/\">Visite a loja online do Solid Edge<\/a>[\/vc_column_text][vc_column_text]<a href=\"https:\/\/media.plm.automation.siemens.com\/solidedge\/data-brief\/Siemens-SW-Solid-Edge-2D-Nesting-FS-78034-C5.pdf\" target=\"_blank\" rel=\"noopener noreferrer\">Fa\u00e7a o download da folha de dados do Gerenciamento de Requisitos do Solid Edge<\/a>[\/vc_column_text][vc_column_text]<a href=\"https:\/\/solidedge.siemens.com\/pt-br\/solutions\/products\/computer-aided-manufacturing-cam\/\">Saiba mais sobre o Solid Edge SP:<\/a>[\/vc_column_text][vc_column_text]<a href=\"\/?page_id=13579\">Veja o que h\u00e1 de novo no Solid Edge 2020<\/a>[\/vc_column_text]<\/div><\/div>\t\t\t<script type=\"text\/javascript\">\r\n\t\t\t\tjQuery(document).ready(function ($) {\r\n\t\t\t\t\tif( typeof jQuery('.ult-carousel-127670449069fcf1d915c79').slick == \"function\"){\r\n\t\t\t\t\t\t$('.ult-carousel-127670449069fcf1d915c79').slick({dots: true,autoplaySpeed: 5000,speed: 500,infinite: false,arrows: true,nextArrow: '<button type=\"button\" role=\"button\" aria-label=\"Next\" style=\"color:#ffffff; font-size:30px;background:rgba(255,255,255,0.2);\" class=\"slick-next square-bg\"><i class=\"ultsl-arrow-right6\"><\/i><\/button>',prevArrow: '<button type=\"button\" role=\"button\" aria-label=\"Previous\" style=\"color:#ffffff; font-size:30px;background:rgba(255,255,255,0.2);\" class=\"slick-prev square-bg\"><i class=\"ultsl-arrow-left6\"><\/i><\/button>',slidesToScroll:4,slidesToShow:4,swipe: true,draggable: true,touchMove: true,pauseOnHover: true,pauseOnFocus: false,responsive: [\r\n\t\t\t\t\t\t\t{\r\n\t\t\t\t\t\t\t  breakpoint: 1026,\r\n\t\t\t\t\t\t\t  settings: {\r\n\t\t\t\t\t\t\t\tslidesToShow: 4,\r\n\t\t\t\t\t\t\t\tslidesToScroll: 4,  \r\n\t\t\t\t\t\t\t  }\r\n\t\t\t\t\t\t\t},\r\n\t\t\t\t\t\t\t{\r\n\t\t\t\t\t\t\t  breakpoint: 1025,\r\n\t\t\t\t\t\t\t  settings: {\r\n\t\t\t\t\t\t\t\tslidesToShow: 2,\r\n\t\t\t\t\t\t\t\tslidesToScroll: 2\r\n\t\t\t\t\t\t\t  }\r\n\t\t\t\t\t\t\t},\r\n\t\t\t\t\t\t\t{\r\n\t\t\t\t\t\t\t  breakpoint: 760,\r\n\t\t\t\t\t\t\t  settings: {\r\n\t\t\t\t\t\t\t\tslidesToShow: 1,\r\n\t\t\t\t\t\t\t\tslidesToScroll: 1\r\n\t\t\t\t\t\t\t  }\r\n\t\t\t\t\t\t\t}\r\n\t\t\t\t\t\t],pauseOnDotsHover: true,customPaging: function(slider, i) {\r\n                   return '<i type=\"button\" style= \"color:#ffffff;\" class=\"ultsl-record\" data-role=\"none\"><\/i>';\r\n                },});\r\n\t\t\t\t\t}\r\n\t\t\t\t});\r\n\t\t\t<\/script>\r\n\t\t\t[\/vc_column][\/vc_row]<\/p>\n","protected":false},"excerpt":{"rendered":"<p> Esbo\u00e7os 2D do Solid Edge Otimize os padr\u00f5es de corte, economizando tempo e custos de material.[\/vc_column_text][\/vc_column][\/vc_row]O aninhamento 2D do Solid Edge pode ser usado para gerar layouts otimizados para o corte bidimensional do material [&hellip;]<\/p>\n","protected":false},"author":5,"featured_media":0,"parent":2686,"menu_order":0,"comment_status":"closed","ping_status":"closed","template":"","meta":{"inline_featured_image":false},"yoast_head":"<!-- This site is optimized with the Yoast SEO plugin v18.4.1 - https:\/\/yoast.com\/wordpress\/plugins\/seo\/ -->\n<title>Aninhamento em 2D | Solid Edge | Siemens Software<\/title>\n<meta name=\"robots\" content=\"index, follow, max-snippet:-1, max-image-preview:large, max-video-preview:-1\" \/>\n<link rel=\"canonical\" href=\"https:\/\/solidedge.siemens.com\/pt-br\/solutions\/products\/computer-aided-manufacturing-cam\/2d-nesting\/\" \/>\n<meta property=\"og:locale\" content=\"pt_BR\" \/>\n<meta property=\"og:type\" content=\"article\" \/>\n<meta property=\"og:title\" content=\"Aninhamento em 2D | Solid Edge | Siemens Software\" \/>\n<meta property=\"og:description\" content=\"Esbo\u00e7os 2D do Solid Edge Otimize os padr\u00f5es de corte, economizando tempo e custos de material.[\/vc_column_text][\/vc_column][\/vc_row]O aninhamento 2D do Solid Edge pode ser usado para gerar layouts otimizados para o corte bidimensional do material [&hellip;]\" \/>\n<meta property=\"og:url\" content=\"https:\/\/solidedge.siemens.com\/pt-br\/solutions\/products\/computer-aided-manufacturing-cam\/2d-nesting\/\" \/>\n<meta property=\"og:site_name\" content=\"Solid Edge\" \/>\n<meta property=\"article:publisher\" content=\"https:\/\/www.facebook.com\/solidedge\" \/>\n<meta property=\"article:modified_time\" content=\"2022-11-21T15:02:02+00:00\" \/>\n<meta name=\"twitter:card\" content=\"summary_large_image\" \/>\n<meta name=\"twitter:site\" content=\"@siemensplm\" \/>\n<meta name=\"twitter:label1\" content=\"Est. tempo de leitura\" \/>\n\t<meta name=\"twitter:data1\" content=\"3 minutos\" \/>\n<script type=\"application\/ld+json\" class=\"yoast-schema-graph\">{\"@context\":\"https:\/\/schema.org\",\"@graph\":[{\"@type\":\"Organization\",\"@id\":\"https:\/\/solidedge.siemens.com\/en\/#organization\",\"name\":\"Siemens Digital Industries Software\",\"url\":\"https:\/\/solidedge.siemens.com\/en\/\",\"sameAs\":[\"https:\/\/www.facebook.com\/solidedge\",\"https:\/\/www.instagram.com\/siemens\/\",\"https:\/\/www.linkedin.com\/company\/siemens-plm-software\",\"https:\/\/www.youtube.com\/user\/PolarionSoftware\",\"https:\/\/twitter.com\/siemensplm\"],\"logo\":{\"@type\":\"ImageObject\",\"@id\":\"https:\/\/solidedge.siemens.com\/en\/#logo\",\"inLanguage\":\"pt-BR\",\"url\":\"https:\/\/solidedge.siemens.com\/wp-content\/uploads\/2018\/04\/logo-siemens-ifl@2x.png\",\"contentUrl\":\"https:\/\/solidedge.siemens.com\/wp-content\/uploads\/2018\/04\/logo-siemens-ifl@2x.png\",\"width\":640,\"height\":270,\"caption\":\"Siemens Digital Industries Software\"},\"image\":{\"@id\":\"https:\/\/solidedge.siemens.com\/en\/#logo\"}},{\"@type\":\"WebSite\",\"@id\":\"https:\/\/solidedge.siemens.com\/en\/#website\",\"url\":\"https:\/\/solidedge.siemens.com\/en\/\",\"name\":\"Solid Edge\",\"description\":\"Siemens Software\",\"publisher\":{\"@id\":\"https:\/\/solidedge.siemens.com\/en\/#organization\"},\"potentialAction\":[{\"@type\":\"SearchAction\",\"target\":{\"@type\":\"EntryPoint\",\"urlTemplate\":\"https:\/\/solidedge.siemens.com\/en\/?s={search_term_string}\"},\"query-input\":\"required name=search_term_string\"}],\"inLanguage\":\"pt-BR\"},{\"@type\":\"WebPage\",\"@id\":\"https:\/\/solidedge.siemens.com\/pt-br\/solutions\/products\/computer-aided-manufacturing-cam\/2d-nesting\/#webpage\",\"url\":\"https:\/\/solidedge.siemens.com\/pt-br\/solutions\/products\/computer-aided-manufacturing-cam\/2d-nesting\/\",\"name\":\"Aninhamento em 2D | Solid Edge | Siemens Software\",\"isPartOf\":{\"@id\":\"https:\/\/solidedge.siemens.com\/en\/#website\"},\"datePublished\":\"2019-09-03T15:56:26+00:00\",\"dateModified\":\"2022-11-21T15:02:02+00:00\",\"breadcrumb\":{\"@id\":\"https:\/\/solidedge.siemens.com\/pt-br\/solutions\/products\/computer-aided-manufacturing-cam\/2d-nesting\/#breadcrumb\"},\"inLanguage\":\"pt-BR\",\"potentialAction\":[{\"@type\":\"ReadAction\",\"target\":[\"https:\/\/solidedge.siemens.com\/pt-br\/solutions\/products\/computer-aided-manufacturing-cam\/2d-nesting\/\"]}]},{\"@type\":\"BreadcrumbList\",\"@id\":\"https:\/\/solidedge.siemens.com\/pt-br\/solutions\/products\/computer-aided-manufacturing-cam\/2d-nesting\/#breadcrumb\",\"itemListElement\":[{\"@type\":\"ListItem\",\"position\":1,\"name\":\"Home\",\"item\":\"https:\/\/solidedge.siemens.com\/en\/home-11\/\"},{\"@type\":\"ListItem\",\"position\":2,\"name\":\"Solu\u00e7\u00f5es\",\"item\":\"https:\/\/solidedge.siemens.com\/pt-br\/solutions\/\"},{\"@type\":\"ListItem\",\"position\":3,\"name\":\"Produtos\",\"item\":\"https:\/\/solidedge.siemens.com\/pt-br\/solutions\/products\/\"},{\"@type\":\"ListItem\",\"position\":4,\"name\":\"Manufatura Assistida por Computador (CAM)\",\"item\":\"https:\/\/solidedge.siemens.com\/pt-br\/solutions\/products\/computer-aided-manufacturing-cam\/\"},{\"@type\":\"ListItem\",\"position\":5,\"name\":\"Aninhamento em 2D\"}]}]}<\/script>\n<!-- \/ Yoast SEO plugin. -->","yoast_head_json":{"title":"Aninhamento em 2D | Solid Edge | Siemens Software","robots":{"index":"index","follow":"follow","max-snippet":"max-snippet:-1","max-image-preview":"max-image-preview:large","max-video-preview":"max-video-preview:-1"},"canonical":"https:\/\/solidedge.siemens.com\/pt-br\/solutions\/products\/computer-aided-manufacturing-cam\/2d-nesting\/","og_locale":"pt_BR","og_type":"article","og_title":"Aninhamento em 2D | Solid Edge | Siemens Software","og_description":"Esbo\u00e7os 2D do Solid Edge Otimize os padr\u00f5es de corte, economizando tempo e custos de material.[\/vc_column_text][\/vc_column][\/vc_row]O aninhamento 2D do Solid Edge pode ser usado para gerar layouts otimizados para o corte bidimensional do material [&hellip;]","og_url":"https:\/\/solidedge.siemens.com\/pt-br\/solutions\/products\/computer-aided-manufacturing-cam\/2d-nesting\/","og_site_name":"Solid Edge","article_publisher":"https:\/\/www.facebook.com\/solidedge","article_modified_time":"2022-11-21T15:02:02+00:00","twitter_card":"summary_large_image","twitter_site":"@siemensplm","twitter_misc":{"Est. tempo de leitura":"3 minutos"},"schema":{"@context":"https:\/\/schema.org","@graph":[{"@type":"Organization","@id":"https:\/\/solidedge.siemens.com\/en\/#organization","name":"Siemens Digital Industries Software","url":"https:\/\/solidedge.siemens.com\/en\/","sameAs":["https:\/\/www.facebook.com\/solidedge","https:\/\/www.instagram.com\/siemens\/","https:\/\/www.linkedin.com\/company\/siemens-plm-software","https:\/\/www.youtube.com\/user\/PolarionSoftware","https:\/\/twitter.com\/siemensplm"],"logo":{"@type":"ImageObject","@id":"https:\/\/solidedge.siemens.com\/en\/#logo","inLanguage":"pt-BR","url":"https:\/\/solidedge.siemens.com\/wp-content\/uploads\/2018\/04\/logo-siemens-ifl@2x.png","contentUrl":"https:\/\/solidedge.siemens.com\/wp-content\/uploads\/2018\/04\/logo-siemens-ifl@2x.png","width":640,"height":270,"caption":"Siemens Digital Industries Software"},"image":{"@id":"https:\/\/solidedge.siemens.com\/en\/#logo"}},{"@type":"WebSite","@id":"https:\/\/solidedge.siemens.com\/en\/#website","url":"https:\/\/solidedge.siemens.com\/en\/","name":"Solid Edge","description":"Siemens Software","publisher":{"@id":"https:\/\/solidedge.siemens.com\/en\/#organization"},"potentialAction":[{"@type":"SearchAction","target":{"@type":"EntryPoint","urlTemplate":"https:\/\/solidedge.siemens.com\/en\/?s={search_term_string}"},"query-input":"required name=search_term_string"}],"inLanguage":"pt-BR"},{"@type":"WebPage","@id":"https:\/\/solidedge.siemens.com\/pt-br\/solutions\/products\/computer-aided-manufacturing-cam\/2d-nesting\/#webpage","url":"https:\/\/solidedge.siemens.com\/pt-br\/solutions\/products\/computer-aided-manufacturing-cam\/2d-nesting\/","name":"Aninhamento em 2D | Solid Edge | Siemens Software","isPartOf":{"@id":"https:\/\/solidedge.siemens.com\/en\/#website"},"datePublished":"2019-09-03T15:56:26+00:00","dateModified":"2022-11-21T15:02:02+00:00","breadcrumb":{"@id":"https:\/\/solidedge.siemens.com\/pt-br\/solutions\/products\/computer-aided-manufacturing-cam\/2d-nesting\/#breadcrumb"},"inLanguage":"pt-BR","potentialAction":[{"@type":"ReadAction","target":["https:\/\/solidedge.siemens.com\/pt-br\/solutions\/products\/computer-aided-manufacturing-cam\/2d-nesting\/"]}]},{"@type":"BreadcrumbList","@id":"https:\/\/solidedge.siemens.com\/pt-br\/solutions\/products\/computer-aided-manufacturing-cam\/2d-nesting\/#breadcrumb","itemListElement":[{"@type":"ListItem","position":1,"name":"Home","item":"https:\/\/solidedge.siemens.com\/en\/home-11\/"},{"@type":"ListItem","position":2,"name":"Solu\u00e7\u00f5es","item":"https:\/\/solidedge.siemens.com\/pt-br\/solutions\/"},{"@type":"ListItem","position":3,"name":"Produtos","item":"https:\/\/solidedge.siemens.com\/pt-br\/solutions\/products\/"},{"@type":"ListItem","position":4,"name":"Manufatura Assistida por Computador (CAM)","item":"https:\/\/solidedge.siemens.com\/pt-br\/solutions\/products\/computer-aided-manufacturing-cam\/"},{"@type":"ListItem","position":5,"name":"Aninhamento em 2D"}]}]}},"_links":{"self":[{"href":"https:\/\/solidedge.siemens.com\/pt-br\/wp-json\/wp\/v2\/pages\/20396"}],"collection":[{"href":"https:\/\/solidedge.siemens.com\/pt-br\/wp-json\/wp\/v2\/pages"}],"about":[{"href":"https:\/\/solidedge.siemens.com\/pt-br\/wp-json\/wp\/v2\/types\/page"}],"author":[{"embeddable":true,"href":"https:\/\/solidedge.siemens.com\/pt-br\/wp-json\/wp\/v2\/users\/5"}],"replies":[{"embeddable":true,"href":"https:\/\/solidedge.siemens.com\/pt-br\/wp-json\/wp\/v2\/comments?post=20396"}],"version-history":[{"count":3,"href":"https:\/\/solidedge.siemens.com\/pt-br\/wp-json\/wp\/v2\/pages\/20396\/revisions"}],"predecessor-version":[{"id":65475,"href":"https:\/\/solidedge.siemens.com\/pt-br\/wp-json\/wp\/v2\/pages\/20396\/revisions\/65475"}],"up":[{"embeddable":true,"href":"https:\/\/solidedge.siemens.com\/pt-br\/wp-json\/wp\/v2\/pages\/2686"}],"wp:attachment":[{"href":"https:\/\/solidedge.siemens.com\/pt-br\/wp-json\/wp\/v2\/media?parent=20396"}],"curies":[{"name":"wp","href":"https:\/\/api.w.org\/{rel}","templated":true}]}}