{"id":20390,"date":"2019-09-03T11:50:40","date_gmt":"2019-09-03T15:50:40","guid":{"rendered":"https:\/\/solidedge.siemens.com\/?page_id=20390"},"modified":"2019-09-03T14:12:50","modified_gmt":"2019-09-03T18:12:50","slug":"augmented-reality","status":"publish","type":"page","link":"https:\/\/solidedge.siemens.com\/pt-br\/augmented-reality\/","title":{"rendered":"Realidade aumentada"},"content":{"rendered":"<p>[vc_row full_width=&#8221;stretch_row&#8221; full_height=&#8221;yes&#8221; content_placement=&#8221;middle&#8221; css=&#8221;.vc_custom_1560142590297{background: #a6a6a6 url(https:\/\/solidedge.siemens.com\/wp-content\/uploads\/2019\/06\/AugmentedRealityWashTech-cover.jpg?id=17291) !important;background-position: center !important;background-repeat: no-repeat !important;background-size: cover !important;}&#8221; el_class=&#8221;vc-row-hero-banner&#8221;][vc_column][vc_column_text el_class=&#8221;.vc-el-callout&#8221;]<\/p>\n<h1>Software Solid Edge OEM<\/h1>\n<p>Dar vida a ideias com visualiza\u00e7\u00e3o de projeto. A realidade aumentada do Solid Edge permite que os usu\u00e1rios experimentem prot\u00f3tipos digitais de escala verdadeira em ambientes do mundo real, conectando o ambiente digital com o mundo f\u00edsico. Isso permite que um projeto seja mostrada em seu ambiente pretendido de forma convincente, mesmo antes de ser constru\u00eddo. A experi\u00eancia pode ser compartilhada com seguran\u00e7a atrav\u00e9s da nuvem usando o portal do Solid Edge ou visualizado offline.[\/vc_column_text][\/vc_column][\/vc_row][vc_row el_class=&#8221;vc-row-accordion&#8221;][vc_column][vc_column_text]Capacidades<\/p>\n<h2>Realidade aumentada<\/h2>\n<p>[\/vc_column_text][vc_tta_accordion style=&#8221;flat&#8221; shape=&#8221;square&#8221; active_section=&#8221;0&#8243; no_fill=&#8221;true&#8221; collapsible_all=&#8221;true&#8221; el_class=&#8221;vc-el-accordion&#8221;][vc_tta_section title=&#8221;Comunique a inten\u00e7\u00e3o do projeto no ambiente f\u00edsico desejado&#8221; tab_id=&#8221;ui-communicate-design-intent&#8221;][vc_row_inner][vc_column_inner][vc_column_text]<\/p>\n<h2>Comunique a inten\u00e7\u00e3o do desenho em seu ambiente f\u00edsico pretendido<\/h2>\n<p>Fornecer a oportunidade de ver como um projeto se parecer\u00e1 em sua configura\u00e7\u00e3o pretendida pode ser uma ferramenta de comunica\u00e7\u00e3o \u00fatil para designers e negociantes. Ele pode proporcionar confian\u00e7a na apar\u00eancia e a sensa\u00e7\u00e3o pretendida de um produto sem ter que tornar o produto atual dispon\u00edvel. Alterando a percep\u00e7\u00e3o usando informa\u00e7\u00f5es digitais, os usu\u00e1rios podem visualizar modelos 3D como se existissem fisicamente.[\/vc_column_text][\/vc_column_inner][\/vc_row_inner][\/vc_tta_section][vc_tta_section title=&#8221;Acesso gratuito e f\u00e1cil \u00e0 virtualiza\u00e7\u00e3o de pr\u00f3xima gera\u00e7\u00e3o&#8221; tab_id=&#8221;ui-next-generation-virtualization&#8221;][vc_column_text]<\/p>\n<h2>Acesso gratuito e f\u00e1cil \u00e0 visualiza\u00e7\u00e3o de pr\u00f3xima gera\u00e7\u00e3o<\/h2>\n<p>A realidade aumentada do Solid Edge permite que voc\u00ea visualize produtos verdadeiro para dimensionar ou dimensionado para produtos maiores, em qualquer lugar, usando um prot\u00f3tipo digital de n\u00edvel pr\u00f3ximo atrav\u00e9s de um aplicativo gratuito. Isso pode proporcionar confian\u00e7a na apar\u00eancia e a sensa\u00e7\u00e3o pretendidas de um produto sem o produto mesmo deixando o ch\u00e3o de manufatura.[\/vc_column_text][\/vc_tta_section][vc_tta_section title=&#8221;Auxilia na colabora\u00e7\u00e3o do projeto&#8221; tab_id=&#8221;ui-design-collaboration&#8221;][vc_column_text]<\/p>\n<h2>Auxilia na colabora\u00e7\u00e3o do projeto<\/h2>\n<p>A realidade aumentada do Solid Edge \u00e9 \u00f3tima para revis\u00f5es de projeto. Uma representa\u00e7\u00e3o precisa do tamanho\/formato do produto ajuda os clientes e colegas a entender como o produto se adequa ao seu ambiente desejado, mesmo quando as equipes est\u00e3o geograficamente dispersadas. O portal Solid Edge livre compartilha com seguran\u00e7a a experi\u00eancia de AR. Os benef\u00edcios de implementa\u00e7\u00e3o incluem tempo reduzido para o mercado e custo, qualidade melhorada e maior produtividade.[\/vc_column_text][\/vc_tta_section][vc_tta_section title=&#8221;Compartilhamento seguro&#8221; tab_id=&#8221;ui-secure-sharing&#8221;][vc_column_text]<\/p>\n<h2>Compartilhamento seguro<\/h2>\n<p>O compartilhamento seguro da experi\u00eancia de realidade aumentada est\u00e1 dispon\u00edvel atrav\u00e9s da nuvem usando o portal do Solid Edge gratuito.[\/vc_column_text][\/vc_tta_section][vc_tta_section title=&#8221;Estendendo AR para outras experi\u00eancias de realidade aumentada, virtual e mista&#8221; tab_id=&#8221;ui-extending-ar&#8221;][vc_column_text]<\/p>\n<h2>Estendendo AR para outras experi\u00eancias de realidade aumentada, virtual e mista<\/h2>\n<p>O Solid Edge pode exportar arquivos OBJ para outras experi\u00eancias de realidade aumentada, virtual e mista (AR\/VR\/MR) atrav\u00e9s de sistemas de terceiros.[\/vc_column_text][\/vc_tta_section][vc_tta_section title=&#8221;Criando a AR&#8221; tab_id=&#8221;ui-creating-ar&#8221;][vc_column_text]<\/p>\n<h2>Criando a AR<\/h2>\n<p>Fa\u00e7a login no portal do Solid Edge gratuito. Carregar um modelo CAD. Com um simples clique, gere um c\u00f3digo QR associado ao modelo. Em seguida, compartilhe o projeto com um destinat\u00e1rio, que abre o portal do Solid Edge para exibir o c\u00f3digo QR em qualquer smartphone ou Tablet comum (ou impresso no papel). O c\u00f3digo QR \u00e9 digitalizado usando o aplicativo visualizador do Solid Edge e a experi\u00eancia de realidade aumentada come\u00e7a. O modelo pode ser visualizado de v\u00e1rios \u00e2ngulos ou movido na configura\u00e7\u00e3o.<\/p>\n<p><a href=\"https:\/\/solidedgeportal.sws.siemens.com\/home\/\"><i class=\"icon-ext\"><\/i> Visite o Portal Solid Edge<\/a>[\/vc_column_text][\/vc_tta_section][\/vc_tta_accordion][vc_column_text]<a href=\"https:\/\/media.plm.automation.siemens.com\/solidedge\/data-brief\/Siemens-SW-Solid-Edge-Augmented-Reality-FS-78026-C4.pdf\" target=\"_blank\" rel=\"noopener noreferrer\"><i class=\"icon-ext\"><\/i>Fa\u00e7a o download da folha de dados do Gerenciamento de Requisitos do Solid Edge<\/a>[\/vc_column_text][\/vc_column][\/vc_row][vc_row full_width=&#8221;stretch_row&#8221; el_class=&#8221;vc-row-free-software&#8221; css=&#8221;.vc_custom_1523912493378{background-color: #006486 !important;}&#8221;][vc_column][vc_column_text el_class=&#8221;vc-el-lead-in&#8221;]Software GRATUITO<\/p>\n<h2>Software de Projeto 3D Gratuito<\/h2>\n<p>[\/vc_column_text][vc_row_inner equal_height=&#8221;yes&#8221;][vc_column_inner width=&#8221;1\/2&#8243; offset=&#8221;vc_col-md-5&#8243;]<div class=\"wpb_content_block wpb_content_element\"><div class=\"wpb_wrapper\"><div class=\"content_block\" id=\"custom_post_widget-913\"><p>[vc_row][vc_column][vc_column_text]<\/p>\n<h3>Utilize o Portal Solid Edge Gratuito<\/h3>\n<p>Crie uma conta gratuita para gerenciamento online de CAD, visualiza\u00e7\u00e3o e colabora\u00e7\u00e3o.[\/vc_column_text][vc_column_text]<a class=\"action-button\" href=\"https:\/\/share.sws.siemens.com\/\"><i class=\"icon-ext\"><\/i>Iniciar<\/a>[\/vc_column_text][\/vc_column][\/vc_row]<\/p>\n<\/div><\/div><\/div>[\/vc_column_inner][vc_column_inner width=&#8221;1\/2&#8243; offset=&#8221;vc_col-md-offset-2 vc_col-md-5&#8243;]<div class=\"wpb_content_block wpb_content_element\"><div class=\"wpb_wrapper\"><div class=\"content_block\" id=\"custom_post_widget-418\"><p>[vc_row][vc_column][vc_column_text]<\/p>\n<h3>Experimente o Solid Edge gratuitamente<\/h3>\n<p>Obtenha acesso instant\u00e2neo para fazer um teste gratuito do Solid Edge.[\/vc_column_text][vc_column_text]<a class=\"action-button\" href=\"\/pt-br\/try-now\/\"><i class=\"icon-ext\"><\/i>Come\u00e7ar Agora<\/a>[\/vc_column_text][\/vc_column][\/vc_row]<\/p>\n<\/div><\/div><\/div>[\/vc_column_inner][\/vc_row_inner][\/vc_column][\/vc_row][vc_row full_width=&#8221;stretch_row&#8221; el_class=&#8221;footer-contact&#8221; css=&#8221;.vc_custom_1550170708528{background-color: #dedee3 !important;}&#8221;][vc_column]<div class=\"wpb_content_block wpb_content_element\"><div class=\"wpb_wrapper\"><\/div><\/div>[\/vc_column][\/vc_row]<\/p>\n","protected":false},"excerpt":{"rendered":"<p> Software Solid Edge OEM Dar vida a ideias com visualiza\u00e7\u00e3o de projeto. A realidade aumentada do Solid Edge permite que os usu\u00e1rios experimentem prot\u00f3tipos digitais de escala verdadeira em ambientes do mundo real, conectando o ambiente digital com o [&hellip;]<\/p>\n","protected":false},"author":5,"featured_media":0,"parent":0,"menu_order":0,"comment_status":"closed","ping_status":"closed","template":"","meta":{"inline_featured_image":false},"yoast_head":"<!-- This site is optimized with the Yoast SEO plugin v18.4.1 - https:\/\/yoast.com\/wordpress\/plugins\/seo\/ -->\n<title>Realidade aumentada | Solid Edge | Siemens Software<\/title>\n<meta name=\"robots\" content=\"index, follow, max-snippet:-1, max-image-preview:large, max-video-preview:-1\" \/>\n<link rel=\"canonical\" href=\"https:\/\/solidedge.siemens.com\/pt-br\/augmented-reality\/\" \/>\n<meta property=\"og:locale\" content=\"pt_BR\" \/>\n<meta property=\"og:type\" content=\"article\" \/>\n<meta property=\"og:title\" content=\"Realidade aumentada | Solid Edge | Siemens Software\" \/>\n<meta property=\"og:description\" content=\"Software Solid Edge OEM Dar vida a ideias com visualiza\u00e7\u00e3o de projeto. A realidade aumentada do Solid Edge permite que os usu\u00e1rios experimentem prot\u00f3tipos digitais de escala verdadeira em ambientes do mundo real, conectando o ambiente digital com o [&hellip;]\" \/>\n<meta property=\"og:url\" content=\"https:\/\/solidedge.siemens.com\/pt-br\/augmented-reality\/\" \/>\n<meta property=\"og:site_name\" content=\"Solid Edge\" \/>\n<meta property=\"article:publisher\" content=\"https:\/\/www.facebook.com\/solidedge\" \/>\n<meta property=\"article:modified_time\" content=\"2019-09-03T18:12:50+00:00\" \/>\n<meta name=\"twitter:card\" content=\"summary_large_image\" \/>\n<meta name=\"twitter:site\" content=\"@siemensplm\" \/>\n<meta name=\"twitter:label1\" content=\"Est. tempo de leitura\" \/>\n\t<meta name=\"twitter:data1\" content=\"4 minutos\" \/>\n<script type=\"application\/ld+json\" class=\"yoast-schema-graph\">{\"@context\":\"https:\/\/schema.org\",\"@graph\":[{\"@type\":\"Organization\",\"@id\":\"https:\/\/solidedge.siemens.com\/en\/#organization\",\"name\":\"Siemens Digital Industries Software\",\"url\":\"https:\/\/solidedge.siemens.com\/en\/\",\"sameAs\":[\"https:\/\/www.facebook.com\/solidedge\",\"https:\/\/www.instagram.com\/siemens\/\",\"https:\/\/www.linkedin.com\/company\/siemens-plm-software\",\"https:\/\/www.youtube.com\/user\/PolarionSoftware\",\"https:\/\/twitter.com\/siemensplm\"],\"logo\":{\"@type\":\"ImageObject\",\"@id\":\"https:\/\/solidedge.siemens.com\/en\/#logo\",\"inLanguage\":\"pt-BR\",\"url\":\"https:\/\/solidedge.siemens.com\/wp-content\/uploads\/2018\/04\/logo-siemens-ifl@2x.png\",\"contentUrl\":\"https:\/\/solidedge.siemens.com\/wp-content\/uploads\/2018\/04\/logo-siemens-ifl@2x.png\",\"width\":640,\"height\":270,\"caption\":\"Siemens Digital Industries Software\"},\"image\":{\"@id\":\"https:\/\/solidedge.siemens.com\/en\/#logo\"}},{\"@type\":\"WebSite\",\"@id\":\"https:\/\/solidedge.siemens.com\/en\/#website\",\"url\":\"https:\/\/solidedge.siemens.com\/en\/\",\"name\":\"Solid Edge\",\"description\":\"Siemens Software\",\"publisher\":{\"@id\":\"https:\/\/solidedge.siemens.com\/en\/#organization\"},\"potentialAction\":[{\"@type\":\"SearchAction\",\"target\":{\"@type\":\"EntryPoint\",\"urlTemplate\":\"https:\/\/solidedge.siemens.com\/en\/?s={search_term_string}\"},\"query-input\":\"required name=search_term_string\"}],\"inLanguage\":\"pt-BR\"},{\"@type\":\"WebPage\",\"@id\":\"https:\/\/solidedge.siemens.com\/pt-br\/augmented-reality\/#webpage\",\"url\":\"https:\/\/solidedge.siemens.com\/pt-br\/augmented-reality\/\",\"name\":\"Realidade aumentada | Solid Edge | Siemens Software\",\"isPartOf\":{\"@id\":\"https:\/\/solidedge.siemens.com\/en\/#website\"},\"datePublished\":\"2019-09-03T15:50:40+00:00\",\"dateModified\":\"2019-09-03T18:12:50+00:00\",\"breadcrumb\":{\"@id\":\"https:\/\/solidedge.siemens.com\/pt-br\/augmented-reality\/#breadcrumb\"},\"inLanguage\":\"pt-BR\",\"potentialAction\":[{\"@type\":\"ReadAction\",\"target\":[\"https:\/\/solidedge.siemens.com\/pt-br\/augmented-reality\/\"]}]},{\"@type\":\"BreadcrumbList\",\"@id\":\"https:\/\/solidedge.siemens.com\/pt-br\/augmented-reality\/#breadcrumb\",\"itemListElement\":[{\"@type\":\"ListItem\",\"position\":1,\"name\":\"Home\",\"item\":\"https:\/\/solidedge.siemens.com\/en\/home-11\/\"},{\"@type\":\"ListItem\",\"position\":2,\"name\":\"Realidade aumentada\"}]}]}<\/script>\n<!-- \/ Yoast SEO plugin. -->","yoast_head_json":{"title":"Realidade aumentada | Solid Edge | Siemens Software","robots":{"index":"index","follow":"follow","max-snippet":"max-snippet:-1","max-image-preview":"max-image-preview:large","max-video-preview":"max-video-preview:-1"},"canonical":"https:\/\/solidedge.siemens.com\/pt-br\/augmented-reality\/","og_locale":"pt_BR","og_type":"article","og_title":"Realidade aumentada | Solid Edge | Siemens Software","og_description":"Software Solid Edge OEM Dar vida a ideias com visualiza\u00e7\u00e3o de projeto. A realidade aumentada do Solid Edge permite que os usu\u00e1rios experimentem prot\u00f3tipos digitais de escala verdadeira em ambientes do mundo real, conectando o ambiente digital com o [&hellip;]","og_url":"https:\/\/solidedge.siemens.com\/pt-br\/augmented-reality\/","og_site_name":"Solid Edge","article_publisher":"https:\/\/www.facebook.com\/solidedge","article_modified_time":"2019-09-03T18:12:50+00:00","twitter_card":"summary_large_image","twitter_site":"@siemensplm","twitter_misc":{"Est. tempo de leitura":"4 minutos"},"schema":{"@context":"https:\/\/schema.org","@graph":[{"@type":"Organization","@id":"https:\/\/solidedge.siemens.com\/en\/#organization","name":"Siemens Digital Industries Software","url":"https:\/\/solidedge.siemens.com\/en\/","sameAs":["https:\/\/www.facebook.com\/solidedge","https:\/\/www.instagram.com\/siemens\/","https:\/\/www.linkedin.com\/company\/siemens-plm-software","https:\/\/www.youtube.com\/user\/PolarionSoftware","https:\/\/twitter.com\/siemensplm"],"logo":{"@type":"ImageObject","@id":"https:\/\/solidedge.siemens.com\/en\/#logo","inLanguage":"pt-BR","url":"https:\/\/solidedge.siemens.com\/wp-content\/uploads\/2018\/04\/logo-siemens-ifl@2x.png","contentUrl":"https:\/\/solidedge.siemens.com\/wp-content\/uploads\/2018\/04\/logo-siemens-ifl@2x.png","width":640,"height":270,"caption":"Siemens Digital Industries Software"},"image":{"@id":"https:\/\/solidedge.siemens.com\/en\/#logo"}},{"@type":"WebSite","@id":"https:\/\/solidedge.siemens.com\/en\/#website","url":"https:\/\/solidedge.siemens.com\/en\/","name":"Solid Edge","description":"Siemens Software","publisher":{"@id":"https:\/\/solidedge.siemens.com\/en\/#organization"},"potentialAction":[{"@type":"SearchAction","target":{"@type":"EntryPoint","urlTemplate":"https:\/\/solidedge.siemens.com\/en\/?s={search_term_string}"},"query-input":"required name=search_term_string"}],"inLanguage":"pt-BR"},{"@type":"WebPage","@id":"https:\/\/solidedge.siemens.com\/pt-br\/augmented-reality\/#webpage","url":"https:\/\/solidedge.siemens.com\/pt-br\/augmented-reality\/","name":"Realidade aumentada | Solid Edge | Siemens Software","isPartOf":{"@id":"https:\/\/solidedge.siemens.com\/en\/#website"},"datePublished":"2019-09-03T15:50:40+00:00","dateModified":"2019-09-03T18:12:50+00:00","breadcrumb":{"@id":"https:\/\/solidedge.siemens.com\/pt-br\/augmented-reality\/#breadcrumb"},"inLanguage":"pt-BR","potentialAction":[{"@type":"ReadAction","target":["https:\/\/solidedge.siemens.com\/pt-br\/augmented-reality\/"]}]},{"@type":"BreadcrumbList","@id":"https:\/\/solidedge.siemens.com\/pt-br\/augmented-reality\/#breadcrumb","itemListElement":[{"@type":"ListItem","position":1,"name":"Home","item":"https:\/\/solidedge.siemens.com\/en\/home-11\/"},{"@type":"ListItem","position":2,"name":"Realidade aumentada"}]}]}},"_links":{"self":[{"href":"https:\/\/solidedge.siemens.com\/pt-br\/wp-json\/wp\/v2\/pages\/20390"}],"collection":[{"href":"https:\/\/solidedge.siemens.com\/pt-br\/wp-json\/wp\/v2\/pages"}],"about":[{"href":"https:\/\/solidedge.siemens.com\/pt-br\/wp-json\/wp\/v2\/types\/page"}],"author":[{"embeddable":true,"href":"https:\/\/solidedge.siemens.com\/pt-br\/wp-json\/wp\/v2\/users\/5"}],"replies":[{"embeddable":true,"href":"https:\/\/solidedge.siemens.com\/pt-br\/wp-json\/wp\/v2\/comments?post=20390"}],"version-history":[{"count":0,"href":"https:\/\/solidedge.siemens.com\/pt-br\/wp-json\/wp\/v2\/pages\/20390\/revisions"}],"wp:attachment":[{"href":"https:\/\/solidedge.siemens.com\/pt-br\/wp-json\/wp\/v2\/media?parent=20390"}],"curies":[{"name":"wp","href":"https:\/\/api.w.org\/{rel}","templated":true}]}}