{"id":1911,"date":"2018-04-10T14:55:32","date_gmt":"2018-04-10T18:55:32","guid":{"rendered":"https:\/\/solidedge.siemens.com\/reverse-engineering\/"},"modified":"2019-09-03T14:11:57","modified_gmt":"2019-09-03T18:11:57","slug":"reverse-engineering","status":"publish","type":"page","link":"https:\/\/solidedge.siemens.com\/pt-br\/solutions\/products\/3d-design\/next-generation-design\/reverse-engineering\/","title":{"rendered":"Engenharia Reversa"},"content":{"rendered":"<p>[vc_row full_width=&#8221;stretch_row&#8221; full_height=&#8221;yes&#8221; content_placement=&#8221;middle&#8221; css=&#8221;.vc_custom_1524674679674{background: #a6a6a6 url(https:\/\/solidedge.siemens.com\/wp-content\/uploads\/2018\/04\/vc-bg-her-reverse-engineering.jpg?id=761) !important;background-position: center !important;background-repeat: no-repeat !important;background-size: cover !important;}&#8221; el_class=&#8221;vc-row-hero-banner&#8221;][vc_column][vc_column_text el_class=&#8221;.vc-el-callout&#8221;]<\/p>\n<h1>Engenharia Reversa: da Digitaliza\u00e7\u00e3o 3D ao CAD<\/h1>\n<p>Em conjunto com poderosas ferramentas de projeto 3D, o Solid Edge oferece funcionalidades inteligentes para trabalhar com malha ou dados baseados em tri\u00e2ngulos. Os corpos podem ser importados de outros sistemas, digitalizados digitalmente ou produtos de uma an\u00e1lise de projeto generativa. Todos eles aparecem como uma malha de tri\u00e2ngulos (ou facetas) e, em muitos casos, precisam de mais modifica\u00e7\u00f5es no projeto.<\/p>\n<p><a class=\"action-button\" href=\"\/pt-br\/try-now\/\"><i class=\"icon-ext\"><\/i>Comece seu Teste Gratuito<\/a>[\/vc_column_text][\/vc_column][\/vc_row][vc_row][vc_column][vc_column_text el_class=&#8221;vc-el-lead-in&#8221;]Capacidades<\/p>\n<h2>Expanda seus recursos de projeto 3D al\u00e9m do esperado<\/h2>\n<p>O Solid Edge oferece ferramentas intuitivas de limpeza de malha, para remover quaisquer erros que possam resultar do processo de importa\u00e7\u00e3o, permitindo que os projetistas tenham um conjunto funcional de tri\u00e2ngulos. Ao obter uma malha s\u00f3lida, as regi\u00f5es poder\u00e3o ser identificadas e criadas, e essas regi\u00f5es poder\u00e3o ser extra\u00eddas como superf\u00edcies e editadas com ferramentas tradicionais de modelagem de superf\u00edcie.[\/vc_column_text][vc_row_inner el_class=&#8221;vc-row-image-teasers&#8221;][vc_column_inner width=&#8221;1\/3&#8243;][vc_single_image image=&#8221;758&#8243; img_size=&#8221;full&#8221; alignment=&#8221;center&#8221;][vc_column_text]<\/p>\n<h3>Criar malhas funcionais<\/h3>\n<p>Os corpos de malha importados nem sempre atendem \u00e0s suas necessidades. Ent\u00e3o, a Solid Edge oferece ferramentas para remover facetas ou regi\u00f5es de malha espec\u00edficas, preencher orif\u00edcios e suavizar a malha. Essas opera\u00e7\u00f5es de limpeza de malha ajudam os designers a preparar corpos facetados para modelagem e\/ou manufatura posterior.[\/vc_column_text][\/vc_column_inner][vc_column_inner width=&#8221;1\/3&#8243;][vc_single_image image=&#8221;759&#8243; img_size=&#8221;full&#8221; alignment=&#8221;center&#8221;][vc_column_text]<\/p>\n<h3>Prepara\u00e7\u00e3o do modelo facilitada<\/h3>\n<p>Encontrar as formas da faceta l\u00f3gica \u00e9 fundamental para se preparar a geometria para opera\u00e7\u00f5es anal\u00edticas de superf\u00edcie, e as ferramentas de Identificar Regi\u00f5es permitem o agrupamento l\u00f3gico de tri\u00e2ngulos que podem ser usados na cria\u00e7\u00e3o das faces.[\/vc_column_text][\/vc_column_inner][vc_column_inner width=&#8221;1\/3&#8243;][vc_single_image image=&#8221;760&#8243; img_size=&#8221;full&#8221; alignment=&#8221;center&#8221;][vc_column_text]<\/p>\n<h3>Cria\u00e7\u00e3o intuitiva de superf\u00edcie<\/h3>\n<p>O verdadeiro poder da engenharia reversa aparece quando voc\u00ea pode criar superf\u00edcies nativas em cima de dados importados. O Solid Edge oferece comandos n\u00e3o s\u00f3 para extrair faces das regi\u00f5es identificadas da malha, mas tamb\u00e9m para encaixar faces anal\u00edticas em cima de uma regi\u00e3o.[\/vc_column_text][\/vc_column_inner][\/vc_row_inner][\/vc_column][\/vc_row][vc_row full_width=&#8221;stretch_row&#8221; el_class=&#8221;vc-row-free-software&#8221; css=&#8221;.vc_custom_1523912493378{background-color: #006486 !important;}&#8221;][vc_column][vc_column_text el_class=&#8221;vc-el-lead-in&#8221;]Software GRATUITO<\/p>\n<h2>Software de Projeto 3D Gratuito<\/h2>\n<p>[\/vc_column_text][vc_row_inner equal_height=&#8221;yes&#8221;][vc_column_inner width=&#8221;1\/2&#8243; offset=&#8221;vc_col-md-5&#8243;]<div class=\"wpb_content_block wpb_content_element\"><div class=\"wpb_wrapper\"><div class=\"content_block\" id=\"custom_post_widget-418\"><p>[vc_row][vc_column][vc_column_text]<\/p>\n<h3>Experimente o Solid Edge gratuitamente<\/h3>\n<p>Obtenha acesso instant\u00e2neo para fazer um teste gratuito do Solid Edge.[\/vc_column_text][vc_column_text]<a class=\"action-button\" href=\"\/pt-br\/try-now\/\"><i class=\"icon-ext\"><\/i>Come\u00e7ar Agora<\/a>[\/vc_column_text][\/vc_column][\/vc_row]<\/p>\n<\/div><\/div><\/div>[\/vc_column_inner][vc_column_inner width=&#8221;1\/2&#8243; offset=&#8221;vc_col-md-offset-2 vc_col-md-5&#8243;]<div class=\"wpb_content_block wpb_content_element\"><div class=\"wpb_wrapper\"><div class=\"content_block\" id=\"custom_post_widget-419\"><p>[vc_row][vc_column][vc_column_text]<\/p>\n<h3>Software Gratuito para sua Startup<\/h3>\n<p>Se voc\u00ea possui uma startup no est\u00e1gio inicial, em atividade h\u00e1 menos de tr\u00eas anos, voc\u00ea pode se inscrever agora para obter o Solid Edge gratuitamente. Sem taxas de inscri\u00e7\u00e3o![\/vc_column_text][vc_column_text]<a class=\"action-button\" href=\"https:\/\/www.plm.automation.siemens.com\/country\/engage\/topic\/solid-edge-start-up-brasil\/28153\"><i class=\"icon-ext\"><\/i>Solicite Agora<\/a>[\/vc_column_text][\/vc_column][\/vc_row]<\/p>\n<\/div><\/div><\/div>[\/vc_column_inner][\/vc_row_inner][\/vc_column][\/vc_row][vc_row full_width=&#8221;stretch_row&#8221; el_class=&#8221;vc-row-video-highlight&#8221;][vc_column][vc_column_text el_class=&#8221;vc-el-lead-in&#8221;]V\u00eddeo<\/p>\n<h2>Veja a Engenharia Reversa em A\u00e7\u00e3o<\/h2>\n<p>Em conjunto com poderosas ferramentas de projeto 3D, o Solid Edge oferece funcionalidades inteligentes para trabalhar com malha ou dados baseados em tri\u00e2ngulos.<\/p>\n<p class=\"see-more\" style=\"text-align: right;\"><a href=\"https:\/\/solidedge.siemens.com\/pt-br\/resources\/videos\/\">Veja Mais V\u00eddeos<\/a><\/p>\n<p>[\/vc_column_text]\n\n\n  <div id=\"wpv-view-layout-567-CATTRf347294f5de14a8f9dfd249a3838965c\" class=\"js-wpv-view-layout js-wpv-layout-responsive js-wpv-view-layout-567-CATTRf347294f5de14a8f9dfd249a3838965c\" data-viewnumber=\"567-CATTRf347294f5de14a8f9dfd249a3838965c\" data-pagination=\"{&quot;id&quot;:567,&quot;query&quot;:&quot;normal&quot;,&quot;type&quot;:&quot;disabled&quot;,&quot;effect&quot;:&quot;fade&quot;,&quot;duration&quot;:500,&quot;speed&quot;:5,&quot;pause_on_hover&quot;:&quot;disabled&quot;,&quot;stop_rollover&quot;:&quot;false&quot;,&quot;cache_pages&quot;:&quot;enabled&quot;,&quot;preload_images&quot;:&quot;enabled&quot;,&quot;preload_pages&quot;:&quot;enabled&quot;,&quot;preload_reach&quot;:1,&quot;spinner&quot;:&quot;builtin&quot;,&quot;spinner_image&quot;:&quot;https:\/\/solidedge.siemens.com\/wp-content\/plugins\/wp-views\/embedded\/res\/img\/ajax-loader.gif&quot;,&quot;callback_next&quot;:&quot;&quot;,&quot;manage_history&quot;:&quot;disabled&quot;,&quot;has_controls_in_form&quot;:&quot;disabled&quot;,&quot;infinite_tolerance&quot;:&quot;0&quot;,&quot;max_pages&quot;:0,&quot;page&quot;:1,&quot;base_permalink&quot;:&quot;\/pt-br\/wp-json\/wp\/v2\/pages\/1911?wpv_view_count=567-CATTRf347294f5de14a8f9dfd249a3838965c&amp;wpv_paged=WPV_PAGE_NUM&quot;,&quot;loop&quot;:{&quot;type&quot;:&quot;&quot;,&quot;name&quot;:&quot;&quot;,&quot;data&quot;:[],&quot;id&quot;:0}}\" data-permalink=\"\/pt-br\/wp-json\/wp\/v2\/pages\/1911?wpv_view_count=567-CATTRf347294f5de14a8f9dfd249a3838965c\">\n\n  \n  <div class=\"wpv-resources\"><a name=\"video\" class=\"video-anchor\"><\/a>\n    <div id=\"ult-carousel-192560039569fe920b99d70\" class=\"ult-carousel-wrapper  vc-el-carousel-videos-embedded ult_horizontal\" data-gutter=\"0\" data-rtl=\"false\" ><div class=\"ult-carousel-28211407169fe920b99d4d \" >\n    \n    \n       <div><!-- slide container -->\n        <div class=\"wpv-resources-item\" data-mh=\".wpv-resources-item\">\n          <div class=\"resources-item-poster\">\n              <div id=\"wpfp_f56edbad459f93779cf7b7f43d0e24ac\" data-item=\"{&quot;sources&quot;:&#091;{&quot;src&quot;:&quot;https:\\\/\\\/media.plm.automation.siemens.com\\\/solidedge\\\/st10-3d-reverse-engineering-solid-edge.mp4&quot;,&quot;type&quot;:&quot;video\\\/mp4&quot;}&#093;}\" class=\"flowplayer no-brand is-splash no-svg is-paused skin-slim fp-slim fp-edgy\" data-embed=\"false\" style=\"max-width: 1140px; max-height: 640px; background-image: url(https:\/\/solidedge.siemens.com\/wp-content\/uploads\/2018\/04\/v-reverse-engineering2.jpg);\" data-ratio=\"0.5614\" data-advance=\"false\">\n\t<div class=\"fp-ratio\" style=\"padding-top: 56.14%\"><\/div>\n\t<div class=\"fp-ui\"><div class=\"fp-play fp-visible\"><a class=\"fp-icon fp-playbtn\"><\/a><\/div><\/div>\n\n<\/div>\n\n              \n          <\/div>\n        <\/div>\n      <\/div>\n    \n    \n    <\/div><\/div>\t\t\t<script type=\"text\/javascript\">\r\n\t\t\t\tjQuery(document).ready(function ($) {\r\n\t\t\t\t\tif( typeof jQuery('.ult-carousel-28211407169fe920b99d4d').slick == \"function\"){\r\n\t\t\t\t\t\t$('.ult-carousel-28211407169fe920b99d4d').slick({dots: true,autoplaySpeed: 5000,speed: 500,infinite: false,arrows: true,nextArrow: '<button type=\"button\" role=\"button\" aria-label=\"Next\" style=\"color:#ffffff; font-size:30px;background:rgba(47,56,60,0.5);\" class=\"slick-next square-bg\"><i class=\"ultsl-arrow-right6\"><\/i><\/button>',prevArrow: '<button type=\"button\" role=\"button\" aria-label=\"Previous\" style=\"color:#ffffff; font-size:30px;background:rgba(47,56,60,0.5);\" class=\"slick-prev square-bg\"><i class=\"ultsl-arrow-left6\"><\/i><\/button>',slidesToScroll:1,slidesToShow:1,swipe: true,draggable: true,touchMove: true,pauseOnHover: true,pauseOnFocus: false,responsive: [\r\n\t\t\t\t\t\t\t{\r\n\t\t\t\t\t\t\t  breakpoint: 1026,\r\n\t\t\t\t\t\t\t  settings: {\r\n\t\t\t\t\t\t\t\tslidesToShow: 1,\r\n\t\t\t\t\t\t\t\tslidesToScroll: 1,  \r\n\t\t\t\t\t\t\t  }\r\n\t\t\t\t\t\t\t},\r\n\t\t\t\t\t\t\t{\r\n\t\t\t\t\t\t\t  breakpoint: 1025,\r\n\t\t\t\t\t\t\t  settings: {\r\n\t\t\t\t\t\t\t\tslidesToShow: 1,\r\n\t\t\t\t\t\t\t\tslidesToScroll: 1\r\n\t\t\t\t\t\t\t  }\r\n\t\t\t\t\t\t\t},\r\n\t\t\t\t\t\t\t{\r\n\t\t\t\t\t\t\t  breakpoint: 760,\r\n\t\t\t\t\t\t\t  settings: {\r\n\t\t\t\t\t\t\t\tslidesToShow: 1,\r\n\t\t\t\t\t\t\t\tslidesToScroll: 1\r\n\t\t\t\t\t\t\t  }\r\n\t\t\t\t\t\t\t}\r\n\t\t\t\t\t\t],pauseOnDotsHover: true,customPaging: function(slider, i) {\r\n                   return '<i type=\"button\" style= \"color:#788891;\" class=\"ultsl-record\" data-role=\"none\"><\/i>';\r\n                },});\r\n\t\t\t\t\t}\r\n\t\t\t\t});\r\n\t\t\t<\/script>\r\n\t\t\t\n  <\/div>\n  \n  \n  <\/div>\n[vc_column_text el_class=&#8221;video-caption&#8221;]<\/p>\n<h3>Engenharia Reversa no Solid Edge<\/h3>\n<p>Nesta demonstra\u00e7\u00e3o, mostramos como a engenharia reversa no Solid Edge permite que voc\u00ea expanda seus recursos de projeto 3D al\u00e9m do normal. Os corpos podem ser importados de outros sistemas, escaneados digitalmente ou produtos de uma an\u00e1lise de projeto generativo. Todos eles aparecem como uma malha de tri\u00e2ngulos (ou facetas) e, em muitos casos, precisam de mais modifica\u00e7\u00f5es no projeto. [\/vc_column_text][\/vc_column][\/vc_row][vc_row full_width=&#8221;stretch_row&#8221; el_class=&#8221;vc-row-related-content&#8221; css=&#8221;.vc_custom_1524184785822{background-color: #347eb5 !important;}&#8221;][vc_column][vc_column_text]<\/p>\n<h2>Conte\u00fado relacionado<\/h2>\n<p>[\/vc_column_text]<div id=\"ult-carousel-59420563969fe920b9ab5c\" class=\"ult-carousel-wrapper  vc-el-carousel-related-content ult_horizontal\" data-gutter=\"0\" data-rtl=\"false\" ><div class=\"ult-carousel-198065255369fe920b9ab21 \" >[vc_column_text]<a href=\"https:\/\/www.plm.automation.siemens.com\/store\/en-us\/solid-edge\/\">Adquira este produto na loja do Solid Edge<\/a>[\/vc_column_text][vc_column_text]<a href=\"https:\/\/www.plm.automation.siemens.com\/en_us\/Images\/Lifecylce-Insights-eBook-The-Next-Generation-of-Design_tcm1023-256417.pdf\">eBook sobre insights do ciclo de vida:<br \/>\nA pr\u00f3xima gera\u00e7\u00e3o dos projetos <\/a>[\/vc_column_text][vc_column_text]<a href=\"https:\/\/www.plm.automation.siemens.com\/en_us\/Images\/solid-edge-next%20generation-design-infographic_tcm1023-256403.jpg\">Gr\u00e1fico:<br \/>\nO que \u00e9 o Projeto de Pr\u00f3xima Gera\u00e7\u00e3o<\/a>[\/vc_column_text][vc_column_text]<a href=\"https:\/\/www.adandp.media\/articles\/solid-edge-brings-divergent-modeling-worlds-together\">Cobertura da M\u00eddia:<br \/>\nAD&amp;P<\/a>[\/vc_column_text][vc_column_text]<a href=\"https:\/\/www.designworldonline.com\/many-models-one-click-button\/\">Cobertura da M\u00eddia:<br \/>\nDesign World<\/a>[\/vc_column_text]<\/div><\/div>\t\t\t<script type=\"text\/javascript\">\r\n\t\t\t\tjQuery(document).ready(function ($) {\r\n\t\t\t\t\tif( typeof jQuery('.ult-carousel-198065255369fe920b9ab21').slick == \"function\"){\r\n\t\t\t\t\t\t$('.ult-carousel-198065255369fe920b9ab21').slick({dots: true,autoplaySpeed: 5000,speed: 500,infinite: false,arrows: true,nextArrow: '<button type=\"button\" role=\"button\" aria-label=\"Next\" style=\"color:#ffffff; font-size:30px;background:rgba(255,255,255,0.2);\" class=\"slick-next square-bg\"><i class=\"ultsl-arrow-right6\"><\/i><\/button>',prevArrow: '<button type=\"button\" role=\"button\" aria-label=\"Previous\" style=\"color:#ffffff; font-size:30px;background:rgba(255,255,255,0.2);\" class=\"slick-prev square-bg\"><i class=\"ultsl-arrow-left6\"><\/i><\/button>',slidesToScroll:4,slidesToShow:4,swipe: true,draggable: true,touchMove: true,pauseOnHover: true,pauseOnFocus: false,responsive: [\r\n\t\t\t\t\t\t\t{\r\n\t\t\t\t\t\t\t  breakpoint: 1026,\r\n\t\t\t\t\t\t\t  settings: {\r\n\t\t\t\t\t\t\t\tslidesToShow: 4,\r\n\t\t\t\t\t\t\t\tslidesToScroll: 4,  \r\n\t\t\t\t\t\t\t  }\r\n\t\t\t\t\t\t\t},\r\n\t\t\t\t\t\t\t{\r\n\t\t\t\t\t\t\t  breakpoint: 1025,\r\n\t\t\t\t\t\t\t  settings: {\r\n\t\t\t\t\t\t\t\tslidesToShow: 2,\r\n\t\t\t\t\t\t\t\tslidesToScroll: 2\r\n\t\t\t\t\t\t\t  }\r\n\t\t\t\t\t\t\t},\r\n\t\t\t\t\t\t\t{\r\n\t\t\t\t\t\t\t  breakpoint: 760,\r\n\t\t\t\t\t\t\t  settings: {\r\n\t\t\t\t\t\t\t\tslidesToShow: 1,\r\n\t\t\t\t\t\t\t\tslidesToScroll: 1\r\n\t\t\t\t\t\t\t  }\r\n\t\t\t\t\t\t\t}\r\n\t\t\t\t\t\t],pauseOnDotsHover: true,customPaging: function(slider, i) {\r\n                   return '<i type=\"button\" style= \"color:#ffffff;\" class=\"ultsl-record\" data-role=\"none\"><\/i>';\r\n                },});\r\n\t\t\t\t\t}\r\n\t\t\t\t});\r\n\t\t\t<\/script>\r\n\t\t\t[\/vc_column][\/vc_row][vc_row full_width=&#8221;stretch_row&#8221; el_class=&#8221;footer-contact&#8221; css=&#8221;.vc_custom_1550170708528{background-color: #dedee3 !important;}&#8221;][vc_column]<div class=\"wpb_content_block wpb_content_element\"><div class=\"wpb_wrapper\"><\/div><\/div>[\/vc_column][\/vc_row]<\/p>\n","protected":false},"excerpt":{"rendered":"<p> Engenharia Reversa: da Digitaliza\u00e7\u00e3o 3D ao CAD Em conjunto com poderosas ferramentas de projeto 3D, o Solid Edge oferece funcionalidades inteligentes para trabalhar com malha ou dados baseados em tri\u00e2ngulos. Os corpos podem ser importados de outros sistemas, digitalizados [&hellip;]<\/p>\n","protected":false},"author":5,"featured_media":0,"parent":2105,"menu_order":3,"comment_status":"closed","ping_status":"closed","template":"","meta":{"inline_featured_image":false},"yoast_head":"<!-- This site is optimized with the Yoast SEO plugin v18.4.1 - https:\/\/yoast.com\/wordpress\/plugins\/seo\/ -->\n<title>Engenharia Reversa | Digitaliza\u00e7\u00e3o 3D | Solid Edge<\/title>\n<meta name=\"description\" content=\"O Solid Edge oferece um vasto conjunto de ferramentas de Engenharia Reversa, para refinar modelos digitais baseados em dados importados ou digitalizados em 3D ou projetos generativos\" \/>\n<meta name=\"robots\" content=\"index, follow, max-snippet:-1, max-image-preview:large, max-video-preview:-1\" \/>\n<link rel=\"canonical\" href=\"https:\/\/solidedge.siemens.com\/pt-br\/solutions\/products\/3d-design\/next-generation-design\/reverse-engineering\/\" \/>\n<meta property=\"og:locale\" content=\"pt_BR\" \/>\n<meta property=\"og:type\" content=\"article\" \/>\n<meta property=\"og:title\" content=\"Engenharia Reversa | Digitaliza\u00e7\u00e3o 3D | Solid Edge\" \/>\n<meta property=\"og:description\" content=\"O Solid Edge oferece um vasto conjunto de ferramentas de Engenharia Reversa, para refinar modelos digitais baseados em dados importados ou digitalizados em 3D ou projetos generativos\" \/>\n<meta property=\"og:url\" content=\"https:\/\/solidedge.siemens.com\/pt-br\/solutions\/products\/3d-design\/next-generation-design\/reverse-engineering\/\" \/>\n<meta property=\"og:site_name\" content=\"Solid Edge\" \/>\n<meta property=\"article:publisher\" content=\"https:\/\/www.facebook.com\/solidedge\" \/>\n<meta property=\"article:modified_time\" content=\"2019-09-03T18:11:57+00:00\" \/>\n<meta name=\"twitter:card\" content=\"summary_large_image\" \/>\n<meta name=\"twitter:site\" content=\"@siemensplm\" \/>\n<meta name=\"twitter:label1\" content=\"Est. tempo de leitura\" \/>\n\t<meta name=\"twitter:data1\" content=\"4 minutos\" \/>\n<script type=\"application\/ld+json\" class=\"yoast-schema-graph\">{\"@context\":\"https:\/\/schema.org\",\"@graph\":[{\"@type\":\"Organization\",\"@id\":\"https:\/\/solidedge.siemens.com\/en\/#organization\",\"name\":\"Siemens Digital Industries Software\",\"url\":\"https:\/\/solidedge.siemens.com\/en\/\",\"sameAs\":[\"https:\/\/www.facebook.com\/solidedge\",\"https:\/\/www.instagram.com\/siemens\/\",\"https:\/\/www.linkedin.com\/company\/siemens-plm-software\",\"https:\/\/www.youtube.com\/user\/PolarionSoftware\",\"https:\/\/twitter.com\/siemensplm\"],\"logo\":{\"@type\":\"ImageObject\",\"@id\":\"https:\/\/solidedge.siemens.com\/en\/#logo\",\"inLanguage\":\"pt-BR\",\"url\":\"https:\/\/solidedge.siemens.com\/wp-content\/uploads\/2018\/04\/logo-siemens-ifl@2x.png\",\"contentUrl\":\"https:\/\/solidedge.siemens.com\/wp-content\/uploads\/2018\/04\/logo-siemens-ifl@2x.png\",\"width\":640,\"height\":270,\"caption\":\"Siemens Digital Industries Software\"},\"image\":{\"@id\":\"https:\/\/solidedge.siemens.com\/en\/#logo\"}},{\"@type\":\"WebSite\",\"@id\":\"https:\/\/solidedge.siemens.com\/en\/#website\",\"url\":\"https:\/\/solidedge.siemens.com\/en\/\",\"name\":\"Solid Edge\",\"description\":\"Siemens Software\",\"publisher\":{\"@id\":\"https:\/\/solidedge.siemens.com\/en\/#organization\"},\"potentialAction\":[{\"@type\":\"SearchAction\",\"target\":{\"@type\":\"EntryPoint\",\"urlTemplate\":\"https:\/\/solidedge.siemens.com\/en\/?s={search_term_string}\"},\"query-input\":\"required name=search_term_string\"}],\"inLanguage\":\"pt-BR\"},{\"@type\":\"WebPage\",\"@id\":\"https:\/\/solidedge.siemens.com\/pt-br\/solutions\/products\/3d-design\/next-generation-design\/reverse-engineering\/#webpage\",\"url\":\"https:\/\/solidedge.siemens.com\/pt-br\/solutions\/products\/3d-design\/next-generation-design\/reverse-engineering\/\",\"name\":\"Engenharia Reversa | Digitaliza\u00e7\u00e3o 3D | Solid Edge\",\"isPartOf\":{\"@id\":\"https:\/\/solidedge.siemens.com\/en\/#website\"},\"datePublished\":\"2018-04-10T18:55:32+00:00\",\"dateModified\":\"2019-09-03T18:11:57+00:00\",\"description\":\"O Solid Edge oferece um vasto conjunto de ferramentas de Engenharia Reversa, para refinar modelos digitais baseados em dados importados ou digitalizados em 3D ou projetos generativos\",\"breadcrumb\":{\"@id\":\"https:\/\/solidedge.siemens.com\/pt-br\/solutions\/products\/3d-design\/next-generation-design\/reverse-engineering\/#breadcrumb\"},\"inLanguage\":\"pt-BR\",\"potentialAction\":[{\"@type\":\"ReadAction\",\"target\":[\"https:\/\/solidedge.siemens.com\/pt-br\/solutions\/products\/3d-design\/next-generation-design\/reverse-engineering\/\"]}]},{\"@type\":\"BreadcrumbList\",\"@id\":\"https:\/\/solidedge.siemens.com\/pt-br\/solutions\/products\/3d-design\/next-generation-design\/reverse-engineering\/#breadcrumb\",\"itemListElement\":[{\"@type\":\"ListItem\",\"position\":1,\"name\":\"Home\",\"item\":\"https:\/\/solidedge.siemens.com\/en\/home-11\/\"},{\"@type\":\"ListItem\",\"position\":2,\"name\":\"Solu\u00e7\u00f5es\",\"item\":\"https:\/\/solidedge.siemens.com\/pt-br\/solutions\/\"},{\"@type\":\"ListItem\",\"position\":3,\"name\":\"Produtos\",\"item\":\"https:\/\/solidedge.siemens.com\/pt-br\/solutions\/products\/\"},{\"@type\":\"ListItem\",\"position\":4,\"name\":\"Projeto 3D\",\"item\":\"https:\/\/solidedge.siemens.com\/pt-br\/solutions\/products\/3d-design\/\"},{\"@type\":\"ListItem\",\"position\":5,\"name\":\"Projeto de Pr\u00f3xima Gera\u00e7\u00e3o\",\"item\":\"https:\/\/solidedge.siemens.com\/pt-br\/solutions\/products\/3d-design\/next-generation-design\/\"},{\"@type\":\"ListItem\",\"position\":6,\"name\":\"Engenharia Reversa\"}]}]}<\/script>\n<!-- \/ Yoast SEO plugin. -->","yoast_head_json":{"title":"Engenharia Reversa | Digitaliza\u00e7\u00e3o 3D | Solid Edge","description":"O Solid Edge oferece um vasto conjunto de ferramentas de Engenharia Reversa, para refinar modelos digitais baseados em dados importados ou digitalizados em 3D ou projetos generativos","robots":{"index":"index","follow":"follow","max-snippet":"max-snippet:-1","max-image-preview":"max-image-preview:large","max-video-preview":"max-video-preview:-1"},"canonical":"https:\/\/solidedge.siemens.com\/pt-br\/solutions\/products\/3d-design\/next-generation-design\/reverse-engineering\/","og_locale":"pt_BR","og_type":"article","og_title":"Engenharia Reversa | Digitaliza\u00e7\u00e3o 3D | Solid Edge","og_description":"O Solid Edge oferece um vasto conjunto de ferramentas de Engenharia Reversa, para refinar modelos digitais baseados em dados importados ou digitalizados em 3D ou projetos generativos","og_url":"https:\/\/solidedge.siemens.com\/pt-br\/solutions\/products\/3d-design\/next-generation-design\/reverse-engineering\/","og_site_name":"Solid Edge","article_publisher":"https:\/\/www.facebook.com\/solidedge","article_modified_time":"2019-09-03T18:11:57+00:00","twitter_card":"summary_large_image","twitter_site":"@siemensplm","twitter_misc":{"Est. tempo de leitura":"4 minutos"},"schema":{"@context":"https:\/\/schema.org","@graph":[{"@type":"Organization","@id":"https:\/\/solidedge.siemens.com\/en\/#organization","name":"Siemens Digital Industries Software","url":"https:\/\/solidedge.siemens.com\/en\/","sameAs":["https:\/\/www.facebook.com\/solidedge","https:\/\/www.instagram.com\/siemens\/","https:\/\/www.linkedin.com\/company\/siemens-plm-software","https:\/\/www.youtube.com\/user\/PolarionSoftware","https:\/\/twitter.com\/siemensplm"],"logo":{"@type":"ImageObject","@id":"https:\/\/solidedge.siemens.com\/en\/#logo","inLanguage":"pt-BR","url":"https:\/\/solidedge.siemens.com\/wp-content\/uploads\/2018\/04\/logo-siemens-ifl@2x.png","contentUrl":"https:\/\/solidedge.siemens.com\/wp-content\/uploads\/2018\/04\/logo-siemens-ifl@2x.png","width":640,"height":270,"caption":"Siemens Digital Industries Software"},"image":{"@id":"https:\/\/solidedge.siemens.com\/en\/#logo"}},{"@type":"WebSite","@id":"https:\/\/solidedge.siemens.com\/en\/#website","url":"https:\/\/solidedge.siemens.com\/en\/","name":"Solid Edge","description":"Siemens Software","publisher":{"@id":"https:\/\/solidedge.siemens.com\/en\/#organization"},"potentialAction":[{"@type":"SearchAction","target":{"@type":"EntryPoint","urlTemplate":"https:\/\/solidedge.siemens.com\/en\/?s={search_term_string}"},"query-input":"required name=search_term_string"}],"inLanguage":"pt-BR"},{"@type":"WebPage","@id":"https:\/\/solidedge.siemens.com\/pt-br\/solutions\/products\/3d-design\/next-generation-design\/reverse-engineering\/#webpage","url":"https:\/\/solidedge.siemens.com\/pt-br\/solutions\/products\/3d-design\/next-generation-design\/reverse-engineering\/","name":"Engenharia Reversa | Digitaliza\u00e7\u00e3o 3D | Solid Edge","isPartOf":{"@id":"https:\/\/solidedge.siemens.com\/en\/#website"},"datePublished":"2018-04-10T18:55:32+00:00","dateModified":"2019-09-03T18:11:57+00:00","description":"O Solid Edge oferece um vasto conjunto de ferramentas de Engenharia Reversa, para refinar modelos digitais baseados em dados importados ou digitalizados em 3D ou projetos generativos","breadcrumb":{"@id":"https:\/\/solidedge.siemens.com\/pt-br\/solutions\/products\/3d-design\/next-generation-design\/reverse-engineering\/#breadcrumb"},"inLanguage":"pt-BR","potentialAction":[{"@type":"ReadAction","target":["https:\/\/solidedge.siemens.com\/pt-br\/solutions\/products\/3d-design\/next-generation-design\/reverse-engineering\/"]}]},{"@type":"BreadcrumbList","@id":"https:\/\/solidedge.siemens.com\/pt-br\/solutions\/products\/3d-design\/next-generation-design\/reverse-engineering\/#breadcrumb","itemListElement":[{"@type":"ListItem","position":1,"name":"Home","item":"https:\/\/solidedge.siemens.com\/en\/home-11\/"},{"@type":"ListItem","position":2,"name":"Solu\u00e7\u00f5es","item":"https:\/\/solidedge.siemens.com\/pt-br\/solutions\/"},{"@type":"ListItem","position":3,"name":"Produtos","item":"https:\/\/solidedge.siemens.com\/pt-br\/solutions\/products\/"},{"@type":"ListItem","position":4,"name":"Projeto 3D","item":"https:\/\/solidedge.siemens.com\/pt-br\/solutions\/products\/3d-design\/"},{"@type":"ListItem","position":5,"name":"Projeto de Pr\u00f3xima Gera\u00e7\u00e3o","item":"https:\/\/solidedge.siemens.com\/pt-br\/solutions\/products\/3d-design\/next-generation-design\/"},{"@type":"ListItem","position":6,"name":"Engenharia Reversa"}]}]}},"_links":{"self":[{"href":"https:\/\/solidedge.siemens.com\/pt-br\/wp-json\/wp\/v2\/pages\/1911"}],"collection":[{"href":"https:\/\/solidedge.siemens.com\/pt-br\/wp-json\/wp\/v2\/pages"}],"about":[{"href":"https:\/\/solidedge.siemens.com\/pt-br\/wp-json\/wp\/v2\/types\/page"}],"author":[{"embeddable":true,"href":"https:\/\/solidedge.siemens.com\/pt-br\/wp-json\/wp\/v2\/users\/5"}],"replies":[{"embeddable":true,"href":"https:\/\/solidedge.siemens.com\/pt-br\/wp-json\/wp\/v2\/comments?post=1911"}],"version-history":[{"count":0,"href":"https:\/\/solidedge.siemens.com\/pt-br\/wp-json\/wp\/v2\/pages\/1911\/revisions"}],"up":[{"embeddable":true,"href":"https:\/\/solidedge.siemens.com\/pt-br\/wp-json\/wp\/v2\/pages\/2105"}],"wp:attachment":[{"href":"https:\/\/solidedge.siemens.com\/pt-br\/wp-json\/wp\/v2\/media?parent=1911"}],"curies":[{"name":"wp","href":"https:\/\/api.w.org\/{rel}","templated":true}]}}