{"id":1885,"date":"2018-04-10T14:57:42","date_gmt":"2018-04-10T18:57:42","guid":{"rendered":"https:\/\/solidedge.siemens.com\/solid-edge-flow-simulation\/"},"modified":"2019-09-03T14:12:01","modified_gmt":"2019-09-03T18:12:01","slug":"solid-edge-flow-simulation","status":"publish","type":"page","link":"https:\/\/solidedge.siemens.com\/pt-br\/solutions\/products\/simulation\/solid-edge-flow-simulation\/","title":{"rendered":"Simula\u00e7\u00e3o de fluxo do Solid Edge"},"content":{"rendered":"<p>[vc_row el_class=&#8221;vc-row-page-image-intro&#8221;][vc_column][vc_column_text]<\/p>\n<h1>Simula\u00e7\u00e3o de fluxo do Solid Edge<\/h1>\n<p>[\/vc_column_text][vc_row_inner][vc_column_inner width=&#8221;5\/12&#8243;][vc_single_image image=&#8221;1312&#8243; img_size=&#8221;medium&#8221; alignment=&#8221;center&#8221;][\/vc_column_inner][vc_column_inner width=&#8221;7\/12&#8243;][vc_column_text]<\/p>\n<p class=\"f-larger c-black\"><strong>Simula\u00e7\u00e3o de fluxo para din\u00e2mica de fluido computacional (CFD) no Solid Edge<\/strong><\/p>\n<p>FloEFD para Solid Edge \u00e9 uma ferramenta de simula\u00e7\u00e3o de CFD integrada para an\u00e1lise f\u00e1cil, r\u00e1pida e precisa de transfer\u00eancia de calor e do fluxo de flu\u00eddos.<\/p>\n<p>Totalmente incorporado no Solid Edge, o FLOEFD permite que os engenheiros de projeto FrontLoad CFD ou movam a simula\u00e7\u00e3o no in\u00edcio do processo de projeto, onde ele pode ajudar a examinar as tend\u00eancias e eliminar as op\u00e7\u00f5es de projeto menos desej\u00e1veis.[\/vc_column_text][vc_column_text]<\/p>\n<p style=\"text-align: right;\"><a class=\"action-button\" href=\"\/pt-br\/try-now\/\"><i class=\"icon-ext\"><\/i>Teste Gratuito do Solid Edge<\/a><\/p>\n<p>[\/vc_column_text][\/vc_column_inner][\/vc_row_inner][\/vc_column][\/vc_row][vc_row full_width=&#8221;stretch_row&#8221; css=&#8221;.vc_custom_1524688447733{background-color: #ebf0f6 !important;}&#8221;][vc_column][vc_column_text el_class=&#8221;vc-el-lead-in&#8221;]Capacidades<\/p>\n<h2>Simula\u00e7\u00e3o de CFD incorporada para an\u00e1lise de fluxo de fluidos e transfer\u00eancia de calor<\/h2>\n<p>A FloEFD para Solid Edge \u00e9 muito indicada especialmente para uso durante o processo de projeto, visto que reduz o tempo geral para se obter uma solu\u00e7\u00e3o em 65% a 75% em compara\u00e7\u00e3o com outras ferramentas de CFD. A solu\u00e7\u00e3o premiada de CFD da FloEFD automatiza as etapas de CFD mais onerosas e ajuda os engenheiros a preparar e analisar imediatamente seus modelos de Solid Edge.[\/vc_column_text][vc_row_inner el_class=&#8221;vc-row-image-teasers&#8221;][vc_column_inner width=&#8221;1\/3&#8243;][vc_column_text]<\/p>\n<h3>Simula\u00e7\u00e3o de transfer\u00eancia de calor e fluxo de flu\u00eddos precisa, r\u00e1pida e f\u00e1cil de usar<\/h3>\n<p>Usada por engenheiros de todo o mundo, a tecnologia FloEFD oferece respostas para problemas complexos de engenharia rapidamente sem comprometer a precis\u00e3o.[\/vc_column_text][\/vc_column_inner][vc_column_inner width=&#8221;1\/3&#8243;][vc_column_text]<\/p>\n<h3>Pr\u00e9-processador, solucionador e p\u00f3s-processador totalmente integrados<\/h3>\n<p>Com a FloEFD voc\u00ea s\u00f3 precisa de um pacote totalmente integrado para analisar seus projetos. Com malha automatizada e crit\u00e9rios de converg\u00eancia robustos, a FloEFD agiliza o processo de projeto geral.[\/vc_column_text][\/vc_column_inner][vc_column_inner width=&#8221;1\/3&#8243;][vc_column_text]<\/p>\n<h3>Estudo param\u00e9trico integrado e funcionalidade de compara\u00e7\u00e3o de projetos<\/h3>\n<p>Entenda a influ\u00eancia, nos resultados, das altera\u00e7\u00f5es na geometria ou nas condi\u00e7\u00f5es de contorno por meio da compara\u00e7\u00e3o de uma ampla gama de variantes de projeto. Avalie os resultados por valores num\u00e9ricos, gr\u00e1ficos ou anima\u00e7\u00f5es.[\/vc_column_text][\/vc_column_inner][vc_column_inner width=&#8221;1\/3&#8243;][vc_column_text]<\/p>\n<h3>Recursos de an\u00e1lise digital \u201ce se\u201d<\/h3>\n<p>Realize an\u00e1lises digitais \u201ce se\u201d com recursos de simula\u00e7\u00e3o de fluxo de superf\u00edcie livre, ilumina\u00e7\u00e3o e radia\u00e7\u00e3o.[\/vc_column_text][\/vc_column_inner][vc_column_inner width=&#8221;1\/3&#8243;][vc_column_text]<\/p>\n<h3>Experi\u00eancia de usu\u00e1rio instintiva<\/h3>\n<p>Uma GUI f\u00e1cil de usar oferece automa\u00e7\u00e3o inteligente consider\u00e1vel, para que seja f\u00e1cil de usar pelo engenheiro de projeto e poderosa o suficiente para o especialista de an\u00e1lise.[\/vc_column_text][\/vc_column_inner][\/vc_row_inner][vc_column_text]<a href=\"https:\/\/media.plm.automation.siemens.com\/solidedge\/data-brief\/Siemens-SW-Simcenter-FLOEFD-for-Solid-Edge-FS-78033-C2.pdf\" target=\"_blank\" rel=\"noopener noreferrer\"><i class=\"icon-ext\"><\/i> Fa\u00e7a o download do FloEFD para folha de dados do Solid Edge<\/a>[\/vc_column_text][\/vc_column][\/vc_row][vc_row full_width=&#8221;stretch_row&#8221; el_class=&#8221;vc-row-video-highlight&#8221;][vc_column][vc_column_text el_class=&#8221;vc-el-lead-in&#8221;]V\u00eddeo<\/p>\n<h2>Experimente o poder das ferramentas de simula\u00e7\u00e3o do Solid Edge<\/h2>\n<p><span>Os melhores recursos de simula\u00e7\u00e3o da classe do Solid Edge oferecem aos engenheiros de projeto ferramentas poderosas para ajudar a validar digitalmente seus projetos para construir produtos melhores em menos tempo, carregando o processo de simula\u00e7\u00e3o.<\/span><\/p>\n<p class=\"see-more\" style=\"text-align: right;\"><a href=\"https:\/\/solidedge.siemens.com\/pt-br\/resources\/videos\/\">Veja Mais V\u00eddeos<\/a><\/p>\n<p>[\/vc_column_text]\n\n\n  <div id=\"wpv-view-layout-567-CATTRc0ed8a14a7b194dc5338739b89358006\" class=\"js-wpv-view-layout js-wpv-layout-responsive js-wpv-view-layout-567-CATTRc0ed8a14a7b194dc5338739b89358006\" data-viewnumber=\"567-CATTRc0ed8a14a7b194dc5338739b89358006\" data-pagination=\"{&quot;id&quot;:567,&quot;query&quot;:&quot;normal&quot;,&quot;type&quot;:&quot;disabled&quot;,&quot;effect&quot;:&quot;fade&quot;,&quot;duration&quot;:500,&quot;speed&quot;:5,&quot;pause_on_hover&quot;:&quot;disabled&quot;,&quot;stop_rollover&quot;:&quot;false&quot;,&quot;cache_pages&quot;:&quot;enabled&quot;,&quot;preload_images&quot;:&quot;enabled&quot;,&quot;preload_pages&quot;:&quot;enabled&quot;,&quot;preload_reach&quot;:1,&quot;spinner&quot;:&quot;builtin&quot;,&quot;spinner_image&quot;:&quot;https:\/\/solidedge.siemens.com\/wp-content\/plugins\/wp-views\/embedded\/res\/img\/ajax-loader.gif&quot;,&quot;callback_next&quot;:&quot;&quot;,&quot;manage_history&quot;:&quot;disabled&quot;,&quot;has_controls_in_form&quot;:&quot;disabled&quot;,&quot;infinite_tolerance&quot;:&quot;0&quot;,&quot;max_pages&quot;:0,&quot;page&quot;:1,&quot;base_permalink&quot;:&quot;\/pt-br\/wp-json\/wp\/v2\/pages\/1885?wpv_view_count=567-CATTRc0ed8a14a7b194dc5338739b89358006&amp;wpv_paged=WPV_PAGE_NUM&quot;,&quot;loop&quot;:{&quot;type&quot;:&quot;&quot;,&quot;name&quot;:&quot;&quot;,&quot;data&quot;:[],&quot;id&quot;:0}}\" data-permalink=\"\/pt-br\/wp-json\/wp\/v2\/pages\/1885?wpv_view_count=567-CATTRc0ed8a14a7b194dc5338739b89358006\">\n\n  \n  <div class=\"wpv-resources\"><a name=\"video\" class=\"video-anchor\"><\/a>\n    <div id=\"ult-carousel-3940272569d3c5e48f645\" class=\"ult-carousel-wrapper  vc-el-carousel-videos-embedded ult_horizontal\" data-gutter=\"0\" data-rtl=\"false\" ><div class=\"ult-carousel-64858285169d3c5e48f622 \" >\n    \n    \n       <div><!-- slide container -->\n        <div class=\"wpv-resources-item\" data-mh=\".wpv-resources-item\">\n          <div class=\"resources-item-poster\">\n              <div id=\"wpfp_ca6f4ee044c787f3571e91e9fffb090d\" data-item=\"{&quot;sources&quot;:&#091;{&quot;src&quot;:&quot;https:\\\/\\\/media.plm.automation.siemens.com\\\/solidedge\\\/videos\\\/2020-Simulation-FEA-And-Flow-CFD-In-Solid-Edge.mp4&quot;,&quot;type&quot;:&quot;video\\\/mp4&quot;}&#093;}\" class=\"flowplayer no-brand is-splash no-svg is-paused skin-slim fp-slim fp-edgy\" data-embed=\"false\" style=\"max-width: 1140px; max-height: 640px; background-image: url(https:\/\/solidedge.siemens.com\/wp-content\/uploads\/2019\/06\/2020-simulation-fea-and-flow-cfd-featured.jpg);\" data-ratio=\"0.5614\" data-advance=\"false\">\n\t<div class=\"fp-ratio\" style=\"padding-top: 56.14%\"><\/div>\n\t<div class=\"fp-ui\"><div class=\"fp-play fp-visible\"><a class=\"fp-icon fp-playbtn\"><\/a><\/div><\/div>\n\n<\/div>\n\n              \n          <\/div>\n        <\/div>\n      <\/div>\n    \n    \n    <\/div><\/div>\t\t\t<script type=\"text\/javascript\">\r\n\t\t\t\tjQuery(document).ready(function ($) {\r\n\t\t\t\t\tif( typeof jQuery('.ult-carousel-64858285169d3c5e48f622').slick == \"function\"){\r\n\t\t\t\t\t\t$('.ult-carousel-64858285169d3c5e48f622').slick({dots: true,autoplaySpeed: 5000,speed: 500,infinite: false,arrows: true,nextArrow: '<button type=\"button\" role=\"button\" aria-label=\"Next\" style=\"color:#ffffff; font-size:30px;background:rgba(47,56,60,0.5);\" class=\"slick-next square-bg\"><i class=\"ultsl-arrow-right6\"><\/i><\/button>',prevArrow: '<button type=\"button\" role=\"button\" aria-label=\"Previous\" style=\"color:#ffffff; font-size:30px;background:rgba(47,56,60,0.5);\" class=\"slick-prev square-bg\"><i class=\"ultsl-arrow-left6\"><\/i><\/button>',slidesToScroll:1,slidesToShow:1,swipe: true,draggable: true,touchMove: true,pauseOnHover: true,pauseOnFocus: false,responsive: [\r\n\t\t\t\t\t\t\t{\r\n\t\t\t\t\t\t\t  breakpoint: 1026,\r\n\t\t\t\t\t\t\t  settings: {\r\n\t\t\t\t\t\t\t\tslidesToShow: 1,\r\n\t\t\t\t\t\t\t\tslidesToScroll: 1,  \r\n\t\t\t\t\t\t\t  }\r\n\t\t\t\t\t\t\t},\r\n\t\t\t\t\t\t\t{\r\n\t\t\t\t\t\t\t  breakpoint: 1025,\r\n\t\t\t\t\t\t\t  settings: {\r\n\t\t\t\t\t\t\t\tslidesToShow: 1,\r\n\t\t\t\t\t\t\t\tslidesToScroll: 1\r\n\t\t\t\t\t\t\t  }\r\n\t\t\t\t\t\t\t},\r\n\t\t\t\t\t\t\t{\r\n\t\t\t\t\t\t\t  breakpoint: 760,\r\n\t\t\t\t\t\t\t  settings: {\r\n\t\t\t\t\t\t\t\tslidesToShow: 1,\r\n\t\t\t\t\t\t\t\tslidesToScroll: 1\r\n\t\t\t\t\t\t\t  }\r\n\t\t\t\t\t\t\t}\r\n\t\t\t\t\t\t],pauseOnDotsHover: true,customPaging: function(slider, i) {\r\n                   return '<i type=\"button\" style= \"color:#788891;\" class=\"ultsl-record\" data-role=\"none\"><\/i>';\r\n                },});\r\n\t\t\t\t\t}\r\n\t\t\t\t});\r\n\t\t\t<\/script>\r\n\t\t\t\n  <\/div>\n  \n  \n  <\/div>\n[\/vc_column][\/vc_row][vc_row full_width=&#8221;stretch_row&#8221; el_class=&#8221;vc-row-related-content&#8221; css=&#8221;.vc_custom_1524184785822{background-color: #347eb5 !important;}&#8221;][vc_column][vc_column_text]<\/p>\n<h2>Conte\u00fado relacionado<\/h2>\n<p>[\/vc_column_text]<div id=\"ult-carousel-15693612569d3c5e48fc42\" class=\"ult-carousel-wrapper  vc-el-carousel-related-content ult_horizontal\" data-gutter=\"0\" data-rtl=\"false\" ><div class=\"ult-carousel-130394389769d3c5e48fc24 \" >[vc_column_text]<a href=\"https:\/\/media.plm.automation.siemens.com\/solidedge\/data-brief\/Siemens-SW-Simcenter-FLOEFD-for-Solid-Edge-FS-78033-C2.pdf\" target=\"_blank\" rel=\"noopener noreferrer\">Fa\u00e7a o download do FloEFD para folha de dados do Solid Edge<\/a>[\/vc_column_text][vc_column_text]<a href=\"https:\/\/community.plm.automation.siemens.com\/t5\/Solid-Edge-Blog\/Fast-Accurate-and-Easy-Fluid-Flow-Analysis-for-the-Design\/ba-p\/388918\">Blog:<br \/>\nAn\u00e1lise de Fluxo de Fluidos R\u00e1pida, Precisa e F\u00e1cil para o Engenheiro de Projeto<\/a>[\/vc_column_text][vc_column_text]<a href=\"https:\/\/community.plm.automation.siemens.com\/t5\/Solid-Edge-Blog\/Modern-Designs-Bring-New-Heat-Transfer-and-Fluid-Flow-Challenges\/ba-p\/389416\">Blog:<br \/>\nNovos Desafios de Projetos de Produtos Modernos<\/a>[\/vc_column_text][vc_column_text]<a href=\"https:\/\/www.designnews.com\/design-hardware-software\/siemens-st10-revamps-solid-edge-enhancing-modeling-capabilities\/113848503356809\">Cobertura da M\u00eddia:<br \/>\nNot\u00edcias de Projetos<\/a>[\/vc_column_text][vc_column_text]<a href=\"http:\/\/www.develop3d.com\/blog\/2017\/05\/solid-edge-st10-highlights-additive-manufacturing-topology-optimisation\">Cobertura da M\u00eddia:<br \/>\nDEVELOP3D<\/a>[\/vc_column_text]<\/div><\/div>\t\t\t<script type=\"text\/javascript\">\r\n\t\t\t\tjQuery(document).ready(function ($) {\r\n\t\t\t\t\tif( typeof jQuery('.ult-carousel-130394389769d3c5e48fc24').slick == \"function\"){\r\n\t\t\t\t\t\t$('.ult-carousel-130394389769d3c5e48fc24').slick({dots: true,autoplaySpeed: 5000,speed: 500,infinite: false,arrows: true,nextArrow: '<button type=\"button\" role=\"button\" aria-label=\"Next\" style=\"color:#ffffff; font-size:30px;background:rgba(255,255,255,0.2);\" class=\"slick-next square-bg\"><i class=\"ultsl-arrow-right6\"><\/i><\/button>',prevArrow: '<button type=\"button\" role=\"button\" aria-label=\"Previous\" style=\"color:#ffffff; font-size:30px;background:rgba(255,255,255,0.2);\" class=\"slick-prev square-bg\"><i class=\"ultsl-arrow-left6\"><\/i><\/button>',slidesToScroll:4,slidesToShow:4,swipe: true,draggable: true,touchMove: true,pauseOnHover: true,pauseOnFocus: false,responsive: [\r\n\t\t\t\t\t\t\t{\r\n\t\t\t\t\t\t\t  breakpoint: 1026,\r\n\t\t\t\t\t\t\t  settings: {\r\n\t\t\t\t\t\t\t\tslidesToShow: 4,\r\n\t\t\t\t\t\t\t\tslidesToScroll: 4,  \r\n\t\t\t\t\t\t\t  }\r\n\t\t\t\t\t\t\t},\r\n\t\t\t\t\t\t\t{\r\n\t\t\t\t\t\t\t  breakpoint: 1025,\r\n\t\t\t\t\t\t\t  settings: {\r\n\t\t\t\t\t\t\t\tslidesToShow: 2,\r\n\t\t\t\t\t\t\t\tslidesToScroll: 2\r\n\t\t\t\t\t\t\t  }\r\n\t\t\t\t\t\t\t},\r\n\t\t\t\t\t\t\t{\r\n\t\t\t\t\t\t\t  breakpoint: 760,\r\n\t\t\t\t\t\t\t  settings: {\r\n\t\t\t\t\t\t\t\tslidesToShow: 1,\r\n\t\t\t\t\t\t\t\tslidesToScroll: 1\r\n\t\t\t\t\t\t\t  }\r\n\t\t\t\t\t\t\t}\r\n\t\t\t\t\t\t],pauseOnDotsHover: true,customPaging: function(slider, i) {\r\n                   return '<i type=\"button\" style= \"color:#ffffff;\" class=\"ultsl-record\" data-role=\"none\"><\/i>';\r\n                },});\r\n\t\t\t\t\t}\r\n\t\t\t\t});\r\n\t\t\t<\/script>\r\n\t\t\t[\/vc_column][\/vc_row][vc_row full_width=&#8221;stretch_row&#8221; el_class=&#8221;footer-contact&#8221; css=&#8221;.vc_custom_1550170708528{background-color: #dedee3 !important;}&#8221;][vc_column]<div class=\"wpb_content_block wpb_content_element\"><div class=\"wpb_wrapper\"><\/div><\/div>[\/vc_column][\/vc_row]<\/p>\n","protected":false},"excerpt":{"rendered":"<p> Simula\u00e7\u00e3o de fluxo do Solid Edge [\/vc_column_text][\/vc_column_inner] Simula\u00e7\u00e3o de fluxo para din\u00e2mica de fluido computacional (CFD) no Solid Edge FloEFD para Solid Edge \u00e9 uma ferramenta de simula\u00e7\u00e3o de CFD integrada para an\u00e1lise f\u00e1cil, r\u00e1pida e precisa de transfer\u00eancia de calor e do fluxo de flu\u00eddos. Totalmente incorporado [&hellip;]<\/p>\n","protected":false},"author":5,"featured_media":0,"parent":2728,"menu_order":2,"comment_status":"closed","ping_status":"closed","template":"","meta":{"inline_featured_image":false},"yoast_head":"<!-- This site is optimized with the Yoast SEO plugin v18.4.1 - https:\/\/yoast.com\/wordpress\/plugins\/seo\/ -->\n<title>Simula\u00e7\u00e3o de Fluxo | Din\u00e2mica de Fluido Computacional | Solid Edge<\/title>\n<meta name=\"description\" content=\"A simula\u00e7\u00e3o de fluxo \u00e9 obtida com uma ferramenta de din\u00e2mica de fluido computacional integrada para an\u00e1lise f\u00e1cil, r\u00e1pida e precisa de transfer\u00eancia de calor e do fluxo de flu\u00eddos dentro do Solid Edge.\" \/>\n<meta name=\"robots\" content=\"index, follow, max-snippet:-1, max-image-preview:large, max-video-preview:-1\" \/>\n<link rel=\"canonical\" href=\"https:\/\/solidedge.siemens.com\/pt-br\/solutions\/products\/simulation\/solid-edge-flow-simulation\/\" \/>\n<meta property=\"og:locale\" content=\"pt_BR\" \/>\n<meta property=\"og:type\" content=\"article\" \/>\n<meta property=\"og:title\" content=\"Simula\u00e7\u00e3o de Fluxo | Din\u00e2mica de Fluido Computacional | Solid Edge\" \/>\n<meta property=\"og:description\" content=\"A simula\u00e7\u00e3o de fluxo \u00e9 obtida com uma ferramenta de din\u00e2mica de fluido computacional integrada para an\u00e1lise f\u00e1cil, r\u00e1pida e precisa de transfer\u00eancia de calor e do fluxo de flu\u00eddos dentro do Solid Edge.\" \/>\n<meta property=\"og:url\" content=\"https:\/\/solidedge.siemens.com\/pt-br\/solutions\/products\/simulation\/solid-edge-flow-simulation\/\" \/>\n<meta property=\"og:site_name\" content=\"Solid Edge\" \/>\n<meta property=\"article:publisher\" content=\"https:\/\/www.facebook.com\/solidedge\" \/>\n<meta property=\"article:modified_time\" content=\"2019-09-03T18:12:01+00:00\" \/>\n<meta name=\"twitter:card\" content=\"summary_large_image\" \/>\n<meta name=\"twitter:site\" content=\"@siemensplm\" \/>\n<meta name=\"twitter:label1\" content=\"Est. tempo de leitura\" \/>\n\t<meta name=\"twitter:data1\" content=\"4 minutos\" \/>\n<script type=\"application\/ld+json\" class=\"yoast-schema-graph\">{\"@context\":\"https:\/\/schema.org\",\"@graph\":[{\"@type\":\"Organization\",\"@id\":\"https:\/\/solidedge.siemens.com\/en\/#organization\",\"name\":\"Siemens Digital Industries Software\",\"url\":\"https:\/\/solidedge.siemens.com\/en\/\",\"sameAs\":[\"https:\/\/www.facebook.com\/solidedge\",\"https:\/\/www.instagram.com\/siemens\/\",\"https:\/\/www.linkedin.com\/company\/siemens-plm-software\",\"https:\/\/www.youtube.com\/user\/PolarionSoftware\",\"https:\/\/twitter.com\/siemensplm\"],\"logo\":{\"@type\":\"ImageObject\",\"@id\":\"https:\/\/solidedge.siemens.com\/en\/#logo\",\"inLanguage\":\"pt-BR\",\"url\":\"https:\/\/solidedge.siemens.com\/wp-content\/uploads\/2018\/04\/logo-siemens-ifl@2x.png\",\"contentUrl\":\"https:\/\/solidedge.siemens.com\/wp-content\/uploads\/2018\/04\/logo-siemens-ifl@2x.png\",\"width\":640,\"height\":270,\"caption\":\"Siemens Digital Industries Software\"},\"image\":{\"@id\":\"https:\/\/solidedge.siemens.com\/en\/#logo\"}},{\"@type\":\"WebSite\",\"@id\":\"https:\/\/solidedge.siemens.com\/en\/#website\",\"url\":\"https:\/\/solidedge.siemens.com\/en\/\",\"name\":\"Solid Edge\",\"description\":\"Siemens Software\",\"publisher\":{\"@id\":\"https:\/\/solidedge.siemens.com\/en\/#organization\"},\"potentialAction\":[{\"@type\":\"SearchAction\",\"target\":{\"@type\":\"EntryPoint\",\"urlTemplate\":\"https:\/\/solidedge.siemens.com\/en\/?s={search_term_string}\"},\"query-input\":\"required name=search_term_string\"}],\"inLanguage\":\"pt-BR\"},{\"@type\":\"WebPage\",\"@id\":\"https:\/\/solidedge.siemens.com\/pt-br\/solutions\/products\/simulation\/solid-edge-flow-simulation\/#webpage\",\"url\":\"https:\/\/solidedge.siemens.com\/pt-br\/solutions\/products\/simulation\/solid-edge-flow-simulation\/\",\"name\":\"Simula\u00e7\u00e3o de Fluxo | Din\u00e2mica de Fluido Computacional | Solid Edge\",\"isPartOf\":{\"@id\":\"https:\/\/solidedge.siemens.com\/en\/#website\"},\"datePublished\":\"2018-04-10T18:57:42+00:00\",\"dateModified\":\"2019-09-03T18:12:01+00:00\",\"description\":\"A simula\u00e7\u00e3o de fluxo \u00e9 obtida com uma ferramenta de din\u00e2mica de fluido computacional integrada para an\u00e1lise f\u00e1cil, r\u00e1pida e precisa de transfer\u00eancia de calor e do fluxo de flu\u00eddos dentro do Solid Edge.\",\"breadcrumb\":{\"@id\":\"https:\/\/solidedge.siemens.com\/pt-br\/solutions\/products\/simulation\/solid-edge-flow-simulation\/#breadcrumb\"},\"inLanguage\":\"pt-BR\",\"potentialAction\":[{\"@type\":\"ReadAction\",\"target\":[\"https:\/\/solidedge.siemens.com\/pt-br\/solutions\/products\/simulation\/solid-edge-flow-simulation\/\"]}]},{\"@type\":\"BreadcrumbList\",\"@id\":\"https:\/\/solidedge.siemens.com\/pt-br\/solutions\/products\/simulation\/solid-edge-flow-simulation\/#breadcrumb\",\"itemListElement\":[{\"@type\":\"ListItem\",\"position\":1,\"name\":\"Home\",\"item\":\"https:\/\/solidedge.siemens.com\/en\/home-11\/\"},{\"@type\":\"ListItem\",\"position\":2,\"name\":\"Solu\u00e7\u00f5es\",\"item\":\"https:\/\/solidedge.siemens.com\/pt-br\/solutions\/\"},{\"@type\":\"ListItem\",\"position\":3,\"name\":\"Produtos\",\"item\":\"https:\/\/solidedge.siemens.com\/pt-br\/solutions\/products\/\"},{\"@type\":\"ListItem\",\"position\":4,\"name\":\"Simula\u00e7\u00e3o\",\"item\":\"https:\/\/solidedge.siemens.com\/pt-br\/solutions\/products\/simulation\/\"},{\"@type\":\"ListItem\",\"position\":5,\"name\":\"Simula\u00e7\u00e3o de fluxo do Solid Edge\"}]}]}<\/script>\n<!-- \/ Yoast SEO plugin. -->","yoast_head_json":{"title":"Simula\u00e7\u00e3o de Fluxo | Din\u00e2mica de Fluido Computacional | Solid Edge","description":"A simula\u00e7\u00e3o de fluxo \u00e9 obtida com uma ferramenta de din\u00e2mica de fluido computacional integrada para an\u00e1lise f\u00e1cil, r\u00e1pida e precisa de transfer\u00eancia de calor e do fluxo de flu\u00eddos dentro do Solid Edge.","robots":{"index":"index","follow":"follow","max-snippet":"max-snippet:-1","max-image-preview":"max-image-preview:large","max-video-preview":"max-video-preview:-1"},"canonical":"https:\/\/solidedge.siemens.com\/pt-br\/solutions\/products\/simulation\/solid-edge-flow-simulation\/","og_locale":"pt_BR","og_type":"article","og_title":"Simula\u00e7\u00e3o de Fluxo | Din\u00e2mica de Fluido Computacional | Solid Edge","og_description":"A simula\u00e7\u00e3o de fluxo \u00e9 obtida com uma ferramenta de din\u00e2mica de fluido computacional integrada para an\u00e1lise f\u00e1cil, r\u00e1pida e precisa de transfer\u00eancia de calor e do fluxo de flu\u00eddos dentro do Solid Edge.","og_url":"https:\/\/solidedge.siemens.com\/pt-br\/solutions\/products\/simulation\/solid-edge-flow-simulation\/","og_site_name":"Solid Edge","article_publisher":"https:\/\/www.facebook.com\/solidedge","article_modified_time":"2019-09-03T18:12:01+00:00","twitter_card":"summary_large_image","twitter_site":"@siemensplm","twitter_misc":{"Est. tempo de leitura":"4 minutos"},"schema":{"@context":"https:\/\/schema.org","@graph":[{"@type":"Organization","@id":"https:\/\/solidedge.siemens.com\/en\/#organization","name":"Siemens Digital Industries Software","url":"https:\/\/solidedge.siemens.com\/en\/","sameAs":["https:\/\/www.facebook.com\/solidedge","https:\/\/www.instagram.com\/siemens\/","https:\/\/www.linkedin.com\/company\/siemens-plm-software","https:\/\/www.youtube.com\/user\/PolarionSoftware","https:\/\/twitter.com\/siemensplm"],"logo":{"@type":"ImageObject","@id":"https:\/\/solidedge.siemens.com\/en\/#logo","inLanguage":"pt-BR","url":"https:\/\/solidedge.siemens.com\/wp-content\/uploads\/2018\/04\/logo-siemens-ifl@2x.png","contentUrl":"https:\/\/solidedge.siemens.com\/wp-content\/uploads\/2018\/04\/logo-siemens-ifl@2x.png","width":640,"height":270,"caption":"Siemens Digital Industries Software"},"image":{"@id":"https:\/\/solidedge.siemens.com\/en\/#logo"}},{"@type":"WebSite","@id":"https:\/\/solidedge.siemens.com\/en\/#website","url":"https:\/\/solidedge.siemens.com\/en\/","name":"Solid Edge","description":"Siemens Software","publisher":{"@id":"https:\/\/solidedge.siemens.com\/en\/#organization"},"potentialAction":[{"@type":"SearchAction","target":{"@type":"EntryPoint","urlTemplate":"https:\/\/solidedge.siemens.com\/en\/?s={search_term_string}"},"query-input":"required name=search_term_string"}],"inLanguage":"pt-BR"},{"@type":"WebPage","@id":"https:\/\/solidedge.siemens.com\/pt-br\/solutions\/products\/simulation\/solid-edge-flow-simulation\/#webpage","url":"https:\/\/solidedge.siemens.com\/pt-br\/solutions\/products\/simulation\/solid-edge-flow-simulation\/","name":"Simula\u00e7\u00e3o de Fluxo | Din\u00e2mica de Fluido Computacional | Solid Edge","isPartOf":{"@id":"https:\/\/solidedge.siemens.com\/en\/#website"},"datePublished":"2018-04-10T18:57:42+00:00","dateModified":"2019-09-03T18:12:01+00:00","description":"A simula\u00e7\u00e3o de fluxo \u00e9 obtida com uma ferramenta de din\u00e2mica de fluido computacional integrada para an\u00e1lise f\u00e1cil, r\u00e1pida e precisa de transfer\u00eancia de calor e do fluxo de flu\u00eddos dentro do Solid Edge.","breadcrumb":{"@id":"https:\/\/solidedge.siemens.com\/pt-br\/solutions\/products\/simulation\/solid-edge-flow-simulation\/#breadcrumb"},"inLanguage":"pt-BR","potentialAction":[{"@type":"ReadAction","target":["https:\/\/solidedge.siemens.com\/pt-br\/solutions\/products\/simulation\/solid-edge-flow-simulation\/"]}]},{"@type":"BreadcrumbList","@id":"https:\/\/solidedge.siemens.com\/pt-br\/solutions\/products\/simulation\/solid-edge-flow-simulation\/#breadcrumb","itemListElement":[{"@type":"ListItem","position":1,"name":"Home","item":"https:\/\/solidedge.siemens.com\/en\/home-11\/"},{"@type":"ListItem","position":2,"name":"Solu\u00e7\u00f5es","item":"https:\/\/solidedge.siemens.com\/pt-br\/solutions\/"},{"@type":"ListItem","position":3,"name":"Produtos","item":"https:\/\/solidedge.siemens.com\/pt-br\/solutions\/products\/"},{"@type":"ListItem","position":4,"name":"Simula\u00e7\u00e3o","item":"https:\/\/solidedge.siemens.com\/pt-br\/solutions\/products\/simulation\/"},{"@type":"ListItem","position":5,"name":"Simula\u00e7\u00e3o de fluxo do Solid Edge"}]}]}},"_links":{"self":[{"href":"https:\/\/solidedge.siemens.com\/pt-br\/wp-json\/wp\/v2\/pages\/1885"}],"collection":[{"href":"https:\/\/solidedge.siemens.com\/pt-br\/wp-json\/wp\/v2\/pages"}],"about":[{"href":"https:\/\/solidedge.siemens.com\/pt-br\/wp-json\/wp\/v2\/types\/page"}],"author":[{"embeddable":true,"href":"https:\/\/solidedge.siemens.com\/pt-br\/wp-json\/wp\/v2\/users\/5"}],"replies":[{"embeddable":true,"href":"https:\/\/solidedge.siemens.com\/pt-br\/wp-json\/wp\/v2\/comments?post=1885"}],"version-history":[{"count":0,"href":"https:\/\/solidedge.siemens.com\/pt-br\/wp-json\/wp\/v2\/pages\/1885\/revisions"}],"up":[{"embeddable":true,"href":"https:\/\/solidedge.siemens.com\/pt-br\/wp-json\/wp\/v2\/pages\/2728"}],"wp:attachment":[{"href":"https:\/\/solidedge.siemens.com\/pt-br\/wp-json\/wp\/v2\/media?parent=1885"}],"curies":[{"name":"wp","href":"https:\/\/api.w.org\/{rel}","templated":true}]}}