{"id":1726,"date":"2018-05-22T11:45:33","date_gmt":"2018-05-22T15:45:33","guid":{"rendered":"https:\/\/solidedge.siemens.com\/convergent-modeling\/"},"modified":"2019-09-03T14:12:10","modified_gmt":"2019-09-03T18:12:10","slug":"convergent-modeling","status":"publish","type":"page","link":"https:\/\/solidedge.siemens.com\/pt-br\/solutions\/products\/3d-design\/next-generation-design\/convergent-modeling\/","title":{"rendered":"Modelagem Convergente"},"content":{"rendered":"<p>[vc_row el_class=&#8221;vc-row-page-image-intro&#8221;][vc_column][vc_column_text]<\/p>\n<h1>Modelagem Convergente no Solid Edge<\/h1>\n<p>[\/vc_column_text][vc_row_inner][vc_column_inner width=&#8221;5\/12&#8243;][vc_single_image image=&#8221;1311&#8243; img_size=&#8221;medium&#8221; alignment=&#8221;center&#8221;][\/vc_column_inner][vc_column_inner width=&#8221;7\/12&#8243;][vc_column_text]<\/p>\n<p class=\"f-larger c-black\"><strong>A Modelagem Convergente suporta opera\u00e7\u00f5es de modelagem com representa\u00e7\u00e3o de limites em corpos de faceta, sem precisar de convers\u00e3o<\/strong><\/p>\n<p>O Solid Edge combina perfeitamente os tradicionais modelos s\u00f3lidos &#8220;b-rep&#8221; aos modelos de malha triangular, sem convers\u00f5es demoradas e propensas a erros. A modelagem convergente da Siemens permite fazer opera\u00e7\u00f5es tradicionais b-rep em dados e modelos 3D analisados digitalmente resultantes do projeto generativo, reduzindo o retrabalho ao mesmo tempo que suporta os processos de manufatura aditiva moderna para formas complexas.[\/vc_column_text][vc_column_text]<\/p>\n<p style=\"text-align: right;\"><a class=\"action-button\" href=\"\/pt-br\/try-now\/\"><i class=\"icon-ext\"><\/i>Teste Gratuito do Solid Edge<\/a><\/p>\n<p>[\/vc_column_text][\/vc_column_inner][\/vc_row_inner][\/vc_column][\/vc_row][vc_row full_width=&#8221;stretch_row&#8221; css=&#8221;.vc_custom_1527014494611{background-color: #ebf0f5 !important;}&#8221;][vc_column][vc_column_text el_class=&#8221;vc-el-lead-in&#8221;]Capacidades<\/p>\n<h2>Trabalhe em modelos de malha com os mesmos comandos que voc\u00ea usa nos modelos b-rep<\/h2>\n<p>A modelagem convergente permite que voc\u00ea trabalhe perfeitamente com os modelos baseados em malha que foram criados usando projeto generativo e engenharia reversa. Execute opera\u00e7\u00f5es tradicionais em:[\/vc_column_text][vc_row_inner el_class=&#8221;vc-row-image-teasers&#8221;][vc_column_inner width=&#8221;1\/3&#8243;][vc_single_image image=&#8221;1309&#8243; img_size=&#8221;full&#8221; alignment=&#8221;center&#8221;][vc_column_text]<\/p>\n<h3>Dados 3D analisados digitalmente<\/h3>\n<p>A Modelagem Convergente simplifica o processo de trabalho com os dados digitalizados. Os dados digitalizados em 3D s\u00e3o importados ao Solid Edge como dados facetados ou em malha, para que voc\u00ea possa come\u00e7ar a projetar imediatamente, sem passar por um processo demorado de convers\u00e3o, sem cria\u00e7\u00e3o manual de formas e sem necessidade de criar superf\u00edcies. [\/vc_column_text][\/vc_column_inner][vc_column_inner width=&#8221;1\/3&#8243;][vc_single_image image=&#8221;877&#8243; img_size=&#8221;full&#8221; alignment=&#8221;center&#8221;][vc_column_text]<\/p>\n<h3>Modelos criados usando o projeto generativo<\/h3>\n<p>Com a Modelagem Convergente, os componentes otimizados oriundos do projeto generativo podem ser enviados diretamente para manufatura aditiva ou an\u00e1lise, ou para serem modificados no Solid Edge. Os resultados em malha s\u00e3o perfeitamente integrados ao processo de edi\u00e7\u00e3o de modelo, permitindo que voc\u00ea tenha o processo final necess\u00e1rio para a tarefa em execu\u00e7\u00e3o. N\u00e3o precisa mais esperar convers\u00f5es tediosas, imprecisas de malha triangular para b-rep.[\/vc_column_text][\/vc_column_inner][vc_column_inner width=&#8221;1\/3&#8243;][vc_single_image image=&#8221;731&#8243; img_size=&#8221;full&#8221; alignment=&#8221;center&#8221;][vc_column_text]<\/p>\n<h3>Componentes para manufatura aditiva<\/h3>\n<p>Se seus projetos s\u00e3o criados usando modelagem tradicional, projeto generativo ou importados de um scanner 3D, eles podem ser usados diretamente para impress\u00e3o 3D, projeto de moldes, an\u00e1lise e muito mais. A Modelagem Convergente remove as limita\u00e7\u00f5es, dando aos projetistas a flexibilidade de levar as formas otimizadas do conceito \u00e0 realidade, aproveitando os materiais e as t\u00e9cnicas de manufatura aditiva.[\/vc_column_text][\/vc_column_inner][\/vc_row_inner][\/vc_column][\/vc_row][vc_row full_width=&#8221;stretch_row&#8221; el_class=&#8221;vc-row-video-highlight&#8221;][vc_column][vc_column_text el_class=&#8221;vc-el-lead-in&#8221;]V\u00eddeo<\/p>\n<h2>Temas Atuais<\/h2>\n<p>Os dados facetados tornaram-se mais comuns e valiosos nos fluxos de trabalho de engenharia, gra\u00e7as ao surgimento da alta precis\u00e3o, baixo custo, digitaliza\u00e7\u00e3o 3D, digitaliza\u00e7\u00e3o m\u00e9dica e impress\u00e3o 3D. No entanto, os benef\u00edcios do uso dos dados facetados s\u00e3o reduzidos pela necessidade de convers\u00e3o unidirecional e de uma \u00fanica vez ao formato b-rep, o que geralmente consome tempo e \u00e9 propenso a erros por in\u00fameras raz\u00f5es t\u00e9cnicas.<\/p>\n<p class=\"see-more\" style=\"text-align: right;\"><a href=\"https:\/\/solidedge.siemens.com\/pt-br\/resources\/resource-library\/#ui_Videos\">Veja Mais V\u00eddeos<\/a><\/p>\n<p>[\/vc_column_text]\n\n\n  <div id=\"wpv-view-layout-567-CATTRd587bd752fbdff5e4f0033203f55d76f\" class=\"js-wpv-view-layout js-wpv-layout-responsive js-wpv-view-layout-567-CATTRd587bd752fbdff5e4f0033203f55d76f\" data-viewnumber=\"567-CATTRd587bd752fbdff5e4f0033203f55d76f\" data-pagination=\"{&quot;id&quot;:567,&quot;query&quot;:&quot;normal&quot;,&quot;type&quot;:&quot;disabled&quot;,&quot;effect&quot;:&quot;fade&quot;,&quot;duration&quot;:500,&quot;speed&quot;:5,&quot;pause_on_hover&quot;:&quot;disabled&quot;,&quot;stop_rollover&quot;:&quot;false&quot;,&quot;cache_pages&quot;:&quot;enabled&quot;,&quot;preload_images&quot;:&quot;enabled&quot;,&quot;preload_pages&quot;:&quot;enabled&quot;,&quot;preload_reach&quot;:1,&quot;spinner&quot;:&quot;builtin&quot;,&quot;spinner_image&quot;:&quot;https:\/\/solidedge.siemens.com\/wp-content\/plugins\/wp-views\/embedded\/res\/img\/ajax-loader.gif&quot;,&quot;callback_next&quot;:&quot;&quot;,&quot;manage_history&quot;:&quot;disabled&quot;,&quot;has_controls_in_form&quot;:&quot;disabled&quot;,&quot;infinite_tolerance&quot;:&quot;0&quot;,&quot;max_pages&quot;:0,&quot;page&quot;:1,&quot;base_permalink&quot;:&quot;\/pt-br\/wp-json\/wp\/v2\/pages\/1726?wpv_view_count=567-CATTRd587bd752fbdff5e4f0033203f55d76f&amp;wpv_paged=WPV_PAGE_NUM&quot;,&quot;loop&quot;:{&quot;type&quot;:&quot;&quot;,&quot;name&quot;:&quot;&quot;,&quot;data&quot;:[],&quot;id&quot;:0}}\" data-permalink=\"\/pt-br\/wp-json\/wp\/v2\/pages\/1726?wpv_view_count=567-CATTRd587bd752fbdff5e4f0033203f55d76f\">\n\n  \n  <div class=\"wpv-resources\"><a name=\"video\" class=\"video-anchor\"><\/a>\n    <div id=\"ult-carousel-8919601669fc1e81d05f5\" class=\"ult-carousel-wrapper  vc-el-carousel-videos-embedded ult_horizontal\" data-gutter=\"0\" data-rtl=\"false\" ><div class=\"ult-carousel-183818524069fc1e81d05d1 \" >\n    \n    \n       <div><!-- slide container -->\n        <div class=\"wpv-resources-item\" data-mh=\".wpv-resources-item\">\n          <div class=\"resources-item-poster\">\n              <div id=\"wpfp_3ed1da008a41b0aa77634b5d66b5c476\" data-item=\"{&quot;sources&quot;:&#091;{&quot;src&quot;:&quot;https:\\\/\\\/media.plm.automation.siemens.com\\\/nx\\\/Siemens-JT_Open-Siemens_Convergent_Modeling_61874.mp4&quot;,&quot;type&quot;:&quot;video\\\/mp4&quot;}&#093;}\" class=\"flowplayer no-brand is-splash no-svg is-paused skin-slim fp-slim fp-edgy\" data-embed=\"false\" style=\"max-width: 1140px; max-height: 640px; background-image: url(https:\/\/solidedge.siemens.com\/wp-content\/uploads\/2018\/04\/v-convergent-modeling.jpg);\" data-ratio=\"0.5614\" data-advance=\"false\">\n\t<div class=\"fp-ratio\" style=\"padding-top: 56.14%\"><\/div>\n\t<div class=\"fp-ui\"><div class=\"fp-play fp-visible\"><a class=\"fp-icon fp-playbtn\"><\/a><\/div><\/div>\n\n<\/div>\n\n              \n          <\/div>\n        <\/div>\n      <\/div>\n    \n    \n    <\/div><\/div>\t\t\t<script type=\"text\/javascript\">\r\n\t\t\t\tjQuery(document).ready(function ($) {\r\n\t\t\t\t\tif( typeof jQuery('.ult-carousel-183818524069fc1e81d05d1').slick == \"function\"){\r\n\t\t\t\t\t\t$('.ult-carousel-183818524069fc1e81d05d1').slick({dots: true,autoplaySpeed: 5000,speed: 500,infinite: false,arrows: true,nextArrow: '<button type=\"button\" role=\"button\" aria-label=\"Next\" style=\"color:#ffffff; font-size:30px;background:rgba(47,56,60,0.5);\" class=\"slick-next square-bg\"><i class=\"ultsl-arrow-right6\"><\/i><\/button>',prevArrow: '<button type=\"button\" role=\"button\" aria-label=\"Previous\" style=\"color:#ffffff; font-size:30px;background:rgba(47,56,60,0.5);\" class=\"slick-prev square-bg\"><i class=\"ultsl-arrow-left6\"><\/i><\/button>',slidesToScroll:1,slidesToShow:1,swipe: true,draggable: true,touchMove: true,pauseOnHover: true,pauseOnFocus: false,responsive: [\r\n\t\t\t\t\t\t\t{\r\n\t\t\t\t\t\t\t  breakpoint: 1026,\r\n\t\t\t\t\t\t\t  settings: {\r\n\t\t\t\t\t\t\t\tslidesToShow: 1,\r\n\t\t\t\t\t\t\t\tslidesToScroll: 1,  \r\n\t\t\t\t\t\t\t  }\r\n\t\t\t\t\t\t\t},\r\n\t\t\t\t\t\t\t{\r\n\t\t\t\t\t\t\t  breakpoint: 1025,\r\n\t\t\t\t\t\t\t  settings: {\r\n\t\t\t\t\t\t\t\tslidesToShow: 1,\r\n\t\t\t\t\t\t\t\tslidesToScroll: 1\r\n\t\t\t\t\t\t\t  }\r\n\t\t\t\t\t\t\t},\r\n\t\t\t\t\t\t\t{\r\n\t\t\t\t\t\t\t  breakpoint: 760,\r\n\t\t\t\t\t\t\t  settings: {\r\n\t\t\t\t\t\t\t\tslidesToShow: 1,\r\n\t\t\t\t\t\t\t\tslidesToScroll: 1\r\n\t\t\t\t\t\t\t  }\r\n\t\t\t\t\t\t\t}\r\n\t\t\t\t\t\t],pauseOnDotsHover: true,customPaging: function(slider, i) {\r\n                   return '<i type=\"button\" style= \"color:#788891;\" class=\"ultsl-record\" data-role=\"none\"><\/i>';\r\n                },});\r\n\t\t\t\t\t}\r\n\t\t\t\t});\r\n\t\t\t<\/script>\r\n\t\t\t\n  <\/div>\n  \n  \n  <\/div>\n[vc_column_text el_class=&#8221;video-caption&#8221;]A Modelagem Convergente permite usar os dados facetados em seus fluxos de trabalho b-rep sem convers\u00e3o de dados e com todos os benef\u00edcios de ambas as tecnologias.[\/vc_column_text][\/vc_column][\/vc_row][vc_row full_width=&#8221;stretch_row&#8221; el_class=&#8221;vc-row-free-software&#8221; css=&#8221;.vc_custom_1523912493378{background-color: #006486 !important;}&#8221;][vc_column][vc_column_text el_class=&#8221;vc-el-lead-in&#8221;]Software GRATUITO<\/p>\n<h2>Software de Projeto 3D Gratuito<\/h2>\n<p>[\/vc_column_text][vc_row_inner equal_height=&#8221;yes&#8221;][vc_column_inner width=&#8221;1\/2&#8243; offset=&#8221;vc_col-md-5&#8243;]<div class=\"wpb_content_block wpb_content_element\"><div class=\"wpb_wrapper\"><div class=\"content_block\" id=\"custom_post_widget-418\"><p>[vc_row][vc_column][vc_column_text]<\/p>\n<h3>Experimente o Solid Edge gratuitamente<\/h3>\n<p>Obtenha acesso instant\u00e2neo para fazer um teste gratuito do Solid Edge.[\/vc_column_text][vc_column_text]<a class=\"action-button\" href=\"\/pt-br\/try-now\/\"><i class=\"icon-ext\"><\/i>Come\u00e7ar Agora<\/a>[\/vc_column_text][\/vc_column][\/vc_row]<\/p>\n<\/div><\/div><\/div>[\/vc_column_inner][vc_column_inner width=&#8221;1\/2&#8243; offset=&#8221;vc_col-md-offset-2 vc_col-md-5&#8243;]<div class=\"wpb_content_block wpb_content_element\"><div class=\"wpb_wrapper\"><div class=\"content_block\" id=\"custom_post_widget-419\"><p>[vc_row][vc_column][vc_column_text]<\/p>\n<h3>Software Gratuito para sua Startup<\/h3>\n<p>Se voc\u00ea possui uma startup no est\u00e1gio inicial, em atividade h\u00e1 menos de tr\u00eas anos, voc\u00ea pode se inscrever agora para obter o Solid Edge gratuitamente. Sem taxas de inscri\u00e7\u00e3o![\/vc_column_text][vc_column_text]<a class=\"action-button\" href=\"https:\/\/www.plm.automation.siemens.com\/country\/engage\/topic\/solid-edge-start-up-brasil\/28153\"><i class=\"icon-ext\"><\/i>Solicite Agora<\/a>[\/vc_column_text][\/vc_column][\/vc_row]<\/p>\n<\/div><\/div><\/div>[\/vc_column_inner][\/vc_row_inner][\/vc_column][\/vc_row][vc_row full_width=&#8221;stretch_row&#8221; el_class=&#8221;vc-row-related-content&#8221; css=&#8221;.vc_custom_1524184785822{background-color: #347eb5 !important;}&#8221;][vc_column][vc_column_text]<\/p>\n<h2>Conte\u00fado relacionado<\/h2>\n<p>[\/vc_column_text]<div id=\"ult-carousel-106755393169fc1e81d2fa1\" class=\"ult-carousel-wrapper  vc-el-carousel-related-content ult_horizontal\" data-gutter=\"0\" data-rtl=\"false\" ><div class=\"ult-carousel-207342933369fc1e81d2f84 \" >[vc_column_text]<a href=\"https:\/\/www.plm.automation.siemens.com\/store\/en-us\/solid-edge\/\">Visite a loja online do Solid Edge<\/a>[\/vc_column_text][vc_column_text]<a href=\"https:\/\/www.plm.automation.siemens.com\/\/en_us\/Images\/Lifecylce-Insights-eBook-The-Next-Generation-of-Design_tcm1023-256417.pdf\">eBook sobre insights do ciclo de vida:<br \/>\nA pr\u00f3xima gera\u00e7\u00e3o dos projetos<\/a>[\/vc_column_text][vc_column_text]<a href=\"https:\/\/www.plm.automation.siemens.com\/en_us\/Images\/solid-edge-next generation-design-infographic_tcm1023-256403.jpg\">Infogr\u00e1fico:<br \/>\nO que \u00e9 o Projeto de Pr\u00f3xima Gera\u00e7\u00e3o<\/a>[\/vc_column_text][vc_column_text]<a href=\"https:\/\/www.adandp.media\/articles\/solid-edge-brings-divergent-modeling-worlds-together\">Cobertura da M\u00eddia:<br \/>\nAD&amp;P<\/a>[\/vc_column_text][vc_column_text]<a href=\"https:\/\/www.designworldonline.com\/many-models-one-click-button\/\">Cobertura da M\u00eddia:<br \/>\nDesign World<\/a>[\/vc_column_text]<\/div><\/div>\t\t\t<script type=\"text\/javascript\">\r\n\t\t\t\tjQuery(document).ready(function ($) {\r\n\t\t\t\t\tif( typeof jQuery('.ult-carousel-207342933369fc1e81d2f84').slick == \"function\"){\r\n\t\t\t\t\t\t$('.ult-carousel-207342933369fc1e81d2f84').slick({dots: true,autoplaySpeed: 5000,speed: 500,infinite: false,arrows: true,nextArrow: '<button type=\"button\" role=\"button\" aria-label=\"Next\" style=\"color:#ffffff; font-size:30px;background:rgba(255,255,255,0.2);\" class=\"slick-next square-bg\"><i class=\"ultsl-arrow-right6\"><\/i><\/button>',prevArrow: '<button type=\"button\" role=\"button\" aria-label=\"Previous\" style=\"color:#ffffff; font-size:30px;background:rgba(255,255,255,0.2);\" class=\"slick-prev square-bg\"><i class=\"ultsl-arrow-left6\"><\/i><\/button>',slidesToScroll:4,slidesToShow:4,swipe: true,draggable: true,touchMove: true,pauseOnHover: true,pauseOnFocus: false,responsive: [\r\n\t\t\t\t\t\t\t{\r\n\t\t\t\t\t\t\t  breakpoint: 1026,\r\n\t\t\t\t\t\t\t  settings: {\r\n\t\t\t\t\t\t\t\tslidesToShow: 4,\r\n\t\t\t\t\t\t\t\tslidesToScroll: 4,  \r\n\t\t\t\t\t\t\t  }\r\n\t\t\t\t\t\t\t},\r\n\t\t\t\t\t\t\t{\r\n\t\t\t\t\t\t\t  breakpoint: 1025,\r\n\t\t\t\t\t\t\t  settings: {\r\n\t\t\t\t\t\t\t\tslidesToShow: 2,\r\n\t\t\t\t\t\t\t\tslidesToScroll: 2\r\n\t\t\t\t\t\t\t  }\r\n\t\t\t\t\t\t\t},\r\n\t\t\t\t\t\t\t{\r\n\t\t\t\t\t\t\t  breakpoint: 760,\r\n\t\t\t\t\t\t\t  settings: {\r\n\t\t\t\t\t\t\t\tslidesToShow: 1,\r\n\t\t\t\t\t\t\t\tslidesToScroll: 1\r\n\t\t\t\t\t\t\t  }\r\n\t\t\t\t\t\t\t}\r\n\t\t\t\t\t\t],pauseOnDotsHover: true,customPaging: function(slider, i) {\r\n                   return '<i type=\"button\" style= \"color:#ffffff;\" class=\"ultsl-record\" data-role=\"none\"><\/i>';\r\n                },});\r\n\t\t\t\t\t}\r\n\t\t\t\t});\r\n\t\t\t<\/script>\r\n\t\t\t[\/vc_column][\/vc_row][vc_row full_width=&#8221;stretch_row&#8221; el_class=&#8221;footer-contact&#8221; css=&#8221;.vc_custom_1550170708528{background-color: #dedee3 !important;}&#8221;][vc_column]<div class=\"wpb_content_block wpb_content_element\"><div class=\"wpb_wrapper\"><\/div><\/div>[\/vc_column][\/vc_row]<\/p>\n","protected":false},"excerpt":{"rendered":"<p> Modelagem Convergente no Solid Edge [\/vc_column_text][\/vc_column_inner] A Modelagem Convergente suporta opera\u00e7\u00f5es de modelagem com representa\u00e7\u00e3o de limites em corpos de faceta, sem precisar de convers\u00e3o O Solid Edge combina perfeitamente os tradicionais modelos s\u00f3lidos &#8220;b-rep&#8221; aos modelos de malha triangular, sem convers\u00f5es demoradas e propensas a erros. A [&hellip;]<\/p>\n","protected":false},"author":5,"featured_media":0,"parent":2105,"menu_order":0,"comment_status":"closed","ping_status":"closed","template":"","meta":{"inline_featured_image":false},"yoast_head":"<!-- This site is optimized with the Yoast SEO plugin v18.4.1 - https:\/\/yoast.com\/wordpress\/plugins\/seo\/ -->\n<title>Modelagem Convergente | Projeto de Pr\u00f3xima Gera\u00e7\u00e3o | Solid Edge<\/title>\n<meta name=\"description\" content=\"A Modelagem Convergente no Solid Edge suporta opera\u00e7\u00f5es de modelagem com representa\u00e7\u00e3o de limites em corpos de faceta, sem precisar de convers\u00e3o. Saiba mais e experimente hoje!\" \/>\n<meta name=\"robots\" content=\"index, follow, max-snippet:-1, max-image-preview:large, max-video-preview:-1\" \/>\n<link rel=\"canonical\" href=\"https:\/\/solidedge.siemens.com\/pt-br\/solutions\/products\/3d-design\/next-generation-design\/convergent-modeling\/\" \/>\n<meta property=\"og:locale\" content=\"pt_BR\" \/>\n<meta property=\"og:type\" content=\"article\" \/>\n<meta property=\"og:title\" content=\"Modelagem Convergente | Projeto de Pr\u00f3xima Gera\u00e7\u00e3o | Solid Edge\" \/>\n<meta property=\"og:description\" content=\"A Modelagem Convergente no Solid Edge suporta opera\u00e7\u00f5es de modelagem com representa\u00e7\u00e3o de limites em corpos de faceta, sem precisar de convers\u00e3o. Saiba mais e experimente hoje!\" \/>\n<meta property=\"og:url\" content=\"https:\/\/solidedge.siemens.com\/pt-br\/solutions\/products\/3d-design\/next-generation-design\/convergent-modeling\/\" \/>\n<meta property=\"og:site_name\" content=\"Solid Edge\" \/>\n<meta property=\"article:publisher\" content=\"https:\/\/www.facebook.com\/solidedge\" \/>\n<meta property=\"article:modified_time\" content=\"2019-09-03T18:12:10+00:00\" \/>\n<meta name=\"twitter:card\" content=\"summary_large_image\" \/>\n<meta name=\"twitter:site\" content=\"@siemensplm\" \/>\n<meta name=\"twitter:label1\" content=\"Est. tempo de leitura\" \/>\n\t<meta name=\"twitter:data1\" content=\"5 minutos\" \/>\n<script type=\"application\/ld+json\" class=\"yoast-schema-graph\">{\"@context\":\"https:\/\/schema.org\",\"@graph\":[{\"@type\":\"Organization\",\"@id\":\"https:\/\/solidedge.siemens.com\/en\/#organization\",\"name\":\"Siemens Digital Industries Software\",\"url\":\"https:\/\/solidedge.siemens.com\/en\/\",\"sameAs\":[\"https:\/\/www.facebook.com\/solidedge\",\"https:\/\/www.instagram.com\/siemens\/\",\"https:\/\/www.linkedin.com\/company\/siemens-plm-software\",\"https:\/\/www.youtube.com\/user\/PolarionSoftware\",\"https:\/\/twitter.com\/siemensplm\"],\"logo\":{\"@type\":\"ImageObject\",\"@id\":\"https:\/\/solidedge.siemens.com\/en\/#logo\",\"inLanguage\":\"pt-BR\",\"url\":\"https:\/\/solidedge.siemens.com\/wp-content\/uploads\/2018\/04\/logo-siemens-ifl@2x.png\",\"contentUrl\":\"https:\/\/solidedge.siemens.com\/wp-content\/uploads\/2018\/04\/logo-siemens-ifl@2x.png\",\"width\":640,\"height\":270,\"caption\":\"Siemens Digital Industries Software\"},\"image\":{\"@id\":\"https:\/\/solidedge.siemens.com\/en\/#logo\"}},{\"@type\":\"WebSite\",\"@id\":\"https:\/\/solidedge.siemens.com\/en\/#website\",\"url\":\"https:\/\/solidedge.siemens.com\/en\/\",\"name\":\"Solid Edge\",\"description\":\"Siemens Software\",\"publisher\":{\"@id\":\"https:\/\/solidedge.siemens.com\/en\/#organization\"},\"potentialAction\":[{\"@type\":\"SearchAction\",\"target\":{\"@type\":\"EntryPoint\",\"urlTemplate\":\"https:\/\/solidedge.siemens.com\/en\/?s={search_term_string}\"},\"query-input\":\"required name=search_term_string\"}],\"inLanguage\":\"pt-BR\"},{\"@type\":\"WebPage\",\"@id\":\"https:\/\/solidedge.siemens.com\/pt-br\/solutions\/products\/3d-design\/next-generation-design\/convergent-modeling\/#webpage\",\"url\":\"https:\/\/solidedge.siemens.com\/pt-br\/solutions\/products\/3d-design\/next-generation-design\/convergent-modeling\/\",\"name\":\"Modelagem Convergente | Projeto de Pr\u00f3xima Gera\u00e7\u00e3o | Solid Edge\",\"isPartOf\":{\"@id\":\"https:\/\/solidedge.siemens.com\/en\/#website\"},\"datePublished\":\"2018-05-22T15:45:33+00:00\",\"dateModified\":\"2019-09-03T18:12:10+00:00\",\"description\":\"A Modelagem Convergente no Solid Edge suporta opera\u00e7\u00f5es de modelagem com representa\u00e7\u00e3o de limites em corpos de faceta, sem precisar de convers\u00e3o. Saiba mais e experimente hoje!\",\"breadcrumb\":{\"@id\":\"https:\/\/solidedge.siemens.com\/pt-br\/solutions\/products\/3d-design\/next-generation-design\/convergent-modeling\/#breadcrumb\"},\"inLanguage\":\"pt-BR\",\"potentialAction\":[{\"@type\":\"ReadAction\",\"target\":[\"https:\/\/solidedge.siemens.com\/pt-br\/solutions\/products\/3d-design\/next-generation-design\/convergent-modeling\/\"]}]},{\"@type\":\"BreadcrumbList\",\"@id\":\"https:\/\/solidedge.siemens.com\/pt-br\/solutions\/products\/3d-design\/next-generation-design\/convergent-modeling\/#breadcrumb\",\"itemListElement\":[{\"@type\":\"ListItem\",\"position\":1,\"name\":\"Home\",\"item\":\"https:\/\/solidedge.siemens.com\/en\/home-11\/\"},{\"@type\":\"ListItem\",\"position\":2,\"name\":\"Solu\u00e7\u00f5es\",\"item\":\"https:\/\/solidedge.siemens.com\/pt-br\/solutions\/\"},{\"@type\":\"ListItem\",\"position\":3,\"name\":\"Produtos\",\"item\":\"https:\/\/solidedge.siemens.com\/pt-br\/solutions\/products\/\"},{\"@type\":\"ListItem\",\"position\":4,\"name\":\"Projeto 3D\",\"item\":\"https:\/\/solidedge.siemens.com\/pt-br\/solutions\/products\/3d-design\/\"},{\"@type\":\"ListItem\",\"position\":5,\"name\":\"Projeto de Pr\u00f3xima Gera\u00e7\u00e3o\",\"item\":\"https:\/\/solidedge.siemens.com\/pt-br\/solutions\/products\/3d-design\/next-generation-design\/\"},{\"@type\":\"ListItem\",\"position\":6,\"name\":\"Modelagem Convergente\"}]}]}<\/script>\n<!-- \/ Yoast SEO plugin. -->","yoast_head_json":{"title":"Modelagem Convergente | Projeto de Pr\u00f3xima Gera\u00e7\u00e3o | Solid Edge","description":"A Modelagem Convergente no Solid Edge suporta opera\u00e7\u00f5es de modelagem com representa\u00e7\u00e3o de limites em corpos de faceta, sem precisar de convers\u00e3o. Saiba mais e experimente hoje!","robots":{"index":"index","follow":"follow","max-snippet":"max-snippet:-1","max-image-preview":"max-image-preview:large","max-video-preview":"max-video-preview:-1"},"canonical":"https:\/\/solidedge.siemens.com\/pt-br\/solutions\/products\/3d-design\/next-generation-design\/convergent-modeling\/","og_locale":"pt_BR","og_type":"article","og_title":"Modelagem Convergente | Projeto de Pr\u00f3xima Gera\u00e7\u00e3o | Solid Edge","og_description":"A Modelagem Convergente no Solid Edge suporta opera\u00e7\u00f5es de modelagem com representa\u00e7\u00e3o de limites em corpos de faceta, sem precisar de convers\u00e3o. Saiba mais e experimente hoje!","og_url":"https:\/\/solidedge.siemens.com\/pt-br\/solutions\/products\/3d-design\/next-generation-design\/convergent-modeling\/","og_site_name":"Solid Edge","article_publisher":"https:\/\/www.facebook.com\/solidedge","article_modified_time":"2019-09-03T18:12:10+00:00","twitter_card":"summary_large_image","twitter_site":"@siemensplm","twitter_misc":{"Est. tempo de leitura":"5 minutos"},"schema":{"@context":"https:\/\/schema.org","@graph":[{"@type":"Organization","@id":"https:\/\/solidedge.siemens.com\/en\/#organization","name":"Siemens Digital Industries Software","url":"https:\/\/solidedge.siemens.com\/en\/","sameAs":["https:\/\/www.facebook.com\/solidedge","https:\/\/www.instagram.com\/siemens\/","https:\/\/www.linkedin.com\/company\/siemens-plm-software","https:\/\/www.youtube.com\/user\/PolarionSoftware","https:\/\/twitter.com\/siemensplm"],"logo":{"@type":"ImageObject","@id":"https:\/\/solidedge.siemens.com\/en\/#logo","inLanguage":"pt-BR","url":"https:\/\/solidedge.siemens.com\/wp-content\/uploads\/2018\/04\/logo-siemens-ifl@2x.png","contentUrl":"https:\/\/solidedge.siemens.com\/wp-content\/uploads\/2018\/04\/logo-siemens-ifl@2x.png","width":640,"height":270,"caption":"Siemens Digital Industries Software"},"image":{"@id":"https:\/\/solidedge.siemens.com\/en\/#logo"}},{"@type":"WebSite","@id":"https:\/\/solidedge.siemens.com\/en\/#website","url":"https:\/\/solidedge.siemens.com\/en\/","name":"Solid Edge","description":"Siemens Software","publisher":{"@id":"https:\/\/solidedge.siemens.com\/en\/#organization"},"potentialAction":[{"@type":"SearchAction","target":{"@type":"EntryPoint","urlTemplate":"https:\/\/solidedge.siemens.com\/en\/?s={search_term_string}"},"query-input":"required name=search_term_string"}],"inLanguage":"pt-BR"},{"@type":"WebPage","@id":"https:\/\/solidedge.siemens.com\/pt-br\/solutions\/products\/3d-design\/next-generation-design\/convergent-modeling\/#webpage","url":"https:\/\/solidedge.siemens.com\/pt-br\/solutions\/products\/3d-design\/next-generation-design\/convergent-modeling\/","name":"Modelagem Convergente | Projeto de Pr\u00f3xima Gera\u00e7\u00e3o | Solid Edge","isPartOf":{"@id":"https:\/\/solidedge.siemens.com\/en\/#website"},"datePublished":"2018-05-22T15:45:33+00:00","dateModified":"2019-09-03T18:12:10+00:00","description":"A Modelagem Convergente no Solid Edge suporta opera\u00e7\u00f5es de modelagem com representa\u00e7\u00e3o de limites em corpos de faceta, sem precisar de convers\u00e3o. Saiba mais e experimente hoje!","breadcrumb":{"@id":"https:\/\/solidedge.siemens.com\/pt-br\/solutions\/products\/3d-design\/next-generation-design\/convergent-modeling\/#breadcrumb"},"inLanguage":"pt-BR","potentialAction":[{"@type":"ReadAction","target":["https:\/\/solidedge.siemens.com\/pt-br\/solutions\/products\/3d-design\/next-generation-design\/convergent-modeling\/"]}]},{"@type":"BreadcrumbList","@id":"https:\/\/solidedge.siemens.com\/pt-br\/solutions\/products\/3d-design\/next-generation-design\/convergent-modeling\/#breadcrumb","itemListElement":[{"@type":"ListItem","position":1,"name":"Home","item":"https:\/\/solidedge.siemens.com\/en\/home-11\/"},{"@type":"ListItem","position":2,"name":"Solu\u00e7\u00f5es","item":"https:\/\/solidedge.siemens.com\/pt-br\/solutions\/"},{"@type":"ListItem","position":3,"name":"Produtos","item":"https:\/\/solidedge.siemens.com\/pt-br\/solutions\/products\/"},{"@type":"ListItem","position":4,"name":"Projeto 3D","item":"https:\/\/solidedge.siemens.com\/pt-br\/solutions\/products\/3d-design\/"},{"@type":"ListItem","position":5,"name":"Projeto de Pr\u00f3xima Gera\u00e7\u00e3o","item":"https:\/\/solidedge.siemens.com\/pt-br\/solutions\/products\/3d-design\/next-generation-design\/"},{"@type":"ListItem","position":6,"name":"Modelagem Convergente"}]}]}},"_links":{"self":[{"href":"https:\/\/solidedge.siemens.com\/pt-br\/wp-json\/wp\/v2\/pages\/1726"}],"collection":[{"href":"https:\/\/solidedge.siemens.com\/pt-br\/wp-json\/wp\/v2\/pages"}],"about":[{"href":"https:\/\/solidedge.siemens.com\/pt-br\/wp-json\/wp\/v2\/types\/page"}],"author":[{"embeddable":true,"href":"https:\/\/solidedge.siemens.com\/pt-br\/wp-json\/wp\/v2\/users\/5"}],"replies":[{"embeddable":true,"href":"https:\/\/solidedge.siemens.com\/pt-br\/wp-json\/wp\/v2\/comments?post=1726"}],"version-history":[{"count":0,"href":"https:\/\/solidedge.siemens.com\/pt-br\/wp-json\/wp\/v2\/pages\/1726\/revisions"}],"up":[{"embeddable":true,"href":"https:\/\/solidedge.siemens.com\/pt-br\/wp-json\/wp\/v2\/pages\/2105"}],"wp:attachment":[{"href":"https:\/\/solidedge.siemens.com\/pt-br\/wp-json\/wp\/v2\/media?parent=1726"}],"curies":[{"name":"wp","href":"https:\/\/api.w.org\/{rel}","templated":true}]}}