{"id":1676,"date":"2018-05-22T11:51:45","date_gmt":"2018-05-22T15:51:45","guid":{"rendered":"https:\/\/solidedge.siemens.com\/requirements-management\/"},"modified":"2019-09-03T14:12:13","modified_gmt":"2019-09-03T18:12:13","slug":"requirements-management","status":"publish","type":"page","link":"https:\/\/solidedge.siemens.com\/pt-br\/solutions\/products\/data-management\/requirements-management\/","title":{"rendered":"Gerenciamento de Requisitos"},"content":{"rendered":"<p>[vc_row el_class=&#8221;vc-row-page-image-intro&#8221;][vc_column][vc_column_text]<\/p>\n<h1>Gerenciamento de Requisitos<\/h1>\n<p>[\/vc_column_text][vc_row_inner][vc_column_inner width=&#8221;5\/12&#8243;][vc_single_image image=&#8221;1254&#8243; img_size=&#8221;medium&#8221; alignment=&#8221;center&#8221;][\/vc_column_inner][vc_column_inner width=&#8221;7\/12&#8243;][vc_column_text]<\/p>\n<p class=\"f-larger c-black\"><strong>Gerenciar os requisitos de projeto do produto e seguir os padr\u00f5es de conformidade com rastreabilidade completa<\/strong><\/p>\n<p>O projeto de produtos \u00e9 orientado por requisitos. O Gerenciamento de Requisitos do Solid Edge permite vincular e rastrear com precis\u00e3o os requisitos durante o processo de projeto e manufatura do produto, ajudando voc\u00ea a gerar um produto bem-sucedido.[\/vc_column_text][vc_column_text el_class=\"vc-el-related-content-video\"][\/vc_column_text][\/vc_column_inner][\/vc_row_inner][\/vc_column][\/vc_row][vc_row full_width=&#8221;stretch_row&#8221; css=&#8221;.vc_custom_1527085676589{background-color: #ebf0f5 !important;}&#8221;][vc_column][vc_column_text el_class=&#8221;vc-el-lead-in&#8221;]Capacidades<\/p>\n<h2>Gerenciamento e rastreamento dos requisitos sem interrup\u00e7\u00f5es<\/h2>\n<p>O Gerenciamento de Requisitos do Solid Edge responde ao desafio de registrar, manter e rastrear os princ\u00edpios chave das tarefas &#8211; requisitos do projeto. O acesso incorporado facilita e agiliza a intera\u00e7\u00e3o dos usu\u00e1rios ou a busca de itens de trabalho e outras tarefas instantaneamente. A rastreabilidade completa beneficia os gerentes de projeto e permite uma tomada de decis\u00e3o acertada.[\/vc_column_text][vc_row_inner el_class=&#8221;vc-row-image-teasers&#8221;][vc_column_inner width=&#8221;1\/4&#8243;][vc_column_text]<\/p>\n<h3>Acesso instant\u00e2neo aos requisitos do produto<\/h3>\n<p>Com uma estrutura de aba de tipo painel, os usu\u00e1rios podem fazer refer\u00eancia instant\u00e2nea \u00e0s tarefas ou casos de teste para evitar omiss\u00f5es dispendiosas.[\/vc_column_text][\/vc_column_inner][vc_column_inner width=&#8221;1\/4&#8243;][vc_column_text]<\/p>\n<h3>Marca\u00e7\u00e3o de requisitos para garantir a rastreabilidade<\/h3>\n<p>Para garantir uma rastreabilidade precisa, uma vez que um item de trabalho tenha sido tratado, os usu\u00e1rios podem marcar o ID de requisito espec\u00edfico para o arquivo do Solid Edge &#8211; tudo dentro do Solid Edge.[\/vc_column_text][\/vc_column_inner][vc_column_inner width=&#8221;1\/4&#8243;][vc_column_text]<\/p>\n<h3>Visibilidade para as a\u00e7\u00f5es detalhadas relacionadas a tarefas<\/h3>\n<p>Uma lista detalhada das a\u00e7\u00f5es realizadas em uma tarefa espec\u00edfica est\u00e1 a apenas um clique de dist\u00e2ncia. Os administradores e gerentes de projeto podem optar por permitir os coment\u00e1rios de usu\u00e1rios, vincular itens de trabalho relacionados e definir outras formas de intera\u00e7\u00e3o com o item de trabalho.[\/vc_column_text][\/vc_column_inner][vc_column_inner width=&#8221;1\/4&#8243;][vc_column_text]<\/p>\n<h3>F\u00e1cil comunica\u00e7\u00e3o com a ger\u00eancia e os executivos<\/h3>\n<p>Com o v\u00ednculo entre os dados de projeto e os itens de trabalho, os arquivos 3D PDF permitem que as decis\u00f5es gerenciais sejam tomadas sem a necessidade de as partes interessadas acessarem o sistema CAD.[\/vc_column_text][\/vc_column_inner][\/vc_row_inner][vc_column_text]<a href=\"https:\/\/solidedge.siemens.com\/wp-content\/uploads\/2018\/07\/Siemens-PLM-Solid-Edge-Requirements-Management-fs-70876-A2.pdf\" target=\"_blank\" rel=\"noopener noreferrer\"><i class=\"icon-ext\"><\/i> Fa\u00e7a o download da folha de dados do Gerenciamento de Requisitos do Solid Edge<\/a>[\/vc_column_text][\/vc_column][\/vc_row][vc_row full_width=&#8221;stretch_row&#8221; el_class=&#8221;vc-row-video-highlight&#8221;][vc_column][vc_column_text el_class=&#8221;vc-el-lead-in&#8221;]V\u00eddeo<\/p>\n<h2>Veja o Gerenciamento de Requisitos em A\u00e7\u00e3o<\/h2>\n<p class=\"see-more\" style=\"text-align: right;\"><a href=\"https:\/\/solidedge.siemens.com\/pt-br\/resources\/resource-library\/#ui_Videos\">Veja Mais V\u00eddeos<\/a><\/p>\n<p>[\/vc_column_text]\n\n\n  <div id=\"wpv-view-layout-567-CATTRd4f4e5c9059cda0c44f682af732e2e54\" class=\"js-wpv-view-layout js-wpv-layout-responsive js-wpv-view-layout-567-CATTRd4f4e5c9059cda0c44f682af732e2e54\" data-viewnumber=\"567-CATTRd4f4e5c9059cda0c44f682af732e2e54\" data-pagination=\"{&quot;id&quot;:567,&quot;query&quot;:&quot;normal&quot;,&quot;type&quot;:&quot;disabled&quot;,&quot;effect&quot;:&quot;fade&quot;,&quot;duration&quot;:500,&quot;speed&quot;:5,&quot;pause_on_hover&quot;:&quot;disabled&quot;,&quot;stop_rollover&quot;:&quot;false&quot;,&quot;cache_pages&quot;:&quot;enabled&quot;,&quot;preload_images&quot;:&quot;enabled&quot;,&quot;preload_pages&quot;:&quot;enabled&quot;,&quot;preload_reach&quot;:1,&quot;spinner&quot;:&quot;builtin&quot;,&quot;spinner_image&quot;:&quot;https:\/\/solidedge.siemens.com\/wp-content\/plugins\/wp-views\/embedded\/res\/img\/ajax-loader.gif&quot;,&quot;callback_next&quot;:&quot;&quot;,&quot;manage_history&quot;:&quot;disabled&quot;,&quot;has_controls_in_form&quot;:&quot;disabled&quot;,&quot;infinite_tolerance&quot;:&quot;0&quot;,&quot;max_pages&quot;:0,&quot;page&quot;:1,&quot;base_permalink&quot;:&quot;\/pt-br\/wp-json\/wp\/v2\/pages\/1676?wpv_view_count=567-CATTRd4f4e5c9059cda0c44f682af732e2e54&amp;wpv_paged=WPV_PAGE_NUM&quot;,&quot;loop&quot;:{&quot;type&quot;:&quot;&quot;,&quot;name&quot;:&quot;&quot;,&quot;data&quot;:[],&quot;id&quot;:0}}\" data-permalink=\"\/pt-br\/wp-json\/wp\/v2\/pages\/1676?wpv_view_count=567-CATTRd4f4e5c9059cda0c44f682af732e2e54\">\n\n  \n  <div class=\"wpv-resources\"><a name=\"video\" class=\"video-anchor\"><\/a>\n    <div id=\"ult-carousel-136402183769fed4dd5d9bc\" class=\"ult-carousel-wrapper  vc-el-carousel-videos-embedded ult_horizontal\" data-gutter=\"0\" data-rtl=\"false\" ><div class=\"ult-carousel-170400275469fed4dd5d996 \" >\n    \n    \n       <div><!-- slide container -->\n        <div class=\"wpv-resources-item\" data-mh=\".wpv-resources-item\">\n          <div class=\"resources-item-poster\">\n              <div id=\"wpfp_1dfadb1696c604038799ec58c823160d\" data-item=\"{&quot;sources&quot;:&#091;{&quot;src&quot;:&quot;https:\\\/\\\/media.plm.automation.siemens.com\\\/solidedge\\\/2019\\\/Requirements_Management_in_Solid_Edge_70826.mp4&quot;,&quot;type&quot;:&quot;video\\\/mp4&quot;}&#093;}\" class=\"flowplayer no-brand is-splash no-svg is-paused skin-slim fp-slim fp-edgy\" data-embed=\"false\" style=\"max-width: 1140px; max-height: 640px; background-image: url(https:\/\/solidedge.siemens.com\/wp-content\/uploads\/2018\/05\/v-requirements-management.jpg);\" data-ratio=\"0.5614\" data-advance=\"false\">\n\t<div class=\"fp-ratio\" style=\"padding-top: 56.14%\"><\/div>\n\t<div class=\"fp-ui\"><div class=\"fp-play fp-visible\"><a class=\"fp-icon fp-playbtn\"><\/a><\/div><\/div>\n\n<\/div>\n\n              \n          <\/div>\n        <\/div>\n      <\/div>\n    \n    \n    <\/div><\/div>\t\t\t<script type=\"text\/javascript\">\r\n\t\t\t\tjQuery(document).ready(function ($) {\r\n\t\t\t\t\tif( typeof jQuery('.ult-carousel-170400275469fed4dd5d996').slick == \"function\"){\r\n\t\t\t\t\t\t$('.ult-carousel-170400275469fed4dd5d996').slick({dots: true,autoplaySpeed: 5000,speed: 500,infinite: false,arrows: true,nextArrow: '<button type=\"button\" role=\"button\" aria-label=\"Next\" style=\"color:#ffffff; font-size:30px;background:rgba(47,56,60,0.5);\" class=\"slick-next square-bg\"><i class=\"ultsl-arrow-right6\"><\/i><\/button>',prevArrow: '<button type=\"button\" role=\"button\" aria-label=\"Previous\" style=\"color:#ffffff; font-size:30px;background:rgba(47,56,60,0.5);\" class=\"slick-prev square-bg\"><i class=\"ultsl-arrow-left6\"><\/i><\/button>',slidesToScroll:1,slidesToShow:1,swipe: true,draggable: true,touchMove: true,pauseOnHover: true,pauseOnFocus: false,responsive: [\r\n\t\t\t\t\t\t\t{\r\n\t\t\t\t\t\t\t  breakpoint: 1026,\r\n\t\t\t\t\t\t\t  settings: {\r\n\t\t\t\t\t\t\t\tslidesToShow: 1,\r\n\t\t\t\t\t\t\t\tslidesToScroll: 1,  \r\n\t\t\t\t\t\t\t  }\r\n\t\t\t\t\t\t\t},\r\n\t\t\t\t\t\t\t{\r\n\t\t\t\t\t\t\t  breakpoint: 1025,\r\n\t\t\t\t\t\t\t  settings: {\r\n\t\t\t\t\t\t\t\tslidesToShow: 1,\r\n\t\t\t\t\t\t\t\tslidesToScroll: 1\r\n\t\t\t\t\t\t\t  }\r\n\t\t\t\t\t\t\t},\r\n\t\t\t\t\t\t\t{\r\n\t\t\t\t\t\t\t  breakpoint: 760,\r\n\t\t\t\t\t\t\t  settings: {\r\n\t\t\t\t\t\t\t\tslidesToShow: 1,\r\n\t\t\t\t\t\t\t\tslidesToScroll: 1\r\n\t\t\t\t\t\t\t  }\r\n\t\t\t\t\t\t\t}\r\n\t\t\t\t\t\t],pauseOnDotsHover: true,customPaging: function(slider, i) {\r\n                   return '<i type=\"button\" style= \"color:#788891;\" class=\"ultsl-record\" data-role=\"none\"><\/i>';\r\n                },});\r\n\t\t\t\t\t}\r\n\t\t\t\t});\r\n\t\t\t<\/script>\r\n\t\t\t\n  <\/div>\n  \n  \n  <\/div>\n[vc_column_text el_class=&#8221;video-caption&#8221;]<\/p>\n<h3>Gerenciamento de Requisitos no Solid Edge<\/h3>\n<p>O projeto de produtos \u00e9 orientado por requisitos. \u00c9 imperativo vincular e rastrear com precis\u00e3o os requisitos durante a fase de projeto e manufatura do produto. O Solid Edge resolve isso com o Gerenciamento de Requisitos.[\/vc_column_text][\/vc_column][\/vc_row][vc_row full_width=&#8221;stretch_row&#8221; el_class=&#8221;vc-row-related-content&#8221; css=&#8221;.vc_custom_1524184785822{background-color: #347eb5 !important;}&#8221;][vc_column][vc_column_text]<\/p>\n<h2>Conte\u00fado relacionado<\/h2>\n<p>[\/vc_column_text]<div id=\"ult-carousel-179080670669fed4dd5fc0a\" class=\"ult-carousel-wrapper  vc-el-carousel-related-content ult_horizontal\" data-gutter=\"0\" data-rtl=\"false\" ><div class=\"ult-carousel-55977315869fed4dd5fbd8 \" >[vc_column_text]<a href=\"https:\/\/solidedge.siemens.com\/wp-content\/uploads\/2018\/07\/Siemens-PLM-Solid-Edge-Requirements-Management-fs-70876-A2.pdf\" target=\"_blank\" rel=\"noopener noreferrer\">Fa\u00e7a o download da folha de dados do Gerenciamento de Requisitos do Solid Edge<\/a>[\/vc_column_text][vc_column_text]<\/p>\n<p><a href=\"https:\/\/www.plm.automation.siemens.com\/store\/en-us\/solid-edge\/\">Visite a loja online do Solid Edge<\/a><\/p>\n<p>[\/vc_column_text][vc_column_text]<a href=\"https:\/\/solidedge.siemens.com\/pt-br\/solutions\/products\/complete-product-development-portfolio\/whats-new-in-solid-edge-2019\/\">O que h\u00e1 de novo no Solid Edge 2019<\/a>[\/vc_column_text][vc_column_text]<a href=\"https:\/\/d2pm7ngica8eq0.cloudfront.net\/se\/Solid+Edge+2019+Press+Kit.zip\">Kit de imprensa do Solid Edge 2019 (ZIP)<\/a>[\/vc_column_text][vc_column_text]<a href=\"http:\/\/community.plm.automation.siemens.com\/t5\/Solid-Edge-User-Community\/ct-p\/solid-edge\">Comunidade do Solid Edge<\/a>[\/vc_column_text][vc_column_text]<a href=\"https:\/\/www.facebook.com\/solidedge\">Solid Edge no Facebook<\/a>[\/vc_column_text][vc_column_text]<a href=\"https:\/\/twitter.com\/search?q=Solid%20Edge&amp;src=typd\">Solid Edge no Twitter<\/a>[\/vc_column_text]<\/div><\/div>\t\t\t<script type=\"text\/javascript\">\r\n\t\t\t\tjQuery(document).ready(function ($) {\r\n\t\t\t\t\tif( typeof jQuery('.ult-carousel-55977315869fed4dd5fbd8').slick == \"function\"){\r\n\t\t\t\t\t\t$('.ult-carousel-55977315869fed4dd5fbd8').slick({dots: true,autoplaySpeed: 5000,speed: 500,infinite: false,arrows: true,nextArrow: '<button type=\"button\" role=\"button\" aria-label=\"Next\" style=\"color:#ffffff; font-size:30px;background:rgba(255,255,255,0.2);\" class=\"slick-next square-bg\"><i class=\"ultsl-arrow-right6\"><\/i><\/button>',prevArrow: '<button type=\"button\" role=\"button\" aria-label=\"Previous\" style=\"color:#ffffff; font-size:30px;background:rgba(255,255,255,0.2);\" class=\"slick-prev square-bg\"><i class=\"ultsl-arrow-left6\"><\/i><\/button>',slidesToScroll:4,slidesToShow:4,swipe: true,draggable: true,touchMove: true,pauseOnHover: true,pauseOnFocus: false,responsive: [\r\n\t\t\t\t\t\t\t{\r\n\t\t\t\t\t\t\t  breakpoint: 1026,\r\n\t\t\t\t\t\t\t  settings: {\r\n\t\t\t\t\t\t\t\tslidesToShow: 4,\r\n\t\t\t\t\t\t\t\tslidesToScroll: 4,  \r\n\t\t\t\t\t\t\t  }\r\n\t\t\t\t\t\t\t},\r\n\t\t\t\t\t\t\t{\r\n\t\t\t\t\t\t\t  breakpoint: 1025,\r\n\t\t\t\t\t\t\t  settings: {\r\n\t\t\t\t\t\t\t\tslidesToShow: 2,\r\n\t\t\t\t\t\t\t\tslidesToScroll: 2\r\n\t\t\t\t\t\t\t  }\r\n\t\t\t\t\t\t\t},\r\n\t\t\t\t\t\t\t{\r\n\t\t\t\t\t\t\t  breakpoint: 760,\r\n\t\t\t\t\t\t\t  settings: {\r\n\t\t\t\t\t\t\t\tslidesToShow: 1,\r\n\t\t\t\t\t\t\t\tslidesToScroll: 1\r\n\t\t\t\t\t\t\t  }\r\n\t\t\t\t\t\t\t}\r\n\t\t\t\t\t\t],pauseOnDotsHover: true,customPaging: function(slider, i) {\r\n                   return '<i type=\"button\" style= \"color:#ffffff;\" class=\"ultsl-record\" data-role=\"none\"><\/i>';\r\n                },});\r\n\t\t\t\t\t}\r\n\t\t\t\t});\r\n\t\t\t<\/script>\r\n\t\t\t[\/vc_column][\/vc_row][vc_row full_width=&#8221;stretch_row&#8221; el_class=&#8221;footer-contact&#8221; css=&#8221;.vc_custom_1550170708528{background-color: #dedee3 !important;}&#8221;][vc_column]<div class=\"wpb_content_block wpb_content_element\"><div class=\"wpb_wrapper\"><\/div><\/div>[\/vc_column][\/vc_row]<\/p>\n","protected":false},"excerpt":{"rendered":"<p> Gerenciamento de Requisitos [\/vc_column_text][\/vc_column_inner] Gerenciar os requisitos de projeto do produto e seguir os padr\u00f5es de conformidade com rastreabilidade completa O projeto de produtos \u00e9 orientado por requisitos. O Gerenciamento de Requisitos do Solid Edge permite vincular e rastrear com precis\u00e3o os requisitos durante o processo de projeto [&hellip;]<\/p>\n","protected":false},"author":5,"featured_media":0,"parent":2704,"menu_order":0,"comment_status":"closed","ping_status":"closed","template":"","meta":{"inline_featured_image":false},"yoast_head":"<!-- This site is optimized with the Yoast SEO plugin v18.4.1 - https:\/\/yoast.com\/wordpress\/plugins\/seo\/ -->\n<title>Gerenciamento de Requisitos | Desenvolvimento de Produtos | Solid Edge<\/title>\n<meta name=\"description\" content=\"O Gerenciamento de Requisitos do Solid Edge permite vincular e rastrear com precis\u00e3o os requisitos durante o processo de projeto e manufatura do produto. Saiba mais.\" \/>\n<meta name=\"robots\" content=\"index, follow, max-snippet:-1, max-image-preview:large, max-video-preview:-1\" \/>\n<link rel=\"canonical\" href=\"https:\/\/solidedge.siemens.com\/pt-br\/solutions\/products\/data-management\/requirements-management\/\" \/>\n<meta property=\"og:locale\" content=\"pt_BR\" \/>\n<meta property=\"og:type\" content=\"article\" \/>\n<meta property=\"og:title\" content=\"Gerenciamento de Requisitos | Desenvolvimento de Produtos | Solid Edge\" \/>\n<meta property=\"og:description\" content=\"O Gerenciamento de Requisitos do Solid Edge permite vincular e rastrear com precis\u00e3o os requisitos durante o processo de projeto e manufatura do produto. Saiba mais.\" \/>\n<meta property=\"og:url\" content=\"https:\/\/solidedge.siemens.com\/pt-br\/solutions\/products\/data-management\/requirements-management\/\" \/>\n<meta property=\"og:site_name\" content=\"Solid Edge\" \/>\n<meta property=\"article:publisher\" content=\"https:\/\/www.facebook.com\/solidedge\" \/>\n<meta property=\"article:modified_time\" content=\"2019-09-03T18:12:13+00:00\" \/>\n<meta name=\"twitter:card\" content=\"summary_large_image\" \/>\n<meta name=\"twitter:site\" content=\"@siemensplm\" \/>\n<meta name=\"twitter:label1\" content=\"Est. tempo de leitura\" \/>\n\t<meta name=\"twitter:data1\" content=\"4 minutos\" \/>\n<script type=\"application\/ld+json\" class=\"yoast-schema-graph\">{\"@context\":\"https:\/\/schema.org\",\"@graph\":[{\"@type\":\"Organization\",\"@id\":\"https:\/\/solidedge.siemens.com\/en\/#organization\",\"name\":\"Siemens Digital Industries Software\",\"url\":\"https:\/\/solidedge.siemens.com\/en\/\",\"sameAs\":[\"https:\/\/www.facebook.com\/solidedge\",\"https:\/\/www.instagram.com\/siemens\/\",\"https:\/\/www.linkedin.com\/company\/siemens-plm-software\",\"https:\/\/www.youtube.com\/user\/PolarionSoftware\",\"https:\/\/twitter.com\/siemensplm\"],\"logo\":{\"@type\":\"ImageObject\",\"@id\":\"https:\/\/solidedge.siemens.com\/en\/#logo\",\"inLanguage\":\"pt-BR\",\"url\":\"https:\/\/solidedge.siemens.com\/wp-content\/uploads\/2018\/04\/logo-siemens-ifl@2x.png\",\"contentUrl\":\"https:\/\/solidedge.siemens.com\/wp-content\/uploads\/2018\/04\/logo-siemens-ifl@2x.png\",\"width\":640,\"height\":270,\"caption\":\"Siemens Digital Industries Software\"},\"image\":{\"@id\":\"https:\/\/solidedge.siemens.com\/en\/#logo\"}},{\"@type\":\"WebSite\",\"@id\":\"https:\/\/solidedge.siemens.com\/en\/#website\",\"url\":\"https:\/\/solidedge.siemens.com\/en\/\",\"name\":\"Solid Edge\",\"description\":\"Siemens Software\",\"publisher\":{\"@id\":\"https:\/\/solidedge.siemens.com\/en\/#organization\"},\"potentialAction\":[{\"@type\":\"SearchAction\",\"target\":{\"@type\":\"EntryPoint\",\"urlTemplate\":\"https:\/\/solidedge.siemens.com\/en\/?s={search_term_string}\"},\"query-input\":\"required name=search_term_string\"}],\"inLanguage\":\"pt-BR\"},{\"@type\":\"WebPage\",\"@id\":\"https:\/\/solidedge.siemens.com\/pt-br\/solutions\/products\/data-management\/requirements-management\/#webpage\",\"url\":\"https:\/\/solidedge.siemens.com\/pt-br\/solutions\/products\/data-management\/requirements-management\/\",\"name\":\"Gerenciamento de Requisitos | Desenvolvimento de Produtos | Solid Edge\",\"isPartOf\":{\"@id\":\"https:\/\/solidedge.siemens.com\/en\/#website\"},\"datePublished\":\"2018-05-22T15:51:45+00:00\",\"dateModified\":\"2019-09-03T18:12:13+00:00\",\"description\":\"O Gerenciamento de Requisitos do Solid Edge permite vincular e rastrear com precis\u00e3o os requisitos durante o processo de projeto e manufatura do produto. Saiba mais.\",\"breadcrumb\":{\"@id\":\"https:\/\/solidedge.siemens.com\/pt-br\/solutions\/products\/data-management\/requirements-management\/#breadcrumb\"},\"inLanguage\":\"pt-BR\",\"potentialAction\":[{\"@type\":\"ReadAction\",\"target\":[\"https:\/\/solidedge.siemens.com\/pt-br\/solutions\/products\/data-management\/requirements-management\/\"]}]},{\"@type\":\"BreadcrumbList\",\"@id\":\"https:\/\/solidedge.siemens.com\/pt-br\/solutions\/products\/data-management\/requirements-management\/#breadcrumb\",\"itemListElement\":[{\"@type\":\"ListItem\",\"position\":1,\"name\":\"Home\",\"item\":\"https:\/\/solidedge.siemens.com\/en\/home-11\/\"},{\"@type\":\"ListItem\",\"position\":2,\"name\":\"Solu\u00e7\u00f5es\",\"item\":\"https:\/\/solidedge.siemens.com\/pt-br\/solutions\/\"},{\"@type\":\"ListItem\",\"position\":3,\"name\":\"Produtos\",\"item\":\"https:\/\/solidedge.siemens.com\/pt-br\/solutions\/products\/\"},{\"@type\":\"ListItem\",\"position\":4,\"name\":\"Gerenciamento de dados\",\"item\":\"https:\/\/solidedge.siemens.com\/pt-br\/solutions\/products\/data-management\/\"},{\"@type\":\"ListItem\",\"position\":5,\"name\":\"Gerenciamento de Requisitos\"}]}]}<\/script>\n<!-- \/ Yoast SEO plugin. -->","yoast_head_json":{"title":"Gerenciamento de Requisitos | Desenvolvimento de Produtos | Solid Edge","description":"O Gerenciamento de Requisitos do Solid Edge permite vincular e rastrear com precis\u00e3o os requisitos durante o processo de projeto e manufatura do produto. Saiba mais.","robots":{"index":"index","follow":"follow","max-snippet":"max-snippet:-1","max-image-preview":"max-image-preview:large","max-video-preview":"max-video-preview:-1"},"canonical":"https:\/\/solidedge.siemens.com\/pt-br\/solutions\/products\/data-management\/requirements-management\/","og_locale":"pt_BR","og_type":"article","og_title":"Gerenciamento de Requisitos | Desenvolvimento de Produtos | Solid Edge","og_description":"O Gerenciamento de Requisitos do Solid Edge permite vincular e rastrear com precis\u00e3o os requisitos durante o processo de projeto e manufatura do produto. Saiba mais.","og_url":"https:\/\/solidedge.siemens.com\/pt-br\/solutions\/products\/data-management\/requirements-management\/","og_site_name":"Solid Edge","article_publisher":"https:\/\/www.facebook.com\/solidedge","article_modified_time":"2019-09-03T18:12:13+00:00","twitter_card":"summary_large_image","twitter_site":"@siemensplm","twitter_misc":{"Est. tempo de leitura":"4 minutos"},"schema":{"@context":"https:\/\/schema.org","@graph":[{"@type":"Organization","@id":"https:\/\/solidedge.siemens.com\/en\/#organization","name":"Siemens Digital Industries Software","url":"https:\/\/solidedge.siemens.com\/en\/","sameAs":["https:\/\/www.facebook.com\/solidedge","https:\/\/www.instagram.com\/siemens\/","https:\/\/www.linkedin.com\/company\/siemens-plm-software","https:\/\/www.youtube.com\/user\/PolarionSoftware","https:\/\/twitter.com\/siemensplm"],"logo":{"@type":"ImageObject","@id":"https:\/\/solidedge.siemens.com\/en\/#logo","inLanguage":"pt-BR","url":"https:\/\/solidedge.siemens.com\/wp-content\/uploads\/2018\/04\/logo-siemens-ifl@2x.png","contentUrl":"https:\/\/solidedge.siemens.com\/wp-content\/uploads\/2018\/04\/logo-siemens-ifl@2x.png","width":640,"height":270,"caption":"Siemens Digital Industries Software"},"image":{"@id":"https:\/\/solidedge.siemens.com\/en\/#logo"}},{"@type":"WebSite","@id":"https:\/\/solidedge.siemens.com\/en\/#website","url":"https:\/\/solidedge.siemens.com\/en\/","name":"Solid Edge","description":"Siemens Software","publisher":{"@id":"https:\/\/solidedge.siemens.com\/en\/#organization"},"potentialAction":[{"@type":"SearchAction","target":{"@type":"EntryPoint","urlTemplate":"https:\/\/solidedge.siemens.com\/en\/?s={search_term_string}"},"query-input":"required name=search_term_string"}],"inLanguage":"pt-BR"},{"@type":"WebPage","@id":"https:\/\/solidedge.siemens.com\/pt-br\/solutions\/products\/data-management\/requirements-management\/#webpage","url":"https:\/\/solidedge.siemens.com\/pt-br\/solutions\/products\/data-management\/requirements-management\/","name":"Gerenciamento de Requisitos | Desenvolvimento de Produtos | Solid Edge","isPartOf":{"@id":"https:\/\/solidedge.siemens.com\/en\/#website"},"datePublished":"2018-05-22T15:51:45+00:00","dateModified":"2019-09-03T18:12:13+00:00","description":"O Gerenciamento de Requisitos do Solid Edge permite vincular e rastrear com precis\u00e3o os requisitos durante o processo de projeto e manufatura do produto. Saiba mais.","breadcrumb":{"@id":"https:\/\/solidedge.siemens.com\/pt-br\/solutions\/products\/data-management\/requirements-management\/#breadcrumb"},"inLanguage":"pt-BR","potentialAction":[{"@type":"ReadAction","target":["https:\/\/solidedge.siemens.com\/pt-br\/solutions\/products\/data-management\/requirements-management\/"]}]},{"@type":"BreadcrumbList","@id":"https:\/\/solidedge.siemens.com\/pt-br\/solutions\/products\/data-management\/requirements-management\/#breadcrumb","itemListElement":[{"@type":"ListItem","position":1,"name":"Home","item":"https:\/\/solidedge.siemens.com\/en\/home-11\/"},{"@type":"ListItem","position":2,"name":"Solu\u00e7\u00f5es","item":"https:\/\/solidedge.siemens.com\/pt-br\/solutions\/"},{"@type":"ListItem","position":3,"name":"Produtos","item":"https:\/\/solidedge.siemens.com\/pt-br\/solutions\/products\/"},{"@type":"ListItem","position":4,"name":"Gerenciamento de dados","item":"https:\/\/solidedge.siemens.com\/pt-br\/solutions\/products\/data-management\/"},{"@type":"ListItem","position":5,"name":"Gerenciamento de Requisitos"}]}]}},"_links":{"self":[{"href":"https:\/\/solidedge.siemens.com\/pt-br\/wp-json\/wp\/v2\/pages\/1676"}],"collection":[{"href":"https:\/\/solidedge.siemens.com\/pt-br\/wp-json\/wp\/v2\/pages"}],"about":[{"href":"https:\/\/solidedge.siemens.com\/pt-br\/wp-json\/wp\/v2\/types\/page"}],"author":[{"embeddable":true,"href":"https:\/\/solidedge.siemens.com\/pt-br\/wp-json\/wp\/v2\/users\/5"}],"replies":[{"embeddable":true,"href":"https:\/\/solidedge.siemens.com\/pt-br\/wp-json\/wp\/v2\/comments?post=1676"}],"version-history":[{"count":0,"href":"https:\/\/solidedge.siemens.com\/pt-br\/wp-json\/wp\/v2\/pages\/1676\/revisions"}],"up":[{"embeddable":true,"href":"https:\/\/solidedge.siemens.com\/pt-br\/wp-json\/wp\/v2\/pages\/2704"}],"wp:attachment":[{"href":"https:\/\/solidedge.siemens.com\/pt-br\/wp-json\/wp\/v2\/media?parent=1676"}],"curies":[{"name":"wp","href":"https:\/\/api.w.org\/{rel}","templated":true}]}}