{"id":1480,"date":"2018-05-25T13:31:50","date_gmt":"2018-05-25T17:31:50","guid":{"rendered":"https:\/\/solidedge.siemens.com\/electrical-routing\/"},"modified":"2019-09-03T14:12:23","modified_gmt":"2019-09-03T18:12:23","slug":"electrical-routing","status":"publish","type":"page","link":"https:\/\/solidedge.siemens.com\/pt-br\/solutions\/products\/electrical-design\/electrical-routing\/","title":{"rendered":"Roteamento El\u00e9trico"},"content":{"rendered":"<p>[vc_row el_class=&#8221;vc-row-page-image-intro&#8221;][vc_column][vc_column_text]<\/p>\n<h1>Roteamento El\u00e9trico do Solid Edge<\/h1>\n<p>[\/vc_column_text][vc_row_inner][vc_column_inner width=&#8221;5\/12&#8243;][vc_single_image image=&#8221;17684&#8243; img_size=&#8221;medium&#8221; alignment=&#8221;center&#8221;][\/vc_column_inner][vc_column_inner width=&#8221;7\/12&#8243;][vc_column_text]<strong>Integrar digitalmente o desenho do chicote.<\/strong><\/p>\n<p>Um ambiente dedicado e orientado por processo para a cria\u00e7\u00e3o, o roteamento e a organiza\u00e7\u00e3o eficientes de arames, cabos e feixes em uma montagem mec\u00e2nica, o roteamento el\u00e9trico do Solid Edge fornece transfer\u00eancia mais f\u00e1cil de dados de topologia de chicote entre ambientes ECAD\/MCAD , que reduz o tempo de projeto e a prontid\u00e3o de manufatura.[\/vc_column_text][\/vc_column_inner][\/vc_row_inner][\/vc_column][\/vc_row][vc_row full_width=&#8221;stretch_row&#8221; css=&#8221;.vc_custom_1527269507099{background-color: #ebf0f5 !important;}&#8221;][vc_column][vc_column_text el_class=&#8221;vc-el-lead-in&#8221;]Capacidades<\/p>\n<h2>Roteamento El\u00e9trico<\/h2>\n<p>[\/vc_column_text][vc_row_inner equal_height=&#8221;yes&#8221;][vc_column_inner width=&#8221;1\/3&#8243;][vc_column_text]<\/p>\n<h3>Um fluxo de trabalho estruturado<\/h3>\n<p>Defina rapidamente um caminho 3D entre pe\u00e7as e defina as propriedades de arame, cabo e feixe. Use assistentes intuitivos para atribuir componentes el\u00e9tricos e conectores a pe\u00e7as do Solid Edge pr\u00e9-configurados. Depois que um desenho estiver conclu\u00eddo, exporte arquivos de lista de rede prontos a usar para os esquemas para que os arames possam ser anotados com comprimentos e usados para an\u00e1lise el\u00e9trica.[\/vc_column_text][\/vc_column_inner][vc_column_inner width=&#8221;1\/3&#8243;][vc_column_text]<\/p>\n<h3>Feedback ao vivo de viola\u00e7\u00f5es de projeto<\/h3>\n<p>Os verificadores de erro de desenho incorporados oferecem feedback ao vivo, aviso de viola\u00e7\u00f5es de projeto, que s\u00e3o retransmitidas por s\u00edmbolos gr\u00e1ficos ao lado do arame. Uma dica de ferramenta oferece aconselhamento sobre como corrigir problemas.[\/vc_column_text][\/vc_column_inner][vc_column_inner width=&#8221;1\/3&#8243;][vc_column_text]<\/p>\n<h3>Simula\u00e7\u00f5es digitais completas<\/h3>\n<p>Mova diretamente do projeto para a manufatura com representa\u00e7\u00e3o de arame realista para simula\u00e7\u00f5es digitais completas de seu projeto, eliminando a necessidade de prot\u00f3tipos f\u00edsicos caros.[\/vc_column_text][\/vc_column_inner][vc_column_inner width=&#8221;1\/3&#8243;][vc_column_text]<\/p>\n<h3>Ambientes do Solid Edge<\/h3>\n<p>Um modo conectado \u00fanico vincula os ambientes ECAD e MCAD, fornecendo atualiza\u00e7\u00e3o din\u00e2mica de aspectos de desenho de chicote. Quando uma altera\u00e7\u00e3o \u00e9 feita em um dom\u00ednio, ela \u00e9 real\u00e7ada na outra atrav\u00e9s de sonda cruzada. O modo conectado s\u00f3 pode ser usado com o software de projeto de fia\u00e7\u00e3o e chicote do Solid Edge.[\/vc_column_text][\/vc_column_inner][vc_column_inner width=&#8221;1\/3&#8243;][vc_column_text]<\/p>\n<h3>Colaborar com outras ferramentas do setor<\/h3>\n<p>Colabore com as ferramentas de ECAD padr\u00e3o do setor usando formatos de arquivo de troca padr\u00e3o para dados de componente e conex\u00e3o transferindo dados em um modo desconectado, fornecendo empresas sem um sistema ECAD dedicado para ainda desfrutar dos benef\u00edcios desta ferramenta.[\/vc_column_text][\/vc_column_inner][\/vc_row_inner][vc_column_text]<a href=\"https:\/\/media.plm.automation.siemens.com\/solidedge\/data-brief\/Siemens-SW-Solid-Edge-Electrical-Routing-fs-71209-C11.pdf\"><i class=\"icon-ext\"><\/i>Fa\u00e7a o download da folha de dados do Roteamento El\u00e9trico do Solid Edge<\/a>[\/vc_column_text][\/vc_column][\/vc_row][vc_row full_width=&#8221;stretch_row&#8221; el_class=&#8221;vc-row-video-highlight&#8221;][vc_column][vc_column_text el_class=&#8221;vc-el-lead-in&#8221;]V\u00eddeo<\/p>\n<h2>Veja as Capacidades de Roteamento El\u00e9trico em A\u00e7\u00e3o<\/h2>\n<p>O Roteamento El\u00e9trico do Solid Edge \u00e9 um ambiente dedicado orientado por processos para a cria\u00e7\u00e3o, roteamento e organiza\u00e7\u00e3o eficientes de fios, cabos e feixes em uma montagem do Solid Edge.<\/p>\n<p class=\"see-more\" style=\"text-align: right;\"><a href=\"https:\/\/solidedge.siemens.com\/pt-br\/resources\/videos\/\">Veja Mais V\u00eddeos<\/a><\/p>\n<p>[\/vc_column_text]\n\n\n  <div id=\"wpv-view-layout-567-CATTR55fa89cc16b262b856d8376c74ba50df\" class=\"js-wpv-view-layout js-wpv-layout-responsive js-wpv-view-layout-567-CATTR55fa89cc16b262b856d8376c74ba50df\" data-viewnumber=\"567-CATTR55fa89cc16b262b856d8376c74ba50df\" data-pagination=\"{&quot;id&quot;:567,&quot;query&quot;:&quot;normal&quot;,&quot;type&quot;:&quot;disabled&quot;,&quot;effect&quot;:&quot;fade&quot;,&quot;duration&quot;:500,&quot;speed&quot;:5,&quot;pause_on_hover&quot;:&quot;disabled&quot;,&quot;stop_rollover&quot;:&quot;false&quot;,&quot;cache_pages&quot;:&quot;enabled&quot;,&quot;preload_images&quot;:&quot;enabled&quot;,&quot;preload_pages&quot;:&quot;enabled&quot;,&quot;preload_reach&quot;:1,&quot;spinner&quot;:&quot;builtin&quot;,&quot;spinner_image&quot;:&quot;https:\/\/solidedge.siemens.com\/wp-content\/plugins\/wp-views\/embedded\/res\/img\/ajax-loader.gif&quot;,&quot;callback_next&quot;:&quot;&quot;,&quot;manage_history&quot;:&quot;disabled&quot;,&quot;has_controls_in_form&quot;:&quot;disabled&quot;,&quot;infinite_tolerance&quot;:&quot;0&quot;,&quot;max_pages&quot;:0,&quot;page&quot;:1,&quot;base_permalink&quot;:&quot;\/pt-br\/wp-json\/wp\/v2\/pages\/1480?wpv_view_count=567-CATTR55fa89cc16b262b856d8376c74ba50df&amp;wpv_paged=WPV_PAGE_NUM&quot;,&quot;loop&quot;:{&quot;type&quot;:&quot;&quot;,&quot;name&quot;:&quot;&quot;,&quot;data&quot;:[],&quot;id&quot;:0}}\" data-permalink=\"\/pt-br\/wp-json\/wp\/v2\/pages\/1480?wpv_view_count=567-CATTR55fa89cc16b262b856d8376c74ba50df\">\n\n  \n  <div class=\"wpv-resources\"><a name=\"video\" class=\"video-anchor\"><\/a>\n    <div id=\"ult-carousel-3585423366a04643946534\" class=\"ult-carousel-wrapper  vc-el-carousel-videos-embedded ult_horizontal\" data-gutter=\"0\" data-rtl=\"false\" ><div class=\"ult-carousel-17221697516a0464394650d \" >\n    \n    \n       <div><!-- slide container -->\n        <div class=\"wpv-resources-item\" data-mh=\".wpv-resources-item\">\n          <div class=\"resources-item-poster\">\n              <div id=\"wpfp_f34057a0e51626d4d9de8a6cc167d7eb\" data-item=\"{&quot;sources&quot;:&#091;{&quot;src&quot;:&quot;https:\\\/\\\/media.plm.automation.siemens.com\\\/solidedge\\\/videos\\\/2020-Wire-And-Harness-Design-In-Solid-Edge.mp4&quot;,&quot;type&quot;:&quot;video\\\/mp4&quot;}&#093;}\" class=\"flowplayer no-brand is-splash no-svg is-paused skin-slim fp-slim fp-edgy\" data-embed=\"false\" style=\"max-width: 1140px; max-height: 640px; background-image: url(https:\/\/solidedge.siemens.com\/wp-content\/uploads\/2019\/06\/2020-wire-harness-design-featured.jpg);\" data-ratio=\"0.5614\" data-advance=\"false\">\n\t<div class=\"fp-ratio\" style=\"padding-top: 56.14%\"><\/div>\n\t<div class=\"fp-ui\"><div class=\"fp-play fp-visible\"><a class=\"fp-icon fp-playbtn\"><\/a><\/div><\/div>\n\n<\/div>\n\n              \n          <\/div>\n        <\/div>\n      <\/div>\n    \n    \n    <\/div><\/div>\t\t\t<script type=\"text\/javascript\">\r\n\t\t\t\tjQuery(document).ready(function ($) {\r\n\t\t\t\t\tif( typeof jQuery('.ult-carousel-17221697516a0464394650d').slick == \"function\"){\r\n\t\t\t\t\t\t$('.ult-carousel-17221697516a0464394650d').slick({dots: true,autoplaySpeed: 5000,speed: 500,infinite: false,arrows: true,nextArrow: '<button type=\"button\" role=\"button\" aria-label=\"Next\" style=\"color:#ffffff; font-size:30px;background:rgba(47,56,60,0.5);\" class=\"slick-next square-bg\"><i class=\"ultsl-arrow-right6\"><\/i><\/button>',prevArrow: '<button type=\"button\" role=\"button\" aria-label=\"Previous\" style=\"color:#ffffff; font-size:30px;background:rgba(47,56,60,0.5);\" class=\"slick-prev square-bg\"><i class=\"ultsl-arrow-left6\"><\/i><\/button>',slidesToScroll:1,slidesToShow:1,swipe: true,draggable: true,touchMove: true,pauseOnHover: true,pauseOnFocus: false,responsive: [\r\n\t\t\t\t\t\t\t{\r\n\t\t\t\t\t\t\t  breakpoint: 1026,\r\n\t\t\t\t\t\t\t  settings: {\r\n\t\t\t\t\t\t\t\tslidesToShow: 1,\r\n\t\t\t\t\t\t\t\tslidesToScroll: 1,  \r\n\t\t\t\t\t\t\t  }\r\n\t\t\t\t\t\t\t},\r\n\t\t\t\t\t\t\t{\r\n\t\t\t\t\t\t\t  breakpoint: 1025,\r\n\t\t\t\t\t\t\t  settings: {\r\n\t\t\t\t\t\t\t\tslidesToShow: 1,\r\n\t\t\t\t\t\t\t\tslidesToScroll: 1\r\n\t\t\t\t\t\t\t  }\r\n\t\t\t\t\t\t\t},\r\n\t\t\t\t\t\t\t{\r\n\t\t\t\t\t\t\t  breakpoint: 760,\r\n\t\t\t\t\t\t\t  settings: {\r\n\t\t\t\t\t\t\t\tslidesToShow: 1,\r\n\t\t\t\t\t\t\t\tslidesToScroll: 1\r\n\t\t\t\t\t\t\t  }\r\n\t\t\t\t\t\t\t}\r\n\t\t\t\t\t\t],pauseOnDotsHover: true,customPaging: function(slider, i) {\r\n                   return '<i type=\"button\" style= \"color:#788891;\" class=\"ultsl-record\" data-role=\"none\"><\/i>';\r\n                },});\r\n\t\t\t\t\t}\r\n\t\t\t\t});\r\n\t\t\t<\/script>\r\n\t\t\t\n  <\/div>\n  \n  \n  <\/div>\n[vc_column_text el_class=&#8221;video-caption&#8221;]Neste v\u00eddeo, veja como as capacidades de roteamento permitem que as equipes de projeto colaborem para criar simula\u00e7\u00f5es digitais completas e precisas, contendo componentes mec\u00e2nicos e el\u00e9tricos.[\/vc_column_text][\/vc_column][\/vc_row][vc_row full_width=&#8221;stretch_row&#8221; el_class=&#8221;vc-row-related-content&#8221; css=&#8221;.vc_custom_1524184785822{background-color: #347eb5 !important;}&#8221;][vc_column][vc_column_text]<\/p>\n<h2>Conte\u00fado relacionado<\/h2>\n<p>[\/vc_column_text]<div id=\"ult-carousel-9298186626a04643946db1\" class=\"ult-carousel-wrapper  vc-el-carousel-related-content ult_horizontal\" data-gutter=\"0\" data-rtl=\"false\" ><div class=\"ult-carousel-13386299136a04643946d8c \" >[vc_column_text]<a href=\"https:\/\/media.plm.automation.siemens.com\/solidedge\/data-brief\/Siemens-SW-Solid-Edge-Electrical-Routing-fs-71209-C11.pdf\" target=\"_blank\" rel=\"noopener noreferrer\">Download da folha de dados do Roteamento El\u00e9trico do Solid Edge<\/a>[\/vc_column_text][vc_column_text]<a href=\"https:\/\/solidedge.siemens.com\/pt-br\/solutions\/products\/complete-product-development-portfolio\/whats-new-in-solid-edge-2020\/\">O que h\u00e1 de novo no Solid Edge 2020<\/a>[\/vc_column_text][vc_column_text]<a href=\"https:\/\/www.plm.automation.siemens.com\/store\/en-us\/solid-edge\/\">Visite a loja online do Solid Edge<\/a>[\/vc_column_text][vc_column_text]<a href=\"http:\/\/community.plm.automation.siemens.com\/t5\/Solid-Edge-User-Community\/ct-p\/solid-edge\">Comunidade do Solid Edge<\/a>[\/vc_column_text][vc_column_text]<a href=\"https:\/\/www.facebook.com\/solidedge\">Solid Edge no Facebook<\/a>[\/vc_column_text][vc_column_text]<a href=\"https:\/\/www.youtube.com\/user\/SiemensPLM\/playlists?shelf_id=18&amp;view=50&amp;sort=dd\">Solid Edge no YouTube<\/a>[\/vc_column_text]<\/div><\/div>\t\t\t<script type=\"text\/javascript\">\r\n\t\t\t\tjQuery(document).ready(function ($) {\r\n\t\t\t\t\tif( typeof jQuery('.ult-carousel-13386299136a04643946d8c').slick == \"function\"){\r\n\t\t\t\t\t\t$('.ult-carousel-13386299136a04643946d8c').slick({dots: true,autoplaySpeed: 5000,speed: 500,infinite: false,arrows: true,nextArrow: '<button type=\"button\" role=\"button\" aria-label=\"Next\" style=\"color:#ffffff; font-size:30px;background:rgba(255,255,255,0.2);\" class=\"slick-next square-bg\"><i class=\"ultsl-arrow-right6\"><\/i><\/button>',prevArrow: '<button type=\"button\" role=\"button\" aria-label=\"Previous\" style=\"color:#ffffff; font-size:30px;background:rgba(255,255,255,0.2);\" class=\"slick-prev square-bg\"><i class=\"ultsl-arrow-left6\"><\/i><\/button>',slidesToScroll:4,slidesToShow:4,swipe: true,draggable: true,touchMove: true,pauseOnHover: true,pauseOnFocus: false,responsive: [\r\n\t\t\t\t\t\t\t{\r\n\t\t\t\t\t\t\t  breakpoint: 1026,\r\n\t\t\t\t\t\t\t  settings: {\r\n\t\t\t\t\t\t\t\tslidesToShow: 4,\r\n\t\t\t\t\t\t\t\tslidesToScroll: 4,  \r\n\t\t\t\t\t\t\t  }\r\n\t\t\t\t\t\t\t},\r\n\t\t\t\t\t\t\t{\r\n\t\t\t\t\t\t\t  breakpoint: 1025,\r\n\t\t\t\t\t\t\t  settings: {\r\n\t\t\t\t\t\t\t\tslidesToShow: 2,\r\n\t\t\t\t\t\t\t\tslidesToScroll: 2\r\n\t\t\t\t\t\t\t  }\r\n\t\t\t\t\t\t\t},\r\n\t\t\t\t\t\t\t{\r\n\t\t\t\t\t\t\t  breakpoint: 760,\r\n\t\t\t\t\t\t\t  settings: {\r\n\t\t\t\t\t\t\t\tslidesToShow: 1,\r\n\t\t\t\t\t\t\t\tslidesToScroll: 1\r\n\t\t\t\t\t\t\t  }\r\n\t\t\t\t\t\t\t}\r\n\t\t\t\t\t\t],pauseOnDotsHover: true,customPaging: function(slider, i) {\r\n                   return '<i type=\"button\" style= \"color:#ffffff;\" class=\"ultsl-record\" data-role=\"none\"><\/i>';\r\n                },});\r\n\t\t\t\t\t}\r\n\t\t\t\t});\r\n\t\t\t<\/script>\r\n\t\t\t[\/vc_column][\/vc_row][vc_row full_width=&#8221;stretch_row&#8221; el_class=&#8221;footer-contact&#8221; css=&#8221;.vc_custom_1550170708528{background-color: #dedee3 !important;}&#8221;][vc_column]<div class=\"wpb_content_block wpb_content_element\"><div class=\"wpb_wrapper\"><\/div><\/div>[\/vc_column][\/vc_row]<\/p>\n","protected":false},"excerpt":{"rendered":"<p> Roteamento El\u00e9trico do Solid Edge [\/vc_column_text][\/vc_column_inner]Integrar digitalmente o desenho do chicote. Um ambiente dedicado e orientado por processo para a cria\u00e7\u00e3o, o roteamento e a organiza\u00e7\u00e3o eficientes de arames, cabos e feixes em uma montagem mec\u00e2nica, o roteamento el\u00e9trico do Solid Edge fornece transfer\u00eancia mais f\u00e1cil de dados [&hellip;]<\/p>\n","protected":false},"author":5,"featured_media":0,"parent":1566,"menu_order":0,"comment_status":"closed","ping_status":"closed","template":"","meta":{"inline_featured_image":false},"yoast_head":"<!-- This site is optimized with the Yoast SEO plugin v18.4.1 - https:\/\/yoast.com\/wordpress\/plugins\/seo\/ -->\n<title>Roteamento El\u00e9trico | Projeto El\u00e9trico | Solid Edge<\/title>\n<meta name=\"description\" content=\"O Roteamento El\u00e9trico do Solid Edge \u00e9 um ambiente dedicado orientado por processos para a cria\u00e7\u00e3o, roteamento e organiza\u00e7\u00e3o eficientes de fios, cabos e feixes em uma montagem do Solid Edge.\" \/>\n<meta name=\"robots\" content=\"index, follow, max-snippet:-1, max-image-preview:large, max-video-preview:-1\" \/>\n<link rel=\"canonical\" href=\"https:\/\/solidedge.siemens.com\/pt-br\/solutions\/products\/electrical-design\/electrical-routing\/\" \/>\n<meta property=\"og:locale\" content=\"pt_BR\" \/>\n<meta property=\"og:type\" content=\"article\" \/>\n<meta property=\"og:title\" content=\"Roteamento El\u00e9trico | Projeto El\u00e9trico | Solid Edge\" \/>\n<meta property=\"og:description\" content=\"O Roteamento El\u00e9trico do Solid Edge \u00e9 um ambiente dedicado orientado por processos para a cria\u00e7\u00e3o, roteamento e organiza\u00e7\u00e3o eficientes de fios, cabos e feixes em uma montagem do Solid Edge.\" \/>\n<meta property=\"og:url\" content=\"https:\/\/solidedge.siemens.com\/pt-br\/solutions\/products\/electrical-design\/electrical-routing\/\" \/>\n<meta property=\"og:site_name\" content=\"Solid Edge\" \/>\n<meta property=\"article:publisher\" content=\"https:\/\/www.facebook.com\/solidedge\" \/>\n<meta property=\"article:modified_time\" content=\"2019-09-03T18:12:23+00:00\" \/>\n<meta name=\"twitter:card\" content=\"summary_large_image\" \/>\n<meta name=\"twitter:site\" content=\"@siemensplm\" \/>\n<meta name=\"twitter:label1\" content=\"Est. tempo de leitura\" \/>\n\t<meta name=\"twitter:data1\" content=\"4 minutos\" \/>\n<script type=\"application\/ld+json\" class=\"yoast-schema-graph\">{\"@context\":\"https:\/\/schema.org\",\"@graph\":[{\"@type\":\"Organization\",\"@id\":\"https:\/\/solidedge.siemens.com\/en\/#organization\",\"name\":\"Siemens Digital Industries Software\",\"url\":\"https:\/\/solidedge.siemens.com\/en\/\",\"sameAs\":[\"https:\/\/www.facebook.com\/solidedge\",\"https:\/\/www.instagram.com\/siemens\/\",\"https:\/\/www.linkedin.com\/company\/siemens-plm-software\",\"https:\/\/www.youtube.com\/user\/PolarionSoftware\",\"https:\/\/twitter.com\/siemensplm\"],\"logo\":{\"@type\":\"ImageObject\",\"@id\":\"https:\/\/solidedge.siemens.com\/en\/#logo\",\"inLanguage\":\"pt-BR\",\"url\":\"https:\/\/solidedge.siemens.com\/wp-content\/uploads\/2018\/04\/logo-siemens-ifl@2x.png\",\"contentUrl\":\"https:\/\/solidedge.siemens.com\/wp-content\/uploads\/2018\/04\/logo-siemens-ifl@2x.png\",\"width\":640,\"height\":270,\"caption\":\"Siemens Digital Industries Software\"},\"image\":{\"@id\":\"https:\/\/solidedge.siemens.com\/en\/#logo\"}},{\"@type\":\"WebSite\",\"@id\":\"https:\/\/solidedge.siemens.com\/en\/#website\",\"url\":\"https:\/\/solidedge.siemens.com\/en\/\",\"name\":\"Solid Edge\",\"description\":\"Siemens Software\",\"publisher\":{\"@id\":\"https:\/\/solidedge.siemens.com\/en\/#organization\"},\"potentialAction\":[{\"@type\":\"SearchAction\",\"target\":{\"@type\":\"EntryPoint\",\"urlTemplate\":\"https:\/\/solidedge.siemens.com\/en\/?s={search_term_string}\"},\"query-input\":\"required name=search_term_string\"}],\"inLanguage\":\"pt-BR\"},{\"@type\":\"WebPage\",\"@id\":\"https:\/\/solidedge.siemens.com\/pt-br\/solutions\/products\/electrical-design\/electrical-routing\/#webpage\",\"url\":\"https:\/\/solidedge.siemens.com\/pt-br\/solutions\/products\/electrical-design\/electrical-routing\/\",\"name\":\"Roteamento El\u00e9trico | Projeto El\u00e9trico | Solid Edge\",\"isPartOf\":{\"@id\":\"https:\/\/solidedge.siemens.com\/en\/#website\"},\"datePublished\":\"2018-05-25T17:31:50+00:00\",\"dateModified\":\"2019-09-03T18:12:23+00:00\",\"description\":\"O Roteamento El\u00e9trico do Solid Edge \u00e9 um ambiente dedicado orientado por processos para a cria\u00e7\u00e3o, roteamento e organiza\u00e7\u00e3o eficientes de fios, cabos e feixes em uma montagem do Solid Edge.\",\"breadcrumb\":{\"@id\":\"https:\/\/solidedge.siemens.com\/pt-br\/solutions\/products\/electrical-design\/electrical-routing\/#breadcrumb\"},\"inLanguage\":\"pt-BR\",\"potentialAction\":[{\"@type\":\"ReadAction\",\"target\":[\"https:\/\/solidedge.siemens.com\/pt-br\/solutions\/products\/electrical-design\/electrical-routing\/\"]}]},{\"@type\":\"BreadcrumbList\",\"@id\":\"https:\/\/solidedge.siemens.com\/pt-br\/solutions\/products\/electrical-design\/electrical-routing\/#breadcrumb\",\"itemListElement\":[{\"@type\":\"ListItem\",\"position\":1,\"name\":\"Home\",\"item\":\"https:\/\/solidedge.siemens.com\/en\/home-11\/\"},{\"@type\":\"ListItem\",\"position\":2,\"name\":\"Solu\u00e7\u00f5es\",\"item\":\"https:\/\/solidedge.siemens.com\/pt-br\/solutions\/\"},{\"@type\":\"ListItem\",\"position\":3,\"name\":\"Produtos\",\"item\":\"https:\/\/solidedge.siemens.com\/pt-br\/solutions\/products\/\"},{\"@type\":\"ListItem\",\"position\":4,\"name\":\"Projeto El\u00e9trico\",\"item\":\"https:\/\/solidedge.siemens.com\/pt-br\/solutions\/products\/electrical-design\/\"},{\"@type\":\"ListItem\",\"position\":5,\"name\":\"Roteamento El\u00e9trico\"}]}]}<\/script>\n<!-- \/ Yoast SEO plugin. -->","yoast_head_json":{"title":"Roteamento El\u00e9trico | Projeto El\u00e9trico | Solid Edge","description":"O Roteamento El\u00e9trico do Solid Edge \u00e9 um ambiente dedicado orientado por processos para a cria\u00e7\u00e3o, roteamento e organiza\u00e7\u00e3o eficientes de fios, cabos e feixes em uma montagem do Solid Edge.","robots":{"index":"index","follow":"follow","max-snippet":"max-snippet:-1","max-image-preview":"max-image-preview:large","max-video-preview":"max-video-preview:-1"},"canonical":"https:\/\/solidedge.siemens.com\/pt-br\/solutions\/products\/electrical-design\/electrical-routing\/","og_locale":"pt_BR","og_type":"article","og_title":"Roteamento El\u00e9trico | Projeto El\u00e9trico | Solid Edge","og_description":"O Roteamento El\u00e9trico do Solid Edge \u00e9 um ambiente dedicado orientado por processos para a cria\u00e7\u00e3o, roteamento e organiza\u00e7\u00e3o eficientes de fios, cabos e feixes em uma montagem do Solid Edge.","og_url":"https:\/\/solidedge.siemens.com\/pt-br\/solutions\/products\/electrical-design\/electrical-routing\/","og_site_name":"Solid Edge","article_publisher":"https:\/\/www.facebook.com\/solidedge","article_modified_time":"2019-09-03T18:12:23+00:00","twitter_card":"summary_large_image","twitter_site":"@siemensplm","twitter_misc":{"Est. tempo de leitura":"4 minutos"},"schema":{"@context":"https:\/\/schema.org","@graph":[{"@type":"Organization","@id":"https:\/\/solidedge.siemens.com\/en\/#organization","name":"Siemens Digital Industries Software","url":"https:\/\/solidedge.siemens.com\/en\/","sameAs":["https:\/\/www.facebook.com\/solidedge","https:\/\/www.instagram.com\/siemens\/","https:\/\/www.linkedin.com\/company\/siemens-plm-software","https:\/\/www.youtube.com\/user\/PolarionSoftware","https:\/\/twitter.com\/siemensplm"],"logo":{"@type":"ImageObject","@id":"https:\/\/solidedge.siemens.com\/en\/#logo","inLanguage":"pt-BR","url":"https:\/\/solidedge.siemens.com\/wp-content\/uploads\/2018\/04\/logo-siemens-ifl@2x.png","contentUrl":"https:\/\/solidedge.siemens.com\/wp-content\/uploads\/2018\/04\/logo-siemens-ifl@2x.png","width":640,"height":270,"caption":"Siemens Digital Industries Software"},"image":{"@id":"https:\/\/solidedge.siemens.com\/en\/#logo"}},{"@type":"WebSite","@id":"https:\/\/solidedge.siemens.com\/en\/#website","url":"https:\/\/solidedge.siemens.com\/en\/","name":"Solid Edge","description":"Siemens Software","publisher":{"@id":"https:\/\/solidedge.siemens.com\/en\/#organization"},"potentialAction":[{"@type":"SearchAction","target":{"@type":"EntryPoint","urlTemplate":"https:\/\/solidedge.siemens.com\/en\/?s={search_term_string}"},"query-input":"required name=search_term_string"}],"inLanguage":"pt-BR"},{"@type":"WebPage","@id":"https:\/\/solidedge.siemens.com\/pt-br\/solutions\/products\/electrical-design\/electrical-routing\/#webpage","url":"https:\/\/solidedge.siemens.com\/pt-br\/solutions\/products\/electrical-design\/electrical-routing\/","name":"Roteamento El\u00e9trico | Projeto El\u00e9trico | Solid Edge","isPartOf":{"@id":"https:\/\/solidedge.siemens.com\/en\/#website"},"datePublished":"2018-05-25T17:31:50+00:00","dateModified":"2019-09-03T18:12:23+00:00","description":"O Roteamento El\u00e9trico do Solid Edge \u00e9 um ambiente dedicado orientado por processos para a cria\u00e7\u00e3o, roteamento e organiza\u00e7\u00e3o eficientes de fios, cabos e feixes em uma montagem do Solid Edge.","breadcrumb":{"@id":"https:\/\/solidedge.siemens.com\/pt-br\/solutions\/products\/electrical-design\/electrical-routing\/#breadcrumb"},"inLanguage":"pt-BR","potentialAction":[{"@type":"ReadAction","target":["https:\/\/solidedge.siemens.com\/pt-br\/solutions\/products\/electrical-design\/electrical-routing\/"]}]},{"@type":"BreadcrumbList","@id":"https:\/\/solidedge.siemens.com\/pt-br\/solutions\/products\/electrical-design\/electrical-routing\/#breadcrumb","itemListElement":[{"@type":"ListItem","position":1,"name":"Home","item":"https:\/\/solidedge.siemens.com\/en\/home-11\/"},{"@type":"ListItem","position":2,"name":"Solu\u00e7\u00f5es","item":"https:\/\/solidedge.siemens.com\/pt-br\/solutions\/"},{"@type":"ListItem","position":3,"name":"Produtos","item":"https:\/\/solidedge.siemens.com\/pt-br\/solutions\/products\/"},{"@type":"ListItem","position":4,"name":"Projeto El\u00e9trico","item":"https:\/\/solidedge.siemens.com\/pt-br\/solutions\/products\/electrical-design\/"},{"@type":"ListItem","position":5,"name":"Roteamento El\u00e9trico"}]}]}},"_links":{"self":[{"href":"https:\/\/solidedge.siemens.com\/pt-br\/wp-json\/wp\/v2\/pages\/1480"}],"collection":[{"href":"https:\/\/solidedge.siemens.com\/pt-br\/wp-json\/wp\/v2\/pages"}],"about":[{"href":"https:\/\/solidedge.siemens.com\/pt-br\/wp-json\/wp\/v2\/types\/page"}],"author":[{"embeddable":true,"href":"https:\/\/solidedge.siemens.com\/pt-br\/wp-json\/wp\/v2\/users\/5"}],"replies":[{"embeddable":true,"href":"https:\/\/solidedge.siemens.com\/pt-br\/wp-json\/wp\/v2\/comments?post=1480"}],"version-history":[{"count":0,"href":"https:\/\/solidedge.siemens.com\/pt-br\/wp-json\/wp\/v2\/pages\/1480\/revisions"}],"up":[{"embeddable":true,"href":"https:\/\/solidedge.siemens.com\/pt-br\/wp-json\/wp\/v2\/pages\/1566"}],"wp:attachment":[{"href":"https:\/\/solidedge.siemens.com\/pt-br\/wp-json\/wp\/v2\/media?parent=1480"}],"curies":[{"name":"wp","href":"https:\/\/api.w.org\/{rel}","templated":true}]}}