{"id":68005,"date":"2024-02-06T11:12:17","date_gmt":"2024-02-06T16:12:17","guid":{"rendered":"https:\/\/solidedge.siemens.com\/kontakt\/"},"modified":"2024-02-06T14:19:54","modified_gmt":"2024-02-06T19:19:54","slug":"contact","status":"publish","type":"page","link":"https:\/\/solidedge.siemens.com\/pl\/contact\/","title":{"rendered":"Kontakt"},"content":{"rendered":"<p>[vc_row][vc_column][vc_column_text]<\/p>\n<h1>Skontaktuj si\u0119 z nami<\/h1>\n<p>[\/vc_column_text][vc_tta_tabs style=&#8221;flat&#8221; shape=&#8221;square&#8221; active_section=&#8221;1&#8243;][vc_tta_section i_icon_fontawesome=&#8221;fa fa-envelope-o&#8221; add_icon=&#8221;true&#8221; title=&#8221;Pytania og\u00f3lne&#8221; tab_id=&#8221;general&#8221;][vc_raw_html]JTNDZGl2JTIwaWQlM0QlMjJmdWxmaWxsbWVudC1jZW50ZXIlMjIlMjBkYXRhLWxvY2FsZSUzRCUyMnBsLVBMJTIyJTIwZGF0YS1yZXNvdXJjZSUzRCUyMjNSN3F4ZWVJMDVxOTBSYXExZjhLTUIlMjIlMjBkYXRhLWNvbmZpZyUzRCUyNyU3QiUyMml2JTIyJTNBJTIyMzRhNDZhZjM4YzdmNTFhNDhjMjEzMTJmYTBlNDA3MzklMjIlMkMlMjJjb250ZW50JTIyJTNBJTIyNGVjY2E2ZmU1MzI1MDI2MmRmYmRmYjJhZGU3Y2U5MzAzZWU4YTI5YWYxMzI0MjhjNThmMGI0NGFlYzZmZDRkYWUzODg5MTIyNzljZGU2MmZjNjI5NDFmOTNhYTU2ZWYxODA5NDI1NTAyZDJkNTRmM2QxYmNiMDYyNjM2NWU3MzY3MWQ5ODBiZTBkYzFiNTc5ZDZiNjViMjgyNzI2MGIwMjk0YTAzNmVmNzU5YzNkOTU0MDMyMTgxMGY0NzU1M2YzODA5Yjg1ZTZlZTc5NzNiNDFlYWE4NmUyN2NkYTU3YzAxMGZlNGYxOGM3MjE4MTQ2NWM4YTJkNmMwNmIzN2I2ZjQ3MGFmNTRlYWNlNTk1NDAyOWY3NTk2ZDg2YjVkYjgzZGNlMDg3MzRkNzY0YWI2NjQ4YTQ0Mjk3MzAzZTRkYzdmMjEwOTBmNDE2MDRlYWRhOTZmYTVhNWI5ODY5N2RlZmRmYzY4YyUyMiU3RCUyNyUzRSUzQyUyRmRpdiUzRSUwQSUzQ3NjcmlwdCUyMHR5cGUlM0QlMjJ0ZXh0JTJGamF2YXNjcmlwdCUyMiUyMHNyYyUzRCUyMmh0dHBzJTNBJTJGJTJGc3RhdGljLnN3LmNkbi5zaWVtZW5zLmNvbSUyRmZ1bGZpbGxtZW50LWNlbnRlciUyRjAueCUyRmZ1bGZpbGxtZW50LWNlbnRlci5taW4uanMlMjIlM0UlM0MlMkZzY3JpcHQlM0U=[\/vc_raw_html][\/vc_tta_section][\/vc_tta_tabs][\/vc_column][\/vc_row]<\/p>\n","protected":false},"excerpt":{"rendered":"<p>Skontaktuj si\u0119 z Solid Edge firmy Siemens Digital Industries Software, je\u015bli masz pytania dotycz\u0105ce naszych produkt\u00f3w, cen, specyfikacji technicznych, us\u0142ug i nie tylko.<\/p>\n","protected":false},"author":5,"featured_media":0,"parent":0,"menu_order":200,"comment_status":"closed","ping_status":"closed","template":"","meta":{"inline_featured_image":false},"yoast_head":"<!-- This site is optimized with the Yoast SEO plugin v18.4.1 - https:\/\/yoast.com\/wordpress\/plugins\/seo\/ -->\n<title>Kontakt | Solid Edge | Siemens Software<\/title>\n<meta name=\"description\" content=\"Skontaktuj si\u0119 z Solid Edge firmy Siemens Digital Industries Software, je\u015bli masz pytania dotycz\u0105ce naszych produkt\u00f3w, cen, specyfikacji technicznych, us\u0142ug i nie tylko.\" \/>\n<meta name=\"robots\" content=\"index, follow, max-snippet:-1, max-image-preview:large, max-video-preview:-1\" \/>\n<link rel=\"canonical\" href=\"https:\/\/solidedge.siemens.com\/pl\/contact\/\" \/>\n<meta property=\"og:locale\" content=\"pl_PL\" \/>\n<meta property=\"og:type\" content=\"article\" \/>\n<meta property=\"og:title\" content=\"Kontakt | Solid Edge | Siemens Software\" \/>\n<meta property=\"og:description\" content=\"Skontaktuj si\u0119 z Solid Edge firmy Siemens Digital Industries Software, je\u015bli masz pytania dotycz\u0105ce naszych produkt\u00f3w, cen, specyfikacji technicznych, us\u0142ug i nie tylko.\" \/>\n<meta property=\"og:url\" content=\"https:\/\/solidedge.siemens.com\/pl\/contact\/\" \/>\n<meta property=\"og:site_name\" content=\"Solid Edge\" \/>\n<meta property=\"article:publisher\" content=\"https:\/\/www.facebook.com\/solidedge\" \/>\n<meta property=\"article:modified_time\" content=\"2024-02-06T19:19:54+00:00\" \/>\n<meta name=\"twitter:card\" content=\"summary_large_image\" \/>\n<meta name=\"twitter:site\" content=\"@siemensplm\" \/>\n<meta name=\"twitter:label1\" content=\"Szacowany czas czytania\" \/>\n\t<meta name=\"twitter:data1\" content=\"1 minuta\" \/>\n<script type=\"application\/ld+json\" class=\"yoast-schema-graph\">{\"@context\":\"https:\/\/schema.org\",\"@graph\":[{\"@type\":\"Organization\",\"@id\":\"https:\/\/solidedge.siemens.com\/en\/#organization\",\"name\":\"Siemens Digital Industries Software\",\"url\":\"https:\/\/solidedge.siemens.com\/en\/\",\"sameAs\":[\"https:\/\/www.facebook.com\/solidedge\",\"https:\/\/www.instagram.com\/siemens\/\",\"https:\/\/www.linkedin.com\/company\/siemens-plm-software\",\"https:\/\/www.youtube.com\/user\/PolarionSoftware\",\"https:\/\/twitter.com\/siemensplm\"],\"logo\":{\"@type\":\"ImageObject\",\"@id\":\"https:\/\/solidedge.siemens.com\/en\/#logo\",\"inLanguage\":\"pl-PL\",\"url\":\"https:\/\/solidedge.siemens.com\/wp-content\/uploads\/2018\/04\/logo-siemens-ifl@2x.png\",\"contentUrl\":\"https:\/\/solidedge.siemens.com\/wp-content\/uploads\/2018\/04\/logo-siemens-ifl@2x.png\",\"width\":640,\"height\":270,\"caption\":\"Siemens Digital Industries Software\"},\"image\":{\"@id\":\"https:\/\/solidedge.siemens.com\/en\/#logo\"}},{\"@type\":\"WebSite\",\"@id\":\"https:\/\/solidedge.siemens.com\/en\/#website\",\"url\":\"https:\/\/solidedge.siemens.com\/en\/\",\"name\":\"Solid Edge\",\"description\":\"Siemens Software\",\"publisher\":{\"@id\":\"https:\/\/solidedge.siemens.com\/en\/#organization\"},\"potentialAction\":[{\"@type\":\"SearchAction\",\"target\":{\"@type\":\"EntryPoint\",\"urlTemplate\":\"https:\/\/solidedge.siemens.com\/en\/?s={search_term_string}\"},\"query-input\":\"required name=search_term_string\"}],\"inLanguage\":\"pl-PL\"},{\"@type\":\"WebPage\",\"@id\":\"https:\/\/solidedge.siemens.com\/pl\/contact\/#webpage\",\"url\":\"https:\/\/solidedge.siemens.com\/pl\/contact\/\",\"name\":\"Kontakt | Solid Edge | Siemens Software\",\"isPartOf\":{\"@id\":\"https:\/\/solidedge.siemens.com\/en\/#website\"},\"datePublished\":\"2024-02-06T16:12:17+00:00\",\"dateModified\":\"2024-02-06T19:19:54+00:00\",\"description\":\"Skontaktuj si\u0119 z Solid Edge firmy Siemens Digital Industries Software, je\u015bli masz pytania dotycz\u0105ce naszych produkt\u00f3w, cen, specyfikacji technicznych, us\u0142ug i nie tylko.\",\"breadcrumb\":{\"@id\":\"https:\/\/solidedge.siemens.com\/pl\/contact\/#breadcrumb\"},\"inLanguage\":\"pl-PL\",\"potentialAction\":[{\"@type\":\"ReadAction\",\"target\":[\"https:\/\/solidedge.siemens.com\/pl\/contact\/\"]}]},{\"@type\":\"BreadcrumbList\",\"@id\":\"https:\/\/solidedge.siemens.com\/pl\/contact\/#breadcrumb\",\"itemListElement\":[{\"@type\":\"ListItem\",\"position\":1,\"name\":\"Home\",\"item\":\"https:\/\/solidedge.siemens.com\/en\/home-10\/\"},{\"@type\":\"ListItem\",\"position\":2,\"name\":\"Kontakt\"}]}]}<\/script>\n<!-- \/ Yoast SEO plugin. -->","yoast_head_json":{"title":"Kontakt | Solid Edge | Siemens Software","description":"Skontaktuj si\u0119 z Solid Edge firmy Siemens Digital Industries Software, je\u015bli masz pytania dotycz\u0105ce naszych produkt\u00f3w, cen, specyfikacji technicznych, us\u0142ug i nie tylko.","robots":{"index":"index","follow":"follow","max-snippet":"max-snippet:-1","max-image-preview":"max-image-preview:large","max-video-preview":"max-video-preview:-1"},"canonical":"https:\/\/solidedge.siemens.com\/pl\/contact\/","og_locale":"pl_PL","og_type":"article","og_title":"Kontakt | Solid Edge | Siemens Software","og_description":"Skontaktuj si\u0119 z Solid Edge firmy Siemens Digital Industries Software, je\u015bli masz pytania dotycz\u0105ce naszych produkt\u00f3w, cen, specyfikacji technicznych, us\u0142ug i nie tylko.","og_url":"https:\/\/solidedge.siemens.com\/pl\/contact\/","og_site_name":"Solid Edge","article_publisher":"https:\/\/www.facebook.com\/solidedge","article_modified_time":"2024-02-06T19:19:54+00:00","twitter_card":"summary_large_image","twitter_site":"@siemensplm","twitter_misc":{"Szacowany czas czytania":"1 minuta"},"schema":{"@context":"https:\/\/schema.org","@graph":[{"@type":"Organization","@id":"https:\/\/solidedge.siemens.com\/en\/#organization","name":"Siemens Digital Industries Software","url":"https:\/\/solidedge.siemens.com\/en\/","sameAs":["https:\/\/www.facebook.com\/solidedge","https:\/\/www.instagram.com\/siemens\/","https:\/\/www.linkedin.com\/company\/siemens-plm-software","https:\/\/www.youtube.com\/user\/PolarionSoftware","https:\/\/twitter.com\/siemensplm"],"logo":{"@type":"ImageObject","@id":"https:\/\/solidedge.siemens.com\/en\/#logo","inLanguage":"pl-PL","url":"https:\/\/solidedge.siemens.com\/wp-content\/uploads\/2018\/04\/logo-siemens-ifl@2x.png","contentUrl":"https:\/\/solidedge.siemens.com\/wp-content\/uploads\/2018\/04\/logo-siemens-ifl@2x.png","width":640,"height":270,"caption":"Siemens Digital Industries Software"},"image":{"@id":"https:\/\/solidedge.siemens.com\/en\/#logo"}},{"@type":"WebSite","@id":"https:\/\/solidedge.siemens.com\/en\/#website","url":"https:\/\/solidedge.siemens.com\/en\/","name":"Solid Edge","description":"Siemens Software","publisher":{"@id":"https:\/\/solidedge.siemens.com\/en\/#organization"},"potentialAction":[{"@type":"SearchAction","target":{"@type":"EntryPoint","urlTemplate":"https:\/\/solidedge.siemens.com\/en\/?s={search_term_string}"},"query-input":"required name=search_term_string"}],"inLanguage":"pl-PL"},{"@type":"WebPage","@id":"https:\/\/solidedge.siemens.com\/pl\/contact\/#webpage","url":"https:\/\/solidedge.siemens.com\/pl\/contact\/","name":"Kontakt | Solid Edge | Siemens Software","isPartOf":{"@id":"https:\/\/solidedge.siemens.com\/en\/#website"},"datePublished":"2024-02-06T16:12:17+00:00","dateModified":"2024-02-06T19:19:54+00:00","description":"Skontaktuj si\u0119 z Solid Edge firmy Siemens Digital Industries Software, je\u015bli masz pytania dotycz\u0105ce naszych produkt\u00f3w, cen, specyfikacji technicznych, us\u0142ug i nie tylko.","breadcrumb":{"@id":"https:\/\/solidedge.siemens.com\/pl\/contact\/#breadcrumb"},"inLanguage":"pl-PL","potentialAction":[{"@type":"ReadAction","target":["https:\/\/solidedge.siemens.com\/pl\/contact\/"]}]},{"@type":"BreadcrumbList","@id":"https:\/\/solidedge.siemens.com\/pl\/contact\/#breadcrumb","itemListElement":[{"@type":"ListItem","position":1,"name":"Home","item":"https:\/\/solidedge.siemens.com\/en\/home-10\/"},{"@type":"ListItem","position":2,"name":"Kontakt"}]}]}},"_links":{"self":[{"href":"https:\/\/solidedge.siemens.com\/pl\/wp-json\/wp\/v2\/pages\/68005"}],"collection":[{"href":"https:\/\/solidedge.siemens.com\/pl\/wp-json\/wp\/v2\/pages"}],"about":[{"href":"https:\/\/solidedge.siemens.com\/pl\/wp-json\/wp\/v2\/types\/page"}],"author":[{"embeddable":true,"href":"https:\/\/solidedge.siemens.com\/pl\/wp-json\/wp\/v2\/users\/5"}],"replies":[{"embeddable":true,"href":"https:\/\/solidedge.siemens.com\/pl\/wp-json\/wp\/v2\/comments?post=68005"}],"version-history":[{"count":5,"href":"https:\/\/solidedge.siemens.com\/pl\/wp-json\/wp\/v2\/pages\/68005\/revisions"}],"predecessor-version":[{"id":68012,"href":"https:\/\/solidedge.siemens.com\/pl\/wp-json\/wp\/v2\/pages\/68005\/revisions\/68012"}],"wp:attachment":[{"href":"https:\/\/solidedge.siemens.com\/pl\/wp-json\/wp\/v2\/media?parent=68005"}],"curies":[{"name":"wp","href":"https:\/\/api.w.org\/{rel}","templated":true}]}}