{"id":55568,"date":"2021-12-10T08:36:06","date_gmt":"2021-12-10T13:36:06","guid":{"rendered":"https:\/\/solidedge.siemens.com\/solutions\/products\/cloud-based-collaboration\/xcelerator-share\/"},"modified":"2023-09-29T13:24:31","modified_gmt":"2023-09-29T17:24:31","slug":"teamcenter-share","status":"publish","type":"page","link":"https:\/\/solidedge.siemens.com\/pl\/solutions\/products\/cloud-based-collaboration\/teamcenter-share\/","title":{"rendered":"Teamcenter Share"},"content":{"rendered":"<p>[vc_row full_width=&#8221;stretch_row&#8221; full_height=&#8221;yes&#8221; content_placement=&#8221;middle&#8221; css=&#8221;.vc_custom_1633361189451{background: #a6a6a6 url(https:\/\/blogs.sw.siemens.com\/wp-content\/uploads\/sites\/8\/2023\/09\/teamcenter-share-solid-edge-hero-1280&#215;720-1.jpg) !important;background-position: center !important;background-repeat: no-repeat !important;background-size: cover !important;}&#8221; el_class=&#8221;vc-row-hero-banner&#8221;][vc_column][vc_column_text el_class=&#8221;.vc-el-callout&#8221;]<\/p>\n<h1>Nowy wymiar wsp\u00f3\u0142pracy z wykorzystaniem rozwi\u0105za\u0144 Teamcenter Share i Solid Edge<\/h1>\n<p>Natychmiastowa, bezpieczna i \u0142atwa wsp\u00f3\u0142praca ze wsp\u00f3\u0142pracownikami, partnerami i klientami dzi\u0119ki opartemu na chmurze rozwi\u0105zaniu Teamcenter Share nowej generacji od firmy Siemens. Z\u0142o\u017cone problemy wymagaj\u0105 efektywnej wsp\u00f3\u0142pracy. Oprogramowanie oparte na chmurze mo\u017ce usun\u0105\u0107 wszelkie przeszkody stoj\u0105ce na drodze do znalezienia rozwi\u0105zania.<br \/>\n<br class=\"xliff-newline\" \/>[\/vc_column_text][\/vc_column][\/vc_row][vc_row full_width=&#8221;stretch_row&#8221; equal_height=&#8221;yes&#8221; css=&#8221;.vc_custom_1633468537939{background-color: #006486 !important;}&#8221; el_class=&#8221;more-info-bluebox&#8221;][vc_column css=&#8221;.vc_custom_1633468664741{margin-top: 0px !important;margin-bottom: 0px !important;padding-top: 0px !important;padding-bottom: 0px !important;}&#8221;][vc_column_text css=&#8221;.vc_custom_1639143736463{margin-top: 0px !important;margin-bottom: 0px !important;padding-top: 1em !important;padding-bottom: 1em !important;}&#8221;]<\/p>\n<div class=\"lto-bundle-promo-link\"><span style=\"font-size: 20px;\" class=\"c-white\">Chcesz dowiedzie\u0107 si\u0119 wi\u0119cej o rozwi\u0105zaniu Teamcenter Share?<span style=\"float: right;\"><a class=\"action-button\" href=\"https:\/\/solidedge.siemens.com\/pl\/contact\/\" data-wpel-link=\"internal\"><i class=\"icon-ext\"><\/i>Skontaktuj si\u0119 z nami<\/a><\/span><\/span><\/div>\n<p>[\/vc_column_text][\/vc_column][\/vc_row][vc_row][vc_column][vc_column_text]Funkcje<!-- wpml:html_fragment --><\/p>\n<h2>Funkcje u\u0142atwiaj\u0105ce wsp\u00f3\u0142prac\u0119<\/h2>\n<p>Teamcenter Share i Solid Edge oferuj\u0105 szeroki zakres funkcji wsp\u00f3\u0142pracy. Bogaty zestaw funkcji oprogramowania Teamcenter Share zaspokoi potrzeby zespo\u0142u w zakresie wsp\u00f3\u0142pracy w chmurze, pocz\u0105wszy od zapewnienia bezpiecznej, centralnej pami\u0119ci masowej z opcjonalnymi narz\u0119dziami do <a href=\"https:\/\/solidedge.siemens.com\/pl\/solutions\/products\/data-management\/solid-edge-data-management\/\">zarz\u0105dzania danymi<\/a>, a\u017c po umo\u017cliwienie dora\u017anej wsp\u00f3\u0142pracy z zewn\u0119trznymi uczestnikami procesu dzi\u0119ki \u0142atwemu udost\u0119pnianiu danych w oparciu o adresy e-mail.[\/vc_column_text][vc_row_inner][vc_column_inner width=&#8221;1\/3&#8243;][vc_column_text]<\/p>\n<h3>Bezpieczna pami\u0119\u0107 masowa w\u00a0chmurze<\/h3>\n<p>Mo\u017cesz bez obaw zapisywa\u0107 dane projektowe w chmurze. System Share, zweryfikowany przez niezale\u017cny podmiot pod k\u0105tem bezpiecze\u0144stwa i integralno\u015bci danych, jest zgodny z podstawowymi zasadami bezpiecze\u0144stwa firmy Siemens i wykorzystuje najlepsze technologie ochrony i przechowywania danych.[\/vc_column_text][\/vc_column_inner][vc_column_inner width=&#8221;1\/3&#8243;][vc_column_text]<\/p>\n<h3>Rzeczywisto\u015b\u0107 rozszerzona<\/h3>\n<p>Mo\u017cesz sprawdza\u0107 cyfrowe prototypy w rzeczywistym \u015brodowisku. <a href=\"https:\/\/solidedge.siemens.com\/pl\/solutions\/products\/cloud-based-collaboration\/teamcenter-share\/augmented-reality\/#ui-communicate-design-intent\">Rzeczywisto\u015b\u0107 rozszerzona<\/a> pozwala na zaprezentowanie projektu w\u00a0jego docelowym \u015brodowisku w\u00a0interesuj\u0105cy spos\u00f3b, zanim jeszcze produkt zostanie wytworzony.[\/vc_column_text][\/vc_column_inner][vc_column_inner width=&#8221;1\/3&#8243;][vc_column_text]<\/p>\n<h3>Synchronizacja plik\u00f3w na komputerze<\/h3>\n<p>Synchronizuj pliki mi\u0119dzy komputerem stacjonarnym a chmur\u0105 i pracuj w trybie offline. Dane s\u0105 zawsze dost\u0119pne, na ka\u017cdym urz\u0105dzeniu, dzi\u0119ki czemu wsp\u00f3\u0142pracownicy maj\u0105 dost\u0119p do najnowszych zmian. Integracja systemu Share z Solid Edge pozwala na dost\u0119p do projekt\u00f3w bez opuszczania \u015brodowiska Solid Edge.[\/vc_column_text][\/vc_column_inner][\/vc_row_inner][vc_row_inner][vc_column_inner width=&#8221;1\/3&#8243;][vc_column_text]<\/p>\n<h3>Komunikacja i powiadomienia<\/h3>\n<p>Komunikuj si\u0119 z zespo\u0142em w bardziej efektywny spos\u00f3b, odwo\u0142uj\u0105c si\u0119 do konkretnych plik\u00f3w. Otrzymuj powiadomienia o najwa\u017cniejszych wydarzeniach zwi\u0105zanych z projektem za po\u015brednictwem poczty elektronicznej. Komunikacj\u0119 mo\u017cna prowadzi\u0107 z dowolnego urz\u0105dzenia.[\/vc_column_text][\/vc_column_inner][vc_column_inner width=&#8221;1\/3&#8243;][vc_column_text]<\/p>\n<h3>Udost\u0119pnianie projekt\u00f3w na podstawie uprawnie\u0144<\/h3>\n<p>Chro\u0144 swoj\u0105 w\u0142asno\u015b\u0107 intelektualn\u0105 podczas udost\u0119pniania projekt\u00f3w klientom i dostawcom. Mo\u017cesz udost\u0119pnia\u0107 je wszystkim, jednocze\u015bnie kontroluj\u0105c poziom dost\u0119pu do projekt\u00f3w i danych. Odbiorcy mog\u0105 zapozna\u0107 si\u0119 z danymi in\u017cynieryjnymi bez konieczno\u015bci ich pobierania.[\/vc_column_text][\/vc_column_inner][vc_column_inner width=&#8221;1\/3&#8243;][vc_column_text]<\/p>\n<h3>Natychmiastowy dost\u0119p do danych z dowolnego urz\u0105dzenia<\/h3>\n<p>Mo\u017cesz pracowa\u0107 z domu, biura lub w podr\u00f3\u017cy dzi\u0119ki dost\u0119powi przez przegl\u0105dark\u0119 na telefonie, tablecie, Chromebooku, komputerze Mac, komputerze stacjonarnym i innych urz\u0105dzeniach. Nie jest wymagana dodatkowa infrastruktura IT.[\/vc_column_text][\/vc_column_inner][\/vc_row_inner][vc_row_inner][vc_column_inner width=&#8221;1\/3&#8243;][vc_column_text]<\/p>\n<h3>Zarz\u0105dzanie zadaniami<\/h3>\n<p>Przyspiesz wsp\u00f3\u0142prac\u0119, zarz\u0105dzaj\u0105c tym, kto co robi, kiedy i w jakiej kolejno\u015bci. Okre\u015blaj terminy, priorytety i pliki referencyjne dla projektu. Poszczeg\u00f3lne osoby mog\u0105 informowa\u0107 o uko\u0144czeniu zadania. Kadra kierownicza mo\u017ce przegl\u0105da\u0107 og\u00f3lne statusy zada\u0144 za pomoc\u0105 pulpitu nawigacyjnego projektu na dowolnym urz\u0105dzeniu.[\/vc_column_text][\/vc_column_inner][vc_column_inner width=&#8221;1\/3&#8243;][vc_column_text]<\/p>\n<h3>Ochrona przed nadpisaniem danych przez wielu u\u017cytkownik\u00f3w<\/h3>\n<p>Wsp\u00f3\u0142pracuj z pe\u0142nym zaufaniem. Aktywne projekty w oprogramowaniu Solid Edge s\u0105 chronione przed nadpisaniem danych przez innych u\u017cytkownik\u00f3w, co pozwala unikn\u0105\u0107 kosztownych b\u0142\u0119d\u00f3w. Z systemem Share wsp\u00f3\u0142pracuje mn\u00f3stwo innych narz\u0119dzi do zarz\u0105dzania danymi w oprogramowaniu Solid Edge.[\/vc_column_text][\/vc_column_inner][vc_column_inner width=&#8221;1\/3&#8243;][vc_column_text]<\/p>\n<h3>Widoki i znaczniki ukierunkowane na dzia\u0142ania in\u017cynieryjne<\/h3>\n<p>Wy\u015bwietlaj, mierz i oznaczaj modele w tr\u00f3jwymiarowej przestrzeni ukierunkowanej na dzia\u0142ania in\u017cynieryjne. Oznaczenia i komentarze s\u0105 w pe\u0142ni identyfikowalne, dost\u0119pne online i w oprogramowaniu Solid Edge.[\/vc_column_text][\/vc_column_inner][\/vc_row_inner][vc_row_inner][vc_column_inner width=&#8221;1\/3&#8243;][vc_column_text]<\/p>\n<h3>Po\u0142\u0105czenie z rozwi\u0105zaniem Teamcenter<\/h3>\n<p>Korzystaj\u0105c z rozwi\u0105zania Teamcenter do planowania, projektowania i udost\u0119pniania informacji o produktach i procesach w firmie, mo\u017cna u\u017cywa\u0107 r\u00f3wnie\u017c systemu Teamcenter Share, bezpiecznie zintegrowanego z zarz\u0105dzanymi przez firm\u0119 przep\u0142ywami informacji, do udost\u0119pniania plik\u00f3w CAD i innych wsp\u00f3\u0142pracownikom spoza firmy.[\/vc_column_text][\/vc_column_inner][vc_column_inner width=&#8221;1\/3&#8243;][\/vc_column_inner][vc_column_inner width=&#8221;1\/3&#8243;][\/vc_column_inner][\/vc_row_inner][\/vc_column][\/vc_row][vc_row full_width=&#8221;stretch_row&#8221; css=&#8221;.vc_custom_1632854082490{background-color: #13374e !important;}&#8221; el_class=&#8221;vc-row-testimonial-quote&#8221;][vc_column][vc_column_text el_class=&#8221;vc-el-testimonial-quote&#8221;]\u201eFirma Siemens odmieni\u0142a nasz\u0105 wsp\u00f3\u0142prac\u0119 z zespo\u0142em wy\u015bcigowym i sieci\u0105 producent\u00f3w. Szybka, przejrzysta komunikacja ma du\u017ce znaczenie, a praca w chmurze umo\u017cliwia nam sprawny kontakt z osobami na ca\u0142ym \u015bwiecie\u201d.<!-- wpml:html_fragment --><\/p>\n<p style=\"text-align: right;\"><cite>\u2014 PJ Tolentino, Rurok Industries<\/cite><\/p>\n<p>[\/vc_column_text][\/vc_column][\/vc_row][vc_row full_width=&#8221;stretch_row&#8221; el_class=&#8221;vc-row-video-highlight&#8221;][vc_column][vc_column_text el_class=&#8221;vc-el-lead-in&#8221;]Film<!-- wpml:html_fragment --><\/p>\n<h2>Przekonaj si\u0119 o skuteczno\u015bci systemu Teamcenter Share w po\u0142\u0105czeniu z oprogramowaniem Solid Edge<\/h2>\n<p>Dzi\u0119ki rozwi\u0105zaniu Solid Edge i Teamcenter Share, Ty i Tw\u00f3j zesp\u00f3\u0142 mo\u017cecie pracowa\u0107 z dowolnego miejsca, bezpiecznie wsp\u00f3\u0142dzieli\u0107 dane z klientami i dostawcami oraz efektywnie wsp\u00f3\u0142pracowa\u0107 dzi\u0119ki narz\u0119dziom ukierunkowanym na projektowanie.<\/p>\n<p class=\"see-more\" style=\"text-align: right;\"><a href=\"https:\/\/solidedge.siemens.com\/pl\/resources\/videos\/\">Zobacz wi\u0119cej materia\u0142\u00f3w wideo<\/a><\/p>\n<p>[\/vc_column_text]\n\n\n  <div id=\"wpv-view-layout-567-CATTR203463bfa63270a68602492e74c0b5e2\" class=\"js-wpv-view-layout js-wpv-layout-responsive js-wpv-view-layout-567-CATTR203463bfa63270a68602492e74c0b5e2\" data-viewnumber=\"567-CATTR203463bfa63270a68602492e74c0b5e2\" data-pagination=\"{&quot;id&quot;:567,&quot;query&quot;:&quot;normal&quot;,&quot;type&quot;:&quot;disabled&quot;,&quot;effect&quot;:&quot;fade&quot;,&quot;duration&quot;:500,&quot;speed&quot;:5,&quot;pause_on_hover&quot;:&quot;disabled&quot;,&quot;stop_rollover&quot;:&quot;false&quot;,&quot;cache_pages&quot;:&quot;enabled&quot;,&quot;preload_images&quot;:&quot;enabled&quot;,&quot;preload_pages&quot;:&quot;enabled&quot;,&quot;preload_reach&quot;:1,&quot;spinner&quot;:&quot;builtin&quot;,&quot;spinner_image&quot;:&quot;https:\/\/solidedge.siemens.com\/wp-content\/plugins\/wp-views\/embedded\/res\/img\/ajax-loader.gif&quot;,&quot;callback_next&quot;:&quot;&quot;,&quot;manage_history&quot;:&quot;disabled&quot;,&quot;has_controls_in_form&quot;:&quot;disabled&quot;,&quot;infinite_tolerance&quot;:&quot;0&quot;,&quot;max_pages&quot;:0,&quot;page&quot;:1,&quot;base_permalink&quot;:&quot;\/pl\/wp-json\/wp\/v2\/pages\/55568?wpv_view_count=567-CATTR203463bfa63270a68602492e74c0b5e2&amp;wpv_paged=WPV_PAGE_NUM&quot;,&quot;loop&quot;:{&quot;type&quot;:&quot;&quot;,&quot;name&quot;:&quot;&quot;,&quot;data&quot;:[],&quot;id&quot;:0}}\" data-permalink=\"\/pl\/wp-json\/wp\/v2\/pages\/55568?wpv_view_count=567-CATTR203463bfa63270a68602492e74c0b5e2\">\n\n  \n  \n  \n  <\/div>\n[\/vc_column][\/vc_row][vc_row full_width=&#8221;stretch_row&#8221; content_placement=&#8221;middle&#8221; el_class=&#8221;vc-row-shoutbox&#8221; css=&#8221;.vc_custom_1633469261146{background-color: #003750 !important;}&#8221;][vc_column width=&#8221;1\/3&#8243;][vc_single_image image=&#8221;51784&#8243; img_size=&#8221;full&#8221; alignment=&#8221;center&#8221;][\/vc_column][vc_column width=&#8221;2\/3&#8243;][vc_column_text el_class=&#8221;vc-el-lead-in&#8221;]<\/p>\n<h2>Siemens Xcelerator \u2014 powitaj transformacj\u0119 cyfrow\u0105<\/h2>\n<p>Nasze kompleksowe i zintegrowane portfolio produkt\u00f3w obejmuje oprogramowanie, us\u0142ugi oraz platform\u0119 do tworzenia aplikacji na potrzeby projektowania instalacji elektrycznych i konstrukcji mechanicznych, symulacji system\u00f3w, produkcji, obs\u0142ugi operacji oraz analizy cyklu \u017cycia produkt\u00f3w.<\/p>\n<p><a class=\"secondary-button\" href=\"https:\/\/www.sw.siemens.com\/en-US\/digital-transformation\/\"><i class=\"icon-ext\"><\/i>Dowiedz si\u0119 wi\u0119cej<\/a>[\/vc_column_text][\/vc_column][\/vc_row][vc_row full_width=&#8221;stretch_row&#8221; el_class=&#8221;vc-row-related-content&#8221; css=&#8221;.vc_custom_1635766919785{background-color: #347eb5 !important;}&#8221;][vc_column][vc_column_text]<\/p>\n<h2>Powi\u0105zane tre\u015bci<\/h2>\n<p>[\/vc_column_text]<div id=\"ult-carousel-152895695369d084cbbf4d1\" class=\"ult-carousel-wrapper  vc-el-carousel-related-content ult_horizontal\" data-gutter=\"0\" data-rtl=\"false\" ><div class=\"ult-carousel-115847503569d084cbbf4ae \" >[vc_column_text]<a href=\"https:\/\/www.plm.automation.siemens.com\/store\/en-us\/solid-edge\/\">Kup oprogramowanie Solid Edge w\u00a0sklepie firmy Siemens Digital Industries Software<\/a>[\/vc_column_text][vc_column_text]<a href=\"https:\/\/community.plm.automation.siemens.com\/t5\/Solid-Edge-Knowledge-Base\/Cloud-Enabled-CAD-How-to-switch-your-Solid-Edge-license\/ta-p\/426336\">Uzupe\u0142nij swoj\u0105 licencj\u0119 na oprogramowanie Solid Edge o obs\u0142ug\u0119 w chmurze<\/a>[\/vc_column_text][vc_column_text]<a href=\"https:\/\/www.engineering.com\/PLMERP\/ArticleID\/12187\/PLM-This-Week-Solid-Edge-Introduces-Cloud-and-Data-Management-Autodesk-Revenues-Fall.aspx\">Relacja w mediach:<br class=\"xliff-newline\" \/>Solid Edge wprowadza obs\u0142ug\u0119 w chmurze<\/a>[\/vc_column_text]<\/div><\/div>\t\t\t<script type=\"text\/javascript\">\r\n\t\t\t\tjQuery(document).ready(function ($) {\r\n\t\t\t\t\tif( typeof jQuery('.ult-carousel-115847503569d084cbbf4ae').slick == \"function\"){\r\n\t\t\t\t\t\t$('.ult-carousel-115847503569d084cbbf4ae').slick({dots: true,autoplaySpeed: 5000,speed: 500,infinite: false,arrows: true,nextArrow: '<button type=\"button\" role=\"button\" aria-label=\"Next\" style=\"color:#ffffff; font-size:30px;background:rgba(255,255,255,0.2);\" class=\"slick-next square-bg\"><i class=\"ultsl-arrow-right6\"><\/i><\/button>',prevArrow: '<button type=\"button\" role=\"button\" aria-label=\"Previous\" style=\"color:#ffffff; font-size:30px;background:rgba(255,255,255,0.2);\" class=\"slick-prev square-bg\"><i class=\"ultsl-arrow-left6\"><\/i><\/button>',slidesToScroll:4,slidesToShow:4,swipe: true,draggable: true,touchMove: true,pauseOnHover: true,pauseOnFocus: false,responsive: [\r\n\t\t\t\t\t\t\t{\r\n\t\t\t\t\t\t\t  breakpoint: 1026,\r\n\t\t\t\t\t\t\t  settings: {\r\n\t\t\t\t\t\t\t\tslidesToShow: 4,\r\n\t\t\t\t\t\t\t\tslidesToScroll: 4,  \r\n\t\t\t\t\t\t\t  }\r\n\t\t\t\t\t\t\t},\r\n\t\t\t\t\t\t\t{\r\n\t\t\t\t\t\t\t  breakpoint: 1025,\r\n\t\t\t\t\t\t\t  settings: {\r\n\t\t\t\t\t\t\t\tslidesToShow: 2,\r\n\t\t\t\t\t\t\t\tslidesToScroll: 2\r\n\t\t\t\t\t\t\t  }\r\n\t\t\t\t\t\t\t},\r\n\t\t\t\t\t\t\t{\r\n\t\t\t\t\t\t\t  breakpoint: 760,\r\n\t\t\t\t\t\t\t  settings: {\r\n\t\t\t\t\t\t\t\tslidesToShow: 1,\r\n\t\t\t\t\t\t\t\tslidesToScroll: 1\r\n\t\t\t\t\t\t\t  }\r\n\t\t\t\t\t\t\t}\r\n\t\t\t\t\t\t],pauseOnDotsHover: true,customPaging: function(slider, i) {\r\n                   return '<i type=\"button\" style= \"color:#ffffff;\" class=\"ultsl-record\" data-role=\"none\"><\/i>';\r\n                },});\r\n\t\t\t\t\t}\r\n\t\t\t\t});\r\n\t\t\t<\/script>\r\n\t\t\t[\/vc_column][\/vc_row]<\/p>\n","protected":false},"excerpt":{"rendered":"<p> Nowy wymiar wsp\u00f3\u0142pracy z wykorzystaniem rozwi\u0105za\u0144 Teamcenter Share i Solid Edge Natychmiastowa, bezpieczna i \u0142atwa wsp\u00f3\u0142praca ze wsp\u00f3\u0142pracownikami, partnerami i klientami dzi\u0119ki opartemu na chmurze rozwi\u0105zaniu Teamcenter Share nowej generacji od firmy Siemens. Z\u0142o\u017cone problemy wymagaj\u0105 efektywnej wsp\u00f3\u0142pracy. Oprogramowanie [&hellip;]<\/p>\n","protected":false},"author":20,"featured_media":0,"parent":1445,"menu_order":0,"comment_status":"closed","ping_status":"closed","template":"","meta":{"inline_featured_image":false},"yoast_head":"<!-- This site is optimized with the Yoast SEO plugin v18.4.1 - https:\/\/yoast.com\/wordpress\/plugins\/seo\/ -->\n<title>Teamcenter Share | Solid Edge | Siemens Software<\/title>\n<meta name=\"robots\" content=\"index, follow, max-snippet:-1, max-image-preview:large, max-video-preview:-1\" \/>\n<link rel=\"canonical\" href=\"https:\/\/solidedge.siemens.com\/pl\/solutions\/products\/cloud-based-collaboration\/teamcenter-share\/\" \/>\n<meta property=\"og:locale\" content=\"pl_PL\" \/>\n<meta property=\"og:type\" content=\"article\" \/>\n<meta property=\"og:title\" content=\"Teamcenter Share | Solid Edge | Siemens Software\" \/>\n<meta property=\"og:description\" content=\"Nowy wymiar wsp\u00f3\u0142pracy z wykorzystaniem rozwi\u0105za\u0144 Teamcenter Share i Solid Edge Natychmiastowa, bezpieczna i \u0142atwa wsp\u00f3\u0142praca ze wsp\u00f3\u0142pracownikami, partnerami i klientami dzi\u0119ki opartemu na chmurze rozwi\u0105zaniu Teamcenter Share nowej generacji od firmy Siemens. Z\u0142o\u017cone problemy wymagaj\u0105 efektywnej wsp\u00f3\u0142pracy. Oprogramowanie [&hellip;]\" \/>\n<meta property=\"og:url\" content=\"https:\/\/solidedge.siemens.com\/pl\/solutions\/products\/cloud-based-collaboration\/teamcenter-share\/\" \/>\n<meta property=\"og:site_name\" content=\"Solid Edge\" \/>\n<meta property=\"article:publisher\" content=\"https:\/\/www.facebook.com\/solidedge\" \/>\n<meta property=\"article:modified_time\" content=\"2023-09-29T17:24:31+00:00\" \/>\n<meta name=\"twitter:card\" content=\"summary_large_image\" \/>\n<meta name=\"twitter:site\" content=\"@siemensplm\" \/>\n<meta name=\"twitter:label1\" content=\"Szacowany czas czytania\" \/>\n\t<meta name=\"twitter:data1\" content=\"4 minuty\" \/>\n<script type=\"application\/ld+json\" class=\"yoast-schema-graph\">{\"@context\":\"https:\/\/schema.org\",\"@graph\":[{\"@type\":\"Organization\",\"@id\":\"https:\/\/solidedge.siemens.com\/en\/#organization\",\"name\":\"Siemens Digital Industries Software\",\"url\":\"https:\/\/solidedge.siemens.com\/en\/\",\"sameAs\":[\"https:\/\/www.facebook.com\/solidedge\",\"https:\/\/www.instagram.com\/siemens\/\",\"https:\/\/www.linkedin.com\/company\/siemens-plm-software\",\"https:\/\/www.youtube.com\/user\/PolarionSoftware\",\"https:\/\/twitter.com\/siemensplm\"],\"logo\":{\"@type\":\"ImageObject\",\"@id\":\"https:\/\/solidedge.siemens.com\/en\/#logo\",\"inLanguage\":\"pl-PL\",\"url\":\"https:\/\/solidedge.siemens.com\/wp-content\/uploads\/2018\/04\/logo-siemens-ifl@2x.png\",\"contentUrl\":\"https:\/\/solidedge.siemens.com\/wp-content\/uploads\/2018\/04\/logo-siemens-ifl@2x.png\",\"width\":640,\"height\":270,\"caption\":\"Siemens Digital Industries Software\"},\"image\":{\"@id\":\"https:\/\/solidedge.siemens.com\/en\/#logo\"}},{\"@type\":\"WebSite\",\"@id\":\"https:\/\/solidedge.siemens.com\/en\/#website\",\"url\":\"https:\/\/solidedge.siemens.com\/en\/\",\"name\":\"Solid Edge\",\"description\":\"Siemens Software\",\"publisher\":{\"@id\":\"https:\/\/solidedge.siemens.com\/en\/#organization\"},\"potentialAction\":[{\"@type\":\"SearchAction\",\"target\":{\"@type\":\"EntryPoint\",\"urlTemplate\":\"https:\/\/solidedge.siemens.com\/en\/?s={search_term_string}\"},\"query-input\":\"required name=search_term_string\"}],\"inLanguage\":\"pl-PL\"},{\"@type\":\"WebPage\",\"@id\":\"https:\/\/solidedge.siemens.com\/pl\/solutions\/products\/cloud-based-collaboration\/teamcenter-share\/#webpage\",\"url\":\"https:\/\/solidedge.siemens.com\/pl\/solutions\/products\/cloud-based-collaboration\/teamcenter-share\/\",\"name\":\"Teamcenter Share | Solid Edge | Siemens Software\",\"isPartOf\":{\"@id\":\"https:\/\/solidedge.siemens.com\/en\/#website\"},\"datePublished\":\"2021-12-10T13:36:06+00:00\",\"dateModified\":\"2023-09-29T17:24:31+00:00\",\"breadcrumb\":{\"@id\":\"https:\/\/solidedge.siemens.com\/pl\/solutions\/products\/cloud-based-collaboration\/teamcenter-share\/#breadcrumb\"},\"inLanguage\":\"pl-PL\",\"potentialAction\":[{\"@type\":\"ReadAction\",\"target\":[\"https:\/\/solidedge.siemens.com\/pl\/solutions\/products\/cloud-based-collaboration\/teamcenter-share\/\"]}]},{\"@type\":\"BreadcrumbList\",\"@id\":\"https:\/\/solidedge.siemens.com\/pl\/solutions\/products\/cloud-based-collaboration\/teamcenter-share\/#breadcrumb\",\"itemListElement\":[{\"@type\":\"ListItem\",\"position\":1,\"name\":\"Home\",\"item\":\"https:\/\/solidedge.siemens.com\/en\/home-10\/\"},{\"@type\":\"ListItem\",\"position\":2,\"name\":\"Rozwi\u0105zania\",\"item\":\"https:\/\/solidedge.siemens.com\/pl\/solutions\/\"},{\"@type\":\"ListItem\",\"position\":3,\"name\":\"Produkty\",\"item\":\"https:\/\/solidedge.siemens.com\/pl\/solutions\/products\/\"},{\"@type\":\"ListItem\",\"position\":4,\"name\":\"Wsp&oacute;\u0142praca w&nbsp;chmurze\",\"item\":\"https:\/\/solidedge.siemens.com\/pl\/solutions\/products\/cloud-based-collaboration\/\"},{\"@type\":\"ListItem\",\"position\":5,\"name\":\"Teamcenter Share\"}]}]}<\/script>\n<!-- \/ Yoast SEO plugin. -->","yoast_head_json":{"title":"Teamcenter Share | Solid Edge | Siemens Software","robots":{"index":"index","follow":"follow","max-snippet":"max-snippet:-1","max-image-preview":"max-image-preview:large","max-video-preview":"max-video-preview:-1"},"canonical":"https:\/\/solidedge.siemens.com\/pl\/solutions\/products\/cloud-based-collaboration\/teamcenter-share\/","og_locale":"pl_PL","og_type":"article","og_title":"Teamcenter Share | Solid Edge | Siemens Software","og_description":"Nowy wymiar wsp\u00f3\u0142pracy z wykorzystaniem rozwi\u0105za\u0144 Teamcenter Share i Solid Edge Natychmiastowa, bezpieczna i \u0142atwa wsp\u00f3\u0142praca ze wsp\u00f3\u0142pracownikami, partnerami i klientami dzi\u0119ki opartemu na chmurze rozwi\u0105zaniu Teamcenter Share nowej generacji od firmy Siemens. Z\u0142o\u017cone problemy wymagaj\u0105 efektywnej wsp\u00f3\u0142pracy. Oprogramowanie [&hellip;]","og_url":"https:\/\/solidedge.siemens.com\/pl\/solutions\/products\/cloud-based-collaboration\/teamcenter-share\/","og_site_name":"Solid Edge","article_publisher":"https:\/\/www.facebook.com\/solidedge","article_modified_time":"2023-09-29T17:24:31+00:00","twitter_card":"summary_large_image","twitter_site":"@siemensplm","twitter_misc":{"Szacowany czas czytania":"4 minuty"},"schema":{"@context":"https:\/\/schema.org","@graph":[{"@type":"Organization","@id":"https:\/\/solidedge.siemens.com\/en\/#organization","name":"Siemens Digital Industries Software","url":"https:\/\/solidedge.siemens.com\/en\/","sameAs":["https:\/\/www.facebook.com\/solidedge","https:\/\/www.instagram.com\/siemens\/","https:\/\/www.linkedin.com\/company\/siemens-plm-software","https:\/\/www.youtube.com\/user\/PolarionSoftware","https:\/\/twitter.com\/siemensplm"],"logo":{"@type":"ImageObject","@id":"https:\/\/solidedge.siemens.com\/en\/#logo","inLanguage":"pl-PL","url":"https:\/\/solidedge.siemens.com\/wp-content\/uploads\/2018\/04\/logo-siemens-ifl@2x.png","contentUrl":"https:\/\/solidedge.siemens.com\/wp-content\/uploads\/2018\/04\/logo-siemens-ifl@2x.png","width":640,"height":270,"caption":"Siemens Digital Industries Software"},"image":{"@id":"https:\/\/solidedge.siemens.com\/en\/#logo"}},{"@type":"WebSite","@id":"https:\/\/solidedge.siemens.com\/en\/#website","url":"https:\/\/solidedge.siemens.com\/en\/","name":"Solid Edge","description":"Siemens Software","publisher":{"@id":"https:\/\/solidedge.siemens.com\/en\/#organization"},"potentialAction":[{"@type":"SearchAction","target":{"@type":"EntryPoint","urlTemplate":"https:\/\/solidedge.siemens.com\/en\/?s={search_term_string}"},"query-input":"required name=search_term_string"}],"inLanguage":"pl-PL"},{"@type":"WebPage","@id":"https:\/\/solidedge.siemens.com\/pl\/solutions\/products\/cloud-based-collaboration\/teamcenter-share\/#webpage","url":"https:\/\/solidedge.siemens.com\/pl\/solutions\/products\/cloud-based-collaboration\/teamcenter-share\/","name":"Teamcenter Share | Solid Edge | Siemens Software","isPartOf":{"@id":"https:\/\/solidedge.siemens.com\/en\/#website"},"datePublished":"2021-12-10T13:36:06+00:00","dateModified":"2023-09-29T17:24:31+00:00","breadcrumb":{"@id":"https:\/\/solidedge.siemens.com\/pl\/solutions\/products\/cloud-based-collaboration\/teamcenter-share\/#breadcrumb"},"inLanguage":"pl-PL","potentialAction":[{"@type":"ReadAction","target":["https:\/\/solidedge.siemens.com\/pl\/solutions\/products\/cloud-based-collaboration\/teamcenter-share\/"]}]},{"@type":"BreadcrumbList","@id":"https:\/\/solidedge.siemens.com\/pl\/solutions\/products\/cloud-based-collaboration\/teamcenter-share\/#breadcrumb","itemListElement":[{"@type":"ListItem","position":1,"name":"Home","item":"https:\/\/solidedge.siemens.com\/en\/home-10\/"},{"@type":"ListItem","position":2,"name":"Rozwi\u0105zania","item":"https:\/\/solidedge.siemens.com\/pl\/solutions\/"},{"@type":"ListItem","position":3,"name":"Produkty","item":"https:\/\/solidedge.siemens.com\/pl\/solutions\/products\/"},{"@type":"ListItem","position":4,"name":"Wsp&oacute;\u0142praca w&nbsp;chmurze","item":"https:\/\/solidedge.siemens.com\/pl\/solutions\/products\/cloud-based-collaboration\/"},{"@type":"ListItem","position":5,"name":"Teamcenter Share"}]}]}},"_links":{"self":[{"href":"https:\/\/solidedge.siemens.com\/pl\/wp-json\/wp\/v2\/pages\/55568"}],"collection":[{"href":"https:\/\/solidedge.siemens.com\/pl\/wp-json\/wp\/v2\/pages"}],"about":[{"href":"https:\/\/solidedge.siemens.com\/pl\/wp-json\/wp\/v2\/types\/page"}],"author":[{"embeddable":true,"href":"https:\/\/solidedge.siemens.com\/pl\/wp-json\/wp\/v2\/users\/20"}],"replies":[{"embeddable":true,"href":"https:\/\/solidedge.siemens.com\/pl\/wp-json\/wp\/v2\/comments?post=55568"}],"version-history":[{"count":6,"href":"https:\/\/solidedge.siemens.com\/pl\/wp-json\/wp\/v2\/pages\/55568\/revisions"}],"predecessor-version":[{"id":66672,"href":"https:\/\/solidedge.siemens.com\/pl\/wp-json\/wp\/v2\/pages\/55568\/revisions\/66672"}],"up":[{"embeddable":true,"href":"https:\/\/solidedge.siemens.com\/pl\/wp-json\/wp\/v2\/pages\/1445"}],"wp:attachment":[{"href":"https:\/\/solidedge.siemens.com\/pl\/wp-json\/wp\/v2\/media?parent=55568"}],"curies":[{"name":"wp","href":"https:\/\/api.w.org\/{rel}","templated":true}]}}