{"id":49967,"date":"2021-12-10T08:29:55","date_gmt":"2021-12-10T13:29:55","guid":{"rendered":"https:\/\/solidedge.siemens.com\/?page_id=49967"},"modified":"2021-12-10T08:30:13","modified_gmt":"2021-12-10T13:30:13","slug":"industrial-design-software","status":"publish","type":"page","link":"https:\/\/solidedge.siemens.com\/pl\/solutions\/products\/3d-design\/industrial-design-software\/","title":{"rendered":"Projektowanie przemys\u0142owe i stylizacja"},"content":{"rendered":"<p>[vc_row full_width=&#8221;stretch_row&#8221; full_height=&#8221;yes&#8221; content_placement=&#8221;middle&#8221; css=&#8221;.vc_custom_1632315140284{background: #a6a6a6 url(https:\/\/solidedge.siemens.com\/wp-content\/uploads\/2021\/09\/Industrial-Design-Styling-Header-v1.png?id=50061) !important;background-position: center !important;background-repeat: no-repeat !important;background-size: cover !important;}&#8221; el_class=&#8221;vc-row-hero-banner&#8221;][vc_column][vc_column_text el_class=&#8221;.vc-el-callout&#8221;]<\/p>\n<h1>Projektowanie przemys\u0142owe w&nbsp;Solid Edge<\/h1>\n<p>Projektowanie przemys\u0142owe umo\u017cliwia tworzenie warto\u015bci produktu. Atrakcyjne wizualnie projekty, kt&oacute;re s\u0105 jednocze\u015bnie funkcjonalne i mo\u017cliwe do wyprodukowania, zapewniaj\u0105 firmom przewag\u0119 konkurencyjn\u0105. Oprogramowanie Solid Edge oferuje zaawansowane funkcje tworzenia kszta\u0142t&oacute;w i manipulowania nimi, pozwalaj\u0105c na opracowywanie wyj\u0105tkowych produkt&oacute;w, kt&oacute;re wyr&oacute;\u017cniaj\u0105 si\u0119 na zat\u0142oczonym rynku.<\/p>\n<p><a class=\"action-button\" href=\"\/en\/try-now\/\"><i class=\"icon-ext\"><\/i>Wypr&oacute;buj program Solid Edge bez op\u0142at<\/a>[\/vc_column_text][\/vc_column][\/vc_row][vc_row full_width=&#8221;stretch_row&#8221; el_class=&#8221;vc-row-shoutbox&#8221; css=&#8221;.vc_custom_1524241646732{background-color: #003750 !important;}&#8221;][vc_column width=&#8221;1\/3&#8243;][vc_single_image image=&#8221;21776&#8243; img_size=&#8221;full&#8221; alignment=&#8221;center&#8221;][\/vc_column][vc_column width=&#8221;2\/3&#8243;][vc_column_text el_class=&#8221;vc-el-lead-in&#8221;]E-book<\/p>\n<h2>Najlepsze praktyki przy projektowaniu skomplikowanych kszta\u0142t&oacute;w<\/h2>\n<p>Narz\u0119dzia do projektowania wspomaganego komputerowo (CAD) to doskona\u0142y spos&oacute;b na tworzenie i&nbsp;prezentowanie koncepcji, jednak projektowanie z\u0142o\u017conych kszta\u0142t&oacute;w mo\u017ce stanowi\u0107 wyzwanie dla wielu konstruktor&oacute;w. W&nbsp;niniejszym e-booku om&oacute;wimy uniwersalne zasady tworzenia zaawansowanych element&oacute;w, kt&oacute;re mo\u017cna \u0142atwo wykorzysta\u0107 w&nbsp;praktyce.<\/p>\n<p><a class=\"action-button\" href=\"https:\/\/solidedge.siemens.com\/en\/resource\/ebook\/best-practices-in-complex-shape-design\/\" target=\"_blank\" rel=\"noopener\"><i class=\"icon-ext\"><\/i>Pobierz teraz<\/a>[\/vc_column_text][\/vc_column][\/vc_row][vc_row][vc_column][vc_column_text el_class=&#8221;vc-el-lead-in&#8221;]Funkcje<\/p>\n<h2>Projektowanie produkt&oacute;w atrakcyjnych pod wzgl\u0119dem estetycznym<\/h2>\n<p>Estetycznie atrakcyjne produkty wywo\u0142uj\u0105 u klient&oacute;w emocjonaln\u0105 reakcj\u0119, dzi\u0119ki czemu producenci mog\u0105 oferowa\u0107 wy\u017csze ceny i budowa\u0107 lojalno\u015b\u0107. Jednak projektowanie skomplikowanych kszta\u0142t&oacute;w mo\u017ce stanowi\u0107 wyzwanie nawet dla najbardziej do\u015bwiadczonych profesjonalist&oacute;w. Oprogramowanie Solid Edge oferuje funkcje tworzenia kszta\u0142t&oacute;w, manipulowania nimi i sprawdzania ich poprawno\u015bci, pozwalaj\u0105ce nawet pocz\u0105tkuj\u0105cym u\u017cytkownikom na \u0142atwe tworzenie i szybk\u0105 wizualizacj\u0119 kszta\u0142t&oacute;w swobodnych o wysokim poziomie z\u0142o\u017cono\u015bci.[\/vc_column_text][vc_row_inner el_class=&#8221;vc-row-image-teasers&#8221;][vc_column_inner width=&#8221;1\/2&#8243;][vc_single_image image=&#8221;50108&#8243; img_size=&#8221;full&#8221; alignment=&#8221;center&#8221; onclick=&#8221;custom_link&#8221; link=&#8221;https:%2F%2Fsolidedge.siemens.com%2Fen%2Fsolutions%2Fproducts%2F3d-design%2F3d-rendering%2F|&#8221;][vc_column_text]<\/p>\n<h3><a href=\"https:\/\/solidedge.siemens.com\/pl\/solutions\/products\/3d-design\/industrial-design-software\/3d-rendering\/\">Renderowanie 3D<\/a><\/h3>\n<p>Generowanie fotorealistycznych obraz&oacute;w u\u0142atwia prezentacj\u0119 projekt&oacute;w i&nbsp;pozwala na otrzymanie informacji zwrotnej jeszcze przed stworzeniem kosztownych prototyp&oacute;w.[\/vc_column_text][\/vc_column_inner][vc_column_inner width=&#8221;1\/2&#8243;][vc_single_image image=&#8221;50129&#8243; img_size=&#8221;full&#8221; alignment=&#8221;center&#8221; onclick=&#8221;custom_link&#8221; link=&#8221;https:%2F%2Fsolidedge.siemens.com%2Fen%2Fsolutions%2Fproducts%2F3d-design%2Fsubdivision-modeling%2F|&#8221;][vc_column_text]<\/p>\n<h3><a href=\"https:\/\/solidedge.siemens.com\/pl\/solutions\/products\/3d-design\/industrial-design-software\/subdivision-modeling\/\">Modelowanie powierzchni podzia\u0142owych<\/a><\/h3>\n<p>Tw&oacute;rz unikatowe produkty o&nbsp;naturalnych kszta\u0142tach przy u\u017cyciu intuicyjnej techniki swobodnego modelowania.[\/vc_column_text][\/vc_column_inner][\/vc_row_inner][\/vc_column][\/vc_row][vc_row full_width=&#8221;stretch_row&#8221; el_class=&#8221;vc-row-image-story-overview&#8221; css=&#8221;.vc_custom_1524848429910{background-color: #ebf0f4 !important;}&#8221;][vc_column][vc_row_inner][vc_column_inner width=&#8221;2\/3&#8243; offset=&#8221;vc_col-md-6&#8243;][vc_column_text el_class=&#8221;vc-el-lead-in&#8221;]Historia klienta<\/p>\n<h2>Rozwijanie innowacji przez projektowanie produkt&oacute;w z wykorzystaniem wcze\u015bniejszych do\u015bwiadcze\u0144<\/h2>\n<p>The Fuel, brytyjska firma konsultingowa specjalizuj\u0105ca si\u0119 w projektowaniu przemys\u0142owym dla czo\u0142owych marek i firm technologicznych, polega na oprogramowaniu Solid Edge przy projektowaniu wygl\u0105du, fizycznych interakcji i wszystkich pozosta\u0142ych aspekt&oacute;w u\u017cytkowania produktu, r&oacute;wnowa\u017c\u0105c potrzeby dotycz\u0105ce ludzkiego zachowania, technologii i marketingu.<\/p>\n<p style=\"text-align: left;\"><a class=\"secondary-button\" href=\"https:\/\/blogs.sw.siemens.com\/solidedge\/startup-spotlight-solid-edge-fuels-next-generation-industrial-design\/\" target=\"_blank\" rel=\"noopener\"><i class=\"icon-ext\"><\/i>Wi\u0119cej informacji<\/a><\/p>\n<p>[\/vc_column_text][\/vc_column_inner][vc_column_inner width=&#8221;1\/3&#8243; offset=&#8221;vc_col-md-6&#8243;][vc_single_image image=&#8221;52121&#8243; img_size=&#8221;medium&#8221; alignment=&#8221;center&#8221;][\/vc_column_inner][\/vc_row_inner][\/vc_column][\/vc_row][vc_row full_width=&#8221;stretch_row&#8221; el_class=&#8221;vc-row-free-software&#8221; css=&#8221;.vc_custom_1542723573593{background-color: #006486 !important;}&#8221;][vc_column][vc_column_text el_class=&#8221;vc-el-lead-in&#8221;]Oferty<\/p>\n<h2>Bezp\u0142atne oprogramowanie do projektowania 3D<\/h2>\n<p>[\/vc_column_text][vc_row_inner equal_height=&#8221;yes&#8221;][vc_column_inner width=&#8221;1\/2&#8243; offset=&#8221;vc_col-md-5&#8243;]<div class=\"wpb_content_block wpb_content_element\"><div class=\"wpb_wrapper\"><div class=\"content_block\" id=\"custom_post_widget-419\"><p>[vc_row][vc_column][vc_column_text]<\/p>\n<h3>Bezp\u0142atne oprogramowanie dla startup\u00f3w<\/h3>\n<p>Startupy na wczesnym etapie dzia\u0142alno\u015bci, istniej\u0105ce kr\u00f3cej ni\u017c trzy lata, mog\u0105 z\u0142o\u017cy\u0107 wniosek o bezp\u0142atn\u0105 wersj\u0119 oprogramowania Solid Edge. Bez op\u0142aty manipulacyjnej![\/vc_column_text][vc_column_text]<a class=\"action-button\" href=\"https:\/\/www.plm.automation.siemens.com\/global\/en\/topic\/solid-edge-for-startups\/8335\"><i class=\"icon-ext\"><\/i>Z\u0142\u00f3\u017c wniosek ju\u017c teraz<\/a>[\/vc_column_text][\/vc_column][\/vc_row]<\/p>\n<\/div><\/div><\/div>[\/vc_column_inner][vc_column_inner width=&#8221;1\/2&#8243; offset=&#8221;vc_col-md-offset-2 vc_col-md-5&#8243;]<div class=\"wpb_content_block wpb_content_element\"><div class=\"wpb_wrapper\"><div class=\"content_block\" id=\"custom_post_widget-420\"><p>[vc_row][vc_column][vc_column_text]<\/p>\n<h3>Pobierz bezp\u0142atne oprogramowanie Solid Edge dla student\u00f3w<\/h3>\n<p>Zdobywaj wymagane umiej\u0119tno\u015bci za pomoc\u0105 oprogramowania Solid Edge Student Edition, kt\u00f3ra jest bezp\u0142atn\u0105 wersj\u0105 tego samego \u0142atwego do opanowania pakietu oprogramowania u\u017cywanego przez profesjonalist\u00f3w.<br \/>\n[\/vc_column_text][vc_column_text]<a class=\"action-button\" href=\"https:\/\/www.plm.automation.siemens.com\/plmapp\/education\/solid-edge\/pl_pl\/free-software\/student\"><i class=\"icon-ext\"><\/i>Pobierz teraz<\/a>[\/vc_column_text][\/vc_column][\/vc_row]<\/p>\n<\/div><\/div><\/div>[\/vc_column_inner][\/vc_row_inner][\/vc_column][\/vc_row][vc_row full_width=&#8221;stretch_row&#8221; el_class=&#8221;vc-row-related-content&#8221; css=&#8221;.vc_custom_1524184785822{background-color: #347eb5 !important;}&#8221;][vc_column][vc_column_text]<\/p>\n<h2>Powi\u0105zane tre\u015bci<\/h2>\n<p>[\/vc_column_text]<div id=\"ult-carousel-188419460669fab34faf540\" class=\"ult-carousel-wrapper  vc-el-carousel-related-content ult_horizontal\" data-gutter=\"0\" data-rtl=\"false\" ><div class=\"ult-carousel-132052190369fab34faf520 \" >[vc_column_text]<a href=\"https:\/\/solidedge.siemens.com\/en\/resource\/ebook\/subdivision-modeling\/\">E-book po\u015bwi\u0119cony projektowaniu z\u0142o\u017conych kszta\u0142t&oacute;w produkt&oacute;w konsumenckich<\/a>[\/vc_column_text][vc_column_text]<a href=\"https:\/\/solidedge.siemens.com\/en\/resource\/ebook\/best-practices-in-complex-shape-design\/\">E-book po\u015bwi\u0119cony najlepszym praktykom dotycz\u0105cym projektowania z\u0142o\u017conych kszta\u0142t&oacute;w<\/a>[\/vc_column_text][vc_column_text]<a href=\"https:\/\/solidedge.siemens.com\/pl\/resources\/tutorials\/\">Samouczki Solid Edge<\/a>[\/vc_column_text][vc_column_text]<a href=\"https:\/\/community.sw.siemens.com\/s\/topic\/0TO4O000000MihiWAC\/solid-edge\">Spo\u0142eczno\u015b\u0107 Solid Edge<\/a>[\/vc_column_text]<\/div><\/div>\t\t\t<script type=\"text\/javascript\">\r\n\t\t\t\tjQuery(document).ready(function ($) {\r\n\t\t\t\t\tif( typeof jQuery('.ult-carousel-132052190369fab34faf520').slick == \"function\"){\r\n\t\t\t\t\t\t$('.ult-carousel-132052190369fab34faf520').slick({dots: true,autoplaySpeed: 5000,speed: 500,infinite: false,arrows: true,nextArrow: '<button type=\"button\" role=\"button\" aria-label=\"Next\" style=\"color:#ffffff; font-size:30px;background:rgba(255,255,255,0.2);\" class=\"slick-next square-bg\"><i class=\"ultsl-arrow-right6\"><\/i><\/button>',prevArrow: '<button type=\"button\" role=\"button\" aria-label=\"Previous\" style=\"color:#ffffff; font-size:30px;background:rgba(255,255,255,0.2);\" class=\"slick-prev square-bg\"><i class=\"ultsl-arrow-left6\"><\/i><\/button>',slidesToScroll:4,slidesToShow:4,swipe: true,draggable: true,touchMove: true,pauseOnHover: true,pauseOnFocus: false,responsive: [\r\n\t\t\t\t\t\t\t{\r\n\t\t\t\t\t\t\t  breakpoint: 1026,\r\n\t\t\t\t\t\t\t  settings: {\r\n\t\t\t\t\t\t\t\tslidesToShow: 4,\r\n\t\t\t\t\t\t\t\tslidesToScroll: 4,  \r\n\t\t\t\t\t\t\t  }\r\n\t\t\t\t\t\t\t},\r\n\t\t\t\t\t\t\t{\r\n\t\t\t\t\t\t\t  breakpoint: 1025,\r\n\t\t\t\t\t\t\t  settings: {\r\n\t\t\t\t\t\t\t\tslidesToShow: 2,\r\n\t\t\t\t\t\t\t\tslidesToScroll: 2\r\n\t\t\t\t\t\t\t  }\r\n\t\t\t\t\t\t\t},\r\n\t\t\t\t\t\t\t{\r\n\t\t\t\t\t\t\t  breakpoint: 760,\r\n\t\t\t\t\t\t\t  settings: {\r\n\t\t\t\t\t\t\t\tslidesToShow: 1,\r\n\t\t\t\t\t\t\t\tslidesToScroll: 1\r\n\t\t\t\t\t\t\t  }\r\n\t\t\t\t\t\t\t}\r\n\t\t\t\t\t\t],pauseOnDotsHover: true,customPaging: function(slider, i) {\r\n                   return '<i type=\"button\" style= \"color:#ffffff;\" class=\"ultsl-record\" data-role=\"none\"><\/i>';\r\n                },});\r\n\t\t\t\t\t}\r\n\t\t\t\t});\r\n\t\t\t<\/script>\r\n\t\t\t[\/vc_column][\/vc_row]<\/p>\n","protected":false},"excerpt":{"rendered":"<p> Projektowanie przemys\u0142owe w&nbsp;Solid Edge Projektowanie przemys\u0142owe umo\u017cliwia tworzenie warto\u015bci produktu. Atrakcyjne wizualnie projekty, kt&oacute;re s\u0105 jednocze\u015bnie funkcjonalne i mo\u017cliwe do wyprodukowania, zapewniaj\u0105 firmom przewag\u0119 konkurencyjn\u0105. Oprogramowanie Solid Edge oferuje zaawansowane funkcje tworzenia kszta\u0142t&oacute;w i manipulowania nimi, pozwalaj\u0105c na opracowywanie [&hellip;]<\/p>\n","protected":false},"author":44,"featured_media":0,"parent":2744,"menu_order":5,"comment_status":"closed","ping_status":"closed","template":"","meta":{"inline_featured_image":false},"yoast_head":"<!-- This site is optimized with the Yoast SEO plugin v18.4.1 - https:\/\/yoast.com\/wordpress\/plugins\/seo\/ -->\n<title>Oprogramowanie do projektowania przemys\u0142owego l Solid Edge l Siemens<\/title>\n<meta name=\"description\" content=\"Zaawansowane funkcje tworzenia kszta\u0142t\u00f3w i manipulowania nimi oferowane przez oprogramowanie Solid Edge pozwalaj\u0105 na projektowanie wyj\u0105tkowych produkt\u00f3w, kt\u00f3re wyr\u00f3\u017cniaj\u0105 si\u0119 na zat\u0142oczonym rynku.\" \/>\n<meta name=\"robots\" content=\"index, follow, max-snippet:-1, max-image-preview:large, max-video-preview:-1\" \/>\n<link rel=\"canonical\" href=\"https:\/\/solidedge.siemens.com\/pl\/solutions\/products\/3d-design\/industrial-design-software\/\" \/>\n<meta property=\"og:locale\" content=\"pl_PL\" \/>\n<meta property=\"og:type\" content=\"article\" \/>\n<meta property=\"og:title\" content=\"Oprogramowanie do projektowania przemys\u0142owego l Solid Edge l Siemens\" \/>\n<meta property=\"og:description\" content=\"Zaawansowane funkcje tworzenia kszta\u0142t\u00f3w i manipulowania nimi oferowane przez oprogramowanie Solid Edge pozwalaj\u0105 na projektowanie wyj\u0105tkowych produkt\u00f3w, kt\u00f3re wyr\u00f3\u017cniaj\u0105 si\u0119 na zat\u0142oczonym rynku.\" \/>\n<meta property=\"og:url\" content=\"https:\/\/solidedge.siemens.com\/pl\/solutions\/products\/3d-design\/industrial-design-software\/\" \/>\n<meta property=\"og:site_name\" content=\"Solid Edge\" \/>\n<meta property=\"article:publisher\" content=\"https:\/\/www.facebook.com\/solidedge\" \/>\n<meta property=\"article:modified_time\" content=\"2021-12-10T13:30:13+00:00\" \/>\n<meta name=\"twitter:card\" content=\"summary_large_image\" \/>\n<meta name=\"twitter:site\" content=\"@siemensplm\" \/>\n<meta name=\"twitter:label1\" content=\"Szacowany czas czytania\" \/>\n\t<meta name=\"twitter:data1\" content=\"4 minuty\" \/>\n<script type=\"application\/ld+json\" class=\"yoast-schema-graph\">{\"@context\":\"https:\/\/schema.org\",\"@graph\":[{\"@type\":\"Organization\",\"@id\":\"https:\/\/solidedge.siemens.com\/en\/#organization\",\"name\":\"Siemens Digital Industries Software\",\"url\":\"https:\/\/solidedge.siemens.com\/en\/\",\"sameAs\":[\"https:\/\/www.facebook.com\/solidedge\",\"https:\/\/www.instagram.com\/siemens\/\",\"https:\/\/www.linkedin.com\/company\/siemens-plm-software\",\"https:\/\/www.youtube.com\/user\/PolarionSoftware\",\"https:\/\/twitter.com\/siemensplm\"],\"logo\":{\"@type\":\"ImageObject\",\"@id\":\"https:\/\/solidedge.siemens.com\/en\/#logo\",\"inLanguage\":\"pl-PL\",\"url\":\"https:\/\/solidedge.siemens.com\/wp-content\/uploads\/2018\/04\/logo-siemens-ifl@2x.png\",\"contentUrl\":\"https:\/\/solidedge.siemens.com\/wp-content\/uploads\/2018\/04\/logo-siemens-ifl@2x.png\",\"width\":640,\"height\":270,\"caption\":\"Siemens Digital Industries Software\"},\"image\":{\"@id\":\"https:\/\/solidedge.siemens.com\/en\/#logo\"}},{\"@type\":\"WebSite\",\"@id\":\"https:\/\/solidedge.siemens.com\/en\/#website\",\"url\":\"https:\/\/solidedge.siemens.com\/en\/\",\"name\":\"Solid Edge\",\"description\":\"Siemens Software\",\"publisher\":{\"@id\":\"https:\/\/solidedge.siemens.com\/en\/#organization\"},\"potentialAction\":[{\"@type\":\"SearchAction\",\"target\":{\"@type\":\"EntryPoint\",\"urlTemplate\":\"https:\/\/solidedge.siemens.com\/en\/?s={search_term_string}\"},\"query-input\":\"required name=search_term_string\"}],\"inLanguage\":\"pl-PL\"},{\"@type\":\"WebPage\",\"@id\":\"https:\/\/solidedge.siemens.com\/pl\/solutions\/products\/3d-design\/industrial-design-software\/#webpage\",\"url\":\"https:\/\/solidedge.siemens.com\/pl\/solutions\/products\/3d-design\/industrial-design-software\/\",\"name\":\"Oprogramowanie do projektowania przemys\u0142owego l Solid Edge l Siemens\",\"isPartOf\":{\"@id\":\"https:\/\/solidedge.siemens.com\/en\/#website\"},\"datePublished\":\"2021-12-10T13:29:55+00:00\",\"dateModified\":\"2021-12-10T13:30:13+00:00\",\"description\":\"Zaawansowane funkcje tworzenia kszta\u0142t\u00f3w i manipulowania nimi oferowane przez oprogramowanie Solid Edge pozwalaj\u0105 na projektowanie wyj\u0105tkowych produkt\u00f3w, kt\u00f3re wyr\u00f3\u017cniaj\u0105 si\u0119 na zat\u0142oczonym rynku.\",\"breadcrumb\":{\"@id\":\"https:\/\/solidedge.siemens.com\/pl\/solutions\/products\/3d-design\/industrial-design-software\/#breadcrumb\"},\"inLanguage\":\"pl-PL\",\"potentialAction\":[{\"@type\":\"ReadAction\",\"target\":[\"https:\/\/solidedge.siemens.com\/pl\/solutions\/products\/3d-design\/industrial-design-software\/\"]}]},{\"@type\":\"BreadcrumbList\",\"@id\":\"https:\/\/solidedge.siemens.com\/pl\/solutions\/products\/3d-design\/industrial-design-software\/#breadcrumb\",\"itemListElement\":[{\"@type\":\"ListItem\",\"position\":1,\"name\":\"Home\",\"item\":\"https:\/\/solidedge.siemens.com\/en\/home-10\/\"},{\"@type\":\"ListItem\",\"position\":2,\"name\":\"Rozwi\u0105zania\",\"item\":\"https:\/\/solidedge.siemens.com\/pl\/solutions\/\"},{\"@type\":\"ListItem\",\"position\":3,\"name\":\"Produkty\",\"item\":\"https:\/\/solidedge.siemens.com\/pl\/solutions\/products\/\"},{\"@type\":\"ListItem\",\"position\":4,\"name\":\"Projektowanie 3D\",\"item\":\"https:\/\/solidedge.siemens.com\/pl\/solutions\/products\/3d-design\/\"},{\"@type\":\"ListItem\",\"position\":5,\"name\":\"Projektowanie przemys\u0142owe i stylizacja\"}]}]}<\/script>\n<!-- \/ Yoast SEO plugin. -->","yoast_head_json":{"title":"Oprogramowanie do projektowania przemys\u0142owego l Solid Edge l Siemens","description":"Zaawansowane funkcje tworzenia kszta\u0142t\u00f3w i manipulowania nimi oferowane przez oprogramowanie Solid Edge pozwalaj\u0105 na projektowanie wyj\u0105tkowych produkt\u00f3w, kt\u00f3re wyr\u00f3\u017cniaj\u0105 si\u0119 na zat\u0142oczonym rynku.","robots":{"index":"index","follow":"follow","max-snippet":"max-snippet:-1","max-image-preview":"max-image-preview:large","max-video-preview":"max-video-preview:-1"},"canonical":"https:\/\/solidedge.siemens.com\/pl\/solutions\/products\/3d-design\/industrial-design-software\/","og_locale":"pl_PL","og_type":"article","og_title":"Oprogramowanie do projektowania przemys\u0142owego l Solid Edge l Siemens","og_description":"Zaawansowane funkcje tworzenia kszta\u0142t\u00f3w i manipulowania nimi oferowane przez oprogramowanie Solid Edge pozwalaj\u0105 na projektowanie wyj\u0105tkowych produkt\u00f3w, kt\u00f3re wyr\u00f3\u017cniaj\u0105 si\u0119 na zat\u0142oczonym rynku.","og_url":"https:\/\/solidedge.siemens.com\/pl\/solutions\/products\/3d-design\/industrial-design-software\/","og_site_name":"Solid Edge","article_publisher":"https:\/\/www.facebook.com\/solidedge","article_modified_time":"2021-12-10T13:30:13+00:00","twitter_card":"summary_large_image","twitter_site":"@siemensplm","twitter_misc":{"Szacowany czas czytania":"4 minuty"},"schema":{"@context":"https:\/\/schema.org","@graph":[{"@type":"Organization","@id":"https:\/\/solidedge.siemens.com\/en\/#organization","name":"Siemens Digital Industries Software","url":"https:\/\/solidedge.siemens.com\/en\/","sameAs":["https:\/\/www.facebook.com\/solidedge","https:\/\/www.instagram.com\/siemens\/","https:\/\/www.linkedin.com\/company\/siemens-plm-software","https:\/\/www.youtube.com\/user\/PolarionSoftware","https:\/\/twitter.com\/siemensplm"],"logo":{"@type":"ImageObject","@id":"https:\/\/solidedge.siemens.com\/en\/#logo","inLanguage":"pl-PL","url":"https:\/\/solidedge.siemens.com\/wp-content\/uploads\/2018\/04\/logo-siemens-ifl@2x.png","contentUrl":"https:\/\/solidedge.siemens.com\/wp-content\/uploads\/2018\/04\/logo-siemens-ifl@2x.png","width":640,"height":270,"caption":"Siemens Digital Industries Software"},"image":{"@id":"https:\/\/solidedge.siemens.com\/en\/#logo"}},{"@type":"WebSite","@id":"https:\/\/solidedge.siemens.com\/en\/#website","url":"https:\/\/solidedge.siemens.com\/en\/","name":"Solid Edge","description":"Siemens Software","publisher":{"@id":"https:\/\/solidedge.siemens.com\/en\/#organization"},"potentialAction":[{"@type":"SearchAction","target":{"@type":"EntryPoint","urlTemplate":"https:\/\/solidedge.siemens.com\/en\/?s={search_term_string}"},"query-input":"required name=search_term_string"}],"inLanguage":"pl-PL"},{"@type":"WebPage","@id":"https:\/\/solidedge.siemens.com\/pl\/solutions\/products\/3d-design\/industrial-design-software\/#webpage","url":"https:\/\/solidedge.siemens.com\/pl\/solutions\/products\/3d-design\/industrial-design-software\/","name":"Oprogramowanie do projektowania przemys\u0142owego l Solid Edge l Siemens","isPartOf":{"@id":"https:\/\/solidedge.siemens.com\/en\/#website"},"datePublished":"2021-12-10T13:29:55+00:00","dateModified":"2021-12-10T13:30:13+00:00","description":"Zaawansowane funkcje tworzenia kszta\u0142t\u00f3w i manipulowania nimi oferowane przez oprogramowanie Solid Edge pozwalaj\u0105 na projektowanie wyj\u0105tkowych produkt\u00f3w, kt\u00f3re wyr\u00f3\u017cniaj\u0105 si\u0119 na zat\u0142oczonym rynku.","breadcrumb":{"@id":"https:\/\/solidedge.siemens.com\/pl\/solutions\/products\/3d-design\/industrial-design-software\/#breadcrumb"},"inLanguage":"pl-PL","potentialAction":[{"@type":"ReadAction","target":["https:\/\/solidedge.siemens.com\/pl\/solutions\/products\/3d-design\/industrial-design-software\/"]}]},{"@type":"BreadcrumbList","@id":"https:\/\/solidedge.siemens.com\/pl\/solutions\/products\/3d-design\/industrial-design-software\/#breadcrumb","itemListElement":[{"@type":"ListItem","position":1,"name":"Home","item":"https:\/\/solidedge.siemens.com\/en\/home-10\/"},{"@type":"ListItem","position":2,"name":"Rozwi\u0105zania","item":"https:\/\/solidedge.siemens.com\/pl\/solutions\/"},{"@type":"ListItem","position":3,"name":"Produkty","item":"https:\/\/solidedge.siemens.com\/pl\/solutions\/products\/"},{"@type":"ListItem","position":4,"name":"Projektowanie 3D","item":"https:\/\/solidedge.siemens.com\/pl\/solutions\/products\/3d-design\/"},{"@type":"ListItem","position":5,"name":"Projektowanie przemys\u0142owe i stylizacja"}]}]}},"_links":{"self":[{"href":"https:\/\/solidedge.siemens.com\/pl\/wp-json\/wp\/v2\/pages\/49967"}],"collection":[{"href":"https:\/\/solidedge.siemens.com\/pl\/wp-json\/wp\/v2\/pages"}],"about":[{"href":"https:\/\/solidedge.siemens.com\/pl\/wp-json\/wp\/v2\/types\/page"}],"author":[{"embeddable":true,"href":"https:\/\/solidedge.siemens.com\/pl\/wp-json\/wp\/v2\/users\/44"}],"replies":[{"embeddable":true,"href":"https:\/\/solidedge.siemens.com\/pl\/wp-json\/wp\/v2\/comments?post=49967"}],"version-history":[{"count":9,"href":"https:\/\/solidedge.siemens.com\/pl\/wp-json\/wp\/v2\/pages\/49967\/revisions"}],"predecessor-version":[{"id":55567,"href":"https:\/\/solidedge.siemens.com\/pl\/wp-json\/wp\/v2\/pages\/49967\/revisions\/55567"}],"up":[{"embeddable":true,"href":"https:\/\/solidedge.siemens.com\/pl\/wp-json\/wp\/v2\/pages\/2744"}],"wp:attachment":[{"href":"https:\/\/solidedge.siemens.com\/pl\/wp-json\/wp\/v2\/media?parent=49967"}],"curies":[{"name":"wp","href":"https:\/\/api.w.org\/{rel}","templated":true}]}}