{"id":49856,"date":"2021-12-10T08:59:51","date_gmt":"2021-12-10T13:59:51","guid":{"rendered":"https:\/\/solidedge.siemens.com\/?page_id=49856"},"modified":"2021-12-10T09:00:10","modified_gmt":"2021-12-10T14:00:10","slug":"design-configurator","status":"publish","type":"page","link":"https:\/\/solidedge.siemens.com\/pl\/solutions\/products\/3d-design\/design-configurator\/","title":{"rendered":"Design Configurator"},"content":{"rendered":"<p>[vc_row full_width=&#8221;stretch_row&#8221; full_height=&#8221;yes&#8221; content_placement=&#8221;middle&#8221; css=&#8221;.vc_custom_1632241308287{background: #a6a6a6 url(https:\/\/solidedge.siemens.com\/wp-content\/uploads\/2021\/09\/design-configurator-hero-scaled.jpg?id=49888) !important;background-position: center !important;background-repeat: no-repeat !important;background-size: cover !important;}&#8221; el_class=&#8221;vc-row-hero-banner&#8221;][vc_column][vc_column_text el_class=&#8221;.vc-el-callout&#8221;]<\/p>\n<h1>Solid Edge Design Configurator<\/h1>\n<p>Solid Edge\u00ae Design Configurator udost\u0119pnia niezwykle skuteczne funkcje automatyzacji projektowania w \u015brodowisku Solid Edge. Aplikacja do automatyzacji projektowania dodaje oparte o&nbsp;regu\u0142y funkcje automatyzacji do znanego \u015brodowiska Solid Edge do projektowania konstrukcji mechanicznych. Ca\u0142kowicie wbudowana w \u015brodowisko Solid Edge, umo\u017cliwia szybkie dostosowywanie produkt&oacute;w na podstawie parametr&oacute;w i regu\u0142 projektowych, zwi\u0119kszaj\u0105c produktywno\u015b\u0107 i szybko\u015b\u0107 projektowania.<\/p>\n<p><a class=\"action-button\" href=\"\/en\/try-now\/\"><i class=\"icon-ext\"><\/i>Wypr&oacute;buj Solid Edge bez op\u0142at<\/a>[\/vc_column_text][\/vc_column][\/vc_row][vc_row][vc_column][vc_column_text el_class=&#8221;vc-el-lead-in&#8221;]Funkcje<\/p>\n<h2>Tw&oacute;rz niestandardowe projekty jednym klikni\u0119ciem<\/h2>\n<p>[\/vc_column_text][vc_row_inner el_class=&#8221;vc-row-image-teasers&#8221;][vc_column_inner width=&#8221;1\/3&#8243;][vc_column_text]<\/p>\n<h3>Zwi\u0119kszaj produktywno\u015b\u0107 i szybko\u015b\u0107 projektowania<\/h3>\n<p>Rejestruj regu\u0142y in\u017cynieryjne i parametry steruj\u0105ce projektem produktu w celu zautomatyzowania procesu in\u017cynierii na zam&oacute;wienie. Zwalnia to czas na opracowywanie innowacji produktowych. Regu\u0142y konfiguracji s\u0105 definiowane w oprogramowaniu Solid Edge, przy u\u017cyciu procesu prowadzonego krok po kroku, bez konieczno\u015bci dysponowania wiedz\u0105 z zakresu programowania.[\/vc_column_text][\/vc_column_inner][vc_column_inner width=&#8221;1\/3&#8243;][vc_column_text]<\/p>\n<h3>Szybkie projektowanie na podstawie specyfikacji klienta<\/h3>\n<p>Szybko opracowuj projekty produkt&oacute;w na podstawie specyfikacji klienta przy jednoczesnym wyeliminowaniu kosztownych b\u0142\u0119d&oacute;w zwi\u0105zanych z r\u0119cznym dostosowywaniem projektu. Generuj nowe projekty bez opuszczania \u015brodowiska projektowania Solid Edge, przy u\u017cyciu graficznego interfejsu u\u017cytkownika. Regu\u0142y umo\u017cliwiaj\u0105 potwierdzenie prawid\u0142owych wybor&oacute;w dotycz\u0105cych produktu.[\/vc_column_text][\/vc_column_inner][vc_column_inner width=&#8221;1\/3&#8243;][vc_column_text]<\/p>\n<h3>Automatyzacja procesu in\u017cynierii sprzeda\u017cy<\/h3>\n<p>Zautomatyzuj kluczowe elementy procesu in\u017cynierii sprzeda\u017cy, dostarczaj\u0105c powi\u0105zane dane wyj\u015bciowe, takie jak kosztorysowe zestawienie materia\u0142&oacute;w (BOM), atrakcyjne wizualizacje 3D i rysunki na potrzeby sprzeda\u017cy. Skr&oacute;\u0107 ca\u0142kowity czas realizacji zam&oacute;wienia i zmniejsz koszty prac in\u017cynierskich dzi\u0119ki zautomatyzowaniu powtarzalnych zada\u0144 projektowania w procesie in\u017cynierii na zam&oacute;wienie.[\/vc_column_text][\/vc_column_inner][\/vc_row_inner][vc_column_text]<\/p>\n<p style=\"text-align: right;\"><a class=\"action-button transparent\" href=\"https:\/\/solidedge.siemens.com\/wp-content\/uploads\/2021\/09\/Siemens-SW-Solid-Edge-Design-Configurator-FS-84080-D3.pdf\"><i class=\"icon-ext\"><\/i>Pobierz kart\u0119 charakterystyki produktu Solid Edge Design Configurator<\/a><\/p>\n<p>[\/vc_column_text][\/vc_column][\/vc_row][vc_row full_width=&#8221;stretch_row&#8221; el_class=&#8221;vc-row-free-software&#8221; css=&#8221;.vc_custom_1542723573593{background-color: #006486 !important;}&#8221;][vc_column][vc_column_text el_class=&#8221;vc-el-lead-in&#8221;]Oferty<\/p>\n<h2>Bezp\u0142atne oprogramowanie do projektowania 3D<\/h2>\n<p>[\/vc_column_text][vc_row_inner equal_height=&#8221;yes&#8221;][vc_column_inner width=&#8221;1\/2&#8243; offset=&#8221;vc_col-md-5&#8243;]<div class=\"wpb_content_block wpb_content_element\"><div class=\"wpb_wrapper\"><div class=\"content_block\" id=\"custom_post_widget-419\"><p>[vc_row][vc_column][vc_column_text]<\/p>\n<h3>Bezp\u0142atne oprogramowanie dla startup\u00f3w<\/h3>\n<p>Startupy na wczesnym etapie dzia\u0142alno\u015bci, istniej\u0105ce kr\u00f3cej ni\u017c trzy lata, mog\u0105 z\u0142o\u017cy\u0107 wniosek o bezp\u0142atn\u0105 wersj\u0119 oprogramowania Solid Edge. Bez op\u0142aty manipulacyjnej![\/vc_column_text][vc_column_text]<a class=\"action-button\" href=\"https:\/\/www.plm.automation.siemens.com\/global\/en\/topic\/solid-edge-for-startups\/8335\"><i class=\"icon-ext\"><\/i>Z\u0142\u00f3\u017c wniosek ju\u017c teraz<\/a>[\/vc_column_text][\/vc_column][\/vc_row]<\/p>\n<\/div><\/div><\/div>[\/vc_column_inner][vc_column_inner width=&#8221;1\/2&#8243; offset=&#8221;vc_col-md-offset-2 vc_col-md-5&#8243;]<div class=\"wpb_content_block wpb_content_element\"><div class=\"wpb_wrapper\"><div class=\"content_block\" id=\"custom_post_widget-420\"><p>[vc_row][vc_column][vc_column_text]<\/p>\n<h3>Pobierz bezp\u0142atne oprogramowanie Solid Edge dla student\u00f3w<\/h3>\n<p>Zdobywaj wymagane umiej\u0119tno\u015bci za pomoc\u0105 oprogramowania Solid Edge Student Edition, kt\u00f3ra jest bezp\u0142atn\u0105 wersj\u0105 tego samego \u0142atwego do opanowania pakietu oprogramowania u\u017cywanego przez profesjonalist\u00f3w.<br \/>\n[\/vc_column_text][vc_column_text]<a class=\"action-button\" href=\"https:\/\/www.plm.automation.siemens.com\/plmapp\/education\/solid-edge\/pl_pl\/free-software\/student\"><i class=\"icon-ext\"><\/i>Pobierz teraz<\/a>[\/vc_column_text][\/vc_column][\/vc_row]<\/p>\n<\/div><\/div><\/div>[\/vc_column_inner][\/vc_row_inner][\/vc_column][\/vc_row][vc_row full_width=&#8221;stretch_row&#8221; el_class=&#8221;vc-row-video-highlight&#8221; css=&#8221;.vc_custom_1632140521520{margin-top: 0px !important;border-top-width: 0px !important;padding-top: 0px !important;}&#8221;][vc_column][vc_column_text el_class=&#8221;vc-el-lead-in&#8221;]Film<\/p>\n<h2>Zobacz, jak dzia\u0142a rozwi\u0105zanie<\/h2>\n<p>U\u017cywaj funkcji automatyzacji opartej na regu\u0142ach do generowania nowych projekt&oacute;w na podstawie parametr&oacute;w i regu\u0142 projektowych.[\/vc_column_text]\n\n\n  <div id=\"wpv-view-layout-567-CATTRe11cd0fe88f5bfc44cd7b58613accd66\" class=\"js-wpv-view-layout js-wpv-layout-responsive js-wpv-view-layout-567-CATTRe11cd0fe88f5bfc44cd7b58613accd66\" data-viewnumber=\"567-CATTRe11cd0fe88f5bfc44cd7b58613accd66\" data-pagination=\"{&quot;id&quot;:567,&quot;query&quot;:&quot;normal&quot;,&quot;type&quot;:&quot;disabled&quot;,&quot;effect&quot;:&quot;fade&quot;,&quot;duration&quot;:500,&quot;speed&quot;:5,&quot;pause_on_hover&quot;:&quot;disabled&quot;,&quot;stop_rollover&quot;:&quot;false&quot;,&quot;cache_pages&quot;:&quot;enabled&quot;,&quot;preload_images&quot;:&quot;enabled&quot;,&quot;preload_pages&quot;:&quot;enabled&quot;,&quot;preload_reach&quot;:1,&quot;spinner&quot;:&quot;builtin&quot;,&quot;spinner_image&quot;:&quot;https:\/\/solidedge.siemens.com\/wp-content\/plugins\/wp-views\/embedded\/res\/img\/ajax-loader.gif&quot;,&quot;callback_next&quot;:&quot;&quot;,&quot;manage_history&quot;:&quot;disabled&quot;,&quot;has_controls_in_form&quot;:&quot;disabled&quot;,&quot;infinite_tolerance&quot;:&quot;0&quot;,&quot;max_pages&quot;:0,&quot;page&quot;:1,&quot;base_permalink&quot;:&quot;\/pl\/wp-json\/wp\/v2\/pages\/49856?wpv_view_count=567-CATTRe11cd0fe88f5bfc44cd7b58613accd66&amp;wpv_paged=WPV_PAGE_NUM&quot;,&quot;loop&quot;:{&quot;type&quot;:&quot;&quot;,&quot;name&quot;:&quot;&quot;,&quot;data&quot;:[],&quot;id&quot;:0}}\" data-permalink=\"\/pl\/wp-json\/wp\/v2\/pages\/49856?wpv_view_count=567-CATTRe11cd0fe88f5bfc44cd7b58613accd66\">\n\n  \n  \n  \n  <\/div>\n[\/vc_column][\/vc_row][vc_row full_width=&#8221;stretch_row&#8221; el_class=&#8221;vc-row-related-content&#8221; css=&#8221;.vc_custom_1524184785822{background-color: #347eb5 !important;}&#8221;][vc_column][vc_column_text]<\/p>\n<h2>Powi\u0105zane tre\u015bci<\/h2>\n<p>[\/vc_column_text]<div id=\"ult-carousel-8090595866a054530868c1\" class=\"ult-carousel-wrapper  vc-el-carousel-related-content ult_horizontal\" data-gutter=\"0\" data-rtl=\"false\" ><div class=\"ult-carousel-1161994836a0545308689a \" >[vc_column_text]<a href=\"https:\/\/solidedge.siemens.com\/wp-content\/uploads\/2021\/09\/Siemens-SW-Solid-Edge-Design-Configurator-FS-84080-D3.pdf\">Karta charakterystyki produktu Solid Edge Design Configurator<\/a>[\/vc_column_text][vc_column_text]<a href=\"https:\/\/solidedge.siemens.com\/pl\/solutions\/products\/complete-product-development-portfolio\/solid-edge-2022\/\">Nowo\u015bci w&nbsp;Solid Edge<\/a>[\/vc_column_text][vc_column_text]<a href=\"https:\/\/community.sw.siemens.com\/s\/topic\/0TO4O000000MihiWAC\/solid-edge\">Spo\u0142eczno\u015b\u0107 Solid Edge<\/a>[\/vc_column_text][vc_column_text]<a href=\"https:\/\/solidedge.siemens.com\/pl\/resources\/tutorials\/\">Samouczki Solid Edge<\/a>[\/vc_column_text]<\/div><\/div>\t\t\t<script type=\"text\/javascript\">\r\n\t\t\t\tjQuery(document).ready(function ($) {\r\n\t\t\t\t\tif( typeof jQuery('.ult-carousel-1161994836a0545308689a').slick == \"function\"){\r\n\t\t\t\t\t\t$('.ult-carousel-1161994836a0545308689a').slick({dots: true,autoplaySpeed: 5000,speed: 500,infinite: false,arrows: true,nextArrow: '<button type=\"button\" role=\"button\" aria-label=\"Next\" style=\"color:#ffffff; font-size:30px;background:rgba(255,255,255,0.2);\" class=\"slick-next square-bg\"><i class=\"ultsl-arrow-right6\"><\/i><\/button>',prevArrow: '<button type=\"button\" role=\"button\" aria-label=\"Previous\" style=\"color:#ffffff; font-size:30px;background:rgba(255,255,255,0.2);\" class=\"slick-prev square-bg\"><i class=\"ultsl-arrow-left6\"><\/i><\/button>',slidesToScroll:4,slidesToShow:4,swipe: true,draggable: true,touchMove: true,pauseOnHover: true,pauseOnFocus: false,responsive: [\r\n\t\t\t\t\t\t\t{\r\n\t\t\t\t\t\t\t  breakpoint: 1026,\r\n\t\t\t\t\t\t\t  settings: {\r\n\t\t\t\t\t\t\t\tslidesToShow: 4,\r\n\t\t\t\t\t\t\t\tslidesToScroll: 4,  \r\n\t\t\t\t\t\t\t  }\r\n\t\t\t\t\t\t\t},\r\n\t\t\t\t\t\t\t{\r\n\t\t\t\t\t\t\t  breakpoint: 1025,\r\n\t\t\t\t\t\t\t  settings: {\r\n\t\t\t\t\t\t\t\tslidesToShow: 2,\r\n\t\t\t\t\t\t\t\tslidesToScroll: 2\r\n\t\t\t\t\t\t\t  }\r\n\t\t\t\t\t\t\t},\r\n\t\t\t\t\t\t\t{\r\n\t\t\t\t\t\t\t  breakpoint: 760,\r\n\t\t\t\t\t\t\t  settings: {\r\n\t\t\t\t\t\t\t\tslidesToShow: 1,\r\n\t\t\t\t\t\t\t\tslidesToScroll: 1\r\n\t\t\t\t\t\t\t  }\r\n\t\t\t\t\t\t\t}\r\n\t\t\t\t\t\t],pauseOnDotsHover: true,customPaging: function(slider, i) {\r\n                   return '<i type=\"button\" style= \"color:#ffffff;\" class=\"ultsl-record\" data-role=\"none\"><\/i>';\r\n                },});\r\n\t\t\t\t\t}\r\n\t\t\t\t});\r\n\t\t\t<\/script>\r\n\t\t\t[\/vc_column][\/vc_row]<\/p>\n","protected":false},"excerpt":{"rendered":"<p> Solid Edge Design Configurator Solid Edge\u00ae Design Configurator udost\u0119pnia niezwykle skuteczne funkcje automatyzacji projektowania w \u015brodowisku Solid Edge. Aplikacja do automatyzacji projektowania dodaje oparte o&nbsp;regu\u0142y funkcje automatyzacji do znanego \u015brodowiska Solid Edge do projektowania konstrukcji mechanicznych. Ca\u0142kowicie wbudowana w [&hellip;]<\/p>\n","protected":false},"author":44,"featured_media":0,"parent":2744,"menu_order":5,"comment_status":"closed","ping_status":"closed","template":"","meta":{"inline_featured_image":false},"yoast_head":"<!-- This site is optimized with the Yoast SEO plugin v18.4.1 - https:\/\/yoast.com\/wordpress\/plugins\/seo\/ -->\n<title>Solid Edge Design Configurator<\/title>\n<meta name=\"description\" content=\"Solid Edge\u00ae Design Configurator zapewnia funkcje automatyzacji opartej na regu\u0142ach w \u015brodowisku oprogramowania Solid Edge do projektowania konstrukcji mechanicznych, zwi\u0119kszaj\u0105c w ten spos\u00f3b wydajno\u015b\u0107 i szybko\u015b\u0107 projektowania.\" \/>\n<meta name=\"robots\" content=\"index, follow, max-snippet:-1, max-image-preview:large, max-video-preview:-1\" \/>\n<link rel=\"canonical\" href=\"https:\/\/solidedge.siemens.com\/pl\/solutions\/products\/3d-design\/design-configurator\/\" \/>\n<meta property=\"og:locale\" content=\"pl_PL\" \/>\n<meta property=\"og:type\" content=\"article\" \/>\n<meta property=\"og:title\" content=\"Solid Edge Design Configurator\" \/>\n<meta property=\"og:description\" content=\"Solid Edge\u00ae Design Configurator zapewnia funkcje automatyzacji opartej na regu\u0142ach w \u015brodowisku oprogramowania Solid Edge do projektowania konstrukcji mechanicznych, zwi\u0119kszaj\u0105c w ten spos\u00f3b wydajno\u015b\u0107 i szybko\u015b\u0107 projektowania.\" \/>\n<meta property=\"og:url\" content=\"https:\/\/solidedge.siemens.com\/pl\/solutions\/products\/3d-design\/design-configurator\/\" \/>\n<meta property=\"og:site_name\" content=\"Solid Edge\" \/>\n<meta property=\"article:publisher\" content=\"https:\/\/www.facebook.com\/solidedge\" \/>\n<meta property=\"article:modified_time\" content=\"2021-12-10T14:00:10+00:00\" \/>\n<meta name=\"twitter:card\" content=\"summary_large_image\" \/>\n<meta name=\"twitter:site\" content=\"@siemensplm\" \/>\n<meta name=\"twitter:label1\" content=\"Szacowany czas czytania\" \/>\n\t<meta name=\"twitter:data1\" content=\"3 minuty\" \/>\n<script type=\"application\/ld+json\" class=\"yoast-schema-graph\">{\"@context\":\"https:\/\/schema.org\",\"@graph\":[{\"@type\":\"Organization\",\"@id\":\"https:\/\/solidedge.siemens.com\/en\/#organization\",\"name\":\"Siemens Digital Industries Software\",\"url\":\"https:\/\/solidedge.siemens.com\/en\/\",\"sameAs\":[\"https:\/\/www.facebook.com\/solidedge\",\"https:\/\/www.instagram.com\/siemens\/\",\"https:\/\/www.linkedin.com\/company\/siemens-plm-software\",\"https:\/\/www.youtube.com\/user\/PolarionSoftware\",\"https:\/\/twitter.com\/siemensplm\"],\"logo\":{\"@type\":\"ImageObject\",\"@id\":\"https:\/\/solidedge.siemens.com\/en\/#logo\",\"inLanguage\":\"pl-PL\",\"url\":\"https:\/\/solidedge.siemens.com\/wp-content\/uploads\/2018\/04\/logo-siemens-ifl@2x.png\",\"contentUrl\":\"https:\/\/solidedge.siemens.com\/wp-content\/uploads\/2018\/04\/logo-siemens-ifl@2x.png\",\"width\":640,\"height\":270,\"caption\":\"Siemens Digital Industries Software\"},\"image\":{\"@id\":\"https:\/\/solidedge.siemens.com\/en\/#logo\"}},{\"@type\":\"WebSite\",\"@id\":\"https:\/\/solidedge.siemens.com\/en\/#website\",\"url\":\"https:\/\/solidedge.siemens.com\/en\/\",\"name\":\"Solid Edge\",\"description\":\"Siemens Software\",\"publisher\":{\"@id\":\"https:\/\/solidedge.siemens.com\/en\/#organization\"},\"potentialAction\":[{\"@type\":\"SearchAction\",\"target\":{\"@type\":\"EntryPoint\",\"urlTemplate\":\"https:\/\/solidedge.siemens.com\/en\/?s={search_term_string}\"},\"query-input\":\"required name=search_term_string\"}],\"inLanguage\":\"pl-PL\"},{\"@type\":\"WebPage\",\"@id\":\"https:\/\/solidedge.siemens.com\/pl\/solutions\/products\/3d-design\/design-configurator\/#webpage\",\"url\":\"https:\/\/solidedge.siemens.com\/pl\/solutions\/products\/3d-design\/design-configurator\/\",\"name\":\"Solid Edge Design Configurator\",\"isPartOf\":{\"@id\":\"https:\/\/solidedge.siemens.com\/en\/#website\"},\"datePublished\":\"2021-12-10T13:59:51+00:00\",\"dateModified\":\"2021-12-10T14:00:10+00:00\",\"description\":\"Solid Edge\u00ae Design Configurator zapewnia funkcje automatyzacji opartej na regu\u0142ach w \u015brodowisku oprogramowania Solid Edge do projektowania konstrukcji mechanicznych, zwi\u0119kszaj\u0105c w ten spos\u00f3b wydajno\u015b\u0107 i szybko\u015b\u0107 projektowania.\",\"breadcrumb\":{\"@id\":\"https:\/\/solidedge.siemens.com\/pl\/solutions\/products\/3d-design\/design-configurator\/#breadcrumb\"},\"inLanguage\":\"pl-PL\",\"potentialAction\":[{\"@type\":\"ReadAction\",\"target\":[\"https:\/\/solidedge.siemens.com\/pl\/solutions\/products\/3d-design\/design-configurator\/\"]}]},{\"@type\":\"BreadcrumbList\",\"@id\":\"https:\/\/solidedge.siemens.com\/pl\/solutions\/products\/3d-design\/design-configurator\/#breadcrumb\",\"itemListElement\":[{\"@type\":\"ListItem\",\"position\":1,\"name\":\"Home\",\"item\":\"https:\/\/solidedge.siemens.com\/en\/home-10\/\"},{\"@type\":\"ListItem\",\"position\":2,\"name\":\"Rozwi\u0105zania\",\"item\":\"https:\/\/solidedge.siemens.com\/pl\/solutions\/\"},{\"@type\":\"ListItem\",\"position\":3,\"name\":\"Produkty\",\"item\":\"https:\/\/solidedge.siemens.com\/pl\/solutions\/products\/\"},{\"@type\":\"ListItem\",\"position\":4,\"name\":\"Projektowanie 3D\",\"item\":\"https:\/\/solidedge.siemens.com\/pl\/solutions\/products\/3d-design\/\"},{\"@type\":\"ListItem\",\"position\":5,\"name\":\"Design Configurator\"}]}]}<\/script>\n<!-- \/ Yoast SEO plugin. -->","yoast_head_json":{"title":"Solid Edge Design Configurator","description":"Solid Edge\u00ae Design Configurator zapewnia funkcje automatyzacji opartej na regu\u0142ach w \u015brodowisku oprogramowania Solid Edge do projektowania konstrukcji mechanicznych, zwi\u0119kszaj\u0105c w ten spos\u00f3b wydajno\u015b\u0107 i szybko\u015b\u0107 projektowania.","robots":{"index":"index","follow":"follow","max-snippet":"max-snippet:-1","max-image-preview":"max-image-preview:large","max-video-preview":"max-video-preview:-1"},"canonical":"https:\/\/solidedge.siemens.com\/pl\/solutions\/products\/3d-design\/design-configurator\/","og_locale":"pl_PL","og_type":"article","og_title":"Solid Edge Design Configurator","og_description":"Solid Edge\u00ae Design Configurator zapewnia funkcje automatyzacji opartej na regu\u0142ach w \u015brodowisku oprogramowania Solid Edge do projektowania konstrukcji mechanicznych, zwi\u0119kszaj\u0105c w ten spos\u00f3b wydajno\u015b\u0107 i szybko\u015b\u0107 projektowania.","og_url":"https:\/\/solidedge.siemens.com\/pl\/solutions\/products\/3d-design\/design-configurator\/","og_site_name":"Solid Edge","article_publisher":"https:\/\/www.facebook.com\/solidedge","article_modified_time":"2021-12-10T14:00:10+00:00","twitter_card":"summary_large_image","twitter_site":"@siemensplm","twitter_misc":{"Szacowany czas czytania":"3 minuty"},"schema":{"@context":"https:\/\/schema.org","@graph":[{"@type":"Organization","@id":"https:\/\/solidedge.siemens.com\/en\/#organization","name":"Siemens Digital Industries Software","url":"https:\/\/solidedge.siemens.com\/en\/","sameAs":["https:\/\/www.facebook.com\/solidedge","https:\/\/www.instagram.com\/siemens\/","https:\/\/www.linkedin.com\/company\/siemens-plm-software","https:\/\/www.youtube.com\/user\/PolarionSoftware","https:\/\/twitter.com\/siemensplm"],"logo":{"@type":"ImageObject","@id":"https:\/\/solidedge.siemens.com\/en\/#logo","inLanguage":"pl-PL","url":"https:\/\/solidedge.siemens.com\/wp-content\/uploads\/2018\/04\/logo-siemens-ifl@2x.png","contentUrl":"https:\/\/solidedge.siemens.com\/wp-content\/uploads\/2018\/04\/logo-siemens-ifl@2x.png","width":640,"height":270,"caption":"Siemens Digital Industries Software"},"image":{"@id":"https:\/\/solidedge.siemens.com\/en\/#logo"}},{"@type":"WebSite","@id":"https:\/\/solidedge.siemens.com\/en\/#website","url":"https:\/\/solidedge.siemens.com\/en\/","name":"Solid Edge","description":"Siemens Software","publisher":{"@id":"https:\/\/solidedge.siemens.com\/en\/#organization"},"potentialAction":[{"@type":"SearchAction","target":{"@type":"EntryPoint","urlTemplate":"https:\/\/solidedge.siemens.com\/en\/?s={search_term_string}"},"query-input":"required name=search_term_string"}],"inLanguage":"pl-PL"},{"@type":"WebPage","@id":"https:\/\/solidedge.siemens.com\/pl\/solutions\/products\/3d-design\/design-configurator\/#webpage","url":"https:\/\/solidedge.siemens.com\/pl\/solutions\/products\/3d-design\/design-configurator\/","name":"Solid Edge Design Configurator","isPartOf":{"@id":"https:\/\/solidedge.siemens.com\/en\/#website"},"datePublished":"2021-12-10T13:59:51+00:00","dateModified":"2021-12-10T14:00:10+00:00","description":"Solid Edge\u00ae Design Configurator zapewnia funkcje automatyzacji opartej na regu\u0142ach w \u015brodowisku oprogramowania Solid Edge do projektowania konstrukcji mechanicznych, zwi\u0119kszaj\u0105c w ten spos\u00f3b wydajno\u015b\u0107 i szybko\u015b\u0107 projektowania.","breadcrumb":{"@id":"https:\/\/solidedge.siemens.com\/pl\/solutions\/products\/3d-design\/design-configurator\/#breadcrumb"},"inLanguage":"pl-PL","potentialAction":[{"@type":"ReadAction","target":["https:\/\/solidedge.siemens.com\/pl\/solutions\/products\/3d-design\/design-configurator\/"]}]},{"@type":"BreadcrumbList","@id":"https:\/\/solidedge.siemens.com\/pl\/solutions\/products\/3d-design\/design-configurator\/#breadcrumb","itemListElement":[{"@type":"ListItem","position":1,"name":"Home","item":"https:\/\/solidedge.siemens.com\/en\/home-10\/"},{"@type":"ListItem","position":2,"name":"Rozwi\u0105zania","item":"https:\/\/solidedge.siemens.com\/pl\/solutions\/"},{"@type":"ListItem","position":3,"name":"Produkty","item":"https:\/\/solidedge.siemens.com\/pl\/solutions\/products\/"},{"@type":"ListItem","position":4,"name":"Projektowanie 3D","item":"https:\/\/solidedge.siemens.com\/pl\/solutions\/products\/3d-design\/"},{"@type":"ListItem","position":5,"name":"Design Configurator"}]}]}},"_links":{"self":[{"href":"https:\/\/solidedge.siemens.com\/pl\/wp-json\/wp\/v2\/pages\/49856"}],"collection":[{"href":"https:\/\/solidedge.siemens.com\/pl\/wp-json\/wp\/v2\/pages"}],"about":[{"href":"https:\/\/solidedge.siemens.com\/pl\/wp-json\/wp\/v2\/types\/page"}],"author":[{"embeddable":true,"href":"https:\/\/solidedge.siemens.com\/pl\/wp-json\/wp\/v2\/users\/44"}],"replies":[{"embeddable":true,"href":"https:\/\/solidedge.siemens.com\/pl\/wp-json\/wp\/v2\/comments?post=49856"}],"version-history":[{"count":9,"href":"https:\/\/solidedge.siemens.com\/pl\/wp-json\/wp\/v2\/pages\/49856\/revisions"}],"predecessor-version":[{"id":55584,"href":"https:\/\/solidedge.siemens.com\/pl\/wp-json\/wp\/v2\/pages\/49856\/revisions\/55584"}],"up":[{"embeddable":true,"href":"https:\/\/solidedge.siemens.com\/pl\/wp-json\/wp\/v2\/pages\/2744"}],"wp:attachment":[{"href":"https:\/\/solidedge.siemens.com\/pl\/wp-json\/wp\/v2\/media?parent=49856"}],"curies":[{"name":"wp","href":"https:\/\/api.w.org\/{rel}","templated":true}]}}