{"id":49013,"date":"2021-12-10T09:03:43","date_gmt":"2021-12-10T14:03:43","guid":{"rendered":"https:\/\/solidedge.siemens.com\/?page_id=49013"},"modified":"2021-12-10T09:04:03","modified_gmt":"2021-12-10T14:04:03","slug":"simcenter-flomaster-for-solid-edge","status":"publish","type":"page","link":"https:\/\/solidedge.siemens.com\/pl\/solutions\/products\/simulation\/simcenter-flomaster-for-solid-edge\/","title":{"rendered":"Simcenter Flomaster dla Solid Edge"},"content":{"rendered":"<p>[vc_row full_width=&#8221;stretch_row&#8221; full_height=&#8221;yes&#8221; content_placement=&#8221;middle&#8221; css=&#8221;.vc_custom_1632140129169{background: #a6a6a6 url(https:\/\/solidedge.siemens.com\/wp-content\/uploads\/2021\/09\/computer-user-woman-solid-edge-sehero-1920&#215;873-1.jpg?id=49459) !important;background-position: center !important;background-repeat: no-repeat !important;background-size: cover !important;}&#8221; el_class=&#8221;vc-row-hero-banner&#8221;][vc_column][vc_column_text el_class=&#8221;.vc-el-callout&#8221;]<\/p>\n<h1>Simcenter Flomaster dla Solid Edge<\/h1>\n<p>Rozwi\u0105zanie Simcenter Flomaster dla Solid Edge pozwala \u0142atwo modelowa\u0107 i analizowa\u0107 przep\u0142ywy p\u0142yn&oacute;w i ciep\u0142a w systemach ruroci\u0105g&oacute;w. Usprawniony przep\u0142yw informacji umo\u017cliwia szybkie obliczanie i wizualizacj\u0119 pr\u0119dko\u015bci przep\u0142ywu, spadku temperatury i ci\u015bnienia w systemach ruroci\u0105g&oacute;w w \u015brodowisku 1D dzi\u0119ki automatycznemu utworzeniu modelu symulacyjnego na podstawie geometrii 3D. Najlepsze w swojej klasie funkcje symulacji przep\u0142ywu termicznego pozwalaj\u0105 na wymiarowanie i r&oacute;wnowa\u017cenie system&oacute;w termoprzep\u0142ywowych na wczesnym etapie projektowania oraz modelowanie r&oacute;\u017cnych warunk&oacute;w roboczych w celu potwierdzenia maksymalnej wydajno\u015bci i bezpiecze\u0144stwa tych system&oacute;w.<\/p>\n<p><a class=\"action-button\" href=\"\/en\/try-now\/\"><i class=\"icon-ext\"><\/i>Bezp\u0142atna wersja pr&oacute;bna oprogramowania Solid Edge<\/a>[\/vc_column_text][\/vc_column][\/vc_row][vc_row][vc_column][vc_column_text el_class=&#8221;vc-el-lead-in&#8221;]Funkcje<\/p>\n<h2>Najlepsze w klasie funkcji symulacji termoprzep\u0142ywowej<\/h2>\n<p>Wykorzystanie symulacji do szybszego projektowania lepszych system&oacute;w ruroci\u0105g&oacute;w[\/vc_column_text][vc_row_inner el_class=&#8221;vc-row-image-teasers&#8221;][vc_column_inner width=&#8221;1\/3&#8243;][vc_single_image image=&#8221;51146&#8243; img_size=&#8221;full&#8221;][vc_column_text]<\/p>\n<h3>\u015arodowisko 1D usprawnia przep\u0142yw informacji<\/h3>\n<p>Rozwi\u0105zanie Simcenter Flomaster dla Solid Edge mo\u017ce szybko oblicza\u0107 i wizualizowa\u0107 pr\u0119dko\u015b\u0107 przep\u0142ywu, temperatur\u0119 i spadek ci\u015bnienia w systemach ruroci\u0105g&oacute;w w \u015brodowisku 1D. Usprawniony przep\u0142yw informacji umo\u017cliwia automatyczne tworzenie modelu symulacji na podstawie geometrii 3D CAD, co skraca czas potrzebny na stworzenie modelu symulacji nawet o&nbsp;90%.[\/vc_column_text][\/vc_column_inner][vc_column_inner width=&#8221;1\/3&#8243;][vc_single_image image=&#8221;51133&#8243; img_size=&#8221;full&#8221;][vc_column_text]<\/p>\n<h3>Automatyczne wyodr\u0119bnianie geometrii 3D<\/h3>\n<p>Przy u\u017cyciu rozwi\u0105zania Simcenter Flomaster dla Solid Edge mo\u017cna zautomatyzowa\u0107 generowanie modeli na poziomie systemu bezpo\u015brednio na podstawie geometrii 3D. W tym celu wystarczy wyodr\u0119bni\u0107 geometri\u0119 3D w Solid Edge, a model symulacji zostanie automatycznie utworzony i b\u0119dzie gotowy do uruchomienia w rozwi\u0105zaniu Simcenter Flomaster dla Solid Edge. Z pomoc\u0105 tego modelu mo\u017cna przeprowadza\u0107 analizy statyczne i dynamiczne w celu oceny dzia\u0142ania systemu ruroci\u0105g&oacute;w. Analizy obejmuj\u0105 dynamiczne zachowanie systemu i dob&oacute;r wielko\u015bci komponent&oacute;w.[\/vc_column_text][\/vc_column_inner][vc_column_inner width=&#8221;1\/3&#8243;][vc_single_image image=&#8221;51120&#8243; img_size=&#8221;full&#8221;][vc_column_text]<\/p>\n<h3>Wbudowane kreatory<\/h3>\n<p>Dzi\u0119ki wbudowanym kreatorom Simcenter Flomaster dla Solid Edge to rozwi\u0105zanie proste w&nbsp;obs\u0142udze dla pocz\u0105tkuj\u0105cych. Jest r&oacute;wnie\u017c odpowiednie dla ekspert&oacute;w ds. symulacji dzi\u0119ki zaawansowanym funkcjom, takim jak symulacja nag\u0142ych, dynamicznych zdarze\u0144 oraz skok&oacute;w ci\u015bnienia.[\/vc_column_text][\/vc_column_inner][\/vc_row_inner][vc_row_inner][vc_column_inner][vc_column_text css=&#8221;.vc_custom_1632933182422{margin-top: 0px !important;margin-bottom: 0px !important;border-top-width: 0px !important;border-bottom-width: 0px !important;padding-top: 0px !important;padding-bottom: 0px !important;}&#8221;]<\/p>\n<p style=\"text-align: right;\"><a class=\"action-button transparent\" href=\"https:\/\/solidedge.siemens.com\/wp-content\/uploads\/2021\/09\/Siemens-SW-Simcenter-Flomaster-for-Solid-Edge-FS-84069-D4-1.pdf\" target=\"_blank\" rel=\"noopener\"><i class=\"icon-ext\"><\/i>Pobierz kart\u0119 charakterystyki rozwi\u0105zania Simcenter Flomaster dla Solid Edge<\/a><\/p>\n<p>[\/vc_column_text][\/vc_column_inner][\/vc_row_inner][\/vc_column][\/vc_row][vc_row full_width=&#8221;stretch_row&#8221; el_class=&#8221;vc-row-free-software&#8221; css=&#8221;.vc_custom_1523912493378{background-color: #006486 !important;}&#8221;][vc_column][vc_column_text el_class=&#8221;vc-el-lead-in&#8221;]Oferty<\/p>\n<h2>Bezp\u0142atne oprogramowanie do projektowania 3D<\/h2>\n<p>[\/vc_column_text][vc_row_inner equal_height=&#8221;yes&#8221;][vc_column_inner width=&#8221;1\/2&#8243; offset=&#8221;vc_col-md-5&#8243;]<div class=\"wpb_content_block wpb_content_element\"><div class=\"wpb_wrapper\"><div class=\"content_block\" id=\"custom_post_widget-418\"><p>[vc_row][vc_column][vc_column_text]<\/p>\n<h3>Wypr\u00f3buj oprogramowanie Solid Edge bez op\u0142at<\/h3>\n<p>Uzyskaj b\u0142yskawiczny dost\u0119p do bezp\u0142atnej wersji pr\u00f3bnej oprogramowania Solid Edge, aby wypr\u00f3bowa\u0107 jego funkcje.[\/vc_column_text][vc_column_text]<a class=\"action-button\" href=\"\/pl\/try-now\/\"><i class=\"icon-ext\"><\/i>Zacznij ju\u017c teraz<\/a>[\/vc_column_text][\/vc_column][\/vc_row]<\/p>\n<\/div><\/div><\/div>[\/vc_column_inner][vc_column_inner width=&#8221;1\/2&#8243; offset=&#8221;vc_col-md-offset-2 vc_col-md-5&#8243;]<div class=\"wpb_content_block wpb_content_element\"><div class=\"wpb_wrapper\"><div class=\"content_block\" id=\"custom_post_widget-419\"><p>[vc_row][vc_column][vc_column_text]<\/p>\n<h3>Bezp\u0142atne oprogramowanie dla startup\u00f3w<\/h3>\n<p>Startupy na wczesnym etapie dzia\u0142alno\u015bci, istniej\u0105ce kr\u00f3cej ni\u017c trzy lata, mog\u0105 z\u0142o\u017cy\u0107 wniosek o bezp\u0142atn\u0105 wersj\u0119 oprogramowania Solid Edge. Bez op\u0142aty manipulacyjnej![\/vc_column_text][vc_column_text]<a class=\"action-button\" href=\"https:\/\/www.plm.automation.siemens.com\/global\/en\/topic\/solid-edge-for-startups\/8335\"><i class=\"icon-ext\"><\/i>Z\u0142\u00f3\u017c wniosek ju\u017c teraz<\/a>[\/vc_column_text][\/vc_column][\/vc_row]<\/p>\n<\/div><\/div><\/div>[\/vc_column_inner][\/vc_row_inner][\/vc_column][\/vc_row][vc_row full_width=&#8221;stretch_row&#8221; el_class=&#8221;vc-row-video-highlight&#8221; css=&#8221;.vc_custom_1632140521520{margin-top: 0px !important;border-top-width: 0px !important;padding-top: 0px !important;}&#8221;][vc_column][vc_column_text el_class=&#8221;vc-el-lead-in&#8221;]Film<\/p>\n<h2>Usprawnij procesy projektowania uk\u0142ad&oacute;w rur<\/h2>\n<p>Przyspiesz tempo analiz symulacji dzi\u0119ki zautomatyzowanym procesom, kt&oacute;re sprawdzaj\u0105 poprawno\u015b\u0107 dzia\u0142ania projektu i usprawniaj\u0105 przeprowadzanie symulacji termoprzep\u0142ywowej.[\/vc_column_text]\n\n\n  <div id=\"wpv-view-layout-567-CATTR456c36b0972e60e05d7109d9fd8c69e2\" class=\"js-wpv-view-layout js-wpv-layout-responsive js-wpv-view-layout-567-CATTR456c36b0972e60e05d7109d9fd8c69e2\" data-viewnumber=\"567-CATTR456c36b0972e60e05d7109d9fd8c69e2\" data-pagination=\"{&quot;id&quot;:567,&quot;query&quot;:&quot;normal&quot;,&quot;type&quot;:&quot;disabled&quot;,&quot;effect&quot;:&quot;fade&quot;,&quot;duration&quot;:500,&quot;speed&quot;:5,&quot;pause_on_hover&quot;:&quot;disabled&quot;,&quot;stop_rollover&quot;:&quot;false&quot;,&quot;cache_pages&quot;:&quot;enabled&quot;,&quot;preload_images&quot;:&quot;enabled&quot;,&quot;preload_pages&quot;:&quot;enabled&quot;,&quot;preload_reach&quot;:1,&quot;spinner&quot;:&quot;builtin&quot;,&quot;spinner_image&quot;:&quot;https:\/\/solidedge.siemens.com\/wp-content\/plugins\/wp-views\/embedded\/res\/img\/ajax-loader.gif&quot;,&quot;callback_next&quot;:&quot;&quot;,&quot;manage_history&quot;:&quot;disabled&quot;,&quot;has_controls_in_form&quot;:&quot;disabled&quot;,&quot;infinite_tolerance&quot;:&quot;0&quot;,&quot;max_pages&quot;:0,&quot;page&quot;:1,&quot;base_permalink&quot;:&quot;\/pl\/wp-json\/wp\/v2\/pages\/49013?wpv_view_count=567-CATTR456c36b0972e60e05d7109d9fd8c69e2&amp;wpv_paged=WPV_PAGE_NUM&quot;,&quot;loop&quot;:{&quot;type&quot;:&quot;&quot;,&quot;name&quot;:&quot;&quot;,&quot;data&quot;:[],&quot;id&quot;:0}}\" data-permalink=\"\/pl\/wp-json\/wp\/v2\/pages\/49013?wpv_view_count=567-CATTR456c36b0972e60e05d7109d9fd8c69e2\">\n\n  \n  \n  \n  <\/div>\n[\/vc_column][\/vc_row][vc_row full_width=&#8221;stretch_row&#8221; el_class=&#8221;vc-row-related-content&#8221; css=&#8221;.vc_custom_1524184785822{background-color: #347eb5 !important;}&#8221;][vc_column][vc_column_text]<\/p>\n<h2>Powi\u0105zane tre\u015bci<\/h2>\n<p>[\/vc_column_text]<div id=\"ult-carousel-42795437669fb2afdb501a\" class=\"ult-carousel-wrapper  vc-el-carousel-related-content ult_horizontal\" data-gutter=\"0\" data-rtl=\"false\" ><div class=\"ult-carousel-144867231369fb2afdb4ff2 \" >[vc_column_text]<a href=\"https:\/\/solidedge.siemens.com\/wp-content\/uploads\/2021\/09\/Siemens-SW-Simcenter-Flomaster-for-Solid-Edge-FS-84069-D4-1.pdf\">Karta charakterystyki rozwi\u0105zania Simcenter Flomaster dla Solid Edge<\/a>[\/vc_column_text][vc_column_text]<a href=\"https:\/\/community.sw.siemens.com\/s\/topic\/0TO4O000000MihiWAC\/solid-edge\">Spo\u0142eczno\u015b\u0107 Solid Edge<\/a>[\/vc_column_text][vc_column_text]<a href=\"https:\/\/solidedge.siemens.com\/pl\/resources\/tutorials\/\">Samouczki Solid Edge<\/a>[\/vc_column_text][vc_column_text]<a href=\"https:\/\/www.youtube.com\/c\/SiemensSoftware\/playlists?view=50&amp;sort=dd&amp;shelf_id=6\">Materia\u0142y wideo dotycz\u0105ce Solid Edge w serwisie YouTube<\/a>[\/vc_column_text]<\/div><\/div>\t\t\t<script type=\"text\/javascript\">\r\n\t\t\t\tjQuery(document).ready(function ($) {\r\n\t\t\t\t\tif( typeof jQuery('.ult-carousel-144867231369fb2afdb4ff2').slick == \"function\"){\r\n\t\t\t\t\t\t$('.ult-carousel-144867231369fb2afdb4ff2').slick({dots: true,autoplaySpeed: 5000,speed: 500,infinite: false,arrows: true,nextArrow: '<button type=\"button\" role=\"button\" aria-label=\"Next\" style=\"color:#ffffff; font-size:30px;background:rgba(255,255,255,0.2);\" class=\"slick-next square-bg\"><i class=\"ultsl-arrow-right6\"><\/i><\/button>',prevArrow: '<button type=\"button\" role=\"button\" aria-label=\"Previous\" style=\"color:#ffffff; font-size:30px;background:rgba(255,255,255,0.2);\" class=\"slick-prev square-bg\"><i class=\"ultsl-arrow-left6\"><\/i><\/button>',slidesToScroll:4,slidesToShow:4,swipe: true,draggable: true,touchMove: true,pauseOnHover: true,pauseOnFocus: false,responsive: [\r\n\t\t\t\t\t\t\t{\r\n\t\t\t\t\t\t\t  breakpoint: 1026,\r\n\t\t\t\t\t\t\t  settings: {\r\n\t\t\t\t\t\t\t\tslidesToShow: 4,\r\n\t\t\t\t\t\t\t\tslidesToScroll: 4,  \r\n\t\t\t\t\t\t\t  }\r\n\t\t\t\t\t\t\t},\r\n\t\t\t\t\t\t\t{\r\n\t\t\t\t\t\t\t  breakpoint: 1025,\r\n\t\t\t\t\t\t\t  settings: {\r\n\t\t\t\t\t\t\t\tslidesToShow: 2,\r\n\t\t\t\t\t\t\t\tslidesToScroll: 2\r\n\t\t\t\t\t\t\t  }\r\n\t\t\t\t\t\t\t},\r\n\t\t\t\t\t\t\t{\r\n\t\t\t\t\t\t\t  breakpoint: 760,\r\n\t\t\t\t\t\t\t  settings: {\r\n\t\t\t\t\t\t\t\tslidesToShow: 1,\r\n\t\t\t\t\t\t\t\tslidesToScroll: 1\r\n\t\t\t\t\t\t\t  }\r\n\t\t\t\t\t\t\t}\r\n\t\t\t\t\t\t],pauseOnDotsHover: true,customPaging: function(slider, i) {\r\n                   return '<i type=\"button\" style= \"color:#ffffff;\" class=\"ultsl-record\" data-role=\"none\"><\/i>';\r\n                },});\r\n\t\t\t\t\t}\r\n\t\t\t\t});\r\n\t\t\t<\/script>\r\n\t\t\t[\/vc_column][\/vc_row][vc_row full_width=&#8221;stretch_row&#8221; el_class=&#8221;footer-contact&#8221; css=&#8221;.vc_custom_1550170708528{background-color: #dedee3 !important;}&#8221;][vc_column]<div class=\"wpb_content_block wpb_content_element\"><div class=\"wpb_wrapper\"><\/div><\/div>[\/vc_column][\/vc_row]<\/p>\n","protected":false},"excerpt":{"rendered":"<p> Simcenter Flomaster dla Solid Edge Rozwi\u0105zanie Simcenter Flomaster dla Solid Edge pozwala \u0142atwo modelowa\u0107 i analizowa\u0107 przep\u0142ywy p\u0142yn&oacute;w i ciep\u0142a w systemach ruroci\u0105g&oacute;w. Usprawniony przep\u0142yw informacji umo\u017cliwia szybkie obliczanie i wizualizacj\u0119 pr\u0119dko\u015bci przep\u0142ywu, spadku temperatury i ci\u015bnienia w systemach [&hellip;]<\/p>\n","protected":false},"author":44,"featured_media":0,"parent":2726,"menu_order":5,"comment_status":"closed","ping_status":"closed","template":"","meta":{"inline_featured_image":false},"yoast_head":"<!-- This site is optimized with the Yoast SEO plugin v18.4.1 - https:\/\/yoast.com\/wordpress\/plugins\/seo\/ -->\n<title>Simcenter Flomaster dla Solid Edge | Symulacja CFD | Siemens<\/title>\n<meta name=\"description\" content=\"Modeluj i analizuj przep\u0142ywy p\u0142yn\u00f3w i ciep\u0142a w systemach ruroci\u0105g\u00f3w oraz usprawnij przep\u0142yw informacji dotycz\u0105cych symulacji za pomoc\u0105 rozwi\u0105zania Simcenter Flomaster dla Solid Edge.\" \/>\n<meta name=\"robots\" content=\"index, follow, max-snippet:-1, max-image-preview:large, max-video-preview:-1\" \/>\n<link rel=\"canonical\" href=\"https:\/\/solidedge.siemens.com\/pl\/solutions\/products\/simulation\/simcenter-flomaster-for-solid-edge\/\" \/>\n<meta property=\"og:locale\" content=\"pl_PL\" \/>\n<meta property=\"og:type\" content=\"article\" \/>\n<meta property=\"og:title\" content=\"Simcenter Flomaster dla Solid Edge | Symulacja CFD | Siemens\" \/>\n<meta property=\"og:description\" content=\"Modeluj i analizuj przep\u0142ywy p\u0142yn\u00f3w i ciep\u0142a w systemach ruroci\u0105g\u00f3w oraz usprawnij przep\u0142yw informacji dotycz\u0105cych symulacji za pomoc\u0105 rozwi\u0105zania Simcenter Flomaster dla Solid Edge.\" \/>\n<meta property=\"og:url\" content=\"https:\/\/solidedge.siemens.com\/pl\/solutions\/products\/simulation\/simcenter-flomaster-for-solid-edge\/\" \/>\n<meta property=\"og:site_name\" content=\"Solid Edge\" \/>\n<meta property=\"article:publisher\" content=\"https:\/\/www.facebook.com\/solidedge\" \/>\n<meta property=\"article:modified_time\" content=\"2021-12-10T14:04:03+00:00\" \/>\n<meta name=\"twitter:card\" content=\"summary_large_image\" \/>\n<meta name=\"twitter:site\" content=\"@siemensplm\" \/>\n<meta name=\"twitter:label1\" content=\"Szacowany czas czytania\" \/>\n\t<meta name=\"twitter:data1\" content=\"4 minuty\" \/>\n<script type=\"application\/ld+json\" class=\"yoast-schema-graph\">{\"@context\":\"https:\/\/schema.org\",\"@graph\":[{\"@type\":\"Organization\",\"@id\":\"https:\/\/solidedge.siemens.com\/en\/#organization\",\"name\":\"Siemens Digital Industries Software\",\"url\":\"https:\/\/solidedge.siemens.com\/en\/\",\"sameAs\":[\"https:\/\/www.facebook.com\/solidedge\",\"https:\/\/www.instagram.com\/siemens\/\",\"https:\/\/www.linkedin.com\/company\/siemens-plm-software\",\"https:\/\/www.youtube.com\/user\/PolarionSoftware\",\"https:\/\/twitter.com\/siemensplm\"],\"logo\":{\"@type\":\"ImageObject\",\"@id\":\"https:\/\/solidedge.siemens.com\/en\/#logo\",\"inLanguage\":\"pl-PL\",\"url\":\"https:\/\/solidedge.siemens.com\/wp-content\/uploads\/2018\/04\/logo-siemens-ifl@2x.png\",\"contentUrl\":\"https:\/\/solidedge.siemens.com\/wp-content\/uploads\/2018\/04\/logo-siemens-ifl@2x.png\",\"width\":640,\"height\":270,\"caption\":\"Siemens Digital Industries Software\"},\"image\":{\"@id\":\"https:\/\/solidedge.siemens.com\/en\/#logo\"}},{\"@type\":\"WebSite\",\"@id\":\"https:\/\/solidedge.siemens.com\/en\/#website\",\"url\":\"https:\/\/solidedge.siemens.com\/en\/\",\"name\":\"Solid Edge\",\"description\":\"Siemens Software\",\"publisher\":{\"@id\":\"https:\/\/solidedge.siemens.com\/en\/#organization\"},\"potentialAction\":[{\"@type\":\"SearchAction\",\"target\":{\"@type\":\"EntryPoint\",\"urlTemplate\":\"https:\/\/solidedge.siemens.com\/en\/?s={search_term_string}\"},\"query-input\":\"required name=search_term_string\"}],\"inLanguage\":\"pl-PL\"},{\"@type\":\"WebPage\",\"@id\":\"https:\/\/solidedge.siemens.com\/pl\/solutions\/products\/simulation\/simcenter-flomaster-for-solid-edge\/#webpage\",\"url\":\"https:\/\/solidedge.siemens.com\/pl\/solutions\/products\/simulation\/simcenter-flomaster-for-solid-edge\/\",\"name\":\"Simcenter Flomaster dla Solid Edge | Symulacja CFD | Siemens\",\"isPartOf\":{\"@id\":\"https:\/\/solidedge.siemens.com\/en\/#website\"},\"datePublished\":\"2021-12-10T14:03:43+00:00\",\"dateModified\":\"2021-12-10T14:04:03+00:00\",\"description\":\"Modeluj i analizuj przep\u0142ywy p\u0142yn\u00f3w i ciep\u0142a w systemach ruroci\u0105g\u00f3w oraz usprawnij przep\u0142yw informacji dotycz\u0105cych symulacji za pomoc\u0105 rozwi\u0105zania Simcenter Flomaster dla Solid Edge.\",\"breadcrumb\":{\"@id\":\"https:\/\/solidedge.siemens.com\/pl\/solutions\/products\/simulation\/simcenter-flomaster-for-solid-edge\/#breadcrumb\"},\"inLanguage\":\"pl-PL\",\"potentialAction\":[{\"@type\":\"ReadAction\",\"target\":[\"https:\/\/solidedge.siemens.com\/pl\/solutions\/products\/simulation\/simcenter-flomaster-for-solid-edge\/\"]}]},{\"@type\":\"BreadcrumbList\",\"@id\":\"https:\/\/solidedge.siemens.com\/pl\/solutions\/products\/simulation\/simcenter-flomaster-for-solid-edge\/#breadcrumb\",\"itemListElement\":[{\"@type\":\"ListItem\",\"position\":1,\"name\":\"Home\",\"item\":\"https:\/\/solidedge.siemens.com\/en\/home-10\/\"},{\"@type\":\"ListItem\",\"position\":2,\"name\":\"Rozwi\u0105zania\",\"item\":\"https:\/\/solidedge.siemens.com\/pl\/solutions\/\"},{\"@type\":\"ListItem\",\"position\":3,\"name\":\"Produkty\",\"item\":\"https:\/\/solidedge.siemens.com\/pl\/solutions\/products\/\"},{\"@type\":\"ListItem\",\"position\":4,\"name\":\"Symulacja\",\"item\":\"https:\/\/solidedge.siemens.com\/pl\/solutions\/products\/simulation\/\"},{\"@type\":\"ListItem\",\"position\":5,\"name\":\"Simcenter Flomaster dla Solid Edge\"}]}]}<\/script>\n<!-- \/ Yoast SEO plugin. -->","yoast_head_json":{"title":"Simcenter Flomaster dla Solid Edge | Symulacja CFD | Siemens","description":"Modeluj i analizuj przep\u0142ywy p\u0142yn\u00f3w i ciep\u0142a w systemach ruroci\u0105g\u00f3w oraz usprawnij przep\u0142yw informacji dotycz\u0105cych symulacji za pomoc\u0105 rozwi\u0105zania Simcenter Flomaster dla Solid Edge.","robots":{"index":"index","follow":"follow","max-snippet":"max-snippet:-1","max-image-preview":"max-image-preview:large","max-video-preview":"max-video-preview:-1"},"canonical":"https:\/\/solidedge.siemens.com\/pl\/solutions\/products\/simulation\/simcenter-flomaster-for-solid-edge\/","og_locale":"pl_PL","og_type":"article","og_title":"Simcenter Flomaster dla Solid Edge | Symulacja CFD | Siemens","og_description":"Modeluj i analizuj przep\u0142ywy p\u0142yn\u00f3w i ciep\u0142a w systemach ruroci\u0105g\u00f3w oraz usprawnij przep\u0142yw informacji dotycz\u0105cych symulacji za pomoc\u0105 rozwi\u0105zania Simcenter Flomaster dla Solid Edge.","og_url":"https:\/\/solidedge.siemens.com\/pl\/solutions\/products\/simulation\/simcenter-flomaster-for-solid-edge\/","og_site_name":"Solid Edge","article_publisher":"https:\/\/www.facebook.com\/solidedge","article_modified_time":"2021-12-10T14:04:03+00:00","twitter_card":"summary_large_image","twitter_site":"@siemensplm","twitter_misc":{"Szacowany czas czytania":"4 minuty"},"schema":{"@context":"https:\/\/schema.org","@graph":[{"@type":"Organization","@id":"https:\/\/solidedge.siemens.com\/en\/#organization","name":"Siemens Digital Industries Software","url":"https:\/\/solidedge.siemens.com\/en\/","sameAs":["https:\/\/www.facebook.com\/solidedge","https:\/\/www.instagram.com\/siemens\/","https:\/\/www.linkedin.com\/company\/siemens-plm-software","https:\/\/www.youtube.com\/user\/PolarionSoftware","https:\/\/twitter.com\/siemensplm"],"logo":{"@type":"ImageObject","@id":"https:\/\/solidedge.siemens.com\/en\/#logo","inLanguage":"pl-PL","url":"https:\/\/solidedge.siemens.com\/wp-content\/uploads\/2018\/04\/logo-siemens-ifl@2x.png","contentUrl":"https:\/\/solidedge.siemens.com\/wp-content\/uploads\/2018\/04\/logo-siemens-ifl@2x.png","width":640,"height":270,"caption":"Siemens Digital Industries Software"},"image":{"@id":"https:\/\/solidedge.siemens.com\/en\/#logo"}},{"@type":"WebSite","@id":"https:\/\/solidedge.siemens.com\/en\/#website","url":"https:\/\/solidedge.siemens.com\/en\/","name":"Solid Edge","description":"Siemens Software","publisher":{"@id":"https:\/\/solidedge.siemens.com\/en\/#organization"},"potentialAction":[{"@type":"SearchAction","target":{"@type":"EntryPoint","urlTemplate":"https:\/\/solidedge.siemens.com\/en\/?s={search_term_string}"},"query-input":"required name=search_term_string"}],"inLanguage":"pl-PL"},{"@type":"WebPage","@id":"https:\/\/solidedge.siemens.com\/pl\/solutions\/products\/simulation\/simcenter-flomaster-for-solid-edge\/#webpage","url":"https:\/\/solidedge.siemens.com\/pl\/solutions\/products\/simulation\/simcenter-flomaster-for-solid-edge\/","name":"Simcenter Flomaster dla Solid Edge | Symulacja CFD | Siemens","isPartOf":{"@id":"https:\/\/solidedge.siemens.com\/en\/#website"},"datePublished":"2021-12-10T14:03:43+00:00","dateModified":"2021-12-10T14:04:03+00:00","description":"Modeluj i analizuj przep\u0142ywy p\u0142yn\u00f3w i ciep\u0142a w systemach ruroci\u0105g\u00f3w oraz usprawnij przep\u0142yw informacji dotycz\u0105cych symulacji za pomoc\u0105 rozwi\u0105zania Simcenter Flomaster dla Solid Edge.","breadcrumb":{"@id":"https:\/\/solidedge.siemens.com\/pl\/solutions\/products\/simulation\/simcenter-flomaster-for-solid-edge\/#breadcrumb"},"inLanguage":"pl-PL","potentialAction":[{"@type":"ReadAction","target":["https:\/\/solidedge.siemens.com\/pl\/solutions\/products\/simulation\/simcenter-flomaster-for-solid-edge\/"]}]},{"@type":"BreadcrumbList","@id":"https:\/\/solidedge.siemens.com\/pl\/solutions\/products\/simulation\/simcenter-flomaster-for-solid-edge\/#breadcrumb","itemListElement":[{"@type":"ListItem","position":1,"name":"Home","item":"https:\/\/solidedge.siemens.com\/en\/home-10\/"},{"@type":"ListItem","position":2,"name":"Rozwi\u0105zania","item":"https:\/\/solidedge.siemens.com\/pl\/solutions\/"},{"@type":"ListItem","position":3,"name":"Produkty","item":"https:\/\/solidedge.siemens.com\/pl\/solutions\/products\/"},{"@type":"ListItem","position":4,"name":"Symulacja","item":"https:\/\/solidedge.siemens.com\/pl\/solutions\/products\/simulation\/"},{"@type":"ListItem","position":5,"name":"Simcenter Flomaster dla Solid Edge"}]}]}},"_links":{"self":[{"href":"https:\/\/solidedge.siemens.com\/pl\/wp-json\/wp\/v2\/pages\/49013"}],"collection":[{"href":"https:\/\/solidedge.siemens.com\/pl\/wp-json\/wp\/v2\/pages"}],"about":[{"href":"https:\/\/solidedge.siemens.com\/pl\/wp-json\/wp\/v2\/types\/page"}],"author":[{"embeddable":true,"href":"https:\/\/solidedge.siemens.com\/pl\/wp-json\/wp\/v2\/users\/44"}],"replies":[{"embeddable":true,"href":"https:\/\/solidedge.siemens.com\/pl\/wp-json\/wp\/v2\/comments?post=49013"}],"version-history":[{"count":8,"href":"https:\/\/solidedge.siemens.com\/pl\/wp-json\/wp\/v2\/pages\/49013\/revisions"}],"predecessor-version":[{"id":55597,"href":"https:\/\/solidedge.siemens.com\/pl\/wp-json\/wp\/v2\/pages\/49013\/revisions\/55597"}],"up":[{"embeddable":true,"href":"https:\/\/solidedge.siemens.com\/pl\/wp-json\/wp\/v2\/pages\/2726"}],"wp:attachment":[{"href":"https:\/\/solidedge.siemens.com\/pl\/wp-json\/wp\/v2\/media?parent=49013"}],"curies":[{"name":"wp","href":"https:\/\/api.w.org\/{rel}","templated":true}]}}