{"id":40832,"date":"2021-05-18T15:26:35","date_gmt":"2021-05-18T19:26:35","guid":{"rendered":"https:\/\/solidedge.siemens.com\/terms-conditions\/pierwszy-miesiac-korzystania-z-oprogramowania-solid-edge-w-cenie-100-usd\/"},"modified":"2021-05-18T15:27:29","modified_gmt":"2021-05-18T19:27:29","slug":"solid-edge-first-month-1-00","status":"publish","type":"page","link":"https:\/\/solidedge.siemens.com\/pl\/terms-conditions\/solid-edge-first-month-1-00\/","title":{"rendered":"Pierwszy miesi\u0105c korzystania z&nbsp;oprogramowania Solid Edge w&nbsp;cenie 1,00&nbsp;USD"},"content":{"rendered":"<p>[vc_row][vc_column][vc_column_text]<\/p>\n<h1>Pierwszy miesi\u0105c korzystania z&nbsp;oprogramowania Solid Edge w&nbsp;cenie 1,00&nbsp;USD Warunki<\/h1>\n<p>[\/vc_column_text][vc_column_text]<strong>Kup miesi\u0119czn\u0105 subskrypcj\u0119 oprogramowania Solid Edge i zap\u0142a\u0107 tylko 1,00&nbsp;USD za pierwszy miesi\u0105c<\/strong><\/p>\n<ul class=\"bullet-list\">\n<li>Bonus dost\u0119pny tylko za po\u015brednictwem firmy Siemens Digital Industries Software i jej partner&oacute;w dystrybucyjnych.<\/li>\n<li>Dotyczy tylko klient&oacute;w maj\u0105cych adres zamieszkania na terenie Stan&oacute;w Zjednoczonych.<\/li>\n<li>Oferta obowi\u0105zuje wy\u0142\u0105cznie w zwi\u0105zku z zakupem licencji na oprogramowanie Solid Edge\u00ae, kt&oacute;re musz\u0105 zosta\u0107 zakupione w okresie od godziny 8:00 czasu \u015brodkowoeuropejskiego w dniu 1 pa\u017adziernik 2018 r. do godziny 17:00 czasu \u015brodkowoeuropejskiego w dniu 31 marzec 2019 r.<\/li>\n<li>Po zako\u0144czeniu pierwszego miesi\u0105ca nabywca zgadza si\u0119 p\u0142aci\u0107 bie\u017c\u0105c\u0105 opublikowan\u0105 miesi\u0119czn\u0105 cen\u0119 subskrypcji dost\u0119pn\u0105<span>&nbsp;<\/span><a class=\"link\" title=\"Solid Edge &ndash; sklep\" href=\"https:\/\/www.plm.automation.siemens.com\/store\/en-us\/solid-edge\/index.html\" target=\"_blank\" rel=\"noopener noreferrer\">tutaj<\/a><span>&nbsp;<\/span>ka\u017cdego miesi\u0105ca, chyba \u017ce subskrybent anuluje subskrypcj\u0119. Inne zni\u017cki nie maj\u0105 zastosowania;<\/li>\n<li>Anulowanie mo\u017ce nast\u0105pi\u0107 w dowolnym momencie ka\u017cdego miesi\u0105ca, jednak\u017ce za \u017cadn\u0105 cz\u0119\u015b\u0107 tego miesi\u0105ca nie przys\u0142uguje zwrot;<\/li>\n<li>Bonusem jest cena 1,00&nbsp;USD za pierwszy (1.) miesi\u0105c miesi\u0119cznej subskrypcji licencji na oprogramowanie Solid Edge (przybli\u017cone ceny detaliczne: Design and Drafting 100,00&nbsp;USD; Foundation 230,00&nbsp;USD; Classic 290,00&nbsp;USD; Premium 420,00&nbsp;USD);<\/li>\n<li>Bonusy otrzymuje si\u0119, wpisuj\u0105c kod promocyjny w miejscu wskazanym w momencie zakupu.<\/li>\n<li>Oferta wa\u017cna tylko dla os&oacute;b wykupuj\u0105cych miesi\u0119czn\u0105 subskrypcj\u0119 oprogramowania Solid Edge po raz pierwszy;<\/li>\n<li>Jednemu subskrybentowi przys\u0142uguje wy\u0142\u0105cznie jedna (1) obni\u017cka ceny za pierwszy miesi\u0105c do kwoty 1,00&nbsp;GBP. Aby unikn\u0105\u0107 w\u0105tpliwo\u015bci wyja\u015bniamy, \u017ce subskrybentem mo\u017ce by\u0107 osoba fizyczna lub podmiot gospodarczy.<\/li>\n<\/ul>\n<p>Je\u017celi z&nbsp;jakichkolwiek przyczyn powy\u017cszy program nie b\u0119dzie m&oacute;g\u0142 zosta\u0107 przeprowadzony zgodnie z&nbsp;planem z&nbsp;powodu zainfekowania wirusami komputerowymi, b\u0142\u0119d&oacute;w, manipulacji, nieautoryzowanego dzia\u0142ania, oszustwa, awarii technicznych lub innych przyczyn, kt&oacute;re w&nbsp;wy\u0142\u0105cznej opinii firmy Siemens Digital Industries Software mog\u0105 negatywnie wp\u0142yn\u0105\u0107 na program lub zarz\u0105dzanie nim oraz zagra\u017ca\u0107 jego bezpiecze\u0144stwu, rzetelno\u015bci, uczciwo\u015bci lub prawid\u0142owemu dzia\u0142aniu, firma Siemens Digital Industries Software zastrzega sobie prawo do anulowania, zako\u0144czenia, modyfikacji lub zawieszenia powy\u017cszego programu zni\u017ckowego.<\/p>\n<p><em>Uwaga: Siemens i&nbsp;logo Siemens s\u0105 zastrze\u017conymi znakami towarowymi firmy Siemens AG. Solid Edge jest znakiem towarowym lub zastrze\u017conym znakiem towarowym firmy Siemens Product Lifecycle Management Software Inc. lub jej podmiot&oacute;w zale\u017cnych w&nbsp;Stanach Zjednoczonych i&nbsp;w&nbsp;innych krajach. Wszystkie pozosta\u0142e znaki towarowe, zastrze\u017cone znaki towarowe i&nbsp;znaki us\u0142ugowe nale\u017c\u0105 do odpowiednich podmiot&oacute;w.<\/em>[\/vc_column_text][\/vc_column][\/vc_row]<\/p>\n","protected":false},"excerpt":{"rendered":"<p> Pierwszy miesi\u0105c korzystania z&nbsp;oprogramowania Solid Edge w&nbsp;cenie 1,00&nbsp;USD Warunki [\/vc_column_text]Kup miesi\u0119czn\u0105 subskrypcj\u0119 oprogramowania Solid Edge i zap\u0142a\u0107 tylko 1,00&nbsp;USD za pierwszy miesi\u0105c Bonus dost\u0119pny tylko za po\u015brednictwem firmy Siemens Digital Industries Software i jej partner&oacute;w dystrybucyjnych. Dotyczy tylko klient&oacute;w maj\u0105cych adres zamieszkania na terenie Stan&oacute;w Zjednoczonych. Oferta obowi\u0105zuje wy\u0142\u0105cznie w zwi\u0105zku z zakupem licencji [&hellip;]<\/p>\n","protected":false},"author":5,"featured_media":0,"parent":40827,"menu_order":0,"comment_status":"closed","ping_status":"open","template":"","meta":{"inline_featured_image":false},"yoast_head":"<!-- This site is optimized with the Yoast SEO plugin v18.4.1 - https:\/\/yoast.com\/wordpress\/plugins\/seo\/ -->\n<title>Pierwszy miesi\u0105c korzystania z&nbsp;oprogramowania Solid Edge w&nbsp;cenie 1,00&nbsp;USD | Solid Edge | Siemens Software<\/title>\n<meta name=\"robots\" content=\"noindex, follow\" \/>\n<meta property=\"og:locale\" content=\"pl_PL\" \/>\n<meta property=\"og:type\" content=\"article\" \/>\n<meta property=\"og:title\" content=\"Pierwszy miesi\u0105c korzystania z&nbsp;oprogramowania Solid Edge w&nbsp;cenie 1,00&nbsp;USD | Solid Edge | Siemens Software\" \/>\n<meta property=\"og:description\" content=\"Pierwszy miesi\u0105c korzystania z&nbsp;oprogramowania Solid Edge w&nbsp;cenie 1,00&nbsp;USD Warunki [\/vc_column_text]Kup miesi\u0119czn\u0105 subskrypcj\u0119 oprogramowania Solid Edge i zap\u0142a\u0107 tylko 1,00&nbsp;USD za pierwszy miesi\u0105c Bonus dost\u0119pny tylko za po\u015brednictwem firmy Siemens Digital Industries Software i jej partner&oacute;w dystrybucyjnych. Dotyczy tylko klient&oacute;w maj\u0105cych adres zamieszkania na terenie Stan&oacute;w Zjednoczonych. Oferta obowi\u0105zuje wy\u0142\u0105cznie w zwi\u0105zku z zakupem licencji [&hellip;]\" \/>\n<meta property=\"og:url\" content=\"https:\/\/solidedge.siemens.com\/pl\/terms-conditions\/solid-edge-first-month-1-00\/\" \/>\n<meta property=\"og:site_name\" content=\"Solid Edge\" \/>\n<meta property=\"article:publisher\" content=\"https:\/\/www.facebook.com\/solidedge\" \/>\n<meta property=\"article:modified_time\" content=\"2021-05-18T19:27:29+00:00\" \/>\n<meta name=\"twitter:card\" content=\"summary_large_image\" \/>\n<meta name=\"twitter:site\" content=\"@siemensplm\" \/>\n<meta name=\"twitter:label1\" content=\"Szacowany czas czytania\" \/>\n\t<meta name=\"twitter:data1\" content=\"2 minuty\" \/>\n<script type=\"application\/ld+json\" class=\"yoast-schema-graph\">{\"@context\":\"https:\/\/schema.org\",\"@graph\":[{\"@type\":\"Organization\",\"@id\":\"https:\/\/solidedge.siemens.com\/en\/#organization\",\"name\":\"Siemens Digital Industries Software\",\"url\":\"https:\/\/solidedge.siemens.com\/en\/\",\"sameAs\":[\"https:\/\/www.facebook.com\/solidedge\",\"https:\/\/www.instagram.com\/siemens\/\",\"https:\/\/www.linkedin.com\/company\/siemens-plm-software\",\"https:\/\/www.youtube.com\/user\/PolarionSoftware\",\"https:\/\/twitter.com\/siemensplm\"],\"logo\":{\"@type\":\"ImageObject\",\"@id\":\"https:\/\/solidedge.siemens.com\/en\/#logo\",\"inLanguage\":\"pl-PL\",\"url\":\"https:\/\/solidedge.siemens.com\/wp-content\/uploads\/2018\/04\/logo-siemens-ifl@2x.png\",\"contentUrl\":\"https:\/\/solidedge.siemens.com\/wp-content\/uploads\/2018\/04\/logo-siemens-ifl@2x.png\",\"width\":640,\"height\":270,\"caption\":\"Siemens Digital Industries Software\"},\"image\":{\"@id\":\"https:\/\/solidedge.siemens.com\/en\/#logo\"}},{\"@type\":\"WebSite\",\"@id\":\"https:\/\/solidedge.siemens.com\/en\/#website\",\"url\":\"https:\/\/solidedge.siemens.com\/en\/\",\"name\":\"Solid Edge\",\"description\":\"Siemens Software\",\"publisher\":{\"@id\":\"https:\/\/solidedge.siemens.com\/en\/#organization\"},\"potentialAction\":[{\"@type\":\"SearchAction\",\"target\":{\"@type\":\"EntryPoint\",\"urlTemplate\":\"https:\/\/solidedge.siemens.com\/en\/?s={search_term_string}\"},\"query-input\":\"required name=search_term_string\"}],\"inLanguage\":\"pl-PL\"},{\"@type\":\"WebPage\",\"@id\":\"https:\/\/solidedge.siemens.com\/pl\/terms-conditions\/solid-edge-first-month-1-00\/#webpage\",\"url\":\"https:\/\/solidedge.siemens.com\/pl\/terms-conditions\/solid-edge-first-month-1-00\/\",\"name\":\"Pierwszy miesi\u0105c korzystania z&nbsp;oprogramowania Solid Edge w&nbsp;cenie 1,00&nbsp;USD | Solid Edge | Siemens Software\",\"isPartOf\":{\"@id\":\"https:\/\/solidedge.siemens.com\/en\/#website\"},\"datePublished\":\"2021-05-18T19:26:35+00:00\",\"dateModified\":\"2021-05-18T19:27:29+00:00\",\"breadcrumb\":{\"@id\":\"https:\/\/solidedge.siemens.com\/pl\/terms-conditions\/solid-edge-first-month-1-00\/#breadcrumb\"},\"inLanguage\":\"pl-PL\",\"potentialAction\":[{\"@type\":\"ReadAction\",\"target\":[\"https:\/\/solidedge.siemens.com\/pl\/terms-conditions\/solid-edge-first-month-1-00\/\"]}]},{\"@type\":\"BreadcrumbList\",\"@id\":\"https:\/\/solidedge.siemens.com\/pl\/terms-conditions\/solid-edge-first-month-1-00\/#breadcrumb\",\"itemListElement\":[{\"@type\":\"ListItem\",\"position\":1,\"name\":\"Home\",\"item\":\"https:\/\/solidedge.siemens.com\/en\/home-10\/\"},{\"@type\":\"ListItem\",\"position\":2,\"name\":\"Warunki\",\"item\":\"https:\/\/solidedge.siemens.com\/pl\/terms-conditions\/\"},{\"@type\":\"ListItem\",\"position\":3,\"name\":\"Pierwszy miesi\u0105c korzystania z&nbsp;oprogramowania Solid Edge w&nbsp;cenie 1,00&nbsp;USD\"}]}]}<\/script>\n<!-- \/ Yoast SEO plugin. -->","yoast_head_json":{"title":"Pierwszy miesi\u0105c korzystania z&nbsp;oprogramowania Solid Edge w&nbsp;cenie 1,00&nbsp;USD | Solid Edge | Siemens Software","robots":{"index":"noindex","follow":"follow"},"og_locale":"pl_PL","og_type":"article","og_title":"Pierwszy miesi\u0105c korzystania z&nbsp;oprogramowania Solid Edge w&nbsp;cenie 1,00&nbsp;USD | Solid Edge | Siemens Software","og_description":"Pierwszy miesi\u0105c korzystania z&nbsp;oprogramowania Solid Edge w&nbsp;cenie 1,00&nbsp;USD Warunki [\/vc_column_text]Kup miesi\u0119czn\u0105 subskrypcj\u0119 oprogramowania Solid Edge i zap\u0142a\u0107 tylko 1,00&nbsp;USD za pierwszy miesi\u0105c Bonus dost\u0119pny tylko za po\u015brednictwem firmy Siemens Digital Industries Software i jej partner&oacute;w dystrybucyjnych. Dotyczy tylko klient&oacute;w maj\u0105cych adres zamieszkania na terenie Stan&oacute;w Zjednoczonych. Oferta obowi\u0105zuje wy\u0142\u0105cznie w zwi\u0105zku z zakupem licencji [&hellip;]","og_url":"https:\/\/solidedge.siemens.com\/pl\/terms-conditions\/solid-edge-first-month-1-00\/","og_site_name":"Solid Edge","article_publisher":"https:\/\/www.facebook.com\/solidedge","article_modified_time":"2021-05-18T19:27:29+00:00","twitter_card":"summary_large_image","twitter_site":"@siemensplm","twitter_misc":{"Szacowany czas czytania":"2 minuty"},"schema":{"@context":"https:\/\/schema.org","@graph":[{"@type":"Organization","@id":"https:\/\/solidedge.siemens.com\/en\/#organization","name":"Siemens Digital Industries Software","url":"https:\/\/solidedge.siemens.com\/en\/","sameAs":["https:\/\/www.facebook.com\/solidedge","https:\/\/www.instagram.com\/siemens\/","https:\/\/www.linkedin.com\/company\/siemens-plm-software","https:\/\/www.youtube.com\/user\/PolarionSoftware","https:\/\/twitter.com\/siemensplm"],"logo":{"@type":"ImageObject","@id":"https:\/\/solidedge.siemens.com\/en\/#logo","inLanguage":"pl-PL","url":"https:\/\/solidedge.siemens.com\/wp-content\/uploads\/2018\/04\/logo-siemens-ifl@2x.png","contentUrl":"https:\/\/solidedge.siemens.com\/wp-content\/uploads\/2018\/04\/logo-siemens-ifl@2x.png","width":640,"height":270,"caption":"Siemens Digital Industries Software"},"image":{"@id":"https:\/\/solidedge.siemens.com\/en\/#logo"}},{"@type":"WebSite","@id":"https:\/\/solidedge.siemens.com\/en\/#website","url":"https:\/\/solidedge.siemens.com\/en\/","name":"Solid Edge","description":"Siemens Software","publisher":{"@id":"https:\/\/solidedge.siemens.com\/en\/#organization"},"potentialAction":[{"@type":"SearchAction","target":{"@type":"EntryPoint","urlTemplate":"https:\/\/solidedge.siemens.com\/en\/?s={search_term_string}"},"query-input":"required name=search_term_string"}],"inLanguage":"pl-PL"},{"@type":"WebPage","@id":"https:\/\/solidedge.siemens.com\/pl\/terms-conditions\/solid-edge-first-month-1-00\/#webpage","url":"https:\/\/solidedge.siemens.com\/pl\/terms-conditions\/solid-edge-first-month-1-00\/","name":"Pierwszy miesi\u0105c korzystania z&nbsp;oprogramowania Solid Edge w&nbsp;cenie 1,00&nbsp;USD | Solid Edge | Siemens Software","isPartOf":{"@id":"https:\/\/solidedge.siemens.com\/en\/#website"},"datePublished":"2021-05-18T19:26:35+00:00","dateModified":"2021-05-18T19:27:29+00:00","breadcrumb":{"@id":"https:\/\/solidedge.siemens.com\/pl\/terms-conditions\/solid-edge-first-month-1-00\/#breadcrumb"},"inLanguage":"pl-PL","potentialAction":[{"@type":"ReadAction","target":["https:\/\/solidedge.siemens.com\/pl\/terms-conditions\/solid-edge-first-month-1-00\/"]}]},{"@type":"BreadcrumbList","@id":"https:\/\/solidedge.siemens.com\/pl\/terms-conditions\/solid-edge-first-month-1-00\/#breadcrumb","itemListElement":[{"@type":"ListItem","position":1,"name":"Home","item":"https:\/\/solidedge.siemens.com\/en\/home-10\/"},{"@type":"ListItem","position":2,"name":"Warunki","item":"https:\/\/solidedge.siemens.com\/pl\/terms-conditions\/"},{"@type":"ListItem","position":3,"name":"Pierwszy miesi\u0105c korzystania z&nbsp;oprogramowania Solid Edge w&nbsp;cenie 1,00&nbsp;USD"}]}]}},"_links":{"self":[{"href":"https:\/\/solidedge.siemens.com\/pl\/wp-json\/wp\/v2\/pages\/40832"}],"collection":[{"href":"https:\/\/solidedge.siemens.com\/pl\/wp-json\/wp\/v2\/pages"}],"about":[{"href":"https:\/\/solidedge.siemens.com\/pl\/wp-json\/wp\/v2\/types\/page"}],"author":[{"embeddable":true,"href":"https:\/\/solidedge.siemens.com\/pl\/wp-json\/wp\/v2\/users\/5"}],"replies":[{"embeddable":true,"href":"https:\/\/solidedge.siemens.com\/pl\/wp-json\/wp\/v2\/comments?post=40832"}],"version-history":[{"count":4,"href":"https:\/\/solidedge.siemens.com\/pl\/wp-json\/wp\/v2\/pages\/40832\/revisions"}],"predecessor-version":[{"id":40867,"href":"https:\/\/solidedge.siemens.com\/pl\/wp-json\/wp\/v2\/pages\/40832\/revisions\/40867"}],"up":[{"embeddable":true,"href":"https:\/\/solidedge.siemens.com\/pl\/wp-json\/wp\/v2\/pages\/40827"}],"wp:attachment":[{"href":"https:\/\/solidedge.siemens.com\/pl\/wp-json\/wp\/v2\/media?parent=40832"}],"curies":[{"name":"wp","href":"https:\/\/api.w.org\/{rel}","templated":true}]}}