{"id":40827,"date":"2021-05-18T15:26:29","date_gmt":"2021-05-18T19:26:29","guid":{"rendered":"https:\/\/solidedge.siemens.com\/warunki\/"},"modified":"2021-05-18T15:27:29","modified_gmt":"2021-05-18T19:27:29","slug":"terms-conditions","status":"publish","type":"page","link":"https:\/\/solidedge.siemens.com\/pl\/terms-conditions\/","title":{"rendered":"Warunki"},"content":{"rendered":"<p>[vc_row][vc_column][vc_column_text]<\/p>\n<h1>Warunki Katalog<\/h1>\n<p>[\/vc_column_text][vc_column_text]Prosz\u0119 wybra\u0107 w\u0142a\u015bciw\u0105 opcj\u0119 z poni\u017cszej listy.<\/p>\n<ul>\n<li><a href=\"https:\/\/www.plm.automation.siemens.com\/en\/legal.shtml\" target=\"_blank\" rel=\"noopener noreferrer\">Polityka prywatno\u015bci<\/a><\/li>\n<li><a href=\"https:\/\/www.siemens.com\/global\/en\/home\/general\/legal.html#tabentry-478438873-1571773254\" target=\"_blank\" rel=\"noopener noreferrer\">Regulamin<\/a><\/li>\n<\/ul>\n<p>[\/vc_column_text][vc_column_text]<\/p>\n<h2>Promocje<\/h2>\n<ul>\n<li><a href=\"https:\/\/solidedge.siemens.com\/pl\/terms-conditions\/solid-edge-first-month-1-00\/\" rel=\"noopener\">Pierwszy miesi\u0105c korzystania z oprogramowania Solid Edge za 1,00&nbsp;USD<\/a><\/li>\n<li><a href=\"https:\/\/solidedge.siemens.com\/pl\/terms-conditions\/solid-edge-first-month-1-uk\/\" rel=\"noopener\">Pierwszy miesi\u0105c korzystania z oprogramowania Solid Edge za 1,00&nbsp;GBP (Wielka Brytania)<\/a><\/li>\n<li><a href=\"https:\/\/solidedge.siemens.com\/pl\/terms-conditions\/cyber-monday-2019\/\">Wyprzeda\u017c oprogramowania Solid Edge Cyber Monday &mdash; 2018 (Stany Zjednoczone, Kanada, Wielka Brytania, Francja)<\/a><\/li>\n<li><a href=\"https:\/\/solidedge.siemens.com\/pl\/terms-conditions\/cyber-monday-2019\/\">Wyprzeda\u017c oprogramowania Solid Edge Cyber Monday &mdash; 2018 (Meksyk, Kolumbia, Peru, Argentyna)<\/a><\/li>\n<li><a href=\"https:\/\/solidedge.siemens.com\/pl\/terms-conditions\/eoy-sale-2018\/\">Wyprzeda\u017c oprogramowania Solid Edge na koniec roku &mdash; 2018<\/a><\/li>\n<li><a href=\"https:\/\/solidedge.siemens.com\/pl\/terms-conditions\/solid-edge-electrical-design-products-promotion\/\">Promocja na produkty Solid Edge do projektowania instalacji elektrycznych &mdash; 2019<\/a><\/li>\n<\/ul>\n<p>[\/vc_column_text][\/vc_column][\/vc_row]<\/p>\n","protected":false},"excerpt":{"rendered":"<p> Warunki Katalog [\/vc_column_text]Prosz\u0119 wybra\u0107 w\u0142a\u015bciw\u0105 opcj\u0119 z poni\u017cszej listy. Polityka prywatno\u015bci Regulamin [\/vc_column_text] Promocje Pierwszy miesi\u0105c korzystania z oprogramowania Solid Edge za 1,00&nbsp;USD Pierwszy miesi\u0105c korzystania z oprogramowania Solid Edge za 1,00&nbsp;GBP (Wielka Brytania) Wyprzeda\u017c oprogramowania Solid Edge Cyber Monday &mdash; 2018 (Stany Zjednoczone, Kanada, Wielka Brytania, Francja) Wyprzeda\u017c oprogramowania Solid Edge Cyber Monday [&hellip;]<\/p>\n","protected":false},"author":5,"featured_media":0,"parent":0,"menu_order":200,"comment_status":"closed","ping_status":"open","template":"","meta":{"inline_featured_image":false},"yoast_head":"<!-- This site is optimized with the Yoast SEO plugin v18.4.1 - https:\/\/yoast.com\/wordpress\/plugins\/seo\/ -->\n<title>Warunki | Solid Edge | Siemens Software<\/title>\n<meta name=\"robots\" content=\"noindex, nofollow\" \/>\n<meta property=\"og:locale\" content=\"pl_PL\" \/>\n<meta property=\"og:type\" content=\"article\" \/>\n<meta property=\"og:title\" content=\"Warunki | Solid Edge | Siemens Software\" \/>\n<meta property=\"og:description\" content=\"Warunki Katalog [\/vc_column_text]Prosz\u0119 wybra\u0107 w\u0142a\u015bciw\u0105 opcj\u0119 z poni\u017cszej listy. Polityka prywatno\u015bci Regulamin [\/vc_column_text] Promocje Pierwszy miesi\u0105c korzystania z oprogramowania Solid Edge za 1,00&nbsp;USD Pierwszy miesi\u0105c korzystania z oprogramowania Solid Edge za 1,00&nbsp;GBP (Wielka Brytania) Wyprzeda\u017c oprogramowania Solid Edge Cyber Monday &mdash; 2018 (Stany Zjednoczone, Kanada, Wielka Brytania, Francja) Wyprzeda\u017c oprogramowania Solid Edge Cyber Monday [&hellip;]\" \/>\n<meta property=\"og:url\" content=\"https:\/\/solidedge.siemens.com\/pl\/terms-conditions\/\" \/>\n<meta property=\"og:site_name\" content=\"Solid Edge\" \/>\n<meta property=\"article:publisher\" content=\"https:\/\/www.facebook.com\/solidedge\" \/>\n<meta property=\"article:modified_time\" content=\"2021-05-18T19:27:29+00:00\" \/>\n<meta name=\"twitter:card\" content=\"summary_large_image\" \/>\n<meta name=\"twitter:site\" content=\"@siemensplm\" \/>\n<meta name=\"twitter:label1\" content=\"Szacowany czas czytania\" \/>\n\t<meta name=\"twitter:data1\" content=\"1 minuta\" \/>\n<script type=\"application\/ld+json\" class=\"yoast-schema-graph\">{\"@context\":\"https:\/\/schema.org\",\"@graph\":[{\"@type\":\"Organization\",\"@id\":\"https:\/\/solidedge.siemens.com\/en\/#organization\",\"name\":\"Siemens Digital Industries Software\",\"url\":\"https:\/\/solidedge.siemens.com\/en\/\",\"sameAs\":[\"https:\/\/www.facebook.com\/solidedge\",\"https:\/\/www.instagram.com\/siemens\/\",\"https:\/\/www.linkedin.com\/company\/siemens-plm-software\",\"https:\/\/www.youtube.com\/user\/PolarionSoftware\",\"https:\/\/twitter.com\/siemensplm\"],\"logo\":{\"@type\":\"ImageObject\",\"@id\":\"https:\/\/solidedge.siemens.com\/en\/#logo\",\"inLanguage\":\"pl-PL\",\"url\":\"https:\/\/solidedge.siemens.com\/wp-content\/uploads\/2018\/04\/logo-siemens-ifl@2x.png\",\"contentUrl\":\"https:\/\/solidedge.siemens.com\/wp-content\/uploads\/2018\/04\/logo-siemens-ifl@2x.png\",\"width\":640,\"height\":270,\"caption\":\"Siemens Digital Industries Software\"},\"image\":{\"@id\":\"https:\/\/solidedge.siemens.com\/en\/#logo\"}},{\"@type\":\"WebSite\",\"@id\":\"https:\/\/solidedge.siemens.com\/en\/#website\",\"url\":\"https:\/\/solidedge.siemens.com\/en\/\",\"name\":\"Solid Edge\",\"description\":\"Siemens Software\",\"publisher\":{\"@id\":\"https:\/\/solidedge.siemens.com\/en\/#organization\"},\"potentialAction\":[{\"@type\":\"SearchAction\",\"target\":{\"@type\":\"EntryPoint\",\"urlTemplate\":\"https:\/\/solidedge.siemens.com\/en\/?s={search_term_string}\"},\"query-input\":\"required name=search_term_string\"}],\"inLanguage\":\"pl-PL\"},{\"@type\":\"WebPage\",\"@id\":\"https:\/\/solidedge.siemens.com\/pl\/terms-conditions\/#webpage\",\"url\":\"https:\/\/solidedge.siemens.com\/pl\/terms-conditions\/\",\"name\":\"Warunki | Solid Edge | Siemens Software\",\"isPartOf\":{\"@id\":\"https:\/\/solidedge.siemens.com\/en\/#website\"},\"datePublished\":\"2021-05-18T19:26:29+00:00\",\"dateModified\":\"2021-05-18T19:27:29+00:00\",\"breadcrumb\":{\"@id\":\"https:\/\/solidedge.siemens.com\/pl\/terms-conditions\/#breadcrumb\"},\"inLanguage\":\"pl-PL\",\"potentialAction\":[{\"@type\":\"ReadAction\",\"target\":[\"https:\/\/solidedge.siemens.com\/pl\/terms-conditions\/\"]}]},{\"@type\":\"BreadcrumbList\",\"@id\":\"https:\/\/solidedge.siemens.com\/pl\/terms-conditions\/#breadcrumb\",\"itemListElement\":[{\"@type\":\"ListItem\",\"position\":1,\"name\":\"Home\",\"item\":\"https:\/\/solidedge.siemens.com\/en\/home-10\/\"},{\"@type\":\"ListItem\",\"position\":2,\"name\":\"Warunki\"}]}]}<\/script>\n<!-- \/ Yoast SEO plugin. -->","yoast_head_json":{"title":"Warunki | Solid Edge | Siemens Software","robots":{"index":"noindex","follow":"nofollow"},"og_locale":"pl_PL","og_type":"article","og_title":"Warunki | Solid Edge | Siemens Software","og_description":"Warunki Katalog [\/vc_column_text]Prosz\u0119 wybra\u0107 w\u0142a\u015bciw\u0105 opcj\u0119 z poni\u017cszej listy. Polityka prywatno\u015bci Regulamin [\/vc_column_text] Promocje Pierwszy miesi\u0105c korzystania z oprogramowania Solid Edge za 1,00&nbsp;USD Pierwszy miesi\u0105c korzystania z oprogramowania Solid Edge za 1,00&nbsp;GBP (Wielka Brytania) Wyprzeda\u017c oprogramowania Solid Edge Cyber Monday &mdash; 2018 (Stany Zjednoczone, Kanada, Wielka Brytania, Francja) Wyprzeda\u017c oprogramowania Solid Edge Cyber Monday [&hellip;]","og_url":"https:\/\/solidedge.siemens.com\/pl\/terms-conditions\/","og_site_name":"Solid Edge","article_publisher":"https:\/\/www.facebook.com\/solidedge","article_modified_time":"2021-05-18T19:27:29+00:00","twitter_card":"summary_large_image","twitter_site":"@siemensplm","twitter_misc":{"Szacowany czas czytania":"1 minuta"},"schema":{"@context":"https:\/\/schema.org","@graph":[{"@type":"Organization","@id":"https:\/\/solidedge.siemens.com\/en\/#organization","name":"Siemens Digital Industries Software","url":"https:\/\/solidedge.siemens.com\/en\/","sameAs":["https:\/\/www.facebook.com\/solidedge","https:\/\/www.instagram.com\/siemens\/","https:\/\/www.linkedin.com\/company\/siemens-plm-software","https:\/\/www.youtube.com\/user\/PolarionSoftware","https:\/\/twitter.com\/siemensplm"],"logo":{"@type":"ImageObject","@id":"https:\/\/solidedge.siemens.com\/en\/#logo","inLanguage":"pl-PL","url":"https:\/\/solidedge.siemens.com\/wp-content\/uploads\/2018\/04\/logo-siemens-ifl@2x.png","contentUrl":"https:\/\/solidedge.siemens.com\/wp-content\/uploads\/2018\/04\/logo-siemens-ifl@2x.png","width":640,"height":270,"caption":"Siemens Digital Industries Software"},"image":{"@id":"https:\/\/solidedge.siemens.com\/en\/#logo"}},{"@type":"WebSite","@id":"https:\/\/solidedge.siemens.com\/en\/#website","url":"https:\/\/solidedge.siemens.com\/en\/","name":"Solid Edge","description":"Siemens Software","publisher":{"@id":"https:\/\/solidedge.siemens.com\/en\/#organization"},"potentialAction":[{"@type":"SearchAction","target":{"@type":"EntryPoint","urlTemplate":"https:\/\/solidedge.siemens.com\/en\/?s={search_term_string}"},"query-input":"required name=search_term_string"}],"inLanguage":"pl-PL"},{"@type":"WebPage","@id":"https:\/\/solidedge.siemens.com\/pl\/terms-conditions\/#webpage","url":"https:\/\/solidedge.siemens.com\/pl\/terms-conditions\/","name":"Warunki | Solid Edge | Siemens Software","isPartOf":{"@id":"https:\/\/solidedge.siemens.com\/en\/#website"},"datePublished":"2021-05-18T19:26:29+00:00","dateModified":"2021-05-18T19:27:29+00:00","breadcrumb":{"@id":"https:\/\/solidedge.siemens.com\/pl\/terms-conditions\/#breadcrumb"},"inLanguage":"pl-PL","potentialAction":[{"@type":"ReadAction","target":["https:\/\/solidedge.siemens.com\/pl\/terms-conditions\/"]}]},{"@type":"BreadcrumbList","@id":"https:\/\/solidedge.siemens.com\/pl\/terms-conditions\/#breadcrumb","itemListElement":[{"@type":"ListItem","position":1,"name":"Home","item":"https:\/\/solidedge.siemens.com\/en\/home-10\/"},{"@type":"ListItem","position":2,"name":"Warunki"}]}]}},"_links":{"self":[{"href":"https:\/\/solidedge.siemens.com\/pl\/wp-json\/wp\/v2\/pages\/40827"}],"collection":[{"href":"https:\/\/solidedge.siemens.com\/pl\/wp-json\/wp\/v2\/pages"}],"about":[{"href":"https:\/\/solidedge.siemens.com\/pl\/wp-json\/wp\/v2\/types\/page"}],"author":[{"embeddable":true,"href":"https:\/\/solidedge.siemens.com\/pl\/wp-json\/wp\/v2\/users\/5"}],"replies":[{"embeddable":true,"href":"https:\/\/solidedge.siemens.com\/pl\/wp-json\/wp\/v2\/comments?post=40827"}],"version-history":[{"count":4,"href":"https:\/\/solidedge.siemens.com\/pl\/wp-json\/wp\/v2\/pages\/40827\/revisions"}],"predecessor-version":[{"id":40863,"href":"https:\/\/solidedge.siemens.com\/pl\/wp-json\/wp\/v2\/pages\/40827\/revisions\/40863"}],"wp:attachment":[{"href":"https:\/\/solidedge.siemens.com\/pl\/wp-json\/wp\/v2\/media?parent=40827"}],"curies":[{"name":"wp","href":"https:\/\/api.w.org\/{rel}","templated":true}]}}