{"id":40738,"date":"2021-05-18T14:51:25","date_gmt":"2021-05-18T18:51:25","guid":{"rendered":"https:\/\/solidedge.siemens.com\/kalkulator-wskaznika-roi\/"},"modified":"2021-05-18T14:53:19","modified_gmt":"2021-05-18T18:53:19","slug":"roi-calculator","status":"publish","type":"page","link":"https:\/\/solidedge.siemens.com\/pl\/roi-calculator\/","title":{"rendered":"Kalkulator wska\u017anika ROI"},"content":{"rendered":"<p>[vc_row][vc_column][vc_column_text]<\/p>\n<h1>Kalkulator wska\u017anika ROI dla oprogramowania Solid Edge<\/h1>\n<p>[\/vc_column_text][vc_column_text]<span>Jak zmiana sposobu modelowania mo\u017ce wp\u0142yn\u0105\u0107 na Twoje wyniki finansowe? Czy tak prosta rzecz jak usprawnienie procesu tworzenia rysunk&oacute;w mo\u017ce zwi\u0119kszy\u0107 warto\u015b\u0107 zwrotu z&nbsp;inwestycji (ROI)? W przypadku wi\u0119kszo\u015bci u\u017cytkownik&oacute;w ten wp\u0142yw jest wi\u0119kszy, ni\u017c mo\u017cna si\u0119 spodziewa\u0107. Skorzystaj z&nbsp;kalkulatora wska\u017anika ROI dla oprogramowania Solid Edge, aby przekona\u0107 si\u0119, jak mo\u017ce ono pozytywnie wp\u0142yn\u0105\u0107 na Twoje przedsi\u0119biorstwo.<\/span>[\/vc_column_text][vc_column_text el_class=&#8221;snapapp&#8221;]<\/p>\n<div class=\"eewidget\" id=\"eewidget_p_578e7c309bedf21c812f51b4\" style=\"position: relative;\"><a href=\"http:\/\/www.snapapp.com\/\">Wczytywanie tre\u015bci&#8230;<\/a><\/div>\n<p><noscript><br \/>\nW\u0142\u0105cz obs\u0142ug\u0119 JavaScript, aby wy\u015bwietli\u0107 t\u0119 tre\u015b\u0107.<br \/>\n<\/noscript>[\/vc_column_text][vc_column_text]<a href=\"https:\/\/solidedge.siemens.com\/en\/resource\/report\/roi-of-solid-edge\/\" target=\"_blank\" rel=\"noopener noreferrer\"><i class=\"fas fa-info\"><\/i> Pobierz bezp\u0142atny raport, aby zobaczy\u0107, jak oprogramowanie Solid Edge mo\u017ce zwi\u0119kszy\u0107 zwrot z&nbsp;inwestycji<\/a>[\/vc_column_text][\/vc_column][\/vc_row][vc_row full_width=&#8221;stretch_row&#8221; el_class=&#8221;footer-contact&#8221; css=&#8221;.vc_custom_1550170708528{background-color: #dedee3 !important;}&#8221;][vc_column]<div class=\"wpb_content_block wpb_content_element\"><div class=\"wpb_wrapper\"><\/div><\/div>[\/vc_column][\/vc_row]<\/p>\n","protected":false},"excerpt":{"rendered":"<p> Kalkulator wska\u017anika ROI dla oprogramowania Solid Edge [\/vc_column_text]Jak zmiana sposobu modelowania mo\u017ce wp\u0142yn\u0105\u0107 na Twoje wyniki finansowe? Czy tak prosta rzecz jak usprawnienie procesu tworzenia rysunk&oacute;w mo\u017ce zwi\u0119kszy\u0107 warto\u015b\u0107 zwrotu z&nbsp;inwestycji (ROI)? W przypadku wi\u0119kszo\u015bci u\u017cytkownik&oacute;w ten wp\u0142yw jest wi\u0119kszy, ni\u017c mo\u017cna si\u0119 spodziewa\u0107. Skorzystaj z&nbsp;kalkulatora wska\u017anika ROI dla oprogramowania Solid Edge, aby przekona\u0107 [&hellip;]<\/p>\n","protected":false},"author":5,"featured_media":0,"parent":0,"menu_order":39,"comment_status":"closed","ping_status":"closed","template":"","meta":{"inline_featured_image":false},"yoast_head":"<!-- This site is optimized with the Yoast SEO plugin v18.4.1 - https:\/\/yoast.com\/wordpress\/plugins\/seo\/ -->\n<title>Kalkulator wska\u017anika ROI | Solid Edge | Siemens Software<\/title>\n<meta name=\"description\" content=\"Czy zastanawiasz si\u0119, ile mo\u017cesz zaoszcz\u0119dzi\u0107, przechodz\u0105c na oprogramowanie Solid Edge? Czy chcesz si\u0119 dowiedzie\u0107, na ile mo\u017cesz zwi\u0119kszy\u0107 swoj\u0105 produktywno\u015b\u0107 dzi\u0119ki oprogramowaniu Solid Edge? Skorzystaj z\u00a0naszego kalkulatora wska\u017anik ROI!\" \/>\n<meta name=\"robots\" content=\"index, follow, max-snippet:-1, max-image-preview:large, max-video-preview:-1\" \/>\n<link rel=\"canonical\" href=\"https:\/\/solidedge.siemens.com\/pl\/roi-calculator\/\" \/>\n<meta property=\"og:locale\" content=\"pl_PL\" \/>\n<meta property=\"og:type\" content=\"article\" \/>\n<meta property=\"og:title\" content=\"Kalkulator wska\u017anika ROI | Solid Edge | Siemens Software\" \/>\n<meta property=\"og:description\" content=\"Czy zastanawiasz si\u0119, ile mo\u017cesz zaoszcz\u0119dzi\u0107, przechodz\u0105c na oprogramowanie Solid Edge? Czy chcesz si\u0119 dowiedzie\u0107, na ile mo\u017cesz zwi\u0119kszy\u0107 swoj\u0105 produktywno\u015b\u0107 dzi\u0119ki oprogramowaniu Solid Edge? Skorzystaj z\u00a0naszego kalkulatora wska\u017anik ROI!\" \/>\n<meta property=\"og:url\" content=\"https:\/\/solidedge.siemens.com\/pl\/roi-calculator\/\" \/>\n<meta property=\"og:site_name\" content=\"Solid Edge\" \/>\n<meta property=\"article:publisher\" content=\"https:\/\/www.facebook.com\/solidedge\" \/>\n<meta property=\"article:modified_time\" content=\"2021-05-18T18:53:19+00:00\" \/>\n<meta name=\"twitter:card\" content=\"summary_large_image\" \/>\n<meta name=\"twitter:site\" content=\"@siemensplm\" \/>\n<meta name=\"twitter:label1\" content=\"Szacowany czas czytania\" \/>\n\t<meta name=\"twitter:data1\" content=\"1 minuta\" \/>\n<script type=\"application\/ld+json\" class=\"yoast-schema-graph\">{\"@context\":\"https:\/\/schema.org\",\"@graph\":[{\"@type\":\"Organization\",\"@id\":\"https:\/\/solidedge.siemens.com\/en\/#organization\",\"name\":\"Siemens Digital Industries Software\",\"url\":\"https:\/\/solidedge.siemens.com\/en\/\",\"sameAs\":[\"https:\/\/www.facebook.com\/solidedge\",\"https:\/\/www.instagram.com\/siemens\/\",\"https:\/\/www.linkedin.com\/company\/siemens-plm-software\",\"https:\/\/www.youtube.com\/user\/PolarionSoftware\",\"https:\/\/twitter.com\/siemensplm\"],\"logo\":{\"@type\":\"ImageObject\",\"@id\":\"https:\/\/solidedge.siemens.com\/en\/#logo\",\"inLanguage\":\"pl-PL\",\"url\":\"https:\/\/solidedge.siemens.com\/wp-content\/uploads\/2018\/04\/logo-siemens-ifl@2x.png\",\"contentUrl\":\"https:\/\/solidedge.siemens.com\/wp-content\/uploads\/2018\/04\/logo-siemens-ifl@2x.png\",\"width\":640,\"height\":270,\"caption\":\"Siemens Digital Industries Software\"},\"image\":{\"@id\":\"https:\/\/solidedge.siemens.com\/en\/#logo\"}},{\"@type\":\"WebSite\",\"@id\":\"https:\/\/solidedge.siemens.com\/en\/#website\",\"url\":\"https:\/\/solidedge.siemens.com\/en\/\",\"name\":\"Solid Edge\",\"description\":\"Siemens Software\",\"publisher\":{\"@id\":\"https:\/\/solidedge.siemens.com\/en\/#organization\"},\"potentialAction\":[{\"@type\":\"SearchAction\",\"target\":{\"@type\":\"EntryPoint\",\"urlTemplate\":\"https:\/\/solidedge.siemens.com\/en\/?s={search_term_string}\"},\"query-input\":\"required name=search_term_string\"}],\"inLanguage\":\"pl-PL\"},{\"@type\":\"WebPage\",\"@id\":\"https:\/\/solidedge.siemens.com\/pl\/roi-calculator\/#webpage\",\"url\":\"https:\/\/solidedge.siemens.com\/pl\/roi-calculator\/\",\"name\":\"Kalkulator wska\u017anika ROI | Solid Edge | Siemens Software\",\"isPartOf\":{\"@id\":\"https:\/\/solidedge.siemens.com\/en\/#website\"},\"datePublished\":\"2021-05-18T18:51:25+00:00\",\"dateModified\":\"2021-05-18T18:53:19+00:00\",\"description\":\"Czy zastanawiasz si\u0119, ile mo\u017cesz zaoszcz\u0119dzi\u0107, przechodz\u0105c na oprogramowanie Solid Edge? Czy chcesz si\u0119 dowiedzie\u0107, na ile mo\u017cesz zwi\u0119kszy\u0107 swoj\u0105 produktywno\u015b\u0107 dzi\u0119ki oprogramowaniu Solid Edge? Skorzystaj z\u00a0naszego kalkulatora wska\u017anik ROI!\",\"breadcrumb\":{\"@id\":\"https:\/\/solidedge.siemens.com\/pl\/roi-calculator\/#breadcrumb\"},\"inLanguage\":\"pl-PL\",\"potentialAction\":[{\"@type\":\"ReadAction\",\"target\":[\"https:\/\/solidedge.siemens.com\/pl\/roi-calculator\/\"]}]},{\"@type\":\"BreadcrumbList\",\"@id\":\"https:\/\/solidedge.siemens.com\/pl\/roi-calculator\/#breadcrumb\",\"itemListElement\":[{\"@type\":\"ListItem\",\"position\":1,\"name\":\"Home\",\"item\":\"https:\/\/solidedge.siemens.com\/en\/home-10\/\"},{\"@type\":\"ListItem\",\"position\":2,\"name\":\"Kalkulator wska\u017anika ROI\"}]}]}<\/script>\n<!-- \/ Yoast SEO plugin. -->","yoast_head_json":{"title":"Kalkulator wska\u017anika ROI | Solid Edge | Siemens Software","description":"Czy zastanawiasz si\u0119, ile mo\u017cesz zaoszcz\u0119dzi\u0107, przechodz\u0105c na oprogramowanie Solid Edge? Czy chcesz si\u0119 dowiedzie\u0107, na ile mo\u017cesz zwi\u0119kszy\u0107 swoj\u0105 produktywno\u015b\u0107 dzi\u0119ki oprogramowaniu Solid Edge? Skorzystaj z\u00a0naszego kalkulatora wska\u017anik ROI!","robots":{"index":"index","follow":"follow","max-snippet":"max-snippet:-1","max-image-preview":"max-image-preview:large","max-video-preview":"max-video-preview:-1"},"canonical":"https:\/\/solidedge.siemens.com\/pl\/roi-calculator\/","og_locale":"pl_PL","og_type":"article","og_title":"Kalkulator wska\u017anika ROI | Solid Edge | Siemens Software","og_description":"Czy zastanawiasz si\u0119, ile mo\u017cesz zaoszcz\u0119dzi\u0107, przechodz\u0105c na oprogramowanie Solid Edge? Czy chcesz si\u0119 dowiedzie\u0107, na ile mo\u017cesz zwi\u0119kszy\u0107 swoj\u0105 produktywno\u015b\u0107 dzi\u0119ki oprogramowaniu Solid Edge? Skorzystaj z\u00a0naszego kalkulatora wska\u017anik ROI!","og_url":"https:\/\/solidedge.siemens.com\/pl\/roi-calculator\/","og_site_name":"Solid Edge","article_publisher":"https:\/\/www.facebook.com\/solidedge","article_modified_time":"2021-05-18T18:53:19+00:00","twitter_card":"summary_large_image","twitter_site":"@siemensplm","twitter_misc":{"Szacowany czas czytania":"1 minuta"},"schema":{"@context":"https:\/\/schema.org","@graph":[{"@type":"Organization","@id":"https:\/\/solidedge.siemens.com\/en\/#organization","name":"Siemens Digital Industries Software","url":"https:\/\/solidedge.siemens.com\/en\/","sameAs":["https:\/\/www.facebook.com\/solidedge","https:\/\/www.instagram.com\/siemens\/","https:\/\/www.linkedin.com\/company\/siemens-plm-software","https:\/\/www.youtube.com\/user\/PolarionSoftware","https:\/\/twitter.com\/siemensplm"],"logo":{"@type":"ImageObject","@id":"https:\/\/solidedge.siemens.com\/en\/#logo","inLanguage":"pl-PL","url":"https:\/\/solidedge.siemens.com\/wp-content\/uploads\/2018\/04\/logo-siemens-ifl@2x.png","contentUrl":"https:\/\/solidedge.siemens.com\/wp-content\/uploads\/2018\/04\/logo-siemens-ifl@2x.png","width":640,"height":270,"caption":"Siemens Digital Industries Software"},"image":{"@id":"https:\/\/solidedge.siemens.com\/en\/#logo"}},{"@type":"WebSite","@id":"https:\/\/solidedge.siemens.com\/en\/#website","url":"https:\/\/solidedge.siemens.com\/en\/","name":"Solid Edge","description":"Siemens Software","publisher":{"@id":"https:\/\/solidedge.siemens.com\/en\/#organization"},"potentialAction":[{"@type":"SearchAction","target":{"@type":"EntryPoint","urlTemplate":"https:\/\/solidedge.siemens.com\/en\/?s={search_term_string}"},"query-input":"required name=search_term_string"}],"inLanguage":"pl-PL"},{"@type":"WebPage","@id":"https:\/\/solidedge.siemens.com\/pl\/roi-calculator\/#webpage","url":"https:\/\/solidedge.siemens.com\/pl\/roi-calculator\/","name":"Kalkulator wska\u017anika ROI | Solid Edge | Siemens Software","isPartOf":{"@id":"https:\/\/solidedge.siemens.com\/en\/#website"},"datePublished":"2021-05-18T18:51:25+00:00","dateModified":"2021-05-18T18:53:19+00:00","description":"Czy zastanawiasz si\u0119, ile mo\u017cesz zaoszcz\u0119dzi\u0107, przechodz\u0105c na oprogramowanie Solid Edge? Czy chcesz si\u0119 dowiedzie\u0107, na ile mo\u017cesz zwi\u0119kszy\u0107 swoj\u0105 produktywno\u015b\u0107 dzi\u0119ki oprogramowaniu Solid Edge? Skorzystaj z\u00a0naszego kalkulatora wska\u017anik ROI!","breadcrumb":{"@id":"https:\/\/solidedge.siemens.com\/pl\/roi-calculator\/#breadcrumb"},"inLanguage":"pl-PL","potentialAction":[{"@type":"ReadAction","target":["https:\/\/solidedge.siemens.com\/pl\/roi-calculator\/"]}]},{"@type":"BreadcrumbList","@id":"https:\/\/solidedge.siemens.com\/pl\/roi-calculator\/#breadcrumb","itemListElement":[{"@type":"ListItem","position":1,"name":"Home","item":"https:\/\/solidedge.siemens.com\/en\/home-10\/"},{"@type":"ListItem","position":2,"name":"Kalkulator wska\u017anika ROI"}]}]}},"_links":{"self":[{"href":"https:\/\/solidedge.siemens.com\/pl\/wp-json\/wp\/v2\/pages\/40738"}],"collection":[{"href":"https:\/\/solidedge.siemens.com\/pl\/wp-json\/wp\/v2\/pages"}],"about":[{"href":"https:\/\/solidedge.siemens.com\/pl\/wp-json\/wp\/v2\/types\/page"}],"author":[{"embeddable":true,"href":"https:\/\/solidedge.siemens.com\/pl\/wp-json\/wp\/v2\/users\/5"}],"replies":[{"embeddable":true,"href":"https:\/\/solidedge.siemens.com\/pl\/wp-json\/wp\/v2\/comments?post=40738"}],"version-history":[{"count":4,"href":"https:\/\/solidedge.siemens.com\/pl\/wp-json\/wp\/v2\/pages\/40738\/revisions"}],"predecessor-version":[{"id":40777,"href":"https:\/\/solidedge.siemens.com\/pl\/wp-json\/wp\/v2\/pages\/40738\/revisions\/40777"}],"wp:attachment":[{"href":"https:\/\/solidedge.siemens.com\/pl\/wp-json\/wp\/v2\/media?parent=40738"}],"curies":[{"name":"wp","href":"https:\/\/api.w.org\/{rel}","templated":true}]}}