{"id":40614,"date":"2021-05-18T14:10:39","date_gmt":"2021-05-18T18:10:39","guid":{"rendered":"https:\/\/solidedge.siemens.com\/promocja-na-produkty-solid-edge-do-projektowania-instalacji-elektrycznych\/"},"modified":"2021-05-18T14:43:54","modified_gmt":"2021-05-18T18:43:54","slug":"solid-edge-electrical-design-products-promotion","status":"publish","type":"page","link":"https:\/\/solidedge.siemens.com\/pl\/terms-conditions\/solid-edge-electrical-design-products-promotion\/","title":{"rendered":"Promocja na produkty Solid Edge do projektowania instalacji elektrycznych"},"content":{"rendered":"<p>[vc_row][vc_column][vc_column_text]<\/p>\n<h1>Promocja na produkty Solid Edge do projektowania instalacji elektrycznych Warunki<\/h1>\n<p>[\/vc_column_text][vc_column_text]<strong>Przez ograniczony czas mo\u017cesz otrzyma\u0107 50% zni\u017cki na ka\u017cdy zakup narz\u0119dzia Solid Edge Harness Design lub Solid Edge Wiring Design. Je\u017celi po\u0142\u0105czysz zakup z&nbsp;wybran\u0105 licencj\u0105 na oprogramowanie Solid Edge, zaoszcz\u0119dzisz r&oacute;wnie\u017c 50% na tej licencji!<\/strong><\/p>\n<ul>\n<li>Bonus dost\u0119pny tylko za po\u015brednictwem firmy Siemens Digital Industries Software i jej partner&oacute;w dystrybucyjnych.<\/li>\n<li>50% zni\u017cki od ceny podanej w&nbsp;cenniku firmy Siemens na oprogramowanie Solid Edge\u00ae Harness Design lub Solid Edge Wiring Design. Promocja obowi\u0105zuje na ca\u0142ym \u015bwiecie, z&nbsp;wy\u0142\u0105czeniem klient&oacute;w maj\u0105cych adres zamieszkania lub siedzib\u0119 we Francji.\n<\/li>\n<li>Promocja na zakup \u0142\u0105czny z&nbsp;licencj\u0105 na Solid Edge Classic Foundation lub Premium do projektowania mechanicznego w&nbsp;wysoko\u015bci 50% zni\u017cki od ceny opublikowanej w&nbsp;cenniku firmy Siemens. Promocja obowi\u0105zuje na ca\u0142ym \u015bwiecie, z&nbsp;wy\u0142\u0105czeniem klient&oacute;w maj\u0105cych adres siedziby lub zamieszkania w&nbsp;Europie, na Bliskim Wschodzie lub&nbsp;w Afryce.<\/li>\n<li>Oferta obowi\u0105zuje wy\u0142\u0105cznie przy jednoczesnym zakupie licencji na oprogramowanie Solid Edge Wire Design i&nbsp;Solid Edge Harness Design, a&nbsp;zakupu nale\u017cy dokona\u0107 w&nbsp;okresie od godziny 17:00 czasu pacyficznego w&nbsp;dniu 1 maja 2019 r. do godziny 23:59 czasu pacyficznego w&nbsp;dniu 20 wrze\u015bnia 2019 r.<\/li>\n<li>Z t\u0105 promocj\u0105 nie \u0142\u0105cz\u0105 si\u0119 \u017cadne inne promocje lub zni\u017cki.<\/li>\n<li>Brak ogranicze\u0144 dotycz\u0105cych maksymalnej lub minimalnej liczby licencji. Typy licencji: licencja sta\u0142a, subskrypcja, licencja jednostanowiskowa, licencja typu floating (nie dotyczy miesi\u0119cznej subskrypcji online).<\/li>\n<\/ul>\n<p>Je\u017celi z&nbsp;jakichkolwiek przyczyn powy\u017cszy program nie b\u0119dzie m&oacute;g\u0142 zosta\u0107 przeprowadzony zgodnie z&nbsp;planem z&nbsp;powodu zainfekowania wirusami komputerowymi, b\u0142\u0119d&oacute;w, manipulacji, nieautoryzowanego dzia\u0142ania, oszustwa, awarii technicznych lub innych przyczyn, kt&oacute;re w&nbsp;wy\u0142\u0105cznej opinii firmy Siemens Digital Industries Software mog\u0105 negatywnie wp\u0142yn\u0105\u0107 na program lub zarz\u0105dzanie nim oraz zagra\u017ca\u0107 jego bezpiecze\u0144stwu, rzetelno\u015bci, uczciwo\u015bci lub prawid\u0142owemu dzia\u0142aniu, firma Siemens Digital Industries Software zastrzega sobie prawo do anulowania, zako\u0144czenia, modyfikacji lub zawieszenia powy\u017cszego programu zni\u017ckowego.<\/p>\n<p><em>Uwaga: list\u0119 znak&oacute;w towarowych firmy Siemens mo\u017cna znale\u017a\u0107 <a href=\"https:\/\/www.plm.automation.siemens.com\/global\/en\/legal\/trademarks.html\" target=\"_blank\" rel=\"noopener noreferrer\">tutaj<\/a>. Pozosta\u0142e znaki towarowe nale\u017c\u0105 do odpowiednich podmiot&oacute;w.<\/em>[\/vc_column_text][\/vc_column][\/vc_row]<\/p>\n","protected":false},"excerpt":{"rendered":"<p> Promocja na produkty Solid Edge do projektowania instalacji elektrycznych Warunki [\/vc_column_text]Przez ograniczony czas mo\u017cesz otrzyma\u0107 50% zni\u017cki na ka\u017cdy zakup narz\u0119dzia Solid Edge Harness Design lub Solid Edge Wiring Design. Je\u017celi po\u0142\u0105czysz zakup z&nbsp;wybran\u0105 licencj\u0105 na oprogramowanie Solid Edge, zaoszcz\u0119dzisz r&oacute;wnie\u017c 50% na tej licencji! Bonus dost\u0119pny tylko za po\u015brednictwem firmy Siemens Digital Industries [&hellip;]<\/p>\n","protected":false},"author":5,"featured_media":0,"parent":40827,"menu_order":0,"comment_status":"closed","ping_status":"open","template":"","meta":{"inline_featured_image":false},"yoast_head":"<!-- This site is optimized with the Yoast SEO plugin v18.4.1 - https:\/\/yoast.com\/wordpress\/plugins\/seo\/ -->\n<title>Promocja na produkty Solid Edge do projektowania instalacji elektrycznych Warunki<\/title>\n<meta name=\"description\" content=\"Warunki promocji na produkty Solid Edge do projektowania instalacji elektrycznych\" \/>\n<meta name=\"robots\" content=\"index, follow, max-snippet:-1, max-image-preview:large, max-video-preview:-1\" \/>\n<link rel=\"canonical\" href=\"https:\/\/solidedge.siemens.com\/pl\/terms-conditions\/solid-edge-electrical-design-products-promotion\/\" \/>\n<meta property=\"og:locale\" content=\"pl_PL\" \/>\n<meta property=\"og:type\" content=\"article\" \/>\n<meta property=\"og:title\" content=\"Promocja na produkty Solid Edge do projektowania instalacji elektrycznych Warunki\" \/>\n<meta property=\"og:description\" content=\"Warunki promocji na produkty Solid Edge do projektowania instalacji elektrycznych\" \/>\n<meta property=\"og:url\" content=\"https:\/\/solidedge.siemens.com\/pl\/terms-conditions\/solid-edge-electrical-design-products-promotion\/\" \/>\n<meta property=\"og:site_name\" content=\"Solid Edge\" \/>\n<meta property=\"article:publisher\" content=\"https:\/\/www.facebook.com\/solidedge\" \/>\n<meta property=\"article:modified_time\" content=\"2021-05-18T18:43:54+00:00\" \/>\n<meta name=\"twitter:card\" content=\"summary_large_image\" \/>\n<meta name=\"twitter:site\" content=\"@siemensplm\" \/>\n<meta name=\"twitter:label1\" content=\"Szacowany czas czytania\" \/>\n\t<meta name=\"twitter:data1\" content=\"2 minuty\" \/>\n<script type=\"application\/ld+json\" class=\"yoast-schema-graph\">{\"@context\":\"https:\/\/schema.org\",\"@graph\":[{\"@type\":\"Organization\",\"@id\":\"https:\/\/solidedge.siemens.com\/en\/#organization\",\"name\":\"Siemens Digital Industries Software\",\"url\":\"https:\/\/solidedge.siemens.com\/en\/\",\"sameAs\":[\"https:\/\/www.facebook.com\/solidedge\",\"https:\/\/www.instagram.com\/siemens\/\",\"https:\/\/www.linkedin.com\/company\/siemens-plm-software\",\"https:\/\/www.youtube.com\/user\/PolarionSoftware\",\"https:\/\/twitter.com\/siemensplm\"],\"logo\":{\"@type\":\"ImageObject\",\"@id\":\"https:\/\/solidedge.siemens.com\/en\/#logo\",\"inLanguage\":\"pl-PL\",\"url\":\"https:\/\/solidedge.siemens.com\/wp-content\/uploads\/2018\/04\/logo-siemens-ifl@2x.png\",\"contentUrl\":\"https:\/\/solidedge.siemens.com\/wp-content\/uploads\/2018\/04\/logo-siemens-ifl@2x.png\",\"width\":640,\"height\":270,\"caption\":\"Siemens Digital Industries Software\"},\"image\":{\"@id\":\"https:\/\/solidedge.siemens.com\/en\/#logo\"}},{\"@type\":\"WebSite\",\"@id\":\"https:\/\/solidedge.siemens.com\/en\/#website\",\"url\":\"https:\/\/solidedge.siemens.com\/en\/\",\"name\":\"Solid Edge\",\"description\":\"Siemens Software\",\"publisher\":{\"@id\":\"https:\/\/solidedge.siemens.com\/en\/#organization\"},\"potentialAction\":[{\"@type\":\"SearchAction\",\"target\":{\"@type\":\"EntryPoint\",\"urlTemplate\":\"https:\/\/solidedge.siemens.com\/en\/?s={search_term_string}\"},\"query-input\":\"required name=search_term_string\"}],\"inLanguage\":\"pl-PL\"},{\"@type\":\"WebPage\",\"@id\":\"https:\/\/solidedge.siemens.com\/pl\/terms-conditions\/solid-edge-electrical-design-products-promotion\/#webpage\",\"url\":\"https:\/\/solidedge.siemens.com\/pl\/terms-conditions\/solid-edge-electrical-design-products-promotion\/\",\"name\":\"Promocja na produkty Solid Edge do projektowania instalacji elektrycznych Warunki\",\"isPartOf\":{\"@id\":\"https:\/\/solidedge.siemens.com\/en\/#website\"},\"datePublished\":\"2021-05-18T18:10:39+00:00\",\"dateModified\":\"2021-05-18T18:43:54+00:00\",\"description\":\"Warunki promocji na produkty Solid Edge do projektowania instalacji elektrycznych\",\"breadcrumb\":{\"@id\":\"https:\/\/solidedge.siemens.com\/pl\/terms-conditions\/solid-edge-electrical-design-products-promotion\/#breadcrumb\"},\"inLanguage\":\"pl-PL\",\"potentialAction\":[{\"@type\":\"ReadAction\",\"target\":[\"https:\/\/solidedge.siemens.com\/pl\/terms-conditions\/solid-edge-electrical-design-products-promotion\/\"]}]},{\"@type\":\"BreadcrumbList\",\"@id\":\"https:\/\/solidedge.siemens.com\/pl\/terms-conditions\/solid-edge-electrical-design-products-promotion\/#breadcrumb\",\"itemListElement\":[{\"@type\":\"ListItem\",\"position\":1,\"name\":\"Home\",\"item\":\"https:\/\/solidedge.siemens.com\/en\/home-10\/\"},{\"@type\":\"ListItem\",\"position\":2,\"name\":\"Warunki\",\"item\":\"https:\/\/solidedge.siemens.com\/pl\/terms-conditions\/\"},{\"@type\":\"ListItem\",\"position\":3,\"name\":\"Promocja na produkty Solid Edge do projektowania instalacji elektrycznych\"}]}]}<\/script>\n<!-- \/ Yoast SEO plugin. -->","yoast_head_json":{"title":"Promocja na produkty Solid Edge do projektowania instalacji elektrycznych Warunki","description":"Warunki promocji na produkty Solid Edge do projektowania instalacji elektrycznych","robots":{"index":"index","follow":"follow","max-snippet":"max-snippet:-1","max-image-preview":"max-image-preview:large","max-video-preview":"max-video-preview:-1"},"canonical":"https:\/\/solidedge.siemens.com\/pl\/terms-conditions\/solid-edge-electrical-design-products-promotion\/","og_locale":"pl_PL","og_type":"article","og_title":"Promocja na produkty Solid Edge do projektowania instalacji elektrycznych Warunki","og_description":"Warunki promocji na produkty Solid Edge do projektowania instalacji elektrycznych","og_url":"https:\/\/solidedge.siemens.com\/pl\/terms-conditions\/solid-edge-electrical-design-products-promotion\/","og_site_name":"Solid Edge","article_publisher":"https:\/\/www.facebook.com\/solidedge","article_modified_time":"2021-05-18T18:43:54+00:00","twitter_card":"summary_large_image","twitter_site":"@siemensplm","twitter_misc":{"Szacowany czas czytania":"2 minuty"},"schema":{"@context":"https:\/\/schema.org","@graph":[{"@type":"Organization","@id":"https:\/\/solidedge.siemens.com\/en\/#organization","name":"Siemens Digital Industries Software","url":"https:\/\/solidedge.siemens.com\/en\/","sameAs":["https:\/\/www.facebook.com\/solidedge","https:\/\/www.instagram.com\/siemens\/","https:\/\/www.linkedin.com\/company\/siemens-plm-software","https:\/\/www.youtube.com\/user\/PolarionSoftware","https:\/\/twitter.com\/siemensplm"],"logo":{"@type":"ImageObject","@id":"https:\/\/solidedge.siemens.com\/en\/#logo","inLanguage":"pl-PL","url":"https:\/\/solidedge.siemens.com\/wp-content\/uploads\/2018\/04\/logo-siemens-ifl@2x.png","contentUrl":"https:\/\/solidedge.siemens.com\/wp-content\/uploads\/2018\/04\/logo-siemens-ifl@2x.png","width":640,"height":270,"caption":"Siemens Digital Industries Software"},"image":{"@id":"https:\/\/solidedge.siemens.com\/en\/#logo"}},{"@type":"WebSite","@id":"https:\/\/solidedge.siemens.com\/en\/#website","url":"https:\/\/solidedge.siemens.com\/en\/","name":"Solid Edge","description":"Siemens Software","publisher":{"@id":"https:\/\/solidedge.siemens.com\/en\/#organization"},"potentialAction":[{"@type":"SearchAction","target":{"@type":"EntryPoint","urlTemplate":"https:\/\/solidedge.siemens.com\/en\/?s={search_term_string}"},"query-input":"required name=search_term_string"}],"inLanguage":"pl-PL"},{"@type":"WebPage","@id":"https:\/\/solidedge.siemens.com\/pl\/terms-conditions\/solid-edge-electrical-design-products-promotion\/#webpage","url":"https:\/\/solidedge.siemens.com\/pl\/terms-conditions\/solid-edge-electrical-design-products-promotion\/","name":"Promocja na produkty Solid Edge do projektowania instalacji elektrycznych Warunki","isPartOf":{"@id":"https:\/\/solidedge.siemens.com\/en\/#website"},"datePublished":"2021-05-18T18:10:39+00:00","dateModified":"2021-05-18T18:43:54+00:00","description":"Warunki promocji na produkty Solid Edge do projektowania instalacji elektrycznych","breadcrumb":{"@id":"https:\/\/solidedge.siemens.com\/pl\/terms-conditions\/solid-edge-electrical-design-products-promotion\/#breadcrumb"},"inLanguage":"pl-PL","potentialAction":[{"@type":"ReadAction","target":["https:\/\/solidedge.siemens.com\/pl\/terms-conditions\/solid-edge-electrical-design-products-promotion\/"]}]},{"@type":"BreadcrumbList","@id":"https:\/\/solidedge.siemens.com\/pl\/terms-conditions\/solid-edge-electrical-design-products-promotion\/#breadcrumb","itemListElement":[{"@type":"ListItem","position":1,"name":"Home","item":"https:\/\/solidedge.siemens.com\/en\/home-10\/"},{"@type":"ListItem","position":2,"name":"Warunki","item":"https:\/\/solidedge.siemens.com\/pl\/terms-conditions\/"},{"@type":"ListItem","position":3,"name":"Promocja na produkty Solid Edge do projektowania instalacji elektrycznych"}]}]}},"_links":{"self":[{"href":"https:\/\/solidedge.siemens.com\/pl\/wp-json\/wp\/v2\/pages\/40614"}],"collection":[{"href":"https:\/\/solidedge.siemens.com\/pl\/wp-json\/wp\/v2\/pages"}],"about":[{"href":"https:\/\/solidedge.siemens.com\/pl\/wp-json\/wp\/v2\/types\/page"}],"author":[{"embeddable":true,"href":"https:\/\/solidedge.siemens.com\/pl\/wp-json\/wp\/v2\/users\/5"}],"replies":[{"embeddable":true,"href":"https:\/\/solidedge.siemens.com\/pl\/wp-json\/wp\/v2\/comments?post=40614"}],"version-history":[{"count":12,"href":"https:\/\/solidedge.siemens.com\/pl\/wp-json\/wp\/v2\/pages\/40614\/revisions"}],"predecessor-version":[{"id":40733,"href":"https:\/\/solidedge.siemens.com\/pl\/wp-json\/wp\/v2\/pages\/40614\/revisions\/40733"}],"up":[{"embeddable":true,"href":"https:\/\/solidedge.siemens.com\/pl\/wp-json\/wp\/v2\/pages\/40827"}],"wp:attachment":[{"href":"https:\/\/solidedge.siemens.com\/pl\/wp-json\/wp\/v2\/media?parent=40614"}],"curies":[{"name":"wp","href":"https:\/\/api.w.org\/{rel}","templated":true}]}}