{"id":40583,"date":"2021-05-18T09:55:17","date_gmt":"2021-05-18T13:55:17","guid":{"rendered":"https:\/\/solidedge.siemens.com\/solutions\/products\/3d-design\/swobodne-modelowanie-powierzchni-podzialowych\/"},"modified":"2022-08-25T09:28:13","modified_gmt":"2022-08-25T13:28:13","slug":"subdivision-modeling","status":"publish","type":"page","link":"https:\/\/solidedge.siemens.com\/pl\/solutions\/products\/3d-design\/industrial-design-software\/subdivision-modeling\/","title":{"rendered":"Modelowanie powierzchni podzia\u0142owych"},"content":{"rendered":"<p>[vc_row full_width=&#8221;stretch_row&#8221; full_height=&#8221;yes&#8221; content_placement=&#8221;middle&#8221; css=&#8221;.vc_custom_1593775245494{background: #a6a6a6 url(https:\/\/solidedge.siemens.com\/wp-content\/uploads\/2020\/07\/FinamacControllerGroundShadows.png?id=25401) !important;background-position: center !important;background-repeat: no-repeat !important;background-size: cover !important;}&#8221; el_class=&#8221;vc-row-hero-banner&#8221;][vc_column][vc_column_text el_class=&#8221;.vc-el-callout&#8221;]<\/p>\n<h1>Modelowanie powierzchni podzia\u0142owych<\/h1>\n<p>Tw&oacute;rz wyj\u0105tkowe produkty oparte o&nbsp;naturalne kszta\u0142ty, bez wiedzy eksperckiej. Funkcje modelowania powierzchni podzia\u0142owych w&nbsp;oprogramowaniu Solid Edge oferuje zaawansowane narz\u0119dzia do tworzenia, edycji i analizowania kszta\u0142t&oacute;w. Dzi\u0119ki tym narz\u0119dziom wszyscy u\u017cytkownicy, w&nbsp;tym r&oacute;wnie\u017c pocz\u0105tkuj\u0105cy, b\u0119d\u0105 mogli szybko i&nbsp;\u0142atwo tworzy\u0107 zaawansowane kszta\u0142ty wysokiej jako\u015bci na podstawie geometrii z\u0142o\u017conej.<\/p>\n<p>[\/vc_column_text][\/vc_column][\/vc_row][vc_row][vc_column][vc_column_text]<\/p>\n<p>Funkcje<\/p>\n<h2>Bry\u0142y produkt&oacute;w mo\u017cna tworzy\u0107 kilkakrotnie szybciej ni\u017c w przypadku tradycyjnych produkt&oacute;w.<\/h2>\n<p>\u015arodowisko modelowania powierzchni podzia\u0142owych w&nbsp;Solid Edge generuje stylizowane obiekty i&nbsp;wykorzystuje struktur\u0119 wielok\u0105t&oacute;w, by kontrolowa\u0107 ich kszta\u0142t. Modyfikuj\u0105c i&nbsp;dziel\u0105c t\u0119 struktur\u0119,mo\u017cna uzyska\u0107 wi\u0119cej szczeg&oacute;\u0142&oacute;w i&nbsp;lepiej kontrolowa\u0107 tworzony obiekt,a\u017c do osi\u0105gni\u0119cia po\u017c\u0105danego kszta\u0142tu. Swobodne modelowanie powierzchni podzia\u0142owych zapewnia wi\u0119ksz\u0105 kontrol\u0119 ni\u017c samo wykorzystanie wielok\u0105t&oacute;w. Mo\u017cemy tak po\u0142\u0105czy\u0107 ostre kraw\u0119dzie z&nbsp;zaokr\u0105glonymi, g\u0142adkimi powierzchniami.<\/p>\n<p>[\/vc_column_text][\/vc_column][\/vc_row][vc_row][vc_column width=&#8221;1\/3&#8243;][vc_single_image image=&#8221;24798&#8243; img_size=&#8221;full&#8221;][vc_column_text]<\/p>\n<h3>Narz\u0119dzia do stylizowanego projektowania<\/h3>\n<p>Techniki swobodnego modelowania powierzchni podzia\u0142owych umo\u017cliwiaj\u0105 tworzenie geometrii z\u0142o\u017conych, kt&oacute;re mo\u017cna nast\u0119pnie dzieli\u0107 niemal w&nbsp;niesko\u0144czono\u015b\u0107, aby uzyska\u0107 elastyczno\u015b\u0107 kszta\u0142tu. Modyfikuj\u0105c i&nbsp;dziel\u0105c ten pocz\u0105tkowy kszta\u0142t, mo\u017cna dodawa\u0107 do projektu wi\u0119cej poziom&oacute;w szczeg&oacute;\u0142&oacute;w.<\/p>\n<p>[\/vc_column_text][\/vc_column][vc_column width=&#8221;1\/3&#8243;][vc_single_image image=&#8221;24811&#8243; img_size=&#8221;full&#8221;][vc_column_text]<\/p>\n<h3>Bezkompromisowe modelowanie<\/h3>\n<p>Po wybraniu jednego z&nbsp;podstawowych kszta\u0142t&oacute;w funkcja modelowania powierzchni podzia\u0142owych generuje stylizowane obiekty i&nbsp;wykorzystuje struktur\u0119 wielok\u0105t&oacute;w, by kontrolowa\u0107 ich kszta\u0142t. Struktur\u0119 mo\u017cna modyfikowa\u0107 na r&oacute;\u017cne sposoby przy u\u017cyciu uchwytu steruj\u0105cego w&nbsp;Solid Edge, aby uzyska\u0107 zamierzony kszta\u0142t.<\/p>\n<p>[\/vc_column_text][\/vc_column][vc_column width=&#8221;1\/3&#8243;][vc_single_image image=&#8221;24756&#8243; img_size=&#8221;full&#8221;][vc_column_text]<\/p>\n<h3>Rewolucyjne opracowywanie kszta\u0142t&oacute;w<\/h3>\n<p>Technika modelowania powierzchni podzia\u0142owych umo\u017cliwia tworzenie bry\u0142 produkt&oacute;w kilkakrotnie szybciej ni\u017c w przypadku tradycyjnych produkt&oacute;w. W&nbsp;rezultacie uzyskuje si\u0119 kszta\u0142ty wysokiej jako\u015bci, powi\u0105zane, edytowalne i&nbsp;gotowe do u\u017cytku przez u\u017cytkownik&oacute;w kolejnych proces&oacute;w z&nbsp;wykorzystaniem danych CAD. Nie ma konieczno\u015bci konwersji danych, w&nbsp;zwi\u0105zku z&nbsp;czym nie trzeba opuszcza\u0107 platformy Solid Edge.<\/p>\n<p>[\/vc_column_text][\/vc_column][\/vc_row][vc_row full_width=&#8221;stretch_row&#8221; el_class=&#8221;vc-row-testimonial-quote&#8221; css=&#8221;.vc_custom_1525135482098{background-color: #13374e !important;}&#8221;][vc_column offset=&#8221;vc_col-lg-offset-1 vc_col-lg-10&#8243;][vc_column_text el_class=&#8221;vc-el-testimonial-quote&#8221;]<\/p>\n<p>Swobodne modelowanie powierzchni podzia\u0142owych b\u0119dzie bardzo cenne, je\u015bli chodzi o&nbsp;tworzenie stylizowanych projekt&oacute;w. Ju\u017c ciesz\u0119 si\u0119 na to, co przygotuj\u0105 nasi projektanci.<\/p>\n<p style=\"text-align: right;\"><cite>&mdash; Jason Inglis, starszy administrator systemu CAD, Ditch Witch<\/cite><\/p>\n<p>[\/vc_column_text][\/vc_column][\/vc_row][vc_row full_width=&#8221;stretch_row&#8221; el_class=&#8221;vc-row-video-highlight&#8221;][vc_column][vc_column_text el_class=&#8221;vc-el-lead-in&#8221;]<\/p>\n<p>Film<\/p>\n<h2>Zobacz, jak dzia\u0142a swobodne modelowanie powierzchni podzia\u0142owych<\/h2>\n<p>W\u0142a\u015bciwie dobrane narz\u0119dzia do projektowania przemys\u0142owego oferuj\u0105 mo\u017cliwo\u015b\u0107 opracowywania wyj\u0105tkowych produkt&oacute;w.<\/p>\n<p class=\"see-more\" style=\"text-align: right;\"><a href=\"https:\/\/solidedge.siemens.com\/pl\/resources\/resource-library\/#ui_Videos\">Zobacz wi\u0119cej materia\u0142&oacute;w wideo<\/a><\/p>\n<p>[\/vc_column_text]\n\n\n  <div id=\"wpv-view-layout-567-CATTR51a90e55abc612a6d8ed7b1b80f4c564\" class=\"js-wpv-view-layout js-wpv-layout-responsive js-wpv-view-layout-567-CATTR51a90e55abc612a6d8ed7b1b80f4c564\" data-viewnumber=\"567-CATTR51a90e55abc612a6d8ed7b1b80f4c564\" data-pagination=\"{&quot;id&quot;:567,&quot;query&quot;:&quot;normal&quot;,&quot;type&quot;:&quot;disabled&quot;,&quot;effect&quot;:&quot;fade&quot;,&quot;duration&quot;:500,&quot;speed&quot;:5,&quot;pause_on_hover&quot;:&quot;disabled&quot;,&quot;stop_rollover&quot;:&quot;false&quot;,&quot;cache_pages&quot;:&quot;enabled&quot;,&quot;preload_images&quot;:&quot;enabled&quot;,&quot;preload_pages&quot;:&quot;enabled&quot;,&quot;preload_reach&quot;:1,&quot;spinner&quot;:&quot;builtin&quot;,&quot;spinner_image&quot;:&quot;https:\/\/solidedge.siemens.com\/wp-content\/plugins\/wp-views\/embedded\/res\/img\/ajax-loader.gif&quot;,&quot;callback_next&quot;:&quot;&quot;,&quot;manage_history&quot;:&quot;disabled&quot;,&quot;has_controls_in_form&quot;:&quot;disabled&quot;,&quot;infinite_tolerance&quot;:&quot;0&quot;,&quot;max_pages&quot;:0,&quot;page&quot;:1,&quot;base_permalink&quot;:&quot;\/pl\/wp-json\/wp\/v2\/pages\/40583?wpv_view_count=567-CATTR51a90e55abc612a6d8ed7b1b80f4c564&amp;wpv_paged=WPV_PAGE_NUM&quot;,&quot;loop&quot;:{&quot;type&quot;:&quot;&quot;,&quot;name&quot;:&quot;&quot;,&quot;data&quot;:[],&quot;id&quot;:0}}\" data-permalink=\"\/pl\/wp-json\/wp\/v2\/pages\/40583?wpv_view_count=567-CATTR51a90e55abc612a6d8ed7b1b80f4c564\">\n\n  \n  \n  \n  <\/div>\n[vc_column_text el_class=&#8221;video-caption&#8221;]<\/p>\n<h3>Swobodne modelowanie powierzchni podzia\u0142owych w&nbsp;Solid Edge<\/h3>\n<p>Podczas tej demonstracji poka\u017cemy, jak mo\u017cna wykorzysta\u0107 funkcje swobodnego modelowania powierzchni podzia\u0142owych dost\u0119pne w&nbsp;oprogramowaniu Solid Edge, aby przyspieszy\u0107 realizacj\u0119 koncepcji przy zastosowaniu stylizowanego projektowania i&nbsp;tworzy\u0107 wyj\u0105tkowe produkty.<\/p>\n<p>[\/vc_column_text][\/vc_column][\/vc_row][vc_row full_width=&#8221;stretch_row&#8221; el_class=&#8221;vc-row-related-content&#8221; css=&#8221;.vc_custom_1524184785822{background-color: #347eb5 !important;}&#8221;][vc_column][vc_column_text]<\/p>\n<h2>Powi\u0105zane tre\u015bci<\/h2>\n<p>[\/vc_column_text]<div id=\"ult-carousel-72736831569fad03448054\" class=\"ult-carousel-wrapper  vc-el-carousel-related-content ult_horizontal\" data-gutter=\"0\" data-rtl=\"false\" ><div class=\"ult-carousel-169992136369fad03448025 \" >[vc_column_text]<a href=\"https:\/\/solidedge.siemens.com\/wp-content\/uploads\/2021\/10\/Siemens-SW-Solid-Edge-Subdivision-Modeling-FS-81947-D6-1.pdf\" target=\"_blank\" rel=\"noopener\">Karta charakterystyki modu\u0142u Subdivision Modeling<\/a>[\/vc_column_text]<\/div><\/div>\t\t\t<script type=\"text\/javascript\">\r\n\t\t\t\tjQuery(document).ready(function ($) {\r\n\t\t\t\t\tif( typeof jQuery('.ult-carousel-169992136369fad03448025').slick == \"function\"){\r\n\t\t\t\t\t\t$('.ult-carousel-169992136369fad03448025').slick({dots: true,autoplaySpeed: 5000,speed: 500,infinite: false,arrows: true,nextArrow: '<button type=\"button\" role=\"button\" aria-label=\"Next\" style=\"color:#ffffff; font-size:30px;background:rgba(255,255,255,0.2);\" class=\"slick-next square-bg\"><i class=\"ultsl-arrow-right6\"><\/i><\/button>',prevArrow: '<button type=\"button\" role=\"button\" aria-label=\"Previous\" style=\"color:#ffffff; font-size:30px;background:rgba(255,255,255,0.2);\" class=\"slick-prev square-bg\"><i class=\"ultsl-arrow-left6\"><\/i><\/button>',slidesToScroll:4,slidesToShow:4,swipe: true,draggable: true,touchMove: true,pauseOnHover: true,pauseOnFocus: false,responsive: [\r\n\t\t\t\t\t\t\t{\r\n\t\t\t\t\t\t\t  breakpoint: 1026,\r\n\t\t\t\t\t\t\t  settings: {\r\n\t\t\t\t\t\t\t\tslidesToShow: 4,\r\n\t\t\t\t\t\t\t\tslidesToScroll: 4,  \r\n\t\t\t\t\t\t\t  }\r\n\t\t\t\t\t\t\t},\r\n\t\t\t\t\t\t\t{\r\n\t\t\t\t\t\t\t  breakpoint: 1025,\r\n\t\t\t\t\t\t\t  settings: {\r\n\t\t\t\t\t\t\t\tslidesToShow: 2,\r\n\t\t\t\t\t\t\t\tslidesToScroll: 2\r\n\t\t\t\t\t\t\t  }\r\n\t\t\t\t\t\t\t},\r\n\t\t\t\t\t\t\t{\r\n\t\t\t\t\t\t\t  breakpoint: 760,\r\n\t\t\t\t\t\t\t  settings: {\r\n\t\t\t\t\t\t\t\tslidesToShow: 1,\r\n\t\t\t\t\t\t\t\tslidesToScroll: 1\r\n\t\t\t\t\t\t\t  }\r\n\t\t\t\t\t\t\t}\r\n\t\t\t\t\t\t],pauseOnDotsHover: true,customPaging: function(slider, i) {\r\n                   return '<i type=\"button\" style= \"color:#ffffff;\" class=\"ultsl-record\" data-role=\"none\"><\/i>';\r\n                },});\r\n\t\t\t\t\t}\r\n\t\t\t\t});\r\n\t\t\t<\/script>\r\n\t\t\t[\/vc_column][\/vc_row]<\/p>\n","protected":false},"excerpt":{"rendered":"<p> Modelowanie powierzchni podzia\u0142owych Tw&oacute;rz wyj\u0105tkowe produkty oparte o&nbsp;naturalne kszta\u0142ty, bez wiedzy eksperckiej. Funkcje modelowania powierzchni podzia\u0142owych w&nbsp;oprogramowaniu Solid Edge oferuje zaawansowane narz\u0119dzia do tworzenia, edycji i analizowania kszta\u0142t&oacute;w. Dzi\u0119ki tym narz\u0119dziom wszyscy u\u017cytkownicy, w&nbsp;tym r&oacute;wnie\u017c pocz\u0105tkuj\u0105cy, b\u0119d\u0105 mogli szybko [&hellip;]<\/p>\n","protected":false},"author":23,"featured_media":0,"parent":49967,"menu_order":3,"comment_status":"closed","ping_status":"closed","template":"","meta":{"inline_featured_image":false},"yoast_head":"<!-- This site is optimized with the Yoast SEO plugin v18.4.1 - https:\/\/yoast.com\/wordpress\/plugins\/seo\/ -->\n<title>Modelowanie powierzchni podzia\u0142owych | Solid Edge | Siemens Software<\/title>\n<meta name=\"robots\" content=\"index, follow, max-snippet:-1, max-image-preview:large, max-video-preview:-1\" \/>\n<link rel=\"canonical\" href=\"https:\/\/solidedge.siemens.com\/pl\/solutions\/products\/3d-design\/industrial-design-software\/subdivision-modeling\/\" \/>\n<meta property=\"og:locale\" content=\"pl_PL\" \/>\n<meta property=\"og:type\" content=\"article\" \/>\n<meta property=\"og:title\" content=\"Modelowanie powierzchni podzia\u0142owych | Solid Edge | Siemens Software\" \/>\n<meta property=\"og:description\" content=\"Modelowanie powierzchni podzia\u0142owych Tw&oacute;rz wyj\u0105tkowe produkty oparte o&nbsp;naturalne kszta\u0142ty, bez wiedzy eksperckiej. Funkcje modelowania powierzchni podzia\u0142owych w&nbsp;oprogramowaniu Solid Edge oferuje zaawansowane narz\u0119dzia do tworzenia, edycji i analizowania kszta\u0142t&oacute;w. Dzi\u0119ki tym narz\u0119dziom wszyscy u\u017cytkownicy, w&nbsp;tym r&oacute;wnie\u017c pocz\u0105tkuj\u0105cy, b\u0119d\u0105 mogli szybko [&hellip;]\" \/>\n<meta property=\"og:url\" content=\"https:\/\/solidedge.siemens.com\/pl\/solutions\/products\/3d-design\/industrial-design-software\/subdivision-modeling\/\" \/>\n<meta property=\"og:site_name\" content=\"Solid Edge\" \/>\n<meta property=\"article:publisher\" content=\"https:\/\/www.facebook.com\/solidedge\" \/>\n<meta property=\"article:modified_time\" content=\"2022-08-25T13:28:13+00:00\" \/>\n<meta name=\"twitter:card\" content=\"summary_large_image\" \/>\n<meta name=\"twitter:site\" content=\"@siemensplm\" \/>\n<meta name=\"twitter:label1\" content=\"Szacowany czas czytania\" \/>\n\t<meta name=\"twitter:data1\" content=\"4 minuty\" \/>\n<script type=\"application\/ld+json\" class=\"yoast-schema-graph\">{\"@context\":\"https:\/\/schema.org\",\"@graph\":[{\"@type\":\"Organization\",\"@id\":\"https:\/\/solidedge.siemens.com\/en\/#organization\",\"name\":\"Siemens Digital Industries Software\",\"url\":\"https:\/\/solidedge.siemens.com\/en\/\",\"sameAs\":[\"https:\/\/www.facebook.com\/solidedge\",\"https:\/\/www.instagram.com\/siemens\/\",\"https:\/\/www.linkedin.com\/company\/siemens-plm-software\",\"https:\/\/www.youtube.com\/user\/PolarionSoftware\",\"https:\/\/twitter.com\/siemensplm\"],\"logo\":{\"@type\":\"ImageObject\",\"@id\":\"https:\/\/solidedge.siemens.com\/en\/#logo\",\"inLanguage\":\"pl-PL\",\"url\":\"https:\/\/solidedge.siemens.com\/wp-content\/uploads\/2018\/04\/logo-siemens-ifl@2x.png\",\"contentUrl\":\"https:\/\/solidedge.siemens.com\/wp-content\/uploads\/2018\/04\/logo-siemens-ifl@2x.png\",\"width\":640,\"height\":270,\"caption\":\"Siemens Digital Industries Software\"},\"image\":{\"@id\":\"https:\/\/solidedge.siemens.com\/en\/#logo\"}},{\"@type\":\"WebSite\",\"@id\":\"https:\/\/solidedge.siemens.com\/en\/#website\",\"url\":\"https:\/\/solidedge.siemens.com\/en\/\",\"name\":\"Solid Edge\",\"description\":\"Siemens Software\",\"publisher\":{\"@id\":\"https:\/\/solidedge.siemens.com\/en\/#organization\"},\"potentialAction\":[{\"@type\":\"SearchAction\",\"target\":{\"@type\":\"EntryPoint\",\"urlTemplate\":\"https:\/\/solidedge.siemens.com\/en\/?s={search_term_string}\"},\"query-input\":\"required name=search_term_string\"}],\"inLanguage\":\"pl-PL\"},{\"@type\":\"WebPage\",\"@id\":\"https:\/\/solidedge.siemens.com\/pl\/solutions\/products\/3d-design\/industrial-design-software\/subdivision-modeling\/#webpage\",\"url\":\"https:\/\/solidedge.siemens.com\/pl\/solutions\/products\/3d-design\/industrial-design-software\/subdivision-modeling\/\",\"name\":\"Modelowanie powierzchni podzia\u0142owych | Solid Edge | Siemens Software\",\"isPartOf\":{\"@id\":\"https:\/\/solidedge.siemens.com\/en\/#website\"},\"datePublished\":\"2021-05-18T13:55:17+00:00\",\"dateModified\":\"2022-08-25T13:28:13+00:00\",\"breadcrumb\":{\"@id\":\"https:\/\/solidedge.siemens.com\/pl\/solutions\/products\/3d-design\/industrial-design-software\/subdivision-modeling\/#breadcrumb\"},\"inLanguage\":\"pl-PL\",\"potentialAction\":[{\"@type\":\"ReadAction\",\"target\":[\"https:\/\/solidedge.siemens.com\/pl\/solutions\/products\/3d-design\/industrial-design-software\/subdivision-modeling\/\"]}]},{\"@type\":\"BreadcrumbList\",\"@id\":\"https:\/\/solidedge.siemens.com\/pl\/solutions\/products\/3d-design\/industrial-design-software\/subdivision-modeling\/#breadcrumb\",\"itemListElement\":[{\"@type\":\"ListItem\",\"position\":1,\"name\":\"Home\",\"item\":\"https:\/\/solidedge.siemens.com\/en\/home-10\/\"},{\"@type\":\"ListItem\",\"position\":2,\"name\":\"Rozwi\u0105zania\",\"item\":\"https:\/\/solidedge.siemens.com\/pl\/solutions\/\"},{\"@type\":\"ListItem\",\"position\":3,\"name\":\"Produkty\",\"item\":\"https:\/\/solidedge.siemens.com\/pl\/solutions\/products\/\"},{\"@type\":\"ListItem\",\"position\":4,\"name\":\"Projektowanie 3D\",\"item\":\"https:\/\/solidedge.siemens.com\/pl\/solutions\/products\/3d-design\/\"},{\"@type\":\"ListItem\",\"position\":5,\"name\":\"Projektowanie przemys\u0142owe i stylizacja\",\"item\":\"https:\/\/solidedge.siemens.com\/pl\/solutions\/products\/3d-design\/industrial-design-software\/\"},{\"@type\":\"ListItem\",\"position\":6,\"name\":\"Modelowanie powierzchni podzia\u0142owych\"}]}]}<\/script>\n<!-- \/ Yoast SEO plugin. -->","yoast_head_json":{"title":"Modelowanie powierzchni podzia\u0142owych | Solid Edge | Siemens Software","robots":{"index":"index","follow":"follow","max-snippet":"max-snippet:-1","max-image-preview":"max-image-preview:large","max-video-preview":"max-video-preview:-1"},"canonical":"https:\/\/solidedge.siemens.com\/pl\/solutions\/products\/3d-design\/industrial-design-software\/subdivision-modeling\/","og_locale":"pl_PL","og_type":"article","og_title":"Modelowanie powierzchni podzia\u0142owych | Solid Edge | Siemens Software","og_description":"Modelowanie powierzchni podzia\u0142owych Tw&oacute;rz wyj\u0105tkowe produkty oparte o&nbsp;naturalne kszta\u0142ty, bez wiedzy eksperckiej. Funkcje modelowania powierzchni podzia\u0142owych w&nbsp;oprogramowaniu Solid Edge oferuje zaawansowane narz\u0119dzia do tworzenia, edycji i analizowania kszta\u0142t&oacute;w. Dzi\u0119ki tym narz\u0119dziom wszyscy u\u017cytkownicy, w&nbsp;tym r&oacute;wnie\u017c pocz\u0105tkuj\u0105cy, b\u0119d\u0105 mogli szybko [&hellip;]","og_url":"https:\/\/solidedge.siemens.com\/pl\/solutions\/products\/3d-design\/industrial-design-software\/subdivision-modeling\/","og_site_name":"Solid Edge","article_publisher":"https:\/\/www.facebook.com\/solidedge","article_modified_time":"2022-08-25T13:28:13+00:00","twitter_card":"summary_large_image","twitter_site":"@siemensplm","twitter_misc":{"Szacowany czas czytania":"4 minuty"},"schema":{"@context":"https:\/\/schema.org","@graph":[{"@type":"Organization","@id":"https:\/\/solidedge.siemens.com\/en\/#organization","name":"Siemens Digital Industries Software","url":"https:\/\/solidedge.siemens.com\/en\/","sameAs":["https:\/\/www.facebook.com\/solidedge","https:\/\/www.instagram.com\/siemens\/","https:\/\/www.linkedin.com\/company\/siemens-plm-software","https:\/\/www.youtube.com\/user\/PolarionSoftware","https:\/\/twitter.com\/siemensplm"],"logo":{"@type":"ImageObject","@id":"https:\/\/solidedge.siemens.com\/en\/#logo","inLanguage":"pl-PL","url":"https:\/\/solidedge.siemens.com\/wp-content\/uploads\/2018\/04\/logo-siemens-ifl@2x.png","contentUrl":"https:\/\/solidedge.siemens.com\/wp-content\/uploads\/2018\/04\/logo-siemens-ifl@2x.png","width":640,"height":270,"caption":"Siemens Digital Industries Software"},"image":{"@id":"https:\/\/solidedge.siemens.com\/en\/#logo"}},{"@type":"WebSite","@id":"https:\/\/solidedge.siemens.com\/en\/#website","url":"https:\/\/solidedge.siemens.com\/en\/","name":"Solid Edge","description":"Siemens Software","publisher":{"@id":"https:\/\/solidedge.siemens.com\/en\/#organization"},"potentialAction":[{"@type":"SearchAction","target":{"@type":"EntryPoint","urlTemplate":"https:\/\/solidedge.siemens.com\/en\/?s={search_term_string}"},"query-input":"required name=search_term_string"}],"inLanguage":"pl-PL"},{"@type":"WebPage","@id":"https:\/\/solidedge.siemens.com\/pl\/solutions\/products\/3d-design\/industrial-design-software\/subdivision-modeling\/#webpage","url":"https:\/\/solidedge.siemens.com\/pl\/solutions\/products\/3d-design\/industrial-design-software\/subdivision-modeling\/","name":"Modelowanie powierzchni podzia\u0142owych | Solid Edge | Siemens Software","isPartOf":{"@id":"https:\/\/solidedge.siemens.com\/en\/#website"},"datePublished":"2021-05-18T13:55:17+00:00","dateModified":"2022-08-25T13:28:13+00:00","breadcrumb":{"@id":"https:\/\/solidedge.siemens.com\/pl\/solutions\/products\/3d-design\/industrial-design-software\/subdivision-modeling\/#breadcrumb"},"inLanguage":"pl-PL","potentialAction":[{"@type":"ReadAction","target":["https:\/\/solidedge.siemens.com\/pl\/solutions\/products\/3d-design\/industrial-design-software\/subdivision-modeling\/"]}]},{"@type":"BreadcrumbList","@id":"https:\/\/solidedge.siemens.com\/pl\/solutions\/products\/3d-design\/industrial-design-software\/subdivision-modeling\/#breadcrumb","itemListElement":[{"@type":"ListItem","position":1,"name":"Home","item":"https:\/\/solidedge.siemens.com\/en\/home-10\/"},{"@type":"ListItem","position":2,"name":"Rozwi\u0105zania","item":"https:\/\/solidedge.siemens.com\/pl\/solutions\/"},{"@type":"ListItem","position":3,"name":"Produkty","item":"https:\/\/solidedge.siemens.com\/pl\/solutions\/products\/"},{"@type":"ListItem","position":4,"name":"Projektowanie 3D","item":"https:\/\/solidedge.siemens.com\/pl\/solutions\/products\/3d-design\/"},{"@type":"ListItem","position":5,"name":"Projektowanie przemys\u0142owe i stylizacja","item":"https:\/\/solidedge.siemens.com\/pl\/solutions\/products\/3d-design\/industrial-design-software\/"},{"@type":"ListItem","position":6,"name":"Modelowanie powierzchni podzia\u0142owych"}]}]}},"_links":{"self":[{"href":"https:\/\/solidedge.siemens.com\/pl\/wp-json\/wp\/v2\/pages\/40583"}],"collection":[{"href":"https:\/\/solidedge.siemens.com\/pl\/wp-json\/wp\/v2\/pages"}],"about":[{"href":"https:\/\/solidedge.siemens.com\/pl\/wp-json\/wp\/v2\/types\/page"}],"author":[{"embeddable":true,"href":"https:\/\/solidedge.siemens.com\/pl\/wp-json\/wp\/v2\/users\/23"}],"replies":[{"embeddable":true,"href":"https:\/\/solidedge.siemens.com\/pl\/wp-json\/wp\/v2\/comments?post=40583"}],"version-history":[{"count":10,"href":"https:\/\/solidedge.siemens.com\/pl\/wp-json\/wp\/v2\/pages\/40583\/revisions"}],"predecessor-version":[{"id":61254,"href":"https:\/\/solidedge.siemens.com\/pl\/wp-json\/wp\/v2\/pages\/40583\/revisions\/61254"}],"up":[{"embeddable":true,"href":"https:\/\/solidedge.siemens.com\/pl\/wp-json\/wp\/v2\/pages\/49967"}],"wp:attachment":[{"href":"https:\/\/solidedge.siemens.com\/pl\/wp-json\/wp\/v2\/media?parent=40583"}],"curies":[{"name":"wp","href":"https:\/\/api.w.org\/{rel}","templated":true}]}}