{"id":2682,"date":"2018-03-30T14:43:09","date_gmt":"2018-03-30T18:43:09","guid":{"rendered":"https:\/\/solidedge.siemens.com\/3d-printing\/"},"modified":"2022-12-16T12:37:52","modified_gmt":"2022-12-16T17:37:52","slug":"3d-printing","status":"publish","type":"page","link":"https:\/\/solidedge.siemens.com\/pl\/solutions\/products\/3d-printing\/","title":{"rendered":"Drukowanie 3D"},"content":{"rendered":"<p>[vc_row el_class=&#8221;vc-row-page-image-intro&#8221;][vc_column][vc_column_text]<\/p>\n<h1>Drukowanie 3D<\/h1>\n<p>[\/vc_column_text][vc_row_inner][vc_column_inner width=&#8221;5\/12&#8243;][vc_single_image image=&#8221;1067&#8243; img_size=&#8221;medium&#8221; alignment=&#8221;center&#8221;][\/vc_column_inner][vc_column_inner width=&#8221;7\/12&#8243;][vc_column_text]<\/p>\n<p class=\"f-larger c-black\"><strong>Projektowanie pod k\u0105tem drukowania 3D<\/strong><\/p>\n<p><span>Drukowanie 3D to po cz\u0119\u015bci nauka, a po cz\u0119\u015bci sztuka. Skuteczne projektowanie z my\u015bl\u0105 o drukowaniu 3D to po\u0142\u0105czenie zrozumienia procesu drukowania i dostosowania si\u0119 do niego; ponadto trzeba te\u017c zrozumie\u0107 cele, jakie ma spe\u0142nia\u0107 obiekt i projektowa\u0107 z my\u015bl\u0105 o nich.<\/span><\/p>\n<p>Niezale\u017cnie od tego, czy tworzysz wst\u0119pny prototyp, czy te\u017c finalny produkt, oprogramowanie Solid Edge zapewnia obs\u0142ug\u0119 projektowania pod k\u0105tem drukowania 3D.[\/vc_column_text][vc_column_text]<\/p>\n<p style=\"text-align: right;\"><a class=\"action-button\" href=\"https:\/\/solidedge.siemens.com\/pl\/free-software\/overview\/\"><i class=\"icon-ext\"><\/i>Bezp\u0142atna wersja pr\u00f3bna oprogramowania Solid Edge<\/a><\/p>\n<p>[\/vc_column_text][\/vc_column_inner][\/vc_row_inner][\/vc_column][\/vc_row][vc_row full_width=&#8221;stretch_row&#8221; equal_height=&#8221;yes&#8221; css=&#8221;.vc_custom_1525449518142{background-color: #ebf0f5 !important;}&#8221;][vc_column][vc_column_text el_class=&#8221;vc-el-lead-in&#8221;]Funkcje<\/p>\n<h2>Tw\u00f3rz \u015bwiatowej klasy produkty, korzystaj\u0105c z najnowszych technik<\/h2>\n<p>Nasze narz\u0119dzia zapewniaj\u0105 kompleksow\u0105 obs\u0142ug\u0119 przep\u0142ywu informacji, od projektowania pod k\u0105tem drukowania 3D po przygotowanie gotowych plik\u00f3w i wys\u0142anie ich do drukarki, a tak\u017ce us\u0142ugi z funkcj\u0105 wydruk\u00f3w kolorowych.[\/vc_column_text][vc_row_inner equal_height=&#8221;yes&#8221; el_class=&#8221;vc-row-image-teasers&#8221;][vc_column_inner width=&#8221;1\/3&#8243;][vc_single_image image=&#8221;1293&#8243; img_size=&#8221;full&#8221;][vc_column_text]<\/p>\n<h3>Dowiedz si\u0119 wi\u0119cej o\u00a0nowych koncepcjach<br \/>\nprojektowania generatywnego<\/h3>\n<p><a href=\"https:\/\/solidedge.siemens.com\/pl\/solutions\/products\/3d-design\/next-generation-design\/generative-design\/\">Projektowanie generatywne<\/a> \u0142\u0105czy wydajne narz\u0119dzia do projektowania z optymalizacj\u0105 topologii, umo\u017cliwiaj\u0105c szybkie tworzenie lekkich, wysoce z\u0142o\u017conych kszta\u0142t\u00f3w, idealnie dostosowanych do specyfiki drukowania 3D.[\/vc_column_text][\/vc_column_inner][vc_column_inner width=&#8221;1\/3&#8243;][vc_single_image image=&#8221;17024&#8243; img_size=&#8221;full&#8221;][vc_column_text]<\/p>\n<h3>Przygotowanie geometrii pod k\u0105tem technik addytywnych<\/h3>\n<p>Mo\u017cesz bez trudu \u0142\u0105czy\u0107 tradycyjne bry\u0142owe modele b-rep z modelami siatkowymi bez czasoch\u0142onnych i podatnych na b\u0142\u0119dy konwersji, ograniczaj\u0105c konieczno\u015b\u0107 poprawek i jednocze\u015bnie umo\u017cliwiaj\u0105c stosowanie nowoczesnych proces\u00f3w wytwarzania addytywnego do realizacji z\u0142o\u017conych kszta\u0142t\u00f3w.[\/vc_column_text][\/vc_column_inner][vc_column_inner width=&#8221;1\/3&#8243;][vc_single_image image=&#8221;15376&#8243; img_size=&#8221;full&#8221;][vc_column_text]<\/p>\n<h3>Bezpo\u015brednie przekazywanie modeli<br \/>\ndo drukarki 3D<\/h3>\n<p>Oprogramowanie Solid Edge obs\u0142uguje funkcje przesy\u0142ania modeli cz\u0119\u015bci do drukarek 3D przy u\u017cyciu polecenia drukowania 3D. Wystarczy zapisa\u0107 pliki cz\u0119\u015bci w\u00a0formacie .stl\/.3MF lub wys\u0142a\u0107 je bezpo\u015brednio do aplikacji Microsoft 3D Builder. Dzi\u0119ki temu mo\u017cesz drukowa\u0107 we w\u0142asnym zakresie w wykorzystaniem zautomatyzowanych proces\u00f3w przygotowania do druku, w tym do drukowania w kolorze.[\/vc_column_text][\/vc_column_inner][vc_column_inner width=&#8221;1\/3&#8243;][vc_column_text]<\/p>\n<h3>B\u0142yskawiczne oferty i cz\u0119\u015bci<br \/>\ndostarczane na wskazany adres<\/h3>\n<p>Przy u\u017cyciu oprogramowania Solid Edge mo\u017cesz przesy\u0142a\u0107 swoje projekty bezpo\u015brednio do us\u0142ug drukowania 3D w chmurze, jak na przyk\u0142ad <a href=\"http:\/\/solidedge.3yourmind.com\/\">3YOURMIND<\/a>, w celu uzyskania wyceny umo\u017cliwiaj\u0105cej por\u00f3wnanie w czasie rzeczywistym cen i terminu realizacji, obejmuj\u0105cej r\u00f3wnie\u017c wyprodukowanie cz\u0119\u015bci z r\u00f3\u017cnych materia\u0142\u00f3w oraz transport do wskazanej lokalizacji.[\/vc_column_text][\/vc_column_inner][\/vc_row_inner][\/vc_column][\/vc_row][vc_row full_width=&#8221;stretch_row&#8221; el_class=&#8221;vc-row-video-highlight&#8221;][vc_column][vc_column_text el_class=&#8221;vc-el-lead-in&#8221;]Film<\/p>\n<h2>Oprogramowanie Solid Edge umo\u017cliwia \u0142atwe projektowanie pod k\u0105tem drukowania 3D<\/h2>\n<p class=\"see-more\" style=\"text-align: right;\"><a href=\"https:\/\/solidedge.siemens.com\/pl\/resources\/videos\/\">Zobacz wi\u0119cej materia\u0142\u00f3w wideo<\/a><\/p>\n<p>[\/vc_column_text]\n\n\n  <div id=\"wpv-view-layout-567-CATTRb5c041e59de81672a7b1d849506a3d5e\" class=\"js-wpv-view-layout js-wpv-layout-responsive js-wpv-view-layout-567-CATTRb5c041e59de81672a7b1d849506a3d5e\" data-viewnumber=\"567-CATTRb5c041e59de81672a7b1d849506a3d5e\" data-pagination=\"{&quot;id&quot;:567,&quot;query&quot;:&quot;normal&quot;,&quot;type&quot;:&quot;disabled&quot;,&quot;effect&quot;:&quot;fade&quot;,&quot;duration&quot;:500,&quot;speed&quot;:5,&quot;pause_on_hover&quot;:&quot;disabled&quot;,&quot;stop_rollover&quot;:&quot;false&quot;,&quot;cache_pages&quot;:&quot;enabled&quot;,&quot;preload_images&quot;:&quot;enabled&quot;,&quot;preload_pages&quot;:&quot;enabled&quot;,&quot;preload_reach&quot;:1,&quot;spinner&quot;:&quot;builtin&quot;,&quot;spinner_image&quot;:&quot;https:\/\/solidedge.siemens.com\/wp-content\/plugins\/wp-views\/embedded\/res\/img\/ajax-loader.gif&quot;,&quot;callback_next&quot;:&quot;&quot;,&quot;manage_history&quot;:&quot;disabled&quot;,&quot;has_controls_in_form&quot;:&quot;disabled&quot;,&quot;infinite_tolerance&quot;:&quot;0&quot;,&quot;max_pages&quot;:0,&quot;page&quot;:1,&quot;base_permalink&quot;:&quot;\/pl\/wp-json\/wp\/v2\/pages\/2682?wpv_view_count=567-CATTRb5c041e59de81672a7b1d849506a3d5e&amp;wpv_paged=WPV_PAGE_NUM&quot;,&quot;loop&quot;:{&quot;type&quot;:&quot;&quot;,&quot;name&quot;:&quot;&quot;,&quot;data&quot;:[],&quot;id&quot;:0}}\" data-permalink=\"\/pl\/wp-json\/wp\/v2\/pages\/2682?wpv_view_count=567-CATTRb5c041e59de81672a7b1d849506a3d5e\">\n\n  \n  \n  \n  <\/div>\n[\/vc_column][\/vc_row][vc_row full_width=&#8221;stretch_row&#8221; el_class=&#8221;vc-row-free-software&#8221; css=&#8221;.vc_custom_1523912493378{background-color: #006486 !important;}&#8221;][vc_column][vc_column_text el_class=&#8221;vc-el-lead-in&#8221;]BEZP\u0141ATNE oprogramowanie<\/p>\n<h2>Bezp\u0142atne oprogramowanie do projektowania 3D<\/h2>\n<p>[\/vc_column_text][vc_row_inner equal_height=&#8221;yes&#8221;][vc_column_inner width=&#8221;1\/2&#8243; offset=&#8221;vc_col-md-5&#8243;]<div class=\"wpb_content_block wpb_content_element\"><div class=\"wpb_wrapper\"><div class=\"content_block\" id=\"custom_post_widget-1068\"><p>[vc_row][vc_column][vc_column_text]<\/p>\n<h3>Pobierz bezp\u0142atne oprogramowanie Solid Edge dla student\u00f3w<\/h3>\n<p>Projektowanie pod k\u0105tem drukowania 3D i rozwijanie niezb\u0119dnych umiej\u0119tno\u015bci dzi\u0119ki oprogramowaniu Solid Edge Student Edition, b\u0119d\u0105cym bezp\u0142atn\u0105 wersj\u0105 tego samego \u0142atwego do opanowania pakietu oprogramowania u\u017cywanego przez profesjonalist\u00f3w. [\/vc_column_text][vc_column_text]<a class=\"action-button\" href=\"https:\/\/www.plm.automation.siemens.com\/plmapp\/education\/solid-edge\/pl_pl\/free-software\/student\"><i class=\"icon-ext\"><\/i>Pobierz teraz<\/a>[\/vc_column_text][\/vc_column][\/vc_row]<\/p>\n<\/div><\/div><\/div>[\/vc_column_inner][vc_column_inner width=&#8221;1\/2&#8243; offset=&#8221;vc_col-md-offset-2 vc_col-md-5&#8243;]<div class=\"wpb_content_block wpb_content_element\"><div class=\"wpb_wrapper\"><div class=\"content_block\" id=\"custom_post_widget-419\"><p>[vc_row][vc_column][vc_column_text]<\/p>\n<h3>Bezp\u0142atne oprogramowanie dla startup\u00f3w<\/h3>\n<p>Startupy na wczesnym etapie dzia\u0142alno\u015bci, istniej\u0105ce kr\u00f3cej ni\u017c trzy lata, mog\u0105 z\u0142o\u017cy\u0107 wniosek o bezp\u0142atn\u0105 wersj\u0119 oprogramowania Solid Edge. Bez op\u0142aty manipulacyjnej![\/vc_column_text][vc_column_text]<a class=\"action-button\" href=\"https:\/\/www.plm.automation.siemens.com\/global\/en\/topic\/solid-edge-for-startups\/8335\"><i class=\"icon-ext\"><\/i>Z\u0142\u00f3\u017c wniosek ju\u017c teraz<\/a>[\/vc_column_text][\/vc_column][\/vc_row]<\/p>\n<\/div><\/div><\/div>[\/vc_column_inner][\/vc_row_inner][\/vc_column][\/vc_row][vc_row full_width=&#8221;stretch_row&#8221; el_class=&#8221;vc-row-related-content&#8221; css=&#8221;.vc_custom_1524184785822{background-color: #347eb5 !important;}&#8221;][vc_column][vc_column_text]<\/p>\n<h2>Powi\u0105zane tre\u015bci<\/h2>\n<p>[\/vc_column_text]<div id=\"ult-carousel-44172597169f3fc185fbb5\" class=\"ult-carousel-wrapper  vc-el-carousel-related-content ult_horizontal\" data-gutter=\"0\" data-rtl=\"false\" ><div class=\"ult-carousel-149527806869f3fc185fb92 \" >[vc_column_text]<a href=\"https:\/\/www.plm.automation.siemens.com\/store\/en-us\/solid-edge\/\">Kup oprogramowanie Solid Edge w naszym sklepie internetowym<\/a>[\/vc_column_text][vc_column_text]<a href=\"https:\/\/www.plm.automation.siemens.com\/global\/en\/topic\/3d-printing\/32541\">E-book<br \/>\nDrukowanie 3D: Szybkie porady \u2013 przej\u015bcie od projektu CAD do obiekt\u00f3w drukowanych<\/a>[\/vc_column_text][vc_column_text]<a href=\"https:\/\/solidedge.siemens.com\/en\/resource\/infographic\/future-of-manufacturing-and-3d-printing\/\">Przysz\u0142o\u015b\u0107 wytwarzania i drukowania 3D<\/a>[\/vc_column_text]<\/div><\/div>\t\t\t<script type=\"text\/javascript\">\r\n\t\t\t\tjQuery(document).ready(function ($) {\r\n\t\t\t\t\tif( typeof jQuery('.ult-carousel-149527806869f3fc185fb92').slick == \"function\"){\r\n\t\t\t\t\t\t$('.ult-carousel-149527806869f3fc185fb92').slick({dots: true,autoplaySpeed: 5000,speed: 500,infinite: false,arrows: true,nextArrow: '<button type=\"button\" role=\"button\" aria-label=\"Next\" style=\"color:#ffffff; font-size:30px;background:rgba(255,255,255,0.2);\" class=\"slick-next square-bg\"><i class=\"ultsl-arrow-right6\"><\/i><\/button>',prevArrow: '<button type=\"button\" role=\"button\" aria-label=\"Previous\" style=\"color:#ffffff; font-size:30px;background:rgba(255,255,255,0.2);\" class=\"slick-prev square-bg\"><i class=\"ultsl-arrow-left6\"><\/i><\/button>',slidesToScroll:4,slidesToShow:4,swipe: true,draggable: true,touchMove: true,pauseOnHover: true,pauseOnFocus: false,responsive: [\r\n\t\t\t\t\t\t\t{\r\n\t\t\t\t\t\t\t  breakpoint: 1026,\r\n\t\t\t\t\t\t\t  settings: {\r\n\t\t\t\t\t\t\t\tslidesToShow: 4,\r\n\t\t\t\t\t\t\t\tslidesToScroll: 4,  \r\n\t\t\t\t\t\t\t  }\r\n\t\t\t\t\t\t\t},\r\n\t\t\t\t\t\t\t{\r\n\t\t\t\t\t\t\t  breakpoint: 1025,\r\n\t\t\t\t\t\t\t  settings: {\r\n\t\t\t\t\t\t\t\tslidesToShow: 2,\r\n\t\t\t\t\t\t\t\tslidesToScroll: 2\r\n\t\t\t\t\t\t\t  }\r\n\t\t\t\t\t\t\t},\r\n\t\t\t\t\t\t\t{\r\n\t\t\t\t\t\t\t  breakpoint: 760,\r\n\t\t\t\t\t\t\t  settings: {\r\n\t\t\t\t\t\t\t\tslidesToShow: 1,\r\n\t\t\t\t\t\t\t\tslidesToScroll: 1\r\n\t\t\t\t\t\t\t  }\r\n\t\t\t\t\t\t\t}\r\n\t\t\t\t\t\t],pauseOnDotsHover: true,customPaging: function(slider, i) {\r\n                   return '<i type=\"button\" style= \"color:#ffffff;\" class=\"ultsl-record\" data-role=\"none\"><\/i>';\r\n                },});\r\n\t\t\t\t\t}\r\n\t\t\t\t});\r\n\t\t\t<\/script>\r\n\t\t\t[\/vc_column][\/vc_row][vc_row full_width=&#8221;stretch_row&#8221; el_class=&#8221;footer-contact&#8221; css=&#8221;.vc_custom_1550170708528{background-color: #dedee3 !important;}&#8221;][vc_column]<div class=\"wpb_content_block wpb_content_element\"><div class=\"wpb_wrapper\"><\/div><\/div>[\/vc_column][\/vc_row]<\/p>\n","protected":false},"excerpt":{"rendered":"<p> Drukowanie 3D [\/vc_column_text][\/vc_column_inner] Projektowanie pod k\u0105tem drukowania 3D Drukowanie 3D to po cz\u0119\u015bci nauka, a po cz\u0119\u015bci sztuka. Skuteczne projektowanie z my\u015bl\u0105 o drukowaniu 3D to po\u0142\u0105czenie zrozumienia procesu drukowania i dostosowania si\u0119 do niego; ponadto trzeba te\u017c zrozumie\u0107 cele, jakie ma spe\u0142nia\u0107 obiekt i projektowa\u0107 z my\u015bl\u0105 [&hellip;]<\/p>\n","protected":false},"author":5,"featured_media":0,"parent":2766,"menu_order":8,"comment_status":"closed","ping_status":"closed","template":"","meta":{"inline_featured_image":false},"yoast_head":"<!-- This site is optimized with the Yoast SEO plugin v18.4.1 - https:\/\/yoast.com\/wordpress\/plugins\/seo\/ -->\n<title>Rozwi\u0105zania do drukowania 3D | Wytwarzanie addytywne | Solid Edge<\/title>\n<meta name=\"description\" content=\"Oprogramowanie Solid Edge zapewnia wszystkie funkcje niezb\u0119dne do obs\u0142ugi drukowania 3D, zar\u00f3wno w przypadku u\u017cywania w\u0142asnej drukarki 3D, jak i konieczno\u015bci skorzystania z us\u0142ug wytwarzania addytywnego.\" \/>\n<meta name=\"robots\" content=\"index, follow, max-snippet:-1, max-image-preview:large, max-video-preview:-1\" \/>\n<link rel=\"canonical\" href=\"https:\/\/solidedge.siemens.com\/pl\/solutions\/products\/3d-printing\/\" \/>\n<meta property=\"og:locale\" content=\"pl_PL\" \/>\n<meta property=\"og:type\" content=\"article\" \/>\n<meta property=\"og:title\" content=\"Rozwi\u0105zania do drukowania 3D | Wytwarzanie addytywne | Solid Edge\" \/>\n<meta property=\"og:description\" content=\"Oprogramowanie Solid Edge zapewnia wszystkie funkcje niezb\u0119dne do obs\u0142ugi drukowania 3D, zar\u00f3wno w przypadku u\u017cywania w\u0142asnej drukarki 3D, jak i konieczno\u015bci skorzystania z us\u0142ug wytwarzania addytywnego.\" \/>\n<meta property=\"og:url\" content=\"https:\/\/solidedge.siemens.com\/pl\/solutions\/products\/3d-printing\/\" \/>\n<meta property=\"og:site_name\" content=\"Solid Edge\" \/>\n<meta property=\"article:publisher\" content=\"https:\/\/www.facebook.com\/solidedge\" \/>\n<meta property=\"article:modified_time\" content=\"2022-12-16T17:37:52+00:00\" \/>\n<meta name=\"twitter:card\" content=\"summary_large_image\" \/>\n<meta name=\"twitter:site\" content=\"@siemensplm\" \/>\n<meta name=\"twitter:label1\" content=\"Szacowany czas czytania\" \/>\n\t<meta name=\"twitter:data1\" content=\"2 minuty\" \/>\n<script type=\"application\/ld+json\" class=\"yoast-schema-graph\">{\"@context\":\"https:\/\/schema.org\",\"@graph\":[{\"@type\":\"Organization\",\"@id\":\"https:\/\/solidedge.siemens.com\/en\/#organization\",\"name\":\"Siemens Digital Industries Software\",\"url\":\"https:\/\/solidedge.siemens.com\/en\/\",\"sameAs\":[\"https:\/\/www.facebook.com\/solidedge\",\"https:\/\/www.instagram.com\/siemens\/\",\"https:\/\/www.linkedin.com\/company\/siemens-plm-software\",\"https:\/\/www.youtube.com\/user\/PolarionSoftware\",\"https:\/\/twitter.com\/siemensplm\"],\"logo\":{\"@type\":\"ImageObject\",\"@id\":\"https:\/\/solidedge.siemens.com\/en\/#logo\",\"inLanguage\":\"pl-PL\",\"url\":\"https:\/\/solidedge.siemens.com\/wp-content\/uploads\/2018\/04\/logo-siemens-ifl@2x.png\",\"contentUrl\":\"https:\/\/solidedge.siemens.com\/wp-content\/uploads\/2018\/04\/logo-siemens-ifl@2x.png\",\"width\":640,\"height\":270,\"caption\":\"Siemens Digital Industries Software\"},\"image\":{\"@id\":\"https:\/\/solidedge.siemens.com\/en\/#logo\"}},{\"@type\":\"WebSite\",\"@id\":\"https:\/\/solidedge.siemens.com\/en\/#website\",\"url\":\"https:\/\/solidedge.siemens.com\/en\/\",\"name\":\"Solid Edge\",\"description\":\"Siemens Software\",\"publisher\":{\"@id\":\"https:\/\/solidedge.siemens.com\/en\/#organization\"},\"potentialAction\":[{\"@type\":\"SearchAction\",\"target\":{\"@type\":\"EntryPoint\",\"urlTemplate\":\"https:\/\/solidedge.siemens.com\/en\/?s={search_term_string}\"},\"query-input\":\"required name=search_term_string\"}],\"inLanguage\":\"pl-PL\"},{\"@type\":\"WebPage\",\"@id\":\"https:\/\/solidedge.siemens.com\/pl\/solutions\/products\/3d-printing\/#webpage\",\"url\":\"https:\/\/solidedge.siemens.com\/pl\/solutions\/products\/3d-printing\/\",\"name\":\"Rozwi\u0105zania do drukowania 3D | Wytwarzanie addytywne | Solid Edge\",\"isPartOf\":{\"@id\":\"https:\/\/solidedge.siemens.com\/en\/#website\"},\"datePublished\":\"2018-03-30T18:43:09+00:00\",\"dateModified\":\"2022-12-16T17:37:52+00:00\",\"description\":\"Oprogramowanie Solid Edge zapewnia wszystkie funkcje niezb\u0119dne do obs\u0142ugi drukowania 3D, zar\u00f3wno w przypadku u\u017cywania w\u0142asnej drukarki 3D, jak i konieczno\u015bci skorzystania z us\u0142ug wytwarzania addytywnego.\",\"breadcrumb\":{\"@id\":\"https:\/\/solidedge.siemens.com\/pl\/solutions\/products\/3d-printing\/#breadcrumb\"},\"inLanguage\":\"pl-PL\",\"potentialAction\":[{\"@type\":\"ReadAction\",\"target\":[\"https:\/\/solidedge.siemens.com\/pl\/solutions\/products\/3d-printing\/\"]}]},{\"@type\":\"BreadcrumbList\",\"@id\":\"https:\/\/solidedge.siemens.com\/pl\/solutions\/products\/3d-printing\/#breadcrumb\",\"itemListElement\":[{\"@type\":\"ListItem\",\"position\":1,\"name\":\"Home\",\"item\":\"https:\/\/solidedge.siemens.com\/en\/home-10\/\"},{\"@type\":\"ListItem\",\"position\":2,\"name\":\"Rozwi\u0105zania\",\"item\":\"https:\/\/solidedge.siemens.com\/pl\/solutions\/\"},{\"@type\":\"ListItem\",\"position\":3,\"name\":\"Produkty\",\"item\":\"https:\/\/solidedge.siemens.com\/pl\/solutions\/products\/\"},{\"@type\":\"ListItem\",\"position\":4,\"name\":\"Drukowanie 3D\"}]}]}<\/script>\n<!-- \/ Yoast SEO plugin. -->","yoast_head_json":{"title":"Rozwi\u0105zania do drukowania 3D | Wytwarzanie addytywne | Solid Edge","description":"Oprogramowanie Solid Edge zapewnia wszystkie funkcje niezb\u0119dne do obs\u0142ugi drukowania 3D, zar\u00f3wno w przypadku u\u017cywania w\u0142asnej drukarki 3D, jak i konieczno\u015bci skorzystania z us\u0142ug wytwarzania addytywnego.","robots":{"index":"index","follow":"follow","max-snippet":"max-snippet:-1","max-image-preview":"max-image-preview:large","max-video-preview":"max-video-preview:-1"},"canonical":"https:\/\/solidedge.siemens.com\/pl\/solutions\/products\/3d-printing\/","og_locale":"pl_PL","og_type":"article","og_title":"Rozwi\u0105zania do drukowania 3D | Wytwarzanie addytywne | Solid Edge","og_description":"Oprogramowanie Solid Edge zapewnia wszystkie funkcje niezb\u0119dne do obs\u0142ugi drukowania 3D, zar\u00f3wno w przypadku u\u017cywania w\u0142asnej drukarki 3D, jak i konieczno\u015bci skorzystania z us\u0142ug wytwarzania addytywnego.","og_url":"https:\/\/solidedge.siemens.com\/pl\/solutions\/products\/3d-printing\/","og_site_name":"Solid Edge","article_publisher":"https:\/\/www.facebook.com\/solidedge","article_modified_time":"2022-12-16T17:37:52+00:00","twitter_card":"summary_large_image","twitter_site":"@siemensplm","twitter_misc":{"Szacowany czas czytania":"2 minuty"},"schema":{"@context":"https:\/\/schema.org","@graph":[{"@type":"Organization","@id":"https:\/\/solidedge.siemens.com\/en\/#organization","name":"Siemens Digital Industries Software","url":"https:\/\/solidedge.siemens.com\/en\/","sameAs":["https:\/\/www.facebook.com\/solidedge","https:\/\/www.instagram.com\/siemens\/","https:\/\/www.linkedin.com\/company\/siemens-plm-software","https:\/\/www.youtube.com\/user\/PolarionSoftware","https:\/\/twitter.com\/siemensplm"],"logo":{"@type":"ImageObject","@id":"https:\/\/solidedge.siemens.com\/en\/#logo","inLanguage":"pl-PL","url":"https:\/\/solidedge.siemens.com\/wp-content\/uploads\/2018\/04\/logo-siemens-ifl@2x.png","contentUrl":"https:\/\/solidedge.siemens.com\/wp-content\/uploads\/2018\/04\/logo-siemens-ifl@2x.png","width":640,"height":270,"caption":"Siemens Digital Industries Software"},"image":{"@id":"https:\/\/solidedge.siemens.com\/en\/#logo"}},{"@type":"WebSite","@id":"https:\/\/solidedge.siemens.com\/en\/#website","url":"https:\/\/solidedge.siemens.com\/en\/","name":"Solid Edge","description":"Siemens Software","publisher":{"@id":"https:\/\/solidedge.siemens.com\/en\/#organization"},"potentialAction":[{"@type":"SearchAction","target":{"@type":"EntryPoint","urlTemplate":"https:\/\/solidedge.siemens.com\/en\/?s={search_term_string}"},"query-input":"required name=search_term_string"}],"inLanguage":"pl-PL"},{"@type":"WebPage","@id":"https:\/\/solidedge.siemens.com\/pl\/solutions\/products\/3d-printing\/#webpage","url":"https:\/\/solidedge.siemens.com\/pl\/solutions\/products\/3d-printing\/","name":"Rozwi\u0105zania do drukowania 3D | Wytwarzanie addytywne | Solid Edge","isPartOf":{"@id":"https:\/\/solidedge.siemens.com\/en\/#website"},"datePublished":"2018-03-30T18:43:09+00:00","dateModified":"2022-12-16T17:37:52+00:00","description":"Oprogramowanie Solid Edge zapewnia wszystkie funkcje niezb\u0119dne do obs\u0142ugi drukowania 3D, zar\u00f3wno w przypadku u\u017cywania w\u0142asnej drukarki 3D, jak i konieczno\u015bci skorzystania z us\u0142ug wytwarzania addytywnego.","breadcrumb":{"@id":"https:\/\/solidedge.siemens.com\/pl\/solutions\/products\/3d-printing\/#breadcrumb"},"inLanguage":"pl-PL","potentialAction":[{"@type":"ReadAction","target":["https:\/\/solidedge.siemens.com\/pl\/solutions\/products\/3d-printing\/"]}]},{"@type":"BreadcrumbList","@id":"https:\/\/solidedge.siemens.com\/pl\/solutions\/products\/3d-printing\/#breadcrumb","itemListElement":[{"@type":"ListItem","position":1,"name":"Home","item":"https:\/\/solidedge.siemens.com\/en\/home-10\/"},{"@type":"ListItem","position":2,"name":"Rozwi\u0105zania","item":"https:\/\/solidedge.siemens.com\/pl\/solutions\/"},{"@type":"ListItem","position":3,"name":"Produkty","item":"https:\/\/solidedge.siemens.com\/pl\/solutions\/products\/"},{"@type":"ListItem","position":4,"name":"Drukowanie 3D"}]}]}},"_links":{"self":[{"href":"https:\/\/solidedge.siemens.com\/pl\/wp-json\/wp\/v2\/pages\/2682"}],"collection":[{"href":"https:\/\/solidedge.siemens.com\/pl\/wp-json\/wp\/v2\/pages"}],"about":[{"href":"https:\/\/solidedge.siemens.com\/pl\/wp-json\/wp\/v2\/types\/page"}],"author":[{"embeddable":true,"href":"https:\/\/solidedge.siemens.com\/pl\/wp-json\/wp\/v2\/users\/5"}],"replies":[{"embeddable":true,"href":"https:\/\/solidedge.siemens.com\/pl\/wp-json\/wp\/v2\/comments?post=2682"}],"version-history":[{"count":5,"href":"https:\/\/solidedge.siemens.com\/pl\/wp-json\/wp\/v2\/pages\/2682\/revisions"}],"predecessor-version":[{"id":65916,"href":"https:\/\/solidedge.siemens.com\/pl\/wp-json\/wp\/v2\/pages\/2682\/revisions\/65916"}],"up":[{"embeddable":true,"href":"https:\/\/solidedge.siemens.com\/pl\/wp-json\/wp\/v2\/pages\/2766"}],"wp:attachment":[{"href":"https:\/\/solidedge.siemens.com\/pl\/wp-json\/wp\/v2\/media?parent=2682"}],"curies":[{"name":"wp","href":"https:\/\/api.w.org\/{rel}","templated":true}]}}