{"id":2437,"date":"2018-03-30T14:57:55","date_gmt":"2018-03-30T18:57:55","guid":{"rendered":"https:\/\/solidedge.siemens.com\/cloud\/"},"modified":"2022-11-04T12:25:38","modified_gmt":"2022-11-04T16:25:38","slug":"cloud-ready-design","status":"publish","type":"page","link":"https:\/\/solidedge.siemens.com\/pl\/solutions\/initiatives\/cloud-ready-design\/","title":{"rendered":"Chmura"},"content":{"rendered":"<p>[vc_row full_width=&#8221;stretch_row&#8221; full_height=&#8221;yes&#8221; content_placement=&#8221;middle&#8221; css=&#8221;.vc_custom_1525018965155{background: #a6a6a6 url(https:\/\/solidedge.siemens.com\/wp-content\/uploads\/2018\/04\/Cloud.jpg?id=907) !important;background-position: center !important;background-repeat: no-repeat !important;background-size: cover !important;}&#8221; el_class=&#8221;vc-row-hero-banner&#8221;][vc_column][vc_column_text el_class=&#8221;.vc-el-callout&#8221;]<br \/>\n<!-- wpml:html_fragment\n\n--><\/p>\n<h1>Oprogramowanie Solid Edge umo\u017cliwia projektowanie w\u00a0chmurze \u2014 na Twoich warunkach<\/h1>\n<p>&nbsp;<\/p>\n<p>Solid Edge oferuje mo\u017cliwo\u015b\u0107 pracy w\u00a0chmurze, zapewniaj\u0105c \u0142atwy dost\u0119p do profesjonalnych narz\u0119dzi CAD 3D na r\u00f3\u017cnych urz\u0105dzeniach, natychmiastow\u0105 konfiguracj\u0119 \u015brodowiska CAD wed\u0142ug wymaga\u0144 u\u017cytkownika oraz mo\u017cliwo\u015b\u0107 szybkiego udost\u0119pniania danych cz\u0142onkom zespo\u0142u projektowego, a\u00a0tak\u017ce dostawcom i\u00a0klientom. Oprogramowanie Solid Edge z\u00a0mo\u017cliwo\u015bci\u0105 pracy w\u00a0chmurze ogranicza potrzeb\u0119 wsparcia ze strony dzia\u0142u IT. Dzi\u0119ki temu zamiast po\u015bwi\u0119ca\u0107 czas na codzienne prace konserwacyjne dotycz\u0105ce systemu pracownicy IT mog\u0105 skoncentrowa\u0107 si\u0119 na przedsi\u0119wzi\u0119ciach zwi\u0119kszaj\u0105cych produktywno\u015b\u0107.<\/p>\n<p>&nbsp;<\/p>\n<p><a class=\"action-button\" href=\"\/en\/try-now\/\"><i class=\"icon-ext\"><\/i>Wypr\u00f3buj bezp\u0142atn\u0105 wersj\u0119 pr\u00f3bn\u0105<\/a>[\/vc_column_text][\/vc_column][\/vc_row][vc_row el_class=&#8221;vc-row-accordion&#8221;][vc_column][vc_column_text el_class=&#8221;vc-el-lead-in&#8221;]Funkcje<!-- wpml:html_fragment\n\n--><\/p>\n<h2>\u0141atwy dost\u0119p z dowolnego urz\u0105dzenia<\/h2>\n<p>&nbsp;<\/p>\n<p>Oprogramowanie Solid Edge z\u00a0obs\u0142ug\u0105 w\u00a0chmurze jest instalowane i\u00a0uruchamiane na lokalnym urz\u0105dzeniu u\u017cytkownika, co zapewnia jego sta\u0142\u0105 wysok\u0105 wydajno\u015b\u0107 oraz niezawodno\u015b\u0107. Pliki s\u0105 r\u00f3wnie\u017c zapisywane lokalnie, co zwi\u0119ksza wydajno\u015b\u0107 pracy i\u00a0bezpiecze\u0144stwo danych. U\u017cytkownicy Solid Edge mog\u0105 pracowa\u0107 bez przeszk\u00f3d nawet wtedy, gdy utrac\u0105 po\u0142\u0105czenie z\u00a0Internetem. Jest to szczeg\u00f3lnie wa\u017cne w przypadku u\u017cytkownik\u00f3w oprogramowania CAD, kt\u00f3rzy du\u017co podr\u00f3\u017cuj\u0105 lub pracuj\u0105 u klienta, a tak\u017ce os\u00f3b, kt\u00f3re nie maj\u0105 stabilnego \u0142\u0105cza internetowego.[\/vc_column_text][vc_tta_accordion style=&#8221;flat&#8221; shape=&#8221;square&#8221; active_section=&#8221;0&#8243; no_fill=&#8221;true&#8221; collapsible_all=&#8221;true&#8221; el_class=&#8221;vc-el-accordion&#8221;][vc_tta_section title=&#8221;\u0141atwy dost\u0119p do \u015brodowiska CAD na dowolnym urz\u0105dzeniu&#8221; tab_id=&#8221;ui_easy_access_to_cad_from_any_device&#8221;][vc_row_inner][vc_column_inner width=&#8221;7\/12&#8243;][vc_column_text]<br \/>\n<!-- wpml:html_fragment\n\n--><\/p>\n<h2>\u0141atwy dost\u0119p do \u015brodowiska CAD na dowolnym urz\u0105dzeniu<\/h2>\n<p>&nbsp;<\/p>\n<p>Z\u00a0Solid Edge mo\u017cesz korzysta\u0107 dos\u0142ownie wsz\u0119dzie. Licencja CAD mo\u017ce by\u0107 przechowywana w\u00a0chmurze; wystarczy si\u0119 zalogowa\u0107, by pracowa\u0107 z\u00a0oprogramowaniem Solid Edge w\u00a0dowolnym miejscu. Dzi\u0119ki portalowi Solid Edge masz dost\u0119p do funkcji wy\u015bwietlania plik\u00f3w CAD online na dowolnym urz\u0105dzeniu: za po\u015brednictwem przegl\u0105darki internetowej mo\u017cesz wy\u015bwietla\u0107 pliki CAD na telefonie, tablecie, laptopie Chromebook, komputerze Mac, komputerze osobistym i\u00a0innych urz\u0105dzeniach. Dzi\u0119ki temu mo\u017cesz \u0142atwiej prze\u0142\u0105cza\u0107 si\u0119 mi\u0119dzy urz\u0105dzeniami, niezale\u017cnie od tego, czy pracujesz u klienta, czy te\u017c z domu.[\/vc_column_text][\/vc_column_inner][vc_column_inner width=&#8221;5\/12&#8243;][vc_single_image image=&#8221;908&#8243; img_size=&#8221;accordion-image&#8221; alignment=&#8221;center&#8221;][\/vc_column_inner][\/vc_row_inner][\/vc_tta_section][vc_tta_section title=&#8221;Spersonalizowane \u015brodowisko CAD w zasi\u0119gu r\u0119ki&#8221; tab_id=&#8221;ui_Personalized_CAD_Environment_At_Your_Fingertips&#8221;][vc_row_inner][vc_column_inner width=&#8221;7\/12&#8243;][vc_column_text]<br \/>\n<!-- wpml:html_fragment\n\n--><\/p>\n<h2>Spersonalizowane \u015brodowisko CAD w zasi\u0119gu r\u0119ki<\/h2>\n<p>&nbsp;<\/p>\n<p>Gdy prze\u0142\u0105czasz si\u0119 z jednego urz\u0105dzenia na drugie, np. ze stacji roboczej w Twoim biurze na tablet, kt\u00f3rego u\u017cywasz u klienta, mo\u017cesz nadal korzysta\u0107 ze swojego spersonalizowanego \u015brodowiska Solid Edge (w tym ze spersonalizowanych opcji menu, kolor\u00f3w, jednostek i standard\u00f3w rysunkowych) \u2014 wystarczy kilka klikni\u0119\u0107, by szybko doko\u0144czy\u0107 zadanie projektowe rozpocz\u0119te na innym urz\u0105dzeniu.[\/vc_column_text][\/vc_column_inner][vc_column_inner width=&#8221;5\/12&#8243;][vc_single_image image=&#8221;909&#8243; img_size=&#8221;accordion-image&#8221;][\/vc_column_inner][\/vc_row_inner][\/vc_tta_section][vc_tta_section title=&#8221;Aktualizacje oprogramowania dost\u0119pne na \u017c\u0105danie&#8221; tab_id=&#8221;ui_Software_Updates_Available_On_Demand&#8221;][vc_row_inner][vc_column_inner width=&#8221;7\/12&#8243;][vc_column_text]<br \/>\n<!-- wpml:html_fragment\n\n--><\/p>\n<h2>Aktualizacje oprogramowania dost\u0119pne na \u017c\u0105danie<\/h2>\n<p>&nbsp;<\/p>\n<p>Zamiast wyszukiwa\u0107, pobiera\u0107 i udost\u0119pnia\u0107 aktualizacje oprogramowania, mo\u017cesz zapewni\u0107 u\u017cytkownikom bezpo\u015bredni dost\u0119p do najnowszego pakietu serwisowego Solid Edge, kt\u00f3ry mo\u017cna zainstalowa\u0107 w dogodnym momencie.[\/vc_column_text][\/vc_column_inner][vc_column_inner width=&#8221;5\/12&#8243;][vc_single_image image=&#8221;910&#8243; img_size=&#8221;accordion-image&#8221;][\/vc_column_inner][\/vc_row_inner][\/vc_tta_section][vc_tta_section title=&#8221;\u0141atwe przechowywanie i wsp\u00f3\u0142dzielenie plik\u00f3w CAD&#8221; tab_id=&#8221;ui_Easily_Vault_and_Share_Your_CAD_Files&#8221;][vc_row_inner][vc_column_inner width=&#8221;7\/12&#8243;][vc_column_text]<br \/>\n<!-- wpml:html_fragment\n\n--><\/p>\n<h2>\u0141atwe przechowywanie i wsp\u00f3\u0142dzielenie plik\u00f3w CAD<\/h2>\n<p>&nbsp;<\/p>\n<p>U\u017cytkownicy Solid Edge mog\u0105 korzysta\u0107 z\u00a0popularnego oprogramowania do udost\u0119pniania danych w\u00a0chmurze, np. us\u0142ugi Dropbox, Microsoft One Drive, Google Drive czy Box, aby tworzy\u0107 kopie zapasowe plik\u00f3w CAD oraz udost\u0119pnia\u0107 je i\u00a0wsp\u00f3lnie nad nimi pracowa\u0107. Kompletny magazyn plik\u00f3w CAD mo\u017cna skopiowa\u0107 do dw\u00f3ch lub wi\u0119kszej liczby lokalizacji, aby zapewni\u0107 szybki dost\u0119p do potrzebnych danych. Mechanizm blokady plik\u00f3w zapobiega przypadkowemu nadpisaniu zmian wprowadzonych przez innego u\u017cytkownika. [\/vc_column_text][\/vc_column_inner][vc_column_inner width=&#8221;5\/12&#8243;][vc_single_image image=&#8221;911&#8243; img_size=&#8221;accordion-image&#8221;][\/vc_column_inner][\/vc_row_inner][\/vc_tta_section][\/vc_tta_accordion][\/vc_column][\/vc_row][vc_row full_width=&#8221;stretch_row&#8221; el_class=&#8221;vc-row-free-software&#8221; css=&#8221;.vc_custom_1523912493378{background-color: #006486 !important;}&#8221;][vc_column][vc_column_text el_class=&#8221;vc-el-lead-in&#8221;]BEZP\u0141ATNE oprogramowanie<!-- wpml:html_fragment\n\n--><\/p>\n<h2>Bezp\u0142atne oprogramowanie do projektowania i\u00a0wsp\u00f3\u0142pracy z\u00a0obs\u0142ug\u0105 w\u00a0chmurze<\/h2>\n<p>&nbsp;<\/p>\n<p>[\/vc_column_text][vc_row_inner equal_height=&#8221;yes&#8221;][vc_column_inner width=&#8221;1\/2&#8243; offset=&#8221;vc_col-md-offset-0 vc_col-md-6&#8243;]<div class=\"wpb_content_block wpb_content_element\"><div class=\"wpb_wrapper\"><div class=\"content_block\" id=\"custom_post_widget-418\"><p>[vc_row][vc_column][vc_column_text]<\/p>\n<h3>Wypr\u00f3buj oprogramowanie Solid Edge bez op\u0142at<\/h3>\n<p>Uzyskaj b\u0142yskawiczny dost\u0119p do bezp\u0142atnej wersji pr\u00f3bnej oprogramowania Solid Edge, aby wypr\u00f3bowa\u0107 jego funkcje.[\/vc_column_text][vc_column_text]<a class=\"action-button\" href=\"\/pl\/try-now\/\"><i class=\"icon-ext\"><\/i>Zacznij ju\u017c teraz<\/a>[\/vc_column_text][\/vc_column][\/vc_row]<\/p>\n<\/div><\/div><\/div>[\/vc_column_inner][\/vc_row_inner][\/vc_column][\/vc_row][vc_row full_width=&#8221;stretch_row&#8221; el_class=&#8221;vc-row-related-content&#8221; css=&#8221;.vc_custom_1524184785822{background-color: #347eb5 !important;}&#8221;][vc_column][vc_column_text]<br \/>\n<!-- wpml:html_fragment\n\n--><\/p>\n<h2>Powi\u0105zane tre\u015bci<\/h2>\n<p>&nbsp;<\/p>\n<p>[\/vc_column_text]<div id=\"ult-carousel-103672424869f4af06a8506\" class=\"ult-carousel-wrapper  vc-el-carousel-related-content ult_horizontal\" data-gutter=\"0\" data-rtl=\"false\" ><div class=\"ult-carousel-41656257869f4af06a84e6 \" >[vc_column_text]<a href=\"https:\/\/www.plm.automation.siemens.com\/store\/en-us\/solid-edge\/\">Kup oprogramowanie Solid Edge w\u00a0sklepie firmy Siemens Digital Industries Software<\/a>[\/vc_column_text][vc_column_text]<a href=\"https:\/\/community.plm.automation.siemens.com\/t5\/Solid-Edge-Knowledge-Base\/Cloud-Enabled-CAD-How-to-switch-your-Solid-Edge-license\/ta-p\/426336\">Uzupe\u0142nij swoj\u0105 licencj\u0119 na oprogramowanie Solid Edge o obs\u0142ug\u0119 w chmurze<\/a>[\/vc_column_text][vc_column_text]<a href=\"https:\/\/www.engineering.com\/PLMERP\/ArticleID\/12187\/PLM-This-Week-Solid-Edge-Introduces-Cloud-and-Data-Management-Autodesk-Revenues-Fall.aspx\">Relacja w mediach:<br \/>\n<br class=\"xliff-newline\" \/>Solid Edge wprowadza obs\u0142ug\u0119 w chmurze<\/a>[\/vc_column_text]<\/div><\/div>\t\t\t<script type=\"text\/javascript\">\r\n\t\t\t\tjQuery(document).ready(function ($) {\r\n\t\t\t\t\tif( typeof jQuery('.ult-carousel-41656257869f4af06a84e6').slick == \"function\"){\r\n\t\t\t\t\t\t$('.ult-carousel-41656257869f4af06a84e6').slick({dots: true,autoplaySpeed: 5000,speed: 500,infinite: false,arrows: true,nextArrow: '<button type=\"button\" role=\"button\" aria-label=\"Next\" style=\"color:#ffffff; font-size:30px;background:rgba(255,255,255,0.2);\" class=\"slick-next square-bg\"><i class=\"ultsl-arrow-right6\"><\/i><\/button>',prevArrow: '<button type=\"button\" role=\"button\" aria-label=\"Previous\" style=\"color:#ffffff; font-size:30px;background:rgba(255,255,255,0.2);\" class=\"slick-prev square-bg\"><i class=\"ultsl-arrow-left6\"><\/i><\/button>',slidesToScroll:4,slidesToShow:4,swipe: true,draggable: true,touchMove: true,pauseOnHover: true,pauseOnFocus: false,responsive: [\r\n\t\t\t\t\t\t\t{\r\n\t\t\t\t\t\t\t  breakpoint: 1026,\r\n\t\t\t\t\t\t\t  settings: {\r\n\t\t\t\t\t\t\t\tslidesToShow: 4,\r\n\t\t\t\t\t\t\t\tslidesToScroll: 4,  \r\n\t\t\t\t\t\t\t  }\r\n\t\t\t\t\t\t\t},\r\n\t\t\t\t\t\t\t{\r\n\t\t\t\t\t\t\t  breakpoint: 1025,\r\n\t\t\t\t\t\t\t  settings: {\r\n\t\t\t\t\t\t\t\tslidesToShow: 2,\r\n\t\t\t\t\t\t\t\tslidesToScroll: 2\r\n\t\t\t\t\t\t\t  }\r\n\t\t\t\t\t\t\t},\r\n\t\t\t\t\t\t\t{\r\n\t\t\t\t\t\t\t  breakpoint: 760,\r\n\t\t\t\t\t\t\t  settings: {\r\n\t\t\t\t\t\t\t\tslidesToShow: 1,\r\n\t\t\t\t\t\t\t\tslidesToScroll: 1\r\n\t\t\t\t\t\t\t  }\r\n\t\t\t\t\t\t\t}\r\n\t\t\t\t\t\t],pauseOnDotsHover: true,customPaging: function(slider, i) {\r\n                   return '<i type=\"button\" style= \"color:#ffffff;\" class=\"ultsl-record\" data-role=\"none\"><\/i>';\r\n                },});\r\n\t\t\t\t\t}\r\n\t\t\t\t});\r\n\t\t\t<\/script>\r\n\t\t\t[\/vc_column][\/vc_row][vc_row full_width=&#8221;stretch_row&#8221; el_class=&#8221;footer-contact&#8221; css=&#8221;.vc_custom_1550170708528{background-color: #dedee3 !important;}&#8221;][vc_column]<div class=\"wpb_content_block wpb_content_element\"><div class=\"wpb_wrapper\"><\/div><\/div>[\/vc_column][\/vc_row][vc_row][vc_column][\/vc_column][\/vc_row]<\/p>\n","protected":false},"excerpt":{"rendered":"<p> Oprogramowanie Solid Edge umo\u017cliwia projektowanie w\u00a0chmurze \u2014 na Twoich warunkach &nbsp; Solid Edge oferuje mo\u017cliwo\u015b\u0107 pracy w\u00a0chmurze, zapewniaj\u0105c \u0142atwy dost\u0119p do profesjonalnych narz\u0119dzi CAD 3D na r\u00f3\u017cnych urz\u0105dzeniach, natychmiastow\u0105 konfiguracj\u0119 \u015brodowiska CAD wed\u0142ug wymaga\u0144 u\u017cytkownika oraz mo\u017cliwo\u015b\u0107 szybkiego udost\u0119pniania [&hellip;]<\/p>\n","protected":false},"author":5,"featured_media":0,"parent":2756,"menu_order":100,"comment_status":"closed","ping_status":"closed","template":"","meta":{"inline_featured_image":false},"yoast_head":"<!-- This site is optimized with the Yoast SEO plugin v18.4.1 - https:\/\/yoast.com\/wordpress\/plugins\/seo\/ -->\n<title>Chmura | CAD, wsp\u00f3\u0142praca i udost\u0119pnianie | Solid Edge<\/title>\n<meta name=\"description\" content=\"Oprogramowanie Solid Edge umo\u017cliwia dost\u0119p do systemu CAD w chmurze: z\u00a0wielu r\u00f3\u017cnych urz\u0105dze\u0144, z\u00a0b\u0142yskawiczn\u0105 konfiguracj\u0105 oraz mo\u017cliwo\u015bci\u0105 szybkiego udost\u0119pniania danych.\" \/>\n<meta name=\"robots\" content=\"index, follow, max-snippet:-1, max-image-preview:large, max-video-preview:-1\" \/>\n<link rel=\"canonical\" href=\"https:\/\/solidedge.siemens.com\/pl\/solutions\/initiatives\/cloud-ready-design\/\" \/>\n<meta property=\"og:locale\" content=\"pl_PL\" \/>\n<meta property=\"og:type\" content=\"article\" \/>\n<meta property=\"og:title\" content=\"Chmura | CAD, wsp\u00f3\u0142praca i udost\u0119pnianie | Solid Edge\" \/>\n<meta property=\"og:description\" content=\"Oprogramowanie Solid Edge umo\u017cliwia dost\u0119p do systemu CAD w chmurze: z\u00a0wielu r\u00f3\u017cnych urz\u0105dze\u0144, z\u00a0b\u0142yskawiczn\u0105 konfiguracj\u0105 oraz mo\u017cliwo\u015bci\u0105 szybkiego udost\u0119pniania danych.\" \/>\n<meta property=\"og:url\" content=\"https:\/\/solidedge.siemens.com\/pl\/solutions\/initiatives\/cloud-ready-design\/\" \/>\n<meta property=\"og:site_name\" content=\"Solid Edge\" \/>\n<meta property=\"article:publisher\" content=\"https:\/\/www.facebook.com\/solidedge\" \/>\n<meta property=\"article:modified_time\" content=\"2022-11-04T16:25:38+00:00\" \/>\n<meta name=\"twitter:card\" content=\"summary_large_image\" \/>\n<meta name=\"twitter:site\" content=\"@siemensplm\" \/>\n<meta name=\"twitter:label1\" content=\"Szacowany czas czytania\" \/>\n\t<meta name=\"twitter:data1\" content=\"5 minut\" \/>\n<script type=\"application\/ld+json\" class=\"yoast-schema-graph\">{\"@context\":\"https:\/\/schema.org\",\"@graph\":[{\"@type\":\"Organization\",\"@id\":\"https:\/\/solidedge.siemens.com\/en\/#organization\",\"name\":\"Siemens Digital Industries Software\",\"url\":\"https:\/\/solidedge.siemens.com\/en\/\",\"sameAs\":[\"https:\/\/www.facebook.com\/solidedge\",\"https:\/\/www.instagram.com\/siemens\/\",\"https:\/\/www.linkedin.com\/company\/siemens-plm-software\",\"https:\/\/www.youtube.com\/user\/PolarionSoftware\",\"https:\/\/twitter.com\/siemensplm\"],\"logo\":{\"@type\":\"ImageObject\",\"@id\":\"https:\/\/solidedge.siemens.com\/en\/#logo\",\"inLanguage\":\"pl-PL\",\"url\":\"https:\/\/solidedge.siemens.com\/wp-content\/uploads\/2018\/04\/logo-siemens-ifl@2x.png\",\"contentUrl\":\"https:\/\/solidedge.siemens.com\/wp-content\/uploads\/2018\/04\/logo-siemens-ifl@2x.png\",\"width\":640,\"height\":270,\"caption\":\"Siemens Digital Industries Software\"},\"image\":{\"@id\":\"https:\/\/solidedge.siemens.com\/en\/#logo\"}},{\"@type\":\"WebSite\",\"@id\":\"https:\/\/solidedge.siemens.com\/en\/#website\",\"url\":\"https:\/\/solidedge.siemens.com\/en\/\",\"name\":\"Solid Edge\",\"description\":\"Siemens Software\",\"publisher\":{\"@id\":\"https:\/\/solidedge.siemens.com\/en\/#organization\"},\"potentialAction\":[{\"@type\":\"SearchAction\",\"target\":{\"@type\":\"EntryPoint\",\"urlTemplate\":\"https:\/\/solidedge.siemens.com\/en\/?s={search_term_string}\"},\"query-input\":\"required name=search_term_string\"}],\"inLanguage\":\"pl-PL\"},{\"@type\":\"WebPage\",\"@id\":\"https:\/\/solidedge.siemens.com\/pl\/solutions\/initiatives\/cloud-ready-design\/#webpage\",\"url\":\"https:\/\/solidedge.siemens.com\/pl\/solutions\/initiatives\/cloud-ready-design\/\",\"name\":\"Chmura | CAD, wsp\u00f3\u0142praca i udost\u0119pnianie | Solid Edge\",\"isPartOf\":{\"@id\":\"https:\/\/solidedge.siemens.com\/en\/#website\"},\"datePublished\":\"2018-03-30T18:57:55+00:00\",\"dateModified\":\"2022-11-04T16:25:38+00:00\",\"description\":\"Oprogramowanie Solid Edge umo\u017cliwia dost\u0119p do systemu CAD w chmurze: z\u00a0wielu r\u00f3\u017cnych urz\u0105dze\u0144, z\u00a0b\u0142yskawiczn\u0105 konfiguracj\u0105 oraz mo\u017cliwo\u015bci\u0105 szybkiego udost\u0119pniania danych.\",\"breadcrumb\":{\"@id\":\"https:\/\/solidedge.siemens.com\/pl\/solutions\/initiatives\/cloud-ready-design\/#breadcrumb\"},\"inLanguage\":\"pl-PL\",\"potentialAction\":[{\"@type\":\"ReadAction\",\"target\":[\"https:\/\/solidedge.siemens.com\/pl\/solutions\/initiatives\/cloud-ready-design\/\"]}]},{\"@type\":\"BreadcrumbList\",\"@id\":\"https:\/\/solidedge.siemens.com\/pl\/solutions\/initiatives\/cloud-ready-design\/#breadcrumb\",\"itemListElement\":[{\"@type\":\"ListItem\",\"position\":1,\"name\":\"Home\",\"item\":\"https:\/\/solidedge.siemens.com\/en\/home-10\/\"},{\"@type\":\"ListItem\",\"position\":2,\"name\":\"Rozwi\u0105zania\",\"item\":\"https:\/\/solidedge.siemens.com\/pl\/solutions\/\"},{\"@type\":\"ListItem\",\"position\":3,\"name\":\"Inicjatywy\",\"item\":\"https:\/\/solidedge.siemens.com\/pl\/solutions\/initiatives\/\"},{\"@type\":\"ListItem\",\"position\":4,\"name\":\"Chmura\"}]}]}<\/script>\n<!-- \/ Yoast SEO plugin. -->","yoast_head_json":{"title":"Chmura | CAD, wsp\u00f3\u0142praca i udost\u0119pnianie | Solid Edge","description":"Oprogramowanie Solid Edge umo\u017cliwia dost\u0119p do systemu CAD w chmurze: z\u00a0wielu r\u00f3\u017cnych urz\u0105dze\u0144, z\u00a0b\u0142yskawiczn\u0105 konfiguracj\u0105 oraz mo\u017cliwo\u015bci\u0105 szybkiego udost\u0119pniania danych.","robots":{"index":"index","follow":"follow","max-snippet":"max-snippet:-1","max-image-preview":"max-image-preview:large","max-video-preview":"max-video-preview:-1"},"canonical":"https:\/\/solidedge.siemens.com\/pl\/solutions\/initiatives\/cloud-ready-design\/","og_locale":"pl_PL","og_type":"article","og_title":"Chmura | CAD, wsp\u00f3\u0142praca i udost\u0119pnianie | Solid Edge","og_description":"Oprogramowanie Solid Edge umo\u017cliwia dost\u0119p do systemu CAD w chmurze: z\u00a0wielu r\u00f3\u017cnych urz\u0105dze\u0144, z\u00a0b\u0142yskawiczn\u0105 konfiguracj\u0105 oraz mo\u017cliwo\u015bci\u0105 szybkiego udost\u0119pniania danych.","og_url":"https:\/\/solidedge.siemens.com\/pl\/solutions\/initiatives\/cloud-ready-design\/","og_site_name":"Solid Edge","article_publisher":"https:\/\/www.facebook.com\/solidedge","article_modified_time":"2022-11-04T16:25:38+00:00","twitter_card":"summary_large_image","twitter_site":"@siemensplm","twitter_misc":{"Szacowany czas czytania":"5 minut"},"schema":{"@context":"https:\/\/schema.org","@graph":[{"@type":"Organization","@id":"https:\/\/solidedge.siemens.com\/en\/#organization","name":"Siemens Digital Industries Software","url":"https:\/\/solidedge.siemens.com\/en\/","sameAs":["https:\/\/www.facebook.com\/solidedge","https:\/\/www.instagram.com\/siemens\/","https:\/\/www.linkedin.com\/company\/siemens-plm-software","https:\/\/www.youtube.com\/user\/PolarionSoftware","https:\/\/twitter.com\/siemensplm"],"logo":{"@type":"ImageObject","@id":"https:\/\/solidedge.siemens.com\/en\/#logo","inLanguage":"pl-PL","url":"https:\/\/solidedge.siemens.com\/wp-content\/uploads\/2018\/04\/logo-siemens-ifl@2x.png","contentUrl":"https:\/\/solidedge.siemens.com\/wp-content\/uploads\/2018\/04\/logo-siemens-ifl@2x.png","width":640,"height":270,"caption":"Siemens Digital Industries Software"},"image":{"@id":"https:\/\/solidedge.siemens.com\/en\/#logo"}},{"@type":"WebSite","@id":"https:\/\/solidedge.siemens.com\/en\/#website","url":"https:\/\/solidedge.siemens.com\/en\/","name":"Solid Edge","description":"Siemens Software","publisher":{"@id":"https:\/\/solidedge.siemens.com\/en\/#organization"},"potentialAction":[{"@type":"SearchAction","target":{"@type":"EntryPoint","urlTemplate":"https:\/\/solidedge.siemens.com\/en\/?s={search_term_string}"},"query-input":"required name=search_term_string"}],"inLanguage":"pl-PL"},{"@type":"WebPage","@id":"https:\/\/solidedge.siemens.com\/pl\/solutions\/initiatives\/cloud-ready-design\/#webpage","url":"https:\/\/solidedge.siemens.com\/pl\/solutions\/initiatives\/cloud-ready-design\/","name":"Chmura | CAD, wsp\u00f3\u0142praca i udost\u0119pnianie | Solid Edge","isPartOf":{"@id":"https:\/\/solidedge.siemens.com\/en\/#website"},"datePublished":"2018-03-30T18:57:55+00:00","dateModified":"2022-11-04T16:25:38+00:00","description":"Oprogramowanie Solid Edge umo\u017cliwia dost\u0119p do systemu CAD w chmurze: z\u00a0wielu r\u00f3\u017cnych urz\u0105dze\u0144, z\u00a0b\u0142yskawiczn\u0105 konfiguracj\u0105 oraz mo\u017cliwo\u015bci\u0105 szybkiego udost\u0119pniania danych.","breadcrumb":{"@id":"https:\/\/solidedge.siemens.com\/pl\/solutions\/initiatives\/cloud-ready-design\/#breadcrumb"},"inLanguage":"pl-PL","potentialAction":[{"@type":"ReadAction","target":["https:\/\/solidedge.siemens.com\/pl\/solutions\/initiatives\/cloud-ready-design\/"]}]},{"@type":"BreadcrumbList","@id":"https:\/\/solidedge.siemens.com\/pl\/solutions\/initiatives\/cloud-ready-design\/#breadcrumb","itemListElement":[{"@type":"ListItem","position":1,"name":"Home","item":"https:\/\/solidedge.siemens.com\/en\/home-10\/"},{"@type":"ListItem","position":2,"name":"Rozwi\u0105zania","item":"https:\/\/solidedge.siemens.com\/pl\/solutions\/"},{"@type":"ListItem","position":3,"name":"Inicjatywy","item":"https:\/\/solidedge.siemens.com\/pl\/solutions\/initiatives\/"},{"@type":"ListItem","position":4,"name":"Chmura"}]}]}},"_links":{"self":[{"href":"https:\/\/solidedge.siemens.com\/pl\/wp-json\/wp\/v2\/pages\/2437"}],"collection":[{"href":"https:\/\/solidedge.siemens.com\/pl\/wp-json\/wp\/v2\/pages"}],"about":[{"href":"https:\/\/solidedge.siemens.com\/pl\/wp-json\/wp\/v2\/types\/page"}],"author":[{"embeddable":true,"href":"https:\/\/solidedge.siemens.com\/pl\/wp-json\/wp\/v2\/users\/5"}],"replies":[{"embeddable":true,"href":"https:\/\/solidedge.siemens.com\/pl\/wp-json\/wp\/v2\/comments?post=2437"}],"version-history":[{"count":8,"href":"https:\/\/solidedge.siemens.com\/pl\/wp-json\/wp\/v2\/pages\/2437\/revisions"}],"predecessor-version":[{"id":64943,"href":"https:\/\/solidedge.siemens.com\/pl\/wp-json\/wp\/v2\/pages\/2437\/revisions\/64943"}],"up":[{"embeddable":true,"href":"https:\/\/solidedge.siemens.com\/pl\/wp-json\/wp\/v2\/pages\/2756"}],"wp:attachment":[{"href":"https:\/\/solidedge.siemens.com\/pl\/wp-json\/wp\/v2\/media?parent=2437"}],"curies":[{"name":"wp","href":"https:\/\/api.w.org\/{rel}","templated":true}]}}