{"id":2194,"date":"2018-03-30T15:38:33","date_gmt":"2018-03-30T19:38:33","guid":{"rendered":"https:\/\/solidedge.siemens.com\/on-demand-webinars\/"},"modified":"2021-05-19T14:32:31","modified_gmt":"2021-05-19T18:32:31","slug":"on-demand-webinars","status":"publish","type":"page","link":"https:\/\/solidedge.siemens.com\/pl\/resources\/on-demand-webinars\/","title":{"rendered":"Webinary na \u017cyczenie"},"content":{"rendered":"<p>[vc_row el_class=&#8221;vc-row-page-text-intro&#8221;][vc_column][vc_column_text]<\/p>\n<h1>Webinary na \u017cyczenie<\/h1>\n<p>[\/vc_column_text][vc_column_text]<!- Nie znaleziono widoku ->[\/vc_column_text][\/vc_column][\/vc_row][vc_row full_width=&#8221;stretch_row&#8221; el_class=&#8221;footer-contact&#8221; css=&#8221;.vc_custom_1550170708528{background-color: #dedee3 !important;}&#8221;][vc_column]<div class=\"wpb_content_block wpb_content_element\"><div class=\"wpb_wrapper\"><\/div><\/div>[\/vc_column][\/vc_row]<\/p>\n","protected":false},"excerpt":{"rendered":"<p> Webinary na \u017cyczenie [\/vc_column_text][\/vc_column_text][\/vc_column][\/vc_row][\/vc_column][\/vc_row]<\/p>\n","protected":false},"author":5,"featured_media":0,"parent":2813,"menu_order":3,"comment_status":"closed","ping_status":"closed","template":"","meta":{"inline_featured_image":false},"yoast_head":"<!-- This site is optimized with the Yoast SEO plugin v18.4.1 - https:\/\/yoast.com\/wordpress\/plugins\/seo\/ -->\n<title>Webinary na \u017cyczenie | Zasoby | Solid Edge<\/title>\n<meta name=\"description\" content=\"Webinary na \u017cyczenie: zapoznaj si\u0119 z najlepszymi praktykami, wskaz\u00f3wkami i podpowiedziami oraz uzyskaj dost\u0119p do najnowszych szkole\u0144 dotycz\u0105cych oprogramowania Solid Edge, w tym projektowania 3D, symulacji, wytwarzania, drukowania 3D, publikacji technicznych, zarz\u0105dzania danymi i innych temat\u00f3w.\" \/>\n<meta name=\"robots\" content=\"index, follow, max-snippet:-1, max-image-preview:large, max-video-preview:-1\" \/>\n<link rel=\"canonical\" href=\"https:\/\/solidedge.siemens.com\/pl\/resources\/on-demand-webinars\/\" \/>\n<meta property=\"og:locale\" content=\"pl_PL\" \/>\n<meta property=\"og:type\" content=\"article\" \/>\n<meta property=\"og:title\" content=\"Webinary na \u017cyczenie | Zasoby | Solid Edge\" \/>\n<meta property=\"og:description\" content=\"Webinary na \u017cyczenie: zapoznaj si\u0119 z najlepszymi praktykami, wskaz\u00f3wkami i podpowiedziami oraz uzyskaj dost\u0119p do najnowszych szkole\u0144 dotycz\u0105cych oprogramowania Solid Edge, w tym projektowania 3D, symulacji, wytwarzania, drukowania 3D, publikacji technicznych, zarz\u0105dzania danymi i innych temat\u00f3w.\" \/>\n<meta property=\"og:url\" content=\"https:\/\/solidedge.siemens.com\/pl\/resources\/on-demand-webinars\/\" \/>\n<meta property=\"og:site_name\" content=\"Solid Edge\" \/>\n<meta property=\"article:publisher\" content=\"https:\/\/www.facebook.com\/solidedge\" \/>\n<meta property=\"article:modified_time\" content=\"2021-05-19T18:32:31+00:00\" \/>\n<meta name=\"twitter:card\" content=\"summary_large_image\" \/>\n<meta name=\"twitter:site\" content=\"@siemensplm\" \/>\n<script type=\"application\/ld+json\" class=\"yoast-schema-graph\">{\"@context\":\"https:\/\/schema.org\",\"@graph\":[{\"@type\":\"Organization\",\"@id\":\"https:\/\/solidedge.siemens.com\/en\/#organization\",\"name\":\"Siemens Digital Industries Software\",\"url\":\"https:\/\/solidedge.siemens.com\/en\/\",\"sameAs\":[\"https:\/\/www.facebook.com\/solidedge\",\"https:\/\/www.instagram.com\/siemens\/\",\"https:\/\/www.linkedin.com\/company\/siemens-plm-software\",\"https:\/\/www.youtube.com\/user\/PolarionSoftware\",\"https:\/\/twitter.com\/siemensplm\"],\"logo\":{\"@type\":\"ImageObject\",\"@id\":\"https:\/\/solidedge.siemens.com\/en\/#logo\",\"inLanguage\":\"pl-PL\",\"url\":\"https:\/\/solidedge.siemens.com\/wp-content\/uploads\/2018\/04\/logo-siemens-ifl@2x.png\",\"contentUrl\":\"https:\/\/solidedge.siemens.com\/wp-content\/uploads\/2018\/04\/logo-siemens-ifl@2x.png\",\"width\":640,\"height\":270,\"caption\":\"Siemens Digital Industries Software\"},\"image\":{\"@id\":\"https:\/\/solidedge.siemens.com\/en\/#logo\"}},{\"@type\":\"WebSite\",\"@id\":\"https:\/\/solidedge.siemens.com\/en\/#website\",\"url\":\"https:\/\/solidedge.siemens.com\/en\/\",\"name\":\"Solid Edge\",\"description\":\"Siemens Software\",\"publisher\":{\"@id\":\"https:\/\/solidedge.siemens.com\/en\/#organization\"},\"potentialAction\":[{\"@type\":\"SearchAction\",\"target\":{\"@type\":\"EntryPoint\",\"urlTemplate\":\"https:\/\/solidedge.siemens.com\/en\/?s={search_term_string}\"},\"query-input\":\"required name=search_term_string\"}],\"inLanguage\":\"pl-PL\"},{\"@type\":\"WebPage\",\"@id\":\"https:\/\/solidedge.siemens.com\/pl\/resources\/on-demand-webinars\/#webpage\",\"url\":\"https:\/\/solidedge.siemens.com\/pl\/resources\/on-demand-webinars\/\",\"name\":\"Webinary na \u017cyczenie | Zasoby | Solid Edge\",\"isPartOf\":{\"@id\":\"https:\/\/solidedge.siemens.com\/en\/#website\"},\"datePublished\":\"2018-03-30T19:38:33+00:00\",\"dateModified\":\"2021-05-19T18:32:31+00:00\",\"description\":\"Webinary na \u017cyczenie: zapoznaj si\u0119 z najlepszymi praktykami, wskaz\u00f3wkami i podpowiedziami oraz uzyskaj dost\u0119p do najnowszych szkole\u0144 dotycz\u0105cych oprogramowania Solid Edge, w tym projektowania 3D, symulacji, wytwarzania, drukowania 3D, publikacji technicznych, zarz\u0105dzania danymi i innych temat\u00f3w.\",\"breadcrumb\":{\"@id\":\"https:\/\/solidedge.siemens.com\/pl\/resources\/on-demand-webinars\/#breadcrumb\"},\"inLanguage\":\"pl-PL\",\"potentialAction\":[{\"@type\":\"ReadAction\",\"target\":[\"https:\/\/solidedge.siemens.com\/pl\/resources\/on-demand-webinars\/\"]}]},{\"@type\":\"BreadcrumbList\",\"@id\":\"https:\/\/solidedge.siemens.com\/pl\/resources\/on-demand-webinars\/#breadcrumb\",\"itemListElement\":[{\"@type\":\"ListItem\",\"position\":1,\"name\":\"Home\",\"item\":\"https:\/\/solidedge.siemens.com\/en\/home-10\/\"},{\"@type\":\"ListItem\",\"position\":2,\"name\":\"Zasoby\",\"item\":\"https:\/\/solidedge.siemens.com\/pl\/resources\/\"},{\"@type\":\"ListItem\",\"position\":3,\"name\":\"Webinary na \u017cyczenie\"}]}]}<\/script>\n<!-- \/ Yoast SEO plugin. -->","yoast_head_json":{"title":"Webinary na \u017cyczenie | Zasoby | Solid Edge","description":"Webinary na \u017cyczenie: zapoznaj si\u0119 z najlepszymi praktykami, wskaz\u00f3wkami i podpowiedziami oraz uzyskaj dost\u0119p do najnowszych szkole\u0144 dotycz\u0105cych oprogramowania Solid Edge, w tym projektowania 3D, symulacji, wytwarzania, drukowania 3D, publikacji technicznych, zarz\u0105dzania danymi i innych temat\u00f3w.","robots":{"index":"index","follow":"follow","max-snippet":"max-snippet:-1","max-image-preview":"max-image-preview:large","max-video-preview":"max-video-preview:-1"},"canonical":"https:\/\/solidedge.siemens.com\/pl\/resources\/on-demand-webinars\/","og_locale":"pl_PL","og_type":"article","og_title":"Webinary na \u017cyczenie | Zasoby | Solid Edge","og_description":"Webinary na \u017cyczenie: zapoznaj si\u0119 z najlepszymi praktykami, wskaz\u00f3wkami i podpowiedziami oraz uzyskaj dost\u0119p do najnowszych szkole\u0144 dotycz\u0105cych oprogramowania Solid Edge, w tym projektowania 3D, symulacji, wytwarzania, drukowania 3D, publikacji technicznych, zarz\u0105dzania danymi i innych temat\u00f3w.","og_url":"https:\/\/solidedge.siemens.com\/pl\/resources\/on-demand-webinars\/","og_site_name":"Solid Edge","article_publisher":"https:\/\/www.facebook.com\/solidedge","article_modified_time":"2021-05-19T18:32:31+00:00","twitter_card":"summary_large_image","twitter_site":"@siemensplm","schema":{"@context":"https:\/\/schema.org","@graph":[{"@type":"Organization","@id":"https:\/\/solidedge.siemens.com\/en\/#organization","name":"Siemens Digital Industries Software","url":"https:\/\/solidedge.siemens.com\/en\/","sameAs":["https:\/\/www.facebook.com\/solidedge","https:\/\/www.instagram.com\/siemens\/","https:\/\/www.linkedin.com\/company\/siemens-plm-software","https:\/\/www.youtube.com\/user\/PolarionSoftware","https:\/\/twitter.com\/siemensplm"],"logo":{"@type":"ImageObject","@id":"https:\/\/solidedge.siemens.com\/en\/#logo","inLanguage":"pl-PL","url":"https:\/\/solidedge.siemens.com\/wp-content\/uploads\/2018\/04\/logo-siemens-ifl@2x.png","contentUrl":"https:\/\/solidedge.siemens.com\/wp-content\/uploads\/2018\/04\/logo-siemens-ifl@2x.png","width":640,"height":270,"caption":"Siemens Digital Industries Software"},"image":{"@id":"https:\/\/solidedge.siemens.com\/en\/#logo"}},{"@type":"WebSite","@id":"https:\/\/solidedge.siemens.com\/en\/#website","url":"https:\/\/solidedge.siemens.com\/en\/","name":"Solid Edge","description":"Siemens Software","publisher":{"@id":"https:\/\/solidedge.siemens.com\/en\/#organization"},"potentialAction":[{"@type":"SearchAction","target":{"@type":"EntryPoint","urlTemplate":"https:\/\/solidedge.siemens.com\/en\/?s={search_term_string}"},"query-input":"required name=search_term_string"}],"inLanguage":"pl-PL"},{"@type":"WebPage","@id":"https:\/\/solidedge.siemens.com\/pl\/resources\/on-demand-webinars\/#webpage","url":"https:\/\/solidedge.siemens.com\/pl\/resources\/on-demand-webinars\/","name":"Webinary na \u017cyczenie | Zasoby | Solid Edge","isPartOf":{"@id":"https:\/\/solidedge.siemens.com\/en\/#website"},"datePublished":"2018-03-30T19:38:33+00:00","dateModified":"2021-05-19T18:32:31+00:00","description":"Webinary na \u017cyczenie: zapoznaj si\u0119 z najlepszymi praktykami, wskaz\u00f3wkami i podpowiedziami oraz uzyskaj dost\u0119p do najnowszych szkole\u0144 dotycz\u0105cych oprogramowania Solid Edge, w tym projektowania 3D, symulacji, wytwarzania, drukowania 3D, publikacji technicznych, zarz\u0105dzania danymi i innych temat\u00f3w.","breadcrumb":{"@id":"https:\/\/solidedge.siemens.com\/pl\/resources\/on-demand-webinars\/#breadcrumb"},"inLanguage":"pl-PL","potentialAction":[{"@type":"ReadAction","target":["https:\/\/solidedge.siemens.com\/pl\/resources\/on-demand-webinars\/"]}]},{"@type":"BreadcrumbList","@id":"https:\/\/solidedge.siemens.com\/pl\/resources\/on-demand-webinars\/#breadcrumb","itemListElement":[{"@type":"ListItem","position":1,"name":"Home","item":"https:\/\/solidedge.siemens.com\/en\/home-10\/"},{"@type":"ListItem","position":2,"name":"Zasoby","item":"https:\/\/solidedge.siemens.com\/pl\/resources\/"},{"@type":"ListItem","position":3,"name":"Webinary na \u017cyczenie"}]}]}},"_links":{"self":[{"href":"https:\/\/solidedge.siemens.com\/pl\/wp-json\/wp\/v2\/pages\/2194"}],"collection":[{"href":"https:\/\/solidedge.siemens.com\/pl\/wp-json\/wp\/v2\/pages"}],"about":[{"href":"https:\/\/solidedge.siemens.com\/pl\/wp-json\/wp\/v2\/types\/page"}],"author":[{"embeddable":true,"href":"https:\/\/solidedge.siemens.com\/pl\/wp-json\/wp\/v2\/users\/5"}],"replies":[{"embeddable":true,"href":"https:\/\/solidedge.siemens.com\/pl\/wp-json\/wp\/v2\/comments?post=2194"}],"version-history":[{"count":4,"href":"https:\/\/solidedge.siemens.com\/pl\/wp-json\/wp\/v2\/pages\/2194\/revisions"}],"predecessor-version":[{"id":41215,"href":"https:\/\/solidedge.siemens.com\/pl\/wp-json\/wp\/v2\/pages\/2194\/revisions\/41215"}],"up":[{"embeddable":true,"href":"https:\/\/solidedge.siemens.com\/pl\/wp-json\/wp\/v2\/pages\/2813"}],"wp:attachment":[{"href":"https:\/\/solidedge.siemens.com\/pl\/wp-json\/wp\/v2\/media?parent=2194"}],"curies":[{"name":"wp","href":"https:\/\/api.w.org\/{rel}","templated":true}]}}