{"id":2151,"date":"2018-03-30T15:41:59","date_gmt":"2018-03-30T19:41:59","guid":{"rendered":"https:\/\/solidedge.siemens.com\/system-requirements\/"},"modified":"2021-12-01T06:55:36","modified_gmt":"2021-12-01T11:55:36","slug":"system-requirements","status":"publish","type":"page","link":"https:\/\/solidedge.siemens.com\/pl\/resources\/system-requirements\/","title":{"rendered":"Wymagania systemowe"},"content":{"rendered":"<p>[vc_row el_class=&#8221;vc-row-lead-in-text-with-icon&#8221;][vc_column][vc_column_text el_class=&#8221;vc-el-lead-in&#8221;]<\/p>\n<h1>System Requirements<\/h1>\n<h2>Operating System Requirements &amp; Information<\/h2>\n<p>Solid Edge 2022 has been certified to run on the following:[\/vc_column_text][vc_row_inner][vc_column_inner width=&#8221;5\/6&#8243;][vc_column_text]<\/p>\n<ul>\n<li>Windows 10 Enterprise or Professional (64-bit only) version 1909 or later<\/li>\n<li>Internet Explorer 11<\/li>\n<\/ul>\n<p style=\"padding-left: 40px;\">Solid Edge, while not dependent on any other browser, has been certified against other modern and popular browsers like Google Chrome, Microsoft Edge, and Mozilla Firefox.<\/p>\n<ul>\n<li>Microsoft Office 2019 or Microsoft Office 365 Business<\/li>\n<\/ul>\n<p>[\/vc_column_text][\/vc_column_inner][vc_column_inner width=&#8221;1\/6&#8243;][vc_single_image image=&#8221;905&#8243; img_size=&#8221;full&#8221; alignment=&#8221;center&#8221; el_class=&#8221;vc-el-vector-icon inline-me&#8221;][\/vc_column_inner][\/vc_row_inner][vc_row_inner][vc_column_inner][vc_column_text]Note:<\/p>\n<ul>\n<li>Support for Windows 11 will be announced in a Solid Edge 2022 maintenance pack.<\/li>\n<li>Windows Home Edition is not supported.<\/li>\n<li>We recommend that you not run Solid Edge on Server operating systems.<\/li>\n<li>Solid Edge stops certifying new releases against an operating system shortly after Microsoft drops mainstream support for it. Microsoft dropped mainstream support for Windows 7 in January 2015. Microsoft dropped mainstream support for Windows 8.1 in January 2018. As a result, Solid Edge no longer installs on Windows 7 or Windows 8.1.<\/li>\n<\/ul>\n<p>[\/vc_column_text][\/vc_column_inner][\/vc_row_inner][\/vc_column][\/vc_row][vc_row full_width=&#8221;stretch_row&#8221; el_class=&#8221;vc-row-checklist&#8221; css=&#8221;.vc_custom_1525017302079{background-color: #ebf0f5 !important;}&#8221;][vc_column][vc_column_text el_class=&#8221;vc-el-lead-in&#8221;]<\/p>\n<h2>Hardware System Requirements<\/h2>\n<p>[\/vc_column_text][vc_row_inner][vc_column_inner width=&#8221;1\/2&#8243;][vc_column_text]<\/p>\n<h3><strong>Recommended system configuration<\/strong><\/h3>\n<ul>\n<li>Windows 10 Enterprise or Professional (64-bit only) version 1909 or later<\/li>\n<li>32 GB RAM or more<\/li>\n<li>True Color (32-bit) or 16 million colors (24-bit)<\/li>\n<li>Screen Resolution: 1920 x 1080<\/li>\n<\/ul>\n<p>[\/vc_column_text][\/vc_column_inner][vc_column_inner width=&#8221;1\/2&#8243;][vc_column_text]<\/p>\n<h3><strong>Minimum system configuration<\/strong><\/h3>\n<ul>\n<li>Windows 10 Enterprise or Professional (64-bit only) version 1909 or later<\/li>\n<li>16 GB RAM for commercial users and 8 GB RAM for academic users<\/li>\n<li>65K Colors<\/li>\n<li>Screen Resolution: 1920 x 1080<\/li>\n<li>7.5 GB of disk space required for installation<\/li>\n<\/ul>\n<p>[\/vc_column_text][\/vc_column_inner][\/vc_row_inner][vc_column_text]Reboot your system after installing Solid Edge or maintenance packs.<\/p>\n<p>For more information on Solid Edge 2022, operating system, and third-party support, go to\u00a0<a href=\"https:\/\/support.sw.siemens.com\/en-US\/product\/246738425\/knowledge-base\/PL8017193?pid=sc%3Asearch&amp;pid_context=Hardware%20and%20Software%20certifications&amp;index=content-external&amp;audience=external\">Hardware and Software Certifications<\/a>, and then click\u00a0<strong>Solid Edge 2022<\/strong>.[\/vc_column_text][\/vc_column][\/vc_row][vc_row full_width=&#8221;stretch_row&#8221; el_class=&#8221;vc-row-free-software&#8221; css=&#8221;.vc_custom_1523912493378{background-color: #006486 !important;}&#8221;][vc_column][vc_column_text el_class=&#8221;vc-el-lead-in&#8221;]FREE Software<\/p>\n<h2>Free 3D Design Software<\/h2>\n<p>[\/vc_column_text][vc_row_inner equal_height=&#8221;yes&#8221;][vc_column_inner width=&#8221;1\/2&#8243; offset=&#8221;vc_col-md-5&#8243;]<div class=\"wpb_content_block wpb_content_element\"><div class=\"wpb_wrapper\"><div class=\"content_block\" id=\"custom_post_widget-418\"><p>[vc_row][vc_column][vc_column_text]<\/p>\n<h3>Wypr\u00f3buj oprogramowanie Solid Edge bez op\u0142at<\/h3>\n<p>Uzyskaj b\u0142yskawiczny dost\u0119p do bezp\u0142atnej wersji pr\u00f3bnej oprogramowania Solid Edge, aby wypr\u00f3bowa\u0107 jego funkcje.[\/vc_column_text][vc_column_text]<a class=\"action-button\" href=\"\/pl\/try-now\/\"><i class=\"icon-ext\"><\/i>Zacznij ju\u017c teraz<\/a>[\/vc_column_text][\/vc_column][\/vc_row]<\/p>\n<\/div><\/div><\/div>[\/vc_column_inner][vc_column_inner width=&#8221;1\/2&#8243; offset=&#8221;vc_col-md-offset-2 vc_col-md-5&#8243;]<div class=\"wpb_content_block wpb_content_element\"><div class=\"wpb_wrapper\"><div class=\"content_block\" id=\"custom_post_widget-419\"><p>[vc_row][vc_column][vc_column_text]<\/p>\n<h3>Bezp\u0142atne oprogramowanie dla startup\u00f3w<\/h3>\n<p>Startupy na wczesnym etapie dzia\u0142alno\u015bci, istniej\u0105ce kr\u00f3cej ni\u017c trzy lata, mog\u0105 z\u0142o\u017cy\u0107 wniosek o bezp\u0142atn\u0105 wersj\u0119 oprogramowania Solid Edge. Bez op\u0142aty manipulacyjnej![\/vc_column_text][vc_column_text]<a class=\"action-button\" href=\"https:\/\/www.plm.automation.siemens.com\/global\/en\/topic\/solid-edge-for-startups\/8335\"><i class=\"icon-ext\"><\/i>Z\u0142\u00f3\u017c wniosek ju\u017c teraz<\/a>[\/vc_column_text][\/vc_column][\/vc_row]<\/p>\n<\/div><\/div><\/div>[\/vc_column_inner][\/vc_row_inner][\/vc_column][\/vc_row][vc_row full_width=&#8221;stretch_row&#8221; el_class=&#8221;footer-contact&#8221; css=&#8221;.vc_custom_1550170708528{background-color: #dedee3 !important;}&#8221;][vc_column]<div class=\"wpb_content_block wpb_content_element\"><div class=\"wpb_wrapper\"><\/div><\/div>[\/vc_column][\/vc_row]<\/p>\n","protected":false},"excerpt":{"rendered":"<p> System Requirements Operating System Requirements &amp; Information Solid Edge 2022 has been certified to run on the following:[\/vc_column_text] Windows 10 Enterprise or Professional (64-bit only) version 1909 or later Internet Explorer 11 Solid Edge, while not dependent on any other browser, has been certified against other modern and popular browsers like [&hellip;]<\/p>\n","protected":false},"author":5,"featured_media":0,"parent":2813,"menu_order":7,"comment_status":"closed","ping_status":"closed","template":"","meta":{"inline_featured_image":false},"yoast_head":"<!-- This site is optimized with the Yoast SEO plugin v18.4.1 - https:\/\/yoast.com\/wordpress\/plugins\/seo\/ -->\n<title>Wymagania systemowe | Solid Edge | Oprogramowanie do rozwoju produktu<\/title>\n<meta name=\"description\" content=\"Znajd\u017a wymagania systemowe dla oprogramowania Solid Edge do rozwoju produktu.\" \/>\n<meta name=\"robots\" content=\"index, follow, max-snippet:-1, max-image-preview:large, max-video-preview:-1\" \/>\n<link rel=\"canonical\" href=\"https:\/\/solidedge.siemens.com\/pl\/resources\/system-requirements\/\" \/>\n<meta property=\"og:locale\" content=\"pl_PL\" \/>\n<meta property=\"og:type\" content=\"article\" \/>\n<meta property=\"og:title\" content=\"Wymagania systemowe | Solid Edge | Oprogramowanie do rozwoju produktu\" \/>\n<meta property=\"og:description\" content=\"Znajd\u017a wymagania systemowe dla oprogramowania Solid Edge do rozwoju produktu.\" \/>\n<meta property=\"og:url\" content=\"https:\/\/solidedge.siemens.com\/pl\/resources\/system-requirements\/\" \/>\n<meta property=\"og:site_name\" content=\"Solid Edge\" \/>\n<meta property=\"article:publisher\" content=\"https:\/\/www.facebook.com\/solidedge\" \/>\n<meta property=\"article:modified_time\" content=\"2021-12-01T11:55:36+00:00\" \/>\n<meta name=\"twitter:card\" content=\"summary_large_image\" \/>\n<meta name=\"twitter:site\" content=\"@siemensplm\" \/>\n<meta name=\"twitter:label1\" content=\"Szacowany czas czytania\" \/>\n\t<meta name=\"twitter:data1\" content=\"2 minuty\" \/>\n<script type=\"application\/ld+json\" class=\"yoast-schema-graph\">{\"@context\":\"https:\/\/schema.org\",\"@graph\":[{\"@type\":\"Organization\",\"@id\":\"https:\/\/solidedge.siemens.com\/en\/#organization\",\"name\":\"Siemens Digital Industries Software\",\"url\":\"https:\/\/solidedge.siemens.com\/en\/\",\"sameAs\":[\"https:\/\/www.facebook.com\/solidedge\",\"https:\/\/www.instagram.com\/siemens\/\",\"https:\/\/www.linkedin.com\/company\/siemens-plm-software\",\"https:\/\/www.youtube.com\/user\/PolarionSoftware\",\"https:\/\/twitter.com\/siemensplm\"],\"logo\":{\"@type\":\"ImageObject\",\"@id\":\"https:\/\/solidedge.siemens.com\/en\/#logo\",\"inLanguage\":\"pl-PL\",\"url\":\"https:\/\/solidedge.siemens.com\/wp-content\/uploads\/2018\/04\/logo-siemens-ifl@2x.png\",\"contentUrl\":\"https:\/\/solidedge.siemens.com\/wp-content\/uploads\/2018\/04\/logo-siemens-ifl@2x.png\",\"width\":640,\"height\":270,\"caption\":\"Siemens Digital Industries Software\"},\"image\":{\"@id\":\"https:\/\/solidedge.siemens.com\/en\/#logo\"}},{\"@type\":\"WebSite\",\"@id\":\"https:\/\/solidedge.siemens.com\/en\/#website\",\"url\":\"https:\/\/solidedge.siemens.com\/en\/\",\"name\":\"Solid Edge\",\"description\":\"Siemens Software\",\"publisher\":{\"@id\":\"https:\/\/solidedge.siemens.com\/en\/#organization\"},\"potentialAction\":[{\"@type\":\"SearchAction\",\"target\":{\"@type\":\"EntryPoint\",\"urlTemplate\":\"https:\/\/solidedge.siemens.com\/en\/?s={search_term_string}\"},\"query-input\":\"required name=search_term_string\"}],\"inLanguage\":\"pl-PL\"},{\"@type\":\"WebPage\",\"@id\":\"https:\/\/solidedge.siemens.com\/pl\/resources\/system-requirements\/#webpage\",\"url\":\"https:\/\/solidedge.siemens.com\/pl\/resources\/system-requirements\/\",\"name\":\"Wymagania systemowe | Solid Edge | Oprogramowanie do rozwoju produktu\",\"isPartOf\":{\"@id\":\"https:\/\/solidedge.siemens.com\/en\/#website\"},\"datePublished\":\"2018-03-30T19:41:59+00:00\",\"dateModified\":\"2021-12-01T11:55:36+00:00\",\"description\":\"Znajd\u017a wymagania systemowe dla oprogramowania Solid Edge do rozwoju produktu.\",\"breadcrumb\":{\"@id\":\"https:\/\/solidedge.siemens.com\/pl\/resources\/system-requirements\/#breadcrumb\"},\"inLanguage\":\"pl-PL\",\"potentialAction\":[{\"@type\":\"ReadAction\",\"target\":[\"https:\/\/solidedge.siemens.com\/pl\/resources\/system-requirements\/\"]}]},{\"@type\":\"BreadcrumbList\",\"@id\":\"https:\/\/solidedge.siemens.com\/pl\/resources\/system-requirements\/#breadcrumb\",\"itemListElement\":[{\"@type\":\"ListItem\",\"position\":1,\"name\":\"Home\",\"item\":\"https:\/\/solidedge.siemens.com\/en\/home-10\/\"},{\"@type\":\"ListItem\",\"position\":2,\"name\":\"Zasoby\",\"item\":\"https:\/\/solidedge.siemens.com\/pl\/resources\/\"},{\"@type\":\"ListItem\",\"position\":3,\"name\":\"Wymagania systemowe\"}]}]}<\/script>\n<!-- \/ Yoast SEO plugin. -->","yoast_head_json":{"title":"Wymagania systemowe | Solid Edge | Oprogramowanie do rozwoju produktu","description":"Znajd\u017a wymagania systemowe dla oprogramowania Solid Edge do rozwoju produktu.","robots":{"index":"index","follow":"follow","max-snippet":"max-snippet:-1","max-image-preview":"max-image-preview:large","max-video-preview":"max-video-preview:-1"},"canonical":"https:\/\/solidedge.siemens.com\/pl\/resources\/system-requirements\/","og_locale":"pl_PL","og_type":"article","og_title":"Wymagania systemowe | Solid Edge | Oprogramowanie do rozwoju produktu","og_description":"Znajd\u017a wymagania systemowe dla oprogramowania Solid Edge do rozwoju produktu.","og_url":"https:\/\/solidedge.siemens.com\/pl\/resources\/system-requirements\/","og_site_name":"Solid Edge","article_publisher":"https:\/\/www.facebook.com\/solidedge","article_modified_time":"2021-12-01T11:55:36+00:00","twitter_card":"summary_large_image","twitter_site":"@siemensplm","twitter_misc":{"Szacowany czas czytania":"2 minuty"},"schema":{"@context":"https:\/\/schema.org","@graph":[{"@type":"Organization","@id":"https:\/\/solidedge.siemens.com\/en\/#organization","name":"Siemens Digital Industries Software","url":"https:\/\/solidedge.siemens.com\/en\/","sameAs":["https:\/\/www.facebook.com\/solidedge","https:\/\/www.instagram.com\/siemens\/","https:\/\/www.linkedin.com\/company\/siemens-plm-software","https:\/\/www.youtube.com\/user\/PolarionSoftware","https:\/\/twitter.com\/siemensplm"],"logo":{"@type":"ImageObject","@id":"https:\/\/solidedge.siemens.com\/en\/#logo","inLanguage":"pl-PL","url":"https:\/\/solidedge.siemens.com\/wp-content\/uploads\/2018\/04\/logo-siemens-ifl@2x.png","contentUrl":"https:\/\/solidedge.siemens.com\/wp-content\/uploads\/2018\/04\/logo-siemens-ifl@2x.png","width":640,"height":270,"caption":"Siemens Digital Industries Software"},"image":{"@id":"https:\/\/solidedge.siemens.com\/en\/#logo"}},{"@type":"WebSite","@id":"https:\/\/solidedge.siemens.com\/en\/#website","url":"https:\/\/solidedge.siemens.com\/en\/","name":"Solid Edge","description":"Siemens Software","publisher":{"@id":"https:\/\/solidedge.siemens.com\/en\/#organization"},"potentialAction":[{"@type":"SearchAction","target":{"@type":"EntryPoint","urlTemplate":"https:\/\/solidedge.siemens.com\/en\/?s={search_term_string}"},"query-input":"required name=search_term_string"}],"inLanguage":"pl-PL"},{"@type":"WebPage","@id":"https:\/\/solidedge.siemens.com\/pl\/resources\/system-requirements\/#webpage","url":"https:\/\/solidedge.siemens.com\/pl\/resources\/system-requirements\/","name":"Wymagania systemowe | Solid Edge | Oprogramowanie do rozwoju produktu","isPartOf":{"@id":"https:\/\/solidedge.siemens.com\/en\/#website"},"datePublished":"2018-03-30T19:41:59+00:00","dateModified":"2021-12-01T11:55:36+00:00","description":"Znajd\u017a wymagania systemowe dla oprogramowania Solid Edge do rozwoju produktu.","breadcrumb":{"@id":"https:\/\/solidedge.siemens.com\/pl\/resources\/system-requirements\/#breadcrumb"},"inLanguage":"pl-PL","potentialAction":[{"@type":"ReadAction","target":["https:\/\/solidedge.siemens.com\/pl\/resources\/system-requirements\/"]}]},{"@type":"BreadcrumbList","@id":"https:\/\/solidedge.siemens.com\/pl\/resources\/system-requirements\/#breadcrumb","itemListElement":[{"@type":"ListItem","position":1,"name":"Home","item":"https:\/\/solidedge.siemens.com\/en\/home-10\/"},{"@type":"ListItem","position":2,"name":"Zasoby","item":"https:\/\/solidedge.siemens.com\/pl\/resources\/"},{"@type":"ListItem","position":3,"name":"Wymagania systemowe"}]}]}},"_links":{"self":[{"href":"https:\/\/solidedge.siemens.com\/pl\/wp-json\/wp\/v2\/pages\/2151"}],"collection":[{"href":"https:\/\/solidedge.siemens.com\/pl\/wp-json\/wp\/v2\/pages"}],"about":[{"href":"https:\/\/solidedge.siemens.com\/pl\/wp-json\/wp\/v2\/types\/page"}],"author":[{"embeddable":true,"href":"https:\/\/solidedge.siemens.com\/pl\/wp-json\/wp\/v2\/users\/5"}],"replies":[{"embeddable":true,"href":"https:\/\/solidedge.siemens.com\/pl\/wp-json\/wp\/v2\/comments?post=2151"}],"version-history":[{"count":2,"href":"https:\/\/solidedge.siemens.com\/pl\/wp-json\/wp\/v2\/pages\/2151\/revisions"}],"predecessor-version":[{"id":54674,"href":"https:\/\/solidedge.siemens.com\/pl\/wp-json\/wp\/v2\/pages\/2151\/revisions\/54674"}],"up":[{"embeddable":true,"href":"https:\/\/solidedge.siemens.com\/pl\/wp-json\/wp\/v2\/pages\/2813"}],"wp:attachment":[{"href":"https:\/\/solidedge.siemens.com\/pl\/wp-json\/wp\/v2\/media?parent=2151"}],"curies":[{"name":"wp","href":"https:\/\/api.w.org\/{rel}","templated":true}]}}