{"id":2127,"date":"2018-04-05T12:00:13","date_gmt":"2018-04-05T16:00:13","guid":{"rendered":"https:\/\/solidedge.siemens.com\/overview\/"},"modified":"2021-05-19T14:29:26","modified_gmt":"2021-05-19T18:29:26","slug":"overview","status":"publish","type":"page","link":"https:\/\/solidedge.siemens.com\/pl\/free-software\/overview\/","title":{"rendered":"Bezp\u0142atne oprogramowanie"},"content":{"rendered":"<p>[vc_row el_class=&#8221;vc-row-page-text-intro&#8221;][vc_column][vc_column_text]<br \/>\n<!-- wpml:html_fragment <\/p>\n\n --><br class=\"xliff-newline\" \/><\/p>\n<h1>Oferty bezp\u0142atnego oprogramowania<br \/><br class=\"xliff-newline\" \/>od firmy Siemens Digital Industries Software<\/h1>\n<p><br class=\"xliff-newline\" \/><\/p>\n<p>\n[\/vc_column_text][vc_column_text]<strong>Zr&oacute;b kolejny krok z Solid Edge!<\/strong><!-- wpml:html_fragment <\/p>\n\n --><br class=\"xliff-newline\" \/><\/p>\n<p>Solid Edge to zestaw niedrogich i&nbsp;prostych w&nbsp;u\u017cyciu narz\u0119dzi uwzgl\u0119dniaj\u0105cy wszystkie aspekty procesu rozwoju produktu &mdash; projektowanie&nbsp;3D, symulacje, wytwarzanie, zarz\u0105dzanie danymi i&nbsp;wiele wi\u0119cej. Pobierz jeden z&nbsp;naszych bezp\u0142atnych produkt&oacute;w lub ju\u017c dzisiaj zacznij prac\u0119 z&nbsp;wersj\u0105 testow\u0105 oprogramowania Solid Edge. Zapoznaj si\u0119 z opcjami bezp\u0142atnego oprogramowania przedstawionymi poni\u017cej.[\/vc_column_text][\/vc_column][\/vc_row][vc_row full_width=&#8221;stretch_row&#8221; equal_height=&#8221;yes&#8221; el_class=&#8221;vc-row-linked-image-teasers&#8221; css=&#8221;.vc_custom_1525370555689{background-color: #13374e !important;}&#8221;][vc_column width=&#8221;1\/3&#8243;][vc_single_image image=&#8221;1027&#8243; img_size=&#8221;linked-teaser&#8221; alignment=&#8221;center&#8221;][vc_column_text]<br \/>\n<!-- wpml:html_fragment <\/p>\n\n --><br class=\"xliff-newline\" \/><\/p>\n<h3><a href=\"\/en\/try-now\/\">Bezp\u0142atna wersja pr&oacute;bna oprogramowania Solid Edge<\/a><\/h3>\n<p><br class=\"xliff-newline\" \/><\/p>\n<p>Pobierz oprogramowanie Solid Edge i&nbsp;korzystaj z&nbsp;niego przez 30&nbsp;dni na swoim komputerze. Oprogramowanie 3D CAD Solid Edge zapewni now\u0105 jako\u015b\u0107 w dziedzinie projektowania produktu.[\/vc_column_text][\/vc_column][vc_column width=&#8221;1\/3&#8243;][vc_single_image image=&#8221;1020&#8243; img_size=&#8221;linked-teaser&#8221; alignment=&#8221;center&#8221;][vc_column_text]<br \/>\n<!-- wpml:html_fragment <\/p>\n\n --><br class=\"xliff-newline\" \/><\/p>\n<h3><a href=\"https:\/\/www.plm.automation.siemens.com\/plmapp\/education\/solid-edge\/en_us\/free-software\/free-2d-cad\">Solid Edge 2D Drafting<\/a><\/h3>\n<p><br class=\"xliff-newline\" \/><\/p>\n<p>Zdob\u0105d\u017a darmowe oprogramowanie CAD 2D: Ju\u017c dzi\u015b pobierz oprogramowanie Solid Edge 2D Drafting firmy Siemens Digital Industries Software. Wszystko, czego potrzebujesz do szybkiego i \u0142atwego sporz\u0105dzania szkic&oacute;w i rysunk&oacute;w 2D.[\/vc_column_text][\/vc_column][vc_column width=&#8221;1\/3&#8243;][vc_single_image image=&#8221;1021&#8243; img_size=&#8221;linked-teaser&#8221; alignment=&#8221;center&#8221;][vc_column_text]<br \/>\n<!-- wpml:html_fragment <\/p>\n\n --><br class=\"xliff-newline\" \/><\/p>\n<h3><a href=\"https:\/\/www.plm.automation.siemens.com\/plmapp\/education\/solid-edge\/en_us\/free-software\/student\">Oprogramowanie Solid Edge dla student&oacute;w<\/a><\/h3>\n<p><br class=\"xliff-newline\" \/><\/p>\n<p>Zdobywaj wymagane umiej\u0119tno\u015bci za pomoc\u0105 oprogramowania Solid Edge Student Edition, kt&oacute;ra jest bezp\u0142atn\u0105 wersj\u0105 tego samego, \u0142atwego do opanowania pakietu oprogramowania u\u017cywanego przez profesjonalist&oacute;w.[\/vc_column_text][\/vc_column][vc_column width=&#8221;1\/3&#8243;][vc_single_image image=&#8221;1025&#8243; img_size=&#8221;linked-teaser&#8221; alignment=&#8221;center&#8221;][vc_column_text]<br \/>\n<!-- wpml:html_fragment <\/p>\n\n --><br class=\"xliff-newline\" \/><\/p>\n<h3><a href=\"https:\/\/www.plm.automation.siemens.com\/plmapp\/education\/solid-edge\/en_us\/free-software\/teacher\">Solid Edge dla nauczycieli<\/a><\/h3>\n<p><br class=\"xliff-newline\" \/><\/p>\n<p>Przygotuj uczni&oacute;w i student&oacute;w w ka\u017cdym wieku na karier\u0119 zawodow\u0105 w zakresie nauk \u015bcis\u0142ych, technologii, in\u017cynierii i matematyki (STEM) za pomoc\u0105 bezp\u0142atnej licencji programu Solid Edge dla ca\u0142ego kampusu.[\/vc_column_text][\/vc_column][vc_column width=&#8221;1\/3&#8243;][vc_single_image image=&#8221;23453&#8243; img_size=&#8221;linked-teaser&#8221; alignment=&#8221;center&#8221;][vc_column_text]<br \/>\n<!-- wpml:html_fragment <\/p>\n\n --><br class=\"xliff-newline\" \/><\/p>\n<h3><a href=\"https:\/\/www.plm.automation.siemens.com\/plmapp\/education\/solid-edge\/en_us\/free-software\/community\">Solid Edge Community Edition<\/a><\/h3>\n<p><br class=\"xliff-newline\" \/><\/p>\n<p>Dost\u0119pna bezp\u0142atnie dla cz\u0142onk&oacute;w spo\u0142eczno\u015bci in\u017cynieryjnej, w&nbsp;tym majsterkowicz&oacute;w i&nbsp;pasjonat&oacute;w szlifuj\u0105cych swoje umiej\u0119tno\u015bci dla w\u0142asnej satysfakcji.<\/p>\n<p><br class=\"xliff-newline\" \/><\/p>\n<p>[\/vc_column_text][\/vc_column][vc_column width=&#8221;1\/3&#8243;][vc_single_image image=&#8221;23466&#8243; img_size=&#8221;linked-teaser&#8221; alignment=&#8221;center&#8221;][vc_column_text]<br \/>\n<!-- wpml:html_fragment <\/p>\n\n --><br class=\"xliff-newline\" \/><\/p>\n<h3><a href=\"https:\/\/www.plm.automation.siemens.com\/global\/en\/topic\/solid-edge-for-startups\/8335\">Solid Edge for Startups<\/a><\/h3>\n<p><br class=\"xliff-newline\" \/><\/p>\n<p>Spe\u0142niaj\u0105ce kryteria startupy mog\u0105 otrzyma\u0107 bezp\u0142atn\u0105 roczn\u0105 subskrypcj\u0119 Solid Edge &mdash; kompletne rozwi\u0105zanie do rozwoju produkt&oacute;w, pomagaj\u0105ce w urzeczywistnieniu innowacyjnych pomys\u0142&oacute;w.<\/p>\n<p><br class=\"xliff-newline\" \/><\/p>\n<p>[\/vc_column_text][\/vc_column][vc_column width=&#8221;1\/3&#8243;][vc_single_image image=&#8221;1024&#8243; img_size=&#8221;linked-teaser&#8221; alignment=&#8221;center&#8221;][vc_column_text]<br \/>\n<!-- wpml:html_fragment <\/p>\n\n --><br class=\"xliff-newline\" \/><\/p>\n<h3><a href=\"https:\/\/solidedge.siemens.com\/pl\/free-software\/solid-edge-free-viewer\/\">Bezp\u0142atna przegl\u0105darka Solid Edge Viewer<\/a><\/h3>\n<p><br class=\"xliff-newline\" \/><\/p>\n<p>Bezp\u0142atna przegl\u0105darka Solid Edge Viewer umo\u017cliwia interaktywne przegl\u0105danie modeli 3D oraz rysunk&oacute;w stworzonych w&nbsp;Solid Edge.[\/vc_column_text][\/vc_column][vc_column width=&#8221;1\/3&#8243;][vc_single_image image=&#8221;1022&#8243; img_size=&#8221;linked-teaser&#8221; alignment=&#8221;center&#8221;][vc_column_text]<br \/>\n<!-- wpml:html_fragment <\/p>\n\n --><br class=\"xliff-newline\" \/><\/p>\n<h3><a href=\"https:\/\/www.mentor.com\/company\/higher_ed\/floefd-solid-edge-student-edition\">Simcenter FloEFD\u2122 dla Solid Edge\u00ae Student Edition<\/a><\/h3>\n<p><br class=\"xliff-newline\" \/><\/p>\n<p>Modu\u0142 Simcenter Modu\u0142 FloEFD\u2122 for Solid Edge\u00ae: funkcje analizy mechaniki p\u0142yn&oacute;w (CFD) w pe\u0142ni wbudowane w oprogramowanie Solid Edge\u00ae umo\u017cliwiaj\u0105 wykonywanie symulacji termicznej i przep\u0142ywu cieczy.<\/p>\n<p><br class=\"xliff-newline\" \/><\/p>\n<p>[\/vc_column_text][\/vc_column][vc_column width=&#8221;1\/3&#8243;][vc_single_image image=&#8221;1023&#8243; img_size=&#8221;linked-teaser&#8221; alignment=&#8221;center&#8221;][vc_column_text]<br \/>\n<!-- wpml:html_fragment <\/p>\n\n --><br class=\"xliff-newline\" \/><\/p>\n<h3><a href=\"https:\/\/www.mentor.com\/products\/product-eval\/floefd-solid-edge-vlab\">Simcenter FloEFD\u2122 dla Solid Edge\u00ae Virtual Lab<\/a><\/h3>\n<p><br class=\"xliff-newline\" \/><\/p>\n<p>Dowiedz si\u0119, jak &mdash; przy u\u017cyciu wirtualnego laboratorium &mdash; uwolni\u0107 pe\u0142n\u0105 moc symulacji termicznej i przep\u0142ywu cieczy w swoim projekcie Solid Edge.<\/p>\n<p><br class=\"xliff-newline\" \/><\/p>\n<p>[\/vc_column_text][\/vc_column][\/vc_row][vc_row full_width=&#8221;stretch_row&#8221; el_class=&#8221;vc-row-free-software&#8221; css=&#8221;.vc_custom_1523912493378{background-color: #006486 !important;}&#8221;][vc_column][vc_column_text el_class=&#8221;vc-el-lead-in&#8221;]BEZP\u0141ATNE oprogramowanie<!-- wpml:html_fragment <\/p>\n\n --><br class=\"xliff-newline\" \/><\/p>\n<h2>Bezp\u0142atne oprogramowanie do projektowania 3D<\/h2>\n<p><br class=\"xliff-newline\" \/><\/p>\n<p>\n[\/vc_column_text][vc_row_inner equal_height=&#8221;yes&#8221;][vc_column_inner width=&#8221;1\/2&#8243; offset=&#8221;vc_col-md-5&#8243;]<div class=\"wpb_content_block wpb_content_element\"><div class=\"wpb_wrapper\"><div class=\"content_block\" id=\"custom_post_widget-1026\"><p>[vc_row][vc_column][vc_column_text]<\/p>\n<h3>Gotowi na zakupy?<\/h3>\n<p>Odwied\u017a nasz sklep internetowy, aby jeszcze dzisiaj wykupi\u0107 miesi\u0119czn\u0105 lub roczn\u0105 subskrypcj\u0119 b\u0105d\u017a dowiedzie\u0107 si\u0119 wi\u0119cej o dost\u0119pnych opcjach zakupienia sta\u0142ej licencji. [\/vc_column_text][vc_column_text]<a class=\"action-button\" href=\"\/pl\/buy-now\/\">Wi\u0119cej informacji<\/a>[\/vc_column_text][\/vc_column][\/vc_row]<\/p>\n<\/div><\/div><\/div>[\/vc_column_inner][vc_column_inner width=&#8221;1\/2&#8243; offset=&#8221;vc_col-md-offset-2 vc_col-md-5&#8243;]<div class=\"wpb_content_block wpb_content_element\"><div class=\"wpb_wrapper\"><div class=\"content_block\" id=\"custom_post_widget-419\"><p>[vc_row][vc_column][vc_column_text]<\/p>\n<h3>Bezp\u0142atne oprogramowanie dla startup\u00f3w<\/h3>\n<p>Startupy na wczesnym etapie dzia\u0142alno\u015bci, istniej\u0105ce kr\u00f3cej ni\u017c trzy lata, mog\u0105 z\u0142o\u017cy\u0107 wniosek o bezp\u0142atn\u0105 wersj\u0119 oprogramowania Solid Edge. Bez op\u0142aty manipulacyjnej![\/vc_column_text][vc_column_text]<a class=\"action-button\" href=\"https:\/\/www.plm.automation.siemens.com\/global\/en\/topic\/solid-edge-for-startups\/8335\"><i class=\"icon-ext\"><\/i>Z\u0142\u00f3\u017c wniosek ju\u017c teraz<\/a>[\/vc_column_text][\/vc_column][\/vc_row]<\/p>\n<\/div><\/div><\/div>[\/vc_column_inner][\/vc_row_inner][\/vc_column][\/vc_row][vc_row full_width=&#8221;stretch_row&#8221; el_class=&#8221;vc-row-related-content&#8221; css=&#8221;.vc_custom_1524184785822{background-color: #347eb5 !important;}&#8221;][vc_column][vc_column_text]<br \/>\n<!-- wpml:html_fragment <\/p>\n\n --><br class=\"xliff-newline\" \/><\/p>\n<h2>Powi\u0105zane tre\u015bci<\/h2>\n<p><br class=\"xliff-newline\" \/><\/p>\n<p>\n[\/vc_column_text]<div id=\"ult-carousel-8800665569db77e9e7e0d\" class=\"ult-carousel-wrapper  vc-el-carousel-related-content ult_horizontal\" data-gutter=\"0\" data-rtl=\"false\" ><div class=\"ult-carousel-189122773569db77e9e7dec \" >[vc_column_text]<a href=\"https:\/\/solidedge.siemens.com\/pl\/solutions\/products\/complete-product-development-portfolio\/\">Dowiedz si\u0119 wi\u0119cej o ofercie oprogramowania Solid Edge<\/a>[\/vc_column_text][vc_column_text]<a href=\"https:\/\/solidedge.siemens.com\/pl\/solutions\/products\/3d-design\/synchronous-technology\/\">Technologia synchroniczna Solid Edge<\/a>[\/vc_column_text][vc_column_text]<a href=\"https:\/\/www.plm.automation.siemens.com\/en_us\/Images\/DEVELOP3D_SolidEdgeST8_tcm1023-238495.pdf\">DEVELOP3D:<br \/><br class=\"xliff-newline\" \/>Magia technologii synchronicznej<\/a>[\/vc_column_text][vc_column_text]<a href=\"https:\/\/solidedge.siemens.com\/pl\/solutions\/products\/3d-design\/next-generation-design\/\">Projektowanie nowej generacji<\/a>[\/vc_column_text]<\/div><\/div>\t\t\t<script type=\"text\/javascript\">\r\n\t\t\t\tjQuery(document).ready(function ($) {\r\n\t\t\t\t\tif( typeof jQuery('.ult-carousel-189122773569db77e9e7dec').slick == \"function\"){\r\n\t\t\t\t\t\t$('.ult-carousel-189122773569db77e9e7dec').slick({dots: true,autoplaySpeed: 5000,speed: 500,infinite: false,arrows: true,nextArrow: '<button type=\"button\" role=\"button\" aria-label=\"Next\" style=\"color:#ffffff; font-size:30px;background:rgba(255,255,255,0.2);\" class=\"slick-next square-bg\"><i class=\"ultsl-arrow-right6\"><\/i><\/button>',prevArrow: '<button type=\"button\" role=\"button\" aria-label=\"Previous\" style=\"color:#ffffff; font-size:30px;background:rgba(255,255,255,0.2);\" class=\"slick-prev square-bg\"><i class=\"ultsl-arrow-left6\"><\/i><\/button>',slidesToScroll:4,slidesToShow:4,swipe: true,draggable: true,touchMove: true,pauseOnHover: true,pauseOnFocus: false,responsive: [\r\n\t\t\t\t\t\t\t{\r\n\t\t\t\t\t\t\t  breakpoint: 1026,\r\n\t\t\t\t\t\t\t  settings: {\r\n\t\t\t\t\t\t\t\tslidesToShow: 4,\r\n\t\t\t\t\t\t\t\tslidesToScroll: 4,  \r\n\t\t\t\t\t\t\t  }\r\n\t\t\t\t\t\t\t},\r\n\t\t\t\t\t\t\t{\r\n\t\t\t\t\t\t\t  breakpoint: 1025,\r\n\t\t\t\t\t\t\t  settings: {\r\n\t\t\t\t\t\t\t\tslidesToShow: 2,\r\n\t\t\t\t\t\t\t\tslidesToScroll: 2\r\n\t\t\t\t\t\t\t  }\r\n\t\t\t\t\t\t\t},\r\n\t\t\t\t\t\t\t{\r\n\t\t\t\t\t\t\t  breakpoint: 760,\r\n\t\t\t\t\t\t\t  settings: {\r\n\t\t\t\t\t\t\t\tslidesToShow: 1,\r\n\t\t\t\t\t\t\t\tslidesToScroll: 1\r\n\t\t\t\t\t\t\t  }\r\n\t\t\t\t\t\t\t}\r\n\t\t\t\t\t\t],pauseOnDotsHover: true,customPaging: function(slider, i) {\r\n                   return '<i type=\"button\" style= \"color:#ffffff;\" class=\"ultsl-record\" data-role=\"none\"><\/i>';\r\n                },});\r\n\t\t\t\t\t}\r\n\t\t\t\t});\r\n\t\t\t<\/script>\r\n\t\t\t[\/vc_column][\/vc_row][vc_row full_width=&#8221;stretch_row&#8221; el_class=&#8221;footer-contact&#8221; css=&#8221;.vc_custom_1550170708528{background-color: #dedee3 !important;}&#8221;][vc_column]<div class=\"wpb_content_block wpb_content_element\"><div class=\"wpb_wrapper\"><\/div><\/div>[vc_raw_js]JTNDc2NyaXB0JTNFJTBBJTIwJTIwJTBBJTIwJTIwYW5hbHl0aWNzLnRyYWNrJTI4JTIyRnJlZSUyMFNvZnR3YXJlJTIwVmlld2VkJTIyJTJDJTIwJTdCJTBBJTIwJTIwJTIwJTIwJTIyY2F0ZWdvcnklMjIlM0ElMjAlMjJGcmVlJTIwU29mdHdhcmUlMjIlMkMlMEElMjAlMjAlMjAlMjAlMjJsYWJlbCUyMiUzQSUyMCUyMkZyZWUlMjBTb2Z0d2FyZSUyME9mZmVyaW5ncyUyMiUyQyUwQSUyMCUyMCUyMCUyMCUyMm9yZyUyMiUzQSUyMCUyMlByb2R1Y3QlMjIlMkMlMEElMjAlMjAlMjAlMjAlMjJwcm9kdWN0X25hbWUlMjIlM0ElMjAlMjJTb2xpZCUyMEVkZ2UlMjIlMEElMjAlMjAlN0QlMjklM0IlMEElMEElM0MlMkZzY3JpcHQlM0U=[\/vc_raw_js][\/vc_column][\/vc_row]<\/p>\n","protected":false},"excerpt":{"rendered":"<p> Oferty bezp\u0142atnego oprogramowaniaod firmy Siemens Digital Industries Software [\/vc_column_text]Zr&oacute;b kolejny krok z Solid Edge! Solid Edge to zestaw niedrogich i&nbsp;prostych w&nbsp;u\u017cyciu narz\u0119dzi uwzgl\u0119dniaj\u0105cy wszystkie aspekty procesu rozwoju produktu &mdash; projektowanie&nbsp;3D, symulacje, wytwarzanie, zarz\u0105dzanie danymi i&nbsp;wiele wi\u0119cej. Pobierz jeden z&nbsp;naszych bezp\u0142atnych produkt&oacute;w lub ju\u017c dzisiaj zacznij prac\u0119 z&nbsp;wersj\u0105 testow\u0105 oprogramowania Solid Edge. Zapoznaj si\u0119 [&hellip;]<\/p>\n","protected":false},"author":20,"featured_media":0,"parent":2814,"menu_order":0,"comment_status":"closed","ping_status":"closed","template":"","meta":{"inline_featured_image":false},"yoast_head":"<!-- This site is optimized with the Yoast SEO plugin v18.4.1 - https:\/\/yoast.com\/wordpress\/plugins\/seo\/ -->\n<title>Bezp\u0142atne oprogramowanie | System CAD 2D i 3D | Solid Edge<\/title>\n<meta name=\"description\" content=\"Pobierz bezp\u0142atne oprogramowanie i wersje pr\u00f3bne oprogramowania CAD 2D i 3D Solid Edge, zawieraj\u0105ce rozwi\u0105zania do projektowania dla in\u017cynier\u00f3w, majsterkowicz\u00f3w, pasjonat\u00f3w-amator\u00f3w i student\u00f3w.\" \/>\n<meta name=\"robots\" content=\"index, follow, max-snippet:-1, max-image-preview:large, max-video-preview:-1\" \/>\n<link rel=\"canonical\" href=\"https:\/\/solidedge.siemens.com\/pl\/free-software\/overview\/\" \/>\n<meta property=\"og:locale\" content=\"pl_PL\" \/>\n<meta property=\"og:type\" content=\"article\" \/>\n<meta property=\"og:title\" content=\"Bezp\u0142atne oprogramowanie | System CAD 2D i 3D | Solid Edge\" \/>\n<meta property=\"og:description\" content=\"Pobierz bezp\u0142atne oprogramowanie i wersje pr\u00f3bne oprogramowania CAD 2D i 3D Solid Edge, zawieraj\u0105ce rozwi\u0105zania do projektowania dla in\u017cynier\u00f3w, majsterkowicz\u00f3w, pasjonat\u00f3w-amator\u00f3w i student\u00f3w.\" \/>\n<meta property=\"og:url\" content=\"https:\/\/solidedge.siemens.com\/pl\/free-software\/overview\/\" \/>\n<meta property=\"og:site_name\" content=\"Solid Edge\" \/>\n<meta property=\"article:publisher\" content=\"https:\/\/www.facebook.com\/solidedge\" \/>\n<meta property=\"article:modified_time\" content=\"2021-05-19T18:29:26+00:00\" \/>\n<meta name=\"twitter:card\" content=\"summary_large_image\" \/>\n<meta name=\"twitter:site\" content=\"@siemensplm\" \/>\n<meta name=\"twitter:label1\" content=\"Szacowany czas czytania\" \/>\n\t<meta name=\"twitter:data1\" content=\"2 minuty\" \/>\n<script type=\"application\/ld+json\" class=\"yoast-schema-graph\">{\"@context\":\"https:\/\/schema.org\",\"@graph\":[{\"@type\":\"Organization\",\"@id\":\"https:\/\/solidedge.siemens.com\/en\/#organization\",\"name\":\"Siemens Digital Industries Software\",\"url\":\"https:\/\/solidedge.siemens.com\/en\/\",\"sameAs\":[\"https:\/\/www.facebook.com\/solidedge\",\"https:\/\/www.instagram.com\/siemens\/\",\"https:\/\/www.linkedin.com\/company\/siemens-plm-software\",\"https:\/\/www.youtube.com\/user\/PolarionSoftware\",\"https:\/\/twitter.com\/siemensplm\"],\"logo\":{\"@type\":\"ImageObject\",\"@id\":\"https:\/\/solidedge.siemens.com\/en\/#logo\",\"inLanguage\":\"pl-PL\",\"url\":\"https:\/\/solidedge.siemens.com\/wp-content\/uploads\/2018\/04\/logo-siemens-ifl@2x.png\",\"contentUrl\":\"https:\/\/solidedge.siemens.com\/wp-content\/uploads\/2018\/04\/logo-siemens-ifl@2x.png\",\"width\":640,\"height\":270,\"caption\":\"Siemens Digital Industries Software\"},\"image\":{\"@id\":\"https:\/\/solidedge.siemens.com\/en\/#logo\"}},{\"@type\":\"WebSite\",\"@id\":\"https:\/\/solidedge.siemens.com\/en\/#website\",\"url\":\"https:\/\/solidedge.siemens.com\/en\/\",\"name\":\"Solid Edge\",\"description\":\"Siemens Software\",\"publisher\":{\"@id\":\"https:\/\/solidedge.siemens.com\/en\/#organization\"},\"potentialAction\":[{\"@type\":\"SearchAction\",\"target\":{\"@type\":\"EntryPoint\",\"urlTemplate\":\"https:\/\/solidedge.siemens.com\/en\/?s={search_term_string}\"},\"query-input\":\"required name=search_term_string\"}],\"inLanguage\":\"pl-PL\"},{\"@type\":\"WebPage\",\"@id\":\"https:\/\/solidedge.siemens.com\/pl\/free-software\/overview\/#webpage\",\"url\":\"https:\/\/solidedge.siemens.com\/pl\/free-software\/overview\/\",\"name\":\"Bezp\u0142atne oprogramowanie | System CAD 2D i 3D | Solid Edge\",\"isPartOf\":{\"@id\":\"https:\/\/solidedge.siemens.com\/en\/#website\"},\"datePublished\":\"2018-04-05T16:00:13+00:00\",\"dateModified\":\"2021-05-19T18:29:26+00:00\",\"description\":\"Pobierz bezp\u0142atne oprogramowanie i wersje pr\u00f3bne oprogramowania CAD 2D i 3D Solid Edge, zawieraj\u0105ce rozwi\u0105zania do projektowania dla in\u017cynier\u00f3w, majsterkowicz\u00f3w, pasjonat\u00f3w-amator\u00f3w i student\u00f3w.\",\"breadcrumb\":{\"@id\":\"https:\/\/solidedge.siemens.com\/pl\/free-software\/overview\/#breadcrumb\"},\"inLanguage\":\"pl-PL\",\"potentialAction\":[{\"@type\":\"ReadAction\",\"target\":[\"https:\/\/solidedge.siemens.com\/pl\/free-software\/overview\/\"]}]},{\"@type\":\"BreadcrumbList\",\"@id\":\"https:\/\/solidedge.siemens.com\/pl\/free-software\/overview\/#breadcrumb\",\"itemListElement\":[{\"@type\":\"ListItem\",\"position\":1,\"name\":\"Home\",\"item\":\"https:\/\/solidedge.siemens.com\/en\/home-10\/\"},{\"@type\":\"ListItem\",\"position\":2,\"name\":\"Bezp\u0142atne oprogramowanie\",\"item\":\"https:\/\/solidedge.siemens.com\/pl\/free-software\/\"},{\"@type\":\"ListItem\",\"position\":3,\"name\":\"Bezp\u0142atne oprogramowanie\"}]}]}<\/script>\n<!-- \/ Yoast SEO plugin. -->","yoast_head_json":{"title":"Bezp\u0142atne oprogramowanie | System CAD 2D i 3D | Solid Edge","description":"Pobierz bezp\u0142atne oprogramowanie i wersje pr\u00f3bne oprogramowania CAD 2D i 3D Solid Edge, zawieraj\u0105ce rozwi\u0105zania do projektowania dla in\u017cynier\u00f3w, majsterkowicz\u00f3w, pasjonat\u00f3w-amator\u00f3w i student\u00f3w.","robots":{"index":"index","follow":"follow","max-snippet":"max-snippet:-1","max-image-preview":"max-image-preview:large","max-video-preview":"max-video-preview:-1"},"canonical":"https:\/\/solidedge.siemens.com\/pl\/free-software\/overview\/","og_locale":"pl_PL","og_type":"article","og_title":"Bezp\u0142atne oprogramowanie | System CAD 2D i 3D | Solid Edge","og_description":"Pobierz bezp\u0142atne oprogramowanie i wersje pr\u00f3bne oprogramowania CAD 2D i 3D Solid Edge, zawieraj\u0105ce rozwi\u0105zania do projektowania dla in\u017cynier\u00f3w, majsterkowicz\u00f3w, pasjonat\u00f3w-amator\u00f3w i student\u00f3w.","og_url":"https:\/\/solidedge.siemens.com\/pl\/free-software\/overview\/","og_site_name":"Solid Edge","article_publisher":"https:\/\/www.facebook.com\/solidedge","article_modified_time":"2021-05-19T18:29:26+00:00","twitter_card":"summary_large_image","twitter_site":"@siemensplm","twitter_misc":{"Szacowany czas czytania":"2 minuty"},"schema":{"@context":"https:\/\/schema.org","@graph":[{"@type":"Organization","@id":"https:\/\/solidedge.siemens.com\/en\/#organization","name":"Siemens Digital Industries Software","url":"https:\/\/solidedge.siemens.com\/en\/","sameAs":["https:\/\/www.facebook.com\/solidedge","https:\/\/www.instagram.com\/siemens\/","https:\/\/www.linkedin.com\/company\/siemens-plm-software","https:\/\/www.youtube.com\/user\/PolarionSoftware","https:\/\/twitter.com\/siemensplm"],"logo":{"@type":"ImageObject","@id":"https:\/\/solidedge.siemens.com\/en\/#logo","inLanguage":"pl-PL","url":"https:\/\/solidedge.siemens.com\/wp-content\/uploads\/2018\/04\/logo-siemens-ifl@2x.png","contentUrl":"https:\/\/solidedge.siemens.com\/wp-content\/uploads\/2018\/04\/logo-siemens-ifl@2x.png","width":640,"height":270,"caption":"Siemens Digital Industries Software"},"image":{"@id":"https:\/\/solidedge.siemens.com\/en\/#logo"}},{"@type":"WebSite","@id":"https:\/\/solidedge.siemens.com\/en\/#website","url":"https:\/\/solidedge.siemens.com\/en\/","name":"Solid Edge","description":"Siemens Software","publisher":{"@id":"https:\/\/solidedge.siemens.com\/en\/#organization"},"potentialAction":[{"@type":"SearchAction","target":{"@type":"EntryPoint","urlTemplate":"https:\/\/solidedge.siemens.com\/en\/?s={search_term_string}"},"query-input":"required name=search_term_string"}],"inLanguage":"pl-PL"},{"@type":"WebPage","@id":"https:\/\/solidedge.siemens.com\/pl\/free-software\/overview\/#webpage","url":"https:\/\/solidedge.siemens.com\/pl\/free-software\/overview\/","name":"Bezp\u0142atne oprogramowanie | System CAD 2D i 3D | Solid Edge","isPartOf":{"@id":"https:\/\/solidedge.siemens.com\/en\/#website"},"datePublished":"2018-04-05T16:00:13+00:00","dateModified":"2021-05-19T18:29:26+00:00","description":"Pobierz bezp\u0142atne oprogramowanie i wersje pr\u00f3bne oprogramowania CAD 2D i 3D Solid Edge, zawieraj\u0105ce rozwi\u0105zania do projektowania dla in\u017cynier\u00f3w, majsterkowicz\u00f3w, pasjonat\u00f3w-amator\u00f3w i student\u00f3w.","breadcrumb":{"@id":"https:\/\/solidedge.siemens.com\/pl\/free-software\/overview\/#breadcrumb"},"inLanguage":"pl-PL","potentialAction":[{"@type":"ReadAction","target":["https:\/\/solidedge.siemens.com\/pl\/free-software\/overview\/"]}]},{"@type":"BreadcrumbList","@id":"https:\/\/solidedge.siemens.com\/pl\/free-software\/overview\/#breadcrumb","itemListElement":[{"@type":"ListItem","position":1,"name":"Home","item":"https:\/\/solidedge.siemens.com\/en\/home-10\/"},{"@type":"ListItem","position":2,"name":"Bezp\u0142atne oprogramowanie","item":"https:\/\/solidedge.siemens.com\/pl\/free-software\/"},{"@type":"ListItem","position":3,"name":"Bezp\u0142atne oprogramowanie"}]}]}},"_links":{"self":[{"href":"https:\/\/solidedge.siemens.com\/pl\/wp-json\/wp\/v2\/pages\/2127"}],"collection":[{"href":"https:\/\/solidedge.siemens.com\/pl\/wp-json\/wp\/v2\/pages"}],"about":[{"href":"https:\/\/solidedge.siemens.com\/pl\/wp-json\/wp\/v2\/types\/page"}],"author":[{"embeddable":true,"href":"https:\/\/solidedge.siemens.com\/pl\/wp-json\/wp\/v2\/users\/20"}],"replies":[{"embeddable":true,"href":"https:\/\/solidedge.siemens.com\/pl\/wp-json\/wp\/v2\/comments?post=2127"}],"version-history":[{"count":11,"href":"https:\/\/solidedge.siemens.com\/pl\/wp-json\/wp\/v2\/pages\/2127\/revisions"}],"predecessor-version":[{"id":41172,"href":"https:\/\/solidedge.siemens.com\/pl\/wp-json\/wp\/v2\/pages\/2127\/revisions\/41172"}],"up":[{"embeddable":true,"href":"https:\/\/solidedge.siemens.com\/pl\/wp-json\/wp\/v2\/pages\/2814"}],"wp:attachment":[{"href":"https:\/\/solidedge.siemens.com\/pl\/wp-json\/wp\/v2\/media?parent=2127"}],"curies":[{"name":"wp","href":"https:\/\/api.w.org\/{rel}","templated":true}]}}