{"id":20410,"date":"2019-09-03T12:03:55","date_gmt":"2019-09-03T16:03:55","guid":{"rendered":"https:\/\/solidedge.siemens.com\/?page_id=20410"},"modified":"2021-05-18T14:32:55","modified_gmt":"2021-05-18T18:32:55","slug":"model-based-definition","status":"publish","type":"page","link":"https:\/\/solidedge.siemens.com\/pl\/solutions\/products\/3d-design\/model-based-definition\/","title":{"rendered":"Definicja oparta na modelu"},"content":{"rendered":"<p>[vc_row full_width=&#8221;stretch_row&#8221; full_height=&#8221;yes&#8221; content_placement=&#8221;middle&#8221; css=&#8221;.vc_custom_1560146481477{background: #a6a6a6 url(https:\/\/solidedge.siemens.com\/wp-content\/uploads\/2019\/06\/Model-Based-Design-PMI-Dimensions-Only.jpg?id=17448) !important;background-position: center !important;background-repeat: no-repeat !important;background-size: cover !important;}&#8221; el_class=&#8221;vc-row-hero-banner&#8221;][vc_column][vc_column_text el_class=&#8221;.vc-el-callout&#8221;]<br \/>\n<!-- wpml:html_fragment <\/p>\n\n --><br class=\"xliff-newline\" \/><\/p>\n<h1>Definicja oparta na modelu<\/h1>\n<p><br class=\"xliff-newline\" \/><\/p>\n<p>Modu\u0142 Solid Edge Model Based Definition umo\u017cliwia tworzenie kompletnych cyfrowych definicji cz\u0119\u015bci i\/lub z\u0142o\u017ce\u0144 przy u\u017cyciu modelu 3D, co przenosi u\u017cytkownik&oacute;w do w&nbsp;pe\u0142ni cyfrowego \u015brodowiska projektowania i&nbsp;produkcji. Opisane modele 3D mo\u017cna o&nbsp;wiele \u0142atwiej zrozumie\u0107 ni\u017c skomplikowane rysunki, co ogranicza czas sp\u0119dzony nad dokumentacj\u0105 techniczn\u0105 i&nbsp;usprawnia sprawdzanie poprawno\u015bci na kolejnych etapach oraz dalsze dzia\u0142ania produkcyjne. Umo\u017cliwia to pe\u0142n\u0105 digitalizacj\u0119 pracowni projektowej, z&nbsp;wyeliminowaniem dokumentacji papierowej, co z&nbsp;kolei przyczynia si\u0119 do ograniczenia nak\u0142ad&oacute;w pracy zwi\u0105zanych z&nbsp;wprowadzaniem poprawek, skr&oacute;cenia czasu do przekazania produktu do produkcji, szybszego opracowywania dokumentacji oraz bardziej precyzyjnej komunikacji w&nbsp;produkcji.<\/p>\n<p><br class=\"xliff-newline\" \/><\/p>\n<p>[\/vc_column_text][\/vc_column][\/vc_row][vc_row][vc_column][vc_row_inner][vc_column_inner width=&#8221;2\/3&#8243;][vc_column_text]<br \/>\n<!-- wpml:html_fragment <\/p>\n\n --><br class=\"xliff-newline\" \/><\/p>\n<h3>Szybsze tworzenie dokumentacji produkcyjnej &mdash; bardziej przejrzysta komunikacja w&nbsp;produkcji<\/h3>\n<p><br class=\"xliff-newline\" \/><\/p>\n<p>Cyfrowa komunikacja przyspiesza proces przej\u015bcia od projektu do produkcji. Dzi\u0119ki definicji opartej na modelu w&nbsp;Solid Edge modele 3D z&nbsp;informacjami o&nbsp;produkcji (PMI) oraz powi\u0105zane metadane mo\u017cna przedstawi\u0107 przy u\u017cyciu uniwersalnego pliku 3D PDF, co pozwala na interaktywne przegl\u0105danie danych produkcyjnych. Informacje PMI u\u017cyte w&nbsp;modelu 3D to te same dane, kt&oacute;re wykorzystuje si\u0119 do stworzenia pliku 3D PDF, co zapobiega konieczno\u015bci tworzenia dodatkowej dokumentacji PMI. Je\u015bli wymaga tego proces certyfikacyjny, format 3D PDF pozwala na prosty wydruk dokumentacji papierowej.[\/vc_column_text][\/vc_column_inner][vc_column_inner width=&#8221;1\/3&#8243;][vc_single_image image=&#8221;17740&#8243; img_size=&#8221;medium&#8221; alignment=&#8221;right&#8221;][\/vc_column_inner][\/vc_row_inner][vc_row_inner][vc_column_inner width=&#8221;2\/3&#8243;][vc_column_text]<br \/>\n<!-- wpml:html_fragment <\/p>\n\n --><br class=\"xliff-newline\" \/><\/p>\n<h3>Publikowanie plik&oacute;w bezpo\u015brednio ze \u015brodowiska tworzenia rysunk&oacute;w technicznych<\/h3>\n<p><br class=\"xliff-newline\" \/><\/p>\n<p>Pliki 3D PDF uzyskane z&nbsp;modu\u0142u Solid Edge Model Based Definition mo\u017cna publikowa\u0107 bezpo\u015brednio ze \u015brodowiska tworzenia rysunk&oacute;w technicznych. Uk\u0142ad publikowanych dokument&oacute;w PDF mo\u017cna zdefiniowa\u0107 przy u\u017cyciu szablon&oacute;w, z&nbsp;liczb\u0105 stron szablonie odpowiadaj\u0105c\u0105 liczbie stron w&nbsp;dokumencie PDF. Do arkusza t\u0142a mo\u017cna dodawa\u0107 logotypy i&nbsp;inne wsp&oacute;lne dane. Pola edytowalne umo\u017cliwiaj\u0105 u\u017cytkownikom dodawanie do dokumentu uwag i&nbsp;podgl\u0105d&oacute;w miniatur modelu.<\/p>\n<p><br class=\"xliff-newline\" \/><\/p>\n<p>[\/vc_column_text][\/vc_column_inner][vc_column_inner width=&#8221;1\/3&#8243;][vc_single_image image=&#8221;23982&#8243; img_size=&#8221;medium&#8221; alignment=&#8221;right&#8221;][\/vc_column_inner][\/vc_row_inner][vc_row_inner][vc_column_inner width=&#8221;2\/3&#8243;][vc_column_text]<br \/>\n<!-- wpml:html_fragment <\/p>\n\n --><br class=\"xliff-newline\" \/><\/p>\n<h3>Wykorzystanie najbardziej efektywnych kosztowo proces&oacute;w we wsp&oacute;\u0142pracy z&nbsp;dostawcami<\/h3>\n<p><br class=\"xliff-newline\" \/><\/p>\n<p>Definicja oparta na modelu w&nbsp;Solid Edge pozwala dostawcom wykorzysta\u0107 najbardziej efektywne kosztowo rozwi\u0105zanie dla ich potrzeb biznesowych, umo\u017cliwiaj\u0105c producentom i&nbsp;ich dostawcom cyfrowe zarz\u0105dzanie dzia\u0142aniami produkcyjnymi opartymi na modelu, przy wykorzystaniu efektywnych kosztowo i&nbsp;otwartych proces&oacute;w. Dane PMI mo\u017cna wymienia\u0107 mi\u0119dzy producentem i&nbsp;dostawc\u0105 (lub dzia\u0142ami in\u017cynierii i produkcji), nawet je\u015bli pracuj\u0105 oni w&nbsp;r&oacute;\u017cnych \u015brodowiskach.<\/p>\n<p><br class=\"xliff-newline\" \/><\/p>\n<p>[\/vc_column_text][\/vc_column_inner][vc_column_inner width=&#8221;1\/3&#8243;][vc_single_image image=&#8221;17753&#8243; img_size=&#8221;medium&#8221; alignment=&#8221;right&#8221;][\/vc_column_inner][\/vc_row_inner][vc_row_inner][vc_column_inner width=&#8221;2\/3&#8243;][vc_column_text]<br \/>\n<!-- wpml:html_fragment <\/p>\n\n --><br class=\"xliff-newline\" \/><\/p>\n<h3>Zgodno\u015b\u0107 ze standardami<\/h3>\n<p><br class=\"xliff-newline\" \/><\/p>\n<p>Zgodno\u015b\u0107 ze standardami bran\u017cowymi mo\u017ce da\u0107 u\u017cytkownikom przewag\u0119 konkurencyjn\u0105, poniewa\u017c wiele bran\u017c wymaga dostosowania si\u0119 do wymaga\u0144 w&nbsp;przypadku cyfrowych proces&oacute;w opartych na danych. Definicja oparta na modelu Solid Edge jest zgodna z&nbsp;norm\u0105 MIL-STD-31000B, ASME Y 14.41, ISO 16792, ISO 1101, ISO 1405, DIN ISO 16792 oraz GB\/T 24734, a&nbsp;oprogramowanie importuje i&nbsp;eksportuje dane PMI przy u\u017cyciu standardu STEP AP242.<\/p>\n<p><br class=\"xliff-newline\" \/><\/p>\n<p>[\/vc_column_text][\/vc_column_inner][vc_column_inner width=&#8221;1\/3&#8243;][vc_single_image image=&#8221;17766&#8243; img_size=&#8221;medium&#8221; alignment=&#8221;right&#8221;][\/vc_column_inner][\/vc_row_inner][vc_column_text]<\/p>\n<p><!-- wpml:html_fragment <\/p>\n\n --><br class=\"xliff-newline\" \/><\/p>\n<p><a href=\"https:\/\/media.plm.automation.siemens.com\/solidedge\/data-brief\/Siemens-SW-Solid-Edge-Model-Based-Definition-FS-78027-C9.pdf\" target=\"_blank\" rel=\"noopener noreferrer\"><i class=\"icon-ext\"><\/i>Pobierz kart\u0119 charakterystyki modu\u0142u Solid Edge Model Based Definition<\/a><\/p>\n<p><br class=\"xliff-newline\" \/><\/p>\n<p>[\/vc_column_text][vc_column_text]Film<!-- wpml:html_fragment <\/p>\n\n --><br class=\"xliff-newline\" \/><\/p>\n<h2>Zobacz dzia\u0142anie modu\u0142u Solid Edge Model Based Definition<\/h2>\n<p><br class=\"xliff-newline\" \/><\/p>\n<p>Zrezygnuj z&nbsp;dokumentacji papierowej, korzystaj\u0105c z&nbsp;szablon&oacute;w do rysowania w&nbsp;plikach 3D PDF. Definicja oparta na modelu udost\u0119pnia opisane tr&oacute;jwymiarowe modele, kt&oacute;re mo\u017cna zrozumie\u0107 \u0142atwiej ni\u017c skomplikowane rysunki.<\/p>\n<p><br class=\"xliff-newline\" \/><\/p>\n<p class=\"see-more\" style=\"text-align: right;\"><a href=\"https:\/\/solidedge.siemens.com\/pl\/resources\/videos\/\">Zobacz wi\u0119cej materia\u0142&oacute;w wideo<\/a><\/p>\n<p><br class=\"xliff-newline\" \/><\/p>\n<p>[\/vc_column_text][vc_column_text]<div id=\"wpfp_91fbd5d307a300dc528940fa5e04203c\" data-item=\"{&quot;sources&quot;:[{&quot;src&quot;:&quot;https:\\\/\\\/media.plm.automation.siemens.com\\\/solidedge\\\/videos\\\/Solid-Edge-2020-Model-Based-Definition.mp4&quot;,&quot;type&quot;:&quot;video\\\/mp4&quot;}]}\" class=\"flowplayer no-brand is-splash no-svg is-paused skin-slim fp-slim fp-edgy\" data-embed=\"false\" style=\"max-width: 1280px; max-height: 720px; background-image: url(https:\/\/solidedge.siemens.com\/wp-content\/uploads\/2019\/08\/2020-model-based-definition-featured.jpg);\" data-ratio=\"0.5625\" data-advance=\"false\">\n\t<div class=\"fp-ratio\" style=\"padding-top: 56.25%\"><\/div>\n\t<div class=\"fp-ui\"><div class=\"fp-play fp-visible\"><a class=\"fp-icon fp-playbtn\"><\/a><\/div><\/div>\n\n<\/div>\n[\/vc_column_text][\/vc_column][\/vc_row][vc_row full_width=&#8221;stretch_row&#8221; el_class=&#8221;footer-contact&#8221; css=&#8221;.vc_custom_1550170708528{background-color: #dedee3 !important;}&#8221;][vc_column]<div class=\"wpb_content_block wpb_content_element\"><div class=\"wpb_wrapper\"><\/div><\/div>[\/vc_column][\/vc_row]<\/p>\n","protected":false},"excerpt":{"rendered":"<p> Definicja oparta na modelu Modu\u0142 Solid Edge Model Based Definition umo\u017cliwia tworzenie kompletnych cyfrowych definicji cz\u0119\u015bci i\/lub z\u0142o\u017ce\u0144 przy u\u017cyciu modelu 3D, co przenosi u\u017cytkownik&oacute;w do w&nbsp;pe\u0142ni cyfrowego \u015brodowiska projektowania i&nbsp;produkcji. Opisane modele 3D mo\u017cna o&nbsp;wiele \u0142atwiej zrozumie\u0107 ni\u017c [&hellip;]<\/p>\n","protected":false},"author":18,"featured_media":0,"parent":2744,"menu_order":0,"comment_status":"closed","ping_status":"closed","template":"","meta":{"inline_featured_image":false},"yoast_head":"<!-- This site is optimized with the Yoast SEO plugin v18.4.1 - https:\/\/yoast.com\/wordpress\/plugins\/seo\/ -->\n<title>Definicja oparta na modelu | Solid Edge | Siemens Software<\/title>\n<meta name=\"robots\" content=\"index, follow, max-snippet:-1, max-image-preview:large, max-video-preview:-1\" \/>\n<link rel=\"canonical\" href=\"https:\/\/solidedge.siemens.com\/pl\/solutions\/products\/3d-design\/model-based-definition\/\" \/>\n<meta property=\"og:locale\" content=\"pl_PL\" \/>\n<meta property=\"og:type\" content=\"article\" \/>\n<meta property=\"og:title\" content=\"Definicja oparta na modelu | Solid Edge | Siemens Software\" \/>\n<meta property=\"og:description\" content=\"Definicja oparta na modelu Modu\u0142 Solid Edge Model Based Definition umo\u017cliwia tworzenie kompletnych cyfrowych definicji cz\u0119\u015bci i\/lub z\u0142o\u017ce\u0144 przy u\u017cyciu modelu 3D, co przenosi u\u017cytkownik&oacute;w do w&nbsp;pe\u0142ni cyfrowego \u015brodowiska projektowania i&nbsp;produkcji. Opisane modele 3D mo\u017cna o&nbsp;wiele \u0142atwiej zrozumie\u0107 ni\u017c [&hellip;]\" \/>\n<meta property=\"og:url\" content=\"https:\/\/solidedge.siemens.com\/pl\/solutions\/products\/3d-design\/model-based-definition\/\" \/>\n<meta property=\"og:site_name\" content=\"Solid Edge\" \/>\n<meta property=\"article:publisher\" content=\"https:\/\/www.facebook.com\/solidedge\" \/>\n<meta property=\"article:modified_time\" content=\"2021-05-18T18:32:55+00:00\" \/>\n<meta name=\"twitter:card\" content=\"summary_large_image\" \/>\n<meta name=\"twitter:site\" content=\"@siemensplm\" \/>\n<meta name=\"twitter:label1\" content=\"Szacowany czas czytania\" \/>\n\t<meta name=\"twitter:data1\" content=\"4 minuty\" \/>\n<script type=\"application\/ld+json\" class=\"yoast-schema-graph\">{\"@context\":\"https:\/\/schema.org\",\"@graph\":[{\"@type\":\"Organization\",\"@id\":\"https:\/\/solidedge.siemens.com\/en\/#organization\",\"name\":\"Siemens Digital Industries Software\",\"url\":\"https:\/\/solidedge.siemens.com\/en\/\",\"sameAs\":[\"https:\/\/www.facebook.com\/solidedge\",\"https:\/\/www.instagram.com\/siemens\/\",\"https:\/\/www.linkedin.com\/company\/siemens-plm-software\",\"https:\/\/www.youtube.com\/user\/PolarionSoftware\",\"https:\/\/twitter.com\/siemensplm\"],\"logo\":{\"@type\":\"ImageObject\",\"@id\":\"https:\/\/solidedge.siemens.com\/en\/#logo\",\"inLanguage\":\"pl-PL\",\"url\":\"https:\/\/solidedge.siemens.com\/wp-content\/uploads\/2018\/04\/logo-siemens-ifl@2x.png\",\"contentUrl\":\"https:\/\/solidedge.siemens.com\/wp-content\/uploads\/2018\/04\/logo-siemens-ifl@2x.png\",\"width\":640,\"height\":270,\"caption\":\"Siemens Digital Industries Software\"},\"image\":{\"@id\":\"https:\/\/solidedge.siemens.com\/en\/#logo\"}},{\"@type\":\"WebSite\",\"@id\":\"https:\/\/solidedge.siemens.com\/en\/#website\",\"url\":\"https:\/\/solidedge.siemens.com\/en\/\",\"name\":\"Solid Edge\",\"description\":\"Siemens Software\",\"publisher\":{\"@id\":\"https:\/\/solidedge.siemens.com\/en\/#organization\"},\"potentialAction\":[{\"@type\":\"SearchAction\",\"target\":{\"@type\":\"EntryPoint\",\"urlTemplate\":\"https:\/\/solidedge.siemens.com\/en\/?s={search_term_string}\"},\"query-input\":\"required name=search_term_string\"}],\"inLanguage\":\"pl-PL\"},{\"@type\":\"WebPage\",\"@id\":\"https:\/\/solidedge.siemens.com\/pl\/solutions\/products\/3d-design\/model-based-definition\/#webpage\",\"url\":\"https:\/\/solidedge.siemens.com\/pl\/solutions\/products\/3d-design\/model-based-definition\/\",\"name\":\"Definicja oparta na modelu | Solid Edge | Siemens Software\",\"isPartOf\":{\"@id\":\"https:\/\/solidedge.siemens.com\/en\/#website\"},\"datePublished\":\"2019-09-03T16:03:55+00:00\",\"dateModified\":\"2021-05-18T18:32:55+00:00\",\"breadcrumb\":{\"@id\":\"https:\/\/solidedge.siemens.com\/pl\/solutions\/products\/3d-design\/model-based-definition\/#breadcrumb\"},\"inLanguage\":\"pl-PL\",\"potentialAction\":[{\"@type\":\"ReadAction\",\"target\":[\"https:\/\/solidedge.siemens.com\/pl\/solutions\/products\/3d-design\/model-based-definition\/\"]}]},{\"@type\":\"BreadcrumbList\",\"@id\":\"https:\/\/solidedge.siemens.com\/pl\/solutions\/products\/3d-design\/model-based-definition\/#breadcrumb\",\"itemListElement\":[{\"@type\":\"ListItem\",\"position\":1,\"name\":\"Home\",\"item\":\"https:\/\/solidedge.siemens.com\/en\/home-10\/\"},{\"@type\":\"ListItem\",\"position\":2,\"name\":\"Rozwi\u0105zania\",\"item\":\"https:\/\/solidedge.siemens.com\/pl\/solutions\/\"},{\"@type\":\"ListItem\",\"position\":3,\"name\":\"Produkty\",\"item\":\"https:\/\/solidedge.siemens.com\/pl\/solutions\/products\/\"},{\"@type\":\"ListItem\",\"position\":4,\"name\":\"Projektowanie 3D\",\"item\":\"https:\/\/solidedge.siemens.com\/pl\/solutions\/products\/3d-design\/\"},{\"@type\":\"ListItem\",\"position\":5,\"name\":\"Definicja oparta na modelu\"}]}]}<\/script>\n<!-- \/ Yoast SEO plugin. -->","yoast_head_json":{"title":"Definicja oparta na modelu | Solid Edge | Siemens Software","robots":{"index":"index","follow":"follow","max-snippet":"max-snippet:-1","max-image-preview":"max-image-preview:large","max-video-preview":"max-video-preview:-1"},"canonical":"https:\/\/solidedge.siemens.com\/pl\/solutions\/products\/3d-design\/model-based-definition\/","og_locale":"pl_PL","og_type":"article","og_title":"Definicja oparta na modelu | Solid Edge | Siemens Software","og_description":"Definicja oparta na modelu Modu\u0142 Solid Edge Model Based Definition umo\u017cliwia tworzenie kompletnych cyfrowych definicji cz\u0119\u015bci i\/lub z\u0142o\u017ce\u0144 przy u\u017cyciu modelu 3D, co przenosi u\u017cytkownik&oacute;w do w&nbsp;pe\u0142ni cyfrowego \u015brodowiska projektowania i&nbsp;produkcji. Opisane modele 3D mo\u017cna o&nbsp;wiele \u0142atwiej zrozumie\u0107 ni\u017c [&hellip;]","og_url":"https:\/\/solidedge.siemens.com\/pl\/solutions\/products\/3d-design\/model-based-definition\/","og_site_name":"Solid Edge","article_publisher":"https:\/\/www.facebook.com\/solidedge","article_modified_time":"2021-05-18T18:32:55+00:00","twitter_card":"summary_large_image","twitter_site":"@siemensplm","twitter_misc":{"Szacowany czas czytania":"4 minuty"},"schema":{"@context":"https:\/\/schema.org","@graph":[{"@type":"Organization","@id":"https:\/\/solidedge.siemens.com\/en\/#organization","name":"Siemens Digital Industries Software","url":"https:\/\/solidedge.siemens.com\/en\/","sameAs":["https:\/\/www.facebook.com\/solidedge","https:\/\/www.instagram.com\/siemens\/","https:\/\/www.linkedin.com\/company\/siemens-plm-software","https:\/\/www.youtube.com\/user\/PolarionSoftware","https:\/\/twitter.com\/siemensplm"],"logo":{"@type":"ImageObject","@id":"https:\/\/solidedge.siemens.com\/en\/#logo","inLanguage":"pl-PL","url":"https:\/\/solidedge.siemens.com\/wp-content\/uploads\/2018\/04\/logo-siemens-ifl@2x.png","contentUrl":"https:\/\/solidedge.siemens.com\/wp-content\/uploads\/2018\/04\/logo-siemens-ifl@2x.png","width":640,"height":270,"caption":"Siemens Digital Industries Software"},"image":{"@id":"https:\/\/solidedge.siemens.com\/en\/#logo"}},{"@type":"WebSite","@id":"https:\/\/solidedge.siemens.com\/en\/#website","url":"https:\/\/solidedge.siemens.com\/en\/","name":"Solid Edge","description":"Siemens Software","publisher":{"@id":"https:\/\/solidedge.siemens.com\/en\/#organization"},"potentialAction":[{"@type":"SearchAction","target":{"@type":"EntryPoint","urlTemplate":"https:\/\/solidedge.siemens.com\/en\/?s={search_term_string}"},"query-input":"required name=search_term_string"}],"inLanguage":"pl-PL"},{"@type":"WebPage","@id":"https:\/\/solidedge.siemens.com\/pl\/solutions\/products\/3d-design\/model-based-definition\/#webpage","url":"https:\/\/solidedge.siemens.com\/pl\/solutions\/products\/3d-design\/model-based-definition\/","name":"Definicja oparta na modelu | Solid Edge | Siemens Software","isPartOf":{"@id":"https:\/\/solidedge.siemens.com\/en\/#website"},"datePublished":"2019-09-03T16:03:55+00:00","dateModified":"2021-05-18T18:32:55+00:00","breadcrumb":{"@id":"https:\/\/solidedge.siemens.com\/pl\/solutions\/products\/3d-design\/model-based-definition\/#breadcrumb"},"inLanguage":"pl-PL","potentialAction":[{"@type":"ReadAction","target":["https:\/\/solidedge.siemens.com\/pl\/solutions\/products\/3d-design\/model-based-definition\/"]}]},{"@type":"BreadcrumbList","@id":"https:\/\/solidedge.siemens.com\/pl\/solutions\/products\/3d-design\/model-based-definition\/#breadcrumb","itemListElement":[{"@type":"ListItem","position":1,"name":"Home","item":"https:\/\/solidedge.siemens.com\/en\/home-10\/"},{"@type":"ListItem","position":2,"name":"Rozwi\u0105zania","item":"https:\/\/solidedge.siemens.com\/pl\/solutions\/"},{"@type":"ListItem","position":3,"name":"Produkty","item":"https:\/\/solidedge.siemens.com\/pl\/solutions\/products\/"},{"@type":"ListItem","position":4,"name":"Projektowanie 3D","item":"https:\/\/solidedge.siemens.com\/pl\/solutions\/products\/3d-design\/"},{"@type":"ListItem","position":5,"name":"Definicja oparta na modelu"}]}]}},"_links":{"self":[{"href":"https:\/\/solidedge.siemens.com\/pl\/wp-json\/wp\/v2\/pages\/20410"}],"collection":[{"href":"https:\/\/solidedge.siemens.com\/pl\/wp-json\/wp\/v2\/pages"}],"about":[{"href":"https:\/\/solidedge.siemens.com\/pl\/wp-json\/wp\/v2\/types\/page"}],"author":[{"embeddable":true,"href":"https:\/\/solidedge.siemens.com\/pl\/wp-json\/wp\/v2\/users\/18"}],"replies":[{"embeddable":true,"href":"https:\/\/solidedge.siemens.com\/pl\/wp-json\/wp\/v2\/comments?post=20410"}],"version-history":[{"count":7,"href":"https:\/\/solidedge.siemens.com\/pl\/wp-json\/wp\/v2\/pages\/20410\/revisions"}],"predecessor-version":[{"id":40727,"href":"https:\/\/solidedge.siemens.com\/pl\/wp-json\/wp\/v2\/pages\/20410\/revisions\/40727"}],"up":[{"embeddable":true,"href":"https:\/\/solidedge.siemens.com\/pl\/wp-json\/wp\/v2\/pages\/2744"}],"wp:attachment":[{"href":"https:\/\/solidedge.siemens.com\/pl\/wp-json\/wp\/v2\/media?parent=20410"}],"curies":[{"name":"wp","href":"https:\/\/api.w.org\/{rel}","templated":true}]}}