{"id":20403,"date":"2019-09-03T11:59:43","date_gmt":"2019-09-03T15:59:43","guid":{"rendered":"https:\/\/solidedge.siemens.com\/?page_id=20403"},"modified":"2021-05-18T11:38:31","modified_gmt":"2021-05-18T15:38:31","slug":"pcb-collaboration","status":"publish","type":"page","link":"https:\/\/solidedge.siemens.com\/pl\/solutions\/products\/electrical-design\/pcb-collaboration\/","title":{"rendered":"PCB Collaboration"},"content":{"rendered":"<p>[vc_row full_width=&#8221;stretch_row&#8221; full_height=&#8221;yes&#8221; content_placement=&#8221;middle&#8221; css=&#8221;.vc_custom_1573054535921{background: #a6a6a6 url(https:\/\/solidedge.siemens.com\/wp-content\/uploads\/2019\/11\/PCB-Collaboration-Header.jpg?id=20636) !important;background-position: center !important;background-repeat: no-repeat !important;background-size: cover !important;}&#8221; el_class=&#8221;vc-row-hero-banner&#8221;][vc_column][vc_column_text el_class=&#8221;.vc-el-callout&#8221;]<br \/>\n<!-- wpml:html_fragment <\/p>\n\n --><br class=\"xliff-newline\" \/><\/p>\n<h1>Solid Edge PCB Collaboration<\/h1>\n<p><br class=\"xliff-newline\" \/><\/p>\n<p>Modu\u0142 Solid Edge PCB Collaboration usuwa bariery mi\u0119dzy \u015brodowiskami ECAD i&nbsp;MCAD, skutecznie przekazuj\u0105c za\u0142o\u017cenia projektowe mi\u0119dzy tymi dwiema domenami, pozwalaj\u0105c jednocze\u015bnie in\u017cynierom na pozostanie w&nbsp;znanych sobie \u015brodowiskach. Oprogramowanie oferuje intuicyjn\u0105 wizualizacj\u0119 3D p\u0142ytki drukowanej oraz jej obrysu, pozwalaj\u0105c na \u0142atwe tworzenie i&nbsp;eksport za\u0142o\u017ce\u0144 projektowych dotycz\u0105cych p\u0142ytki.<\/p>\n<p><br class=\"xliff-newline\" \/><\/p>\n<p>Fotorealistyczny widok komponent&oacute;w p\u0142ytki PCB pomaga w&nbsp;dok\u0142adnym zaprojektowaniu produktu elektromechanicznego.[\/vc_column_text][\/vc_column][\/vc_row][vc_row full_width=&#8221;stretch_row&#8221; el_class=&#8221;vc-row-shoutbox&#8221; css=&#8221;.vc_custom_1580926011380{background-color: #003750 !important;}&#8221;][vc_column width=&#8221;1\/3&#8243;][vc_single_image image=&#8221;21750&#8243; img_size=&#8221;medium&#8221; alignment=&#8221;center&#8221;][\/vc_column][vc_column width=&#8221;2\/3&#8243;][vc_column_text el_class=&#8221;vc-el-lead-in&#8221;]E-book<!-- wpml:html_fragment <\/p>\n\n --><br class=\"xliff-newline\" \/><\/p>\n<h2>Projektowanie p\u0142ytek drukowanych: korzy\u015bci p\u0142yn\u0105ce ze wsp&oacute;\u0142pracy<\/h2>\n<p><br class=\"xliff-newline\" \/><\/p>\n<p><span>Przeczytaj e-book po\u015bwi\u0119cony najlepszym praktykom, aby dowiedzie\u0107 si\u0119, jak wsp&oacute;\u0142praca mi\u0119dzy \u015brodowiskiem projektowania instalacji elektrycznych i&nbsp;element&oacute;w mechanicznych pozwala unikn\u0105\u0107 kosztownych i&nbsp;czasoch\u0142onnych zmian wprowadzanych w&nbsp;ostatniej chwili.&nbsp;<\/span><\/p>\n<p><br class=\"xliff-newline\" \/><\/p>\n<p><a class=\"action-button\" href=\"https:\/\/solidedge.siemens.com\/en\/resource\/ebook\/pcb-design-benefits-of-collaboration\/\" target=\"_blank\" rel=\"noopener noreferrer\"><i class=\"icon-ext\"><\/i>Przeczytaj artyku\u0142 techniczny<\/a>[\/vc_column_text][\/vc_column][\/vc_row][vc_row full_width=&#8221;stretch_row&#8221; css=&#8221;.vc_custom_1560026182080{background-color: #ecf0f5 !important;}&#8221;][vc_column][vc_column_text]Funkcje<!-- wpml:html_fragment <\/p>\n\n --><br class=\"xliff-newline\" \/><\/p>\n<h2>Tworzenie obwod&oacute;w drukowanych<\/h2>\n<p><br class=\"xliff-newline\" \/><\/p>\n<p>\n[\/vc_column_text][vc_column_text]<br \/>\n<!-- wpml:html_fragment <\/p>\n\n --><br class=\"xliff-newline\" \/><\/p>\n<ul class=\"checkmarks\"><br class=\"xliff-newline\" \/><\/p>\n<li>Wykorzystanie modeli 3D z&nbsp;najlepszych w&nbsp;bran\u017cy \u015brodowisk p\u0142ytek drukowanych przy u\u017cyciu otwartego, interoperacyjnego \u015brodowiska.<\/li>\n<p><br class=\"xliff-newline\" \/><\/p>\n<li>W \u0142atwy spos&oacute;b tw&oacute;rz i&nbsp;eksportuj za\u0142o\u017cenia projektowe dla uk\u0142ad&oacute;w drukowanych ze \u015brodowiska MCAD<\/li>\n<p><br class=\"xliff-newline\" \/><\/p>\n<li>Sprawnie przekazuj dane dwukierunkowo mi\u0119dzy domenami przy u\u017cyciu formatu danych IDX &mdash; udost\u0119pniaj wy\u0142\u0105cznie dane niezb\u0119dne do wprowadzenia zmian<\/li>\n<p><br class=\"xliff-newline\" \/><\/p>\n<li>U\u017cywaj realistycznych, tr&oacute;jwymiarowych widok&oacute;w komponent&oacute;w p\u0142ytek drukowanych, aby usprawni\u0107 tworzenie projektu<\/li>\n<p><br class=\"xliff-newline\" \/><\/p>\n<li>W&nbsp;\u0142atwy spos&oacute;b lokalizuj komponenty p\u0142ytek drukowanych, u\u017cywaj\u0105c funkcji Pathfinder<\/li>\n<p><br class=\"xliff-newline\" \/><\/p>\n<li>Wy\u015bwietlaj w\u0142a\u015bciwo\u015bci komponentu jednym klikni\u0119ciem &mdash; nie musisz ju\u017c szuka\u0107 cz\u0119\u015bci w&nbsp;\u015brodowisku graficznym<\/li>\n<p><br class=\"xliff-newline\" \/><\/p>\n<li>Automatycznie dopasowuj i&nbsp;mapuj modele 3D z&nbsp;dowolnego oprogramowania Mentor do produkcji p\u0142ytek drukowanych, na przyk\u0142ad PADS Professional i&nbsp;Xpedition<\/li>\n<p><br class=\"xliff-newline\" \/><\/p>\n<li>Importuj dane dotycz\u0105ce element&oacute;w miedzianych w&nbsp;formie szkic&oacute;w z&nbsp;domeny elektrycznej<\/li>\n<p><br class=\"xliff-newline\" \/><\/ul>\n<p><br class=\"xliff-newline\" \/><\/p>\n<p>\n[\/vc_column_text][vc_column_text]<!-- wpml:html_fragment <\/p>\n\n --><br class=\"xliff-newline\" \/><\/p>\n<p><a href=\"https:\/\/media.plm.automation.siemens.com\/solidedge\/data-brief\/Siemens-SW-Solid-Edge-PCB-Collaboration-FS-77726-C10.pdf\" target=\"_blank\" noopener rel=\"noopener\"><i class=\"icon-ext\"><\/i> Pobierz kart\u0119 charakterystyki modu\u0142u PCB Collaboration w&nbsp;Solid Edge<\/a><\/p>\n<p><br class=\"xliff-newline\" \/><\/p>\n<p>[\/vc_column_text][vc_column_text]<!-- wpml:html_fragment <\/p>\n\n --><br class=\"xliff-newline\" \/><\/p>\n<p>Mimo \u017ce modu\u0142 Solid Edge PCB Collaboration jest doskonale zintegrowany z&nbsp;modu\u0142em Solid Edge PCB Design, stanowi jednocze\u015bnie otwarte, interoperacyjne \u015brodowisko, kt&oacute;re mo\u017cna r&oacute;wnie\u017c wdro\u017cy\u0107 w&nbsp;po\u0142\u0105czeniu z&nbsp;innymi wiod\u0105cymi w&nbsp;bran\u017cy aplikacjami do projektowania p\u0142ytek drukowanych, wykorzystuj\u0105cymi format IDX do wsp&oacute;\u0142pracy mi\u0119dzy domen\u0105 ECAD i&nbsp;MCAD. Modu\u0142 Solid Edge PCB Collaboration obs\u0142uguje format IDX 2.0 i 3.0.<\/p>\n<p><br class=\"xliff-newline\" \/><\/p>\n<p>[\/vc_column_text][\/vc_column][\/vc_row][vc_row full_width=&#8221;stretch_row&#8221; el_class=&#8221;vc-row-video-highlight&#8221;][vc_column][vc_column_text el_class=&#8221;vc-el-lead-in&#8221;]Film<!-- wpml:html_fragment <\/p>\n\n --><br class=\"xliff-newline\" \/><\/p>\n<h2>Zobacz, jak dzia\u0142a modu\u0142 PCB Design i&nbsp;PCB Collaboration w&nbsp;Solid Edge<\/h2>\n<p><br class=\"xliff-newline\" \/><\/p>\n<p>W pe\u0142ni zintegrowany uk\u0142ad 3D, wraz z&nbsp;rozmieszczeniem, wi\u0119zami, sprawdzaniem regu\u0142 projektowania (DRC) i&nbsp;fotorealistyczn\u0105 wizualizacj\u0105 zmniejsza do minimum liczb\u0119 iteracji MCAD. Modu\u0142 Solid Edge PCB Collaboration efektywnie przekazuje dane dwukierunkowo mi\u0119dzy \u015brodowiskiem ECAD i&nbsp;MCAD, co pozwala na przeniesienie za\u0142o\u017ce\u0144 projektowych ze \u015brodowiska MCAD do modu\u0142u PCB Design w&nbsp;celu dokonania wst\u0119pnego rozmieszczenia.<\/p>\n<p><br class=\"xliff-newline\" \/><\/p>\n<p class=\"see-more\" style=\"text-align: right;\"><a href=\"https:\/\/solidedge.siemens.com\/pl\/resources\/videos\/\">Zobacz wi\u0119cej materia\u0142&oacute;w wideo<\/a><\/p>\n<p><br class=\"xliff-newline\" \/><\/p>\n<p>\n[\/vc_column_text][vc_column_text]<div id=\"wpfp_96010158945361775f7934ee3367c241\" data-item=\"{&quot;sources&quot;:[{&quot;src&quot;:&quot;https:\\\/\\\/media.plm.automation.siemens.com\\\/solidedge\\\/videos\\\/2020-Pcb-Design-And-Collaboration-In-Solid-Edge.mp4&quot;,&quot;type&quot;:&quot;video\\\/mp4&quot;}]}\" class=\"flowplayer no-brand is-splash no-svg is-paused skin-slim fp-slim fp-edgy\" data-embed=\"false\" style=\"max-width: 1920px; max-height: 1080px; background-image: url(https:\/\/solidedge.siemens.com\/wp-content\/uploads\/2019\/06\/2020-pcb-design-collaboration-featured.jpg);\" data-ratio=\"0.5625\" data-advance=\"false\">\n\t<div class=\"fp-ratio\" style=\"padding-top: 56.25%\"><\/div>\n\t<div class=\"fp-ui\"><div class=\"fp-play fp-visible\"><a class=\"fp-icon fp-playbtn\"><\/a><\/div><\/div>\n\n<\/div>\n[\/vc_column_text][\/vc_column][\/vc_row][vc_row full_width=&#8221;stretch_row&#8221; el_class=&#8221;vc-row-related-content&#8221; css=&#8221;.vc_custom_1524184785822{background-color: #347eb5 !important;}&#8221;][vc_column][vc_column_text]<br \/>\n<!-- wpml:html_fragment <\/p>\n\n --><br class=\"xliff-newline\" \/><\/p>\n<h2>Powi\u0105zane tre\u015bci<\/h2>\n<p><br class=\"xliff-newline\" \/><\/p>\n<p>\n[\/vc_column_text]<div id=\"ult-carousel-139372570669d29c48d17fc\" class=\"ult-carousel-wrapper  vc-el-carousel-related-content ult_horizontal\" data-gutter=\"0\" data-rtl=\"false\" ><div class=\"ult-carousel-79009976569d29c48d17d7 \" >[vc_column_text]<a href=\"https:\/\/media.plm.automation.siemens.com\/solidedge\/data-brief\/Siemens-SW-Solid-Edge-PCB-Collaboration-fs-77726-C7.pdf\">Zapoznaj si\u0119 z kart\u0105 charakterystyki modu\u0142u Solid Edge PCB Collaboration<\/a>[\/vc_column_text][vc_column_text]<\/p>\n<p><!-- wpml:html_fragment <\/p>\n\n --><br class=\"xliff-newline\" \/><\/p>\n<p><a href=\"https:\/\/solidedge.siemens.com\/pl\/solutions\/products\/complete-product-development-portfolio\/whats-new-in-solid-edge-2020\/\">Co nowego w Solid Edge 2021<\/a><\/p>\n<p><br class=\"xliff-newline\" \/><\/p>\n<p>[\/vc_column_text][vc_column_text]<a href=\"https:\/\/solidedge.siemens.com\/en\/pages\/improving-electromechanical-design-collaboration\/\">Pobierz artyku\u0142 techniczny dotycz\u0105cy projektowania elektromechanicznego<\/a>[\/vc_column_text][vc_column_text]<a href=\"https:\/\/solidedge.siemens.com\/wp-content\/uploads\/2018\/10\/DEVELOP3D-Solid-Edge-Electromechanical-Brief.pdf\">Pobierz broszur\u0119 przygotowan\u0105 przez firm\u0119 DEVELOP3D<\/a>[\/vc_column_text][vc_column_text]<\/p>\n<p><!-- wpml:html_fragment <\/p>\n\n --><br class=\"xliff-newline\" \/><\/p>\n<p><a href=\"https:\/\/solidedge.siemens.com\/en\/resource\/ebook\/resolving-electrical-system-changes\/\">Pobierz e-book po\u015bwi\u0119cony rozwi\u0105zywaniu problem&oacute;w dotycz\u0105cych zmian w&nbsp;uk\u0142adach elektrycznych<\/a><\/p>\n<p><br class=\"xliff-newline\" \/><\/p>\n<p>[\/vc_column_text][vc_column_text]<a href=\"http:\/\/community.plm.automation.siemens.com\/t5\/Solid-Edge-User-Community\/ct-p\/solid-edge\">Spo\u0142eczno\u015b\u0107 Solid Edge<\/a>[\/vc_column_text][vc_column_text]<a href=\"https:\/\/www.facebook.com\/solidedge\">Solid Edge w serwisie Facebook<\/a>[\/vc_column_text][vc_column_text]<a href=\"https:\/\/www.youtube.com\/user\/SiemensPLM\/playlists?shelf_id=18&amp;view=50&amp;sort=dd\">Solid Edge on YouTube<\/a>[\/vc_column_text]<\/div><\/div>\t\t\t<script type=\"text\/javascript\">\r\n\t\t\t\tjQuery(document).ready(function ($) {\r\n\t\t\t\t\tif( typeof jQuery('.ult-carousel-79009976569d29c48d17d7').slick == \"function\"){\r\n\t\t\t\t\t\t$('.ult-carousel-79009976569d29c48d17d7').slick({dots: true,autoplaySpeed: 5000,speed: 500,infinite: false,arrows: true,nextArrow: '<button type=\"button\" role=\"button\" aria-label=\"Next\" style=\"color:#ffffff; font-size:30px;background:rgba(255,255,255,0.2);\" class=\"slick-next square-bg\"><i class=\"ultsl-arrow-right6\"><\/i><\/button>',prevArrow: '<button type=\"button\" role=\"button\" aria-label=\"Previous\" style=\"color:#ffffff; font-size:30px;background:rgba(255,255,255,0.2);\" class=\"slick-prev square-bg\"><i class=\"ultsl-arrow-left6\"><\/i><\/button>',slidesToScroll:4,slidesToShow:4,swipe: true,draggable: true,touchMove: true,pauseOnHover: true,pauseOnFocus: false,responsive: [\r\n\t\t\t\t\t\t\t{\r\n\t\t\t\t\t\t\t  breakpoint: 1026,\r\n\t\t\t\t\t\t\t  settings: {\r\n\t\t\t\t\t\t\t\tslidesToShow: 4,\r\n\t\t\t\t\t\t\t\tslidesToScroll: 4,  \r\n\t\t\t\t\t\t\t  }\r\n\t\t\t\t\t\t\t},\r\n\t\t\t\t\t\t\t{\r\n\t\t\t\t\t\t\t  breakpoint: 1025,\r\n\t\t\t\t\t\t\t  settings: {\r\n\t\t\t\t\t\t\t\tslidesToShow: 2,\r\n\t\t\t\t\t\t\t\tslidesToScroll: 2\r\n\t\t\t\t\t\t\t  }\r\n\t\t\t\t\t\t\t},\r\n\t\t\t\t\t\t\t{\r\n\t\t\t\t\t\t\t  breakpoint: 760,\r\n\t\t\t\t\t\t\t  settings: {\r\n\t\t\t\t\t\t\t\tslidesToShow: 1,\r\n\t\t\t\t\t\t\t\tslidesToScroll: 1\r\n\t\t\t\t\t\t\t  }\r\n\t\t\t\t\t\t\t}\r\n\t\t\t\t\t\t],pauseOnDotsHover: true,customPaging: function(slider, i) {\r\n                   return '<i type=\"button\" style= \"color:#ffffff;\" class=\"ultsl-record\" data-role=\"none\"><\/i>';\r\n                },});\r\n\t\t\t\t\t}\r\n\t\t\t\t});\r\n\t\t\t<\/script>\r\n\t\t\t[\/vc_column][\/vc_row][vc_row full_width=&#8221;stretch_row&#8221; el_class=&#8221;footer-contact&#8221; css=&#8221;.vc_custom_1550170708528{background-color: #dedee3 !important;}&#8221;][vc_column]<div class=\"wpb_content_block wpb_content_element\"><div class=\"wpb_wrapper\"><\/div><\/div>[\/vc_column][\/vc_row]<\/p>\n","protected":false},"excerpt":{"rendered":"<p> Solid Edge PCB Collaboration Modu\u0142 Solid Edge PCB Collaboration usuwa bariery mi\u0119dzy \u015brodowiskami ECAD i&nbsp;MCAD, skutecznie przekazuj\u0105c za\u0142o\u017cenia projektowe mi\u0119dzy tymi dwiema domenami, pozwalaj\u0105c jednocze\u015bnie in\u017cynierom na pozostanie w&nbsp;znanych sobie \u015brodowiskach. Oprogramowanie oferuje intuicyjn\u0105 wizualizacj\u0119 3D p\u0142ytki drukowanej oraz [&hellip;]<\/p>\n","protected":false},"author":18,"featured_media":0,"parent":1564,"menu_order":0,"comment_status":"closed","ping_status":"closed","template":"","meta":{"inline_featured_image":false},"yoast_head":"<!-- This site is optimized with the Yoast SEO plugin v18.4.1 - https:\/\/yoast.com\/wordpress\/plugins\/seo\/ -->\n<title>PCB Collaboration | Solid Edge | Siemens Software<\/title>\n<meta name=\"robots\" content=\"index, follow, max-snippet:-1, max-image-preview:large, max-video-preview:-1\" \/>\n<link rel=\"canonical\" href=\"https:\/\/solidedge.siemens.com\/pl\/solutions\/products\/electrical-design\/pcb-collaboration\/\" \/>\n<meta property=\"og:locale\" content=\"pl_PL\" \/>\n<meta property=\"og:type\" content=\"article\" \/>\n<meta property=\"og:title\" content=\"PCB Collaboration | Solid Edge | Siemens Software\" \/>\n<meta property=\"og:description\" content=\"Solid Edge PCB Collaboration Modu\u0142 Solid Edge PCB Collaboration usuwa bariery mi\u0119dzy \u015brodowiskami ECAD i&nbsp;MCAD, skutecznie przekazuj\u0105c za\u0142o\u017cenia projektowe mi\u0119dzy tymi dwiema domenami, pozwalaj\u0105c jednocze\u015bnie in\u017cynierom na pozostanie w&nbsp;znanych sobie \u015brodowiskach. Oprogramowanie oferuje intuicyjn\u0105 wizualizacj\u0119 3D p\u0142ytki drukowanej oraz [&hellip;]\" \/>\n<meta property=\"og:url\" content=\"https:\/\/solidedge.siemens.com\/pl\/solutions\/products\/electrical-design\/pcb-collaboration\/\" \/>\n<meta property=\"og:site_name\" content=\"Solid Edge\" \/>\n<meta property=\"article:publisher\" content=\"https:\/\/www.facebook.com\/solidedge\" \/>\n<meta property=\"article:modified_time\" content=\"2021-05-18T15:38:31+00:00\" \/>\n<meta name=\"twitter:card\" content=\"summary_large_image\" \/>\n<meta name=\"twitter:site\" content=\"@siemensplm\" \/>\n<meta name=\"twitter:label1\" content=\"Szacowany czas czytania\" \/>\n\t<meta name=\"twitter:data1\" content=\"4 minuty\" \/>\n<script type=\"application\/ld+json\" class=\"yoast-schema-graph\">{\"@context\":\"https:\/\/schema.org\",\"@graph\":[{\"@type\":\"Organization\",\"@id\":\"https:\/\/solidedge.siemens.com\/en\/#organization\",\"name\":\"Siemens Digital Industries Software\",\"url\":\"https:\/\/solidedge.siemens.com\/en\/\",\"sameAs\":[\"https:\/\/www.facebook.com\/solidedge\",\"https:\/\/www.instagram.com\/siemens\/\",\"https:\/\/www.linkedin.com\/company\/siemens-plm-software\",\"https:\/\/www.youtube.com\/user\/PolarionSoftware\",\"https:\/\/twitter.com\/siemensplm\"],\"logo\":{\"@type\":\"ImageObject\",\"@id\":\"https:\/\/solidedge.siemens.com\/en\/#logo\",\"inLanguage\":\"pl-PL\",\"url\":\"https:\/\/solidedge.siemens.com\/wp-content\/uploads\/2018\/04\/logo-siemens-ifl@2x.png\",\"contentUrl\":\"https:\/\/solidedge.siemens.com\/wp-content\/uploads\/2018\/04\/logo-siemens-ifl@2x.png\",\"width\":640,\"height\":270,\"caption\":\"Siemens Digital Industries Software\"},\"image\":{\"@id\":\"https:\/\/solidedge.siemens.com\/en\/#logo\"}},{\"@type\":\"WebSite\",\"@id\":\"https:\/\/solidedge.siemens.com\/en\/#website\",\"url\":\"https:\/\/solidedge.siemens.com\/en\/\",\"name\":\"Solid Edge\",\"description\":\"Siemens Software\",\"publisher\":{\"@id\":\"https:\/\/solidedge.siemens.com\/en\/#organization\"},\"potentialAction\":[{\"@type\":\"SearchAction\",\"target\":{\"@type\":\"EntryPoint\",\"urlTemplate\":\"https:\/\/solidedge.siemens.com\/en\/?s={search_term_string}\"},\"query-input\":\"required name=search_term_string\"}],\"inLanguage\":\"pl-PL\"},{\"@type\":\"WebPage\",\"@id\":\"https:\/\/solidedge.siemens.com\/pl\/solutions\/products\/electrical-design\/pcb-collaboration\/#webpage\",\"url\":\"https:\/\/solidedge.siemens.com\/pl\/solutions\/products\/electrical-design\/pcb-collaboration\/\",\"name\":\"PCB Collaboration | Solid Edge | Siemens Software\",\"isPartOf\":{\"@id\":\"https:\/\/solidedge.siemens.com\/en\/#website\"},\"datePublished\":\"2019-09-03T15:59:43+00:00\",\"dateModified\":\"2021-05-18T15:38:31+00:00\",\"breadcrumb\":{\"@id\":\"https:\/\/solidedge.siemens.com\/pl\/solutions\/products\/electrical-design\/pcb-collaboration\/#breadcrumb\"},\"inLanguage\":\"pl-PL\",\"potentialAction\":[{\"@type\":\"ReadAction\",\"target\":[\"https:\/\/solidedge.siemens.com\/pl\/solutions\/products\/electrical-design\/pcb-collaboration\/\"]}]},{\"@type\":\"BreadcrumbList\",\"@id\":\"https:\/\/solidedge.siemens.com\/pl\/solutions\/products\/electrical-design\/pcb-collaboration\/#breadcrumb\",\"itemListElement\":[{\"@type\":\"ListItem\",\"position\":1,\"name\":\"Home\",\"item\":\"https:\/\/solidedge.siemens.com\/en\/home-10\/\"},{\"@type\":\"ListItem\",\"position\":2,\"name\":\"Rozwi\u0105zania\",\"item\":\"https:\/\/solidedge.siemens.com\/pl\/solutions\/\"},{\"@type\":\"ListItem\",\"position\":3,\"name\":\"Produkty\",\"item\":\"https:\/\/solidedge.siemens.com\/pl\/solutions\/products\/\"},{\"@type\":\"ListItem\",\"position\":4,\"name\":\"Projektowanie instalacji elektrycznych\",\"item\":\"https:\/\/solidedge.siemens.com\/pl\/solutions\/products\/electrical-design\/\"},{\"@type\":\"ListItem\",\"position\":5,\"name\":\"PCB Collaboration\"}]}]}<\/script>\n<!-- \/ Yoast SEO plugin. -->","yoast_head_json":{"title":"PCB Collaboration | Solid Edge | Siemens Software","robots":{"index":"index","follow":"follow","max-snippet":"max-snippet:-1","max-image-preview":"max-image-preview:large","max-video-preview":"max-video-preview:-1"},"canonical":"https:\/\/solidedge.siemens.com\/pl\/solutions\/products\/electrical-design\/pcb-collaboration\/","og_locale":"pl_PL","og_type":"article","og_title":"PCB Collaboration | Solid Edge | Siemens Software","og_description":"Solid Edge PCB Collaboration Modu\u0142 Solid Edge PCB Collaboration usuwa bariery mi\u0119dzy \u015brodowiskami ECAD i&nbsp;MCAD, skutecznie przekazuj\u0105c za\u0142o\u017cenia projektowe mi\u0119dzy tymi dwiema domenami, pozwalaj\u0105c jednocze\u015bnie in\u017cynierom na pozostanie w&nbsp;znanych sobie \u015brodowiskach. Oprogramowanie oferuje intuicyjn\u0105 wizualizacj\u0119 3D p\u0142ytki drukowanej oraz [&hellip;]","og_url":"https:\/\/solidedge.siemens.com\/pl\/solutions\/products\/electrical-design\/pcb-collaboration\/","og_site_name":"Solid Edge","article_publisher":"https:\/\/www.facebook.com\/solidedge","article_modified_time":"2021-05-18T15:38:31+00:00","twitter_card":"summary_large_image","twitter_site":"@siemensplm","twitter_misc":{"Szacowany czas czytania":"4 minuty"},"schema":{"@context":"https:\/\/schema.org","@graph":[{"@type":"Organization","@id":"https:\/\/solidedge.siemens.com\/en\/#organization","name":"Siemens Digital Industries Software","url":"https:\/\/solidedge.siemens.com\/en\/","sameAs":["https:\/\/www.facebook.com\/solidedge","https:\/\/www.instagram.com\/siemens\/","https:\/\/www.linkedin.com\/company\/siemens-plm-software","https:\/\/www.youtube.com\/user\/PolarionSoftware","https:\/\/twitter.com\/siemensplm"],"logo":{"@type":"ImageObject","@id":"https:\/\/solidedge.siemens.com\/en\/#logo","inLanguage":"pl-PL","url":"https:\/\/solidedge.siemens.com\/wp-content\/uploads\/2018\/04\/logo-siemens-ifl@2x.png","contentUrl":"https:\/\/solidedge.siemens.com\/wp-content\/uploads\/2018\/04\/logo-siemens-ifl@2x.png","width":640,"height":270,"caption":"Siemens Digital Industries Software"},"image":{"@id":"https:\/\/solidedge.siemens.com\/en\/#logo"}},{"@type":"WebSite","@id":"https:\/\/solidedge.siemens.com\/en\/#website","url":"https:\/\/solidedge.siemens.com\/en\/","name":"Solid Edge","description":"Siemens Software","publisher":{"@id":"https:\/\/solidedge.siemens.com\/en\/#organization"},"potentialAction":[{"@type":"SearchAction","target":{"@type":"EntryPoint","urlTemplate":"https:\/\/solidedge.siemens.com\/en\/?s={search_term_string}"},"query-input":"required name=search_term_string"}],"inLanguage":"pl-PL"},{"@type":"WebPage","@id":"https:\/\/solidedge.siemens.com\/pl\/solutions\/products\/electrical-design\/pcb-collaboration\/#webpage","url":"https:\/\/solidedge.siemens.com\/pl\/solutions\/products\/electrical-design\/pcb-collaboration\/","name":"PCB Collaboration | Solid Edge | Siemens Software","isPartOf":{"@id":"https:\/\/solidedge.siemens.com\/en\/#website"},"datePublished":"2019-09-03T15:59:43+00:00","dateModified":"2021-05-18T15:38:31+00:00","breadcrumb":{"@id":"https:\/\/solidedge.siemens.com\/pl\/solutions\/products\/electrical-design\/pcb-collaboration\/#breadcrumb"},"inLanguage":"pl-PL","potentialAction":[{"@type":"ReadAction","target":["https:\/\/solidedge.siemens.com\/pl\/solutions\/products\/electrical-design\/pcb-collaboration\/"]}]},{"@type":"BreadcrumbList","@id":"https:\/\/solidedge.siemens.com\/pl\/solutions\/products\/electrical-design\/pcb-collaboration\/#breadcrumb","itemListElement":[{"@type":"ListItem","position":1,"name":"Home","item":"https:\/\/solidedge.siemens.com\/en\/home-10\/"},{"@type":"ListItem","position":2,"name":"Rozwi\u0105zania","item":"https:\/\/solidedge.siemens.com\/pl\/solutions\/"},{"@type":"ListItem","position":3,"name":"Produkty","item":"https:\/\/solidedge.siemens.com\/pl\/solutions\/products\/"},{"@type":"ListItem","position":4,"name":"Projektowanie instalacji elektrycznych","item":"https:\/\/solidedge.siemens.com\/pl\/solutions\/products\/electrical-design\/"},{"@type":"ListItem","position":5,"name":"PCB Collaboration"}]}]}},"_links":{"self":[{"href":"https:\/\/solidedge.siemens.com\/pl\/wp-json\/wp\/v2\/pages\/20403"}],"collection":[{"href":"https:\/\/solidedge.siemens.com\/pl\/wp-json\/wp\/v2\/pages"}],"about":[{"href":"https:\/\/solidedge.siemens.com\/pl\/wp-json\/wp\/v2\/types\/page"}],"author":[{"embeddable":true,"href":"https:\/\/solidedge.siemens.com\/pl\/wp-json\/wp\/v2\/users\/18"}],"replies":[{"embeddable":true,"href":"https:\/\/solidedge.siemens.com\/pl\/wp-json\/wp\/v2\/comments?post=20403"}],"version-history":[{"count":3,"href":"https:\/\/solidedge.siemens.com\/pl\/wp-json\/wp\/v2\/pages\/20403\/revisions"}],"predecessor-version":[{"id":40599,"href":"https:\/\/solidedge.siemens.com\/pl\/wp-json\/wp\/v2\/pages\/20403\/revisions\/40599"}],"up":[{"embeddable":true,"href":"https:\/\/solidedge.siemens.com\/pl\/wp-json\/wp\/v2\/pages\/1564"}],"wp:attachment":[{"href":"https:\/\/solidedge.siemens.com\/pl\/wp-json\/wp\/v2\/media?parent=20403"}],"curies":[{"name":"wp","href":"https:\/\/api.w.org\/{rel}","templated":true}]}}