{"id":20394,"date":"2019-09-03T11:56:18","date_gmt":"2019-09-03T15:56:18","guid":{"rendered":"https:\/\/solidedge.siemens.com\/?page_id=20394"},"modified":"2022-11-21T10:06:10","modified_gmt":"2022-11-21T15:06:10","slug":"2d-nesting","status":"publish","type":"page","link":"https:\/\/solidedge.siemens.com\/pl\/solutions\/products\/computer-aided-manufacturing-cam\/2d-nesting\/","title":{"rendered":"2D Nesting"},"content":{"rendered":"<p>[vc_row full_width=&#8221;stretch_row&#8221; full_height=&#8221;yes&#8221; content_placement=&#8221;middle&#8221; css=&#8221;.vc_custom_1560147283539{background: #a6a6a6 url(https:\/\/solidedge.siemens.com\/wp-content\/uploads\/2019\/06\/2d-nesting-header.jpg?id=17161) !important;background-position: center !important;background-repeat: no-repeat !important;background-size: cover !important;}&#8221; el_class=&#8221;vc-row-hero-banner&#8221;][vc_column][vc_column_text el_class=&#8221;.vc-el-callout&#8221;]<br \/>\n<!-- wpml:html_fragment --><\/p>\n<h1>Solid Edge 2D Nesting<\/h1>\n<p><br class=\"xliff-newline\" \/>Optymalizuj uk\u0142ady ci\u0119cia, oszcz\u0119dzaj\u0105c przy tym czas i\u00a0ograniczaj\u0105c koszt materia\u0142\u00f3w.[\/vc_column_text][\/vc_column][\/vc_row][vc_row full_width=&#8221;stretch_row&#8221; equal_height=&#8221;yes&#8221; css=&#8221;.vc_custom_1559667461983{background-color: #ebf0f6 !important;}&#8221;][vc_column][vc_column_text]<!-- wpml:html_fragment --><br class=\"xliff-newline\" \/>Modu\u0142 Solid Edge 2D Nesting pozwala na generowanie zoptymalizowanych, dwuwymiarowych rozk\u0142ad\u00f3w ci\u0119cia materia\u0142\u00f3w takich jak: blacha, plastik, drewno, tkaniny i\u00a0tekstylia. Oszcz\u0119dza to czas i\u00a0pieni\u0105dze producent\u00f3w, pozwalaj\u0105c na bardziej wydajne wykorzystanie materia\u0142u.<\/p>\n<p><br class=\"xliff-newline\" \/>Nesting, czyli efektywna organizacja kszta\u0142t\u00f3w 2D na jednej powierzchni ci\u0119cia, przypomina proces, kt\u00f3ry przez dziesi\u0119ciolecia wykorzystywali krawcy. Zoptymalizowane uk\u0142ady stworzone przez algorytm nowej generacji znacz\u0105co skracaj\u0105 czas przygotowania, ograniczaj\u0105 liczb\u0119 odpad\u00f3w oraz koszty.<\/p>\n<p><br class=\"xliff-newline\" \/>[\/vc_column_text][\/vc_column][\/vc_row][vc_row][vc_column][vc_column_text]<\/p>\n<p>[vc_row][vc_column][vc_column_text]Funkcje<!-- wpml:html_fragment --><\/p>\n<h2>Wydajny proces nestingu i\u00a0pe\u0142na kontrola<\/h2>\n<p><br class=\"xliff-newline\" \/>Narz\u0119dzie 2D Nesting sprawia, \u017ce tworzenie uk\u0142ad\u00f3w jest proste i\u00a0szybkie \u2013 od pocz\u0105tku do ko\u0144ca.[\/vc_column_text][vc_row_inner equal_height=&#8221;yes&#8221;][vc_column_inner width=&#8221;1\/3&#8243;][vc_single_image image=&#8221;17539&#8243; img_size=&#8221;medium&#8221; alignment=&#8221;center&#8221; css=&#8221;.vc_custom_1560147312612{margin-bottom: 10px !important;}&#8221;][vc_column_text]<br \/>\n<!-- wpml:html_fragment --><\/p>\n<h3>Pe\u0142na kontrola w\u00a0Twoich r\u0119kach<\/h3>\n<p><br class=\"xliff-newline\" \/>Kontroluj wszystkie ustawienia niezb\u0119dne do dostosowania si\u0119 do wymaga\u0144 lub ogranicze\u0144 danej technologii ci\u0119cia b\u0105d\u017a materia\u0142u, w\u00a0prosty spos\u00f3b wybieraj liczb\u0119 cz\u0119\u015bci i\u00a0rozmiar arkuszy oraz obracaj cz\u0119\u015bci.[\/vc_column_text][\/vc_column_inner][vc_column_inner width=&#8221;1\/3&#8243;][vc_single_image image=&#8221;17553&#8243; img_size=&#8221;medium&#8221; alignment=&#8221;center&#8221; css=&#8221;.vc_custom_1560147387982{margin-bottom: 10px !important;}&#8221;][vc_column_text]<br \/>\n<!-- wpml:html_fragment --><\/p>\n<h3>\u015acis\u0142a integracja z\u00a0modu\u0142em Solid Edge Mechanical Design<\/h3>\n<p><br class=\"xliff-newline\" \/>Proces mo\u017cna rozpocz\u0105\u0107 bezpo\u015brednio z\u00a0poziomu Solid Edge, jednym klikni\u0119ciem. Wyb\u00f3r cz\u0119\u015bci do utworzenia rozk\u0142adu jest prosty i\u00a0szybki.[\/vc_column_text][\/vc_column_inner][vc_column_inner width=&#8221;1\/3&#8243;][vc_single_image image=&#8221;17566&#8243; img_size=&#8221;medium&#8221; alignment=&#8221;center&#8221; css=&#8221;.vc_custom_1560147402713{margin-bottom: 10px !important;}&#8221;][vc_column_text]<br \/>\n<!-- wpml:html_fragment --><\/p>\n<h3>Praca z\u00a0r\u00f3\u017cnymi formatami plik\u00f3w<\/h3>\n<p><br class=\"xliff-newline\" \/>2D Nesting obs\u0142uguje pliki Solid Edge dotycz\u0105ce blach i\u00a0cz\u0119\u015bci (formaty PSM i\u00a0PAR) oraz formaty neutralne, w\u00a0tym DXF i\u00a0DWG, automatycznie wyodr\u0119bniaj\u0105c dane dotycz\u0105ce rozwini\u0119cia.[\/vc_column_text][\/vc_column_inner][vc_column_inner width=&#8221;1\/3&#8243;][vc_column_text]<br \/>\n<!-- wpml:html_fragment --><\/p>\n<h3>Ograniczenie ilo\u015bci zmarnowanego materia\u0142u<\/h3>\n<p><br class=\"xliff-newline\" \/>Wybieraj r\u00f3\u017cne rozmiary arkuszy i\u00a0stw\u00f3rz jak najbardziej ekonomiczny rozk\u0142ad, aby ograniczy\u0107 liczb\u0119 odpad\u00f3w i\u00a0cz\u0119\u015bciowe wykorzystanie arkuszy. Takie cz\u0119\u015bciowe wykorzystanie cz\u0119sto skutkuje zmarnowaniem materia\u0142u, poniewa\u017c pozosta\u0142e arkusze zajmuj\u0105 cenn\u0105 przestrze\u0144 i\u00a0nie doczekuj\u0105 si\u0119 zu\u017cycia.[\/vc_column_text][\/vc_column_inner][vc_column_inner width=&#8221;1\/3&#8243;][vc_column_text]<br \/>\n<!-- wpml:html_fragment --><\/p>\n<h3>Optymalizacja pod k\u0105tem obr\u00f3bki CNC<\/h3>\n<p><br class=\"xliff-newline\" \/>Rozk\u0142ady mo\u017cna wys\u0142a\u0107 do Solid Edge CAM Pro lub eksportowa\u0107 do innego systemu wytwarzania wspomaganego komputerowo w\u00a0celu zaprogramowania pod k\u0105tem obr\u00f3bki CNC.[\/vc_column_text][\/vc_column_inner][vc_column_inner width=&#8221;1\/3&#8243;][vc_column_text]<br \/>\n<!-- wpml:html_fragment --><\/p>\n<h3>Oszcz\u0119dno\u015b\u0107 czasu, brak translacji danych<\/h3>\n<p><br class=\"xliff-newline\" \/>Dwukierunkowa integracja ze \u015brodowiskiem Solid Edge oszcz\u0119dza czas i\u00a0pozwala unikn\u0105\u0107 translacji danych.[\/vc_column_text][\/vc_column_inner][\/vc_row_inner][vc_column_text]<\/p>\n<p><!-- wpml:html_fragment --><br class=\"xliff-newline\" \/><a href=\"https:\/\/media.plm.automation.siemens.com\/solidedge\/siemens-sw-solid-edge-2d-nesting-fs-78034-c7.pdf\" target=\"_blank\" rel=\"noopener\"><i class=\"icon-ext\"><\/i> Pobierz kart\u0119 charakterystyki modu\u0142u Solid Edge 2D Nesting<\/a><\/p>\n<p>&nbsp;<\/p>\n<p>[\/vc_column_text][\/vc_column][\/vc_row][vc_row full_width=&#8221;stretch_row&#8221; el_class=&#8221;vc-row-video-highlight&#8221;][vc_column][vc_column_text el_class=&#8221;vc-el-lead-in&#8221;]<\/p>\n<p><!-- wpml:html_fragment --><br class=\"xliff-newline\" \/>Film<\/p>\n<p>&nbsp;<\/p>\n<h2>Zoptymalizuj swoje rozk\u0142ady 2D przy u\u017cyciu Solid Edge<\/h2>\n<p><br class=\"xliff-newline\" \/>Modu\u0142 Solid Edge 2D Nesting wykorzystuje najbardziej zaawansowany i\u00a0wydajny silnik do generowania najlepszych w\u00a0swojej klasie rozk\u0142ad\u00f3w zoptymalizowanych pod k\u0105tem dwuwymiarowego ci\u0119cia blachy, drewna i\u00a0innych materia\u0142\u00f3w. Skracaj\u0105 one czas tworzenia typowo wyst\u0119puj\u0105cych kszta\u0142t\u00f3w 2D, ograniczaj\u0105 liczb\u0119 odpad\u00f3w oraz koszty.<\/p>\n<p>&nbsp;<\/p>\n<p class=\"see-more\" style=\"text-align: right;\"><a href=\"https:\/\/solidedge.siemens.com\/pl\/resources\/videos\/\">Zobacz wi\u0119cej materia\u0142\u00f3w wideo<\/a><\/p>\n<p><br class=\"xliff-newline\" \/>[\/vc_column_text]\n\n\n  <div id=\"wpv-view-layout-567-CATTR86d18ce81828f66a7d0bd1eecf3ff4c0\" class=\"js-wpv-view-layout js-wpv-layout-responsive js-wpv-view-layout-567-CATTR86d18ce81828f66a7d0bd1eecf3ff4c0\" data-viewnumber=\"567-CATTR86d18ce81828f66a7d0bd1eecf3ff4c0\" data-pagination=\"{&quot;id&quot;:567,&quot;query&quot;:&quot;normal&quot;,&quot;type&quot;:&quot;disabled&quot;,&quot;effect&quot;:&quot;fade&quot;,&quot;duration&quot;:500,&quot;speed&quot;:5,&quot;pause_on_hover&quot;:&quot;disabled&quot;,&quot;stop_rollover&quot;:&quot;false&quot;,&quot;cache_pages&quot;:&quot;enabled&quot;,&quot;preload_images&quot;:&quot;enabled&quot;,&quot;preload_pages&quot;:&quot;enabled&quot;,&quot;preload_reach&quot;:1,&quot;spinner&quot;:&quot;builtin&quot;,&quot;spinner_image&quot;:&quot;https:\/\/solidedge.siemens.com\/wp-content\/plugins\/wp-views\/embedded\/res\/img\/ajax-loader.gif&quot;,&quot;callback_next&quot;:&quot;&quot;,&quot;manage_history&quot;:&quot;disabled&quot;,&quot;has_controls_in_form&quot;:&quot;disabled&quot;,&quot;infinite_tolerance&quot;:&quot;0&quot;,&quot;max_pages&quot;:0,&quot;page&quot;:1,&quot;base_permalink&quot;:&quot;\/pl\/wp-json\/wp\/v2\/pages\/20394?wpv_view_count=567-CATTR86d18ce81828f66a7d0bd1eecf3ff4c0&amp;wpv_paged=WPV_PAGE_NUM&quot;,&quot;loop&quot;:{&quot;type&quot;:&quot;&quot;,&quot;name&quot;:&quot;&quot;,&quot;data&quot;:[],&quot;id&quot;:0}}\" data-permalink=\"\/pl\/wp-json\/wp\/v2\/pages\/20394?wpv_view_count=567-CATTR86d18ce81828f66a7d0bd1eecf3ff4c0\">\n\n  \n  \n  \n  <\/div>\n[\/vc_column][\/vc_row][vc_row full_width=&#8221;stretch_row&#8221; el_class=&#8221;vc-row-related-content&#8221; css=&#8221;.vc_custom_1524184785822{background-color: #347eb5 !important;}&#8221;][vc_column][vc_column_text]<br \/>\n<!-- wpml:html_fragment --><\/p>\n<h2>Powi\u0105zane tre\u015bci<\/h2>\n<p><br class=\"xliff-newline\" \/>[\/vc_column_text]<div id=\"ult-carousel-211940283869fc960e43fc8\" class=\"ult-carousel-wrapper  vc-el-carousel-related-content ult_horizontal\" data-gutter=\"0\" data-rtl=\"false\" ><div class=\"ult-carousel-8081456169fc960e43fa0 \" >[vc_column_text]<a href=\"https:\/\/www.dex.siemens.com\/plm\/solid-edge\/\">Odwied\u017a sklep internetowy Solid Edge<\/a>[\/vc_column_text][vc_column_text]<\/p>\n<p><!-- wpml:html_fragment --><br class=\"xliff-newline\" \/><a href=\"https:\/\/media.plm.automation.siemens.com\/solidedge\/siemens-sw-solid-edge-2d-nesting-fs-78034-c7.pdf\" target=\"_blank\" rel=\"noopener noreferrer\">Pobierz kart\u0119 charakterystyki modu\u0142u Solid Edge 2D Nesting<\/a><\/p>\n<p>&nbsp;<\/p>\n<p>[\/vc_column_text][vc_column_text]<a href=\"https:\/\/solidedge.siemens.com\/pl\/solutions\/products\/computer-aided-manufacturing-cam\/\">Dowiedz si\u0119 wi\u0119cej o\u00a0rozwi\u0105zaniach Solid Edge CAM<\/a>[\/vc_column_text][vc_column_text]<\/p>\n<p><!-- wpml:html_fragment --><br class=\"xliff-newline\" \/><a href=\"https:\/\/solidedge.siemens.com\/pl\/solutions\/products\/complete-product-development-portfolio\/whats-new-in-solid-edge-2021\/\">Co nowego w Solid Edge 2021<\/a><\/p>\n<p>&nbsp;<\/p>\n<p>[\/vc_column_text]<\/div><\/div>\t\t\t<script type=\"text\/javascript\">\r\n\t\t\t\tjQuery(document).ready(function ($) {\r\n\t\t\t\t\tif( typeof jQuery('.ult-carousel-8081456169fc960e43fa0').slick == \"function\"){\r\n\t\t\t\t\t\t$('.ult-carousel-8081456169fc960e43fa0').slick({dots: true,autoplaySpeed: 5000,speed: 500,infinite: false,arrows: true,nextArrow: '<button type=\"button\" role=\"button\" aria-label=\"Next\" style=\"color:#ffffff; font-size:30px;background:rgba(255,255,255,0.2);\" class=\"slick-next square-bg\"><i class=\"ultsl-arrow-right6\"><\/i><\/button>',prevArrow: '<button type=\"button\" role=\"button\" aria-label=\"Previous\" style=\"color:#ffffff; font-size:30px;background:rgba(255,255,255,0.2);\" class=\"slick-prev square-bg\"><i class=\"ultsl-arrow-left6\"><\/i><\/button>',slidesToScroll:4,slidesToShow:4,swipe: true,draggable: true,touchMove: true,pauseOnHover: true,pauseOnFocus: false,responsive: [\r\n\t\t\t\t\t\t\t{\r\n\t\t\t\t\t\t\t  breakpoint: 1026,\r\n\t\t\t\t\t\t\t  settings: {\r\n\t\t\t\t\t\t\t\tslidesToShow: 4,\r\n\t\t\t\t\t\t\t\tslidesToScroll: 4,  \r\n\t\t\t\t\t\t\t  }\r\n\t\t\t\t\t\t\t},\r\n\t\t\t\t\t\t\t{\r\n\t\t\t\t\t\t\t  breakpoint: 1025,\r\n\t\t\t\t\t\t\t  settings: {\r\n\t\t\t\t\t\t\t\tslidesToShow: 2,\r\n\t\t\t\t\t\t\t\tslidesToScroll: 2\r\n\t\t\t\t\t\t\t  }\r\n\t\t\t\t\t\t\t},\r\n\t\t\t\t\t\t\t{\r\n\t\t\t\t\t\t\t  breakpoint: 760,\r\n\t\t\t\t\t\t\t  settings: {\r\n\t\t\t\t\t\t\t\tslidesToShow: 1,\r\n\t\t\t\t\t\t\t\tslidesToScroll: 1\r\n\t\t\t\t\t\t\t  }\r\n\t\t\t\t\t\t\t}\r\n\t\t\t\t\t\t],pauseOnDotsHover: true,customPaging: function(slider, i) {\r\n                   return '<i type=\"button\" style= \"color:#ffffff;\" class=\"ultsl-record\" data-role=\"none\"><\/i>';\r\n                },});\r\n\t\t\t\t\t}\r\n\t\t\t\t});\r\n\t\t\t<\/script>\r\n\t\t\t[\/vc_column][\/vc_row]<\/p>\n","protected":false},"excerpt":{"rendered":"<p> Solid Edge 2D Nesting Optymalizuj uk\u0142ady ci\u0119cia, oszcz\u0119dzaj\u0105c przy tym czas i\u00a0ograniczaj\u0105c koszt materia\u0142\u00f3w.[\/vc_column_text][\/vc_column][\/vc_row]Modu\u0142 Solid Edge 2D Nesting pozwala na generowanie zoptymalizowanych, dwuwymiarowych rozk\u0142ad\u00f3w ci\u0119cia materia\u0142\u00f3w takich jak: blacha, plastik, drewno, tkaniny i\u00a0tekstylia. Oszcz\u0119dza [&hellip;]<\/p>\n","protected":false},"author":23,"featured_media":0,"parent":2700,"menu_order":0,"comment_status":"closed","ping_status":"closed","template":"","meta":{"inline_featured_image":false},"yoast_head":"<!-- This site is optimized with the Yoast SEO plugin v18.4.1 - https:\/\/yoast.com\/wordpress\/plugins\/seo\/ -->\n<title>2D Nesting | Komputerowe wspomaganie wytwarzania | Solid Edge<\/title>\n<meta name=\"description\" content=\"Modu\u0142 Solid Edge 2D Nesting umo\u017cliwia generowanie zoptymalizowanych uk\u0142ad\u00f3w na potrzeby ci\u0119cia materia\u0142\u00f3w w\u00a0uk\u0142adzie dwuwymiarowym, w tym blachy, plastiku, drewna i\u00a0innych materia\u0142\u00f3w.\" \/>\n<meta name=\"robots\" content=\"index, follow, max-snippet:-1, max-image-preview:large, max-video-preview:-1\" \/>\n<link rel=\"canonical\" href=\"https:\/\/solidedge.siemens.com\/pl\/solutions\/products\/computer-aided-manufacturing-cam\/2d-nesting\/\" \/>\n<meta property=\"og:locale\" content=\"pl_PL\" \/>\n<meta property=\"og:type\" content=\"article\" \/>\n<meta property=\"og:title\" content=\"2D Nesting | Komputerowe wspomaganie wytwarzania | Solid Edge\" \/>\n<meta property=\"og:description\" content=\"Modu\u0142 Solid Edge 2D Nesting umo\u017cliwia generowanie zoptymalizowanych uk\u0142ad\u00f3w na potrzeby ci\u0119cia materia\u0142\u00f3w w\u00a0uk\u0142adzie dwuwymiarowym, w tym blachy, plastiku, drewna i\u00a0innych materia\u0142\u00f3w.\" \/>\n<meta property=\"og:url\" content=\"https:\/\/solidedge.siemens.com\/pl\/solutions\/products\/computer-aided-manufacturing-cam\/2d-nesting\/\" \/>\n<meta property=\"og:site_name\" content=\"Solid Edge\" \/>\n<meta property=\"article:publisher\" content=\"https:\/\/www.facebook.com\/solidedge\" \/>\n<meta property=\"article:modified_time\" content=\"2022-11-21T15:06:10+00:00\" \/>\n<meta name=\"twitter:card\" content=\"summary_large_image\" \/>\n<meta name=\"twitter:site\" content=\"@siemensplm\" \/>\n<meta name=\"twitter:label1\" content=\"Szacowany czas czytania\" \/>\n\t<meta name=\"twitter:data1\" content=\"2 minuty\" \/>\n<script type=\"application\/ld+json\" class=\"yoast-schema-graph\">{\"@context\":\"https:\/\/schema.org\",\"@graph\":[{\"@type\":\"Organization\",\"@id\":\"https:\/\/solidedge.siemens.com\/en\/#organization\",\"name\":\"Siemens Digital Industries Software\",\"url\":\"https:\/\/solidedge.siemens.com\/en\/\",\"sameAs\":[\"https:\/\/www.facebook.com\/solidedge\",\"https:\/\/www.instagram.com\/siemens\/\",\"https:\/\/www.linkedin.com\/company\/siemens-plm-software\",\"https:\/\/www.youtube.com\/user\/PolarionSoftware\",\"https:\/\/twitter.com\/siemensplm\"],\"logo\":{\"@type\":\"ImageObject\",\"@id\":\"https:\/\/solidedge.siemens.com\/en\/#logo\",\"inLanguage\":\"pl-PL\",\"url\":\"https:\/\/solidedge.siemens.com\/wp-content\/uploads\/2018\/04\/logo-siemens-ifl@2x.png\",\"contentUrl\":\"https:\/\/solidedge.siemens.com\/wp-content\/uploads\/2018\/04\/logo-siemens-ifl@2x.png\",\"width\":640,\"height\":270,\"caption\":\"Siemens Digital Industries Software\"},\"image\":{\"@id\":\"https:\/\/solidedge.siemens.com\/en\/#logo\"}},{\"@type\":\"WebSite\",\"@id\":\"https:\/\/solidedge.siemens.com\/en\/#website\",\"url\":\"https:\/\/solidedge.siemens.com\/en\/\",\"name\":\"Solid Edge\",\"description\":\"Siemens Software\",\"publisher\":{\"@id\":\"https:\/\/solidedge.siemens.com\/en\/#organization\"},\"potentialAction\":[{\"@type\":\"SearchAction\",\"target\":{\"@type\":\"EntryPoint\",\"urlTemplate\":\"https:\/\/solidedge.siemens.com\/en\/?s={search_term_string}\"},\"query-input\":\"required name=search_term_string\"}],\"inLanguage\":\"pl-PL\"},{\"@type\":\"WebPage\",\"@id\":\"https:\/\/solidedge.siemens.com\/pl\/solutions\/products\/computer-aided-manufacturing-cam\/2d-nesting\/#webpage\",\"url\":\"https:\/\/solidedge.siemens.com\/pl\/solutions\/products\/computer-aided-manufacturing-cam\/2d-nesting\/\",\"name\":\"2D Nesting | Komputerowe wspomaganie wytwarzania | Solid Edge\",\"isPartOf\":{\"@id\":\"https:\/\/solidedge.siemens.com\/en\/#website\"},\"datePublished\":\"2019-09-03T15:56:18+00:00\",\"dateModified\":\"2022-11-21T15:06:10+00:00\",\"description\":\"Modu\u0142 Solid Edge 2D Nesting umo\u017cliwia generowanie zoptymalizowanych uk\u0142ad\u00f3w na potrzeby ci\u0119cia materia\u0142\u00f3w w\u00a0uk\u0142adzie dwuwymiarowym, w tym blachy, plastiku, drewna i\u00a0innych materia\u0142\u00f3w.\",\"breadcrumb\":{\"@id\":\"https:\/\/solidedge.siemens.com\/pl\/solutions\/products\/computer-aided-manufacturing-cam\/2d-nesting\/#breadcrumb\"},\"inLanguage\":\"pl-PL\",\"potentialAction\":[{\"@type\":\"ReadAction\",\"target\":[\"https:\/\/solidedge.siemens.com\/pl\/solutions\/products\/computer-aided-manufacturing-cam\/2d-nesting\/\"]}]},{\"@type\":\"BreadcrumbList\",\"@id\":\"https:\/\/solidedge.siemens.com\/pl\/solutions\/products\/computer-aided-manufacturing-cam\/2d-nesting\/#breadcrumb\",\"itemListElement\":[{\"@type\":\"ListItem\",\"position\":1,\"name\":\"Home\",\"item\":\"https:\/\/solidedge.siemens.com\/en\/home-10\/\"},{\"@type\":\"ListItem\",\"position\":2,\"name\":\"Rozwi\u0105zania\",\"item\":\"https:\/\/solidedge.siemens.com\/pl\/solutions\/\"},{\"@type\":\"ListItem\",\"position\":3,\"name\":\"Produkty\",\"item\":\"https:\/\/solidedge.siemens.com\/pl\/solutions\/products\/\"},{\"@type\":\"ListItem\",\"position\":4,\"name\":\"Wytwarzanie wspomagane komputerowo (CAM)\",\"item\":\"https:\/\/solidedge.siemens.com\/pl\/solutions\/products\/computer-aided-manufacturing-cam\/\"},{\"@type\":\"ListItem\",\"position\":5,\"name\":\"2D Nesting\"}]}]}<\/script>\n<!-- \/ Yoast SEO plugin. -->","yoast_head_json":{"title":"2D Nesting | Komputerowe wspomaganie wytwarzania | Solid Edge","description":"Modu\u0142 Solid Edge 2D Nesting umo\u017cliwia generowanie zoptymalizowanych uk\u0142ad\u00f3w na potrzeby ci\u0119cia materia\u0142\u00f3w w\u00a0uk\u0142adzie dwuwymiarowym, w tym blachy, plastiku, drewna i\u00a0innych materia\u0142\u00f3w.","robots":{"index":"index","follow":"follow","max-snippet":"max-snippet:-1","max-image-preview":"max-image-preview:large","max-video-preview":"max-video-preview:-1"},"canonical":"https:\/\/solidedge.siemens.com\/pl\/solutions\/products\/computer-aided-manufacturing-cam\/2d-nesting\/","og_locale":"pl_PL","og_type":"article","og_title":"2D Nesting | Komputerowe wspomaganie wytwarzania | Solid Edge","og_description":"Modu\u0142 Solid Edge 2D Nesting umo\u017cliwia generowanie zoptymalizowanych uk\u0142ad\u00f3w na potrzeby ci\u0119cia materia\u0142\u00f3w w\u00a0uk\u0142adzie dwuwymiarowym, w tym blachy, plastiku, drewna i\u00a0innych materia\u0142\u00f3w.","og_url":"https:\/\/solidedge.siemens.com\/pl\/solutions\/products\/computer-aided-manufacturing-cam\/2d-nesting\/","og_site_name":"Solid Edge","article_publisher":"https:\/\/www.facebook.com\/solidedge","article_modified_time":"2022-11-21T15:06:10+00:00","twitter_card":"summary_large_image","twitter_site":"@siemensplm","twitter_misc":{"Szacowany czas czytania":"2 minuty"},"schema":{"@context":"https:\/\/schema.org","@graph":[{"@type":"Organization","@id":"https:\/\/solidedge.siemens.com\/en\/#organization","name":"Siemens Digital Industries Software","url":"https:\/\/solidedge.siemens.com\/en\/","sameAs":["https:\/\/www.facebook.com\/solidedge","https:\/\/www.instagram.com\/siemens\/","https:\/\/www.linkedin.com\/company\/siemens-plm-software","https:\/\/www.youtube.com\/user\/PolarionSoftware","https:\/\/twitter.com\/siemensplm"],"logo":{"@type":"ImageObject","@id":"https:\/\/solidedge.siemens.com\/en\/#logo","inLanguage":"pl-PL","url":"https:\/\/solidedge.siemens.com\/wp-content\/uploads\/2018\/04\/logo-siemens-ifl@2x.png","contentUrl":"https:\/\/solidedge.siemens.com\/wp-content\/uploads\/2018\/04\/logo-siemens-ifl@2x.png","width":640,"height":270,"caption":"Siemens Digital Industries Software"},"image":{"@id":"https:\/\/solidedge.siemens.com\/en\/#logo"}},{"@type":"WebSite","@id":"https:\/\/solidedge.siemens.com\/en\/#website","url":"https:\/\/solidedge.siemens.com\/en\/","name":"Solid Edge","description":"Siemens Software","publisher":{"@id":"https:\/\/solidedge.siemens.com\/en\/#organization"},"potentialAction":[{"@type":"SearchAction","target":{"@type":"EntryPoint","urlTemplate":"https:\/\/solidedge.siemens.com\/en\/?s={search_term_string}"},"query-input":"required name=search_term_string"}],"inLanguage":"pl-PL"},{"@type":"WebPage","@id":"https:\/\/solidedge.siemens.com\/pl\/solutions\/products\/computer-aided-manufacturing-cam\/2d-nesting\/#webpage","url":"https:\/\/solidedge.siemens.com\/pl\/solutions\/products\/computer-aided-manufacturing-cam\/2d-nesting\/","name":"2D Nesting | Komputerowe wspomaganie wytwarzania | Solid Edge","isPartOf":{"@id":"https:\/\/solidedge.siemens.com\/en\/#website"},"datePublished":"2019-09-03T15:56:18+00:00","dateModified":"2022-11-21T15:06:10+00:00","description":"Modu\u0142 Solid Edge 2D Nesting umo\u017cliwia generowanie zoptymalizowanych uk\u0142ad\u00f3w na potrzeby ci\u0119cia materia\u0142\u00f3w w\u00a0uk\u0142adzie dwuwymiarowym, w tym blachy, plastiku, drewna i\u00a0innych materia\u0142\u00f3w.","breadcrumb":{"@id":"https:\/\/solidedge.siemens.com\/pl\/solutions\/products\/computer-aided-manufacturing-cam\/2d-nesting\/#breadcrumb"},"inLanguage":"pl-PL","potentialAction":[{"@type":"ReadAction","target":["https:\/\/solidedge.siemens.com\/pl\/solutions\/products\/computer-aided-manufacturing-cam\/2d-nesting\/"]}]},{"@type":"BreadcrumbList","@id":"https:\/\/solidedge.siemens.com\/pl\/solutions\/products\/computer-aided-manufacturing-cam\/2d-nesting\/#breadcrumb","itemListElement":[{"@type":"ListItem","position":1,"name":"Home","item":"https:\/\/solidedge.siemens.com\/en\/home-10\/"},{"@type":"ListItem","position":2,"name":"Rozwi\u0105zania","item":"https:\/\/solidedge.siemens.com\/pl\/solutions\/"},{"@type":"ListItem","position":3,"name":"Produkty","item":"https:\/\/solidedge.siemens.com\/pl\/solutions\/products\/"},{"@type":"ListItem","position":4,"name":"Wytwarzanie wspomagane komputerowo (CAM)","item":"https:\/\/solidedge.siemens.com\/pl\/solutions\/products\/computer-aided-manufacturing-cam\/"},{"@type":"ListItem","position":5,"name":"2D Nesting"}]}]}},"_links":{"self":[{"href":"https:\/\/solidedge.siemens.com\/pl\/wp-json\/wp\/v2\/pages\/20394"}],"collection":[{"href":"https:\/\/solidedge.siemens.com\/pl\/wp-json\/wp\/v2\/pages"}],"about":[{"href":"https:\/\/solidedge.siemens.com\/pl\/wp-json\/wp\/v2\/types\/page"}],"author":[{"embeddable":true,"href":"https:\/\/solidedge.siemens.com\/pl\/wp-json\/wp\/v2\/users\/23"}],"replies":[{"embeddable":true,"href":"https:\/\/solidedge.siemens.com\/pl\/wp-json\/wp\/v2\/comments?post=20394"}],"version-history":[{"count":17,"href":"https:\/\/solidedge.siemens.com\/pl\/wp-json\/wp\/v2\/pages\/20394\/revisions"}],"predecessor-version":[{"id":65482,"href":"https:\/\/solidedge.siemens.com\/pl\/wp-json\/wp\/v2\/pages\/20394\/revisions\/65482"}],"up":[{"embeddable":true,"href":"https:\/\/solidedge.siemens.com\/pl\/wp-json\/wp\/v2\/pages\/2700"}],"wp:attachment":[{"href":"https:\/\/solidedge.siemens.com\/pl\/wp-json\/wp\/v2\/media?parent=20394"}],"curies":[{"name":"wp","href":"https:\/\/api.w.org\/{rel}","templated":true}]}}