{"id":20388,"date":"2019-09-03T11:50:10","date_gmt":"2019-09-03T15:50:10","guid":{"rendered":"https:\/\/solidedge.siemens.com\/?page_id=20388"},"modified":"2021-05-18T14:14:45","modified_gmt":"2021-05-18T18:14:45","slug":"augmented-reality","status":"publish","type":"page","link":"https:\/\/solidedge.siemens.com\/pl\/solutions\/products\/cloud-based-collaboration\/teamcenter-share\/augmented-reality\/","title":{"rendered":"Rzeczywisto\u015b\u0107 rozszerzona"},"content":{"rendered":"<p>[vc_row full_width=&#8221;stretch_row&#8221; full_height=&#8221;yes&#8221; content_placement=&#8221;middle&#8221; css=&#8221;.vc_custom_1560142590297{background: #a6a6a6 url(https:\/\/solidedge.siemens.com\/wp-content\/uploads\/2019\/06\/AugmentedRealityWashTech-cover.jpg?id=17291) !important;background-position: center !important;background-repeat: no-repeat !important;background-size: cover !important;}&#8221; el_class=&#8221;vc-row-hero-banner&#8221;][vc_column][vc_column_text el_class=&#8221;.vc-el-callout&#8221;]<\/p>\n<h1>Rzeczywisto\u015b\u0107 rozszerzona w&nbsp;Solid Edge<\/h1>\n<p>Urzeczywistnij swoje pomys\u0142y, tworz\u0105c wizualizacj\u0119 projektu. Funkcja rzeczywisto\u015bci rozszerzonej w&nbsp;Solid Edge pozwala u\u017cytkownikom do\u015bwiadczy\u0107 wirtualnych prototyp&oacute;w w&nbsp;prawdziwym \u015bwiecie, \u0142\u0105cz\u0105c \u015brodowisko cyfrowe ze \u015bwiatem rzeczywistym. Pozwala to na zaprezentowanie projektu w&nbsp;jego docelowym \u015brodowisku w&nbsp;interesuj\u0105cy spos&oacute;b, zanim jeszcze zostanie on wyprodukowany.<\/p>\n<p>[\/vc_column_text][\/vc_column][\/vc_row][vc_row el_class=&#8221;vc-row-accordion&#8221;][vc_column][vc_column_text]Funkcje<\/p>\n<h2>Rzeczywisto\u015b\u0107 rozszerzona<\/h2>\n<p>[\/vc_column_text][vc_tta_accordion style=&#8221;flat&#8221; shape=&#8221;square&#8221; active_section=&#8221;0&#8243; no_fill=&#8221;true&#8221; collapsible_all=&#8221;true&#8221; el_class=&#8221;vc-el-accordion&#8221;][vc_tta_section title=&#8221;Przedstaw za\u0142o\u017cenia projektowe w&nbsp;docelowym \u015brodowisku fizycznym&#8221; tab_id=&#8221;ui-communicate-design-intent&#8221;][vc_row_inner][vc_column_inner][vc_column_text]<\/p>\n<h2>Przedstaw za\u0142o\u017cenia projektowe w&nbsp;docelowym \u015brodowisku fizycznym<\/h2>\n<p>Mo\u017cliwo\u015b\u0107 obejrzenia projektu w&nbsp;jego docelowym \u015brodowisku mo\u017ce by\u0107 przydatnym narz\u0119dziem komunikacji dla projektant&oacute;w i&nbsp;specjalist&oacute;w od marketingu. Zwi\u0119ksza to pewno\u015b\u0107 co do zamierzonego wygl\u0105du i&nbsp;dzia\u0142ania produktu bez konieczno\u015bci tworzenia jego fizycznego prototypu. Cyfrowe informacje zmieniaj\u0105 percepcj\u0119 u\u017cytkownik&oacute;w, aby mogli ogl\u0105da\u0107 modele 3D tak, jakby istnia\u0142y one naprawd\u0119.[\/vc_column_text][\/vc_column_inner][\/vc_row_inner][\/vc_tta_section][vc_tta_section title=&#8221;Bezp\u0142atny i&nbsp;\u0142atwy dost\u0119p do mo\u017cliwo\u015bci wirtualizacji nowej generacji&#8221; tab_id=&#8221;ui-next-generation-virtualization&#8221;][vc_column_text]<\/p>\n<h2>Bezp\u0142atny i&nbsp;\u0142atwy dost\u0119p do mo\u017cliwo\u015bci wirtualizacji nowej generacji<\/h2>\n<p>Modu\u0142 Solid Edge Augmented Reality pozwala tworzy\u0107 wizualizacje produkt&oacute;w w&nbsp;skali 1:1, lub w&nbsp;pomniejszeniu dla wi\u0119kszych projekt&oacute;w, w dowolnym miejscu przy u\u017cyciu cyfrowego prototypu nowej generacji w&nbsp;bezp\u0142atnej aplikacji. Pozwala to uzyska\u0107 pewno\u015b\u0107 odno\u015bnie do zamierzonego wygl\u0105du i&nbsp;dzia\u0142ania produktu, mimo \u017ce nie zosta\u0142 on wcale jeszcze zbudowany.[\/vc_column_text][\/vc_tta_section][vc_tta_section title=&#8221;Wspomaganie wsp&oacute;\u0142pracy projektowej&#8221; tab_id=&#8221;ui-design-collaboration&#8221;][vc_column_text]<\/p>\n<h2>Wspomaganie wsp&oacute;\u0142pracy projektowej<\/h2>\n<p>Modu\u0142 Solid Edge Augmented Reality przydaje si\u0119 podczas oceny projekt&oacute;w. Dok\u0142adne odwzorowanie rozmiaru i&nbsp;kszta\u0142tu produktu pomaga klientom i&nbsp;wsp&oacute;\u0142pracownikom zrozumie\u0107, jak wpisuje si\u0119 on w&nbsp;swoje docelowe \u015brodowisko &mdash; nawet je\u015bli zespo\u0142y s\u0105 rozproszone po \u015bwiecie. Korzy\u015bci z&nbsp;wdro\u017cenia to m.in. skr&oacute;cenie czasu wprowadzenia produktu na rynek, lepsza jako\u015b\u0107 i&nbsp;wi\u0119ksza produktywno\u015b\u0107.<\/p>\n<p>[\/vc_column_text][\/vc_tta_section][vc_tta_section title=&#8221;Bezpieczne udost\u0119pnianie&#8221; tab_id=&#8221;ui-secure-sharing&#8221;][vc_column_text]<\/p>\n<h2>Bezpieczne udost\u0119pnianie<\/h2>\n<p>Bezpieczne udost\u0119pnianie prezentacji AR jest mo\u017cliwe w&nbsp;chmurze za po\u015brednictwem bezp\u0142atnego portalu Solid Edge.[\/vc_column_text][\/vc_tta_section][vc_tta_section title=&#8221;Eksport prezentacji AR do innych narz\u0119dzi rzeczywisto\u015bci rozszerzonej, wirtualnej i&nbsp;mieszanej&#8221; tab_id=&#8221;ui-extending-ar&#8221;][vc_column_text]<\/p>\n<h2>Eksport prezentacji AR do innych narz\u0119dzi rzeczywisto\u015bci rozszerzonej, wirtualnej i&nbsp;mieszanej<\/h2>\n<p>Solid Edge pozwala na eksport plik&oacute;w OBJ do innych narz\u0119dzi rzeczywisto\u015bci rozszerzonej, wirtualnej i&nbsp;mieszanej (AR\/VR\/MR) przy u\u017cyciu zewn\u0119trznych system&oacute;w.[\/vc_column_text][\/vc_tta_section][\/vc_tta_accordion][\/vc_column][\/vc_row][vc_row full_width=&#8221;stretch_row&#8221; el_class=&#8221;vc-row-free-software&#8221; css=&#8221;.vc_custom_1523912493378{background-color: #006486 !important;}&#8221;][vc_column][vc_column_text el_class=&#8221;vc-el-lead-in&#8221;]BEZP\u0141ATNE oprogramowanie<\/p>\n<h2>Bezp\u0142atne oprogramowanie do projektowania 3D<\/h2>\n<p>[\/vc_column_text][vc_row_inner equal_height=&#8221;yes&#8221;][vc_column_inner width=&#8221;1\/2&#8243; offset=&#8221;vc_col-md-5&#8243;]<div class=\"wpb_content_block wpb_content_element\"><div class=\"wpb_wrapper\"><div class=\"content_block\" id=\"custom_post_widget-913\"><p>[vc_row][vc_column][vc_column_text]<\/p>\n<h3>Zapraszamy do korzystania z bezp\u0142atnego portalu Solid Edge<\/h3>\n<p>Utw\u00f3rz bezp\u0142atne konto do zarz\u0105dzania narz\u0119dziami CAD online, wy\u015bwietlania i wsp\u00f3\u0142pracy. [\/vc_column_text][vc_column_text]<a class=\"action-button\" href=\"https:\/\/share.sws.siemens.com\/\"><i class=\"icon-ext\"><\/i>Pierwsze kroki<\/a>[\/vc_column_text][\/vc_column][\/vc_row]<\/p>\n<\/div><\/div><\/div>[\/vc_column_inner][vc_column_inner width=&#8221;1\/2&#8243; offset=&#8221;vc_col-md-offset-2 vc_col-md-5&#8243;]<div class=\"wpb_content_block wpb_content_element\"><div class=\"wpb_wrapper\"><div class=\"content_block\" id=\"custom_post_widget-418\"><p>[vc_row][vc_column][vc_column_text]<\/p>\n<h3>Wypr\u00f3buj oprogramowanie Solid Edge bez op\u0142at<\/h3>\n<p>Uzyskaj b\u0142yskawiczny dost\u0119p do bezp\u0142atnej wersji pr\u00f3bnej oprogramowania Solid Edge, aby wypr\u00f3bowa\u0107 jego funkcje.[\/vc_column_text][vc_column_text]<a class=\"action-button\" href=\"\/pl\/try-now\/\"><i class=\"icon-ext\"><\/i>Zacznij ju\u017c teraz<\/a>[\/vc_column_text][\/vc_column][\/vc_row]<\/p>\n<\/div><\/div><\/div>[\/vc_column_inner][\/vc_row_inner][\/vc_column][\/vc_row][vc_row full_width=&#8221;stretch_row&#8221; el_class=&#8221;footer-contact&#8221; css=&#8221;.vc_custom_1550170708528{background-color: #dedee3 !important;}&#8221;][vc_column]<div class=\"wpb_content_block wpb_content_element\"><div class=\"wpb_wrapper\"><\/div><\/div>[\/vc_column][\/vc_row]<\/p>\n","protected":false},"excerpt":{"rendered":"<p>Funkcja rzeczywisto\u015bci rozszerzonej w&nbsp;Solid Edge pozwala u\u017cytkownikom korzysta\u0107 z&nbsp;wirtualnych prototyp&oacute;w w&nbsp;rzeczywistym \u015bwiecie i&nbsp;nadawa\u0107 fizycznego kszta\u0142tu swoim koncepcjom.<\/p>\n","protected":false},"author":5,"featured_media":0,"parent":55568,"menu_order":0,"comment_status":"closed","ping_status":"closed","template":"","meta":{"inline_featured_image":false},"yoast_head":"<!-- This site is optimized with the Yoast SEO plugin v18.4.1 - https:\/\/yoast.com\/wordpress\/plugins\/seo\/ -->\n<title>Rzeczywisto\u015b\u0107 rozszerzona | Solid Edge<\/title>\n<meta name=\"description\" content=\"Funkcja rzeczywisto\u015bci rozszerzonej w&nbsp;Solid Edge pozwala u\u017cytkownikom korzysta\u0107 z&nbsp;wirtualnych prototyp&oacute;w w&nbsp;rzeczywistym \u015bwiecie i&nbsp;nadawa\u0107 fizycznego kszta\u0142tu swoim koncepcjom.\" \/>\n<meta name=\"robots\" content=\"index, follow, max-snippet:-1, max-image-preview:large, max-video-preview:-1\" \/>\n<link rel=\"canonical\" href=\"https:\/\/solidedge.siemens.com\/pl\/solutions\/products\/cloud-based-collaboration\/teamcenter-share\/augmented-reality\/\" \/>\n<meta property=\"og:locale\" content=\"pl_PL\" \/>\n<meta property=\"og:type\" content=\"article\" \/>\n<meta property=\"og:title\" content=\"Rzeczywisto\u015b\u0107 rozszerzona | Solid Edge\" \/>\n<meta property=\"og:description\" content=\"Funkcja rzeczywisto\u015bci rozszerzonej w&nbsp;Solid Edge pozwala u\u017cytkownikom korzysta\u0107 z&nbsp;wirtualnych prototyp&oacute;w w&nbsp;rzeczywistym \u015bwiecie i&nbsp;nadawa\u0107 fizycznego kszta\u0142tu swoim koncepcjom.\" \/>\n<meta property=\"og:url\" content=\"https:\/\/solidedge.siemens.com\/pl\/solutions\/products\/cloud-based-collaboration\/teamcenter-share\/augmented-reality\/\" \/>\n<meta property=\"og:site_name\" content=\"Solid Edge\" \/>\n<meta property=\"article:publisher\" content=\"https:\/\/www.facebook.com\/solidedge\" \/>\n<meta property=\"article:modified_time\" content=\"2021-05-18T18:14:45+00:00\" \/>\n<meta name=\"twitter:card\" content=\"summary_large_image\" \/>\n<meta name=\"twitter:site\" content=\"@siemensplm\" \/>\n<meta name=\"twitter:label1\" content=\"Szacowany czas czytania\" \/>\n\t<meta name=\"twitter:data1\" content=\"4 minuty\" \/>\n<script type=\"application\/ld+json\" class=\"yoast-schema-graph\">{\"@context\":\"https:\/\/schema.org\",\"@graph\":[{\"@type\":\"Organization\",\"@id\":\"https:\/\/solidedge.siemens.com\/en\/#organization\",\"name\":\"Siemens Digital Industries Software\",\"url\":\"https:\/\/solidedge.siemens.com\/en\/\",\"sameAs\":[\"https:\/\/www.facebook.com\/solidedge\",\"https:\/\/www.instagram.com\/siemens\/\",\"https:\/\/www.linkedin.com\/company\/siemens-plm-software\",\"https:\/\/www.youtube.com\/user\/PolarionSoftware\",\"https:\/\/twitter.com\/siemensplm\"],\"logo\":{\"@type\":\"ImageObject\",\"@id\":\"https:\/\/solidedge.siemens.com\/en\/#logo\",\"inLanguage\":\"pl-PL\",\"url\":\"https:\/\/solidedge.siemens.com\/wp-content\/uploads\/2018\/04\/logo-siemens-ifl@2x.png\",\"contentUrl\":\"https:\/\/solidedge.siemens.com\/wp-content\/uploads\/2018\/04\/logo-siemens-ifl@2x.png\",\"width\":640,\"height\":270,\"caption\":\"Siemens Digital Industries Software\"},\"image\":{\"@id\":\"https:\/\/solidedge.siemens.com\/en\/#logo\"}},{\"@type\":\"WebSite\",\"@id\":\"https:\/\/solidedge.siemens.com\/en\/#website\",\"url\":\"https:\/\/solidedge.siemens.com\/en\/\",\"name\":\"Solid Edge\",\"description\":\"Siemens Software\",\"publisher\":{\"@id\":\"https:\/\/solidedge.siemens.com\/en\/#organization\"},\"potentialAction\":[{\"@type\":\"SearchAction\",\"target\":{\"@type\":\"EntryPoint\",\"urlTemplate\":\"https:\/\/solidedge.siemens.com\/en\/?s={search_term_string}\"},\"query-input\":\"required name=search_term_string\"}],\"inLanguage\":\"pl-PL\"},{\"@type\":\"WebPage\",\"@id\":\"https:\/\/solidedge.siemens.com\/pl\/solutions\/products\/cloud-based-collaboration\/teamcenter-share\/augmented-reality\/#webpage\",\"url\":\"https:\/\/solidedge.siemens.com\/pl\/solutions\/products\/cloud-based-collaboration\/teamcenter-share\/augmented-reality\/\",\"name\":\"Rzeczywisto\u015b\u0107 rozszerzona | Solid Edge\",\"isPartOf\":{\"@id\":\"https:\/\/solidedge.siemens.com\/en\/#website\"},\"datePublished\":\"2019-09-03T15:50:10+00:00\",\"dateModified\":\"2021-05-18T18:14:45+00:00\",\"description\":\"Funkcja rzeczywisto\u015bci rozszerzonej w&nbsp;Solid Edge pozwala u\u017cytkownikom korzysta\u0107 z&nbsp;wirtualnych prototyp&oacute;w w&nbsp;rzeczywistym \u015bwiecie i&nbsp;nadawa\u0107 fizycznego kszta\u0142tu swoim koncepcjom.\",\"breadcrumb\":{\"@id\":\"https:\/\/solidedge.siemens.com\/pl\/solutions\/products\/cloud-based-collaboration\/teamcenter-share\/augmented-reality\/#breadcrumb\"},\"inLanguage\":\"pl-PL\",\"potentialAction\":[{\"@type\":\"ReadAction\",\"target\":[\"https:\/\/solidedge.siemens.com\/pl\/solutions\/products\/cloud-based-collaboration\/teamcenter-share\/augmented-reality\/\"]}]},{\"@type\":\"BreadcrumbList\",\"@id\":\"https:\/\/solidedge.siemens.com\/pl\/solutions\/products\/cloud-based-collaboration\/teamcenter-share\/augmented-reality\/#breadcrumb\",\"itemListElement\":[{\"@type\":\"ListItem\",\"position\":1,\"name\":\"Home\",\"item\":\"https:\/\/solidedge.siemens.com\/en\/home-10\/\"},{\"@type\":\"ListItem\",\"position\":2,\"name\":\"Rozwi\u0105zania\",\"item\":\"https:\/\/solidedge.siemens.com\/pl\/solutions\/\"},{\"@type\":\"ListItem\",\"position\":3,\"name\":\"Produkty\",\"item\":\"https:\/\/solidedge.siemens.com\/pl\/solutions\/products\/\"},{\"@type\":\"ListItem\",\"position\":4,\"name\":\"Wsp&oacute;\u0142praca w&nbsp;chmurze\",\"item\":\"https:\/\/solidedge.siemens.com\/pl\/solutions\/products\/cloud-based-collaboration\/\"},{\"@type\":\"ListItem\",\"position\":5,\"name\":\"Teamcenter Share\",\"item\":\"https:\/\/solidedge.siemens.com\/pl\/solutions\/products\/cloud-based-collaboration\/teamcenter-share\/\"},{\"@type\":\"ListItem\",\"position\":6,\"name\":\"Rzeczywisto\u015b\u0107 rozszerzona\"}]}]}<\/script>\n<!-- \/ Yoast SEO plugin. -->","yoast_head_json":{"title":"Rzeczywisto\u015b\u0107 rozszerzona | Solid Edge","description":"Funkcja rzeczywisto\u015bci rozszerzonej w&nbsp;Solid Edge pozwala u\u017cytkownikom korzysta\u0107 z&nbsp;wirtualnych prototyp&oacute;w w&nbsp;rzeczywistym \u015bwiecie i&nbsp;nadawa\u0107 fizycznego kszta\u0142tu swoim koncepcjom.","robots":{"index":"index","follow":"follow","max-snippet":"max-snippet:-1","max-image-preview":"max-image-preview:large","max-video-preview":"max-video-preview:-1"},"canonical":"https:\/\/solidedge.siemens.com\/pl\/solutions\/products\/cloud-based-collaboration\/teamcenter-share\/augmented-reality\/","og_locale":"pl_PL","og_type":"article","og_title":"Rzeczywisto\u015b\u0107 rozszerzona | Solid Edge","og_description":"Funkcja rzeczywisto\u015bci rozszerzonej w&nbsp;Solid Edge pozwala u\u017cytkownikom korzysta\u0107 z&nbsp;wirtualnych prototyp&oacute;w w&nbsp;rzeczywistym \u015bwiecie i&nbsp;nadawa\u0107 fizycznego kszta\u0142tu swoim koncepcjom.","og_url":"https:\/\/solidedge.siemens.com\/pl\/solutions\/products\/cloud-based-collaboration\/teamcenter-share\/augmented-reality\/","og_site_name":"Solid Edge","article_publisher":"https:\/\/www.facebook.com\/solidedge","article_modified_time":"2021-05-18T18:14:45+00:00","twitter_card":"summary_large_image","twitter_site":"@siemensplm","twitter_misc":{"Szacowany czas czytania":"4 minuty"},"schema":{"@context":"https:\/\/schema.org","@graph":[{"@type":"Organization","@id":"https:\/\/solidedge.siemens.com\/en\/#organization","name":"Siemens Digital Industries Software","url":"https:\/\/solidedge.siemens.com\/en\/","sameAs":["https:\/\/www.facebook.com\/solidedge","https:\/\/www.instagram.com\/siemens\/","https:\/\/www.linkedin.com\/company\/siemens-plm-software","https:\/\/www.youtube.com\/user\/PolarionSoftware","https:\/\/twitter.com\/siemensplm"],"logo":{"@type":"ImageObject","@id":"https:\/\/solidedge.siemens.com\/en\/#logo","inLanguage":"pl-PL","url":"https:\/\/solidedge.siemens.com\/wp-content\/uploads\/2018\/04\/logo-siemens-ifl@2x.png","contentUrl":"https:\/\/solidedge.siemens.com\/wp-content\/uploads\/2018\/04\/logo-siemens-ifl@2x.png","width":640,"height":270,"caption":"Siemens Digital Industries Software"},"image":{"@id":"https:\/\/solidedge.siemens.com\/en\/#logo"}},{"@type":"WebSite","@id":"https:\/\/solidedge.siemens.com\/en\/#website","url":"https:\/\/solidedge.siemens.com\/en\/","name":"Solid Edge","description":"Siemens Software","publisher":{"@id":"https:\/\/solidedge.siemens.com\/en\/#organization"},"potentialAction":[{"@type":"SearchAction","target":{"@type":"EntryPoint","urlTemplate":"https:\/\/solidedge.siemens.com\/en\/?s={search_term_string}"},"query-input":"required name=search_term_string"}],"inLanguage":"pl-PL"},{"@type":"WebPage","@id":"https:\/\/solidedge.siemens.com\/pl\/solutions\/products\/cloud-based-collaboration\/teamcenter-share\/augmented-reality\/#webpage","url":"https:\/\/solidedge.siemens.com\/pl\/solutions\/products\/cloud-based-collaboration\/teamcenter-share\/augmented-reality\/","name":"Rzeczywisto\u015b\u0107 rozszerzona | Solid Edge","isPartOf":{"@id":"https:\/\/solidedge.siemens.com\/en\/#website"},"datePublished":"2019-09-03T15:50:10+00:00","dateModified":"2021-05-18T18:14:45+00:00","description":"Funkcja rzeczywisto\u015bci rozszerzonej w&nbsp;Solid Edge pozwala u\u017cytkownikom korzysta\u0107 z&nbsp;wirtualnych prototyp&oacute;w w&nbsp;rzeczywistym \u015bwiecie i&nbsp;nadawa\u0107 fizycznego kszta\u0142tu swoim koncepcjom.","breadcrumb":{"@id":"https:\/\/solidedge.siemens.com\/pl\/solutions\/products\/cloud-based-collaboration\/teamcenter-share\/augmented-reality\/#breadcrumb"},"inLanguage":"pl-PL","potentialAction":[{"@type":"ReadAction","target":["https:\/\/solidedge.siemens.com\/pl\/solutions\/products\/cloud-based-collaboration\/teamcenter-share\/augmented-reality\/"]}]},{"@type":"BreadcrumbList","@id":"https:\/\/solidedge.siemens.com\/pl\/solutions\/products\/cloud-based-collaboration\/teamcenter-share\/augmented-reality\/#breadcrumb","itemListElement":[{"@type":"ListItem","position":1,"name":"Home","item":"https:\/\/solidedge.siemens.com\/en\/home-10\/"},{"@type":"ListItem","position":2,"name":"Rozwi\u0105zania","item":"https:\/\/solidedge.siemens.com\/pl\/solutions\/"},{"@type":"ListItem","position":3,"name":"Produkty","item":"https:\/\/solidedge.siemens.com\/pl\/solutions\/products\/"},{"@type":"ListItem","position":4,"name":"Wsp&oacute;\u0142praca w&nbsp;chmurze","item":"https:\/\/solidedge.siemens.com\/pl\/solutions\/products\/cloud-based-collaboration\/"},{"@type":"ListItem","position":5,"name":"Teamcenter Share","item":"https:\/\/solidedge.siemens.com\/pl\/solutions\/products\/cloud-based-collaboration\/teamcenter-share\/"},{"@type":"ListItem","position":6,"name":"Rzeczywisto\u015b\u0107 rozszerzona"}]}]}},"_links":{"self":[{"href":"https:\/\/solidedge.siemens.com\/pl\/wp-json\/wp\/v2\/pages\/20388"}],"collection":[{"href":"https:\/\/solidedge.siemens.com\/pl\/wp-json\/wp\/v2\/pages"}],"about":[{"href":"https:\/\/solidedge.siemens.com\/pl\/wp-json\/wp\/v2\/types\/page"}],"author":[{"embeddable":true,"href":"https:\/\/solidedge.siemens.com\/pl\/wp-json\/wp\/v2\/users\/5"}],"replies":[{"embeddable":true,"href":"https:\/\/solidedge.siemens.com\/pl\/wp-json\/wp\/v2\/comments?post=20388"}],"version-history":[{"count":9,"href":"https:\/\/solidedge.siemens.com\/pl\/wp-json\/wp\/v2\/pages\/20388\/revisions"}],"predecessor-version":[{"id":40715,"href":"https:\/\/solidedge.siemens.com\/pl\/wp-json\/wp\/v2\/pages\/20388\/revisions\/40715"}],"up":[{"embeddable":true,"href":"https:\/\/solidedge.siemens.com\/pl\/wp-json\/wp\/v2\/pages\/55568"}],"wp:attachment":[{"href":"https:\/\/solidedge.siemens.com\/pl\/wp-json\/wp\/v2\/media?parent=20388"}],"curies":[{"name":"wp","href":"https:\/\/api.w.org\/{rel}","templated":true}]}}