{"id":1931,"date":"2018-04-10T14:55:32","date_gmt":"2018-04-10T18:55:32","guid":{"rendered":"https:\/\/solidedge.siemens.com\/reverse-engineering\/"},"modified":"2021-05-18T17:03:27","modified_gmt":"2021-05-18T21:03:27","slug":"reverse-engineering","status":"publish","type":"page","link":"https:\/\/solidedge.siemens.com\/pl\/solutions\/products\/3d-design\/next-generation-design\/reverse-engineering\/","title":{"rendered":"In\u017cynieria odwrotna"},"content":{"rendered":"<p>[vc_row full_width=&#8221;stretch_row&#8221; full_height=&#8221;yes&#8221; content_placement=&#8221;middle&#8221; css=&#8221;.vc_custom_1524674679674{background: #a6a6a6 url(https:\/\/solidedge.siemens.com\/wp-content\/uploads\/2018\/04\/vc-bg-her-reverse-engineering.jpg?id=761) !important;background-position: center !important;background-repeat: no-repeat !important;background-size: cover !important;}&#8221; el_class=&#8221;vc-row-hero-banner&#8221;][vc_column][vc_column_text el_class=&#8221;.vc-el-callout&#8221;]<\/p>\n<h1>In\u017cynieria odwrotna: od skanowania 3D do systemu CAD<\/h1>\n<p>Oprogramowanie Solid Edge, w&nbsp;po\u0142\u0105czeniu z&nbsp;wydajnymi narz\u0119dziami do projektowania 3D, oferuje inteligentne funkcje do pracy z&nbsp;danymi siatek lub danymi opartymi na tr&oacute;jk\u0105tach. Obiekty mo\u017cna importowa\u0107 z&nbsp;innych system&oacute;w w&nbsp;postaci skan&oacute;w cyfrowych lub uzyska\u0107 w&nbsp;wyniku analizy projektu generatywnego. Obiekty s\u0105 dostarczane w postaci siatek lub tr&oacute;jk\u0105t&oacute;w (z geometri\u0105 p\u0142aszczyznow\u0105), a w wielu przypadkach wymagaj\u0105 dodatkowych zmian projektowych.<\/p>\n<p><a class=\"action-button\" href=\"\/en\/try-now\/\"><i class=\"icon-ext\"><\/i>Wypr&oacute;buj bezp\u0142atn\u0105 wersj\u0119 pr&oacute;bn\u0105<\/a>[\/vc_column_text][\/vc_column][\/vc_row][vc_row][vc_column][vc_column_text el_class=&#8221;vc-el-lead-in&#8221;]Funkcje<\/p>\n<h2>Rozszerz mo\u017cliwo\u015bci projektowania 3D<\/h2>\n<p>Oprogramowanie Solid Edge oferuje intuicyjne narz\u0119dzia do czyszczenia siatek, pozwalaj\u0105ce na usuni\u0119cie b\u0142\u0119d&oacute;w powsta\u0142ych podczas importu i&nbsp;umo\u017cliwiaj\u0105ce projektantom uzyskanie nadaj\u0105cego si\u0119 do pracy zestawu tr&oacute;jk\u0105t&oacute;w. Po przygotowaniu odpowiedniej siatki mo\u017cna zidentyfikowa\u0107 i utworzy\u0107 regiony, kt&oacute;re nast\u0119pnie mo\u017cna pobra\u0107 jako powierzchnie i podda\u0107 edycji za pomoc\u0105 tradycyjnych narz\u0119dzi do modelowania powierzchni.[\/vc_column_text][vc_row_inner el_class=&#8221;vc-row-image-teasers&#8221;][vc_column_inner width=&#8221;1\/4&#8243;][vc_single_image image=&#8221;758&#8243; img_size=&#8221;full&#8221; alignment=&#8221;center&#8221;][vc_column_text]<\/p>\n<h3>Tworzenie siatek zdatnych do pracy<\/h3>\n<p>Poniewa\u017c zaimportowane obiekty siatkowe nie zawsze spe\u0142niaj\u0105 wymagania u\u017cytkownika, oprogramowanie Solid Edge wyposa\u017cono w&nbsp;funkcje umo\u017cliwiaj\u0105ce usuwanie konkretnych p\u0142aszczyzn lub region&oacute;w, wype\u0142nianie otwor&oacute;w i&nbsp;wyg\u0142adzanie siatki. Te operacje czyszczenia siatki pomagaj\u0105 projektantom przygotowa\u0107 obiekty z geometri\u0105 o charakterze p\u0142aszczyznowym (tesselacyjnym) pod k\u0105tem tworzenia modeli i\/lub wytwarzania podstawowych sk\u0142adnik&oacute;w.[\/vc_column_text][\/vc_column_inner][vc_column_inner width=&#8221;1\/4&#8243;][vc_single_image image=&#8221;759&#8243; img_size=&#8221;full&#8221; alignment=&#8221;center&#8221;][vc_column_text]<\/p>\n<h3>\u0141atwe przygotowywanie modeli<\/h3>\n<p>Znajdowanie logicznych kszta\u0142t&oacute;w p\u0142aszczyzn ma du\u017ce znaczenie dla przygotowania geometrii do operacji analitycznych powierzchni. Narz\u0119dzie identyfikowania region&oacute;w umo\u017cliwia logiczne grupowanie tr&oacute;jk\u0105t&oacute;w, kt&oacute;rych mo\u017cna u\u017cy\u0107 do tworzenia p\u0142aszczyzn.[\/vc_column_text][\/vc_column_inner][vc_column_inner width=&#8221;1\/4&#8243;][vc_single_image image=&#8221;760&#8243; img_size=&#8221;full&#8221; alignment=&#8221;center&#8221;][vc_column_text]<\/p>\n<h3>Intuicyjne tworzenie powierzchni<\/h3>\n<p>Prawdziwa si\u0142a in\u017cynierii odwrotnej polega na tworzeniu natywnych powierzchni na podstawie zaimportowanych danych. Oprogramowanie Solid Edge oferuje polecenia umo\u017cliwiaj\u0105ce nie tylko pobieranie p\u0142aszczyzn ze zidentyfikowanych region&oacute;w siatki, lecz tak\u017ce umiejscawianie analitycznych p\u0142aszczyzn w danym regionie.[\/vc_column_text][\/vc_column_inner][vc_column_inner width=&#8221;1\/4&#8243;][vc_single_image image=&#8221;23959&#8243; img_size=&#8221;full&#8221; alignment=&#8221;center&#8221;][vc_column_text]<\/p>\n<h3>Analiza odchyle\u0144<\/h3>\n<p>Zastosowanie por&oacute;wna\u0144 punkt po punkcie mi\u0119dzy dwoma obiektami w&nbsp;ramach proces&oacute;w in\u017cynierii odwrotnej pozwala stwierdzi\u0107, czy dana cz\u0119\u015bci odbiega od orygina\u0142u. Por&oacute;wnuj\u0105c modele b-rep z&nbsp;modelami siatkowymi oraz modele siatkowe do siatkowych, mo\u017cna upewni\u0107 si\u0119, \u017ce cz\u0119\u015b\u0107 poddana in\u017cynierii odwrotnej stanowi dok\u0142adne odzwierciedlenie orygina\u0142u, oraz szybko usun\u0105\u0107 ewentualne problemy. Obiekty mog\u0105 by\u0107 obiektami bry\u0142owymi, konstrukcyjnymi lub powierzchniowymi, z zastosowaniem metody \u0142\u0105czenia. Odchylenia s\u0105 podawane w&nbsp;warto\u015bciach bezwzgl\u0119dnych, przy czym odchylenia wewn\u0119trzne i&nbsp;zewn\u0119trzne s\u0105 podawane odpowiednio jako warto\u015bci ujemne i&nbsp;dodatnie.<\/p>\n<p>[\/vc_column_text][\/vc_column_inner][\/vc_row_inner][\/vc_column][\/vc_row][vc_row full_width=&#8221;stretch_row&#8221; el_class=&#8221;vc-row-free-software&#8221; css=&#8221;.vc_custom_1523912493378{background-color: #006486 !important;}&#8221;][vc_column][vc_column_text el_class=&#8221;vc-el-lead-in&#8221;]BEZP\u0141ATNE oprogramowanie<\/p>\n<h2>Bezp\u0142atne oprogramowanie do projektowania 3D<\/h2>\n<p>[\/vc_column_text][vc_row_inner equal_height=&#8221;yes&#8221;][vc_column_inner width=&#8221;1\/2&#8243; offset=&#8221;vc_col-md-5&#8243;]<div class=\"wpb_content_block wpb_content_element\"><div class=\"wpb_wrapper\"><div class=\"content_block\" id=\"custom_post_widget-418\"><p>[vc_row][vc_column][vc_column_text]<\/p>\n<h3>Wypr\u00f3buj oprogramowanie Solid Edge bez op\u0142at<\/h3>\n<p>Uzyskaj b\u0142yskawiczny dost\u0119p do bezp\u0142atnej wersji pr\u00f3bnej oprogramowania Solid Edge, aby wypr\u00f3bowa\u0107 jego funkcje.[\/vc_column_text][vc_column_text]<a class=\"action-button\" href=\"\/pl\/try-now\/\"><i class=\"icon-ext\"><\/i>Zacznij ju\u017c teraz<\/a>[\/vc_column_text][\/vc_column][\/vc_row]<\/p>\n<\/div><\/div><\/div>[\/vc_column_inner][vc_column_inner width=&#8221;1\/2&#8243; offset=&#8221;vc_col-md-offset-2 vc_col-md-5&#8243;]<div class=\"wpb_content_block wpb_content_element\"><div class=\"wpb_wrapper\"><div class=\"content_block\" id=\"custom_post_widget-419\"><p>[vc_row][vc_column][vc_column_text]<\/p>\n<h3>Bezp\u0142atne oprogramowanie dla startup\u00f3w<\/h3>\n<p>Startupy na wczesnym etapie dzia\u0142alno\u015bci, istniej\u0105ce kr\u00f3cej ni\u017c trzy lata, mog\u0105 z\u0142o\u017cy\u0107 wniosek o bezp\u0142atn\u0105 wersj\u0119 oprogramowania Solid Edge. Bez op\u0142aty manipulacyjnej![\/vc_column_text][vc_column_text]<a class=\"action-button\" href=\"https:\/\/www.plm.automation.siemens.com\/global\/en\/topic\/solid-edge-for-startups\/8335\"><i class=\"icon-ext\"><\/i>Z\u0142\u00f3\u017c wniosek ju\u017c teraz<\/a>[\/vc_column_text][\/vc_column][\/vc_row]<\/p>\n<\/div><\/div><\/div>[\/vc_column_inner][\/vc_row_inner][\/vc_column][\/vc_row][vc_row full_width=&#8221;stretch_row&#8221; el_class=&#8221;vc-row-video-highlight&#8221;][vc_column][vc_column_text el_class=&#8221;vc-el-lead-in&#8221;]Film<\/p>\n<h2>Zobacz, jak dzia\u0142a in\u017cynieria odwrotna<\/h2>\n<p>Oprogramowanie Solid Edge, w po\u0142\u0105czeniu z wydajnymi narz\u0119dziami do projektowania 3D, oferuje inteligentne funkcje do pracy z danymi siatek lub opartymi na tr&oacute;jk\u0105tach.<\/p>\n<p class=\"see-more\" style=\"text-align: right;\"><a href=\"https:\/\/solidedge.siemens.com\/pl\/resources\/videos\/\">Zobacz wi\u0119cej materia\u0142&oacute;w wideo<\/a><\/p>\n<p>[\/vc_column_text]\n\n\n  <div id=\"wpv-view-layout-567-CATTRf347294f5de14a8f9dfd249a3838965c\" class=\"js-wpv-view-layout js-wpv-layout-responsive js-wpv-view-layout-567-CATTRf347294f5de14a8f9dfd249a3838965c\" data-viewnumber=\"567-CATTRf347294f5de14a8f9dfd249a3838965c\" data-pagination=\"{&quot;id&quot;:567,&quot;query&quot;:&quot;normal&quot;,&quot;type&quot;:&quot;disabled&quot;,&quot;effect&quot;:&quot;fade&quot;,&quot;duration&quot;:500,&quot;speed&quot;:5,&quot;pause_on_hover&quot;:&quot;disabled&quot;,&quot;stop_rollover&quot;:&quot;false&quot;,&quot;cache_pages&quot;:&quot;enabled&quot;,&quot;preload_images&quot;:&quot;enabled&quot;,&quot;preload_pages&quot;:&quot;enabled&quot;,&quot;preload_reach&quot;:1,&quot;spinner&quot;:&quot;builtin&quot;,&quot;spinner_image&quot;:&quot;https:\/\/solidedge.siemens.com\/wp-content\/plugins\/wp-views\/embedded\/res\/img\/ajax-loader.gif&quot;,&quot;callback_next&quot;:&quot;&quot;,&quot;manage_history&quot;:&quot;disabled&quot;,&quot;has_controls_in_form&quot;:&quot;disabled&quot;,&quot;infinite_tolerance&quot;:&quot;0&quot;,&quot;max_pages&quot;:0,&quot;page&quot;:1,&quot;base_permalink&quot;:&quot;\/pl\/wp-json\/wp\/v2\/pages\/1931?wpv_view_count=567-CATTRf347294f5de14a8f9dfd249a3838965c&amp;wpv_paged=WPV_PAGE_NUM&quot;,&quot;loop&quot;:{&quot;type&quot;:&quot;&quot;,&quot;name&quot;:&quot;&quot;,&quot;data&quot;:[],&quot;id&quot;:0}}\" data-permalink=\"\/pl\/wp-json\/wp\/v2\/pages\/1931?wpv_view_count=567-CATTRf347294f5de14a8f9dfd249a3838965c\">\n\n  \n  \n  \n  <\/div>\n[vc_column_text el_class=&#8221;video-caption&#8221;]<\/p>\n<h3>In\u017cynieria odwrotna w Solid Edge<\/h3>\n<p>Podczas tej demonstracji poka\u017cemy, jak mo\u017cna wykorzysta\u0107 funkcje in\u017cynierii odwrotnej dost\u0119pne w&nbsp;oprogramowaniu Solid Edge, aby znacz\u0105co zwi\u0119kszy\u0107 mo\u017cliwo\u015bci projektowania 3D. Obiekty mo\u017cna importowa\u0107 z&nbsp;innych system&oacute;w w&nbsp;postaci skan&oacute;w cyfrowych lub uzyska\u0107 w&nbsp;wyniku analizy projektu generatywnego. Obiekty s\u0105 dostarczane w postaci siatek lub tr&oacute;jk\u0105t&oacute;w (z geometri\u0105 p\u0142aszczyznow\u0105), a w wielu przypadkach wymagaj\u0105 dodatkowych zmian projektowych. [\/vc_column_text][\/vc_column][\/vc_row][vc_row full_width=&#8221;stretch_row&#8221; el_class=&#8221;vc-row-related-content&#8221; css=&#8221;.vc_custom_1524184785822{background-color: #347eb5 !important;}&#8221;][vc_column][vc_column_text]<\/p>\n<h2>Powi\u0105zane tre\u015bci<\/h2>\n<p>[\/vc_column_text]<div id=\"ult-carousel-43780755769f7be6f1eee1\" class=\"ult-carousel-wrapper  vc-el-carousel-related-content ult_horizontal\" data-gutter=\"0\" data-rtl=\"false\" ><div class=\"ult-carousel-131974886269f7be6f1eeba \" >[vc_column_text]<a href=\"https:\/\/www.plm.automation.siemens.com\/store\/en-us\/solid-edge\/\">Kup ten produkt w sklepie z oprogramowaniem Solid Edge<\/a>[\/vc_column_text][vc_column_text]<a href=\"https:\/\/www.plm.automation.siemens.com\/en_us\/Images\/Lifecylce-Insights-eBook-The-Next-Generation-of-Design_tcm1023-256417.pdf\">E-book organizacji Lifecycle Insights:<br \/>\nProjektowanie nowej generacji<\/a>[\/vc_column_text][vc_column_text]<a href=\"https:\/\/www.plm.automation.siemens.com\/en_us\/Images\/solid-edge-next%20generation-design-infographic_tcm1023-256403.jpg\">Grafika:<br \/>\nNa czym polega projektowanie nowej generacji<\/a>[\/vc_column_text][vc_column_text]<a href=\"https:\/\/www.adandp.media\/articles\/solid-edge-brings-divergent-modeling-worlds-together\">Relacja w mediach:<br \/>\nAD&amp;P<\/a>[\/vc_column_text][vc_column_text]<a href=\"https:\/\/www.designworldonline.com\/many-models-one-click-button\/\">Relacja w mediach:<br \/>\nDesign World<\/a>[\/vc_column_text]<\/div><\/div>\t\t\t<script type=\"text\/javascript\">\r\n\t\t\t\tjQuery(document).ready(function ($) {\r\n\t\t\t\t\tif( typeof jQuery('.ult-carousel-131974886269f7be6f1eeba').slick == \"function\"){\r\n\t\t\t\t\t\t$('.ult-carousel-131974886269f7be6f1eeba').slick({dots: true,autoplaySpeed: 5000,speed: 500,infinite: false,arrows: true,nextArrow: '<button type=\"button\" role=\"button\" aria-label=\"Next\" style=\"color:#ffffff; font-size:30px;background:rgba(255,255,255,0.2);\" class=\"slick-next square-bg\"><i class=\"ultsl-arrow-right6\"><\/i><\/button>',prevArrow: '<button type=\"button\" role=\"button\" aria-label=\"Previous\" style=\"color:#ffffff; font-size:30px;background:rgba(255,255,255,0.2);\" class=\"slick-prev square-bg\"><i class=\"ultsl-arrow-left6\"><\/i><\/button>',slidesToScroll:4,slidesToShow:4,swipe: true,draggable: true,touchMove: true,pauseOnHover: true,pauseOnFocus: false,responsive: [\r\n\t\t\t\t\t\t\t{\r\n\t\t\t\t\t\t\t  breakpoint: 1026,\r\n\t\t\t\t\t\t\t  settings: {\r\n\t\t\t\t\t\t\t\tslidesToShow: 4,\r\n\t\t\t\t\t\t\t\tslidesToScroll: 4,  \r\n\t\t\t\t\t\t\t  }\r\n\t\t\t\t\t\t\t},\r\n\t\t\t\t\t\t\t{\r\n\t\t\t\t\t\t\t  breakpoint: 1025,\r\n\t\t\t\t\t\t\t  settings: {\r\n\t\t\t\t\t\t\t\tslidesToShow: 2,\r\n\t\t\t\t\t\t\t\tslidesToScroll: 2\r\n\t\t\t\t\t\t\t  }\r\n\t\t\t\t\t\t\t},\r\n\t\t\t\t\t\t\t{\r\n\t\t\t\t\t\t\t  breakpoint: 760,\r\n\t\t\t\t\t\t\t  settings: {\r\n\t\t\t\t\t\t\t\tslidesToShow: 1,\r\n\t\t\t\t\t\t\t\tslidesToScroll: 1\r\n\t\t\t\t\t\t\t  }\r\n\t\t\t\t\t\t\t}\r\n\t\t\t\t\t\t],pauseOnDotsHover: true,customPaging: function(slider, i) {\r\n                   return '<i type=\"button\" style= \"color:#ffffff;\" class=\"ultsl-record\" data-role=\"none\"><\/i>';\r\n                },});\r\n\t\t\t\t\t}\r\n\t\t\t\t});\r\n\t\t\t<\/script>\r\n\t\t\t[\/vc_column][\/vc_row][vc_row full_width=&#8221;stretch_row&#8221; el_class=&#8221;footer-contact&#8221; css=&#8221;.vc_custom_1550170708528{background-color: #dedee3 !important;}&#8221;][vc_column]<div class=\"wpb_content_block wpb_content_element\"><div class=\"wpb_wrapper\"><\/div><\/div>[\/vc_column][\/vc_row]<\/p>\n","protected":false},"excerpt":{"rendered":"<p> In\u017cynieria odwrotna: od skanowania 3D do systemu CAD Oprogramowanie Solid Edge, w&nbsp;po\u0142\u0105czeniu z&nbsp;wydajnymi narz\u0119dziami do projektowania 3D, oferuje inteligentne funkcje do pracy z&nbsp;danymi siatek lub danymi opartymi na tr&oacute;jk\u0105tach. Obiekty mo\u017cna importowa\u0107 z&nbsp;innych system&oacute;w w&nbsp;postaci skan&oacute;w cyfrowych lub uzyska\u0107 [&hellip;]<\/p>\n","protected":false},"author":21,"featured_media":0,"parent":2103,"menu_order":3,"comment_status":"closed","ping_status":"closed","template":"","meta":{"inline_featured_image":false},"yoast_head":"<!-- This site is optimized with the Yoast SEO plugin v18.4.1 - https:\/\/yoast.com\/wordpress\/plugins\/seo\/ -->\n<title>In\u017cynieria odwrotna | Skanowanie 3D | Solid Edge<\/title>\n<meta name=\"description\" content=\"Oprogramowanie Solid Edge dostarcza rozbudowany zestaw narz\u0119dzi do in\u017cynierii odwrotnej do dopracowywania cyfrowych modeli na podstawie danych zeskanowanych w 3D lub importowanych b\u0105d\u017a projekt\u00f3w generatywnych.\" \/>\n<meta name=\"robots\" content=\"index, follow, max-snippet:-1, max-image-preview:large, max-video-preview:-1\" \/>\n<link rel=\"canonical\" href=\"https:\/\/solidedge.siemens.com\/pl\/solutions\/products\/3d-design\/next-generation-design\/reverse-engineering\/\" \/>\n<meta property=\"og:locale\" content=\"pl_PL\" \/>\n<meta property=\"og:type\" content=\"article\" \/>\n<meta property=\"og:title\" content=\"In\u017cynieria odwrotna | Skanowanie 3D | Solid Edge\" \/>\n<meta property=\"og:description\" content=\"Oprogramowanie Solid Edge dostarcza rozbudowany zestaw narz\u0119dzi do in\u017cynierii odwrotnej do dopracowywania cyfrowych modeli na podstawie danych zeskanowanych w 3D lub importowanych b\u0105d\u017a projekt\u00f3w generatywnych.\" \/>\n<meta property=\"og:url\" content=\"https:\/\/solidedge.siemens.com\/pl\/solutions\/products\/3d-design\/next-generation-design\/reverse-engineering\/\" \/>\n<meta property=\"og:site_name\" content=\"Solid Edge\" \/>\n<meta property=\"article:publisher\" content=\"https:\/\/www.facebook.com\/solidedge\" \/>\n<meta property=\"article:modified_time\" content=\"2021-05-18T21:03:27+00:00\" \/>\n<meta name=\"twitter:card\" content=\"summary_large_image\" \/>\n<meta name=\"twitter:site\" content=\"@siemensplm\" \/>\n<meta name=\"twitter:label1\" content=\"Szacowany czas czytania\" \/>\n\t<meta name=\"twitter:data1\" content=\"5 minut\" \/>\n<script type=\"application\/ld+json\" class=\"yoast-schema-graph\">{\"@context\":\"https:\/\/schema.org\",\"@graph\":[{\"@type\":\"Organization\",\"@id\":\"https:\/\/solidedge.siemens.com\/en\/#organization\",\"name\":\"Siemens Digital Industries Software\",\"url\":\"https:\/\/solidedge.siemens.com\/en\/\",\"sameAs\":[\"https:\/\/www.facebook.com\/solidedge\",\"https:\/\/www.instagram.com\/siemens\/\",\"https:\/\/www.linkedin.com\/company\/siemens-plm-software\",\"https:\/\/www.youtube.com\/user\/PolarionSoftware\",\"https:\/\/twitter.com\/siemensplm\"],\"logo\":{\"@type\":\"ImageObject\",\"@id\":\"https:\/\/solidedge.siemens.com\/en\/#logo\",\"inLanguage\":\"pl-PL\",\"url\":\"https:\/\/solidedge.siemens.com\/wp-content\/uploads\/2018\/04\/logo-siemens-ifl@2x.png\",\"contentUrl\":\"https:\/\/solidedge.siemens.com\/wp-content\/uploads\/2018\/04\/logo-siemens-ifl@2x.png\",\"width\":640,\"height\":270,\"caption\":\"Siemens Digital Industries Software\"},\"image\":{\"@id\":\"https:\/\/solidedge.siemens.com\/en\/#logo\"}},{\"@type\":\"WebSite\",\"@id\":\"https:\/\/solidedge.siemens.com\/en\/#website\",\"url\":\"https:\/\/solidedge.siemens.com\/en\/\",\"name\":\"Solid Edge\",\"description\":\"Siemens Software\",\"publisher\":{\"@id\":\"https:\/\/solidedge.siemens.com\/en\/#organization\"},\"potentialAction\":[{\"@type\":\"SearchAction\",\"target\":{\"@type\":\"EntryPoint\",\"urlTemplate\":\"https:\/\/solidedge.siemens.com\/en\/?s={search_term_string}\"},\"query-input\":\"required name=search_term_string\"}],\"inLanguage\":\"pl-PL\"},{\"@type\":\"WebPage\",\"@id\":\"https:\/\/solidedge.siemens.com\/pl\/solutions\/products\/3d-design\/next-generation-design\/reverse-engineering\/#webpage\",\"url\":\"https:\/\/solidedge.siemens.com\/pl\/solutions\/products\/3d-design\/next-generation-design\/reverse-engineering\/\",\"name\":\"In\u017cynieria odwrotna | Skanowanie 3D | Solid Edge\",\"isPartOf\":{\"@id\":\"https:\/\/solidedge.siemens.com\/en\/#website\"},\"datePublished\":\"2018-04-10T18:55:32+00:00\",\"dateModified\":\"2021-05-18T21:03:27+00:00\",\"description\":\"Oprogramowanie Solid Edge dostarcza rozbudowany zestaw narz\u0119dzi do in\u017cynierii odwrotnej do dopracowywania cyfrowych modeli na podstawie danych zeskanowanych w 3D lub importowanych b\u0105d\u017a projekt\u00f3w generatywnych.\",\"breadcrumb\":{\"@id\":\"https:\/\/solidedge.siemens.com\/pl\/solutions\/products\/3d-design\/next-generation-design\/reverse-engineering\/#breadcrumb\"},\"inLanguage\":\"pl-PL\",\"potentialAction\":[{\"@type\":\"ReadAction\",\"target\":[\"https:\/\/solidedge.siemens.com\/pl\/solutions\/products\/3d-design\/next-generation-design\/reverse-engineering\/\"]}]},{\"@type\":\"BreadcrumbList\",\"@id\":\"https:\/\/solidedge.siemens.com\/pl\/solutions\/products\/3d-design\/next-generation-design\/reverse-engineering\/#breadcrumb\",\"itemListElement\":[{\"@type\":\"ListItem\",\"position\":1,\"name\":\"Home\",\"item\":\"https:\/\/solidedge.siemens.com\/en\/home-10\/\"},{\"@type\":\"ListItem\",\"position\":2,\"name\":\"Rozwi\u0105zania\",\"item\":\"https:\/\/solidedge.siemens.com\/pl\/solutions\/\"},{\"@type\":\"ListItem\",\"position\":3,\"name\":\"Produkty\",\"item\":\"https:\/\/solidedge.siemens.com\/pl\/solutions\/products\/\"},{\"@type\":\"ListItem\",\"position\":4,\"name\":\"Projektowanie 3D\",\"item\":\"https:\/\/solidedge.siemens.com\/pl\/solutions\/products\/3d-design\/\"},{\"@type\":\"ListItem\",\"position\":5,\"name\":\"Projektowanie nowej generacji\",\"item\":\"https:\/\/solidedge.siemens.com\/pl\/solutions\/products\/3d-design\/next-generation-design\/\"},{\"@type\":\"ListItem\",\"position\":6,\"name\":\"In\u017cynieria odwrotna\"}]}]}<\/script>\n<!-- \/ Yoast SEO plugin. -->","yoast_head_json":{"title":"In\u017cynieria odwrotna | Skanowanie 3D | Solid Edge","description":"Oprogramowanie Solid Edge dostarcza rozbudowany zestaw narz\u0119dzi do in\u017cynierii odwrotnej do dopracowywania cyfrowych modeli na podstawie danych zeskanowanych w 3D lub importowanych b\u0105d\u017a projekt\u00f3w generatywnych.","robots":{"index":"index","follow":"follow","max-snippet":"max-snippet:-1","max-image-preview":"max-image-preview:large","max-video-preview":"max-video-preview:-1"},"canonical":"https:\/\/solidedge.siemens.com\/pl\/solutions\/products\/3d-design\/next-generation-design\/reverse-engineering\/","og_locale":"pl_PL","og_type":"article","og_title":"In\u017cynieria odwrotna | Skanowanie 3D | Solid Edge","og_description":"Oprogramowanie Solid Edge dostarcza rozbudowany zestaw narz\u0119dzi do in\u017cynierii odwrotnej do dopracowywania cyfrowych modeli na podstawie danych zeskanowanych w 3D lub importowanych b\u0105d\u017a projekt\u00f3w generatywnych.","og_url":"https:\/\/solidedge.siemens.com\/pl\/solutions\/products\/3d-design\/next-generation-design\/reverse-engineering\/","og_site_name":"Solid Edge","article_publisher":"https:\/\/www.facebook.com\/solidedge","article_modified_time":"2021-05-18T21:03:27+00:00","twitter_card":"summary_large_image","twitter_site":"@siemensplm","twitter_misc":{"Szacowany czas czytania":"5 minut"},"schema":{"@context":"https:\/\/schema.org","@graph":[{"@type":"Organization","@id":"https:\/\/solidedge.siemens.com\/en\/#organization","name":"Siemens Digital Industries Software","url":"https:\/\/solidedge.siemens.com\/en\/","sameAs":["https:\/\/www.facebook.com\/solidedge","https:\/\/www.instagram.com\/siemens\/","https:\/\/www.linkedin.com\/company\/siemens-plm-software","https:\/\/www.youtube.com\/user\/PolarionSoftware","https:\/\/twitter.com\/siemensplm"],"logo":{"@type":"ImageObject","@id":"https:\/\/solidedge.siemens.com\/en\/#logo","inLanguage":"pl-PL","url":"https:\/\/solidedge.siemens.com\/wp-content\/uploads\/2018\/04\/logo-siemens-ifl@2x.png","contentUrl":"https:\/\/solidedge.siemens.com\/wp-content\/uploads\/2018\/04\/logo-siemens-ifl@2x.png","width":640,"height":270,"caption":"Siemens Digital Industries Software"},"image":{"@id":"https:\/\/solidedge.siemens.com\/en\/#logo"}},{"@type":"WebSite","@id":"https:\/\/solidedge.siemens.com\/en\/#website","url":"https:\/\/solidedge.siemens.com\/en\/","name":"Solid Edge","description":"Siemens Software","publisher":{"@id":"https:\/\/solidedge.siemens.com\/en\/#organization"},"potentialAction":[{"@type":"SearchAction","target":{"@type":"EntryPoint","urlTemplate":"https:\/\/solidedge.siemens.com\/en\/?s={search_term_string}"},"query-input":"required name=search_term_string"}],"inLanguage":"pl-PL"},{"@type":"WebPage","@id":"https:\/\/solidedge.siemens.com\/pl\/solutions\/products\/3d-design\/next-generation-design\/reverse-engineering\/#webpage","url":"https:\/\/solidedge.siemens.com\/pl\/solutions\/products\/3d-design\/next-generation-design\/reverse-engineering\/","name":"In\u017cynieria odwrotna | Skanowanie 3D | Solid Edge","isPartOf":{"@id":"https:\/\/solidedge.siemens.com\/en\/#website"},"datePublished":"2018-04-10T18:55:32+00:00","dateModified":"2021-05-18T21:03:27+00:00","description":"Oprogramowanie Solid Edge dostarcza rozbudowany zestaw narz\u0119dzi do in\u017cynierii odwrotnej do dopracowywania cyfrowych modeli na podstawie danych zeskanowanych w 3D lub importowanych b\u0105d\u017a projekt\u00f3w generatywnych.","breadcrumb":{"@id":"https:\/\/solidedge.siemens.com\/pl\/solutions\/products\/3d-design\/next-generation-design\/reverse-engineering\/#breadcrumb"},"inLanguage":"pl-PL","potentialAction":[{"@type":"ReadAction","target":["https:\/\/solidedge.siemens.com\/pl\/solutions\/products\/3d-design\/next-generation-design\/reverse-engineering\/"]}]},{"@type":"BreadcrumbList","@id":"https:\/\/solidedge.siemens.com\/pl\/solutions\/products\/3d-design\/next-generation-design\/reverse-engineering\/#breadcrumb","itemListElement":[{"@type":"ListItem","position":1,"name":"Home","item":"https:\/\/solidedge.siemens.com\/en\/home-10\/"},{"@type":"ListItem","position":2,"name":"Rozwi\u0105zania","item":"https:\/\/solidedge.siemens.com\/pl\/solutions\/"},{"@type":"ListItem","position":3,"name":"Produkty","item":"https:\/\/solidedge.siemens.com\/pl\/solutions\/products\/"},{"@type":"ListItem","position":4,"name":"Projektowanie 3D","item":"https:\/\/solidedge.siemens.com\/pl\/solutions\/products\/3d-design\/"},{"@type":"ListItem","position":5,"name":"Projektowanie nowej generacji","item":"https:\/\/solidedge.siemens.com\/pl\/solutions\/products\/3d-design\/next-generation-design\/"},{"@type":"ListItem","position":6,"name":"In\u017cynieria odwrotna"}]}]}},"_links":{"self":[{"href":"https:\/\/solidedge.siemens.com\/pl\/wp-json\/wp\/v2\/pages\/1931"}],"collection":[{"href":"https:\/\/solidedge.siemens.com\/pl\/wp-json\/wp\/v2\/pages"}],"about":[{"href":"https:\/\/solidedge.siemens.com\/pl\/wp-json\/wp\/v2\/types\/page"}],"author":[{"embeddable":true,"href":"https:\/\/solidedge.siemens.com\/pl\/wp-json\/wp\/v2\/users\/21"}],"replies":[{"embeddable":true,"href":"https:\/\/solidedge.siemens.com\/pl\/wp-json\/wp\/v2\/comments?post=1931"}],"version-history":[{"count":26,"href":"https:\/\/solidedge.siemens.com\/pl\/wp-json\/wp\/v2\/pages\/1931\/revisions"}],"predecessor-version":[{"id":41071,"href":"https:\/\/solidedge.siemens.com\/pl\/wp-json\/wp\/v2\/pages\/1931\/revisions\/41071"}],"up":[{"embeddable":true,"href":"https:\/\/solidedge.siemens.com\/pl\/wp-json\/wp\/v2\/pages\/2103"}],"wp:attachment":[{"href":"https:\/\/solidedge.siemens.com\/pl\/wp-json\/wp\/v2\/media?parent=1931"}],"curies":[{"name":"wp","href":"https:\/\/api.w.org\/{rel}","templated":true}]}}