{"id":1674,"date":"2018-05-22T11:51:45","date_gmt":"2018-05-22T15:51:45","guid":{"rendered":"https:\/\/solidedge.siemens.com\/requirements-management\/"},"modified":"2021-05-18T16:24:34","modified_gmt":"2021-05-18T20:24:34","slug":"requirements-management","status":"publish","type":"page","link":"https:\/\/solidedge.siemens.com\/pl\/solutions\/products\/data-management\/requirements-management\/","title":{"rendered":"Zarz\u0105dzanie wymaganiami"},"content":{"rendered":"<p>[vc_row el_class=&#8221;vc-row-page-image-intro&#8221;][vc_column][vc_column_text]<br \/>\n<br class=\"xliff-newline\" \/><\/p>\n<h1>Zarz\u0105dzanie wymaganiami<\/h1>\n<p><br class=\"xliff-newline\" \/><br \/>\n[\/vc_column_text][vc_row_inner][vc_column_inner width=&#8221;5\/12&#8243;][vc_single_image image=&#8221;1254&#8243; img_size=&#8221;medium&#8221; alignment=&#8221;center&#8221;][\/vc_column_inner][vc_column_inner width=&#8221;7\/12&#8243;][vc_column_text]<br \/>\n<br class=\"xliff-newline\" \/><\/p>\n<p class=\"f-larger c-black\"><strong>Zarz\u0105dzaj wymaganiami w&nbsp;zakresie projektowania produktu i&nbsp;przestrzegaj standard&oacute;w dzi\u0119ki kompleksowym funkcjom \u015bledzenia wymog&oacute;w<\/strong><\/p>\n<p><br class=\"xliff-newline\" \/>Projektowanie produktu bazuje na wymaganiach. Rozwi\u0105zanie do zarz\u0105dzania wymaganiami w oprogramowaniu Solid Edge umo\u017cliwia precyzyjne \u0142\u0105czenie i monitorowanie wymaga\u0144 dotycz\u0105cych produktu w procesach jego projektowania i produkcji, u\u0142atwiaj\u0105c tym samym pomy\u015bln\u0105 realizacj\u0119 koncepcji produktu.[\/vc_column_text][vc_column_text el_class=\"vc-el-related-content-video\"][\/vc_column_text][\/vc_column_inner][\/vc_row_inner][\/vc_column][\/vc_row][vc_row full_width=&#8221;stretch_row&#8221; css=&#8221;.vc_custom_1527085676589{background-color: #ebf0f5 !important;}&#8221;][vc_column][vc_column_text el_class=&#8221;vc-el-lead-in&#8221;]Funkcje<br class=\"xliff-newline\" \/><\/p>\n<h2>Bezproblemowe zarz\u0105dzanie wymaganiami i ich monitorowanie<\/h2>\n<p><br class=\"xliff-newline\" \/>Narz\u0119dzie Solid Edge Requirements Management stanowi odpowied\u017a na wyzwania dotycz\u0105ce rejestrowania, utrzymywania i&nbsp;\u015bledzenia kluczowych zasad dotycz\u0105cych zada\u0144 projektowych, czyli wymaga\u0144. Wbudowany dost\u0119p sprawia, \u017ce u\u017cytkownicy mog\u0105 b\u0142yskawicznie nawi\u0105za\u0107 kontakt lub wyszukiwa\u0107 obiekty robocze i&nbsp;inne zadania. Pe\u0142na identyfikowalno\u015b\u0107 jest korzystna dla kierownik&oacute;w projekt&oacute;w i umo\u017cliwia podejmowanie w\u0142a\u015bciwych decyzji.[\/vc_column_text][vc_row_inner el_class=&#8221;vc-row-image-teasers&#8221;][vc_column_inner width=&#8221;1\/4&#8243;][vc_column_text]<br \/>\n<br class=\"xliff-newline\" \/><\/p>\n<h3>B\u0142yskawiczny dost\u0119p do wymaga\u0144 dotycz\u0105cych produktu<\/h3>\n<p><br class=\"xliff-newline\" \/>Dzi\u0119ki przypominaj\u0105cej pulpit komputerowy strukturze opartej na kartach u\u017cytkownicy mog\u0105 b\u0142yskawicznie sprawdza\u0107 zadania referencyjne lub przypadki testowe, aby unikn\u0105\u0107 kosztowych przeocze\u0144.[\/vc_column_text][\/vc_column_inner][vc_column_inner width=&#8221;1\/4&#8243;][vc_column_text]<br \/>\n<br class=\"xliff-newline\" \/><\/p>\n<h3>Oznaczanie wymaga\u0144 w celu zapewnienia pe\u0142nej identyfikowalno\u015bci<\/h3>\n<p><br class=\"xliff-newline\" \/>Aby zapewni\u0107 pe\u0142n\u0105 identyfikowalno\u015b\u0107 obiektu roboczego u\u017cytkownicy mog\u0105 przypisywa\u0107 identyfikatory okre\u015blonych wymaga\u0144 do pliku w oprogramowaniu Solid Edge.[\/vc_column_text][\/vc_column_inner][vc_column_inner width=&#8221;1\/4&#8243;][vc_column_text]<br \/>\n<br class=\"xliff-newline\" \/><\/p>\n<h3>Widoczno\u015b\u0107 szczeg&oacute;\u0142owych dzia\u0142a\u0144 powi\u0105zanych z zadaniami<\/h3>\n<p><br class=\"xliff-newline\" \/>Jedno klikni\u0119cie myszy wystarczy, aby uzyska\u0107 dost\u0119p do szczeg&oacute;\u0142owej listy dzia\u0142a\u0144 wykonanych w&nbsp;zwi\u0105zku z&nbsp;konkretnym zadaniem. Administratorzy i kierownicy projekt&oacute;w mog\u0105 zezwoli\u0107 u\u017cytkownikom na wprowadzanie komentarzy, za\u0142\u0105czanie powi\u0105zanych obiekt&oacute;w roboczych i definiowanie innych metod interakcji z obiektem roboczym.[\/vc_column_text][\/vc_column_inner][vc_column_inner width=&#8221;1\/4&#8243;][vc_column_text]<br \/>\n<br class=\"xliff-newline\" \/><\/p>\n<h3>\u0141atwa komunikacja z kadr\u0105 kierownicz\u0105 i dyrektorsk\u0105<\/h3>\n<p><br class=\"xliff-newline\" \/>Dzi\u0119ki po\u0142\u0105czeniu danych projektowych z obiektami roboczymi pliki PDF 3D umo\u017cliwiaj\u0105 podejmowanie decyzji na szczeblu kierowniczym bez konieczno\u015bci uzyskiwania dost\u0119pu do systemu CAD.[\/vc_column_text][\/vc_column_inner][\/vc_row_inner][vc_column_text]<a href=\"https:\/\/solidedge.siemens.com\/wp-content\/uploads\/2018\/07\/Siemens-PLM-Solid-Edge-Requirements-Management-fs-70876-A2.pdf\" target=\"_blank\" rel=\"noopener noreferrer\"><i class=\"icon-ext\"><\/i> Pobierz kart\u0119 charakterystyki narz\u0119dzia Solid Edge Requirements Management<\/a>[\/vc_column_text][\/vc_column][\/vc_row][vc_row full_width=&#8221;stretch_row&#8221; el_class=&#8221;vc-row-video-highlight&#8221;][vc_column][vc_column_text el_class=&#8221;vc-el-lead-in&#8221;]Film<br class=\"xliff-newline\" \/><\/p>\n<h2>Zobacz, jak dzia\u0142a narz\u0119dzie do zarz\u0105dzania wymaganiami<\/h2>\n<p><br class=\"xliff-newline\" \/><\/p>\n<p class=\"see-more\" style=\"text-align: right;\"><a href=\"https:\/\/solidedge.siemens.com\/pl\/resources\/resource-library\/#ui_Videos\">Zobacz wi\u0119cej materia\u0142&oacute;w wideo<\/a><\/p>\n<p><br class=\"xliff-newline\" \/><br \/>\n[\/vc_column_text]\n\n\n  <div id=\"wpv-view-layout-567-CATTRd4f4e5c9059cda0c44f682af732e2e54\" class=\"js-wpv-view-layout js-wpv-layout-responsive js-wpv-view-layout-567-CATTRd4f4e5c9059cda0c44f682af732e2e54\" data-viewnumber=\"567-CATTRd4f4e5c9059cda0c44f682af732e2e54\" data-pagination=\"{&quot;id&quot;:567,&quot;query&quot;:&quot;normal&quot;,&quot;type&quot;:&quot;disabled&quot;,&quot;effect&quot;:&quot;fade&quot;,&quot;duration&quot;:500,&quot;speed&quot;:5,&quot;pause_on_hover&quot;:&quot;disabled&quot;,&quot;stop_rollover&quot;:&quot;false&quot;,&quot;cache_pages&quot;:&quot;enabled&quot;,&quot;preload_images&quot;:&quot;enabled&quot;,&quot;preload_pages&quot;:&quot;enabled&quot;,&quot;preload_reach&quot;:1,&quot;spinner&quot;:&quot;builtin&quot;,&quot;spinner_image&quot;:&quot;https:\/\/solidedge.siemens.com\/wp-content\/plugins\/wp-views\/embedded\/res\/img\/ajax-loader.gif&quot;,&quot;callback_next&quot;:&quot;&quot;,&quot;manage_history&quot;:&quot;disabled&quot;,&quot;has_controls_in_form&quot;:&quot;disabled&quot;,&quot;infinite_tolerance&quot;:&quot;0&quot;,&quot;max_pages&quot;:0,&quot;page&quot;:1,&quot;base_permalink&quot;:&quot;\/pl\/wp-json\/wp\/v2\/pages\/1674?wpv_view_count=567-CATTRd4f4e5c9059cda0c44f682af732e2e54&amp;wpv_paged=WPV_PAGE_NUM&quot;,&quot;loop&quot;:{&quot;type&quot;:&quot;&quot;,&quot;name&quot;:&quot;&quot;,&quot;data&quot;:[],&quot;id&quot;:0}}\" data-permalink=\"\/pl\/wp-json\/wp\/v2\/pages\/1674?wpv_view_count=567-CATTRd4f4e5c9059cda0c44f682af732e2e54\">\n\n  \n  \n  \n  <\/div>\n[vc_column_text el_class=&#8221;video-caption&#8221;]<br \/>\n<br class=\"xliff-newline\" \/><\/p>\n<h3>Zarz\u0105dzanie wymaganiami w Solid Edge<\/h3>\n<p><br class=\"xliff-newline\" \/>Projektowanie produktu bazuje na wymaganiach. Mo\u017cliwo\u015b\u0107 precyzyjnego \u0142\u0105czenia i&nbsp;monitorowania wymaga\u0144 dotycz\u0105cych produktu w&nbsp;procesach jego projektowania i&nbsp;produkcji ma pierwszorz\u0119dne znaczenie. Oprogramowanie Solid Edge rozwi\u0105zuje ten problem dzi\u0119ki narz\u0119dziu do zarz\u0105dzania wymaganiami.[\/vc_column_text][\/vc_column][\/vc_row][vc_row full_width=&#8221;stretch_row&#8221; el_class=&#8221;vc-row-related-content&#8221; css=&#8221;.vc_custom_1524184785822{background-color: #347eb5 !important;}&#8221;][vc_column][vc_column_text]<br \/>\n<br class=\"xliff-newline\" \/><\/p>\n<h2>Powi\u0105zane tre\u015bci<\/h2>\n<p><br class=\"xliff-newline\" \/><br \/>\n[\/vc_column_text]<div id=\"ult-carousel-25963393969f81186e1af5\" class=\"ult-carousel-wrapper  vc-el-carousel-related-content ult_horizontal\" data-gutter=\"0\" data-rtl=\"false\" ><div class=\"ult-carousel-141696761769f81186e1acc \" >[vc_column_text]<a href=\"https:\/\/solidedge.siemens.com\/wp-content\/uploads\/2018\/07\/Siemens-PLM-Solid-Edge-Requirements-Management-fs-70876-A2.pdf\" target=\"_blank\" rel=\"noopener noreferrer\">Pobierz kart\u0119 charakterystyki narz\u0119dzia Solid Edge Requirements Management<\/a>[\/vc_column_text][vc_column_text]<\/p>\n<p><br class=\"xliff-newline\" \/><br class=\"xliff-newline\" \/><a href=\"https:\/\/www.plm.automation.siemens.com\/store\/en-us\/solid-edge\/\">Odwied\u017a sklep internetowy Solid Edge<\/a><br class=\"xliff-newline\" \/><br class=\"xliff-newline\" \/><\/p>\n<p>[\/vc_column_text][vc_column_text]<a href=\"http:\/\/community.plm.automation.siemens.com\/t5\/Solid-Edge-User-Community\/ct-p\/solid-edge\">Spo\u0142eczno\u015b\u0107 Solid Edge<\/a>[\/vc_column_text][vc_column_text]<a href=\"https:\/\/www.facebook.com\/solidedge\">Solid Edge w serwisie Facebook<\/a>[\/vc_column_text][vc_column_text]<a href=\"https:\/\/twitter.com\/search?q=Solid%20Edge&amp;src=typd\">Solid Edge w serwisie Twitter<\/a>[\/vc_column_text]<\/div><\/div>\t\t\t<script type=\"text\/javascript\">\r\n\t\t\t\tjQuery(document).ready(function ($) {\r\n\t\t\t\t\tif( typeof jQuery('.ult-carousel-141696761769f81186e1acc').slick == \"function\"){\r\n\t\t\t\t\t\t$('.ult-carousel-141696761769f81186e1acc').slick({dots: true,autoplaySpeed: 5000,speed: 500,infinite: false,arrows: true,nextArrow: '<button type=\"button\" role=\"button\" aria-label=\"Next\" style=\"color:#ffffff; font-size:30px;background:rgba(255,255,255,0.2);\" class=\"slick-next square-bg\"><i class=\"ultsl-arrow-right6\"><\/i><\/button>',prevArrow: '<button type=\"button\" role=\"button\" aria-label=\"Previous\" style=\"color:#ffffff; font-size:30px;background:rgba(255,255,255,0.2);\" class=\"slick-prev square-bg\"><i class=\"ultsl-arrow-left6\"><\/i><\/button>',slidesToScroll:4,slidesToShow:4,swipe: true,draggable: true,touchMove: true,pauseOnHover: true,pauseOnFocus: false,responsive: [\r\n\t\t\t\t\t\t\t{\r\n\t\t\t\t\t\t\t  breakpoint: 1026,\r\n\t\t\t\t\t\t\t  settings: {\r\n\t\t\t\t\t\t\t\tslidesToShow: 4,\r\n\t\t\t\t\t\t\t\tslidesToScroll: 4,  \r\n\t\t\t\t\t\t\t  }\r\n\t\t\t\t\t\t\t},\r\n\t\t\t\t\t\t\t{\r\n\t\t\t\t\t\t\t  breakpoint: 1025,\r\n\t\t\t\t\t\t\t  settings: {\r\n\t\t\t\t\t\t\t\tslidesToShow: 2,\r\n\t\t\t\t\t\t\t\tslidesToScroll: 2\r\n\t\t\t\t\t\t\t  }\r\n\t\t\t\t\t\t\t},\r\n\t\t\t\t\t\t\t{\r\n\t\t\t\t\t\t\t  breakpoint: 760,\r\n\t\t\t\t\t\t\t  settings: {\r\n\t\t\t\t\t\t\t\tslidesToShow: 1,\r\n\t\t\t\t\t\t\t\tslidesToScroll: 1\r\n\t\t\t\t\t\t\t  }\r\n\t\t\t\t\t\t\t}\r\n\t\t\t\t\t\t],pauseOnDotsHover: true,customPaging: function(slider, i) {\r\n                   return '<i type=\"button\" style= \"color:#ffffff;\" class=\"ultsl-record\" data-role=\"none\"><\/i>';\r\n                },});\r\n\t\t\t\t\t}\r\n\t\t\t\t});\r\n\t\t\t<\/script>\r\n\t\t\t[\/vc_column][\/vc_row][vc_row full_width=&#8221;stretch_row&#8221; el_class=&#8221;footer-contact&#8221; css=&#8221;.vc_custom_1550170708528{background-color: #dedee3 !important;}&#8221;][vc_column]<div class=\"wpb_content_block wpb_content_element\"><div class=\"wpb_wrapper\"><\/div><\/div>[\/vc_column][\/vc_row]<\/p>\n","protected":false},"excerpt":{"rendered":"<p> Zarz\u0105dzanie wymaganiami [\/vc_column_text][\/vc_column_inner] Zarz\u0105dzaj wymaganiami w&nbsp;zakresie projektowania produktu i&nbsp;przestrzegaj standard&oacute;w dzi\u0119ki kompleksowym funkcjom \u015bledzenia wymog&oacute;w Projektowanie produktu bazuje na wymaganiach. Rozwi\u0105zanie do zarz\u0105dzania wymaganiami w oprogramowaniu Solid Edge umo\u017cliwia precyzyjne \u0142\u0105czenie i monitorowanie wymaga\u0144 dotycz\u0105cych produktu w procesach jego projektowania i produkcji, u\u0142atwiaj\u0105c tym samym pomy\u015bln\u0105 realizacj\u0119 koncepcji [&hellip;]<\/p>\n","protected":false},"author":5,"featured_media":0,"parent":2702,"menu_order":0,"comment_status":"closed","ping_status":"closed","template":"","meta":{"inline_featured_image":false},"yoast_head":"<!-- This site is optimized with the Yoast SEO plugin v18.4.1 - https:\/\/yoast.com\/wordpress\/plugins\/seo\/ -->\n<title>Zarz\u0105dzanie wymaganiami | Rozw\u00f3j produktu | Solid Edge<\/title>\n<meta name=\"description\" content=\"Modu\u0142 Solid Edge Requirements Management umo\u017cliwia precyzyjne \u0142\u0105czenie i monitorowanie wymaga\u0144 dotycz\u0105cych produktu w procesach jego projektowania i produkcji. Dowiedz si\u0119 wi\u0119cej.\" \/>\n<meta name=\"robots\" content=\"index, follow, max-snippet:-1, max-image-preview:large, max-video-preview:-1\" \/>\n<link rel=\"canonical\" href=\"https:\/\/solidedge.siemens.com\/pl\/solutions\/products\/data-management\/requirements-management\/\" \/>\n<meta property=\"og:locale\" content=\"pl_PL\" \/>\n<meta property=\"og:type\" content=\"article\" \/>\n<meta property=\"og:title\" content=\"Zarz\u0105dzanie wymaganiami | Rozw\u00f3j produktu | Solid Edge\" \/>\n<meta property=\"og:description\" content=\"Modu\u0142 Solid Edge Requirements Management umo\u017cliwia precyzyjne \u0142\u0105czenie i monitorowanie wymaga\u0144 dotycz\u0105cych produktu w procesach jego projektowania i produkcji. Dowiedz si\u0119 wi\u0119cej.\" \/>\n<meta property=\"og:url\" content=\"https:\/\/solidedge.siemens.com\/pl\/solutions\/products\/data-management\/requirements-management\/\" \/>\n<meta property=\"og:site_name\" content=\"Solid Edge\" \/>\n<meta property=\"article:publisher\" content=\"https:\/\/www.facebook.com\/solidedge\" \/>\n<meta property=\"article:modified_time\" content=\"2021-05-18T20:24:34+00:00\" \/>\n<meta name=\"twitter:card\" content=\"summary_large_image\" \/>\n<meta name=\"twitter:site\" content=\"@siemensplm\" \/>\n<meta name=\"twitter:label1\" content=\"Szacowany czas czytania\" \/>\n\t<meta name=\"twitter:data1\" content=\"4 minuty\" \/>\n<script type=\"application\/ld+json\" class=\"yoast-schema-graph\">{\"@context\":\"https:\/\/schema.org\",\"@graph\":[{\"@type\":\"Organization\",\"@id\":\"https:\/\/solidedge.siemens.com\/en\/#organization\",\"name\":\"Siemens Digital Industries Software\",\"url\":\"https:\/\/solidedge.siemens.com\/en\/\",\"sameAs\":[\"https:\/\/www.facebook.com\/solidedge\",\"https:\/\/www.instagram.com\/siemens\/\",\"https:\/\/www.linkedin.com\/company\/siemens-plm-software\",\"https:\/\/www.youtube.com\/user\/PolarionSoftware\",\"https:\/\/twitter.com\/siemensplm\"],\"logo\":{\"@type\":\"ImageObject\",\"@id\":\"https:\/\/solidedge.siemens.com\/en\/#logo\",\"inLanguage\":\"pl-PL\",\"url\":\"https:\/\/solidedge.siemens.com\/wp-content\/uploads\/2018\/04\/logo-siemens-ifl@2x.png\",\"contentUrl\":\"https:\/\/solidedge.siemens.com\/wp-content\/uploads\/2018\/04\/logo-siemens-ifl@2x.png\",\"width\":640,\"height\":270,\"caption\":\"Siemens Digital Industries Software\"},\"image\":{\"@id\":\"https:\/\/solidedge.siemens.com\/en\/#logo\"}},{\"@type\":\"WebSite\",\"@id\":\"https:\/\/solidedge.siemens.com\/en\/#website\",\"url\":\"https:\/\/solidedge.siemens.com\/en\/\",\"name\":\"Solid Edge\",\"description\":\"Siemens Software\",\"publisher\":{\"@id\":\"https:\/\/solidedge.siemens.com\/en\/#organization\"},\"potentialAction\":[{\"@type\":\"SearchAction\",\"target\":{\"@type\":\"EntryPoint\",\"urlTemplate\":\"https:\/\/solidedge.siemens.com\/en\/?s={search_term_string}\"},\"query-input\":\"required name=search_term_string\"}],\"inLanguage\":\"pl-PL\"},{\"@type\":\"WebPage\",\"@id\":\"https:\/\/solidedge.siemens.com\/pl\/solutions\/products\/data-management\/requirements-management\/#webpage\",\"url\":\"https:\/\/solidedge.siemens.com\/pl\/solutions\/products\/data-management\/requirements-management\/\",\"name\":\"Zarz\u0105dzanie wymaganiami | Rozw\u00f3j produktu | Solid Edge\",\"isPartOf\":{\"@id\":\"https:\/\/solidedge.siemens.com\/en\/#website\"},\"datePublished\":\"2018-05-22T15:51:45+00:00\",\"dateModified\":\"2021-05-18T20:24:34+00:00\",\"description\":\"Modu\u0142 Solid Edge Requirements Management umo\u017cliwia precyzyjne \u0142\u0105czenie i monitorowanie wymaga\u0144 dotycz\u0105cych produktu w procesach jego projektowania i produkcji. Dowiedz si\u0119 wi\u0119cej.\",\"breadcrumb\":{\"@id\":\"https:\/\/solidedge.siemens.com\/pl\/solutions\/products\/data-management\/requirements-management\/#breadcrumb\"},\"inLanguage\":\"pl-PL\",\"potentialAction\":[{\"@type\":\"ReadAction\",\"target\":[\"https:\/\/solidedge.siemens.com\/pl\/solutions\/products\/data-management\/requirements-management\/\"]}]},{\"@type\":\"BreadcrumbList\",\"@id\":\"https:\/\/solidedge.siemens.com\/pl\/solutions\/products\/data-management\/requirements-management\/#breadcrumb\",\"itemListElement\":[{\"@type\":\"ListItem\",\"position\":1,\"name\":\"Home\",\"item\":\"https:\/\/solidedge.siemens.com\/en\/home-10\/\"},{\"@type\":\"ListItem\",\"position\":2,\"name\":\"Rozwi\u0105zania\",\"item\":\"https:\/\/solidedge.siemens.com\/pl\/solutions\/\"},{\"@type\":\"ListItem\",\"position\":3,\"name\":\"Produkty\",\"item\":\"https:\/\/solidedge.siemens.com\/pl\/solutions\/products\/\"},{\"@type\":\"ListItem\",\"position\":4,\"name\":\"Zarz\u0105dzanie danymi\",\"item\":\"https:\/\/solidedge.siemens.com\/pl\/solutions\/products\/data-management\/\"},{\"@type\":\"ListItem\",\"position\":5,\"name\":\"Zarz\u0105dzanie wymaganiami\"}]}]}<\/script>\n<!-- \/ Yoast SEO plugin. -->","yoast_head_json":{"title":"Zarz\u0105dzanie wymaganiami | Rozw\u00f3j produktu | Solid Edge","description":"Modu\u0142 Solid Edge Requirements Management umo\u017cliwia precyzyjne \u0142\u0105czenie i monitorowanie wymaga\u0144 dotycz\u0105cych produktu w procesach jego projektowania i produkcji. Dowiedz si\u0119 wi\u0119cej.","robots":{"index":"index","follow":"follow","max-snippet":"max-snippet:-1","max-image-preview":"max-image-preview:large","max-video-preview":"max-video-preview:-1"},"canonical":"https:\/\/solidedge.siemens.com\/pl\/solutions\/products\/data-management\/requirements-management\/","og_locale":"pl_PL","og_type":"article","og_title":"Zarz\u0105dzanie wymaganiami | Rozw\u00f3j produktu | Solid Edge","og_description":"Modu\u0142 Solid Edge Requirements Management umo\u017cliwia precyzyjne \u0142\u0105czenie i monitorowanie wymaga\u0144 dotycz\u0105cych produktu w procesach jego projektowania i produkcji. Dowiedz si\u0119 wi\u0119cej.","og_url":"https:\/\/solidedge.siemens.com\/pl\/solutions\/products\/data-management\/requirements-management\/","og_site_name":"Solid Edge","article_publisher":"https:\/\/www.facebook.com\/solidedge","article_modified_time":"2021-05-18T20:24:34+00:00","twitter_card":"summary_large_image","twitter_site":"@siemensplm","twitter_misc":{"Szacowany czas czytania":"4 minuty"},"schema":{"@context":"https:\/\/schema.org","@graph":[{"@type":"Organization","@id":"https:\/\/solidedge.siemens.com\/en\/#organization","name":"Siemens Digital Industries Software","url":"https:\/\/solidedge.siemens.com\/en\/","sameAs":["https:\/\/www.facebook.com\/solidedge","https:\/\/www.instagram.com\/siemens\/","https:\/\/www.linkedin.com\/company\/siemens-plm-software","https:\/\/www.youtube.com\/user\/PolarionSoftware","https:\/\/twitter.com\/siemensplm"],"logo":{"@type":"ImageObject","@id":"https:\/\/solidedge.siemens.com\/en\/#logo","inLanguage":"pl-PL","url":"https:\/\/solidedge.siemens.com\/wp-content\/uploads\/2018\/04\/logo-siemens-ifl@2x.png","contentUrl":"https:\/\/solidedge.siemens.com\/wp-content\/uploads\/2018\/04\/logo-siemens-ifl@2x.png","width":640,"height":270,"caption":"Siemens Digital Industries Software"},"image":{"@id":"https:\/\/solidedge.siemens.com\/en\/#logo"}},{"@type":"WebSite","@id":"https:\/\/solidedge.siemens.com\/en\/#website","url":"https:\/\/solidedge.siemens.com\/en\/","name":"Solid Edge","description":"Siemens Software","publisher":{"@id":"https:\/\/solidedge.siemens.com\/en\/#organization"},"potentialAction":[{"@type":"SearchAction","target":{"@type":"EntryPoint","urlTemplate":"https:\/\/solidedge.siemens.com\/en\/?s={search_term_string}"},"query-input":"required name=search_term_string"}],"inLanguage":"pl-PL"},{"@type":"WebPage","@id":"https:\/\/solidedge.siemens.com\/pl\/solutions\/products\/data-management\/requirements-management\/#webpage","url":"https:\/\/solidedge.siemens.com\/pl\/solutions\/products\/data-management\/requirements-management\/","name":"Zarz\u0105dzanie wymaganiami | Rozw\u00f3j produktu | Solid Edge","isPartOf":{"@id":"https:\/\/solidedge.siemens.com\/en\/#website"},"datePublished":"2018-05-22T15:51:45+00:00","dateModified":"2021-05-18T20:24:34+00:00","description":"Modu\u0142 Solid Edge Requirements Management umo\u017cliwia precyzyjne \u0142\u0105czenie i monitorowanie wymaga\u0144 dotycz\u0105cych produktu w procesach jego projektowania i produkcji. Dowiedz si\u0119 wi\u0119cej.","breadcrumb":{"@id":"https:\/\/solidedge.siemens.com\/pl\/solutions\/products\/data-management\/requirements-management\/#breadcrumb"},"inLanguage":"pl-PL","potentialAction":[{"@type":"ReadAction","target":["https:\/\/solidedge.siemens.com\/pl\/solutions\/products\/data-management\/requirements-management\/"]}]},{"@type":"BreadcrumbList","@id":"https:\/\/solidedge.siemens.com\/pl\/solutions\/products\/data-management\/requirements-management\/#breadcrumb","itemListElement":[{"@type":"ListItem","position":1,"name":"Home","item":"https:\/\/solidedge.siemens.com\/en\/home-10\/"},{"@type":"ListItem","position":2,"name":"Rozwi\u0105zania","item":"https:\/\/solidedge.siemens.com\/pl\/solutions\/"},{"@type":"ListItem","position":3,"name":"Produkty","item":"https:\/\/solidedge.siemens.com\/pl\/solutions\/products\/"},{"@type":"ListItem","position":4,"name":"Zarz\u0105dzanie danymi","item":"https:\/\/solidedge.siemens.com\/pl\/solutions\/products\/data-management\/"},{"@type":"ListItem","position":5,"name":"Zarz\u0105dzanie wymaganiami"}]}]}},"_links":{"self":[{"href":"https:\/\/solidedge.siemens.com\/pl\/wp-json\/wp\/v2\/pages\/1674"}],"collection":[{"href":"https:\/\/solidedge.siemens.com\/pl\/wp-json\/wp\/v2\/pages"}],"about":[{"href":"https:\/\/solidedge.siemens.com\/pl\/wp-json\/wp\/v2\/types\/page"}],"author":[{"embeddable":true,"href":"https:\/\/solidedge.siemens.com\/pl\/wp-json\/wp\/v2\/users\/5"}],"replies":[{"embeddable":true,"href":"https:\/\/solidedge.siemens.com\/pl\/wp-json\/wp\/v2\/comments?post=1674"}],"version-history":[{"count":32,"href":"https:\/\/solidedge.siemens.com\/pl\/wp-json\/wp\/v2\/pages\/1674\/revisions"}],"predecessor-version":[{"id":40976,"href":"https:\/\/solidedge.siemens.com\/pl\/wp-json\/wp\/v2\/pages\/1674\/revisions\/40976"}],"up":[{"embeddable":true,"href":"https:\/\/solidedge.siemens.com\/pl\/wp-json\/wp\/v2\/pages\/2702"}],"wp:attachment":[{"href":"https:\/\/solidedge.siemens.com\/pl\/wp-json\/wp\/v2\/media?parent=1674"}],"curies":[{"name":"wp","href":"https:\/\/api.w.org\/{rel}","templated":true}]}}