{"id":15241,"date":"2018-09-05T14:19:55","date_gmt":"2018-09-05T18:19:55","guid":{"rendered":"https:\/\/solidedge.siemens.com\/resources\/customer-stories\/"},"modified":"2021-05-18T15:27:27","modified_gmt":"2021-05-18T19:27:27","slug":"customer-stories","status":"publish","type":"page","link":"https:\/\/solidedge.siemens.com\/pl\/resources\/customer-stories\/","title":{"rendered":"Historie klient&oacute;w"},"content":{"rendered":"<p>[vc_row el_class=&#8221;vc-row-page-text-intro&#8221;][vc_column][vc_column_text]<\/p>\n<h1>Historie klient&oacute;w<\/h1>\n<p>[\/vc_column_text][vc_column_text]<!- Nie znaleziono widoku ->[\/vc_column_text][\/vc_column][\/vc_row][vc_row full_width=&#8221;stretch_row&#8221; el_class=&#8221;footer-contact&#8221; css=&#8221;.vc_custom_1550170708528{background-color: #dedee3 !important;}&#8221;][vc_column]<div class=\"wpb_content_block wpb_content_element\"><div class=\"wpb_wrapper\"><\/div><\/div>[\/vc_column][\/vc_row]<\/p>\n","protected":false},"excerpt":{"rendered":"<p> Historie klient&oacute;w [\/vc_column_text][\/vc_column_text][\/vc_column][\/vc_row][\/vc_column][\/vc_row]<\/p>\n","protected":false},"author":5,"featured_media":0,"parent":2813,"menu_order":3,"comment_status":"closed","ping_status":"open","template":"","meta":{"inline_featured_image":false},"yoast_head":"<!-- This site is optimized with the Yoast SEO plugin v18.4.1 - https:\/\/yoast.com\/wordpress\/plugins\/seo\/ -->\n<title>Historie klient&oacute;w | Zasoby | Solid Edge<\/title>\n<meta name=\"description\" content=\"Zapoznaj si\u0119 z\u00a0historiami naszych klient\u00f3w z\u00a0r\u00f3\u017cnych bran\u017c, aby dowiedzie\u0107 si\u0119, jak oprogramowanie Solid Edge mo\u017ce Ci pom\u00f3c w\u00a0opowiedzeniu Twojej w\u0142asnej historii sukcesu i\u00a0zwi\u0119kszenia efektywno\u015bci.\" \/>\n<meta name=\"robots\" content=\"index, follow, max-snippet:-1, max-image-preview:large, max-video-preview:-1\" \/>\n<link rel=\"canonical\" href=\"https:\/\/solidedge.siemens.com\/pl\/resources\/customer-stories\/\" \/>\n<meta property=\"og:locale\" content=\"pl_PL\" \/>\n<meta property=\"og:type\" content=\"article\" \/>\n<meta property=\"og:title\" content=\"Historie klient&oacute;w | Zasoby | Solid Edge\" \/>\n<meta property=\"og:description\" content=\"Zapoznaj si\u0119 z\u00a0historiami naszych klient\u00f3w z\u00a0r\u00f3\u017cnych bran\u017c, aby dowiedzie\u0107 si\u0119, jak oprogramowanie Solid Edge mo\u017ce Ci pom\u00f3c w\u00a0opowiedzeniu Twojej w\u0142asnej historii sukcesu i\u00a0zwi\u0119kszenia efektywno\u015bci.\" \/>\n<meta property=\"og:url\" content=\"https:\/\/solidedge.siemens.com\/pl\/resources\/customer-stories\/\" \/>\n<meta property=\"og:site_name\" content=\"Solid Edge\" \/>\n<meta property=\"article:publisher\" content=\"https:\/\/www.facebook.com\/solidedge\" \/>\n<meta property=\"article:modified_time\" content=\"2021-05-18T19:27:27+00:00\" \/>\n<meta name=\"twitter:card\" content=\"summary_large_image\" \/>\n<meta name=\"twitter:site\" content=\"@siemensplm\" \/>\n<script type=\"application\/ld+json\" class=\"yoast-schema-graph\">{\"@context\":\"https:\/\/schema.org\",\"@graph\":[{\"@type\":\"Organization\",\"@id\":\"https:\/\/solidedge.siemens.com\/en\/#organization\",\"name\":\"Siemens Digital Industries Software\",\"url\":\"https:\/\/solidedge.siemens.com\/en\/\",\"sameAs\":[\"https:\/\/www.facebook.com\/solidedge\",\"https:\/\/www.instagram.com\/siemens\/\",\"https:\/\/www.linkedin.com\/company\/siemens-plm-software\",\"https:\/\/www.youtube.com\/user\/PolarionSoftware\",\"https:\/\/twitter.com\/siemensplm\"],\"logo\":{\"@type\":\"ImageObject\",\"@id\":\"https:\/\/solidedge.siemens.com\/en\/#logo\",\"inLanguage\":\"pl-PL\",\"url\":\"https:\/\/solidedge.siemens.com\/wp-content\/uploads\/2018\/04\/logo-siemens-ifl@2x.png\",\"contentUrl\":\"https:\/\/solidedge.siemens.com\/wp-content\/uploads\/2018\/04\/logo-siemens-ifl@2x.png\",\"width\":640,\"height\":270,\"caption\":\"Siemens Digital Industries Software\"},\"image\":{\"@id\":\"https:\/\/solidedge.siemens.com\/en\/#logo\"}},{\"@type\":\"WebSite\",\"@id\":\"https:\/\/solidedge.siemens.com\/en\/#website\",\"url\":\"https:\/\/solidedge.siemens.com\/en\/\",\"name\":\"Solid Edge\",\"description\":\"Siemens Software\",\"publisher\":{\"@id\":\"https:\/\/solidedge.siemens.com\/en\/#organization\"},\"potentialAction\":[{\"@type\":\"SearchAction\",\"target\":{\"@type\":\"EntryPoint\",\"urlTemplate\":\"https:\/\/solidedge.siemens.com\/en\/?s={search_term_string}\"},\"query-input\":\"required name=search_term_string\"}],\"inLanguage\":\"pl-PL\"},{\"@type\":\"WebPage\",\"@id\":\"https:\/\/solidedge.siemens.com\/pl\/resources\/customer-stories\/#webpage\",\"url\":\"https:\/\/solidedge.siemens.com\/pl\/resources\/customer-stories\/\",\"name\":\"Historie klient&oacute;w | Zasoby | Solid Edge\",\"isPartOf\":{\"@id\":\"https:\/\/solidedge.siemens.com\/en\/#website\"},\"datePublished\":\"2018-09-05T18:19:55+00:00\",\"dateModified\":\"2021-05-18T19:27:27+00:00\",\"description\":\"Zapoznaj si\u0119 z\u00a0historiami naszych klient\u00f3w z\u00a0r\u00f3\u017cnych bran\u017c, aby dowiedzie\u0107 si\u0119, jak oprogramowanie Solid Edge mo\u017ce Ci pom\u00f3c w\u00a0opowiedzeniu Twojej w\u0142asnej historii sukcesu i\u00a0zwi\u0119kszenia efektywno\u015bci.\",\"breadcrumb\":{\"@id\":\"https:\/\/solidedge.siemens.com\/pl\/resources\/customer-stories\/#breadcrumb\"},\"inLanguage\":\"pl-PL\",\"potentialAction\":[{\"@type\":\"ReadAction\",\"target\":[\"https:\/\/solidedge.siemens.com\/pl\/resources\/customer-stories\/\"]}]},{\"@type\":\"BreadcrumbList\",\"@id\":\"https:\/\/solidedge.siemens.com\/pl\/resources\/customer-stories\/#breadcrumb\",\"itemListElement\":[{\"@type\":\"ListItem\",\"position\":1,\"name\":\"Home\",\"item\":\"https:\/\/solidedge.siemens.com\/en\/home-10\/\"},{\"@type\":\"ListItem\",\"position\":2,\"name\":\"Zasoby\",\"item\":\"https:\/\/solidedge.siemens.com\/pl\/resources\/\"},{\"@type\":\"ListItem\",\"position\":3,\"name\":\"Historie klient&oacute;w\"}]}]}<\/script>\n<!-- \/ Yoast SEO plugin. -->","yoast_head_json":{"title":"Historie klient&oacute;w | Zasoby | Solid Edge","description":"Zapoznaj si\u0119 z\u00a0historiami naszych klient\u00f3w z\u00a0r\u00f3\u017cnych bran\u017c, aby dowiedzie\u0107 si\u0119, jak oprogramowanie Solid Edge mo\u017ce Ci pom\u00f3c w\u00a0opowiedzeniu Twojej w\u0142asnej historii sukcesu i\u00a0zwi\u0119kszenia efektywno\u015bci.","robots":{"index":"index","follow":"follow","max-snippet":"max-snippet:-1","max-image-preview":"max-image-preview:large","max-video-preview":"max-video-preview:-1"},"canonical":"https:\/\/solidedge.siemens.com\/pl\/resources\/customer-stories\/","og_locale":"pl_PL","og_type":"article","og_title":"Historie klient&oacute;w | Zasoby | Solid Edge","og_description":"Zapoznaj si\u0119 z\u00a0historiami naszych klient\u00f3w z\u00a0r\u00f3\u017cnych bran\u017c, aby dowiedzie\u0107 si\u0119, jak oprogramowanie Solid Edge mo\u017ce Ci pom\u00f3c w\u00a0opowiedzeniu Twojej w\u0142asnej historii sukcesu i\u00a0zwi\u0119kszenia efektywno\u015bci.","og_url":"https:\/\/solidedge.siemens.com\/pl\/resources\/customer-stories\/","og_site_name":"Solid Edge","article_publisher":"https:\/\/www.facebook.com\/solidedge","article_modified_time":"2021-05-18T19:27:27+00:00","twitter_card":"summary_large_image","twitter_site":"@siemensplm","schema":{"@context":"https:\/\/schema.org","@graph":[{"@type":"Organization","@id":"https:\/\/solidedge.siemens.com\/en\/#organization","name":"Siemens Digital Industries Software","url":"https:\/\/solidedge.siemens.com\/en\/","sameAs":["https:\/\/www.facebook.com\/solidedge","https:\/\/www.instagram.com\/siemens\/","https:\/\/www.linkedin.com\/company\/siemens-plm-software","https:\/\/www.youtube.com\/user\/PolarionSoftware","https:\/\/twitter.com\/siemensplm"],"logo":{"@type":"ImageObject","@id":"https:\/\/solidedge.siemens.com\/en\/#logo","inLanguage":"pl-PL","url":"https:\/\/solidedge.siemens.com\/wp-content\/uploads\/2018\/04\/logo-siemens-ifl@2x.png","contentUrl":"https:\/\/solidedge.siemens.com\/wp-content\/uploads\/2018\/04\/logo-siemens-ifl@2x.png","width":640,"height":270,"caption":"Siemens Digital Industries Software"},"image":{"@id":"https:\/\/solidedge.siemens.com\/en\/#logo"}},{"@type":"WebSite","@id":"https:\/\/solidedge.siemens.com\/en\/#website","url":"https:\/\/solidedge.siemens.com\/en\/","name":"Solid Edge","description":"Siemens Software","publisher":{"@id":"https:\/\/solidedge.siemens.com\/en\/#organization"},"potentialAction":[{"@type":"SearchAction","target":{"@type":"EntryPoint","urlTemplate":"https:\/\/solidedge.siemens.com\/en\/?s={search_term_string}"},"query-input":"required name=search_term_string"}],"inLanguage":"pl-PL"},{"@type":"WebPage","@id":"https:\/\/solidedge.siemens.com\/pl\/resources\/customer-stories\/#webpage","url":"https:\/\/solidedge.siemens.com\/pl\/resources\/customer-stories\/","name":"Historie klient&oacute;w | Zasoby | Solid Edge","isPartOf":{"@id":"https:\/\/solidedge.siemens.com\/en\/#website"},"datePublished":"2018-09-05T18:19:55+00:00","dateModified":"2021-05-18T19:27:27+00:00","description":"Zapoznaj si\u0119 z\u00a0historiami naszych klient\u00f3w z\u00a0r\u00f3\u017cnych bran\u017c, aby dowiedzie\u0107 si\u0119, jak oprogramowanie Solid Edge mo\u017ce Ci pom\u00f3c w\u00a0opowiedzeniu Twojej w\u0142asnej historii sukcesu i\u00a0zwi\u0119kszenia efektywno\u015bci.","breadcrumb":{"@id":"https:\/\/solidedge.siemens.com\/pl\/resources\/customer-stories\/#breadcrumb"},"inLanguage":"pl-PL","potentialAction":[{"@type":"ReadAction","target":["https:\/\/solidedge.siemens.com\/pl\/resources\/customer-stories\/"]}]},{"@type":"BreadcrumbList","@id":"https:\/\/solidedge.siemens.com\/pl\/resources\/customer-stories\/#breadcrumb","itemListElement":[{"@type":"ListItem","position":1,"name":"Home","item":"https:\/\/solidedge.siemens.com\/en\/home-10\/"},{"@type":"ListItem","position":2,"name":"Zasoby","item":"https:\/\/solidedge.siemens.com\/pl\/resources\/"},{"@type":"ListItem","position":3,"name":"Historie klient&oacute;w"}]}]}},"_links":{"self":[{"href":"https:\/\/solidedge.siemens.com\/pl\/wp-json\/wp\/v2\/pages\/15241"}],"collection":[{"href":"https:\/\/solidedge.siemens.com\/pl\/wp-json\/wp\/v2\/pages"}],"about":[{"href":"https:\/\/solidedge.siemens.com\/pl\/wp-json\/wp\/v2\/types\/page"}],"author":[{"embeddable":true,"href":"https:\/\/solidedge.siemens.com\/pl\/wp-json\/wp\/v2\/users\/5"}],"replies":[{"embeddable":true,"href":"https:\/\/solidedge.siemens.com\/pl\/wp-json\/wp\/v2\/comments?post=15241"}],"version-history":[{"count":4,"href":"https:\/\/solidedge.siemens.com\/pl\/wp-json\/wp\/v2\/pages\/15241\/revisions"}],"predecessor-version":[{"id":40843,"href":"https:\/\/solidedge.siemens.com\/pl\/wp-json\/wp\/v2\/pages\/15241\/revisions\/40843"}],"up":[{"embeddable":true,"href":"https:\/\/solidedge.siemens.com\/pl\/wp-json\/wp\/v2\/pages\/2813"}],"wp:attachment":[{"href":"https:\/\/solidedge.siemens.com\/pl\/wp-json\/wp\/v2\/media?parent=15241"}],"curies":[{"name":"wp","href":"https:\/\/api.w.org\/{rel}","templated":true}]}}