{"id":1478,"date":"2018-05-25T13:31:50","date_gmt":"2018-05-25T17:31:50","guid":{"rendered":"https:\/\/solidedge.siemens.com\/electrical-routing\/"},"modified":"2021-05-18T15:35:17","modified_gmt":"2021-05-18T19:35:17","slug":"electrical-routing","status":"publish","type":"page","link":"https:\/\/solidedge.siemens.com\/pl\/solutions\/products\/electrical-design\/electrical-routing\/","title":{"rendered":"Trasowanie przewod&oacute;w instalacji elektrycznej"},"content":{"rendered":"<p>[vc_row el_class=&#8221;vc-row-page-image-intro&#8221;][vc_column][vc_column_text]<\/p>\n<h1>Solid Edge Electrical Routing<\/h1>\n<p>[\/vc_column_text][vc_row_inner][vc_column_inner width=&#8221;5\/12&#8243;][vc_single_image image=&#8221;23897&#8243; img_size=&#8221;medium&#8221; alignment=&#8221;center&#8221;][\/vc_column_inner][vc_column_inner width=&#8221;7\/12&#8243;][vc_column_text]<strong>Cyfrowa integracja projektowania wi\u0105zek przewod&oacute;w.<\/strong><\/p>\n<p>Solid Edge Electrical Routing to wyspecjalizowane, oparte na procesach \u015brodowisko wydajnego tworzenia, trasowania i&nbsp;organizacji przewod&oacute;w, kabli i&nbsp;wi\u0105zek w&nbsp;ramach z\u0142o\u017cenia Solid Edge, kt&oacute;re oferuje \u0142atwy transfer topologii wi\u0105zki mi\u0119dzy \u015brodowiskami ECAD i&nbsp;MCAD, co skraca czas projektowania i&nbsp;przyspiesza osi\u0105gni\u0119cie gotowo\u015bci do produkcji.[\/vc_column_text][\/vc_column_inner][\/vc_row_inner][\/vc_column][\/vc_row][vc_row full_width=&#8221;stretch_row&#8221; css=&#8221;.vc_custom_1527269507099{background-color: #ebf0f5 !important;}&#8221;][vc_column][vc_column_text el_class=&#8221;vc-el-lead-in&#8221;]Funkcje<\/p>\n<h2>Trasowanie przewod&oacute;w instalacji elektrycznej<\/h2>\n<p>[\/vc_column_text][vc_row_inner equal_height=&#8221;yes&#8221;][vc_column_inner width=&#8221;1\/3&#8243;][vc_column_text]<\/p>\n<h3>Ustrukturyzowany przep\u0142yw informacji<\/h3>\n<p>Szybko okre\u015bl \u015bcie\u017ck\u0119 3D mi\u0119dzy cz\u0119\u015bciami i&nbsp;zdefiniuj w\u0142a\u015bciwo\u015bci przewod&oacute;w, kabli i&nbsp;wi\u0105zek. Trasuj przewody wzd\u0142u\u017c bry\u0142 geometrycznych o&nbsp;nieregularnym kszta\u0142cie. Skorzystaj z&nbsp;intuicyjnych kreator&oacute;w, aby przypisa\u0107 komponenty elektryczne i&nbsp;po\u0142\u0105czenia do wst\u0119pnie skonfigurowanych cz\u0119\u015bci w&nbsp;Solid Edge. Gdy projekt jest gotowy mo\u017cna wyeksportowa\u0107 gotowe do u\u017cycia pliki w formacie Netlist do schemat&oacute;w, a&nbsp;kable mo\u017cna opisa\u0107 z&nbsp;podaniem ich d\u0142ugo\u015bci i&nbsp;wykorzysta\u0107 do analizy elektrycznej.<\/p>\n<p>[\/vc_column_text][\/vc_column_inner][vc_column_inner width=&#8221;1\/3&#8243;][vc_column_text]<\/p>\n<h3>Aktualne informacje na temat narusze\u0144 zasad projektowych<\/h3>\n<p>Wbudowane narz\u0119dzie do sprawdzania b\u0142\u0119d&oacute;w przedstawia aktualne informacje i&nbsp;ostrze\u017cenia o&nbsp;naruszeniu zasad projektowych, kt&oacute;re s\u0105 odzwierciedlone w&nbsp;postaci symboli graficznych obok przewodu. Narz\u0119dzie oferuje wskaz&oacute;wki na temat rozwi\u0105zywania problem&oacute;w.[\/vc_column_text][\/vc_column_inner][vc_column_inner width=&#8221;1\/3&#8243;][vc_column_text]<\/p>\n<h3>Tworzenie kompletnych cyfrowych prototyp&oacute;w<\/h3>\n<p>Przejd\u017a bezpo\u015brednio od projektowania do produkcji z&nbsp;realistyczn\u0105 reprezentacj\u0105 pe\u0142nych makiet projektu, eliminuj\u0105c potrzeb\u0119 tworzenia kosztownych fizycznych prototyp&oacute;w.[\/vc_column_text][\/vc_column_inner][vc_column_inner width=&#8221;1\/3&#8243;][vc_column_text]<\/p>\n<h3>Po\u0142\u0105czenie mi\u0119dzy \u015brodowiskami Siemens<\/h3>\n<p>Unikatowy tryb po\u0142\u0105czenia \u0142\u0105czy \u015brodowiska ECAD i&nbsp;MCAD, oferuj\u0105c dynamiczne aktualizacje aspekt&oacute;w tworzenia wi\u0105zek przewod&oacute;w. Gdy w&nbsp;jednej domenie dokonano zmiany, zostaje ona zaznaczona r&oacute;wnie\u017c w&nbsp;drugiej dzi\u0119ki analizie krzy\u017cowej. Trybu po\u0142\u0105czenia mo\u017cna u\u017cywa\u0107 wy\u0142\u0105cznie z&nbsp;oprogramowaniem firmy Siemens do modu\u0142u Solid Edge Wiring Design i Solid Edge Harness Design, Capital Logic oraz Harness XC.<\/p>\n<p>[\/vc_column_text][\/vc_column_inner][vc_column_inner width=&#8221;1\/3&#8243;][vc_column_text]<\/p>\n<h3>Wsp&oacute;\u0142praca z&nbsp;innymi narz\u0119dziami bran\u017cowymi<\/h3>\n<p>Dzi\u0119ki standardowym formatom wymiany danych w&nbsp;trybie bez po\u0142\u0105czenia mo\u017cliwa jest wsp&oacute;\u0142praca z&nbsp;narz\u0119dziami bran\u017cowymi ECAD, co daje firmom, kt&oacute;re nie korzystaj\u0105 z&nbsp;wyspecjalizowanego systemu ECAD, szans\u0119 zdyskontowania korzy\u015bci p\u0142yn\u0105cych z&nbsp;tego narz\u0119dzia.[\/vc_column_text][\/vc_column_inner][\/vc_row_inner][vc_column_text]<\/p>\n<p><a href=\"https:\/\/media.plm.automation.siemens.com\/solidedge\/data-brief\/Siemens-SW-Solid-Edge-Electrical-Routing-FS-71209-C12.pdf\"><i class=\"icon-ext\"><\/i>Pobierz kart\u0119 charakterystyki narz\u0119dzia Solid Edge Electrical Routing.<\/a><\/p>\n<p>[\/vc_column_text][\/vc_column][\/vc_row][vc_row full_width=&#8221;stretch_row&#8221; el_class=&#8221;vc-row-video-highlight&#8221;][vc_column][vc_column_text el_class=&#8221;vc-el-lead-in&#8221;]Film<\/p>\n<h2>Poznaj mo\u017cliwo\u015bci trasowania przewod&oacute;w instalacji elektrycznej w praktyce<\/h2>\n<p>Solid Edge Electrical Routing to wyspecjalizowane, oparte na procesach \u015brodowisko wydajnego tworzenia, trasowania i&nbsp;organizacji przewod&oacute;w, kabli i&nbsp;wi\u0105zek w&nbsp;ramach z\u0142o\u017cenia Solid Edge.<\/p>\n<p class=\"see-more\" style=\"text-align: right;\"><a href=\"https:\/\/solidedge.siemens.com\/pl\/resources\/videos\/\">Zobacz wi\u0119cej materia\u0142&oacute;w wideo<\/a><\/p>\n<p>[\/vc_column_text]\n\n\n  <div id=\"wpv-view-layout-567-CATTR55fa89cc16b262b856d8376c74ba50df\" class=\"js-wpv-view-layout js-wpv-layout-responsive js-wpv-view-layout-567-CATTR55fa89cc16b262b856d8376c74ba50df\" data-viewnumber=\"567-CATTR55fa89cc16b262b856d8376c74ba50df\" data-pagination=\"{&quot;id&quot;:567,&quot;query&quot;:&quot;normal&quot;,&quot;type&quot;:&quot;disabled&quot;,&quot;effect&quot;:&quot;fade&quot;,&quot;duration&quot;:500,&quot;speed&quot;:5,&quot;pause_on_hover&quot;:&quot;disabled&quot;,&quot;stop_rollover&quot;:&quot;false&quot;,&quot;cache_pages&quot;:&quot;enabled&quot;,&quot;preload_images&quot;:&quot;enabled&quot;,&quot;preload_pages&quot;:&quot;enabled&quot;,&quot;preload_reach&quot;:1,&quot;spinner&quot;:&quot;builtin&quot;,&quot;spinner_image&quot;:&quot;https:\/\/solidedge.siemens.com\/wp-content\/plugins\/wp-views\/embedded\/res\/img\/ajax-loader.gif&quot;,&quot;callback_next&quot;:&quot;&quot;,&quot;manage_history&quot;:&quot;disabled&quot;,&quot;has_controls_in_form&quot;:&quot;disabled&quot;,&quot;infinite_tolerance&quot;:&quot;0&quot;,&quot;max_pages&quot;:0,&quot;page&quot;:1,&quot;base_permalink&quot;:&quot;\/pl\/wp-json\/wp\/v2\/pages\/1478?wpv_view_count=567-CATTR55fa89cc16b262b856d8376c74ba50df&amp;wpv_paged=WPV_PAGE_NUM&quot;,&quot;loop&quot;:{&quot;type&quot;:&quot;&quot;,&quot;name&quot;:&quot;&quot;,&quot;data&quot;:[],&quot;id&quot;:0}}\" data-permalink=\"\/pl\/wp-json\/wp\/v2\/pages\/1478?wpv_view_count=567-CATTR55fa89cc16b262b856d8376c74ba50df\">\n\n  \n  <div class=\"wpv-resources\"><a name=\"video\" class=\"video-anchor\"><\/a>\n    <div id=\"ult-carousel-101548406769d2962ebf92a\" class=\"ult-carousel-wrapper  vc-el-carousel-videos-embedded ult_horizontal\" data-gutter=\"0\" data-rtl=\"false\" ><div class=\"ult-carousel-37591162869d2962ebf906 \" >\n    \n    \n       <div><!-- slide container -->\n        <div class=\"wpv-resources-item\" data-mh=\".wpv-resources-item\">\n          <div class=\"resources-item-poster\">\n              <div id=\"wpfp_d97e220fe5fc7470b33340a0089a058a\" data-item=\"{&quot;sources&quot;:&#091;{&quot;src&quot;:&quot;https:\\\/\\\/media.plm.automation.siemens.com\\\/solidedge\\\/videos\\\/2020-Wire-And-Harness-Design-In-Solid-Edge.mp4&quot;,&quot;type&quot;:&quot;video\\\/mp4&quot;}&#093;}\" class=\"flowplayer no-brand is-splash no-svg is-paused skin-slim fp-slim fp-edgy\" data-embed=\"false\" style=\"max-width: 1140px; max-height: 640px; background-image: url(https:\/\/solidedge.siemens.com\/wp-content\/uploads\/2019\/06\/2020-wire-harness-design-featured.jpg);\" data-ratio=\"0.5614\" data-advance=\"false\">\n\t<div class=\"fp-ratio\" style=\"padding-top: 56.14%\"><\/div>\n\t<div class=\"fp-ui\"><div class=\"fp-play fp-visible\"><a class=\"fp-icon fp-playbtn\"><\/a><\/div><\/div>\n\n<\/div>\n\n              \n          <\/div>\n        <\/div>\n      <\/div>\n    \n    \n    <\/div><\/div>\t\t\t<script type=\"text\/javascript\">\r\n\t\t\t\tjQuery(document).ready(function ($) {\r\n\t\t\t\t\tif( typeof jQuery('.ult-carousel-37591162869d2962ebf906').slick == \"function\"){\r\n\t\t\t\t\t\t$('.ult-carousel-37591162869d2962ebf906').slick({dots: true,autoplaySpeed: 5000,speed: 500,infinite: false,arrows: true,nextArrow: '<button type=\"button\" role=\"button\" aria-label=\"Next\" style=\"color:#ffffff; font-size:30px;background:rgba(47,56,60,0.5);\" class=\"slick-next square-bg\"><i class=\"ultsl-arrow-right6\"><\/i><\/button>',prevArrow: '<button type=\"button\" role=\"button\" aria-label=\"Previous\" style=\"color:#ffffff; font-size:30px;background:rgba(47,56,60,0.5);\" class=\"slick-prev square-bg\"><i class=\"ultsl-arrow-left6\"><\/i><\/button>',slidesToScroll:1,slidesToShow:1,swipe: true,draggable: true,touchMove: true,pauseOnHover: true,pauseOnFocus: false,responsive: [\r\n\t\t\t\t\t\t\t{\r\n\t\t\t\t\t\t\t  breakpoint: 1026,\r\n\t\t\t\t\t\t\t  settings: {\r\n\t\t\t\t\t\t\t\tslidesToShow: 1,\r\n\t\t\t\t\t\t\t\tslidesToScroll: 1,  \r\n\t\t\t\t\t\t\t  }\r\n\t\t\t\t\t\t\t},\r\n\t\t\t\t\t\t\t{\r\n\t\t\t\t\t\t\t  breakpoint: 1025,\r\n\t\t\t\t\t\t\t  settings: {\r\n\t\t\t\t\t\t\t\tslidesToShow: 1,\r\n\t\t\t\t\t\t\t\tslidesToScroll: 1\r\n\t\t\t\t\t\t\t  }\r\n\t\t\t\t\t\t\t},\r\n\t\t\t\t\t\t\t{\r\n\t\t\t\t\t\t\t  breakpoint: 760,\r\n\t\t\t\t\t\t\t  settings: {\r\n\t\t\t\t\t\t\t\tslidesToShow: 1,\r\n\t\t\t\t\t\t\t\tslidesToScroll: 1\r\n\t\t\t\t\t\t\t  }\r\n\t\t\t\t\t\t\t}\r\n\t\t\t\t\t\t],pauseOnDotsHover: true,customPaging: function(slider, i) {\r\n                   return '<i type=\"button\" style= \"color:#788891;\" class=\"ultsl-record\" data-role=\"none\"><\/i>';\r\n                },});\r\n\t\t\t\t\t}\r\n\t\t\t\t});\r\n\t\t\t<\/script>\r\n\t\t\t\n  <\/div>\n  \n  \n  <\/div>\n[vc_column_text el_class=&#8221;video-caption&#8221;]W tym materiale wideo zobaczysz, w jaki spos&oacute;b mo\u017cliwo\u015bci w zakresie trasowania przewod&oacute;w instalacji elektrycznej umo\u017cliwiaj\u0105 zespo\u0142om projektowym wsp&oacute;\u0142prac\u0119 w celu stworzenia kompletnych i dok\u0142adnych modeli cyfrowych, zawieraj\u0105cych zar&oacute;wno komponenty mechaniczne, jak i elektryczne.[\/vc_column_text][\/vc_column][\/vc_row][vc_row full_width=&#8221;stretch_row&#8221; el_class=&#8221;vc-row-related-content&#8221; css=&#8221;.vc_custom_1524184785822{background-color: #347eb5 !important;}&#8221;][vc_column][vc_column_text]<\/p>\n<h2>Powi\u0105zane tre\u015bci<\/h2>\n<p>[\/vc_column_text]<div id=\"ult-carousel-161310306669d2962ec01b6\" class=\"ult-carousel-wrapper  vc-el-carousel-related-content ult_horizontal\" data-gutter=\"0\" data-rtl=\"false\" ><div class=\"ult-carousel-106026704369d2962ec0194 \" >[vc_column_text]<\/p>\n<p><a href=\"https:\/\/media.plm.automation.siemens.com\/solidedge\/data-brief\/Siemens-SW-Solid-Edge-Electrical-Routing-FS-71209-C12.pdf\"><i class=\"icon-ext\"><\/i>Pobierz kart\u0119 charakterystyki narz\u0119dzia Solid Edge Electrical Routing.<\/a><\/p>\n<p>[\/vc_column_text][vc_column_text]<\/p>\n<p><a href=\"https:\/\/solidedge.siemens.com\/en\/resource\/ebook\/resolving-electrical-system-changes\/\" target=\"_blank\" rel=\"noopener noreferrer\">Pobierz e-book po\u015bwi\u0119cony rozwi\u0105zywaniu problem&oacute;w dotycz\u0105cych zmian w&nbsp;uk\u0142adach elektrycznych<\/a><\/p>\n<p>[\/vc_column_text][vc_column_text]<\/p>\n<p><a href=\"https:\/\/solidedge.siemens.com\/pl\/solutions\/products\/complete-product-development-portfolio\/whats-new-in-solid-edge-2020\/\">Co nowego w Solid Edge 2021<\/a><\/p>\n<p>[\/vc_column_text][vc_column_text]<a href=\"https:\/\/www.plm.automation.siemens.com\/store\/en-us\/solid-edge\/\">Odwied\u017a sklep internetowy Solid Edge<\/a>[\/vc_column_text][vc_column_text]<a href=\"http:\/\/community.plm.automation.siemens.com\/t5\/Solid-Edge-User-Community\/ct-p\/solid-edge\">Spo\u0142eczno\u015b\u0107 Solid Edge<\/a>[\/vc_column_text][vc_column_text]<a href=\"https:\/\/www.facebook.com\/solidedge\">Solid Edge w serwisie Facebook<\/a>[\/vc_column_text][vc_column_text]<a href=\"https:\/\/www.youtube.com\/user\/SiemensPLM\/playlists?shelf_id=18&amp;view=50&amp;sort=dd\">Solid Edge w serwisie YouTube<\/a>[\/vc_column_text]<\/div><\/div>\t\t\t<script type=\"text\/javascript\">\r\n\t\t\t\tjQuery(document).ready(function ($) {\r\n\t\t\t\t\tif( typeof jQuery('.ult-carousel-106026704369d2962ec0194').slick == \"function\"){\r\n\t\t\t\t\t\t$('.ult-carousel-106026704369d2962ec0194').slick({dots: true,autoplaySpeed: 5000,speed: 500,infinite: false,arrows: true,nextArrow: '<button type=\"button\" role=\"button\" aria-label=\"Next\" style=\"color:#ffffff; font-size:30px;background:rgba(255,255,255,0.2);\" class=\"slick-next square-bg\"><i class=\"ultsl-arrow-right6\"><\/i><\/button>',prevArrow: '<button type=\"button\" role=\"button\" aria-label=\"Previous\" style=\"color:#ffffff; font-size:30px;background:rgba(255,255,255,0.2);\" class=\"slick-prev square-bg\"><i class=\"ultsl-arrow-left6\"><\/i><\/button>',slidesToScroll:4,slidesToShow:4,swipe: true,draggable: true,touchMove: true,pauseOnHover: true,pauseOnFocus: false,responsive: [\r\n\t\t\t\t\t\t\t{\r\n\t\t\t\t\t\t\t  breakpoint: 1026,\r\n\t\t\t\t\t\t\t  settings: {\r\n\t\t\t\t\t\t\t\tslidesToShow: 4,\r\n\t\t\t\t\t\t\t\tslidesToScroll: 4,  \r\n\t\t\t\t\t\t\t  }\r\n\t\t\t\t\t\t\t},\r\n\t\t\t\t\t\t\t{\r\n\t\t\t\t\t\t\t  breakpoint: 1025,\r\n\t\t\t\t\t\t\t  settings: {\r\n\t\t\t\t\t\t\t\tslidesToShow: 2,\r\n\t\t\t\t\t\t\t\tslidesToScroll: 2\r\n\t\t\t\t\t\t\t  }\r\n\t\t\t\t\t\t\t},\r\n\t\t\t\t\t\t\t{\r\n\t\t\t\t\t\t\t  breakpoint: 760,\r\n\t\t\t\t\t\t\t  settings: {\r\n\t\t\t\t\t\t\t\tslidesToShow: 1,\r\n\t\t\t\t\t\t\t\tslidesToScroll: 1\r\n\t\t\t\t\t\t\t  }\r\n\t\t\t\t\t\t\t}\r\n\t\t\t\t\t\t],pauseOnDotsHover: true,customPaging: function(slider, i) {\r\n                   return '<i type=\"button\" style= \"color:#ffffff;\" class=\"ultsl-record\" data-role=\"none\"><\/i>';\r\n                },});\r\n\t\t\t\t\t}\r\n\t\t\t\t});\r\n\t\t\t<\/script>\r\n\t\t\t[\/vc_column][\/vc_row][vc_row full_width=&#8221;stretch_row&#8221; el_class=&#8221;footer-contact&#8221; css=&#8221;.vc_custom_1550170708528{background-color: #dedee3 !important;}&#8221;][vc_column]<div class=\"wpb_content_block wpb_content_element\"><div class=\"wpb_wrapper\"><\/div><\/div>[\/vc_column][\/vc_row]<\/p>\n","protected":false},"excerpt":{"rendered":"<p> Solid Edge Electrical Routing [\/vc_column_text][\/vc_column_inner]Cyfrowa integracja projektowania wi\u0105zek przewod&oacute;w. Solid Edge Electrical Routing to wyspecjalizowane, oparte na procesach \u015brodowisko wydajnego tworzenia, trasowania i&nbsp;organizacji przewod&oacute;w, kabli i&nbsp;wi\u0105zek w&nbsp;ramach z\u0142o\u017cenia Solid Edge, kt&oacute;re oferuje \u0142atwy transfer topologii wi\u0105zki mi\u0119dzy \u015brodowiskami ECAD i&nbsp;MCAD, co skraca czas projektowania i&nbsp;przyspiesza osi\u0105gni\u0119cie gotowo\u015bci do [&hellip;]<\/p>\n","protected":false},"author":20,"featured_media":0,"parent":1564,"menu_order":0,"comment_status":"closed","ping_status":"closed","template":"","meta":{"inline_featured_image":false},"yoast_head":"<!-- This site is optimized with the Yoast SEO plugin v18.4.1 - https:\/\/yoast.com\/wordpress\/plugins\/seo\/ -->\n<title>Trasowanie przewod\u00f3w instalacji elektrycznej | Projektowanie instalacji elektrycznych | Solid Edge<\/title>\n<meta name=\"description\" content=\"Solid Edge Electrical Routing to wyspecjalizowane, oparte na procesach \u015brodowisko wydajnego tworzenia, trasowania i organizacji przewod\u00f3w, kabli i wi\u0105zek w ramach z\u0142o\u017cenia Solid Edge.\" \/>\n<meta name=\"robots\" content=\"index, follow, max-snippet:-1, max-image-preview:large, max-video-preview:-1\" \/>\n<link rel=\"canonical\" href=\"https:\/\/solidedge.siemens.com\/pl\/solutions\/products\/electrical-design\/electrical-routing\/\" \/>\n<meta property=\"og:locale\" content=\"pl_PL\" \/>\n<meta property=\"og:type\" content=\"article\" \/>\n<meta property=\"og:title\" content=\"Trasowanie przewod\u00f3w instalacji elektrycznej | Projektowanie instalacji elektrycznych | Solid Edge\" \/>\n<meta property=\"og:description\" content=\"Solid Edge Electrical Routing to wyspecjalizowane, oparte na procesach \u015brodowisko wydajnego tworzenia, trasowania i organizacji przewod\u00f3w, kabli i wi\u0105zek w ramach z\u0142o\u017cenia Solid Edge.\" \/>\n<meta property=\"og:url\" content=\"https:\/\/solidedge.siemens.com\/pl\/solutions\/products\/electrical-design\/electrical-routing\/\" \/>\n<meta property=\"og:site_name\" content=\"Solid Edge\" \/>\n<meta property=\"article:publisher\" content=\"https:\/\/www.facebook.com\/solidedge\" \/>\n<meta property=\"article:modified_time\" content=\"2021-05-18T19:35:17+00:00\" \/>\n<meta name=\"twitter:card\" content=\"summary_large_image\" \/>\n<meta name=\"twitter:site\" content=\"@siemensplm\" \/>\n<meta name=\"twitter:label1\" content=\"Szacowany czas czytania\" \/>\n\t<meta name=\"twitter:data1\" content=\"5 minut\" \/>\n<script type=\"application\/ld+json\" class=\"yoast-schema-graph\">{\"@context\":\"https:\/\/schema.org\",\"@graph\":[{\"@type\":\"Organization\",\"@id\":\"https:\/\/solidedge.siemens.com\/en\/#organization\",\"name\":\"Siemens Digital Industries Software\",\"url\":\"https:\/\/solidedge.siemens.com\/en\/\",\"sameAs\":[\"https:\/\/www.facebook.com\/solidedge\",\"https:\/\/www.instagram.com\/siemens\/\",\"https:\/\/www.linkedin.com\/company\/siemens-plm-software\",\"https:\/\/www.youtube.com\/user\/PolarionSoftware\",\"https:\/\/twitter.com\/siemensplm\"],\"logo\":{\"@type\":\"ImageObject\",\"@id\":\"https:\/\/solidedge.siemens.com\/en\/#logo\",\"inLanguage\":\"pl-PL\",\"url\":\"https:\/\/solidedge.siemens.com\/wp-content\/uploads\/2018\/04\/logo-siemens-ifl@2x.png\",\"contentUrl\":\"https:\/\/solidedge.siemens.com\/wp-content\/uploads\/2018\/04\/logo-siemens-ifl@2x.png\",\"width\":640,\"height\":270,\"caption\":\"Siemens Digital Industries Software\"},\"image\":{\"@id\":\"https:\/\/solidedge.siemens.com\/en\/#logo\"}},{\"@type\":\"WebSite\",\"@id\":\"https:\/\/solidedge.siemens.com\/en\/#website\",\"url\":\"https:\/\/solidedge.siemens.com\/en\/\",\"name\":\"Solid Edge\",\"description\":\"Siemens Software\",\"publisher\":{\"@id\":\"https:\/\/solidedge.siemens.com\/en\/#organization\"},\"potentialAction\":[{\"@type\":\"SearchAction\",\"target\":{\"@type\":\"EntryPoint\",\"urlTemplate\":\"https:\/\/solidedge.siemens.com\/en\/?s={search_term_string}\"},\"query-input\":\"required name=search_term_string\"}],\"inLanguage\":\"pl-PL\"},{\"@type\":\"WebPage\",\"@id\":\"https:\/\/solidedge.siemens.com\/pl\/solutions\/products\/electrical-design\/electrical-routing\/#webpage\",\"url\":\"https:\/\/solidedge.siemens.com\/pl\/solutions\/products\/electrical-design\/electrical-routing\/\",\"name\":\"Trasowanie przewod\u00f3w instalacji elektrycznej | Projektowanie instalacji elektrycznych | Solid Edge\",\"isPartOf\":{\"@id\":\"https:\/\/solidedge.siemens.com\/en\/#website\"},\"datePublished\":\"2018-05-25T17:31:50+00:00\",\"dateModified\":\"2021-05-18T19:35:17+00:00\",\"description\":\"Solid Edge Electrical Routing to wyspecjalizowane, oparte na procesach \u015brodowisko wydajnego tworzenia, trasowania i organizacji przewod\u00f3w, kabli i wi\u0105zek w ramach z\u0142o\u017cenia Solid Edge.\",\"breadcrumb\":{\"@id\":\"https:\/\/solidedge.siemens.com\/pl\/solutions\/products\/electrical-design\/electrical-routing\/#breadcrumb\"},\"inLanguage\":\"pl-PL\",\"potentialAction\":[{\"@type\":\"ReadAction\",\"target\":[\"https:\/\/solidedge.siemens.com\/pl\/solutions\/products\/electrical-design\/electrical-routing\/\"]}]},{\"@type\":\"BreadcrumbList\",\"@id\":\"https:\/\/solidedge.siemens.com\/pl\/solutions\/products\/electrical-design\/electrical-routing\/#breadcrumb\",\"itemListElement\":[{\"@type\":\"ListItem\",\"position\":1,\"name\":\"Home\",\"item\":\"https:\/\/solidedge.siemens.com\/en\/home-10\/\"},{\"@type\":\"ListItem\",\"position\":2,\"name\":\"Rozwi\u0105zania\",\"item\":\"https:\/\/solidedge.siemens.com\/pl\/solutions\/\"},{\"@type\":\"ListItem\",\"position\":3,\"name\":\"Produkty\",\"item\":\"https:\/\/solidedge.siemens.com\/pl\/solutions\/products\/\"},{\"@type\":\"ListItem\",\"position\":4,\"name\":\"Projektowanie instalacji elektrycznych\",\"item\":\"https:\/\/solidedge.siemens.com\/pl\/solutions\/products\/electrical-design\/\"},{\"@type\":\"ListItem\",\"position\":5,\"name\":\"Trasowanie przewod&oacute;w instalacji elektrycznej\"}]}]}<\/script>\n<!-- \/ Yoast SEO plugin. -->","yoast_head_json":{"title":"Trasowanie przewod\u00f3w instalacji elektrycznej | Projektowanie instalacji elektrycznych | Solid Edge","description":"Solid Edge Electrical Routing to wyspecjalizowane, oparte na procesach \u015brodowisko wydajnego tworzenia, trasowania i organizacji przewod\u00f3w, kabli i wi\u0105zek w ramach z\u0142o\u017cenia Solid Edge.","robots":{"index":"index","follow":"follow","max-snippet":"max-snippet:-1","max-image-preview":"max-image-preview:large","max-video-preview":"max-video-preview:-1"},"canonical":"https:\/\/solidedge.siemens.com\/pl\/solutions\/products\/electrical-design\/electrical-routing\/","og_locale":"pl_PL","og_type":"article","og_title":"Trasowanie przewod\u00f3w instalacji elektrycznej | Projektowanie instalacji elektrycznych | Solid Edge","og_description":"Solid Edge Electrical Routing to wyspecjalizowane, oparte na procesach \u015brodowisko wydajnego tworzenia, trasowania i organizacji przewod\u00f3w, kabli i wi\u0105zek w ramach z\u0142o\u017cenia Solid Edge.","og_url":"https:\/\/solidedge.siemens.com\/pl\/solutions\/products\/electrical-design\/electrical-routing\/","og_site_name":"Solid Edge","article_publisher":"https:\/\/www.facebook.com\/solidedge","article_modified_time":"2021-05-18T19:35:17+00:00","twitter_card":"summary_large_image","twitter_site":"@siemensplm","twitter_misc":{"Szacowany czas czytania":"5 minut"},"schema":{"@context":"https:\/\/schema.org","@graph":[{"@type":"Organization","@id":"https:\/\/solidedge.siemens.com\/en\/#organization","name":"Siemens Digital Industries Software","url":"https:\/\/solidedge.siemens.com\/en\/","sameAs":["https:\/\/www.facebook.com\/solidedge","https:\/\/www.instagram.com\/siemens\/","https:\/\/www.linkedin.com\/company\/siemens-plm-software","https:\/\/www.youtube.com\/user\/PolarionSoftware","https:\/\/twitter.com\/siemensplm"],"logo":{"@type":"ImageObject","@id":"https:\/\/solidedge.siemens.com\/en\/#logo","inLanguage":"pl-PL","url":"https:\/\/solidedge.siemens.com\/wp-content\/uploads\/2018\/04\/logo-siemens-ifl@2x.png","contentUrl":"https:\/\/solidedge.siemens.com\/wp-content\/uploads\/2018\/04\/logo-siemens-ifl@2x.png","width":640,"height":270,"caption":"Siemens Digital Industries Software"},"image":{"@id":"https:\/\/solidedge.siemens.com\/en\/#logo"}},{"@type":"WebSite","@id":"https:\/\/solidedge.siemens.com\/en\/#website","url":"https:\/\/solidedge.siemens.com\/en\/","name":"Solid Edge","description":"Siemens Software","publisher":{"@id":"https:\/\/solidedge.siemens.com\/en\/#organization"},"potentialAction":[{"@type":"SearchAction","target":{"@type":"EntryPoint","urlTemplate":"https:\/\/solidedge.siemens.com\/en\/?s={search_term_string}"},"query-input":"required name=search_term_string"}],"inLanguage":"pl-PL"},{"@type":"WebPage","@id":"https:\/\/solidedge.siemens.com\/pl\/solutions\/products\/electrical-design\/electrical-routing\/#webpage","url":"https:\/\/solidedge.siemens.com\/pl\/solutions\/products\/electrical-design\/electrical-routing\/","name":"Trasowanie przewod\u00f3w instalacji elektrycznej | Projektowanie instalacji elektrycznych | Solid Edge","isPartOf":{"@id":"https:\/\/solidedge.siemens.com\/en\/#website"},"datePublished":"2018-05-25T17:31:50+00:00","dateModified":"2021-05-18T19:35:17+00:00","description":"Solid Edge Electrical Routing to wyspecjalizowane, oparte na procesach \u015brodowisko wydajnego tworzenia, trasowania i organizacji przewod\u00f3w, kabli i wi\u0105zek w ramach z\u0142o\u017cenia Solid Edge.","breadcrumb":{"@id":"https:\/\/solidedge.siemens.com\/pl\/solutions\/products\/electrical-design\/electrical-routing\/#breadcrumb"},"inLanguage":"pl-PL","potentialAction":[{"@type":"ReadAction","target":["https:\/\/solidedge.siemens.com\/pl\/solutions\/products\/electrical-design\/electrical-routing\/"]}]},{"@type":"BreadcrumbList","@id":"https:\/\/solidedge.siemens.com\/pl\/solutions\/products\/electrical-design\/electrical-routing\/#breadcrumb","itemListElement":[{"@type":"ListItem","position":1,"name":"Home","item":"https:\/\/solidedge.siemens.com\/en\/home-10\/"},{"@type":"ListItem","position":2,"name":"Rozwi\u0105zania","item":"https:\/\/solidedge.siemens.com\/pl\/solutions\/"},{"@type":"ListItem","position":3,"name":"Produkty","item":"https:\/\/solidedge.siemens.com\/pl\/solutions\/products\/"},{"@type":"ListItem","position":4,"name":"Projektowanie instalacji elektrycznych","item":"https:\/\/solidedge.siemens.com\/pl\/solutions\/products\/electrical-design\/"},{"@type":"ListItem","position":5,"name":"Trasowanie przewod&oacute;w instalacji elektrycznej"}]}]}},"_links":{"self":[{"href":"https:\/\/solidedge.siemens.com\/pl\/wp-json\/wp\/v2\/pages\/1478"}],"collection":[{"href":"https:\/\/solidedge.siemens.com\/pl\/wp-json\/wp\/v2\/pages"}],"about":[{"href":"https:\/\/solidedge.siemens.com\/pl\/wp-json\/wp\/v2\/types\/page"}],"author":[{"embeddable":true,"href":"https:\/\/solidedge.siemens.com\/pl\/wp-json\/wp\/v2\/users\/20"}],"replies":[{"embeddable":true,"href":"https:\/\/solidedge.siemens.com\/pl\/wp-json\/wp\/v2\/comments?post=1478"}],"version-history":[{"count":4,"href":"https:\/\/solidedge.siemens.com\/pl\/wp-json\/wp\/v2\/pages\/1478\/revisions"}],"predecessor-version":[{"id":40905,"href":"https:\/\/solidedge.siemens.com\/pl\/wp-json\/wp\/v2\/pages\/1478\/revisions\/40905"}],"up":[{"embeddable":true,"href":"https:\/\/solidedge.siemens.com\/pl\/wp-json\/wp\/v2\/pages\/1564"}],"wp:attachment":[{"href":"https:\/\/solidedge.siemens.com\/pl\/wp-json\/wp\/v2\/media?parent=1478"}],"curies":[{"name":"wp","href":"https:\/\/api.w.org\/{rel}","templated":true}]}}