{"id":14359,"date":"2018-09-05T12:45:31","date_gmt":"2018-09-05T16:45:31","guid":{"rendered":"https:\/\/solidedge.siemens.com\/resources\/white-papers\/"},"modified":"2021-05-18T15:27:26","modified_gmt":"2021-05-18T19:27:26","slug":"white-papers","status":"publish","type":"page","link":"https:\/\/solidedge.siemens.com\/pl\/resources\/white-papers\/","title":{"rendered":"Artyku\u0142y techniczne"},"content":{"rendered":"<p>[vc_row el_class=&#8221;vc-row-page-text-intro&#8221;][vc_column][vc_column_text]<\/p>\n<h1>Artyku\u0142y techniczne<\/h1>\n<p>[\/vc_column_text][vc_column_text]<!- Nie znaleziono widoku ->[\/vc_column_text][\/vc_column][\/vc_row][vc_row full_width=&#8221;stretch_row&#8221; el_class=&#8221;footer-contact&#8221; css=&#8221;.vc_custom_1550170708528{background-color: #dedee3 !important;}&#8221;][vc_column]<div class=\"wpb_content_block wpb_content_element\"><div class=\"wpb_wrapper\"><\/div><\/div>[\/vc_column][\/vc_row]<\/p>\n","protected":false},"excerpt":{"rendered":"<p> Artyku\u0142y techniczne [\/vc_column_text][\/vc_column_text][\/vc_column][\/vc_row][\/vc_column][\/vc_row]<\/p>\n","protected":false},"author":5,"featured_media":0,"parent":2813,"menu_order":3,"comment_status":"closed","ping_status":"open","template":"","meta":{"inline_featured_image":false},"yoast_head":"<!-- This site is optimized with the Yoast SEO plugin v18.4.1 - https:\/\/yoast.com\/wordpress\/plugins\/seo\/ -->\n<title>Artyku\u0142y techniczne | Zasoby | Solid Edge<\/title>\n<meta name=\"description\" content=\"Przejrzyj nasz zbi\u00f3r artyku\u0142\u00f3w technicznych po\u015bwi\u0119conych przydatnym funkcjom oprogramowania Solid Edge i\u00a0przekonaj si\u0119, czy znajdziesz tam rozwi\u0105zania spe\u0142niaj\u0105ce Twoje potrzeby w\u00a0zakresie projektowania CAD 2D lub 3D.\" \/>\n<meta name=\"robots\" content=\"index, follow, max-snippet:-1, max-image-preview:large, max-video-preview:-1\" \/>\n<link rel=\"canonical\" href=\"https:\/\/solidedge.siemens.com\/pl\/resources\/white-papers\/\" \/>\n<meta property=\"og:locale\" content=\"pl_PL\" \/>\n<meta property=\"og:type\" content=\"article\" \/>\n<meta property=\"og:title\" content=\"Artyku\u0142y techniczne | Zasoby | Solid Edge\" \/>\n<meta property=\"og:description\" content=\"Przejrzyj nasz zbi\u00f3r artyku\u0142\u00f3w technicznych po\u015bwi\u0119conych przydatnym funkcjom oprogramowania Solid Edge i\u00a0przekonaj si\u0119, czy znajdziesz tam rozwi\u0105zania spe\u0142niaj\u0105ce Twoje potrzeby w\u00a0zakresie projektowania CAD 2D lub 3D.\" \/>\n<meta property=\"og:url\" content=\"https:\/\/solidedge.siemens.com\/pl\/resources\/white-papers\/\" \/>\n<meta property=\"og:site_name\" content=\"Solid Edge\" \/>\n<meta property=\"article:publisher\" content=\"https:\/\/www.facebook.com\/solidedge\" \/>\n<meta property=\"article:modified_time\" content=\"2021-05-18T19:27:26+00:00\" \/>\n<meta name=\"twitter:card\" content=\"summary_large_image\" \/>\n<meta name=\"twitter:site\" content=\"@siemensplm\" \/>\n<script type=\"application\/ld+json\" class=\"yoast-schema-graph\">{\"@context\":\"https:\/\/schema.org\",\"@graph\":[{\"@type\":\"Organization\",\"@id\":\"https:\/\/solidedge.siemens.com\/en\/#organization\",\"name\":\"Siemens Digital Industries Software\",\"url\":\"https:\/\/solidedge.siemens.com\/en\/\",\"sameAs\":[\"https:\/\/www.facebook.com\/solidedge\",\"https:\/\/www.instagram.com\/siemens\/\",\"https:\/\/www.linkedin.com\/company\/siemens-plm-software\",\"https:\/\/www.youtube.com\/user\/PolarionSoftware\",\"https:\/\/twitter.com\/siemensplm\"],\"logo\":{\"@type\":\"ImageObject\",\"@id\":\"https:\/\/solidedge.siemens.com\/en\/#logo\",\"inLanguage\":\"pl-PL\",\"url\":\"https:\/\/solidedge.siemens.com\/wp-content\/uploads\/2018\/04\/logo-siemens-ifl@2x.png\",\"contentUrl\":\"https:\/\/solidedge.siemens.com\/wp-content\/uploads\/2018\/04\/logo-siemens-ifl@2x.png\",\"width\":640,\"height\":270,\"caption\":\"Siemens Digital Industries Software\"},\"image\":{\"@id\":\"https:\/\/solidedge.siemens.com\/en\/#logo\"}},{\"@type\":\"WebSite\",\"@id\":\"https:\/\/solidedge.siemens.com\/en\/#website\",\"url\":\"https:\/\/solidedge.siemens.com\/en\/\",\"name\":\"Solid Edge\",\"description\":\"Siemens Software\",\"publisher\":{\"@id\":\"https:\/\/solidedge.siemens.com\/en\/#organization\"},\"potentialAction\":[{\"@type\":\"SearchAction\",\"target\":{\"@type\":\"EntryPoint\",\"urlTemplate\":\"https:\/\/solidedge.siemens.com\/en\/?s={search_term_string}\"},\"query-input\":\"required name=search_term_string\"}],\"inLanguage\":\"pl-PL\"},{\"@type\":\"WebPage\",\"@id\":\"https:\/\/solidedge.siemens.com\/pl\/resources\/white-papers\/#webpage\",\"url\":\"https:\/\/solidedge.siemens.com\/pl\/resources\/white-papers\/\",\"name\":\"Artyku\u0142y techniczne | Zasoby | Solid Edge\",\"isPartOf\":{\"@id\":\"https:\/\/solidedge.siemens.com\/en\/#website\"},\"datePublished\":\"2018-09-05T16:45:31+00:00\",\"dateModified\":\"2021-05-18T19:27:26+00:00\",\"description\":\"Przejrzyj nasz zbi\u00f3r artyku\u0142\u00f3w technicznych po\u015bwi\u0119conych przydatnym funkcjom oprogramowania Solid Edge i\u00a0przekonaj si\u0119, czy znajdziesz tam rozwi\u0105zania spe\u0142niaj\u0105ce Twoje potrzeby w\u00a0zakresie projektowania CAD 2D lub 3D.\",\"breadcrumb\":{\"@id\":\"https:\/\/solidedge.siemens.com\/pl\/resources\/white-papers\/#breadcrumb\"},\"inLanguage\":\"pl-PL\",\"potentialAction\":[{\"@type\":\"ReadAction\",\"target\":[\"https:\/\/solidedge.siemens.com\/pl\/resources\/white-papers\/\"]}]},{\"@type\":\"BreadcrumbList\",\"@id\":\"https:\/\/solidedge.siemens.com\/pl\/resources\/white-papers\/#breadcrumb\",\"itemListElement\":[{\"@type\":\"ListItem\",\"position\":1,\"name\":\"Home\",\"item\":\"https:\/\/solidedge.siemens.com\/en\/home-10\/\"},{\"@type\":\"ListItem\",\"position\":2,\"name\":\"Zasoby\",\"item\":\"https:\/\/solidedge.siemens.com\/pl\/resources\/\"},{\"@type\":\"ListItem\",\"position\":3,\"name\":\"Artyku\u0142y techniczne\"}]}]}<\/script>\n<!-- \/ Yoast SEO plugin. -->","yoast_head_json":{"title":"Artyku\u0142y techniczne | Zasoby | Solid Edge","description":"Przejrzyj nasz zbi\u00f3r artyku\u0142\u00f3w technicznych po\u015bwi\u0119conych przydatnym funkcjom oprogramowania Solid Edge i\u00a0przekonaj si\u0119, czy znajdziesz tam rozwi\u0105zania spe\u0142niaj\u0105ce Twoje potrzeby w\u00a0zakresie projektowania CAD 2D lub 3D.","robots":{"index":"index","follow":"follow","max-snippet":"max-snippet:-1","max-image-preview":"max-image-preview:large","max-video-preview":"max-video-preview:-1"},"canonical":"https:\/\/solidedge.siemens.com\/pl\/resources\/white-papers\/","og_locale":"pl_PL","og_type":"article","og_title":"Artyku\u0142y techniczne | Zasoby | Solid Edge","og_description":"Przejrzyj nasz zbi\u00f3r artyku\u0142\u00f3w technicznych po\u015bwi\u0119conych przydatnym funkcjom oprogramowania Solid Edge i\u00a0przekonaj si\u0119, czy znajdziesz tam rozwi\u0105zania spe\u0142niaj\u0105ce Twoje potrzeby w\u00a0zakresie projektowania CAD 2D lub 3D.","og_url":"https:\/\/solidedge.siemens.com\/pl\/resources\/white-papers\/","og_site_name":"Solid Edge","article_publisher":"https:\/\/www.facebook.com\/solidedge","article_modified_time":"2021-05-18T19:27:26+00:00","twitter_card":"summary_large_image","twitter_site":"@siemensplm","schema":{"@context":"https:\/\/schema.org","@graph":[{"@type":"Organization","@id":"https:\/\/solidedge.siemens.com\/en\/#organization","name":"Siemens Digital Industries Software","url":"https:\/\/solidedge.siemens.com\/en\/","sameAs":["https:\/\/www.facebook.com\/solidedge","https:\/\/www.instagram.com\/siemens\/","https:\/\/www.linkedin.com\/company\/siemens-plm-software","https:\/\/www.youtube.com\/user\/PolarionSoftware","https:\/\/twitter.com\/siemensplm"],"logo":{"@type":"ImageObject","@id":"https:\/\/solidedge.siemens.com\/en\/#logo","inLanguage":"pl-PL","url":"https:\/\/solidedge.siemens.com\/wp-content\/uploads\/2018\/04\/logo-siemens-ifl@2x.png","contentUrl":"https:\/\/solidedge.siemens.com\/wp-content\/uploads\/2018\/04\/logo-siemens-ifl@2x.png","width":640,"height":270,"caption":"Siemens Digital Industries Software"},"image":{"@id":"https:\/\/solidedge.siemens.com\/en\/#logo"}},{"@type":"WebSite","@id":"https:\/\/solidedge.siemens.com\/en\/#website","url":"https:\/\/solidedge.siemens.com\/en\/","name":"Solid Edge","description":"Siemens Software","publisher":{"@id":"https:\/\/solidedge.siemens.com\/en\/#organization"},"potentialAction":[{"@type":"SearchAction","target":{"@type":"EntryPoint","urlTemplate":"https:\/\/solidedge.siemens.com\/en\/?s={search_term_string}"},"query-input":"required name=search_term_string"}],"inLanguage":"pl-PL"},{"@type":"WebPage","@id":"https:\/\/solidedge.siemens.com\/pl\/resources\/white-papers\/#webpage","url":"https:\/\/solidedge.siemens.com\/pl\/resources\/white-papers\/","name":"Artyku\u0142y techniczne | Zasoby | Solid Edge","isPartOf":{"@id":"https:\/\/solidedge.siemens.com\/en\/#website"},"datePublished":"2018-09-05T16:45:31+00:00","dateModified":"2021-05-18T19:27:26+00:00","description":"Przejrzyj nasz zbi\u00f3r artyku\u0142\u00f3w technicznych po\u015bwi\u0119conych przydatnym funkcjom oprogramowania Solid Edge i\u00a0przekonaj si\u0119, czy znajdziesz tam rozwi\u0105zania spe\u0142niaj\u0105ce Twoje potrzeby w\u00a0zakresie projektowania CAD 2D lub 3D.","breadcrumb":{"@id":"https:\/\/solidedge.siemens.com\/pl\/resources\/white-papers\/#breadcrumb"},"inLanguage":"pl-PL","potentialAction":[{"@type":"ReadAction","target":["https:\/\/solidedge.siemens.com\/pl\/resources\/white-papers\/"]}]},{"@type":"BreadcrumbList","@id":"https:\/\/solidedge.siemens.com\/pl\/resources\/white-papers\/#breadcrumb","itemListElement":[{"@type":"ListItem","position":1,"name":"Home","item":"https:\/\/solidedge.siemens.com\/en\/home-10\/"},{"@type":"ListItem","position":2,"name":"Zasoby","item":"https:\/\/solidedge.siemens.com\/pl\/resources\/"},{"@type":"ListItem","position":3,"name":"Artyku\u0142y techniczne"}]}]}},"_links":{"self":[{"href":"https:\/\/solidedge.siemens.com\/pl\/wp-json\/wp\/v2\/pages\/14359"}],"collection":[{"href":"https:\/\/solidedge.siemens.com\/pl\/wp-json\/wp\/v2\/pages"}],"about":[{"href":"https:\/\/solidedge.siemens.com\/pl\/wp-json\/wp\/v2\/types\/page"}],"author":[{"embeddable":true,"href":"https:\/\/solidedge.siemens.com\/pl\/wp-json\/wp\/v2\/users\/5"}],"replies":[{"embeddable":true,"href":"https:\/\/solidedge.siemens.com\/pl\/wp-json\/wp\/v2\/comments?post=14359"}],"version-history":[{"count":34,"href":"https:\/\/solidedge.siemens.com\/pl\/wp-json\/wp\/v2\/pages\/14359\/revisions"}],"predecessor-version":[{"id":40866,"href":"https:\/\/solidedge.siemens.com\/pl\/wp-json\/wp\/v2\/pages\/14359\/revisions\/40866"}],"up":[{"embeddable":true,"href":"https:\/\/solidedge.siemens.com\/pl\/wp-json\/wp\/v2\/pages\/2813"}],"wp:attachment":[{"href":"https:\/\/solidedge.siemens.com\/pl\/wp-json\/wp\/v2\/media?parent=14359"}],"curies":[{"name":"wp","href":"https:\/\/api.w.org\/{rel}","templated":true}]}}