{"id":2119,"date":"2019-04-01T10:27:10","date_gmt":"2019-04-01T14:27:10","guid":{"rendered":"https:\/\/solidedge.siemens.com\/overview\/"},"modified":"2021-04-05T09:39:55","modified_gmt":"2021-04-05T13:39:55","slug":"kostenlose-software","status":"publish","type":"page","link":"https:\/\/solidedge.siemens.com\/ja\/free-software\/kostenlose-software\/","title":{"rendered":"Kostenlose Software"},"content":{"rendered":"<p>[vc_row el_class=&#8221;vc-row-page-text-intro&#8221;][vc_column][vc_column_text]<\/p>\n<h1>Kostenlose Softwareangebote<br \/>\nvon Siemens Digital Industries Software<\/h1>\n<p>[\/vc_column_text][vc_column_text]<strong>Gehen Sie mit Solid Edge den n\u00e4chsten Schritt!<\/strong><\/p>\n<p>Solid Edge ist ein Portfolio aus preislich attraktiven, benutzerfreundlichen Softwaretools f\u00fcr alle Aspekte des Produktentwicklungsprozesses: 3D-Konstruktion, Simulation, Fertigung, Konstruktion, Daten-Management und vieles mehr.\u00a0Laden Sie eines unserer kostenlosen Produkte herunter, oder starten Sie noch heute Ihre Solid Edge-Testversion! Im Folgenden finden Sie unsere kostenlosen Angebote.[\/vc_column_text][\/vc_column][\/vc_row][vc_row full_width=&#8221;stretch_row&#8221; equal_height=&#8221;yes&#8221; el_class=&#8221;vc-row-linked-image-teasers&#8221; css=&#8221;.vc_custom_1525370555689{background-color: #13374e !important;}&#8221;][vc_column width=&#8221;1\/3&#8243;][vc_single_image image=&#8221;1027&#8243; img_size=&#8221;linked-teaser&#8221; alignment=&#8221;center&#8221;][vc_column_text]<\/p>\n<h3><a href=\"\/de\/try-now\/\">Kostenlose Solid Edge-Testversion<\/a><\/h3>\n<p>Laden Sie Solid Edge herunter und verwenden Sie das Programm 30 Tage lang auf Ihrem PC. Optimieren und erweitern Sie Ihre Produktentw\u00fcrfe mit Solid Edge 3D-CAD.[\/vc_column_text][\/vc_column][vc_column width=&#8221;1\/3&#8243;][vc_single_image image=&#8221;1020&#8243; img_size=&#8221;linked-teaser&#8221; alignment=&#8221;center&#8221;][vc_column_text]<\/p>\n<h3><a href=\"https:\/\/www.plm.automation.siemens.com\/plmapp\/education\/solid-edge\/en_us\/free-software\/free-2d-cad\">Solid Edge 2D-Zeichnungserstellung<\/a><\/h3>\n<p>2D-CAD-Software (kostenlos): Laden Sie Solid Edge 2D Drafting noch heute von Siemens Digital Industries Software herunter. Alles, was Sie f\u00fcr schnelle und einfache 2D-Entw\u00fcrfe und -Zeichnungen ben\u00f6tigen.[\/vc_column_text][\/vc_column][vc_column width=&#8221;1\/3&#8243;][vc_single_image image=&#8221;1021&#8243; img_size=&#8221;linked-teaser&#8221; alignment=&#8221;center&#8221;][vc_column_text]<\/p>\n<h3><a href=\"https:\/\/www.plm.automation.siemens.com\/plmapp\/education\/solid-edge\/en_us\/free-software\/student\">Solid Edge f\u00fcr Studierende<\/a><\/h3>\n<p>Eignen Sie sich die F\u00e4higkeiten an, die Sie ben\u00f6tigen \u2013 mit der Solid Edge Student Edition, einer kostenlosen Version der benutzerfreundlichen Softwaresuite, die auch von professionellen Anwendern eingesetzt wird.[\/vc_column_text][\/vc_column][vc_column width=&#8221;1\/3&#8243;][vc_single_image image=&#8221;1025&#8243; img_size=&#8221;linked-teaser&#8221; alignment=&#8221;center&#8221;][vc_column_text]<\/p>\n<h3><a href=\"https:\/\/www.plm.automation.siemens.com\/plmapp\/education\/solid-edge\/en_us\/free-software\/teacher\">Solid Edge f\u00fcr Ausbilder<\/a><\/h3>\n<p>Bereiten Sie Ihre Sch\u00fcler und Studenten aller Altersgruppen mit einer campusweiten Lizenz f\u00fcr Solid Edge auf eine Karriere in den Bereichen Mathematik, Informatik, Naturwissenschaft und Technik (MINT) vor.[\/vc_column_text][\/vc_column][vc_column width=&#8221;1\/3&#8243;][vc_single_image image=&#8221;1024&#8243; img_size=&#8221;linked-teaser&#8221; alignment=&#8221;center&#8221;][vc_column_text]<\/p>\n<h3><a href=\"https:\/\/www.plm.automation.siemens.com\/plmapp\/education\/solid-edge\/en_us\/free-software\/viewer\">Kostenloser Solid Edge Viewer<\/a><\/h3>\n<p>Mit dem kostenlosen Solid Edge Viewer k\u00f6nnen Sie sich Solid Edge-3D-Modelle und -Zeichnungen interaktiv anzeigen lassen.[\/vc_column_text][\/vc_column][vc_column width=&#8221;1\/3&#8243;][vc_single_image image=&#8221;1022&#8243; img_size=&#8221;linked-teaser&#8221; alignment=&#8221;center&#8221;][vc_column_text]<\/p>\n<h3><a href=\"https:\/\/www.mentor.com\/company\/higher_ed\/floefd-solid-edge-student-edition\">FloEFD f\u00fcr Solid Edge Edition f\u00fcr Studenten<\/a><\/h3>\n<p>FloEFD f\u00fcr Solid Edge und Computational Fluid Dynamics (CFD) sind f\u00fcr die Str\u00f6mungs- und thermische Simulation vollst\u00e4ndig in Solid Edge\u00ae integriert.[\/vc_column_text][\/vc_column][vc_column width=&#8221;1\/3&#8243;][vc_single_image image=&#8221;1023&#8243; img_size=&#8221;linked-teaser&#8221; alignment=&#8221;center&#8221;][vc_column_text]<\/p>\n<h3><a href=\"https:\/\/www.mentor.com\/products\/product-eval\/floefd-solid-edge-vlab\">FloEFD f\u00fcr Solid Edge Virtual Lab <\/a><\/h3>\n<p>Entdecken Sie mit diesem Virtual Lab, wie Sie das Potenzial der Str\u00f6mungs- und thermischen Simulation in Ihrer Solid Edge-Konstruktion freisetzen k\u00f6nnen.[\/vc_column_text][\/vc_column][\/vc_row][vc_row full_width=&#8221;stretch_row&#8221; el_class=&#8221;vc-row-free-software&#8221; css=&#8221;.vc_custom_1523912493378{background-color: #006486 !important;}&#8221;][vc_column][vc_column_text el_class=&#8221;vc-el-lead-in&#8221;]KOSTENLOSE Software<\/p>\n<h2>Kostenlose 3D-CAD-Konstruktionssoftware<\/h2>\n<p>[\/vc_column_text][vc_row_inner equal_height=&#8221;yes&#8221;][vc_column_inner width=&#8221;1\/2&#8243; offset=&#8221;vc_col-md-5&#8243;]<div class=\"wpb_content_block wpb_content_element\"><div class=\"wpb_wrapper\"><div class=\"content_block\" id=\"custom_post_widget-1026\"><p>[vc_row][vc_column][vc_column_text]<\/p>\n<h3>\u3054\u8cfc\u5165\u6e96\u5099\u306f\u3067\u304d\u307e\u3057\u305f\u304b?<\/h3>\n<p>\u30aa\u30f3\u30e9\u30a4\u30f3\u30b9\u30c8\u30a2\u306b\u30a2\u30af\u30bb\u30b9\u3057\u3066\u3001\u6708\u9593\u307e\u305f\u306f\u5e74\u9593\u30b5\u30d6\u30b9\u30af\u30ea\u30d7\u30b7\u30e7\u30f3\u3092\u4eca\u3059\u3050\u958b\u59cb\u3059\u308b\u304b\u3001\u307e\u305f\u306f\u6c38\u4e45\u30e9\u30a4\u30bb\u30f3\u30b9\u30aa\u30d7\u30b7\u30e7\u30f3\u306b\u3064\u3044\u3066\u306e\u8a73\u7d30\u3092\u3054\u89a7\u304f\u3060\u3055\u3044\u3002 [\/vc_column_text][vc_column_text]<a class=\"action-button\" href=\"https:\/\/www.dex.siemens.com\/plm\/solid-edge?cclcl=ja_JP\">\u8a73\u7d30\u60c5\u5831<\/a>[\/vc_column_text][\/vc_column][\/vc_row]<\/p>\n<\/div><\/div><\/div>[\/vc_column_inner][vc_column_inner width=&#8221;1\/2&#8243; offset=&#8221;vc_col-md-offset-2 vc_col-md-5&#8243;]<div class=\"wpb_content_block wpb_content_element\"><div class=\"wpb_wrapper\"><div class=\"content_block\" id=\"custom_post_widget-419\"><p>[vc_row][vc_column][vc_column_text]<\/p>\n<h3>\u30b9\u30bf\u30fc\u30c8\u30a2\u30c3\u30d7\u4f01\u696d\u3092\u652f\u63f4\u3059\u308b\u7121\u511f\u306e\u30bd\u30d5\u30c8\u30a6\u30a7\u30a2<\/h3>\n<p>\u4e8b\u696d\u306e\u7acb\u3061\u4e0a\u3052\u304b\u30893\u5e74\u4ee5\u5185\u306e\u30b9\u30bf\u30fc\u30c8\u30a2\u30c3\u30d7\u4f01\u696d\u3067\u3042\u308c\u3070\u3001Solid Edge\u3092\u7121\u511f\u3067\u3054\u5229\u7528\u3044\u305f\u3060\u3051\u307e\u3059\u3002 \u7533\u8fbc\u91d1\u306f\u4e0d\u8981\u3067\u3059\u3002[\/vc_column_text][vc_column_text]<a class=\"action-button\" href=\"https:\/\/www.plm.automation.siemens.com\/global\/en\/topic\/solid-edge-for-startups\/8335\"><i class=\"icon-ext\"><\/i>\u4eca\u3059\u3050\u304a\u7533\u8fbc\u307f\u304f\u3060\u3055\u3044\u3002<\/a>[\/vc_column_text][\/vc_column][\/vc_row]<\/p>\n<\/div><\/div><\/div>[\/vc_column_inner][\/vc_row_inner][\/vc_column][\/vc_row][vc_row full_width=&#8221;stretch_row&#8221; el_class=&#8221;vc-row-related-content&#8221; css=&#8221;.vc_custom_1524184785822{background-color: #347eb5 !important;}&#8221;][vc_column][vc_column_text]<\/p>\n<h2>\u00c4hnliche Inhalte<\/h2>\n<p>[\/vc_column_text]<div id=\"ult-carousel-84945052569d6f87b85e35\" class=\"ult-carousel-wrapper  vc-el-carousel-related-content ult_horizontal\" data-gutter=\"0\" data-rtl=\"false\" ><div class=\"ult-carousel-202441416369d6f87b85e14 \" >[vc_column_text]<a href=\"https:\/\/solidedge.siemens.com\/ja\/solutions\/products\/complete-product-development-portfolio\/\">Weitere Informationen zum Solid Edge-Portfolio <\/a>[\/vc_column_text][vc_column_text]<a href=\"https:\/\/solidedge.siemens.com\/ja\/solutions\/products\/3d-design\/synchronous-technology\/\">Solid Edge Synchronous Technology <\/a>[\/vc_column_text][vc_column_text]<a href=\"https:\/\/www.plm.automation.siemens.com\/en_us\/Images\/DEVELOP3D_SolidEdgeST8_tcm1023-238495.pdf\">DEVELOP3D:<br \/>\nDie Magie von Synchronous Technology <\/a>[\/vc_column_text][vc_column_text]<a href=\"https:\/\/solidedge.siemens.com\/ja\/solutions\/products\/3d-design\/next-generation-design\/\">Konstruktion der n\u00e4chsten Generation <\/a>[\/vc_column_text]<\/div><\/div>\t\t\t<script type=\"text\/javascript\">\r\n\t\t\t\tjQuery(document).ready(function ($) {\r\n\t\t\t\t\tif( typeof jQuery('.ult-carousel-202441416369d6f87b85e14').slick == \"function\"){\r\n\t\t\t\t\t\t$('.ult-carousel-202441416369d6f87b85e14').slick({dots: true,autoplaySpeed: 5000,speed: 500,infinite: false,arrows: true,nextArrow: '<button type=\"button\" role=\"button\" aria-label=\"Next\" style=\"color:#ffffff; font-size:30px;background:rgba(255,255,255,0.2);\" class=\"slick-next square-bg\"><i class=\"ultsl-arrow-right6\"><\/i><\/button>',prevArrow: '<button type=\"button\" role=\"button\" aria-label=\"Previous\" style=\"color:#ffffff; font-size:30px;background:rgba(255,255,255,0.2);\" class=\"slick-prev square-bg\"><i class=\"ultsl-arrow-left6\"><\/i><\/button>',slidesToScroll:4,slidesToShow:4,swipe: true,draggable: true,touchMove: true,pauseOnHover: true,pauseOnFocus: false,responsive: [\r\n\t\t\t\t\t\t\t{\r\n\t\t\t\t\t\t\t  breakpoint: 1026,\r\n\t\t\t\t\t\t\t  settings: {\r\n\t\t\t\t\t\t\t\tslidesToShow: 4,\r\n\t\t\t\t\t\t\t\tslidesToScroll: 4,  \r\n\t\t\t\t\t\t\t  }\r\n\t\t\t\t\t\t\t},\r\n\t\t\t\t\t\t\t{\r\n\t\t\t\t\t\t\t  breakpoint: 1025,\r\n\t\t\t\t\t\t\t  settings: {\r\n\t\t\t\t\t\t\t\tslidesToShow: 2,\r\n\t\t\t\t\t\t\t\tslidesToScroll: 2\r\n\t\t\t\t\t\t\t  }\r\n\t\t\t\t\t\t\t},\r\n\t\t\t\t\t\t\t{\r\n\t\t\t\t\t\t\t  breakpoint: 760,\r\n\t\t\t\t\t\t\t  settings: {\r\n\t\t\t\t\t\t\t\tslidesToShow: 1,\r\n\t\t\t\t\t\t\t\tslidesToScroll: 1\r\n\t\t\t\t\t\t\t  }\r\n\t\t\t\t\t\t\t}\r\n\t\t\t\t\t\t],pauseOnDotsHover: true,customPaging: function(slider, i) {\r\n                   return '<i type=\"button\" style= \"color:#ffffff;\" class=\"ultsl-record\" data-role=\"none\"><\/i>';\r\n                },});\r\n\t\t\t\t\t}\r\n\t\t\t\t});\r\n\t\t\t<\/script>\r\n\t\t\t[\/vc_column][\/vc_row][vc_row full_width=&#8221;stretch_row&#8221; el_class=&#8221;footer-contact&#8221; css=&#8221;.vc_custom_1550170708528{background-color: #dedee3 !important;}&#8221;][vc_column]<div class=\"wpb_content_block wpb_content_element\"><div class=\"wpb_wrapper\"><\/div><\/div>[\/vc_column][\/vc_row]<\/p>\n","protected":false},"excerpt":{"rendered":"<p> Kostenlose Softwareangebote  [&hellip;]<\/p>\n","protected":false},"author":5,"featured_media":0,"parent":2818,"menu_order":0,"comment_status":"closed","ping_status":"closed","template":"","meta":{"inline_featured_image":false},"yoast_head":"<!-- This site is optimized with the Yoast SEO plugin v18.4.1 - https:\/\/yoast.com\/wordpress\/plugins\/seo\/ -->\n<title>Kostenlose Software | 2D- und 3D-CAD | Solid Edge<\/title>\n<meta name=\"description\" content=\"Laden Sie kostenlose Software und Testversionen von Solid Edge-2D- und 3D-CAD-Software herunter, inklusive Konstruktionssoftware f\u00fcr Konstrukteure, Bastler, Amateure und Studenten.\" \/>\n<meta name=\"robots\" content=\"index, follow, max-snippet:-1, max-image-preview:large, max-video-preview:-1\" \/>\n<link rel=\"canonical\" href=\"https:\/\/solidedge.siemens.com\/ja\/free-software\/kostenlose-software\/\" \/>\n<meta property=\"og:locale\" content=\"ja_JP\" \/>\n<meta property=\"og:type\" content=\"article\" \/>\n<meta property=\"og:title\" content=\"Kostenlose Software | 2D- und 3D-CAD | Solid Edge\" \/>\n<meta property=\"og:description\" content=\"Laden Sie kostenlose Software und Testversionen von Solid Edge-2D- und 3D-CAD-Software herunter, inklusive Konstruktionssoftware f\u00fcr Konstrukteure, Bastler, Amateure und Studenten.\" \/>\n<meta property=\"og:url\" content=\"https:\/\/solidedge.siemens.com\/de\/free-software\/kostenlose-software\/\" \/>\n<meta property=\"og:site_name\" content=\"Solid Edge\" \/>\n<meta property=\"article:publisher\" content=\"https:\/\/www.facebook.com\/solidedge\" \/>\n<meta property=\"article:modified_time\" content=\"2021-04-05T13:39:55+00:00\" \/>\n<meta name=\"twitter:card\" content=\"summary_large_image\" \/>\n<meta name=\"twitter:site\" content=\"@siemensplm\" \/>\n<meta name=\"twitter:label1\" content=\"\u63a8\u5b9a\u8aad\u66f8\u6642\u9593\" \/>\n\t<meta name=\"twitter:data1\" content=\"2\u5206\" \/>\n<script type=\"application\/ld+json\" class=\"yoast-schema-graph\">{\"@context\":\"https:\/\/schema.org\",\"@graph\":[{\"@type\":\"Organization\",\"@id\":\"https:\/\/solidedge.siemens.com\/en\/#organization\",\"name\":\"Siemens Digital Industries Software\",\"url\":\"https:\/\/solidedge.siemens.com\/en\/\",\"sameAs\":[\"https:\/\/www.facebook.com\/solidedge\",\"https:\/\/www.instagram.com\/siemens\/\",\"https:\/\/www.linkedin.com\/company\/siemens-plm-software\",\"https:\/\/www.youtube.com\/user\/PolarionSoftware\",\"https:\/\/twitter.com\/siemensplm\"],\"logo\":{\"@type\":\"ImageObject\",\"@id\":\"https:\/\/solidedge.siemens.com\/en\/#logo\",\"inLanguage\":\"ja\",\"url\":\"https:\/\/solidedge.siemens.com\/wp-content\/uploads\/2018\/04\/logo-siemens-ifl@2x.png\",\"contentUrl\":\"https:\/\/solidedge.siemens.com\/wp-content\/uploads\/2018\/04\/logo-siemens-ifl@2x.png\",\"width\":640,\"height\":270,\"caption\":\"Siemens Digital Industries Software\"},\"image\":{\"@id\":\"https:\/\/solidedge.siemens.com\/en\/#logo\"}},{\"@type\":\"WebSite\",\"@id\":\"https:\/\/solidedge.siemens.com\/en\/#website\",\"url\":\"https:\/\/solidedge.siemens.com\/en\/\",\"name\":\"Solid Edge\",\"description\":\"Siemens Software\",\"publisher\":{\"@id\":\"https:\/\/solidedge.siemens.com\/en\/#organization\"},\"potentialAction\":[{\"@type\":\"SearchAction\",\"target\":{\"@type\":\"EntryPoint\",\"urlTemplate\":\"https:\/\/solidedge.siemens.com\/en\/?s={search_term_string}\"},\"query-input\":\"required name=search_term_string\"}],\"inLanguage\":\"ja\"},{\"@type\":\"WebPage\",\"@id\":\"https:\/\/solidedge.siemens.com\/de\/free-software\/kostenlose-software\/#webpage\",\"url\":\"https:\/\/solidedge.siemens.com\/de\/free-software\/kostenlose-software\/\",\"name\":\"Kostenlose Software | 2D- und 3D-CAD | Solid Edge\",\"isPartOf\":{\"@id\":\"https:\/\/solidedge.siemens.com\/en\/#website\"},\"datePublished\":\"2019-04-01T14:27:10+00:00\",\"dateModified\":\"2021-04-05T13:39:55+00:00\",\"description\":\"Laden Sie kostenlose Software und Testversionen von Solid Edge-2D- und 3D-CAD-Software herunter, inklusive Konstruktionssoftware f\u00fcr Konstrukteure, Bastler, Amateure und Studenten.\",\"breadcrumb\":{\"@id\":\"https:\/\/solidedge.siemens.com\/de\/free-software\/kostenlose-software\/#breadcrumb\"},\"inLanguage\":\"ja\",\"potentialAction\":[{\"@type\":\"ReadAction\",\"target\":[\"https:\/\/solidedge.siemens.com\/de\/free-software\/kostenlose-software\/\"]}]},{\"@type\":\"BreadcrumbList\",\"@id\":\"https:\/\/solidedge.siemens.com\/de\/free-software\/kostenlose-software\/#breadcrumb\",\"itemListElement\":[{\"@type\":\"ListItem\",\"position\":1,\"name\":\"Home\",\"item\":\"https:\/\/solidedge.siemens.com\/ja\/\"},{\"@type\":\"ListItem\",\"position\":2,\"name\":\"Kostenlose Software\",\"item\":\"https:\/\/solidedge.siemens.com\/de\/free-software\/\"},{\"@type\":\"ListItem\",\"position\":3,\"name\":\"Kostenlose Software\"}]}]}<\/script>\n<!-- \/ Yoast SEO plugin. -->","yoast_head_json":{"title":"Kostenlose Software | 2D- und 3D-CAD | Solid Edge","description":"Laden Sie kostenlose Software und Testversionen von Solid Edge-2D- und 3D-CAD-Software herunter, inklusive Konstruktionssoftware f\u00fcr Konstrukteure, Bastler, Amateure und Studenten.","robots":{"index":"index","follow":"follow","max-snippet":"max-snippet:-1","max-image-preview":"max-image-preview:large","max-video-preview":"max-video-preview:-1"},"canonical":"https:\/\/solidedge.siemens.com\/ja\/free-software\/kostenlose-software\/","og_locale":"ja_JP","og_type":"article","og_title":"Kostenlose Software | 2D- und 3D-CAD | Solid Edge","og_description":"Laden Sie kostenlose Software und Testversionen von Solid Edge-2D- und 3D-CAD-Software herunter, inklusive Konstruktionssoftware f\u00fcr Konstrukteure, Bastler, Amateure und Studenten.","og_url":"https:\/\/solidedge.siemens.com\/de\/free-software\/kostenlose-software\/","og_site_name":"Solid Edge","article_publisher":"https:\/\/www.facebook.com\/solidedge","article_modified_time":"2021-04-05T13:39:55+00:00","twitter_card":"summary_large_image","twitter_site":"@siemensplm","twitter_misc":{"\u63a8\u5b9a\u8aad\u66f8\u6642\u9593":"2\u5206"},"schema":{"@context":"https:\/\/schema.org","@graph":[{"@type":"Organization","@id":"https:\/\/solidedge.siemens.com\/en\/#organization","name":"Siemens Digital Industries Software","url":"https:\/\/solidedge.siemens.com\/en\/","sameAs":["https:\/\/www.facebook.com\/solidedge","https:\/\/www.instagram.com\/siemens\/","https:\/\/www.linkedin.com\/company\/siemens-plm-software","https:\/\/www.youtube.com\/user\/PolarionSoftware","https:\/\/twitter.com\/siemensplm"],"logo":{"@type":"ImageObject","@id":"https:\/\/solidedge.siemens.com\/en\/#logo","inLanguage":"ja","url":"https:\/\/solidedge.siemens.com\/wp-content\/uploads\/2018\/04\/logo-siemens-ifl@2x.png","contentUrl":"https:\/\/solidedge.siemens.com\/wp-content\/uploads\/2018\/04\/logo-siemens-ifl@2x.png","width":640,"height":270,"caption":"Siemens Digital Industries Software"},"image":{"@id":"https:\/\/solidedge.siemens.com\/en\/#logo"}},{"@type":"WebSite","@id":"https:\/\/solidedge.siemens.com\/en\/#website","url":"https:\/\/solidedge.siemens.com\/en\/","name":"Solid Edge","description":"Siemens Software","publisher":{"@id":"https:\/\/solidedge.siemens.com\/en\/#organization"},"potentialAction":[{"@type":"SearchAction","target":{"@type":"EntryPoint","urlTemplate":"https:\/\/solidedge.siemens.com\/en\/?s={search_term_string}"},"query-input":"required name=search_term_string"}],"inLanguage":"ja"},{"@type":"WebPage","@id":"https:\/\/solidedge.siemens.com\/de\/free-software\/kostenlose-software\/#webpage","url":"https:\/\/solidedge.siemens.com\/de\/free-software\/kostenlose-software\/","name":"Kostenlose Software | 2D- und 3D-CAD | Solid Edge","isPartOf":{"@id":"https:\/\/solidedge.siemens.com\/en\/#website"},"datePublished":"2019-04-01T14:27:10+00:00","dateModified":"2021-04-05T13:39:55+00:00","description":"Laden Sie kostenlose Software und Testversionen von Solid Edge-2D- und 3D-CAD-Software herunter, inklusive Konstruktionssoftware f\u00fcr Konstrukteure, Bastler, Amateure und Studenten.","breadcrumb":{"@id":"https:\/\/solidedge.siemens.com\/de\/free-software\/kostenlose-software\/#breadcrumb"},"inLanguage":"ja","potentialAction":[{"@type":"ReadAction","target":["https:\/\/solidedge.siemens.com\/de\/free-software\/kostenlose-software\/"]}]},{"@type":"BreadcrumbList","@id":"https:\/\/solidedge.siemens.com\/de\/free-software\/kostenlose-software\/#breadcrumb","itemListElement":[{"@type":"ListItem","position":1,"name":"Home","item":"https:\/\/solidedge.siemens.com\/ja\/"},{"@type":"ListItem","position":2,"name":"Kostenlose Software","item":"https:\/\/solidedge.siemens.com\/de\/free-software\/"},{"@type":"ListItem","position":3,"name":"Kostenlose Software"}]}]}},"_links":{"self":[{"href":"https:\/\/solidedge.siemens.com\/ja\/wp-json\/wp\/v2\/pages\/2119"}],"collection":[{"href":"https:\/\/solidedge.siemens.com\/ja\/wp-json\/wp\/v2\/pages"}],"about":[{"href":"https:\/\/solidedge.siemens.com\/ja\/wp-json\/wp\/v2\/types\/page"}],"author":[{"embeddable":true,"href":"https:\/\/solidedge.siemens.com\/ja\/wp-json\/wp\/v2\/users\/5"}],"replies":[{"embeddable":true,"href":"https:\/\/solidedge.siemens.com\/ja\/wp-json\/wp\/v2\/comments?post=2119"}],"version-history":[{"count":4,"href":"https:\/\/solidedge.siemens.com\/ja\/wp-json\/wp\/v2\/pages\/2119\/revisions"}],"predecessor-version":[{"id":33685,"href":"https:\/\/solidedge.siemens.com\/ja\/wp-json\/wp\/v2\/pages\/2119\/revisions\/33685"}],"up":[{"embeddable":true,"href":"https:\/\/solidedge.siemens.com\/ja\/wp-json\/wp\/v2\/pages\/2818"}],"wp:attachment":[{"href":"https:\/\/solidedge.siemens.com\/ja\/wp-json\/wp\/v2\/media?parent=2119"}],"curies":[{"name":"wp","href":"https:\/\/api.w.org\/{rel}","templated":true}]}}