{"id":2431,"date":"2019-04-01T12:19:03","date_gmt":"2019-04-01T16:19:03","guid":{"rendered":"https:\/\/solidedge.siemens.com\/cloud\/"},"modified":"2022-11-04T12:24:08","modified_gmt":"2022-11-04T16:24:08","slug":"cloud-ready-design","status":"publish","type":"page","link":"https:\/\/solidedge.siemens.com\/it\/solutions\/initiatives\/cloud-ready-design\/","title":{"rendered":"Cloud"},"content":{"rendered":"<p>[vc_row full_width=&#8221;stretch_row&#8221; full_height=&#8221;yes&#8221; content_placement=&#8221;middle&#8221; css=&#8221;.vc_custom_1525018965155{background: #a6a6a6 url(https:\/\/solidedge.siemens.com\/wp-content\/uploads\/2018\/04\/Cloud.jpg?id=907) !important;background-position: center !important;background-repeat: no-repeat !important;background-size: cover !important;}&#8221; el_class=&#8221;vc-row-hero-banner&#8221;][vc_column][vc_column_text el_class=&#8221;.vc-el-callout&#8221;]<\/p>\n<h1>Solid Edge \u00e8 una soluzione per la progettazione in cloud adattabile alle esigenze delle aziende<\/h1>\n<p>Solid Edge offre le funzionalit\u00e0 cloud necessarie per garantire un accesso agevole a un CAD 3D professionale da diversi dispositivi, configurare all&#8217;istante l&#8217;ambiente CAD in base alle proprie preferenze personali e condividere velocemente i dati fra tutte le risorse di progettazione, oltre che con clienti e fornitori. Grazie alla compatibilit\u00e0 con l&#8217;ambiente cloud, Solid Edge richiede un supporto minimo da parte dell&#8217;IT. Libera i dipendenti dalle attivit\u00e0 quotidiane per la manutenzione dei sistemi, in modo che possano occuparsi di migliorare la produttivit\u00e0.<\/p>\n<p><a class=\"action-button\" href=\"\/it\/try-now\/\"><i class=\"icon-ext\"><\/i>Inizia la prova gratuita<\/a>[\/vc_column_text][\/vc_column][\/vc_row][vc_row el_class=&#8221;vc-row-accordion&#8221;][vc_column][vc_column_text el_class=&#8221;vc-el-lead-in&#8221;]Funzionalit\u00e0<\/p>\n<h2>Accesso da qualsiasi dispositivo<\/h2>\n<p>Solid Edge abilitato per il cloud pu\u00f2 essere installato ed eseguito sul dispositivo locale dell&#8217;utente, con prestazioni coerenti e affidabilit\u00e0 elevata. I file sono inoltre memorizzati nella cache locale, per garantire affidabilit\u00e0 e prestazioni elevate. Gli utenti di Solid Edge possono continuare a lavorare senza interruzioni, anche se viene interrotta la connessione a Internet. Questa caratteristica \u00e8 molto utile per gli utenti CAD che si spostano di frequente, che lavorano presso il cliente o che non dispongono di una connessione a Internet affidabile al 100%. [\/vc_column_text][vc_tta_accordion style=&#8221;flat&#8221; shape=&#8221;square&#8221; active_section=&#8221;0&#8243; no_fill=&#8221;true&#8221; collapsible_all=&#8221;true&#8221; el_class=&#8221;vc-el-accordion&#8221;][vc_tta_section title=&#8221;Accesso a CAD da qualsiasi dispositivo&#8221; tab_id=&#8221;ui_easy_access_to_cad_from_any_device&#8221;][vc_row_inner][vc_column_inner width=&#8221;7\/12&#8243;][vc_column_text]<\/p>\n<h2>Accesso a CAD da qualsiasi dispositivo<\/h2>\n<p>Solid Edge ti accompagna ovunque tu vada. La licenza CAD pu\u00f2 essere conservata sul cloud, cos\u00ec basta una semplice procedura di accesso per eseguire Solid Edge ovunque ti trovi. Attraverso il portale di Solid Edge puoi visualizzare file CAD online da qualsiasi dispositivo. Grazie all&#8217;accesso basato su browser puoi usare il telefono, il tablet, Chromebook, Mac, PC e molto altro per la visualizzazione dei file CAD. Questo semplifica il passaggio da un dispositivo all&#8217;altro, ad esempio quando si lavora presso la sede del cliente o dall&#8217;home office.[\/vc_column_text][\/vc_column_inner][vc_column_inner width=&#8221;5\/12&#8243;][vc_single_image image=&#8221;908&#8243; img_size=&#8221;accordion-image&#8221; alignment=&#8221;center&#8221;][\/vc_column_inner][\/vc_row_inner][\/vc_tta_section][vc_tta_section title=&#8221;Un ambiente CAD personalizzato, a portata di clic&#8221; tab_id=&#8221;ui_Personalized_CAD_Environment_At_Your_Fingertips&#8221;][vc_row_inner][vc_column_inner width=&#8221;7\/12&#8243;][vc_column_text]<\/p>\n<h2>Un ambiente CAD personalizzato, a portata di clic<\/h2>\n<p>Quando si passa da un dispositivo all&#8217;altro, ad esempio da una workstation in ufficio a un tablet durante un sopralluogo presso la sede del cliente, \u00e8 possibile riprodurre con pochi clic l&#8217;ambiente Solid Edge personalizzato, completo di tutte le opzioni di menu, i colori, le unit\u00e0 di misura e gli standard di disegno, e condurre attivit\u00e0 di progettazione nel cloud.[\/vc_column_text][\/vc_column_inner][vc_column_inner width=&#8221;5\/12&#8243;][vc_single_image image=&#8221;909&#8243; img_size=&#8221;accordion-image&#8221;][\/vc_column_inner][\/vc_row_inner][\/vc_tta_section][vc_tta_section title=&#8221;Aggiornamenti software disponibili on-demand&#8221; tab_id=&#8221;ui_Software_Updates_Available_On_Demand&#8221;][vc_row_inner][vc_column_inner width=&#8221;7\/12&#8243;][vc_column_text]<\/p>\n<h2>Aggiornamenti software disponibili on-demand<\/h2>\n<p>Dai agli utenti la possibilit\u00e0 di accedere al maintenance pack pi\u00f9 aggiornato di Solid Edge e di installarlo quando lo desiderano, anzich\u00e9 cercare, scaricare e distribuire aggiornamenti software.[\/vc_column_text][\/vc_column_inner][vc_column_inner width=&#8221;5\/12&#8243;][vc_single_image image=&#8221;910&#8243; img_size=&#8221;accordion-image&#8221;][\/vc_column_inner][\/vc_row_inner][\/vc_tta_section][vc_tta_section title=&#8221;Archiviazione e condivisione semplificata dei file CAD&#8221; tab_id=&#8221;ui_Easily_Vault_and_Share_Your_CAD_Files&#8221;][vc_row_inner][vc_column_inner width=&#8221;7\/12&#8243;][vc_column_text]<\/p>\n<h2>Archiviazione e condivisione semplificata dei file CAD<\/h2>\n<p>Gli utenti di Solid Edge possono ricorrere ai pi\u00f9 comuni software di condivisione nel cloud, come Dropbox, Microsoft One Drive, Google Drive o Box, per sottoporre a backup i file CAD, condividerli o collaborare. Un archivio completo di file CAD pu\u00f2 essere replicato in due o pi\u00f9 siti, per consentire un accesso rapido ai dati necessari. Un meccanismo di blocco impedisce agli utenti di sovrascrivere per errore le modifiche apportate da un altro utente. [\/vc_column_text][\/vc_column_inner][vc_column_inner width=&#8221;5\/12&#8243;][vc_single_image image=&#8221;911&#8243; img_size=&#8221;accordion-image&#8221;][\/vc_column_inner][\/vc_row_inner][\/vc_tta_section][vc_tta_section title=&#8221;Collaborazione ottimizzata grazie al portale di Solid Edge&#8221; tab_id=&#8221;ui_Collaborate_Better_with_the_Solid_Edge_Portal&#8221;][vc_row_inner][vc_column_inner width=&#8221;7\/12&#8243;][vc_column_text]<\/p>\n<h2>Collaborazione ottimizzata grazie al portale di Solid Edge<\/h2>\n<p>Stai cercando un metodo semplice per collaborare meglio ai progetti con altri progettisti, reparti, clienti e fornitori esterni? Carica i file CAD nel cloud attraverso il portale di Solid Edge e organizzali in progetti. Potrai quindi visualizzare modelli CAD 3D e condividere i modelli scelti con altri utenti. Il portale di Solid Edge \u00e8 semplice da usare e ti permette di accedere ai file ovunque e quando lo desideri, utilizzando i pi\u00f9 diffusi browser web.[\/vc_column_text][\/vc_column_inner][vc_column_inner width=&#8221;5\/12&#8243;][vc_single_image image=&#8221;912&#8243; img_size=&#8221;accordion-image&#8221;][\/vc_column_inner][\/vc_row_inner][\/vc_tta_section][\/vc_tta_accordion][\/vc_column][\/vc_row][vc_row full_width=&#8221;stretch_row&#8221; el_class=&#8221;vc-row-free-software&#8221; css=&#8221;.vc_custom_1523912493378{background-color: #006486 !important;}&#8221;][vc_column][vc_column_text el_class=&#8221;vc-el-lead-in&#8221;]Software GRATUITO<\/p>\n<h2>Software gratuito abilitato per il cloud per la progettazione e la collaborazione<\/h2>\n<p>[\/vc_column_text][vc_row_inner equal_height=&#8221;yes&#8221;][vc_column_inner width=&#8221;1\/2&#8243; offset=&#8221;vc_col-md-5&#8243;]<div class=\"wpb_content_block wpb_content_element\"><div class=\"wpb_wrapper\"><div class=\"content_block\" id=\"custom_post_widget-913\"><p>[vc_row][vc_column][vc_column_text]<\/p>\n<h3>Usa il portale gratuito di Solid Edge<\/h3>\n<p>Crea un account gratuito per gestire progetti CAD, visualizzarli e collaborare online.[\/vc_column_text][vc_column_text]<a class=\"action-button\" href=\"https:\/\/share.sws.siemens.com\/\"><i class=\"icon-ext\"><\/i>Inizia<\/a>[\/vc_column_text][\/vc_column][\/vc_row]<\/p>\n<\/div><\/div><\/div>[\/vc_column_inner][vc_column_inner width=&#8221;1\/2&#8243; offset=&#8221;vc_col-md-offset-2 vc_col-md-5&#8243;]<div class=\"wpb_content_block wpb_content_element\"><div class=\"wpb_wrapper\"><div class=\"content_block\" id=\"custom_post_widget-418\"><p>[vc_row][vc_column][vc_column_text]<\/p>\n<h3>Prova Solid Edge gratis<\/h3>\n<p>Scarica subito una versione di prova gratuita e scopri con i tuoi occhi Solid Edge.[\/vc_column_text][vc_column_text]<a class=\"action-button\" href=\"\/it\/try-now\/\"><i class=\"icon-ext\"><\/i>Inizia subito<\/a>[\/vc_column_text][\/vc_column][\/vc_row]<\/p>\n<\/div><\/div><\/div>[\/vc_column_inner][\/vc_row_inner][\/vc_column][\/vc_row][vc_row full_width=&#8221;stretch_row&#8221; el_class=&#8221;vc-row-related-content&#8221; css=&#8221;.vc_custom_1524184785822{background-color: #347eb5 !important;}&#8221;][vc_column][vc_column_text]<\/p>\n<h2>Contenuti correlati<\/h2>\n<p>[\/vc_column_text]<div id=\"ult-carousel-86990970169f4af87952dd\" class=\"ult-carousel-wrapper  vc-el-carousel-related-content ult_horizontal\" data-gutter=\"0\" data-rtl=\"false\" ><div class=\"ult-carousel-137079444569f4af87952b9 \" >[vc_column_text]<a href=\"https:\/\/www.plm.automation.siemens.com\/store\/en-us\/solid-edge\/\">Acquista Solid Edge nel negozio Siemens Digital Industries Software <\/a>[\/vc_column_text][vc_column_text]<a href=\"https:\/\/solidedgeportal.sws.siemens.com\/home\/\">Visita il portale di Solid Edge<\/a>[\/vc_column_text][vc_column_text]<a href=\"https:\/\/community.plm.automation.siemens.com\/t5\/Solid-Edge-Knowledge-Base\/Cloud-Enabled-CAD-How-to-switch-your-Solid-Edge-license\/ta-p\/426336\">Passa alla licenza di Solid Edge abilitata per il cloud<\/a>[\/vc_column_text][vc_column_text]<a href=\"https:\/\/www.engineering.com\/PLMERP\/ArticleID\/12187\/PLM-This-Week-Solid-Edge-Introduces-Cloud-and-Data-Management-Autodesk-Revenues-Fall.aspx\">Copertura mediatica:<br \/>\n<\/a><a href=\"https:\/\/www.engineering.com\/PLMERP\/ArticleID\/12187\/PLM-This-Week-Solid-Edge-Introduces-Cloud-and-Data-Management-Autodesk-Revenues-Fall.aspx\">Solid Edge introduce il cloud <\/a>[\/vc_column_text]<\/div><\/div>\t\t\t<script type=\"text\/javascript\">\r\n\t\t\t\tjQuery(document).ready(function ($) {\r\n\t\t\t\t\tif( typeof jQuery('.ult-carousel-137079444569f4af87952b9').slick == \"function\"){\r\n\t\t\t\t\t\t$('.ult-carousel-137079444569f4af87952b9').slick({dots: true,autoplaySpeed: 5000,speed: 500,infinite: false,arrows: true,nextArrow: '<button type=\"button\" role=\"button\" aria-label=\"Next\" style=\"color:#ffffff; font-size:30px;background:rgba(255,255,255,0.2);\" class=\"slick-next square-bg\"><i class=\"ultsl-arrow-right6\"><\/i><\/button>',prevArrow: '<button type=\"button\" role=\"button\" aria-label=\"Previous\" style=\"color:#ffffff; font-size:30px;background:rgba(255,255,255,0.2);\" class=\"slick-prev square-bg\"><i class=\"ultsl-arrow-left6\"><\/i><\/button>',slidesToScroll:4,slidesToShow:4,swipe: true,draggable: true,touchMove: true,pauseOnHover: true,pauseOnFocus: false,responsive: [\r\n\t\t\t\t\t\t\t{\r\n\t\t\t\t\t\t\t  breakpoint: 1026,\r\n\t\t\t\t\t\t\t  settings: {\r\n\t\t\t\t\t\t\t\tslidesToShow: 4,\r\n\t\t\t\t\t\t\t\tslidesToScroll: 4,  \r\n\t\t\t\t\t\t\t  }\r\n\t\t\t\t\t\t\t},\r\n\t\t\t\t\t\t\t{\r\n\t\t\t\t\t\t\t  breakpoint: 1025,\r\n\t\t\t\t\t\t\t  settings: {\r\n\t\t\t\t\t\t\t\tslidesToShow: 2,\r\n\t\t\t\t\t\t\t\tslidesToScroll: 2\r\n\t\t\t\t\t\t\t  }\r\n\t\t\t\t\t\t\t},\r\n\t\t\t\t\t\t\t{\r\n\t\t\t\t\t\t\t  breakpoint: 760,\r\n\t\t\t\t\t\t\t  settings: {\r\n\t\t\t\t\t\t\t\tslidesToShow: 1,\r\n\t\t\t\t\t\t\t\tslidesToScroll: 1\r\n\t\t\t\t\t\t\t  }\r\n\t\t\t\t\t\t\t}\r\n\t\t\t\t\t\t],pauseOnDotsHover: true,customPaging: function(slider, i) {\r\n                   return '<i type=\"button\" style= \"color:#ffffff;\" class=\"ultsl-record\" data-role=\"none\"><\/i>';\r\n                },});\r\n\t\t\t\t\t}\r\n\t\t\t\t});\r\n\t\t\t<\/script>\r\n\t\t\t[\/vc_column][\/vc_row][vc_row full_width=&#8221;stretch_row&#8221; el_class=&#8221;footer-contact&#8221; css=&#8221;.vc_custom_1550170708528{background-color: #dedee3 !important;}&#8221;][vc_column]<div class=\"wpb_content_block wpb_content_element\"><div class=\"wpb_wrapper\"><\/div><\/div>[\/vc_column][\/vc_row]<\/p>\n","protected":false},"excerpt":{"rendered":"<p> Solid Edge \u00e8 una soluzione per la progettazione in cloud adattabile alle esigenze delle aziende Solid Edge offre le funzionalit\u00e0 cloud necessarie per garantire un accesso agevole a un CAD 3D professionale da diversi dispositivi, configurare all&#8217;istante l&#8217;ambiente CAD [&hellip;]<\/p>\n","protected":false},"author":5,"featured_media":0,"parent":2753,"menu_order":100,"comment_status":"closed","ping_status":"closed","template":"","meta":{"inline_featured_image":false},"yoast_head":"<!-- This site is optimized with the Yoast SEO plugin v18.4.1 - https:\/\/yoast.com\/wordpress\/plugins\/seo\/ -->\n<title>Cloud | CAD, collaborazione e condivisione | Solid Edge<\/title>\n<meta name=\"description\" content=\"Solid Edge consente di eseguire attivit\u00e0 CAD nel cloud: puoi accedere da dispositivi diversi, configurare subito le impostazioni e condividere velocemente i dati.\" \/>\n<meta name=\"robots\" content=\"index, follow, max-snippet:-1, max-image-preview:large, max-video-preview:-1\" \/>\n<link rel=\"canonical\" href=\"https:\/\/solidedge.siemens.com\/it\/solutions\/initiatives\/cloud-ready-design\/\" \/>\n<meta property=\"og:locale\" content=\"it_IT\" \/>\n<meta property=\"og:type\" content=\"article\" \/>\n<meta property=\"og:title\" content=\"Cloud | CAD, collaborazione e condivisione | Solid Edge\" \/>\n<meta property=\"og:description\" content=\"Solid Edge consente di eseguire attivit\u00e0 CAD nel cloud: puoi accedere da dispositivi diversi, configurare subito le impostazioni e condividere velocemente i dati.\" \/>\n<meta property=\"og:url\" content=\"https:\/\/solidedge.siemens.com\/it\/solutions\/initiatives\/cloud-ready-design\/\" \/>\n<meta property=\"og:site_name\" content=\"Solid Edge\" \/>\n<meta property=\"article:publisher\" content=\"https:\/\/www.facebook.com\/solidedge\" \/>\n<meta property=\"article:modified_time\" content=\"2022-11-04T16:24:08+00:00\" \/>\n<meta name=\"twitter:card\" content=\"summary_large_image\" \/>\n<meta name=\"twitter:site\" content=\"@siemensplm\" \/>\n<meta name=\"twitter:label1\" content=\"Tempo di lettura stimato\" \/>\n\t<meta name=\"twitter:data1\" content=\"6 minuti\" \/>\n<script type=\"application\/ld+json\" class=\"yoast-schema-graph\">{\"@context\":\"https:\/\/schema.org\",\"@graph\":[{\"@type\":\"Organization\",\"@id\":\"https:\/\/solidedge.siemens.com\/en\/#organization\",\"name\":\"Siemens Digital Industries Software\",\"url\":\"https:\/\/solidedge.siemens.com\/en\/\",\"sameAs\":[\"https:\/\/www.facebook.com\/solidedge\",\"https:\/\/www.instagram.com\/siemens\/\",\"https:\/\/www.linkedin.com\/company\/siemens-plm-software\",\"https:\/\/www.youtube.com\/user\/PolarionSoftware\",\"https:\/\/twitter.com\/siemensplm\"],\"logo\":{\"@type\":\"ImageObject\",\"@id\":\"https:\/\/solidedge.siemens.com\/en\/#logo\",\"inLanguage\":\"it-IT\",\"url\":\"https:\/\/solidedge.siemens.com\/wp-content\/uploads\/2018\/04\/logo-siemens-ifl@2x.png\",\"contentUrl\":\"https:\/\/solidedge.siemens.com\/wp-content\/uploads\/2018\/04\/logo-siemens-ifl@2x.png\",\"width\":640,\"height\":270,\"caption\":\"Siemens Digital Industries Software\"},\"image\":{\"@id\":\"https:\/\/solidedge.siemens.com\/en\/#logo\"}},{\"@type\":\"WebSite\",\"@id\":\"https:\/\/solidedge.siemens.com\/en\/#website\",\"url\":\"https:\/\/solidedge.siemens.com\/en\/\",\"name\":\"Solid Edge\",\"description\":\"Siemens Software\",\"publisher\":{\"@id\":\"https:\/\/solidedge.siemens.com\/en\/#organization\"},\"potentialAction\":[{\"@type\":\"SearchAction\",\"target\":{\"@type\":\"EntryPoint\",\"urlTemplate\":\"https:\/\/solidedge.siemens.com\/en\/?s={search_term_string}\"},\"query-input\":\"required name=search_term_string\"}],\"inLanguage\":\"it-IT\"},{\"@type\":\"WebPage\",\"@id\":\"https:\/\/solidedge.siemens.com\/it\/solutions\/initiatives\/cloud-ready-design\/#webpage\",\"url\":\"https:\/\/solidedge.siemens.com\/it\/solutions\/initiatives\/cloud-ready-design\/\",\"name\":\"Cloud | CAD, collaborazione e condivisione | Solid Edge\",\"isPartOf\":{\"@id\":\"https:\/\/solidedge.siemens.com\/en\/#website\"},\"datePublished\":\"2019-04-01T16:19:03+00:00\",\"dateModified\":\"2022-11-04T16:24:08+00:00\",\"description\":\"Solid Edge consente di eseguire attivit\u00e0 CAD nel cloud: puoi accedere da dispositivi diversi, configurare subito le impostazioni e condividere velocemente i dati.\",\"breadcrumb\":{\"@id\":\"https:\/\/solidedge.siemens.com\/it\/solutions\/initiatives\/cloud-ready-design\/#breadcrumb\"},\"inLanguage\":\"it-IT\",\"potentialAction\":[{\"@type\":\"ReadAction\",\"target\":[\"https:\/\/solidedge.siemens.com\/it\/solutions\/initiatives\/cloud-ready-design\/\"]}]},{\"@type\":\"BreadcrumbList\",\"@id\":\"https:\/\/solidedge.siemens.com\/it\/solutions\/initiatives\/cloud-ready-design\/#breadcrumb\",\"itemListElement\":[{\"@type\":\"ListItem\",\"position\":1,\"name\":\"Home\",\"item\":\"https:\/\/solidedge.siemens.com\/en\/home-8\/\"},{\"@type\":\"ListItem\",\"position\":2,\"name\":\"Soluzioni\",\"item\":\"https:\/\/solidedge.siemens.com\/it\/solutions\/\"},{\"@type\":\"ListItem\",\"position\":3,\"name\":\"Iniziative\",\"item\":\"https:\/\/solidedge.siemens.com\/it\/solutions\/initiatives\/\"},{\"@type\":\"ListItem\",\"position\":4,\"name\":\"Cloud\"}]}]}<\/script>\n<!-- \/ Yoast SEO plugin. -->","yoast_head_json":{"title":"Cloud | CAD, collaborazione e condivisione | Solid Edge","description":"Solid Edge consente di eseguire attivit\u00e0 CAD nel cloud: puoi accedere da dispositivi diversi, configurare subito le impostazioni e condividere velocemente i dati.","robots":{"index":"index","follow":"follow","max-snippet":"max-snippet:-1","max-image-preview":"max-image-preview:large","max-video-preview":"max-video-preview:-1"},"canonical":"https:\/\/solidedge.siemens.com\/it\/solutions\/initiatives\/cloud-ready-design\/","og_locale":"it_IT","og_type":"article","og_title":"Cloud | CAD, collaborazione e condivisione | Solid Edge","og_description":"Solid Edge consente di eseguire attivit\u00e0 CAD nel cloud: puoi accedere da dispositivi diversi, configurare subito le impostazioni e condividere velocemente i dati.","og_url":"https:\/\/solidedge.siemens.com\/it\/solutions\/initiatives\/cloud-ready-design\/","og_site_name":"Solid Edge","article_publisher":"https:\/\/www.facebook.com\/solidedge","article_modified_time":"2022-11-04T16:24:08+00:00","twitter_card":"summary_large_image","twitter_site":"@siemensplm","twitter_misc":{"Tempo di lettura stimato":"6 minuti"},"schema":{"@context":"https:\/\/schema.org","@graph":[{"@type":"Organization","@id":"https:\/\/solidedge.siemens.com\/en\/#organization","name":"Siemens Digital Industries Software","url":"https:\/\/solidedge.siemens.com\/en\/","sameAs":["https:\/\/www.facebook.com\/solidedge","https:\/\/www.instagram.com\/siemens\/","https:\/\/www.linkedin.com\/company\/siemens-plm-software","https:\/\/www.youtube.com\/user\/PolarionSoftware","https:\/\/twitter.com\/siemensplm"],"logo":{"@type":"ImageObject","@id":"https:\/\/solidedge.siemens.com\/en\/#logo","inLanguage":"it-IT","url":"https:\/\/solidedge.siemens.com\/wp-content\/uploads\/2018\/04\/logo-siemens-ifl@2x.png","contentUrl":"https:\/\/solidedge.siemens.com\/wp-content\/uploads\/2018\/04\/logo-siemens-ifl@2x.png","width":640,"height":270,"caption":"Siemens Digital Industries Software"},"image":{"@id":"https:\/\/solidedge.siemens.com\/en\/#logo"}},{"@type":"WebSite","@id":"https:\/\/solidedge.siemens.com\/en\/#website","url":"https:\/\/solidedge.siemens.com\/en\/","name":"Solid Edge","description":"Siemens Software","publisher":{"@id":"https:\/\/solidedge.siemens.com\/en\/#organization"},"potentialAction":[{"@type":"SearchAction","target":{"@type":"EntryPoint","urlTemplate":"https:\/\/solidedge.siemens.com\/en\/?s={search_term_string}"},"query-input":"required name=search_term_string"}],"inLanguage":"it-IT"},{"@type":"WebPage","@id":"https:\/\/solidedge.siemens.com\/it\/solutions\/initiatives\/cloud-ready-design\/#webpage","url":"https:\/\/solidedge.siemens.com\/it\/solutions\/initiatives\/cloud-ready-design\/","name":"Cloud | CAD, collaborazione e condivisione | Solid Edge","isPartOf":{"@id":"https:\/\/solidedge.siemens.com\/en\/#website"},"datePublished":"2019-04-01T16:19:03+00:00","dateModified":"2022-11-04T16:24:08+00:00","description":"Solid Edge consente di eseguire attivit\u00e0 CAD nel cloud: puoi accedere da dispositivi diversi, configurare subito le impostazioni e condividere velocemente i dati.","breadcrumb":{"@id":"https:\/\/solidedge.siemens.com\/it\/solutions\/initiatives\/cloud-ready-design\/#breadcrumb"},"inLanguage":"it-IT","potentialAction":[{"@type":"ReadAction","target":["https:\/\/solidedge.siemens.com\/it\/solutions\/initiatives\/cloud-ready-design\/"]}]},{"@type":"BreadcrumbList","@id":"https:\/\/solidedge.siemens.com\/it\/solutions\/initiatives\/cloud-ready-design\/#breadcrumb","itemListElement":[{"@type":"ListItem","position":1,"name":"Home","item":"https:\/\/solidedge.siemens.com\/en\/home-8\/"},{"@type":"ListItem","position":2,"name":"Soluzioni","item":"https:\/\/solidedge.siemens.com\/it\/solutions\/"},{"@type":"ListItem","position":3,"name":"Iniziative","item":"https:\/\/solidedge.siemens.com\/it\/solutions\/initiatives\/"},{"@type":"ListItem","position":4,"name":"Cloud"}]}]}},"_links":{"self":[{"href":"https:\/\/solidedge.siemens.com\/it\/wp-json\/wp\/v2\/pages\/2431"}],"collection":[{"href":"https:\/\/solidedge.siemens.com\/it\/wp-json\/wp\/v2\/pages"}],"about":[{"href":"https:\/\/solidedge.siemens.com\/it\/wp-json\/wp\/v2\/types\/page"}],"author":[{"embeddable":true,"href":"https:\/\/solidedge.siemens.com\/it\/wp-json\/wp\/v2\/users\/5"}],"replies":[{"embeddable":true,"href":"https:\/\/solidedge.siemens.com\/it\/wp-json\/wp\/v2\/comments?post=2431"}],"version-history":[{"count":1,"href":"https:\/\/solidedge.siemens.com\/it\/wp-json\/wp\/v2\/pages\/2431\/revisions"}],"predecessor-version":[{"id":64942,"href":"https:\/\/solidedge.siemens.com\/it\/wp-json\/wp\/v2\/pages\/2431\/revisions\/64942"}],"up":[{"embeddable":true,"href":"https:\/\/solidedge.siemens.com\/it\/wp-json\/wp\/v2\/pages\/2753"}],"wp:attachment":[{"href":"https:\/\/solidedge.siemens.com\/it\/wp-json\/wp\/v2\/media?parent=2431"}],"curies":[{"name":"wp","href":"https:\/\/api.w.org\/{rel}","templated":true}]}}