{"id":2222,"date":"2019-04-01T12:20:13","date_gmt":"2019-04-01T16:20:13","guid":{"rendered":"https:\/\/solidedge.siemens.com\/subscription-benefits\/"},"modified":"2022-12-02T15:23:30","modified_gmt":"2022-12-02T20:23:30","slug":"subscription-benefits","status":"publish","type":"page","link":"https:\/\/solidedge.siemens.com\/it\/how-to-buy\/subscription-benefits\/","title":{"rendered":"Vantaggi per gli abbonati"},"content":{"rendered":"<p>[vc_row el_class=&#8221;vc-row-page-image-intro&#8221;][vc_column][vc_column_text]<\/p>\n<h1>Vantaggi per gli abbonati<\/h1>\n<p>[\/vc_column_text][vc_row_inner][vc_column_inner][vc_column_text]<strong>Tecnologia CAD 3D su misura per la tua azienda <\/strong><\/p>\n<p>Stai cercando un software CAD 3D professionale a un prezzo adatto al tuo budget? Scopri come conciliare entrambe le esigenze con un abbonamento mensile o annuale a Solid Edge.[\/vc_column_text][vc_column_text]<\/p>\n<p style=\"text-align: right;\"><a class=\"action-button\" href=\"https:\/\/www.dex.siemens.com\/plm\/solid-edge\/\"><i class=\"icon-ext\"><\/i>Abbonati subito<\/a><\/p>\n<p>[\/vc_column_text][\/vc_column_inner][\/vc_row_inner][\/vc_column][\/vc_row][vc_row full_width=&#8221;stretch_row&#8221; el_class=&#8221;vc-row-shoutbox&#8221; css=&#8221;.vc_custom_1525635546433{background-color: #006486 !important;}&#8221;][vc_column width=&#8221;1\/3&#8243;][vc_single_image image=&#8221;1131&#8243; img_size=&#8221;full&#8221; alignment=&#8221;center&#8221;][\/vc_column][vc_column width=&#8221;2\/3&#8243;][vc_column_text el_class=&#8221;vc-el-lead-in&#8221;]Offerta<\/p>\n<h2>Diventa subito operativo con la versione di prova gratuita<\/h2>\n<p>Vuoi sapere cosa offre Solid Edge? Scoprilo con la versione di prova gratuita. Download immediato.<\/p>\n<p><a class=\"action-button\" href=\"\/en\/try-now\/\"><i class=\"icon-ext\"><\/i>Scarica ora<\/a>[\/vc_column_text][\/vc_column][\/vc_row][vc_row full_width=&#8221;stretch_row&#8221; el_class=&#8221;vc-row-video-highlight&#8221;][vc_column][vc_column_text el_class=&#8221;vc-el-lead-in&#8221;]Video<\/p>\n<h2>Maggiori informazioni sugli abbonamenti mensili a Solid Edge<\/h2>\n<p>[\/vc_column_text]\n\n\n  <div id=\"wpv-view-layout-567-CATTRfc2d9de064799a98e5d3328e367dbae6\" class=\"js-wpv-view-layout js-wpv-layout-responsive js-wpv-view-layout-567-CATTRfc2d9de064799a98e5d3328e367dbae6\" data-viewnumber=\"567-CATTRfc2d9de064799a98e5d3328e367dbae6\" data-pagination=\"{&quot;id&quot;:567,&quot;query&quot;:&quot;normal&quot;,&quot;type&quot;:&quot;disabled&quot;,&quot;effect&quot;:&quot;fade&quot;,&quot;duration&quot;:500,&quot;speed&quot;:5,&quot;pause_on_hover&quot;:&quot;disabled&quot;,&quot;stop_rollover&quot;:&quot;false&quot;,&quot;cache_pages&quot;:&quot;enabled&quot;,&quot;preload_images&quot;:&quot;enabled&quot;,&quot;preload_pages&quot;:&quot;enabled&quot;,&quot;preload_reach&quot;:1,&quot;spinner&quot;:&quot;builtin&quot;,&quot;spinner_image&quot;:&quot;https:\/\/solidedge.siemens.com\/wp-content\/plugins\/wp-views\/embedded\/res\/img\/ajax-loader.gif&quot;,&quot;callback_next&quot;:&quot;&quot;,&quot;manage_history&quot;:&quot;disabled&quot;,&quot;has_controls_in_form&quot;:&quot;disabled&quot;,&quot;infinite_tolerance&quot;:&quot;0&quot;,&quot;max_pages&quot;:0,&quot;page&quot;:1,&quot;base_permalink&quot;:&quot;\/it\/wp-json\/wp\/v2\/pages\/2222?wpv_view_count=567-CATTRfc2d9de064799a98e5d3328e367dbae6&amp;wpv_paged=WPV_PAGE_NUM&quot;,&quot;loop&quot;:{&quot;type&quot;:&quot;&quot;,&quot;name&quot;:&quot;&quot;,&quot;data&quot;:[],&quot;id&quot;:0}}\" data-permalink=\"\/it\/wp-json\/wp\/v2\/pages\/2222?wpv_view_count=567-CATTRfc2d9de064799a98e5d3328e367dbae6\">\n\n  \n  <div class=\"wpv-resources\"><a name=\"video\" class=\"video-anchor\"><\/a>\n    <div id=\"ult-carousel-19669264169d09e7a5af8b\" class=\"ult-carousel-wrapper  vc-el-carousel-videos-embedded ult_horizontal\" data-gutter=\"0\" data-rtl=\"false\" ><div class=\"ult-carousel-177817195469d09e7a5af67 \" >\n    \n    \n       <div><!-- slide container -->\n        <div class=\"wpv-resources-item\" data-mh=\".wpv-resources-item\">\n          <div class=\"resources-item-poster\">\n              \n              \n          <\/div>\n        <\/div>\n      <\/div>\n    \n    \n    <\/div><\/div>\t\t\t<script type=\"text\/javascript\">\r\n\t\t\t\tjQuery(document).ready(function ($) {\r\n\t\t\t\t\tif( typeof jQuery('.ult-carousel-177817195469d09e7a5af67').slick == \"function\"){\r\n\t\t\t\t\t\t$('.ult-carousel-177817195469d09e7a5af67').slick({dots: true,autoplaySpeed: 5000,speed: 500,infinite: false,arrows: true,nextArrow: '<button type=\"button\" role=\"button\" aria-label=\"Next\" style=\"color:#ffffff; font-size:30px;background:rgba(47,56,60,0.5);\" class=\"slick-next square-bg\"><i class=\"ultsl-arrow-right6\"><\/i><\/button>',prevArrow: '<button type=\"button\" role=\"button\" aria-label=\"Previous\" style=\"color:#ffffff; font-size:30px;background:rgba(47,56,60,0.5);\" class=\"slick-prev square-bg\"><i class=\"ultsl-arrow-left6\"><\/i><\/button>',slidesToScroll:1,slidesToShow:1,swipe: true,draggable: true,touchMove: true,pauseOnHover: true,pauseOnFocus: false,responsive: [\r\n\t\t\t\t\t\t\t{\r\n\t\t\t\t\t\t\t  breakpoint: 1026,\r\n\t\t\t\t\t\t\t  settings: {\r\n\t\t\t\t\t\t\t\tslidesToShow: 1,\r\n\t\t\t\t\t\t\t\tslidesToScroll: 1,  \r\n\t\t\t\t\t\t\t  }\r\n\t\t\t\t\t\t\t},\r\n\t\t\t\t\t\t\t{\r\n\t\t\t\t\t\t\t  breakpoint: 1025,\r\n\t\t\t\t\t\t\t  settings: {\r\n\t\t\t\t\t\t\t\tslidesToShow: 1,\r\n\t\t\t\t\t\t\t\tslidesToScroll: 1\r\n\t\t\t\t\t\t\t  }\r\n\t\t\t\t\t\t\t},\r\n\t\t\t\t\t\t\t{\r\n\t\t\t\t\t\t\t  breakpoint: 760,\r\n\t\t\t\t\t\t\t  settings: {\r\n\t\t\t\t\t\t\t\tslidesToShow: 1,\r\n\t\t\t\t\t\t\t\tslidesToScroll: 1\r\n\t\t\t\t\t\t\t  }\r\n\t\t\t\t\t\t\t}\r\n\t\t\t\t\t\t],pauseOnDotsHover: true,customPaging: function(slider, i) {\r\n                   return '<i type=\"button\" style= \"color:#788891;\" class=\"ultsl-record\" data-role=\"none\"><\/i>';\r\n                },});\r\n\t\t\t\t\t}\r\n\t\t\t\t});\r\n\t\t\t<\/script>\r\n\t\t\t\n  <\/div>\n  \n  \n  <\/div>\n[\/vc_column][\/vc_row][vc_row full_width=&#8221;stretch_row&#8221; el_class=&#8221;vc-row-testimonial-quote&#8221; css=&#8221;.vc_custom_1525135482098{background-color: #13374e !important;}&#8221;][vc_column offset=&#8221;vc_col-lg-offset-1 vc_col-lg-10&#8243;][vc_column_text el_class=&#8221;vc-el-testimonial-quote&#8221;]L\u2019outsourcing delle attivit\u00e0 di progettazione dipende in larga misura dalla situazione del cliente. Con un abbonamento mensile, se il lavoro in outsourcing aumenta, \u00e8 possibile aumentare di conseguenza il numero delle licenze mensili o viceversa. La flessibilit\u00e0 \u00e8 un punto di forza del nostro lavoro.<\/p>\n<p style=\"text-align: right;\"><cite>Kazumasa Hirayama, Section Chief Headquarters Technology Department First Design Section, Sankyo Research and Development<\/cite><\/p>\n<p>[\/vc_column_text][\/vc_column][\/vc_row][vc_row full_width=&#8221;stretch_row&#8221; el_class=&#8221;vc-row-customer-stories&#8221;][vc_column][vc_column_text el_class=&#8221;vc-el-lead-in&#8221;]Testimonianze dei clienti<\/p>\n<h2>In che modo le aziende possono trarre vantaggio dall&#8217;abbonamento<\/h2>\n<p>[\/vc_column_text]\n\n\n<div id=\"wpv-view-layout-570-CATTR2ce5e8e5ab9c5633de1fe4b4be4218ea\" class=\"js-wpv-view-layout js-wpv-layout-responsive js-wpv-view-layout-570-CATTR2ce5e8e5ab9c5633de1fe4b4be4218ea\" data-viewnumber=\"570-CATTR2ce5e8e5ab9c5633de1fe4b4be4218ea\" data-pagination=\"{&quot;id&quot;:570,&quot;query&quot;:&quot;normal&quot;,&quot;type&quot;:&quot;disabled&quot;,&quot;effect&quot;:&quot;fade&quot;,&quot;duration&quot;:500,&quot;speed&quot;:5,&quot;pause_on_hover&quot;:&quot;disabled&quot;,&quot;stop_rollover&quot;:&quot;false&quot;,&quot;cache_pages&quot;:&quot;enabled&quot;,&quot;preload_images&quot;:&quot;enabled&quot;,&quot;preload_pages&quot;:&quot;enabled&quot;,&quot;preload_reach&quot;:1,&quot;spinner&quot;:&quot;builtin&quot;,&quot;spinner_image&quot;:&quot;https:\/\/solidedge.siemens.com\/wp-content\/plugins\/wp-views\/embedded\/res\/img\/ajax-loader.gif&quot;,&quot;callback_next&quot;:&quot;&quot;,&quot;manage_history&quot;:&quot;disabled&quot;,&quot;has_controls_in_form&quot;:&quot;disabled&quot;,&quot;infinite_tolerance&quot;:&quot;0&quot;,&quot;max_pages&quot;:0,&quot;page&quot;:1,&quot;base_permalink&quot;:&quot;\/it\/wp-json\/wp\/v2\/pages\/2222?wpv_view_count=570-CATTR2ce5e8e5ab9c5633de1fe4b4be4218ea&amp;wpv_paged=WPV_PAGE_NUM&quot;,&quot;loop&quot;:{&quot;type&quot;:&quot;&quot;,&quot;name&quot;:&quot;&quot;,&quot;data&quot;:[],&quot;id&quot;:0}}\" data-permalink=\"\/it\/wp-json\/wp\/v2\/pages\/2222?wpv_view_count=570-CATTR2ce5e8e5ab9c5633de1fe4b4be4218ea\">\n\n\t\n    <div class=\"wpv-resources\">\n      <p class=\"see-more\"><a href=\"https:\/\/www.plm.automation.siemens.com\/global\/en\/our-story\/customers\/#\/?productKeywords=solidEdge\">See More Stories<\/a><\/p>\n      <div id=\"ult-carousel-169427649669d09e7a637c9\" class=\"ult-carousel-wrapper  vc-el-carousel-customer-stories ult_horizontal\" data-gutter=\"0\" data-rtl=\"false\" ><div class=\"ult-carousel-96986600369d09e7a637a9 \" >\n      \n      \n        <div><!-- slide container -->\n          <div class=\"wpv-resources-item\" data-mh=\".wpv-resources-item\">\n            <div class=\"resources-item-poster\"><a href=\"https:\/\/solidedge.siemens.com\/it\/customer-story\/hutton-technologies\/\" title=\"Read the Customer Story\"><img src=\"https:\/\/solidedge.siemens.com\/wp-content\/uploads\/2018\/05\/c-hutton.jpg\" alt=\"Hutton\" class=\"attachment-resources-poster size-resources-poster wp-post-image\" \/><\/a>\n            <\/div>\n            <div class=\"resources-item-content\">\n              <p class=\"resources-item-meta\">Hutton Technologies | UK<\/p>\n              <p class=\"resources-item-title\">Optimized Design for Manufacturing &#038; Sustainability<\/p>\n              <p class=\"resources-item-read-more\"><a href=\"https:\/\/solidedge.siemens.com\/it\/customer-story\/hutton-technologies\/\" title=\"Read the Customer Story\"><i class=\"icon-ext\"><\/i>Read the Customer Story<\/a><\/p>\n            <\/div>\n          <\/div>\n        <\/div>\n      \n        <div><!-- slide container -->\n          <div class=\"wpv-resources-item\" data-mh=\".wpv-resources-item\">\n            <div class=\"resources-item-poster\"><a href=\"https:\/\/solidedge.siemens.com\/it\/customer-story\/action-construction\/\" title=\"Read the Customer Story\"><img src=\"https:\/\/solidedge.siemens.com\/wp-content\/uploads\/2018\/05\/c-action-construction.jpg\" alt=\"Action Construction\" class=\"attachment-resources-poster size-resources-poster wp-post-image\" \/><\/a>\n            <\/div>\n            <div class=\"resources-item-content\">\n              <p class=\"resources-item-meta\">Action Construction | India<\/p>\n              <p class=\"resources-item-title\">Maintenance, Enhancement &#038; Support<\/p>\n              <p class=\"resources-item-read-more\"><a href=\"https:\/\/solidedge.siemens.com\/it\/customer-story\/action-construction\/\" title=\"Read the Customer Story\"><i class=\"icon-ext\"><\/i>Read the Customer Story<\/a><\/p>\n            <\/div>\n          <\/div>\n        <\/div>\n      \n        <div><!-- slide container -->\n          <div class=\"wpv-resources-item\" data-mh=\".wpv-resources-item\">\n            <div class=\"resources-item-poster\"><a href=\"https:\/\/solidedge.siemens.com\/it\/customer-story\/sankyo\/\" title=\"Read the Customer Story\"><img src=\"https:\/\/solidedge.siemens.com\/wp-content\/uploads\/2018\/05\/c-sankyo.jpg\" alt=\"Sankyo Research and Development\" class=\"attachment-resources-poster size-resources-poster wp-post-image\" \/><\/a>\n            <\/div>\n            <div class=\"resources-item-content\">\n              <p class=\"resources-item-meta\">Sankyo | Japan<\/p>\n              <p class=\"resources-item-title\">Sankyo<\/p>\n              <p class=\"resources-item-read-more\"><a href=\"https:\/\/solidedge.siemens.com\/it\/customer-story\/sankyo\/\" title=\"Read the Customer Story\"><i class=\"icon-ext\"><\/i>Read the Customer Story<\/a><\/p>\n            <\/div>\n          <\/div>\n        <\/div>\n      \n      \n      <\/div><\/div>\t\t\t<script type=\"text\/javascript\">\r\n\t\t\t\tjQuery(document).ready(function ($) {\r\n\t\t\t\t\tif( typeof jQuery('.ult-carousel-96986600369d09e7a637a9').slick == \"function\"){\r\n\t\t\t\t\t\t$('.ult-carousel-96986600369d09e7a637a9').slick({dots: true,autoplaySpeed: 5000,speed: 500,infinite: false,arrows: true,nextArrow: '<button type=\"button\" role=\"button\" aria-label=\"Next\" style=\"color:#ffffff; font-size:30px;background:rgba(47,56,60,0.5);\" class=\"slick-next square-bg\"><i class=\"ultsl-arrow-right6\"><\/i><\/button>',prevArrow: '<button type=\"button\" role=\"button\" aria-label=\"Previous\" style=\"color:#ffffff; font-size:30px;background:rgba(47,56,60,0.5);\" class=\"slick-prev square-bg\"><i class=\"ultsl-arrow-left6\"><\/i><\/button>',slidesToScroll:3,slidesToShow:3,swipe: true,draggable: true,touchMove: true,pauseOnHover: true,pauseOnFocus: false,responsive: [\r\n\t\t\t\t\t\t\t{\r\n\t\t\t\t\t\t\t  breakpoint: 1026,\r\n\t\t\t\t\t\t\t  settings: {\r\n\t\t\t\t\t\t\t\tslidesToShow: 3,\r\n\t\t\t\t\t\t\t\tslidesToScroll: 3,  \r\n\t\t\t\t\t\t\t  }\r\n\t\t\t\t\t\t\t},\r\n\t\t\t\t\t\t\t{\r\n\t\t\t\t\t\t\t  breakpoint: 1025,\r\n\t\t\t\t\t\t\t  settings: {\r\n\t\t\t\t\t\t\t\tslidesToShow: 2,\r\n\t\t\t\t\t\t\t\tslidesToScroll: 2\r\n\t\t\t\t\t\t\t  }\r\n\t\t\t\t\t\t\t},\r\n\t\t\t\t\t\t\t{\r\n\t\t\t\t\t\t\t  breakpoint: 760,\r\n\t\t\t\t\t\t\t  settings: {\r\n\t\t\t\t\t\t\t\tslidesToShow: 1,\r\n\t\t\t\t\t\t\t\tslidesToScroll: 1\r\n\t\t\t\t\t\t\t  }\r\n\t\t\t\t\t\t\t}\r\n\t\t\t\t\t\t],pauseOnDotsHover: true,customPaging: function(slider, i) {\r\n                   return '<i type=\"button\" style= \"color:#788891;\" class=\"ultsl-record\" data-role=\"none\"><\/i>';\r\n                },});\r\n\t\t\t\t\t}\r\n\t\t\t\t});\r\n\t\t\t<\/script>\r\n\t\t\t\n\t<\/div>\n\t\n\t\n<\/div>\n[\/vc_column][\/vc_row][vc_row full_width=&#8221;stretch_row&#8221; el_class=&#8221;vc-row-related-content&#8221; css=&#8221;.vc_custom_1524184785822{background-color: #347eb5 !important;}&#8221;][vc_column][vc_column_text]<\/p>\n<h2>Contenuti correlati<\/h2>\n<p>[\/vc_column_text]<div id=\"ult-carousel-187083625769d09e7a63c2b\" class=\"ult-carousel-wrapper  vc-el-carousel-related-content ult_horizontal\" data-gutter=\"0\" data-rtl=\"false\" ><div class=\"ult-carousel-197082138969d09e7a63c0e \" >[vc_column_text]<a href=\"https:\/\/www.dex.siemens.com\/plm\/solid-edge\/\">Visita il negozio online di Solid Edge<\/a>[\/vc_column_text][vc_column_text]<a href=\"https:\/\/www.plm.automation.siemens.com\/en_us\/Images\/Schnitger-Corp-CAD-Subscriptions-Strategic-Brief_tcm1023-229104.pdf\">Abbonamenti CAD:<br \/>\nTutto ci\u00f2 che ti serve, quando ti serve<\/a>[\/vc_column_text][vc_column_text]<a href=\"https:\/\/www.engineering.com\/DesignSoftware\/DesignSoftwareArticles\/ArticleID\/14951\/SOLIDWORKS-or-Solid-Edge.aspx \">Engineering.com:<br \/>\nSOLIDWORKS o Solid Edge?<\/a>[\/vc_column_text]<\/div><\/div>\t\t\t<script type=\"text\/javascript\">\r\n\t\t\t\tjQuery(document).ready(function ($) {\r\n\t\t\t\t\tif( typeof jQuery('.ult-carousel-197082138969d09e7a63c0e').slick == \"function\"){\r\n\t\t\t\t\t\t$('.ult-carousel-197082138969d09e7a63c0e').slick({dots: true,autoplaySpeed: 5000,speed: 500,infinite: false,arrows: true,nextArrow: '<button type=\"button\" role=\"button\" aria-label=\"Next\" style=\"color:#ffffff; font-size:30px;background:rgba(255,255,255,0.2);\" class=\"slick-next square-bg\"><i class=\"ultsl-arrow-right6\"><\/i><\/button>',prevArrow: '<button type=\"button\" role=\"button\" aria-label=\"Previous\" style=\"color:#ffffff; font-size:30px;background:rgba(255,255,255,0.2);\" class=\"slick-prev square-bg\"><i class=\"ultsl-arrow-left6\"><\/i><\/button>',slidesToScroll:4,slidesToShow:4,swipe: true,draggable: true,touchMove: true,pauseOnHover: true,pauseOnFocus: false,responsive: [\r\n\t\t\t\t\t\t\t{\r\n\t\t\t\t\t\t\t  breakpoint: 1026,\r\n\t\t\t\t\t\t\t  settings: {\r\n\t\t\t\t\t\t\t\tslidesToShow: 4,\r\n\t\t\t\t\t\t\t\tslidesToScroll: 4,  \r\n\t\t\t\t\t\t\t  }\r\n\t\t\t\t\t\t\t},\r\n\t\t\t\t\t\t\t{\r\n\t\t\t\t\t\t\t  breakpoint: 1025,\r\n\t\t\t\t\t\t\t  settings: {\r\n\t\t\t\t\t\t\t\tslidesToShow: 2,\r\n\t\t\t\t\t\t\t\tslidesToScroll: 2\r\n\t\t\t\t\t\t\t  }\r\n\t\t\t\t\t\t\t},\r\n\t\t\t\t\t\t\t{\r\n\t\t\t\t\t\t\t  breakpoint: 760,\r\n\t\t\t\t\t\t\t  settings: {\r\n\t\t\t\t\t\t\t\tslidesToShow: 1,\r\n\t\t\t\t\t\t\t\tslidesToScroll: 1\r\n\t\t\t\t\t\t\t  }\r\n\t\t\t\t\t\t\t}\r\n\t\t\t\t\t\t],pauseOnDotsHover: true,customPaging: function(slider, i) {\r\n                   return '<i type=\"button\" style= \"color:#ffffff;\" class=\"ultsl-record\" data-role=\"none\"><\/i>';\r\n                },});\r\n\t\t\t\t\t}\r\n\t\t\t\t});\r\n\t\t\t<\/script>\r\n\t\t\t[\/vc_column][\/vc_row][vc_row full_width=&#8221;stretch_row&#8221; el_class=&#8221;footer-contact&#8221; css=&#8221;.vc_custom_1550170708528{background-color: #dedee3 !important;}&#8221;][vc_column]<div class=\"wpb_content_block wpb_content_element\"><div class=\"wpb_wrapper\"><\/div><\/div>[\/vc_column][\/vc_row]<\/p>\n","protected":false},"excerpt":{"rendered":"<p> Vantaggi per gli abbonati [\/vc_column_text]Tecnologia CAD 3D su misura per la tua azienda Stai cercando un software CAD 3D professionale a un prezzo adatto al tuo budget? Scopri come conciliare entrambe le esigenze con un abbonamento mensile o annuale a Solid Edge.[\/vc_column_text] Abbonati subito [\/vc_column_text][\/vc_column_inner][\/vc_row_inner][\/vc_column][\/vc_row]<\/p>\n","protected":false},"author":5,"featured_media":0,"parent":2792,"menu_order":1,"comment_status":"closed","ping_status":"closed","template":"","meta":{"inline_featured_image":false},"yoast_head":"<!-- This site is optimized with the Yoast SEO plugin v18.4.1 - https:\/\/yoast.com\/wordpress\/plugins\/seo\/ -->\n<title>Vantaggi dell&amp;apos;abbonamento di Solid Edge | Mensile e annuale | Software in abbonamento<\/title>\n<meta name=\"description\" content=\"Stai cercando un software CAD 3D professionale a un prezzo adatto al tuo budget? Scopri come conciliare entrambe le esigenze con un abbonamento a Solid Edge.\" \/>\n<meta name=\"robots\" content=\"index, follow, max-snippet:-1, max-image-preview:large, max-video-preview:-1\" \/>\n<link rel=\"canonical\" href=\"https:\/\/solidedge.siemens.com\/it\/how-to-buy\/subscription-benefits\/\" \/>\n<meta property=\"og:locale\" content=\"it_IT\" \/>\n<meta property=\"og:type\" content=\"article\" \/>\n<meta property=\"og:title\" content=\"Vantaggi dell&amp;apos;abbonamento di Solid Edge | Mensile e annuale | Software in abbonamento\" \/>\n<meta property=\"og:description\" content=\"Stai cercando un software CAD 3D professionale a un prezzo adatto al tuo budget? Scopri come conciliare entrambe le esigenze con un abbonamento a Solid Edge.\" \/>\n<meta property=\"og:url\" content=\"https:\/\/solidedge.siemens.com\/it\/how-to-buy\/subscription-benefits\/\" \/>\n<meta property=\"og:site_name\" content=\"Solid Edge\" \/>\n<meta property=\"article:publisher\" content=\"https:\/\/www.facebook.com\/solidedge\" \/>\n<meta property=\"article:modified_time\" content=\"2022-12-02T20:23:30+00:00\" \/>\n<meta name=\"twitter:card\" content=\"summary_large_image\" \/>\n<meta name=\"twitter:site\" content=\"@siemensplm\" \/>\n<meta name=\"twitter:label1\" content=\"Tempo di lettura stimato\" \/>\n\t<meta name=\"twitter:data1\" content=\"2 minuti\" \/>\n<script type=\"application\/ld+json\" class=\"yoast-schema-graph\">{\"@context\":\"https:\/\/schema.org\",\"@graph\":[{\"@type\":\"Organization\",\"@id\":\"https:\/\/solidedge.siemens.com\/en\/#organization\",\"name\":\"Siemens Digital Industries Software\",\"url\":\"https:\/\/solidedge.siemens.com\/en\/\",\"sameAs\":[\"https:\/\/www.facebook.com\/solidedge\",\"https:\/\/www.instagram.com\/siemens\/\",\"https:\/\/www.linkedin.com\/company\/siemens-plm-software\",\"https:\/\/www.youtube.com\/user\/PolarionSoftware\",\"https:\/\/twitter.com\/siemensplm\"],\"logo\":{\"@type\":\"ImageObject\",\"@id\":\"https:\/\/solidedge.siemens.com\/en\/#logo\",\"inLanguage\":\"it-IT\",\"url\":\"https:\/\/solidedge.siemens.com\/wp-content\/uploads\/2018\/04\/logo-siemens-ifl@2x.png\",\"contentUrl\":\"https:\/\/solidedge.siemens.com\/wp-content\/uploads\/2018\/04\/logo-siemens-ifl@2x.png\",\"width\":640,\"height\":270,\"caption\":\"Siemens Digital Industries Software\"},\"image\":{\"@id\":\"https:\/\/solidedge.siemens.com\/en\/#logo\"}},{\"@type\":\"WebSite\",\"@id\":\"https:\/\/solidedge.siemens.com\/en\/#website\",\"url\":\"https:\/\/solidedge.siemens.com\/en\/\",\"name\":\"Solid Edge\",\"description\":\"Siemens Software\",\"publisher\":{\"@id\":\"https:\/\/solidedge.siemens.com\/en\/#organization\"},\"potentialAction\":[{\"@type\":\"SearchAction\",\"target\":{\"@type\":\"EntryPoint\",\"urlTemplate\":\"https:\/\/solidedge.siemens.com\/en\/?s={search_term_string}\"},\"query-input\":\"required name=search_term_string\"}],\"inLanguage\":\"it-IT\"},{\"@type\":\"WebPage\",\"@id\":\"https:\/\/solidedge.siemens.com\/it\/how-to-buy\/subscription-benefits\/#webpage\",\"url\":\"https:\/\/solidedge.siemens.com\/it\/how-to-buy\/subscription-benefits\/\",\"name\":\"Vantaggi dell&apos;abbonamento di Solid Edge | Mensile e annuale | Software in abbonamento\",\"isPartOf\":{\"@id\":\"https:\/\/solidedge.siemens.com\/en\/#website\"},\"datePublished\":\"2019-04-01T16:20:13+00:00\",\"dateModified\":\"2022-12-02T20:23:30+00:00\",\"description\":\"Stai cercando un software CAD 3D professionale a un prezzo adatto al tuo budget? Scopri come conciliare entrambe le esigenze con un abbonamento a Solid Edge.\",\"breadcrumb\":{\"@id\":\"https:\/\/solidedge.siemens.com\/it\/how-to-buy\/subscription-benefits\/#breadcrumb\"},\"inLanguage\":\"it-IT\",\"potentialAction\":[{\"@type\":\"ReadAction\",\"target\":[\"https:\/\/solidedge.siemens.com\/it\/how-to-buy\/subscription-benefits\/\"]}]},{\"@type\":\"BreadcrumbList\",\"@id\":\"https:\/\/solidedge.siemens.com\/it\/how-to-buy\/subscription-benefits\/#breadcrumb\",\"itemListElement\":[{\"@type\":\"ListItem\",\"position\":1,\"name\":\"Home\",\"item\":\"https:\/\/solidedge.siemens.com\/en\/home-8\/\"},{\"@type\":\"ListItem\",\"position\":2,\"name\":\"Modalit&agrave; di acquisto\",\"item\":\"https:\/\/solidedge.siemens.com\/it\/how-to-buy\/\"},{\"@type\":\"ListItem\",\"position\":3,\"name\":\"Vantaggi per gli abbonati\"}]}]}<\/script>\n<!-- \/ Yoast SEO plugin. -->","yoast_head_json":{"title":"Vantaggi dell&apos;abbonamento di Solid Edge | Mensile e annuale | Software in abbonamento","description":"Stai cercando un software CAD 3D professionale a un prezzo adatto al tuo budget? Scopri come conciliare entrambe le esigenze con un abbonamento a Solid Edge.","robots":{"index":"index","follow":"follow","max-snippet":"max-snippet:-1","max-image-preview":"max-image-preview:large","max-video-preview":"max-video-preview:-1"},"canonical":"https:\/\/solidedge.siemens.com\/it\/how-to-buy\/subscription-benefits\/","og_locale":"it_IT","og_type":"article","og_title":"Vantaggi dell&apos;abbonamento di Solid Edge | Mensile e annuale | Software in abbonamento","og_description":"Stai cercando un software CAD 3D professionale a un prezzo adatto al tuo budget? Scopri come conciliare entrambe le esigenze con un abbonamento a Solid Edge.","og_url":"https:\/\/solidedge.siemens.com\/it\/how-to-buy\/subscription-benefits\/","og_site_name":"Solid Edge","article_publisher":"https:\/\/www.facebook.com\/solidedge","article_modified_time":"2022-12-02T20:23:30+00:00","twitter_card":"summary_large_image","twitter_site":"@siemensplm","twitter_misc":{"Tempo di lettura stimato":"2 minuti"},"schema":{"@context":"https:\/\/schema.org","@graph":[{"@type":"Organization","@id":"https:\/\/solidedge.siemens.com\/en\/#organization","name":"Siemens Digital Industries Software","url":"https:\/\/solidedge.siemens.com\/en\/","sameAs":["https:\/\/www.facebook.com\/solidedge","https:\/\/www.instagram.com\/siemens\/","https:\/\/www.linkedin.com\/company\/siemens-plm-software","https:\/\/www.youtube.com\/user\/PolarionSoftware","https:\/\/twitter.com\/siemensplm"],"logo":{"@type":"ImageObject","@id":"https:\/\/solidedge.siemens.com\/en\/#logo","inLanguage":"it-IT","url":"https:\/\/solidedge.siemens.com\/wp-content\/uploads\/2018\/04\/logo-siemens-ifl@2x.png","contentUrl":"https:\/\/solidedge.siemens.com\/wp-content\/uploads\/2018\/04\/logo-siemens-ifl@2x.png","width":640,"height":270,"caption":"Siemens Digital Industries Software"},"image":{"@id":"https:\/\/solidedge.siemens.com\/en\/#logo"}},{"@type":"WebSite","@id":"https:\/\/solidedge.siemens.com\/en\/#website","url":"https:\/\/solidedge.siemens.com\/en\/","name":"Solid Edge","description":"Siemens Software","publisher":{"@id":"https:\/\/solidedge.siemens.com\/en\/#organization"},"potentialAction":[{"@type":"SearchAction","target":{"@type":"EntryPoint","urlTemplate":"https:\/\/solidedge.siemens.com\/en\/?s={search_term_string}"},"query-input":"required name=search_term_string"}],"inLanguage":"it-IT"},{"@type":"WebPage","@id":"https:\/\/solidedge.siemens.com\/it\/how-to-buy\/subscription-benefits\/#webpage","url":"https:\/\/solidedge.siemens.com\/it\/how-to-buy\/subscription-benefits\/","name":"Vantaggi dell&apos;abbonamento di Solid Edge | Mensile e annuale | Software in abbonamento","isPartOf":{"@id":"https:\/\/solidedge.siemens.com\/en\/#website"},"datePublished":"2019-04-01T16:20:13+00:00","dateModified":"2022-12-02T20:23:30+00:00","description":"Stai cercando un software CAD 3D professionale a un prezzo adatto al tuo budget? Scopri come conciliare entrambe le esigenze con un abbonamento a Solid Edge.","breadcrumb":{"@id":"https:\/\/solidedge.siemens.com\/it\/how-to-buy\/subscription-benefits\/#breadcrumb"},"inLanguage":"it-IT","potentialAction":[{"@type":"ReadAction","target":["https:\/\/solidedge.siemens.com\/it\/how-to-buy\/subscription-benefits\/"]}]},{"@type":"BreadcrumbList","@id":"https:\/\/solidedge.siemens.com\/it\/how-to-buy\/subscription-benefits\/#breadcrumb","itemListElement":[{"@type":"ListItem","position":1,"name":"Home","item":"https:\/\/solidedge.siemens.com\/en\/home-8\/"},{"@type":"ListItem","position":2,"name":"Modalit&agrave; di acquisto","item":"https:\/\/solidedge.siemens.com\/it\/how-to-buy\/"},{"@type":"ListItem","position":3,"name":"Vantaggi per gli abbonati"}]}]}},"_links":{"self":[{"href":"https:\/\/solidedge.siemens.com\/it\/wp-json\/wp\/v2\/pages\/2222"}],"collection":[{"href":"https:\/\/solidedge.siemens.com\/it\/wp-json\/wp\/v2\/pages"}],"about":[{"href":"https:\/\/solidedge.siemens.com\/it\/wp-json\/wp\/v2\/types\/page"}],"author":[{"embeddable":true,"href":"https:\/\/solidedge.siemens.com\/it\/wp-json\/wp\/v2\/users\/5"}],"replies":[{"embeddable":true,"href":"https:\/\/solidedge.siemens.com\/it\/wp-json\/wp\/v2\/comments?post=2222"}],"version-history":[{"count":9,"href":"https:\/\/solidedge.siemens.com\/it\/wp-json\/wp\/v2\/pages\/2222\/revisions"}],"predecessor-version":[{"id":65859,"href":"https:\/\/solidedge.siemens.com\/it\/wp-json\/wp\/v2\/pages\/2222\/revisions\/65859"}],"up":[{"embeddable":true,"href":"https:\/\/solidedge.siemens.com\/it\/wp-json\/wp\/v2\/pages\/2792"}],"wp:attachment":[{"href":"https:\/\/solidedge.siemens.com\/it\/wp-json\/wp\/v2\/media?parent=2222"}],"curies":[{"name":"wp","href":"https:\/\/api.w.org\/{rel}","templated":true}]}}