{"id":49963,"date":"2021-12-09T11:29:31","date_gmt":"2021-12-09T16:29:31","guid":{"rendered":"https:\/\/solidedge.siemens.com\/?page_id=49963"},"modified":"2021-12-09T11:29:48","modified_gmt":"2021-12-09T16:29:48","slug":"industrial-design-software","status":"publish","type":"page","link":"https:\/\/solidedge.siemens.com\/fr\/solutions\/products\/3d-design\/industrial-design-software\/","title":{"rendered":"Conception et stylisme industriels"},"content":{"rendered":"<p>[vc_row full_width=\u00a0\u00bbstretch_row\u00a0\u00bb full_height=\u00a0\u00bbyes\u00a0\u00bb content_placement=\u00a0\u00bbmiddle\u00a0\u00bb css=\u00a0\u00bb.vc_custom_1632315140284{background: #a6a6a6 url(https:\/\/solidedge.siemens.com\/wp-content\/uploads\/2021\/09\/Industrial-Design-Styling-Header-v1.png?id=50061) !important;background-position: center !important;background-repeat: no-repeat !important;background-size: cover !important;}\u00a0\u00bb el_class=\u00a0\u00bbvc-row-hero-banner\u00a0\u00bb][vc_column][vc_column_text el_class=\u00a0\u00bb.vc-el-callout\u00a0\u00bb]<\/p>\n<h1>Solid Edge pour la conception industrielle<\/h1>\n<p>La conception industrielle est utilis&eacute;e pour cr&eacute;er de la valeur produit. Les conceptions qui sont visuellement attrayantes, tout en &eacute;tant fonctionnelles. Elles donnent aux entreprises un avantage concurrentiel. Solid Edge offre des capacit&eacute;s de cr&eacute;ation et de manipulation de formes avanc&eacute;es qui facilitent la conceptualisation de produits uniques, pour que vos produits se d&eacute;marquent sur le march&eacute;.<\/p>\n<p><a class=\"action-button\" href=\"\/en\/try-now\/\"><i class=\"icon-ext\"><\/i>Essayez Solid Edge gratuitement<\/a>[\/vc_column_text][\/vc_column][\/vc_row][vc_row full_width=\u00a0\u00bbstretch_row\u00a0\u00bb el_class=\u00a0\u00bbvc-row-shoutbox\u00a0\u00bb css=\u00a0\u00bb.vc_custom_1524241646732{background-color: #003750 !important;}\u00a0\u00bb][vc_column width=\u00a0\u00bb1\/3&Prime;][vc_single_image image=\u00a0\u00bb21776&Prime; img_size=\u00a0\u00bbfull\u00a0\u00bb alignment=\u00a0\u00bbcenter\u00a0\u00bb][\/vc_column][vc_column width=\u00a0\u00bb2\/3&Prime;][vc_column_text el_class=\u00a0\u00bbvc-el-lead-in\u00a0\u00bb]EBook<\/p>\n<h2>Les bonnes pratiques en mati&egrave;re de conception de formes complexes<\/h2>\n<p>La CAO est le meilleur moyen de communiquer des concepts, mais la conception de formes complexes peut &ecirc;tre un d&eacute;fi pour de nombreux concepteurs. Dans cet eBook, nous pr&eacute;senterons des principes universels de conception de formes complexes pouvant &ecirc;tre mis en pratique dans le cadre de vos projets.<\/p>\n<p><a class=\"action-button\" href=\"https:\/\/solidedge.siemens.com\/en\/resource\/ebook\/best-practices-in-complex-shape-design\/\" target=\"_blank\" rel=\"noopener\"><i class=\"icon-ext\"><\/i>T&eacute;l&eacute;charger maintenant<\/a>[\/vc_column_text][\/vc_column][\/vc_row][vc_row][vc_column][vc_column_text el_class=\u00a0\u00bbvc-el-lead-in\u00a0\u00bb]Capacit&eacute;s<\/p>\n<h2>Concevez des produits esth&eacute;tiques<\/h2>\n<p>Les produits esth&eacute;tiques suscitent une r&eacute;ponse &eacute;motionnelle chez les clients, ce qui permet aux fabricants d&apos;appliquer des prix &eacute;lev&eacute;s et de fid&eacute;liser la client&egrave;le. Mais la conception de formes complexes peut repr&eacute;senter un d&eacute;fi, m&ecirc;me pour les professionnels les plus exp&eacute;riment&eacute;s. Solid Edge offre des capacit&eacute;s de cr&eacute;ation, de manipulation et de validation de formes qui permettent m&ecirc;me aux d&eacute;butants de cr&eacute;er et de visualiser facilement et rapidement des formes complexes.[\/vc_column_text][vc_row_inner el_class=\u00a0\u00bbvc-row-image-teasers\u00a0\u00bb][vc_column_inner width=\u00a0\u00bb1\/2&Prime;][vc_single_image image=\u00a0\u00bb50108&Prime; img_size=\u00a0\u00bbfull\u00a0\u00bb alignment=\u00a0\u00bbcenter\u00a0\u00bb onclick=\u00a0\u00bbcustom_link\u00a0\u00bb link=\u00a0\u00bbhttps:%2F%2Fsolidedge.siemens.com%2Fen%2Fsolutions%2Fproducts%2F3d-design%2F3d-rendering%2F|\u00a0\u00bb][vc_column_text]<\/p>\n<h3><a href=\"https:\/\/solidedge.siemens.com\/fr\/solutions\/products\/3d-design\/industrial-design-software\/3d-rendering\/\">Rendu 3D<\/a><\/h3>\n<p>G&eacute;n&eacute;rez des images photor&eacute;alistes pour communiquer vos conceptions et recevoir des retours avant de construire des prototypes.[\/vc_column_text][\/vc_column_inner][vc_column_inner width=\u00a0\u00bb1\/2&Prime;][vc_single_image image=\u00a0\u00bb50129&Prime; img_size=\u00a0\u00bbfull\u00a0\u00bb alignment=\u00a0\u00bbcenter\u00a0\u00bb onclick=\u00a0\u00bbcustom_link\u00a0\u00bb link=\u00a0\u00bbhttps:%2F%2Fsolidedge.siemens.com%2Fen%2Fsolutions%2Fproducts%2F3d-design%2Fsubdivision-modeling%2F|\u00a0\u00bb][vc_column_text]<\/p>\n<h3><a href=\"https:\/\/solidedge.siemens.com\/fr\/solutions\/products\/3d-design\/industrial-design-software\/subdivision-modeling\/\">Mod&eacute;lisation par subdivision<\/a><\/h3>\n<p>D&eacute;veloppez des produits uniques &agrave; partir de formes organiques &agrave; l&apos;aide d&apos;une technique de mod&eacute;lisation de formes complexes intuitive.[\/vc_column_text][\/vc_column_inner][\/vc_row_inner][\/vc_column][\/vc_row][vc_row full_width=\u00a0\u00bbstretch_row\u00a0\u00bb el_class=\u00a0\u00bbvc-row-image-story-overview\u00a0\u00bb css=\u00a0\u00bb.vc_custom_1524848429910{background-color: #ebf0f4 !important;}\u00a0\u00bb][vc_column][vc_row_inner][vc_column_inner width=\u00a0\u00bb2\/3&Prime; offset=\u00a0\u00bbvc_col-md-6&Prime;][vc_column_text el_class=\u00a0\u00bbvc-el-lead-in\u00a0\u00bb]Success story Client<\/p>\n<h2>Soutenir l&apos;innovation gr&acirc;ce &agrave; la conception de produits bas&eacute;e sur l&apos;exp&eacute;rience<\/h2>\n<p>The Fuel, une soci&eacute;t&eacute; de conseil britannique en conception industrielle, sp&eacute;cialis&eacute;e dans la conception de produits pour de grandes marques et entreprises de technologie, a choisi Solid Edge pour la conception de l&apos;apparence visuelle, des interactions physiques et tous les autres aspects de l&apos;exp&eacute;rience produit, en &eacute;quilibrant les besoins humains, technologiques et marketing.<\/p>\n<p style=\"text-align: left;\"><a class=\"secondary-button\" href=\"https:\/\/blogs.sw.siemens.com\/solidedge\/startup-spotlight-solid-edge-fuels-next-generation-industrial-design\/\" target=\"_blank\" rel=\"noopener\"><i class=\"icon-ext\"><\/i>En savoir plus<\/a><\/p>\n<p>[\/vc_column_text][\/vc_column_inner][vc_column_inner width=\u00a0\u00bb1\/3&Prime; offset=\u00a0\u00bbvc_col-md-6&Prime;][vc_single_image image=\u00a0\u00bb52121&Prime; img_size=\u00a0\u00bbmedium\u00a0\u00bb alignment=\u00a0\u00bbcenter\u00a0\u00bb][\/vc_column_inner][\/vc_row_inner][\/vc_column][\/vc_row][vc_row full_width=\u00a0\u00bbstretch_row\u00a0\u00bb el_class=\u00a0\u00bbvc-row-free-software\u00a0\u00bb css=\u00a0\u00bb.vc_custom_1542723573593{background-color: #006486 !important;}\u00a0\u00bb][vc_column][vc_column_text el_class=\u00a0\u00bbvc-el-lead-in\u00a0\u00bb]Offres<\/p>\n<h2>Logiciel de conception&nbsp;3D gratuit<\/h2>\n<p>[\/vc_column_text][vc_row_inner equal_height=\u00a0\u00bbyes\u00a0\u00bb][vc_column_inner width=\u00a0\u00bb1\/2&Prime; offset=\u00a0\u00bbvc_col-md-5&Prime;]<div class=\"wpb_content_block wpb_content_element\"><div class=\"wpb_wrapper\"><div class=\"content_block\" id=\"custom_post_widget-419\"><p>[vc_row][vc_column][vc_column_text]<\/p>\n<h3>Logiciel gratuit pour votre startup<\/h3>\n<p>Si vous dirigez une startup depuis moins de trois ans, vous pouvez maintenant faire une demande pour obtenir gratuitement Solid Edge. Aucun frais \u00e0 votre charge\u00a0![\/vc_column_text][vc_column_text]<a class=\"action-button\" href=\"https:\/\/www.plm.automation.siemens.com\/global\/fr\/topic\/solid-edge-for-startups\/8335\"><i class=\"icon-ext\"><\/i>Postuler<\/a>[\/vc_column_text][\/vc_column][\/vc_row]<\/p>\n<\/div><\/div><\/div>[\/vc_column_inner][vc_column_inner width=\u00a0\u00bb1\/2&Prime; offset=\u00a0\u00bbvc_col-md-offset-2 vc_col-md-5&Prime;]<div class=\"wpb_content_block wpb_content_element\"><div class=\"wpb_wrapper\"><div class=\"content_block\" id=\"custom_post_widget-420\"><p>[vc_row][vc_column][vc_column_text]<\/p>\n<h3>T\u00e9l\u00e9charger gratuitement Solid Edge pour les \u00e9tudiants<\/h3>\n<p>D\u00e9veloppez les comp\u00e9tences dont vous avez besoin avec le logiciel Solid Edge Student Edition. C&rsquo;est une version gratuite de la suite logicielle facile \u00e0 utiliser des professionnels<br \/>\n[\/vc_column_text][vc_column_text]<a class=\"action-button\" href=\"https:\/\/www.plm.automation.siemens.com\/plmapp\/education\/solid-edge\/fr_fr\/free-software\/student\"><i class=\"icon-ext\"><\/i>T\u00e9l\u00e9charger maintenant<\/a>[\/vc_column_text][\/vc_column][\/vc_row]<\/p>\n<\/div><\/div><\/div>[\/vc_column_inner][\/vc_row_inner][\/vc_column][\/vc_row][vc_row full_width=\u00a0\u00bbstretch_row\u00a0\u00bb el_class=\u00a0\u00bbvc-row-related-content\u00a0\u00bb css=\u00a0\u00bb.vc_custom_1524184785822{background-color: #347eb5 !important;}\u00a0\u00bb][vc_column][vc_column_text]<\/p>\n<h2>Contenu associ&eacute;<\/h2>\n<p>[\/vc_column_text]<div id=\"ult-carousel-27898096169fbb36ccd486\" class=\"ult-carousel-wrapper  vc-el-carousel-related-content ult_horizontal\" data-gutter=\"0\" data-rtl=\"false\" ><div class=\"ult-carousel-124786624369fbb36ccd464 \" >[vc_column_text]<a href=\"https:\/\/solidedge.siemens.com\/en\/resource\/ebook\/subdivision-modeling\/\">EBook Conception de formes complexes pour les produits de grande consommation<\/a>[\/vc_column_text][vc_column_text]<a href=\"https:\/\/solidedge.siemens.com\/en\/resource\/ebook\/best-practices-in-complex-shape-design\/\">EBook Les bonnes pratiques en mati&egrave;re de conception de formes complexes<\/a>[\/vc_column_text][vc_column_text]<a href=\"https:\/\/solidedge.siemens.com\/fr\/resources\/tutorials\/\">Didacticiels Solid Edge<\/a>[\/vc_column_text][vc_column_text]<a href=\"https:\/\/community.sw.siemens.com\/s\/topic\/0TO4O000000MihiWAC\/solid-edge\">Communaut&eacute; Solid Edge<\/a>[\/vc_column_text]<\/div><\/div>\t\t\t<script type=\"text\/javascript\">\r\n\t\t\t\tjQuery(document).ready(function ($) {\r\n\t\t\t\t\tif( typeof jQuery('.ult-carousel-124786624369fbb36ccd464').slick == \"function\"){\r\n\t\t\t\t\t\t$('.ult-carousel-124786624369fbb36ccd464').slick({dots: true,autoplaySpeed: 5000,speed: 500,infinite: false,arrows: true,nextArrow: '<button type=\"button\" role=\"button\" aria-label=\"Next\" style=\"color:#ffffff; font-size:30px;background:rgba(255,255,255,0.2);\" class=\"slick-next square-bg\"><i class=\"ultsl-arrow-right6\"><\/i><\/button>',prevArrow: '<button type=\"button\" role=\"button\" aria-label=\"Previous\" style=\"color:#ffffff; font-size:30px;background:rgba(255,255,255,0.2);\" class=\"slick-prev square-bg\"><i class=\"ultsl-arrow-left6\"><\/i><\/button>',slidesToScroll:4,slidesToShow:4,swipe: true,draggable: true,touchMove: true,pauseOnHover: true,pauseOnFocus: false,responsive: [\r\n\t\t\t\t\t\t\t{\r\n\t\t\t\t\t\t\t  breakpoint: 1026,\r\n\t\t\t\t\t\t\t  settings: {\r\n\t\t\t\t\t\t\t\tslidesToShow: 4,\r\n\t\t\t\t\t\t\t\tslidesToScroll: 4,  \r\n\t\t\t\t\t\t\t  }\r\n\t\t\t\t\t\t\t},\r\n\t\t\t\t\t\t\t{\r\n\t\t\t\t\t\t\t  breakpoint: 1025,\r\n\t\t\t\t\t\t\t  settings: {\r\n\t\t\t\t\t\t\t\tslidesToShow: 2,\r\n\t\t\t\t\t\t\t\tslidesToScroll: 2\r\n\t\t\t\t\t\t\t  }\r\n\t\t\t\t\t\t\t},\r\n\t\t\t\t\t\t\t{\r\n\t\t\t\t\t\t\t  breakpoint: 760,\r\n\t\t\t\t\t\t\t  settings: {\r\n\t\t\t\t\t\t\t\tslidesToShow: 1,\r\n\t\t\t\t\t\t\t\tslidesToScroll: 1\r\n\t\t\t\t\t\t\t  }\r\n\t\t\t\t\t\t\t}\r\n\t\t\t\t\t\t],pauseOnDotsHover: true,customPaging: function(slider, i) {\r\n                   return '<i type=\"button\" style= \"color:#ffffff;\" class=\"ultsl-record\" data-role=\"none\"><\/i>';\r\n                },});\r\n\t\t\t\t\t}\r\n\t\t\t\t});\r\n\t\t\t<\/script>\r\n\t\t\t[\/vc_column][\/vc_row]<\/p>\n","protected":false},"excerpt":{"rendered":"<p> Solid Edge pour la conception industrielle La conception industrielle est utilis&eacute;e pour cr&eacute;er de la valeur produit. Les conceptions qui sont visuellement attrayantes, tout en &eacute;tant fonctionnelles. Elles donnent aux entreprises un avantage concurrentiel. Solid Edge offre des capacit&eacute;s [&hellip;]<\/p>\n","protected":false},"author":44,"featured_media":0,"parent":2606,"menu_order":5,"comment_status":"closed","ping_status":"closed","template":"","meta":{"inline_featured_image":false},"yoast_head":"<!-- This site is optimized with the Yoast SEO plugin v18.4.1 - https:\/\/yoast.com\/wordpress\/plugins\/seo\/ -->\n<title>Logiciel de conception industrielle | Solid Edge | Siemens<\/title>\n<meta name=\"description\" content=\"Les capacit\u00e9s de cr\u00e9ation et de manipulation de formes avanc\u00e9es de Solid Edge vous permettent de conceptualiser des produits uniques qui se d\u00e9marqueront sur le march\u00e9.\" \/>\n<meta name=\"robots\" content=\"index, follow, max-snippet:-1, max-image-preview:large, max-video-preview:-1\" \/>\n<link rel=\"canonical\" href=\"https:\/\/solidedge.siemens.com\/fr\/solutions\/products\/3d-design\/industrial-design-software\/\" \/>\n<meta property=\"og:locale\" content=\"fr_FR\" \/>\n<meta property=\"og:type\" content=\"article\" \/>\n<meta property=\"og:title\" content=\"Logiciel de conception industrielle | Solid Edge | Siemens\" \/>\n<meta property=\"og:description\" content=\"Les capacit\u00e9s de cr\u00e9ation et de manipulation de formes avanc\u00e9es de Solid Edge vous permettent de conceptualiser des produits uniques qui se d\u00e9marqueront sur le march\u00e9.\" \/>\n<meta property=\"og:url\" content=\"https:\/\/solidedge.siemens.com\/fr\/solutions\/products\/3d-design\/industrial-design-software\/\" \/>\n<meta property=\"og:site_name\" content=\"Solid Edge\" \/>\n<meta property=\"article:publisher\" content=\"https:\/\/www.facebook.com\/solidedge\" \/>\n<meta property=\"article:modified_time\" content=\"2021-12-09T16:29:48+00:00\" \/>\n<meta name=\"twitter:card\" content=\"summary_large_image\" \/>\n<meta name=\"twitter:site\" content=\"@siemensplm\" \/>\n<meta name=\"twitter:label1\" content=\"Dur\u00e9e de lecture est.\" \/>\n\t<meta name=\"twitter:data1\" content=\"4 minutes\" \/>\n<script type=\"application\/ld+json\" class=\"yoast-schema-graph\">{\"@context\":\"https:\/\/schema.org\",\"@graph\":[{\"@type\":\"Organization\",\"@id\":\"https:\/\/solidedge.siemens.com\/en\/#organization\",\"name\":\"Siemens Digital Industries Software\",\"url\":\"https:\/\/solidedge.siemens.com\/en\/\",\"sameAs\":[\"https:\/\/www.facebook.com\/solidedge\",\"https:\/\/www.instagram.com\/siemens\/\",\"https:\/\/www.linkedin.com\/company\/siemens-plm-software\",\"https:\/\/www.youtube.com\/user\/PolarionSoftware\",\"https:\/\/twitter.com\/siemensplm\"],\"logo\":{\"@type\":\"ImageObject\",\"@id\":\"https:\/\/solidedge.siemens.com\/en\/#logo\",\"inLanguage\":\"fr-FR\",\"url\":\"https:\/\/solidedge.siemens.com\/wp-content\/uploads\/2018\/04\/logo-siemens-ifl@2x.png\",\"contentUrl\":\"https:\/\/solidedge.siemens.com\/wp-content\/uploads\/2018\/04\/logo-siemens-ifl@2x.png\",\"width\":640,\"height\":270,\"caption\":\"Siemens Digital Industries Software\"},\"image\":{\"@id\":\"https:\/\/solidedge.siemens.com\/en\/#logo\"}},{\"@type\":\"WebSite\",\"@id\":\"https:\/\/solidedge.siemens.com\/en\/#website\",\"url\":\"https:\/\/solidedge.siemens.com\/en\/\",\"name\":\"Solid Edge\",\"description\":\"Siemens Digital Industries Software - Ingenuity for Life\",\"publisher\":{\"@id\":\"https:\/\/solidedge.siemens.com\/en\/#organization\"},\"potentialAction\":[{\"@type\":\"SearchAction\",\"target\":{\"@type\":\"EntryPoint\",\"urlTemplate\":\"https:\/\/solidedge.siemens.com\/en\/?s={search_term_string}\"},\"query-input\":\"required name=search_term_string\"}],\"inLanguage\":\"fr-FR\"},{\"@type\":\"WebPage\",\"@id\":\"https:\/\/solidedge.siemens.com\/fr\/solutions\/products\/3d-design\/industrial-design-software\/#webpage\",\"url\":\"https:\/\/solidedge.siemens.com\/fr\/solutions\/products\/3d-design\/industrial-design-software\/\",\"name\":\"Logiciel de conception industrielle | Solid Edge | Siemens\",\"isPartOf\":{\"@id\":\"https:\/\/solidedge.siemens.com\/en\/#website\"},\"datePublished\":\"2021-12-09T16:29:31+00:00\",\"dateModified\":\"2021-12-09T16:29:48+00:00\",\"description\":\"Les capacit\u00e9s de cr\u00e9ation et de manipulation de formes avanc\u00e9es de Solid Edge vous permettent de conceptualiser des produits uniques qui se d\u00e9marqueront sur le march\u00e9.\",\"breadcrumb\":{\"@id\":\"https:\/\/solidedge.siemens.com\/fr\/solutions\/products\/3d-design\/industrial-design-software\/#breadcrumb\"},\"inLanguage\":\"fr-FR\",\"potentialAction\":[{\"@type\":\"ReadAction\",\"target\":[\"https:\/\/solidedge.siemens.com\/fr\/solutions\/products\/3d-design\/industrial-design-software\/\"]}]},{\"@type\":\"BreadcrumbList\",\"@id\":\"https:\/\/solidedge.siemens.com\/fr\/solutions\/products\/3d-design\/industrial-design-software\/#breadcrumb\",\"itemListElement\":[{\"@type\":\"ListItem\",\"position\":1,\"name\":\"Home\",\"item\":\"https:\/\/solidedge.siemens.com\/en\/home-6\/\"},{\"@type\":\"ListItem\",\"position\":2,\"name\":\"Solutions\",\"item\":\"https:\/\/solidedge.siemens.com\/fr\/solutions\/\"},{\"@type\":\"ListItem\",\"position\":3,\"name\":\"Produits\",\"item\":\"https:\/\/solidedge.siemens.com\/fr\/solutions\/products\/\"},{\"@type\":\"ListItem\",\"position\":4,\"name\":\"Conception&nbsp;3D\",\"item\":\"https:\/\/solidedge.siemens.com\/fr\/solutions\/products\/3d-design\/\"},{\"@type\":\"ListItem\",\"position\":5,\"name\":\"Conception et stylisme industriels\"}]}]}<\/script>\n<!-- \/ Yoast SEO plugin. -->","yoast_head_json":{"title":"Logiciel de conception industrielle | Solid Edge | Siemens","description":"Les capacit\u00e9s de cr\u00e9ation et de manipulation de formes avanc\u00e9es de Solid Edge vous permettent de conceptualiser des produits uniques qui se d\u00e9marqueront sur le march\u00e9.","robots":{"index":"index","follow":"follow","max-snippet":"max-snippet:-1","max-image-preview":"max-image-preview:large","max-video-preview":"max-video-preview:-1"},"canonical":"https:\/\/solidedge.siemens.com\/fr\/solutions\/products\/3d-design\/industrial-design-software\/","og_locale":"fr_FR","og_type":"article","og_title":"Logiciel de conception industrielle | Solid Edge | Siemens","og_description":"Les capacit\u00e9s de cr\u00e9ation et de manipulation de formes avanc\u00e9es de Solid Edge vous permettent de conceptualiser des produits uniques qui se d\u00e9marqueront sur le march\u00e9.","og_url":"https:\/\/solidedge.siemens.com\/fr\/solutions\/products\/3d-design\/industrial-design-software\/","og_site_name":"Solid Edge","article_publisher":"https:\/\/www.facebook.com\/solidedge","article_modified_time":"2021-12-09T16:29:48+00:00","twitter_card":"summary_large_image","twitter_site":"@siemensplm","twitter_misc":{"Dur\u00e9e de lecture est.":"4 minutes"},"schema":{"@context":"https:\/\/schema.org","@graph":[{"@type":"Organization","@id":"https:\/\/solidedge.siemens.com\/en\/#organization","name":"Siemens Digital Industries Software","url":"https:\/\/solidedge.siemens.com\/en\/","sameAs":["https:\/\/www.facebook.com\/solidedge","https:\/\/www.instagram.com\/siemens\/","https:\/\/www.linkedin.com\/company\/siemens-plm-software","https:\/\/www.youtube.com\/user\/PolarionSoftware","https:\/\/twitter.com\/siemensplm"],"logo":{"@type":"ImageObject","@id":"https:\/\/solidedge.siemens.com\/en\/#logo","inLanguage":"fr-FR","url":"https:\/\/solidedge.siemens.com\/wp-content\/uploads\/2018\/04\/logo-siemens-ifl@2x.png","contentUrl":"https:\/\/solidedge.siemens.com\/wp-content\/uploads\/2018\/04\/logo-siemens-ifl@2x.png","width":640,"height":270,"caption":"Siemens Digital Industries Software"},"image":{"@id":"https:\/\/solidedge.siemens.com\/en\/#logo"}},{"@type":"WebSite","@id":"https:\/\/solidedge.siemens.com\/en\/#website","url":"https:\/\/solidedge.siemens.com\/en\/","name":"Solid Edge","description":"Siemens Digital Industries Software - Ingenuity for Life","publisher":{"@id":"https:\/\/solidedge.siemens.com\/en\/#organization"},"potentialAction":[{"@type":"SearchAction","target":{"@type":"EntryPoint","urlTemplate":"https:\/\/solidedge.siemens.com\/en\/?s={search_term_string}"},"query-input":"required name=search_term_string"}],"inLanguage":"fr-FR"},{"@type":"WebPage","@id":"https:\/\/solidedge.siemens.com\/fr\/solutions\/products\/3d-design\/industrial-design-software\/#webpage","url":"https:\/\/solidedge.siemens.com\/fr\/solutions\/products\/3d-design\/industrial-design-software\/","name":"Logiciel de conception industrielle | Solid Edge | Siemens","isPartOf":{"@id":"https:\/\/solidedge.siemens.com\/en\/#website"},"datePublished":"2021-12-09T16:29:31+00:00","dateModified":"2021-12-09T16:29:48+00:00","description":"Les capacit\u00e9s de cr\u00e9ation et de manipulation de formes avanc\u00e9es de Solid Edge vous permettent de conceptualiser des produits uniques qui se d\u00e9marqueront sur le march\u00e9.","breadcrumb":{"@id":"https:\/\/solidedge.siemens.com\/fr\/solutions\/products\/3d-design\/industrial-design-software\/#breadcrumb"},"inLanguage":"fr-FR","potentialAction":[{"@type":"ReadAction","target":["https:\/\/solidedge.siemens.com\/fr\/solutions\/products\/3d-design\/industrial-design-software\/"]}]},{"@type":"BreadcrumbList","@id":"https:\/\/solidedge.siemens.com\/fr\/solutions\/products\/3d-design\/industrial-design-software\/#breadcrumb","itemListElement":[{"@type":"ListItem","position":1,"name":"Home","item":"https:\/\/solidedge.siemens.com\/en\/home-6\/"},{"@type":"ListItem","position":2,"name":"Solutions","item":"https:\/\/solidedge.siemens.com\/fr\/solutions\/"},{"@type":"ListItem","position":3,"name":"Produits","item":"https:\/\/solidedge.siemens.com\/fr\/solutions\/products\/"},{"@type":"ListItem","position":4,"name":"Conception&nbsp;3D","item":"https:\/\/solidedge.siemens.com\/fr\/solutions\/products\/3d-design\/"},{"@type":"ListItem","position":5,"name":"Conception et stylisme industriels"}]}]}},"_links":{"self":[{"href":"https:\/\/solidedge.siemens.com\/fr\/wp-json\/wp\/v2\/pages\/49963"}],"collection":[{"href":"https:\/\/solidedge.siemens.com\/fr\/wp-json\/wp\/v2\/pages"}],"about":[{"href":"https:\/\/solidedge.siemens.com\/fr\/wp-json\/wp\/v2\/types\/page"}],"author":[{"embeddable":true,"href":"https:\/\/solidedge.siemens.com\/fr\/wp-json\/wp\/v2\/users\/44"}],"replies":[{"embeddable":true,"href":"https:\/\/solidedge.siemens.com\/fr\/wp-json\/wp\/v2\/comments?post=49963"}],"version-history":[{"count":9,"href":"https:\/\/solidedge.siemens.com\/fr\/wp-json\/wp\/v2\/pages\/49963\/revisions"}],"predecessor-version":[{"id":55513,"href":"https:\/\/solidedge.siemens.com\/fr\/wp-json\/wp\/v2\/pages\/49963\/revisions\/55513"}],"up":[{"embeddable":true,"href":"https:\/\/solidedge.siemens.com\/fr\/wp-json\/wp\/v2\/pages\/2606"}],"wp:attachment":[{"href":"https:\/\/solidedge.siemens.com\/fr\/wp-json\/wp\/v2\/media?parent=49963"}],"curies":[{"name":"wp","href":"https:\/\/api.w.org\/{rel}","templated":true}]}}