{"id":49852,"date":"2021-12-10T06:25:59","date_gmt":"2021-12-10T11:25:59","guid":{"rendered":"https:\/\/solidedge.siemens.com\/?page_id=49852"},"modified":"2021-12-10T06:26:15","modified_gmt":"2021-12-10T11:26:15","slug":"design-configurator","status":"publish","type":"page","link":"https:\/\/solidedge.siemens.com\/fr\/solutions\/products\/3d-design\/design-configurator\/","title":{"rendered":"Design Configurator"},"content":{"rendered":"<p>[vc_row full_width=\u00a0\u00bbstretch_row\u00a0\u00bb full_height=\u00a0\u00bbyes\u00a0\u00bb content_placement=\u00a0\u00bbmiddle\u00a0\u00bb css=\u00a0\u00bb.vc_custom_1632241308287{background: #a6a6a6 url(https:\/\/solidedge.siemens.com\/wp-content\/uploads\/2021\/09\/design-configurator-hero-scaled.jpg?id=49888) !important;background-position: center !important;background-repeat: no-repeat !important;background-size: cover !important;}\u00a0\u00bb el_class=\u00a0\u00bbvc-row-hero-banner\u00a0\u00bb][vc_column][vc_column_text el_class=\u00a0\u00bb.vc-el-callout\u00a0\u00bb]<\/p>\n<h1>Solid Edge Design Configurator<\/h1>\n<p>Solid Edge\u00ae Design Configurator offre des capacit&eacute;s d&apos;automatisation de la conception puissantes dans l&apos;environnement Solid Edge. Cette application ajoute une fonctionnalit&eacute; d&apos;automatisation bas&eacute;e sur des r&egrave;gles &agrave; l&apos;environnement de conception m&eacute;canique Solid Edge. Enti&egrave;rement int&eacute;gr&eacute;e &agrave; Solid Edge, elle permet de personnaliser rapidement les produits en fonction des param&egrave;tres et des r&egrave;gles de conception, d&apos;optimiser votre productivit&eacute; et d&apos;acc&eacute;l&eacute;rer la conception.<\/p>\n<p><a class=\"action-button\" href=\"\/en\/try-now\/\"><i class=\"icon-ext\"><\/i>Essayez Solid Edge gratuitement<\/a>[\/vc_column_text][\/vc_column][\/vc_row][vc_row][vc_column][vc_column_text el_class=\u00a0\u00bbvc-el-lead-in\u00a0\u00bb]Capacit&eacute;s<\/p>\n<h2>Cr&eacute;ez des conceptions personnalis&eacute;s d&apos;un simple clic<\/h2>\n<p>[\/vc_column_text][vc_row_inner el_class=\u00a0\u00bbvc-row-image-teasers\u00a0\u00bb][vc_column_inner width=\u00a0\u00bb1\/3&Prime;][vc_column_text]<\/p>\n<h3>Am&eacute;liorez votre productivit&eacute; et votre vitesse de conception<\/h3>\n<p>Capturez les r&egrave;gles et param&egrave;tres qui guident la conception d&apos;un produit pour automatiser le processus d&apos;ing&eacute;nierie de la commande. Cela vous permet de consacrer plus de temps &agrave; l&apos;innovation produit. Les r&egrave;gles de configuration sont d&eacute;finies dans Solid Edge &agrave; l&apos;aide d&apos;un processus guid&eacute; qui ne n&eacute;cessite aucune connaissance en programmation.[\/vc_column_text][\/vc_column_inner][vc_column_inner width=\u00a0\u00bb1\/3&Prime;][vc_column_text]<\/p>\n<h3>Concevez rapidement des produits selon les sp&eacute;cifications de vos client<\/h3>\n<p>Concevez rapidement des produits selon les sp&eacute;cifications de vos client tout en &eacute;liminant les erreurs co&ucirc;teuses inh&eacute;rentes &agrave; la personnalisation manuelle de la conception. G&eacute;n&eacute;rez de nouvelles conceptions au sein de l&apos;environnement de conception Solid Edge &agrave; l&apos;aide d&apos;une interface utilisateur graphique. Des r&egrave;gles certifient la validit&eacute; des s&eacute;lections de produits.[\/vc_column_text][\/vc_column_inner][vc_column_inner width=\u00a0\u00bb1\/3&Prime;][vc_column_text]<\/p>\n<h3>Automatisez les processus d&apos;ing&eacute;nierie des ventes<\/h3>\n<p>Automatisez les composants cl&eacute;s des processus d&apos;ing&eacute;nierie des ventes, pour obtenir des ressources pertinentes comme des nomenclatures chiffr&eacute;es, des visualisations&nbsp;3D claires et des dessins de vente. R&eacute;duisez les d&eacute;lais de commande et les co&ucirc;ts d&apos;ing&eacute;nierie g&eacute;n&eacute;raux en automatisant les t&acirc;ches de conception r&eacute;p&eacute;titives.[\/vc_column_text][\/vc_column_inner][\/vc_row_inner][vc_column_text]<\/p>\n<p style=\"text-align: right;\"><a class=\"action-button transparent\" href=\"https:\/\/solidedge.siemens.com\/wp-content\/uploads\/2021\/09\/Siemens-SW-Solid-Edge-Design-Configurator-FS-84080-D3.pdf\"><i class=\"icon-ext\"><\/i>T&eacute;l&eacute;charger la fiche technique Solid Edge Design Configurator<\/a><\/p>\n<p>[\/vc_column_text][\/vc_column][\/vc_row][vc_row full_width=\u00a0\u00bbstretch_row\u00a0\u00bb el_class=\u00a0\u00bbvc-row-free-software\u00a0\u00bb css=\u00a0\u00bb.vc_custom_1542723573593{background-color: #006486 !important;}\u00a0\u00bb][vc_column][vc_column_text el_class=\u00a0\u00bbvc-el-lead-in\u00a0\u00bb]Offres<\/p>\n<h2>Logiciel de conception&nbsp;3D gratuit<\/h2>\n<p>[\/vc_column_text][vc_row_inner equal_height=\u00a0\u00bbyes\u00a0\u00bb][vc_column_inner width=\u00a0\u00bb1\/2&Prime; offset=\u00a0\u00bbvc_col-md-5&Prime;]<div class=\"wpb_content_block wpb_content_element\"><div class=\"wpb_wrapper\"><div class=\"content_block\" id=\"custom_post_widget-419\"><p>[vc_row][vc_column][vc_column_text]<\/p>\n<h3>Logiciel gratuit pour votre startup<\/h3>\n<p>Si vous dirigez une startup depuis moins de trois ans, vous pouvez maintenant faire une demande pour obtenir gratuitement Solid Edge. Aucun frais \u00e0 votre charge\u00a0![\/vc_column_text][vc_column_text]<a class=\"action-button\" href=\"https:\/\/www.plm.automation.siemens.com\/global\/fr\/topic\/solid-edge-for-startups\/8335\"><i class=\"icon-ext\"><\/i>Postuler<\/a>[\/vc_column_text][\/vc_column][\/vc_row]<\/p>\n<\/div><\/div><\/div>[\/vc_column_inner][vc_column_inner width=\u00a0\u00bb1\/2&Prime; offset=\u00a0\u00bbvc_col-md-offset-2 vc_col-md-5&Prime;]<div class=\"wpb_content_block wpb_content_element\"><div class=\"wpb_wrapper\"><div class=\"content_block\" id=\"custom_post_widget-420\"><p>[vc_row][vc_column][vc_column_text]<\/p>\n<h3>T\u00e9l\u00e9charger gratuitement Solid Edge pour les \u00e9tudiants<\/h3>\n<p>D\u00e9veloppez les comp\u00e9tences dont vous avez besoin avec le logiciel Solid Edge Student Edition. C&rsquo;est une version gratuite de la suite logicielle facile \u00e0 utiliser des professionnels<br \/>\n[\/vc_column_text][vc_column_text]<a class=\"action-button\" href=\"https:\/\/www.plm.automation.siemens.com\/plmapp\/education\/solid-edge\/fr_fr\/free-software\/student\"><i class=\"icon-ext\"><\/i>T\u00e9l\u00e9charger maintenant<\/a>[\/vc_column_text][\/vc_column][\/vc_row]<\/p>\n<\/div><\/div><\/div>[\/vc_column_inner][\/vc_row_inner][\/vc_column][\/vc_row][vc_row full_width=\u00a0\u00bbstretch_row\u00a0\u00bb el_class=\u00a0\u00bbvc-row-video-highlight\u00a0\u00bb css=\u00a0\u00bb.vc_custom_1632140521520{margin-top: 0px !important;border-top-width: 0px !important;padding-top: 0px !important;}\u00a0\u00bb][vc_column][vc_column_text el_class=\u00a0\u00bbvc-el-lead-in\u00a0\u00bb]Vid&eacute;o<\/p>\n<h2>Voir la solution en action<\/h2>\n<p>Utilisez l&apos;automatisation bas&eacute;e sur des r&egrave;gles pour cr&eacute;er de nouvelles conceptions bas&eacute;es sur des param&egrave;tres et des r&egrave;gles de conception.[\/vc_column_text]\n\n\n  <div id=\"wpv-view-layout-567-CATTRe11cd0fe88f5bfc44cd7b58613accd66\" class=\"js-wpv-view-layout js-wpv-layout-responsive js-wpv-view-layout-567-CATTRe11cd0fe88f5bfc44cd7b58613accd66\" data-viewnumber=\"567-CATTRe11cd0fe88f5bfc44cd7b58613accd66\" data-pagination=\"{&quot;id&quot;:567,&quot;query&quot;:&quot;normal&quot;,&quot;type&quot;:&quot;disabled&quot;,&quot;effect&quot;:&quot;fade&quot;,&quot;duration&quot;:500,&quot;speed&quot;:5,&quot;pause_on_hover&quot;:&quot;disabled&quot;,&quot;stop_rollover&quot;:&quot;false&quot;,&quot;cache_pages&quot;:&quot;enabled&quot;,&quot;preload_images&quot;:&quot;enabled&quot;,&quot;preload_pages&quot;:&quot;enabled&quot;,&quot;preload_reach&quot;:1,&quot;spinner&quot;:&quot;builtin&quot;,&quot;spinner_image&quot;:&quot;https:\/\/solidedge.siemens.com\/wp-content\/plugins\/wp-views\/embedded\/res\/img\/ajax-loader.gif&quot;,&quot;callback_next&quot;:&quot;&quot;,&quot;manage_history&quot;:&quot;disabled&quot;,&quot;has_controls_in_form&quot;:&quot;disabled&quot;,&quot;infinite_tolerance&quot;:&quot;0&quot;,&quot;max_pages&quot;:0,&quot;page&quot;:1,&quot;base_permalink&quot;:&quot;\/fr\/wp-json\/wp\/v2\/pages\/49852?wpv_view_count=567-CATTRe11cd0fe88f5bfc44cd7b58613accd66&amp;wpv_paged=WPV_PAGE_NUM&quot;,&quot;loop&quot;:{&quot;type&quot;:&quot;&quot;,&quot;name&quot;:&quot;&quot;,&quot;data&quot;:[],&quot;id&quot;:0}}\" data-permalink=\"\/fr\/wp-json\/wp\/v2\/pages\/49852?wpv_view_count=567-CATTRe11cd0fe88f5bfc44cd7b58613accd66\">\n\n  \n  <div class=\"wpv-resources\"><a name=\"video\" class=\"video-anchor\"><\/a>\n    <div id=\"ult-carousel-192329182869f432b6c455a\" class=\"ult-carousel-wrapper  vc-el-carousel-videos-embedded ult_horizontal\" data-gutter=\"0\" data-rtl=\"false\" ><div class=\"ult-carousel-171858382569f432b6c4535 \" >\n    \n    \n       <div><!-- slide container -->\n        <div class=\"wpv-resources-item\" data-mh=\".wpv-resources-item\">\n          <div class=\"resources-item-poster\">\n              <div id=\"wpfp_39c3ece43e5ffed42105725d4dae27e3\" data-item=\"{&quot;sources&quot;:&#091;{&quot;src&quot;:&quot;https:\\\/\\\/videos.mentor-cdn.com\\\/mgc\\\/videos\\\/5400\\\/40048069-6e07-400d-8643-82f73b84c4b6-en-US-video.mp4&quot;,&quot;type&quot;:&quot;video\\\/mp4&quot;}&#093;}\" class=\"flowplayer no-brand is-splash no-svg is-paused skin-slim fp-slim fp-edgy\" data-embed=\"false\" style=\"max-width: 1140px; max-height: 640px; background-image: url(https:\/\/solidedge.siemens.com\/wp-content\/uploads\/2021\/09\/40048069-6e07-400d-8643-82f73b84c4b6-en-US-thumbnail.png);\" data-ratio=\"0.5614\" data-advance=\"false\">\n\t<div class=\"fp-ratio\" style=\"padding-top: 56.14%\"><\/div>\n\t<div class=\"fp-ui\"><div class=\"fp-play fp-visible\"><a class=\"fp-icon fp-playbtn\"><\/a><\/div><\/div>\n\n<\/div>\n\n              \n          <\/div>\n        <\/div>\n      <\/div>\n    \n    \n    <\/div><\/div>\t\t\t<script type=\"text\/javascript\">\r\n\t\t\t\tjQuery(document).ready(function ($) {\r\n\t\t\t\t\tif( typeof jQuery('.ult-carousel-171858382569f432b6c4535').slick == \"function\"){\r\n\t\t\t\t\t\t$('.ult-carousel-171858382569f432b6c4535').slick({dots: true,autoplaySpeed: 5000,speed: 500,infinite: false,arrows: true,nextArrow: '<button type=\"button\" role=\"button\" aria-label=\"Next\" style=\"color:#ffffff; font-size:30px;background:rgba(47,56,60,0.5);\" class=\"slick-next square-bg\"><i class=\"ultsl-arrow-right6\"><\/i><\/button>',prevArrow: '<button type=\"button\" role=\"button\" aria-label=\"Previous\" style=\"color:#ffffff; font-size:30px;background:rgba(47,56,60,0.5);\" class=\"slick-prev square-bg\"><i class=\"ultsl-arrow-left6\"><\/i><\/button>',slidesToScroll:1,slidesToShow:1,swipe: true,draggable: true,touchMove: true,pauseOnHover: true,pauseOnFocus: false,responsive: [\r\n\t\t\t\t\t\t\t{\r\n\t\t\t\t\t\t\t  breakpoint: 1026,\r\n\t\t\t\t\t\t\t  settings: {\r\n\t\t\t\t\t\t\t\tslidesToShow: 1,\r\n\t\t\t\t\t\t\t\tslidesToScroll: 1,  \r\n\t\t\t\t\t\t\t  }\r\n\t\t\t\t\t\t\t},\r\n\t\t\t\t\t\t\t{\r\n\t\t\t\t\t\t\t  breakpoint: 1025,\r\n\t\t\t\t\t\t\t  settings: {\r\n\t\t\t\t\t\t\t\tslidesToShow: 1,\r\n\t\t\t\t\t\t\t\tslidesToScroll: 1\r\n\t\t\t\t\t\t\t  }\r\n\t\t\t\t\t\t\t},\r\n\t\t\t\t\t\t\t{\r\n\t\t\t\t\t\t\t  breakpoint: 760,\r\n\t\t\t\t\t\t\t  settings: {\r\n\t\t\t\t\t\t\t\tslidesToShow: 1,\r\n\t\t\t\t\t\t\t\tslidesToScroll: 1\r\n\t\t\t\t\t\t\t  }\r\n\t\t\t\t\t\t\t}\r\n\t\t\t\t\t\t],pauseOnDotsHover: true,customPaging: function(slider, i) {\r\n                   return '<i type=\"button\" style= \"color:#788891;\" class=\"ultsl-record\" data-role=\"none\"><\/i>';\r\n                },});\r\n\t\t\t\t\t}\r\n\t\t\t\t});\r\n\t\t\t<\/script>\r\n\t\t\t\n  <\/div>\n  \n  \n  <\/div>\n[\/vc_column][\/vc_row][vc_row full_width=\u00a0\u00bbstretch_row\u00a0\u00bb el_class=\u00a0\u00bbvc-row-related-content\u00a0\u00bb css=\u00a0\u00bb.vc_custom_1524184785822{background-color: #347eb5 !important;}\u00a0\u00bb][vc_column][vc_column_text]<\/p>\n<h2>Contenu associ&eacute;<\/h2>\n<p>[\/vc_column_text]<div id=\"ult-carousel-123165874369f432b6c6951\" class=\"ult-carousel-wrapper  vc-el-carousel-related-content ult_horizontal\" data-gutter=\"0\" data-rtl=\"false\" ><div class=\"ult-carousel-183012064769f432b6c6929 \" >[vc_column_text]<a href=\"https:\/\/solidedge.siemens.com\/wp-content\/uploads\/2021\/09\/Siemens-SW-Solid-Edge-Design-Configurator-FS-84080-D3.pdf\">Fiche technique Solid Edge Design Configurator<\/a>[\/vc_column_text][vc_column_text]<a href=\"https:\/\/solidedge.siemens.com\/fr\/solutions\/products\/complete-product-development-portfolio\/whats-new-in-solid-edge-2022\/\">Nouveaut&eacute;s Solid Edge<\/a>[\/vc_column_text][vc_column_text]<a href=\"https:\/\/community.sw.siemens.com\/s\/topic\/0TO4O000000MihiWAC\/solid-edge\">Communaut&eacute; Solid Edge<\/a>[\/vc_column_text][vc_column_text]<a href=\"https:\/\/solidedge.siemens.com\/fr\/resources\/tutorials\/\">Didacticiels Solid Edge<\/a>[\/vc_column_text]<\/div><\/div>\t\t\t<script type=\"text\/javascript\">\r\n\t\t\t\tjQuery(document).ready(function ($) {\r\n\t\t\t\t\tif( typeof jQuery('.ult-carousel-183012064769f432b6c6929').slick == \"function\"){\r\n\t\t\t\t\t\t$('.ult-carousel-183012064769f432b6c6929').slick({dots: true,autoplaySpeed: 5000,speed: 500,infinite: false,arrows: true,nextArrow: '<button type=\"button\" role=\"button\" aria-label=\"Next\" style=\"color:#ffffff; font-size:30px;background:rgba(255,255,255,0.2);\" class=\"slick-next square-bg\"><i class=\"ultsl-arrow-right6\"><\/i><\/button>',prevArrow: '<button type=\"button\" role=\"button\" aria-label=\"Previous\" style=\"color:#ffffff; font-size:30px;background:rgba(255,255,255,0.2);\" class=\"slick-prev square-bg\"><i class=\"ultsl-arrow-left6\"><\/i><\/button>',slidesToScroll:4,slidesToShow:4,swipe: true,draggable: true,touchMove: true,pauseOnHover: true,pauseOnFocus: false,responsive: [\r\n\t\t\t\t\t\t\t{\r\n\t\t\t\t\t\t\t  breakpoint: 1026,\r\n\t\t\t\t\t\t\t  settings: {\r\n\t\t\t\t\t\t\t\tslidesToShow: 4,\r\n\t\t\t\t\t\t\t\tslidesToScroll: 4,  \r\n\t\t\t\t\t\t\t  }\r\n\t\t\t\t\t\t\t},\r\n\t\t\t\t\t\t\t{\r\n\t\t\t\t\t\t\t  breakpoint: 1025,\r\n\t\t\t\t\t\t\t  settings: {\r\n\t\t\t\t\t\t\t\tslidesToShow: 2,\r\n\t\t\t\t\t\t\t\tslidesToScroll: 2\r\n\t\t\t\t\t\t\t  }\r\n\t\t\t\t\t\t\t},\r\n\t\t\t\t\t\t\t{\r\n\t\t\t\t\t\t\t  breakpoint: 760,\r\n\t\t\t\t\t\t\t  settings: {\r\n\t\t\t\t\t\t\t\tslidesToShow: 1,\r\n\t\t\t\t\t\t\t\tslidesToScroll: 1\r\n\t\t\t\t\t\t\t  }\r\n\t\t\t\t\t\t\t}\r\n\t\t\t\t\t\t],pauseOnDotsHover: true,customPaging: function(slider, i) {\r\n                   return '<i type=\"button\" style= \"color:#ffffff;\" class=\"ultsl-record\" data-role=\"none\"><\/i>';\r\n                },});\r\n\t\t\t\t\t}\r\n\t\t\t\t});\r\n\t\t\t<\/script>\r\n\t\t\t[\/vc_column][\/vc_row]<\/p>\n","protected":false},"excerpt":{"rendered":"<p> Solid Edge Design Configurator Solid Edge\u00ae Design Configurator offre des capacit&eacute;s d&apos;automatisation de la conception puissantes dans l&apos;environnement Solid Edge. Cette application ajoute une fonctionnalit&eacute; d&apos;automatisation bas&eacute;e sur des r&egrave;gles &agrave; l&apos;environnement de conception m&eacute;canique Solid Edge. Enti&egrave;rement int&eacute;gr&eacute;e [&hellip;]<\/p>\n","protected":false},"author":44,"featured_media":0,"parent":2606,"menu_order":5,"comment_status":"closed","ping_status":"closed","template":"","meta":{"inline_featured_image":false},"yoast_head":"<!-- This site is optimized with the Yoast SEO plugin v18.4.1 - https:\/\/yoast.com\/wordpress\/plugins\/seo\/ -->\n<title>Solid Edge Design Configurator<\/title>\n<meta name=\"description\" content=\"Solid Edge\u00ae Design Configurator offre une fonctionnalit\u00e9 d&amp;apos;automatisation bas\u00e9e sur des r\u00e8gles dans l&amp;apos;environnement logiciel de conception m\u00e9canique Solid Edge, pour optimiser votre productivit\u00e9 et acc\u00e9l\u00e9rer la conception.\" \/>\n<meta name=\"robots\" content=\"index, follow, max-snippet:-1, max-image-preview:large, max-video-preview:-1\" \/>\n<link rel=\"canonical\" href=\"https:\/\/solidedge.siemens.com\/fr\/solutions\/products\/3d-design\/design-configurator\/\" \/>\n<meta property=\"og:locale\" content=\"fr_FR\" \/>\n<meta property=\"og:type\" content=\"article\" \/>\n<meta property=\"og:title\" content=\"Solid Edge Design Configurator\" \/>\n<meta property=\"og:description\" content=\"Solid Edge\u00ae Design Configurator offre une fonctionnalit\u00e9 d&amp;apos;automatisation bas\u00e9e sur des r\u00e8gles dans l&amp;apos;environnement logiciel de conception m\u00e9canique Solid Edge, pour optimiser votre productivit\u00e9 et acc\u00e9l\u00e9rer la conception.\" \/>\n<meta property=\"og:url\" content=\"https:\/\/solidedge.siemens.com\/fr\/solutions\/products\/3d-design\/design-configurator\/\" \/>\n<meta property=\"og:site_name\" content=\"Solid Edge\" \/>\n<meta property=\"article:publisher\" content=\"https:\/\/www.facebook.com\/solidedge\" \/>\n<meta property=\"article:modified_time\" content=\"2021-12-10T11:26:15+00:00\" \/>\n<meta name=\"twitter:card\" content=\"summary_large_image\" \/>\n<meta name=\"twitter:site\" content=\"@siemensplm\" \/>\n<meta name=\"twitter:label1\" content=\"Dur\u00e9e de lecture est.\" \/>\n\t<meta name=\"twitter:data1\" content=\"4 minutes\" \/>\n<script type=\"application\/ld+json\" class=\"yoast-schema-graph\">{\"@context\":\"https:\/\/schema.org\",\"@graph\":[{\"@type\":\"Organization\",\"@id\":\"https:\/\/solidedge.siemens.com\/en\/#organization\",\"name\":\"Siemens Digital Industries Software\",\"url\":\"https:\/\/solidedge.siemens.com\/en\/\",\"sameAs\":[\"https:\/\/www.facebook.com\/solidedge\",\"https:\/\/www.instagram.com\/siemens\/\",\"https:\/\/www.linkedin.com\/company\/siemens-plm-software\",\"https:\/\/www.youtube.com\/user\/PolarionSoftware\",\"https:\/\/twitter.com\/siemensplm\"],\"logo\":{\"@type\":\"ImageObject\",\"@id\":\"https:\/\/solidedge.siemens.com\/en\/#logo\",\"inLanguage\":\"fr-FR\",\"url\":\"https:\/\/solidedge.siemens.com\/wp-content\/uploads\/2018\/04\/logo-siemens-ifl@2x.png\",\"contentUrl\":\"https:\/\/solidedge.siemens.com\/wp-content\/uploads\/2018\/04\/logo-siemens-ifl@2x.png\",\"width\":640,\"height\":270,\"caption\":\"Siemens Digital Industries Software\"},\"image\":{\"@id\":\"https:\/\/solidedge.siemens.com\/en\/#logo\"}},{\"@type\":\"WebSite\",\"@id\":\"https:\/\/solidedge.siemens.com\/en\/#website\",\"url\":\"https:\/\/solidedge.siemens.com\/en\/\",\"name\":\"Solid Edge\",\"description\":\"Siemens Digital Industries Software - Ingenuity for Life\",\"publisher\":{\"@id\":\"https:\/\/solidedge.siemens.com\/en\/#organization\"},\"potentialAction\":[{\"@type\":\"SearchAction\",\"target\":{\"@type\":\"EntryPoint\",\"urlTemplate\":\"https:\/\/solidedge.siemens.com\/en\/?s={search_term_string}\"},\"query-input\":\"required name=search_term_string\"}],\"inLanguage\":\"fr-FR\"},{\"@type\":\"WebPage\",\"@id\":\"https:\/\/solidedge.siemens.com\/fr\/solutions\/products\/3d-design\/design-configurator\/#webpage\",\"url\":\"https:\/\/solidedge.siemens.com\/fr\/solutions\/products\/3d-design\/design-configurator\/\",\"name\":\"Solid Edge Design Configurator\",\"isPartOf\":{\"@id\":\"https:\/\/solidedge.siemens.com\/en\/#website\"},\"datePublished\":\"2021-12-10T11:25:59+00:00\",\"dateModified\":\"2021-12-10T11:26:15+00:00\",\"description\":\"Solid Edge\u00ae Design Configurator offre une fonctionnalit\u00e9 d&apos;automatisation bas\u00e9e sur des r\u00e8gles dans l&apos;environnement logiciel de conception m\u00e9canique Solid Edge, pour optimiser votre productivit\u00e9 et acc\u00e9l\u00e9rer la conception.\",\"breadcrumb\":{\"@id\":\"https:\/\/solidedge.siemens.com\/fr\/solutions\/products\/3d-design\/design-configurator\/#breadcrumb\"},\"inLanguage\":\"fr-FR\",\"potentialAction\":[{\"@type\":\"ReadAction\",\"target\":[\"https:\/\/solidedge.siemens.com\/fr\/solutions\/products\/3d-design\/design-configurator\/\"]}]},{\"@type\":\"BreadcrumbList\",\"@id\":\"https:\/\/solidedge.siemens.com\/fr\/solutions\/products\/3d-design\/design-configurator\/#breadcrumb\",\"itemListElement\":[{\"@type\":\"ListItem\",\"position\":1,\"name\":\"Home\",\"item\":\"https:\/\/solidedge.siemens.com\/en\/home-6\/\"},{\"@type\":\"ListItem\",\"position\":2,\"name\":\"Solutions\",\"item\":\"https:\/\/solidedge.siemens.com\/fr\/solutions\/\"},{\"@type\":\"ListItem\",\"position\":3,\"name\":\"Produits\",\"item\":\"https:\/\/solidedge.siemens.com\/fr\/solutions\/products\/\"},{\"@type\":\"ListItem\",\"position\":4,\"name\":\"Conception&nbsp;3D\",\"item\":\"https:\/\/solidedge.siemens.com\/fr\/solutions\/products\/3d-design\/\"},{\"@type\":\"ListItem\",\"position\":5,\"name\":\"Design Configurator\"}]}]}<\/script>\n<!-- \/ Yoast SEO plugin. -->","yoast_head_json":{"title":"Solid Edge Design Configurator","description":"Solid Edge\u00ae Design Configurator offre une fonctionnalit\u00e9 d&apos;automatisation bas\u00e9e sur des r\u00e8gles dans l&apos;environnement logiciel de conception m\u00e9canique Solid Edge, pour optimiser votre productivit\u00e9 et acc\u00e9l\u00e9rer la conception.","robots":{"index":"index","follow":"follow","max-snippet":"max-snippet:-1","max-image-preview":"max-image-preview:large","max-video-preview":"max-video-preview:-1"},"canonical":"https:\/\/solidedge.siemens.com\/fr\/solutions\/products\/3d-design\/design-configurator\/","og_locale":"fr_FR","og_type":"article","og_title":"Solid Edge Design Configurator","og_description":"Solid Edge\u00ae Design Configurator offre une fonctionnalit\u00e9 d&apos;automatisation bas\u00e9e sur des r\u00e8gles dans l&apos;environnement logiciel de conception m\u00e9canique Solid Edge, pour optimiser votre productivit\u00e9 et acc\u00e9l\u00e9rer la conception.","og_url":"https:\/\/solidedge.siemens.com\/fr\/solutions\/products\/3d-design\/design-configurator\/","og_site_name":"Solid Edge","article_publisher":"https:\/\/www.facebook.com\/solidedge","article_modified_time":"2021-12-10T11:26:15+00:00","twitter_card":"summary_large_image","twitter_site":"@siemensplm","twitter_misc":{"Dur\u00e9e de lecture est.":"4 minutes"},"schema":{"@context":"https:\/\/schema.org","@graph":[{"@type":"Organization","@id":"https:\/\/solidedge.siemens.com\/en\/#organization","name":"Siemens Digital Industries Software","url":"https:\/\/solidedge.siemens.com\/en\/","sameAs":["https:\/\/www.facebook.com\/solidedge","https:\/\/www.instagram.com\/siemens\/","https:\/\/www.linkedin.com\/company\/siemens-plm-software","https:\/\/www.youtube.com\/user\/PolarionSoftware","https:\/\/twitter.com\/siemensplm"],"logo":{"@type":"ImageObject","@id":"https:\/\/solidedge.siemens.com\/en\/#logo","inLanguage":"fr-FR","url":"https:\/\/solidedge.siemens.com\/wp-content\/uploads\/2018\/04\/logo-siemens-ifl@2x.png","contentUrl":"https:\/\/solidedge.siemens.com\/wp-content\/uploads\/2018\/04\/logo-siemens-ifl@2x.png","width":640,"height":270,"caption":"Siemens Digital Industries Software"},"image":{"@id":"https:\/\/solidedge.siemens.com\/en\/#logo"}},{"@type":"WebSite","@id":"https:\/\/solidedge.siemens.com\/en\/#website","url":"https:\/\/solidedge.siemens.com\/en\/","name":"Solid Edge","description":"Siemens Digital Industries Software - Ingenuity for Life","publisher":{"@id":"https:\/\/solidedge.siemens.com\/en\/#organization"},"potentialAction":[{"@type":"SearchAction","target":{"@type":"EntryPoint","urlTemplate":"https:\/\/solidedge.siemens.com\/en\/?s={search_term_string}"},"query-input":"required name=search_term_string"}],"inLanguage":"fr-FR"},{"@type":"WebPage","@id":"https:\/\/solidedge.siemens.com\/fr\/solutions\/products\/3d-design\/design-configurator\/#webpage","url":"https:\/\/solidedge.siemens.com\/fr\/solutions\/products\/3d-design\/design-configurator\/","name":"Solid Edge Design Configurator","isPartOf":{"@id":"https:\/\/solidedge.siemens.com\/en\/#website"},"datePublished":"2021-12-10T11:25:59+00:00","dateModified":"2021-12-10T11:26:15+00:00","description":"Solid Edge\u00ae Design Configurator offre une fonctionnalit\u00e9 d&apos;automatisation bas\u00e9e sur des r\u00e8gles dans l&apos;environnement logiciel de conception m\u00e9canique Solid Edge, pour optimiser votre productivit\u00e9 et acc\u00e9l\u00e9rer la conception.","breadcrumb":{"@id":"https:\/\/solidedge.siemens.com\/fr\/solutions\/products\/3d-design\/design-configurator\/#breadcrumb"},"inLanguage":"fr-FR","potentialAction":[{"@type":"ReadAction","target":["https:\/\/solidedge.siemens.com\/fr\/solutions\/products\/3d-design\/design-configurator\/"]}]},{"@type":"BreadcrumbList","@id":"https:\/\/solidedge.siemens.com\/fr\/solutions\/products\/3d-design\/design-configurator\/#breadcrumb","itemListElement":[{"@type":"ListItem","position":1,"name":"Home","item":"https:\/\/solidedge.siemens.com\/en\/home-6\/"},{"@type":"ListItem","position":2,"name":"Solutions","item":"https:\/\/solidedge.siemens.com\/fr\/solutions\/"},{"@type":"ListItem","position":3,"name":"Produits","item":"https:\/\/solidedge.siemens.com\/fr\/solutions\/products\/"},{"@type":"ListItem","position":4,"name":"Conception&nbsp;3D","item":"https:\/\/solidedge.siemens.com\/fr\/solutions\/products\/3d-design\/"},{"@type":"ListItem","position":5,"name":"Design Configurator"}]}]}},"_links":{"self":[{"href":"https:\/\/solidedge.siemens.com\/fr\/wp-json\/wp\/v2\/pages\/49852"}],"collection":[{"href":"https:\/\/solidedge.siemens.com\/fr\/wp-json\/wp\/v2\/pages"}],"about":[{"href":"https:\/\/solidedge.siemens.com\/fr\/wp-json\/wp\/v2\/types\/page"}],"author":[{"embeddable":true,"href":"https:\/\/solidedge.siemens.com\/fr\/wp-json\/wp\/v2\/users\/44"}],"replies":[{"embeddable":true,"href":"https:\/\/solidedge.siemens.com\/fr\/wp-json\/wp\/v2\/comments?post=49852"}],"version-history":[{"count":9,"href":"https:\/\/solidedge.siemens.com\/fr\/wp-json\/wp\/v2\/pages\/49852\/revisions"}],"predecessor-version":[{"id":55532,"href":"https:\/\/solidedge.siemens.com\/fr\/wp-json\/wp\/v2\/pages\/49852\/revisions\/55532"}],"up":[{"embeddable":true,"href":"https:\/\/solidedge.siemens.com\/fr\/wp-json\/wp\/v2\/pages\/2606"}],"wp:attachment":[{"href":"https:\/\/solidedge.siemens.com\/fr\/wp-json\/wp\/v2\/media?parent=49852"}],"curies":[{"name":"wp","href":"https:\/\/api.w.org\/{rel}","templated":true}]}}