{"id":49009,"date":"2021-12-10T06:35:40","date_gmt":"2021-12-10T11:35:40","guid":{"rendered":"https:\/\/solidedge.siemens.com\/?page_id=49009"},"modified":"2021-12-10T06:35:59","modified_gmt":"2021-12-10T11:35:59","slug":"simcenter-flomaster-for-solid-edge","status":"publish","type":"page","link":"https:\/\/solidedge.siemens.com\/fr\/solutions\/products\/simulation\/simcenter-flomaster-for-solid-edge\/","title":{"rendered":"Simcenter Flomaster pour Solid Edge"},"content":{"rendered":"<p>[vc_row full_width=\u00a0\u00bbstretch_row\u00a0\u00bb full_height=\u00a0\u00bbyes\u00a0\u00bb content_placement=\u00a0\u00bbmiddle\u00a0\u00bb css=\u00a0\u00bb.vc_custom_1632140129169{background: #a6a6a6 url(https:\/\/solidedge.siemens.com\/wp-content\/uploads\/2021\/09\/computer-user-woman-solid-edge-sehero-1920&#215;873-1.jpg?id=49459) !important;background-position: center !important;background-repeat: no-repeat !important;background-size: cover !important;}\u00a0\u00bb el_class=\u00a0\u00bbvc-row-hero-banner\u00a0\u00bb][vc_column][vc_column_text el_class=\u00a0\u00bb.vc-el-callout\u00a0\u00bb]<\/p>\n<h1>Simcenter Flomaster pour Solid Edge<\/h1>\n<p>Simcenter Flomaster pour Solid Edge vous permet de mod&eacute;liser et d&apos;analyser facilement les flux thermiques et fluiques dans les syst&egrave;mes de tuyauterie. Ses workflows rationalis&eacute;s permettent un calcul et une visualisation rapides de la vitesse, de la temp&eacute;rature et de la chute de pression des flux dans les syst&egrave;mes de tuyauterie dans un environnement&nbsp;1D en cr&eacute;ant automatiquement un mod&egrave;le de simulation &agrave; partir de g&eacute;om&eacute;tries&nbsp;3D. Cette capacit&eacute; de simulation thermo-fluidique de pointe vous permet de dimensionner et d&apos;&eacute;quilibrer les syst&egrave;mes de tuyauterie d&egrave;s le d&eacute;but de la phase de conception afin de mod&eacute;liser diff&eacute;rentes conditions de fonctionnement pour une s&eacute;curit&eacute; et une efficacit&eacute; maximales lors de l&apos;exploitation.<\/p>\n<p><a class=\"action-button\" href=\"\/en\/try-now\/\"><i class=\"icon-ext\"><\/i>Version d&apos;&eacute;valuation gratuite de Solid&nbsp;Edge<\/a>[\/vc_column_text][\/vc_column][\/vc_row][vc_row][vc_column][vc_column_text el_class=\u00a0\u00bbvc-el-lead-in\u00a0\u00bb]Capacit&eacute;s<\/p>\n<h2>Simulation thermo-fluidique de pointe<\/h2>\n<p>Utilisez la simulation pour acc&eacute;l&eacute;rer et am&eacute;liorer la conception de syst&egrave;mes de tuyauterie[\/vc_column_text][vc_row_inner el_class=\u00a0\u00bbvc-row-image-teasers\u00a0\u00bb][vc_column_inner width=\u00a0\u00bb1\/3&Prime;][vc_single_image image=\u00a0\u00bb51146&Prime; img_size=\u00a0\u00bbfull\u00a0\u00bb][vc_column_text]<\/p>\n<h3>L&apos;environnement&nbsp;1D rationalise le flux de travail<\/h3>\n<p>Simcenter Flomaster pour Solid Edge calcule et fournit une visualisation de la vitesse, de la temp&eacute;rature et de la chute de pression des flux dans les syst&egrave;mes de tuyauterie dans un environnement&nbsp;1D. Son flux de travail rationalis&eacute; cr&eacute;e automatiquement un mod&egrave;le de simulation &agrave; partir de g&eacute;om&eacute;tries de CAO&nbsp;3D, ce qui peut r&eacute;duire jusqu&apos;&agrave; 90&nbsp;% le temps n&eacute;cessaire &agrave; la construction d&apos;un mod&egrave;le de simulation.[\/vc_column_text][\/vc_column_inner][vc_column_inner width=\u00a0\u00bb1\/3&Prime;][vc_single_image image=\u00a0\u00bb51133&Prime; img_size=\u00a0\u00bbfull\u00a0\u00bb][vc_column_text]<\/p>\n<h3>Extraction automatique de g&eacute;om&eacute;tries&nbsp;3D<\/h3>\n<p>Simcenter Flomaster pour Solid Edge automatise la g&eacute;n&eacute;ration de mod&egrave;les au niveau du syst&egrave;me, directement &agrave; partir de g&eacute;om&eacute;tries&nbsp;3D. Il suffit d&apos;abstraire la g&eacute;om&eacute;trie&nbsp;3D dans Solid Edge pour cr&eacute;er automatiquement un mod&egrave;le de simulation pr&ecirc;t &agrave; &ecirc;tre ex&eacute;cut&eacute; dans Simcenter Flomaster. Vous pouvez effectuer des analyses statiques et dynamiques sur le mod&egrave;le pour &eacute;valuer les performances du syst&egrave;me de tuyauterie. Les analyses incluent le comportement du syst&egrave;me dynamique et le dimensionnement des composants.[\/vc_column_text][\/vc_column_inner][vc_column_inner width=\u00a0\u00bb1\/3&Prime;][vc_single_image image=\u00a0\u00bb51120&Prime; img_size=\u00a0\u00bbfull\u00a0\u00bb][vc_column_text]<\/p>\n<h3>Assistants int&eacute;gr&eacute;s<\/h3>\n<p>Gr&acirc;ce &agrave; ses assistants int&eacute;gr&eacute;s, Simcenter Flomaster pour Solid&nbsp;Edge est facile &agrave; utiliser pour les novices, mais il convient &eacute;galement aux experts en simulation gr&acirc;ce &agrave; ses capacit&eacute;s avanc&eacute;es comme la simulation d&apos;&eacute;v&eacute;nements dynamiques rapides.[\/vc_column_text][\/vc_column_inner][\/vc_row_inner][vc_row_inner][vc_column_inner][vc_column_text css=\u00a0\u00bb.vc_custom_1632933182422{margin-top: 0px !important;margin-bottom: 0px !important;border-top-width: 0px !important;border-bottom-width: 0px !important;padding-top: 0px !important;padding-bottom: 0px !important;}\u00a0\u00bb]<\/p>\n<p style=\"text-align: right;\"><a class=\"action-button transparent\" href=\"https:\/\/solidedge.siemens.com\/wp-content\/uploads\/2021\/09\/Siemens-SW-Simcenter-Flomaster-for-Solid-Edge-FS-84069-D4-1.pdf\" target=\"_blank\" rel=\"noopener\"><i class=\"icon-ext\"><\/i>T&eacute;l&eacute;charger la fiche technique Simcenter Flomaster pour Solid Edge<\/a><\/p>\n<p>[\/vc_column_text][\/vc_column_inner][\/vc_row_inner][\/vc_column][\/vc_row][vc_row full_width=\u00a0\u00bbstretch_row\u00a0\u00bb el_class=\u00a0\u00bbvc-row-free-software\u00a0\u00bb css=\u00a0\u00bb.vc_custom_1523912493378{background-color: #006486 !important;}\u00a0\u00bb][vc_column][vc_column_text el_class=\u00a0\u00bbvc-el-lead-in\u00a0\u00bb]Offres<\/p>\n<h2>Logiciel de conception&nbsp;3D gratuit<\/h2>\n<p>[\/vc_column_text][vc_row_inner equal_height=\u00a0\u00bbyes\u00a0\u00bb][vc_column_inner width=\u00a0\u00bb1\/2&Prime; offset=\u00a0\u00bbvc_col-md-5&Prime;]<div class=\"wpb_content_block wpb_content_element\"><div class=\"wpb_wrapper\"><div class=\"content_block\" id=\"custom_post_widget-418\"><p>[vc_row][vc_column][vc_column_text]<\/p>\n<h3>Essayez Solid Edge gratuitement<\/h3>\n<p>Obtenez un acc\u00e8s instantan\u00e9 \u00e0 un essai gratuit de Solid Edge, et essayez-le par vous-m\u00eame.[\/vc_column_text][vc_column_text]<a class=\"action-button\" href=\"\/fr\/try-now\/\"><i class=\"icon-ext\"><\/i>D\u00e9marrez<\/a>[\/vc_column_text][\/vc_column][\/vc_row]<\/p>\n<\/div><\/div><\/div>[\/vc_column_inner][vc_column_inner width=\u00a0\u00bb1\/2&Prime; offset=\u00a0\u00bbvc_col-md-offset-2 vc_col-md-5&Prime;]<div class=\"wpb_content_block wpb_content_element\"><div class=\"wpb_wrapper\"><div class=\"content_block\" id=\"custom_post_widget-419\"><p>[vc_row][vc_column][vc_column_text]<\/p>\n<h3>Logiciel gratuit pour votre startup<\/h3>\n<p>Si vous dirigez une startup depuis moins de trois ans, vous pouvez maintenant faire une demande pour obtenir gratuitement Solid Edge. Aucun frais \u00e0 votre charge\u00a0![\/vc_column_text][vc_column_text]<a class=\"action-button\" href=\"https:\/\/www.plm.automation.siemens.com\/global\/fr\/topic\/solid-edge-for-startups\/8335\"><i class=\"icon-ext\"><\/i>Postuler<\/a>[\/vc_column_text][\/vc_column][\/vc_row]<\/p>\n<\/div><\/div><\/div>[\/vc_column_inner][\/vc_row_inner][\/vc_column][\/vc_row][vc_row full_width=\u00a0\u00bbstretch_row\u00a0\u00bb el_class=\u00a0\u00bbvc-row-video-highlight\u00a0\u00bb css=\u00a0\u00bb.vc_custom_1632140521520{margin-top: 0px !important;border-top-width: 0px !important;padding-top: 0px !important;}\u00a0\u00bb][vc_column][vc_column_text el_class=\u00a0\u00bbvc-el-lead-in\u00a0\u00bb]Vid&eacute;o<\/p>\n<h2>Am&eacute;liorez la fluidit&eacute; des conceptions de syst&egrave;mes de tuyauterie<\/h2>\n<p>Acc&eacute;l&eacute;rez la vitesse des &eacute;tudes de simulation gr&acirc;ce &agrave; des processus automatis&eacute;s qui valident les performances de la conception et rationalisent la simulation thermo-fluidique.[\/vc_column_text]\n\n\n  <div id=\"wpv-view-layout-567-CATTR456c36b0972e60e05d7109d9fd8c69e2\" class=\"js-wpv-view-layout js-wpv-layout-responsive js-wpv-view-layout-567-CATTR456c36b0972e60e05d7109d9fd8c69e2\" data-viewnumber=\"567-CATTR456c36b0972e60e05d7109d9fd8c69e2\" data-pagination=\"{&quot;id&quot;:567,&quot;query&quot;:&quot;normal&quot;,&quot;type&quot;:&quot;disabled&quot;,&quot;effect&quot;:&quot;fade&quot;,&quot;duration&quot;:500,&quot;speed&quot;:5,&quot;pause_on_hover&quot;:&quot;disabled&quot;,&quot;stop_rollover&quot;:&quot;false&quot;,&quot;cache_pages&quot;:&quot;enabled&quot;,&quot;preload_images&quot;:&quot;enabled&quot;,&quot;preload_pages&quot;:&quot;enabled&quot;,&quot;preload_reach&quot;:1,&quot;spinner&quot;:&quot;builtin&quot;,&quot;spinner_image&quot;:&quot;https:\/\/solidedge.siemens.com\/wp-content\/plugins\/wp-views\/embedded\/res\/img\/ajax-loader.gif&quot;,&quot;callback_next&quot;:&quot;&quot;,&quot;manage_history&quot;:&quot;disabled&quot;,&quot;has_controls_in_form&quot;:&quot;disabled&quot;,&quot;infinite_tolerance&quot;:&quot;0&quot;,&quot;max_pages&quot;:0,&quot;page&quot;:1,&quot;base_permalink&quot;:&quot;\/fr\/wp-json\/wp\/v2\/pages\/49009?wpv_view_count=567-CATTR456c36b0972e60e05d7109d9fd8c69e2&amp;wpv_paged=WPV_PAGE_NUM&quot;,&quot;loop&quot;:{&quot;type&quot;:&quot;&quot;,&quot;name&quot;:&quot;&quot;,&quot;data&quot;:[],&quot;id&quot;:0}}\" data-permalink=\"\/fr\/wp-json\/wp\/v2\/pages\/49009?wpv_view_count=567-CATTR456c36b0972e60e05d7109d9fd8c69e2\">\n\n  \n  <div class=\"wpv-resources\"><a name=\"video\" class=\"video-anchor\"><\/a>\n    <div id=\"ult-carousel-147593419269d241d6c7130\" class=\"ult-carousel-wrapper  vc-el-carousel-videos-embedded ult_horizontal\" data-gutter=\"0\" data-rtl=\"false\" ><div class=\"ult-carousel-132037871269d241d6c710e \" >\n    \n    \n       <div><!-- slide container -->\n        <div class=\"wpv-resources-item\" data-mh=\".wpv-resources-item\">\n          <div class=\"resources-item-poster\">\n              <div id=\"wpfp_f6aaf014f1ed719686911bd38234f21f\" data-item=\"{&quot;sources&quot;:&#091;{&quot;src&quot;:&quot;https:\\\/\\\/videos.mentor-cdn.com\\\/mgc\\\/videos\\\/5400\\\/739b9c54-dc3d-4f7e-9243-88c96e8fe663-en-US-video.mp4&quot;,&quot;type&quot;:&quot;video\\\/mp4&quot;}&#093;}\" class=\"flowplayer no-brand is-splash no-svg is-paused skin-slim fp-slim fp-edgy\" data-embed=\"false\" style=\"max-width: 1140px; max-height: 640px; background-image: url(https:\/\/solidedge.siemens.com\/wp-content\/uploads\/2021\/09\/739b9c54-dc3d-4f7e-9243-88c96e8fe663-en-US-thumbnail.png);\" data-ratio=\"0.5614\" data-advance=\"false\">\n\t<div class=\"fp-ratio\" style=\"padding-top: 56.14%\"><\/div>\n\t<div class=\"fp-ui\"><div class=\"fp-play fp-visible\"><a class=\"fp-icon fp-playbtn\"><\/a><\/div><\/div>\n\n<\/div>\n\n              \n          <\/div>\n        <\/div>\n      <\/div>\n    \n    \n    <\/div><\/div>\t\t\t<script type=\"text\/javascript\">\r\n\t\t\t\tjQuery(document).ready(function ($) {\r\n\t\t\t\t\tif( typeof jQuery('.ult-carousel-132037871269d241d6c710e').slick == \"function\"){\r\n\t\t\t\t\t\t$('.ult-carousel-132037871269d241d6c710e').slick({dots: true,autoplaySpeed: 5000,speed: 500,infinite: false,arrows: true,nextArrow: '<button type=\"button\" role=\"button\" aria-label=\"Next\" style=\"color:#ffffff; font-size:30px;background:rgba(47,56,60,0.5);\" class=\"slick-next square-bg\"><i class=\"ultsl-arrow-right6\"><\/i><\/button>',prevArrow: '<button type=\"button\" role=\"button\" aria-label=\"Previous\" style=\"color:#ffffff; font-size:30px;background:rgba(47,56,60,0.5);\" class=\"slick-prev square-bg\"><i class=\"ultsl-arrow-left6\"><\/i><\/button>',slidesToScroll:1,slidesToShow:1,swipe: true,draggable: true,touchMove: true,pauseOnHover: true,pauseOnFocus: false,responsive: [\r\n\t\t\t\t\t\t\t{\r\n\t\t\t\t\t\t\t  breakpoint: 1026,\r\n\t\t\t\t\t\t\t  settings: {\r\n\t\t\t\t\t\t\t\tslidesToShow: 1,\r\n\t\t\t\t\t\t\t\tslidesToScroll: 1,  \r\n\t\t\t\t\t\t\t  }\r\n\t\t\t\t\t\t\t},\r\n\t\t\t\t\t\t\t{\r\n\t\t\t\t\t\t\t  breakpoint: 1025,\r\n\t\t\t\t\t\t\t  settings: {\r\n\t\t\t\t\t\t\t\tslidesToShow: 1,\r\n\t\t\t\t\t\t\t\tslidesToScroll: 1\r\n\t\t\t\t\t\t\t  }\r\n\t\t\t\t\t\t\t},\r\n\t\t\t\t\t\t\t{\r\n\t\t\t\t\t\t\t  breakpoint: 760,\r\n\t\t\t\t\t\t\t  settings: {\r\n\t\t\t\t\t\t\t\tslidesToShow: 1,\r\n\t\t\t\t\t\t\t\tslidesToScroll: 1\r\n\t\t\t\t\t\t\t  }\r\n\t\t\t\t\t\t\t}\r\n\t\t\t\t\t\t],pauseOnDotsHover: true,customPaging: function(slider, i) {\r\n                   return '<i type=\"button\" style= \"color:#788891;\" class=\"ultsl-record\" data-role=\"none\"><\/i>';\r\n                },});\r\n\t\t\t\t\t}\r\n\t\t\t\t});\r\n\t\t\t<\/script>\r\n\t\t\t\n  <\/div>\n  \n  \n  <\/div>\n[\/vc_column][\/vc_row][vc_row full_width=\u00a0\u00bbstretch_row\u00a0\u00bb el_class=\u00a0\u00bbvc-row-related-content\u00a0\u00bb css=\u00a0\u00bb.vc_custom_1524184785822{background-color: #347eb5 !important;}\u00a0\u00bb][vc_column][vc_column_text]<\/p>\n<h2>Contenu associ&eacute;<\/h2>\n<p>[\/vc_column_text]<div id=\"ult-carousel-70921923869d241d6c797d\" class=\"ult-carousel-wrapper  vc-el-carousel-related-content ult_horizontal\" data-gutter=\"0\" data-rtl=\"false\" ><div class=\"ult-carousel-178327140769d241d6c795a \" >[vc_column_text]<a href=\"https:\/\/solidedge.siemens.com\/wp-content\/uploads\/2021\/09\/Siemens-SW-Simcenter-Flomaster-for-Solid-Edge-FS-84069-D4-1.pdf\">Fiche technique Simcenter Flomaster pour Solid Edge<\/a>[\/vc_column_text][vc_column_text]<a href=\"https:\/\/community.sw.siemens.com\/s\/topic\/0TO4O000000MihiWAC\/solid-edge\">Communaut&eacute; Solid Edge<\/a>[\/vc_column_text][vc_column_text]<a href=\"https:\/\/solidedge.siemens.com\/fr\/resources\/tutorials\/\">Didacticiels Solid Edge<\/a>[\/vc_column_text][vc_column_text]<a href=\"https:\/\/www.youtube.com\/c\/SiemensSoftware\/playlists?view=50&amp;sort=dd&amp;shelf_id=6\">Vid&eacute;os YouTube Solid Edge<\/a>[\/vc_column_text]<\/div><\/div>\t\t\t<script type=\"text\/javascript\">\r\n\t\t\t\tjQuery(document).ready(function ($) {\r\n\t\t\t\t\tif( typeof jQuery('.ult-carousel-178327140769d241d6c795a').slick == \"function\"){\r\n\t\t\t\t\t\t$('.ult-carousel-178327140769d241d6c795a').slick({dots: true,autoplaySpeed: 5000,speed: 500,infinite: false,arrows: true,nextArrow: '<button type=\"button\" role=\"button\" aria-label=\"Next\" style=\"color:#ffffff; font-size:30px;background:rgba(255,255,255,0.2);\" class=\"slick-next square-bg\"><i class=\"ultsl-arrow-right6\"><\/i><\/button>',prevArrow: '<button type=\"button\" role=\"button\" aria-label=\"Previous\" style=\"color:#ffffff; font-size:30px;background:rgba(255,255,255,0.2);\" class=\"slick-prev square-bg\"><i class=\"ultsl-arrow-left6\"><\/i><\/button>',slidesToScroll:4,slidesToShow:4,swipe: true,draggable: true,touchMove: true,pauseOnHover: true,pauseOnFocus: false,responsive: [\r\n\t\t\t\t\t\t\t{\r\n\t\t\t\t\t\t\t  breakpoint: 1026,\r\n\t\t\t\t\t\t\t  settings: {\r\n\t\t\t\t\t\t\t\tslidesToShow: 4,\r\n\t\t\t\t\t\t\t\tslidesToScroll: 4,  \r\n\t\t\t\t\t\t\t  }\r\n\t\t\t\t\t\t\t},\r\n\t\t\t\t\t\t\t{\r\n\t\t\t\t\t\t\t  breakpoint: 1025,\r\n\t\t\t\t\t\t\t  settings: {\r\n\t\t\t\t\t\t\t\tslidesToShow: 2,\r\n\t\t\t\t\t\t\t\tslidesToScroll: 2\r\n\t\t\t\t\t\t\t  }\r\n\t\t\t\t\t\t\t},\r\n\t\t\t\t\t\t\t{\r\n\t\t\t\t\t\t\t  breakpoint: 760,\r\n\t\t\t\t\t\t\t  settings: {\r\n\t\t\t\t\t\t\t\tslidesToShow: 1,\r\n\t\t\t\t\t\t\t\tslidesToScroll: 1\r\n\t\t\t\t\t\t\t  }\r\n\t\t\t\t\t\t\t}\r\n\t\t\t\t\t\t],pauseOnDotsHover: true,customPaging: function(slider, i) {\r\n                   return '<i type=\"button\" style= \"color:#ffffff;\" class=\"ultsl-record\" data-role=\"none\"><\/i>';\r\n                },});\r\n\t\t\t\t\t}\r\n\t\t\t\t});\r\n\t\t\t<\/script>\r\n\t\t\t[\/vc_column][\/vc_row][vc_row full_width=\u00a0\u00bbstretch_row\u00a0\u00bb el_class=\u00a0\u00bbfooter-contact\u00a0\u00bb css=\u00a0\u00bb.vc_custom_1550170708528{background-color: #dedee3 !important;}\u00a0\u00bb][vc_column]<div class=\"wpb_content_block wpb_content_element\"><div class=\"wpb_wrapper\"><\/div><\/div>[\/vc_column][\/vc_row]<\/p>\n","protected":false},"excerpt":{"rendered":"<p> Simcenter Flomaster pour Solid Edge Simcenter Flomaster pour Solid Edge vous permet de mod&eacute;liser et d&apos;analyser facilement les flux thermiques et fluiques dans les syst&egrave;mes de tuyauterie. Ses workflows rationalis&eacute;s permettent un calcul et une visualisation rapides de la [&hellip;]<\/p>\n","protected":false},"author":44,"featured_media":0,"parent":2604,"menu_order":5,"comment_status":"closed","ping_status":"closed","template":"","meta":{"inline_featured_image":false},"yoast_head":"<!-- This site is optimized with the Yoast SEO plugin v18.4.1 - https:\/\/yoast.com\/wordpress\/plugins\/seo\/ -->\n<title>Simcenter Flomaster pour Solid Edge | Simulation CFD | Siemens<\/title>\n<meta name=\"description\" content=\"Mod\u00e9lisez et analysez les flux fluidiques et thermiques dans les syst\u00e8mes de tuyauterie et rationalisez vos workflows de simulation avec Simcenter Flomaster pour Solid Edge.\" \/>\n<meta name=\"robots\" content=\"index, follow, max-snippet:-1, max-image-preview:large, max-video-preview:-1\" \/>\n<link rel=\"canonical\" href=\"https:\/\/solidedge.siemens.com\/fr\/solutions\/products\/simulation\/simcenter-flomaster-for-solid-edge\/\" \/>\n<meta property=\"og:locale\" content=\"fr_FR\" \/>\n<meta property=\"og:type\" content=\"article\" \/>\n<meta property=\"og:title\" content=\"Simcenter Flomaster pour Solid Edge | Simulation CFD | Siemens\" \/>\n<meta property=\"og:description\" content=\"Mod\u00e9lisez et analysez les flux fluidiques et thermiques dans les syst\u00e8mes de tuyauterie et rationalisez vos workflows de simulation avec Simcenter Flomaster pour Solid Edge.\" \/>\n<meta property=\"og:url\" content=\"https:\/\/solidedge.siemens.com\/fr\/solutions\/products\/simulation\/simcenter-flomaster-for-solid-edge\/\" \/>\n<meta property=\"og:site_name\" content=\"Solid Edge\" \/>\n<meta property=\"article:publisher\" content=\"https:\/\/www.facebook.com\/solidedge\" \/>\n<meta property=\"article:modified_time\" content=\"2021-12-10T11:35:59+00:00\" \/>\n<meta name=\"twitter:card\" content=\"summary_large_image\" \/>\n<meta name=\"twitter:site\" content=\"@siemensplm\" \/>\n<meta name=\"twitter:label1\" content=\"Dur\u00e9e de lecture est.\" \/>\n\t<meta name=\"twitter:data1\" content=\"5 minutes\" \/>\n<script type=\"application\/ld+json\" class=\"yoast-schema-graph\">{\"@context\":\"https:\/\/schema.org\",\"@graph\":[{\"@type\":\"Organization\",\"@id\":\"https:\/\/solidedge.siemens.com\/en\/#organization\",\"name\":\"Siemens Digital Industries Software\",\"url\":\"https:\/\/solidedge.siemens.com\/en\/\",\"sameAs\":[\"https:\/\/www.facebook.com\/solidedge\",\"https:\/\/www.instagram.com\/siemens\/\",\"https:\/\/www.linkedin.com\/company\/siemens-plm-software\",\"https:\/\/www.youtube.com\/user\/PolarionSoftware\",\"https:\/\/twitter.com\/siemensplm\"],\"logo\":{\"@type\":\"ImageObject\",\"@id\":\"https:\/\/solidedge.siemens.com\/en\/#logo\",\"inLanguage\":\"fr-FR\",\"url\":\"https:\/\/solidedge.siemens.com\/wp-content\/uploads\/2018\/04\/logo-siemens-ifl@2x.png\",\"contentUrl\":\"https:\/\/solidedge.siemens.com\/wp-content\/uploads\/2018\/04\/logo-siemens-ifl@2x.png\",\"width\":640,\"height\":270,\"caption\":\"Siemens Digital Industries Software\"},\"image\":{\"@id\":\"https:\/\/solidedge.siemens.com\/en\/#logo\"}},{\"@type\":\"WebSite\",\"@id\":\"https:\/\/solidedge.siemens.com\/en\/#website\",\"url\":\"https:\/\/solidedge.siemens.com\/en\/\",\"name\":\"Solid Edge\",\"description\":\"Siemens Digital Industries Software - Ingenuity for Life\",\"publisher\":{\"@id\":\"https:\/\/solidedge.siemens.com\/en\/#organization\"},\"potentialAction\":[{\"@type\":\"SearchAction\",\"target\":{\"@type\":\"EntryPoint\",\"urlTemplate\":\"https:\/\/solidedge.siemens.com\/en\/?s={search_term_string}\"},\"query-input\":\"required name=search_term_string\"}],\"inLanguage\":\"fr-FR\"},{\"@type\":\"WebPage\",\"@id\":\"https:\/\/solidedge.siemens.com\/fr\/solutions\/products\/simulation\/simcenter-flomaster-for-solid-edge\/#webpage\",\"url\":\"https:\/\/solidedge.siemens.com\/fr\/solutions\/products\/simulation\/simcenter-flomaster-for-solid-edge\/\",\"name\":\"Simcenter Flomaster pour Solid Edge | Simulation CFD | Siemens\",\"isPartOf\":{\"@id\":\"https:\/\/solidedge.siemens.com\/en\/#website\"},\"datePublished\":\"2021-12-10T11:35:40+00:00\",\"dateModified\":\"2021-12-10T11:35:59+00:00\",\"description\":\"Mod\u00e9lisez et analysez les flux fluidiques et thermiques dans les syst\u00e8mes de tuyauterie et rationalisez vos workflows de simulation avec Simcenter Flomaster pour Solid Edge.\",\"breadcrumb\":{\"@id\":\"https:\/\/solidedge.siemens.com\/fr\/solutions\/products\/simulation\/simcenter-flomaster-for-solid-edge\/#breadcrumb\"},\"inLanguage\":\"fr-FR\",\"potentialAction\":[{\"@type\":\"ReadAction\",\"target\":[\"https:\/\/solidedge.siemens.com\/fr\/solutions\/products\/simulation\/simcenter-flomaster-for-solid-edge\/\"]}]},{\"@type\":\"BreadcrumbList\",\"@id\":\"https:\/\/solidedge.siemens.com\/fr\/solutions\/products\/simulation\/simcenter-flomaster-for-solid-edge\/#breadcrumb\",\"itemListElement\":[{\"@type\":\"ListItem\",\"position\":1,\"name\":\"Home\",\"item\":\"https:\/\/solidedge.siemens.com\/en\/home-6\/\"},{\"@type\":\"ListItem\",\"position\":2,\"name\":\"Solutions\",\"item\":\"https:\/\/solidedge.siemens.com\/fr\/solutions\/\"},{\"@type\":\"ListItem\",\"position\":3,\"name\":\"Produits\",\"item\":\"https:\/\/solidedge.siemens.com\/fr\/solutions\/products\/\"},{\"@type\":\"ListItem\",\"position\":4,\"name\":\"Simulation\",\"item\":\"https:\/\/solidedge.siemens.com\/fr\/solutions\/products\/simulation\/\"},{\"@type\":\"ListItem\",\"position\":5,\"name\":\"Simcenter Flomaster pour Solid Edge\"}]}]}<\/script>\n<!-- \/ Yoast SEO plugin. -->","yoast_head_json":{"title":"Simcenter Flomaster pour Solid Edge | Simulation CFD | Siemens","description":"Mod\u00e9lisez et analysez les flux fluidiques et thermiques dans les syst\u00e8mes de tuyauterie et rationalisez vos workflows de simulation avec Simcenter Flomaster pour Solid Edge.","robots":{"index":"index","follow":"follow","max-snippet":"max-snippet:-1","max-image-preview":"max-image-preview:large","max-video-preview":"max-video-preview:-1"},"canonical":"https:\/\/solidedge.siemens.com\/fr\/solutions\/products\/simulation\/simcenter-flomaster-for-solid-edge\/","og_locale":"fr_FR","og_type":"article","og_title":"Simcenter Flomaster pour Solid Edge | Simulation CFD | Siemens","og_description":"Mod\u00e9lisez et analysez les flux fluidiques et thermiques dans les syst\u00e8mes de tuyauterie et rationalisez vos workflows de simulation avec Simcenter Flomaster pour Solid Edge.","og_url":"https:\/\/solidedge.siemens.com\/fr\/solutions\/products\/simulation\/simcenter-flomaster-for-solid-edge\/","og_site_name":"Solid Edge","article_publisher":"https:\/\/www.facebook.com\/solidedge","article_modified_time":"2021-12-10T11:35:59+00:00","twitter_card":"summary_large_image","twitter_site":"@siemensplm","twitter_misc":{"Dur\u00e9e de lecture est.":"5 minutes"},"schema":{"@context":"https:\/\/schema.org","@graph":[{"@type":"Organization","@id":"https:\/\/solidedge.siemens.com\/en\/#organization","name":"Siemens Digital Industries Software","url":"https:\/\/solidedge.siemens.com\/en\/","sameAs":["https:\/\/www.facebook.com\/solidedge","https:\/\/www.instagram.com\/siemens\/","https:\/\/www.linkedin.com\/company\/siemens-plm-software","https:\/\/www.youtube.com\/user\/PolarionSoftware","https:\/\/twitter.com\/siemensplm"],"logo":{"@type":"ImageObject","@id":"https:\/\/solidedge.siemens.com\/en\/#logo","inLanguage":"fr-FR","url":"https:\/\/solidedge.siemens.com\/wp-content\/uploads\/2018\/04\/logo-siemens-ifl@2x.png","contentUrl":"https:\/\/solidedge.siemens.com\/wp-content\/uploads\/2018\/04\/logo-siemens-ifl@2x.png","width":640,"height":270,"caption":"Siemens Digital Industries Software"},"image":{"@id":"https:\/\/solidedge.siemens.com\/en\/#logo"}},{"@type":"WebSite","@id":"https:\/\/solidedge.siemens.com\/en\/#website","url":"https:\/\/solidedge.siemens.com\/en\/","name":"Solid Edge","description":"Siemens Digital Industries Software - Ingenuity for Life","publisher":{"@id":"https:\/\/solidedge.siemens.com\/en\/#organization"},"potentialAction":[{"@type":"SearchAction","target":{"@type":"EntryPoint","urlTemplate":"https:\/\/solidedge.siemens.com\/en\/?s={search_term_string}"},"query-input":"required name=search_term_string"}],"inLanguage":"fr-FR"},{"@type":"WebPage","@id":"https:\/\/solidedge.siemens.com\/fr\/solutions\/products\/simulation\/simcenter-flomaster-for-solid-edge\/#webpage","url":"https:\/\/solidedge.siemens.com\/fr\/solutions\/products\/simulation\/simcenter-flomaster-for-solid-edge\/","name":"Simcenter Flomaster pour Solid Edge | Simulation CFD | Siemens","isPartOf":{"@id":"https:\/\/solidedge.siemens.com\/en\/#website"},"datePublished":"2021-12-10T11:35:40+00:00","dateModified":"2021-12-10T11:35:59+00:00","description":"Mod\u00e9lisez et analysez les flux fluidiques et thermiques dans les syst\u00e8mes de tuyauterie et rationalisez vos workflows de simulation avec Simcenter Flomaster pour Solid Edge.","breadcrumb":{"@id":"https:\/\/solidedge.siemens.com\/fr\/solutions\/products\/simulation\/simcenter-flomaster-for-solid-edge\/#breadcrumb"},"inLanguage":"fr-FR","potentialAction":[{"@type":"ReadAction","target":["https:\/\/solidedge.siemens.com\/fr\/solutions\/products\/simulation\/simcenter-flomaster-for-solid-edge\/"]}]},{"@type":"BreadcrumbList","@id":"https:\/\/solidedge.siemens.com\/fr\/solutions\/products\/simulation\/simcenter-flomaster-for-solid-edge\/#breadcrumb","itemListElement":[{"@type":"ListItem","position":1,"name":"Home","item":"https:\/\/solidedge.siemens.com\/en\/home-6\/"},{"@type":"ListItem","position":2,"name":"Solutions","item":"https:\/\/solidedge.siemens.com\/fr\/solutions\/"},{"@type":"ListItem","position":3,"name":"Produits","item":"https:\/\/solidedge.siemens.com\/fr\/solutions\/products\/"},{"@type":"ListItem","position":4,"name":"Simulation","item":"https:\/\/solidedge.siemens.com\/fr\/solutions\/products\/simulation\/"},{"@type":"ListItem","position":5,"name":"Simcenter Flomaster pour Solid Edge"}]}]}},"_links":{"self":[{"href":"https:\/\/solidedge.siemens.com\/fr\/wp-json\/wp\/v2\/pages\/49009"}],"collection":[{"href":"https:\/\/solidedge.siemens.com\/fr\/wp-json\/wp\/v2\/pages"}],"about":[{"href":"https:\/\/solidedge.siemens.com\/fr\/wp-json\/wp\/v2\/types\/page"}],"author":[{"embeddable":true,"href":"https:\/\/solidedge.siemens.com\/fr\/wp-json\/wp\/v2\/users\/44"}],"replies":[{"embeddable":true,"href":"https:\/\/solidedge.siemens.com\/fr\/wp-json\/wp\/v2\/comments?post=49009"}],"version-history":[{"count":8,"href":"https:\/\/solidedge.siemens.com\/fr\/wp-json\/wp\/v2\/pages\/49009\/revisions"}],"predecessor-version":[{"id":55545,"href":"https:\/\/solidedge.siemens.com\/fr\/wp-json\/wp\/v2\/pages\/49009\/revisions\/55545"}],"up":[{"embeddable":true,"href":"https:\/\/solidedge.siemens.com\/fr\/wp-json\/wp\/v2\/pages\/2604"}],"wp:attachment":[{"href":"https:\/\/solidedge.siemens.com\/fr\/wp-json\/wp\/v2\/media?parent=49009"}],"curies":[{"name":"wp","href":"https:\/\/api.w.org\/{rel}","templated":true}]}}