{"id":39836,"date":"2021-05-10T10:36:58","date_gmt":"2021-05-10T14:36:58","guid":{"rendered":"https:\/\/solidedge.siemens.com\/terms-conditions\/promotion-sur-les-produits-de-conception-lectrique-solid-edge\/"},"modified":"2021-05-10T10:37:03","modified_gmt":"2021-05-10T14:37:03","slug":"solid-edge-electrical-design-products-promotion","status":"publish","type":"page","link":"https:\/\/solidedge.siemens.com\/fr\/terms-conditions\/solid-edge-electrical-design-products-promotion\/","title":{"rendered":"Promotion sur les produits de conception &eacute;lectrique Solid Edge"},"content":{"rendered":"<p>[vc_row][vc_column][vc_column_text]<\/p>\n<h1>Promotion sur les produits de conception &eacute;lectrique Solid Edge Conditions g&eacute;n&eacute;rales<\/h1>\n<p>[\/vc_column_text][vc_column_text]<strong>Pour une dur&eacute;e limit&eacute;e, b&eacute;n&eacute;ficiez de 50&nbsp;% de r&eacute;duction sur tous les achats de Solid Edge Harness Design ou Solid Edge Wiring Design. Si vous groupez votre achat avec certaines licences Solid Edge, vous &eacute;conomiserez &eacute;galement 50&nbsp;% sur ces frais de licence&nbsp;!<\/strong><\/p>\n<ul>\n<li>Promotion propos&eacute;e uniquement par Siemens Digital Industries Software et ses partenaires de distribution participants<\/li>\n<li>50% de r&eacute;duction sur le prix catalogue Siemens du logiciel Solid Edge\u00ae Harness Design ou Solid Edge Wiring Design. Promotion valable dans le monde entier, sauf pour les entreprises dont l&rsquo;adresse physique se situe en France<\/li>\n<li>B&eacute;n&eacute;ficiez d&rsquo;une promotion &agrave; l&rsquo;achat avec une licence Solid Edge Classic, Foundation ou Premium pour la conception m&eacute;canique, avec 50% de r&eacute;duction sur le prix catalogue Siemens. Promotion valable dans le monde entier, sauf pour les entreprises dont l&rsquo;adresse physique se situe dans la r&eacute;gion EMEA<\/li>\n<li>Offre valable uniquement pour un achat de Solid Edge Wire Design et Solid Edge Harness Design effectu&eacute; entre le 1er mai 2019 17 h 00 heure du Pacifique et le 20 septembre 2019 23 h 59 heure du Pacifique<\/li>\n<li>Aucune autre promotion ou r&eacute;duction ne pourra &ecirc;tre combin&eacute;e avec cette promotion<\/li>\n<li>Aucune limite maximum ou minimum du nombre d&rsquo;utilisateurs. Types de licence&nbsp;: Perp&eacute;tuelle, par abonnement, fixe ou flottante (ne s&rsquo;applique pas &agrave; l&rsquo;abonnement mensuel en ligne).<\/li>\n<\/ul>\n<p>Si, pour une raison quelconque, ce programme ne peut pas fonctionner comme pr&eacute;vu en raison d&rsquo;une infection par un virus informatique, de bugs, d&rsquo;une alt&eacute;ration, d&rsquo;une intervention non autoris&eacute;e, d&rsquo;une fraude, de d&eacute;faillances techniques ou de toute autre cause qui, de l&rsquo;avis exclusif de Siemens Digital Industries Software, alt&egrave;re ou affecte l&rsquo;administration, la s&eacute;curit&eacute;, l&rsquo;&eacute;quit&eacute;, l&rsquo;int&eacute;grit&eacute; ou le bon d&eacute;roulement de ce programme de mise &agrave; niveau, Siemens Digital Industries Software se r&eacute;serve le droit d&rsquo;annuler, de r&eacute;silier, de modifier ou de suspendre ce programme de promotion.<\/p>\n<p><em>Remarque&nbsp;: Pour consulter la liste des marques d&eacute;pos&eacute;es de Siemens, cliquez sur <a href=\"https:\/\/www.plm.automation.siemens.com\/global\/en\/legal\/trademarks.html\" target=\"_blank\" rel=\"noopener noreferrer\">ce lien<\/a>. Les autres marques d&eacute;pos&eacute;es cit&eacute;es dans ce document sont reconnues comme appartenant &agrave; leur soci&eacute;t&eacute; respective.<\/em>[\/vc_column_text][\/vc_column][\/vc_row]<\/p>\n","protected":false},"excerpt":{"rendered":"<p> Promotion sur les produits de conception &eacute;lectrique Solid Edge Conditions g&eacute;n&eacute;rales [\/vc_column_text]Pour une dur&eacute;e limit&eacute;e, b&eacute;n&eacute;ficiez de 50&nbsp;% de r&eacute;duction sur tous les achats de Solid Edge Harness Design ou Solid Edge Wiring Design. Si vous groupez votre achat avec certaines licences Solid Edge, vous &eacute;conomiserez &eacute;galement 50&nbsp;% sur ces frais de licence&nbsp;! Promotion [&hellip;]<\/p>\n","protected":false},"author":5,"featured_media":0,"parent":39735,"menu_order":0,"comment_status":"closed","ping_status":"open","template":"","meta":{"inline_featured_image":false},"yoast_head":"<!-- This site is optimized with the Yoast SEO plugin v18.4.1 - https:\/\/yoast.com\/wordpress\/plugins\/seo\/ -->\n<title>Promotion sur les produits de conception &eacute;lectrique Solid Edge Conditions g\u00e9n\u00e9rales<\/title>\n<meta name=\"description\" content=\"Promotion sur les produits de conception \u00e9lectrique Solid Edge - Conditions g\u00e9n\u00e9rales\" \/>\n<meta name=\"robots\" content=\"index, follow, max-snippet:-1, max-image-preview:large, max-video-preview:-1\" \/>\n<link rel=\"canonical\" href=\"https:\/\/solidedge.siemens.com\/fr\/terms-conditions\/solid-edge-electrical-design-products-promotion\/\" \/>\n<meta property=\"og:locale\" content=\"fr_FR\" \/>\n<meta property=\"og:type\" content=\"article\" \/>\n<meta property=\"og:title\" content=\"Promotion sur les produits de conception &eacute;lectrique Solid Edge Conditions g\u00e9n\u00e9rales\" \/>\n<meta property=\"og:description\" content=\"Promotion sur les produits de conception \u00e9lectrique Solid Edge - Conditions g\u00e9n\u00e9rales\" \/>\n<meta property=\"og:url\" content=\"https:\/\/solidedge.siemens.com\/fr\/terms-conditions\/solid-edge-electrical-design-products-promotion\/\" \/>\n<meta property=\"og:site_name\" content=\"Solid Edge\" \/>\n<meta property=\"article:publisher\" content=\"https:\/\/www.facebook.com\/solidedge\" \/>\n<meta property=\"article:modified_time\" content=\"2021-05-10T14:37:03+00:00\" \/>\n<meta name=\"twitter:card\" content=\"summary_large_image\" \/>\n<meta name=\"twitter:site\" content=\"@siemensplm\" \/>\n<meta name=\"twitter:label1\" content=\"Dur\u00e9e de lecture est.\" \/>\n\t<meta name=\"twitter:data1\" content=\"2 minutes\" \/>\n<script type=\"application\/ld+json\" class=\"yoast-schema-graph\">{\"@context\":\"https:\/\/schema.org\",\"@graph\":[{\"@type\":\"Organization\",\"@id\":\"https:\/\/solidedge.siemens.com\/en\/#organization\",\"name\":\"Siemens Digital Industries Software\",\"url\":\"https:\/\/solidedge.siemens.com\/en\/\",\"sameAs\":[\"https:\/\/www.facebook.com\/solidedge\",\"https:\/\/www.instagram.com\/siemens\/\",\"https:\/\/www.linkedin.com\/company\/siemens-plm-software\",\"https:\/\/www.youtube.com\/user\/PolarionSoftware\",\"https:\/\/twitter.com\/siemensplm\"],\"logo\":{\"@type\":\"ImageObject\",\"@id\":\"https:\/\/solidedge.siemens.com\/en\/#logo\",\"inLanguage\":\"fr-FR\",\"url\":\"https:\/\/solidedge.siemens.com\/wp-content\/uploads\/2018\/04\/logo-siemens-ifl@2x.png\",\"contentUrl\":\"https:\/\/solidedge.siemens.com\/wp-content\/uploads\/2018\/04\/logo-siemens-ifl@2x.png\",\"width\":640,\"height\":270,\"caption\":\"Siemens Digital Industries Software\"},\"image\":{\"@id\":\"https:\/\/solidedge.siemens.com\/en\/#logo\"}},{\"@type\":\"WebSite\",\"@id\":\"https:\/\/solidedge.siemens.com\/en\/#website\",\"url\":\"https:\/\/solidedge.siemens.com\/en\/\",\"name\":\"Solid Edge\",\"description\":\"Siemens Digital Industries Software - Ingenuity for Life\",\"publisher\":{\"@id\":\"https:\/\/solidedge.siemens.com\/en\/#organization\"},\"potentialAction\":[{\"@type\":\"SearchAction\",\"target\":{\"@type\":\"EntryPoint\",\"urlTemplate\":\"https:\/\/solidedge.siemens.com\/en\/?s={search_term_string}\"},\"query-input\":\"required name=search_term_string\"}],\"inLanguage\":\"fr-FR\"},{\"@type\":\"WebPage\",\"@id\":\"https:\/\/solidedge.siemens.com\/fr\/terms-conditions\/solid-edge-electrical-design-products-promotion\/#webpage\",\"url\":\"https:\/\/solidedge.siemens.com\/fr\/terms-conditions\/solid-edge-electrical-design-products-promotion\/\",\"name\":\"Promotion sur les produits de conception &eacute;lectrique Solid Edge Conditions g\u00e9n\u00e9rales\",\"isPartOf\":{\"@id\":\"https:\/\/solidedge.siemens.com\/en\/#website\"},\"datePublished\":\"2021-05-10T14:36:58+00:00\",\"dateModified\":\"2021-05-10T14:37:03+00:00\",\"description\":\"Promotion sur les produits de conception \u00e9lectrique Solid Edge - Conditions g\u00e9n\u00e9rales\",\"breadcrumb\":{\"@id\":\"https:\/\/solidedge.siemens.com\/fr\/terms-conditions\/solid-edge-electrical-design-products-promotion\/#breadcrumb\"},\"inLanguage\":\"fr-FR\",\"potentialAction\":[{\"@type\":\"ReadAction\",\"target\":[\"https:\/\/solidedge.siemens.com\/fr\/terms-conditions\/solid-edge-electrical-design-products-promotion\/\"]}]},{\"@type\":\"BreadcrumbList\",\"@id\":\"https:\/\/solidedge.siemens.com\/fr\/terms-conditions\/solid-edge-electrical-design-products-promotion\/#breadcrumb\",\"itemListElement\":[{\"@type\":\"ListItem\",\"position\":1,\"name\":\"Home\",\"item\":\"https:\/\/solidedge.siemens.com\/en\/home-6\/\"},{\"@type\":\"ListItem\",\"position\":2,\"name\":\"Conditions g&eacute;n&eacute;rales\",\"item\":\"https:\/\/solidedge.siemens.com\/fr\/terms-conditions\/\"},{\"@type\":\"ListItem\",\"position\":3,\"name\":\"Promotion sur les produits de conception &eacute;lectrique Solid Edge\"}]}]}<\/script>\n<!-- \/ Yoast SEO plugin. -->","yoast_head_json":{"title":"Promotion sur les produits de conception &eacute;lectrique Solid Edge Conditions g\u00e9n\u00e9rales","description":"Promotion sur les produits de conception \u00e9lectrique Solid Edge - Conditions g\u00e9n\u00e9rales","robots":{"index":"index","follow":"follow","max-snippet":"max-snippet:-1","max-image-preview":"max-image-preview:large","max-video-preview":"max-video-preview:-1"},"canonical":"https:\/\/solidedge.siemens.com\/fr\/terms-conditions\/solid-edge-electrical-design-products-promotion\/","og_locale":"fr_FR","og_type":"article","og_title":"Promotion sur les produits de conception &eacute;lectrique Solid Edge Conditions g\u00e9n\u00e9rales","og_description":"Promotion sur les produits de conception \u00e9lectrique Solid Edge - Conditions g\u00e9n\u00e9rales","og_url":"https:\/\/solidedge.siemens.com\/fr\/terms-conditions\/solid-edge-electrical-design-products-promotion\/","og_site_name":"Solid Edge","article_publisher":"https:\/\/www.facebook.com\/solidedge","article_modified_time":"2021-05-10T14:37:03+00:00","twitter_card":"summary_large_image","twitter_site":"@siemensplm","twitter_misc":{"Dur\u00e9e de lecture est.":"2 minutes"},"schema":{"@context":"https:\/\/schema.org","@graph":[{"@type":"Organization","@id":"https:\/\/solidedge.siemens.com\/en\/#organization","name":"Siemens Digital Industries Software","url":"https:\/\/solidedge.siemens.com\/en\/","sameAs":["https:\/\/www.facebook.com\/solidedge","https:\/\/www.instagram.com\/siemens\/","https:\/\/www.linkedin.com\/company\/siemens-plm-software","https:\/\/www.youtube.com\/user\/PolarionSoftware","https:\/\/twitter.com\/siemensplm"],"logo":{"@type":"ImageObject","@id":"https:\/\/solidedge.siemens.com\/en\/#logo","inLanguage":"fr-FR","url":"https:\/\/solidedge.siemens.com\/wp-content\/uploads\/2018\/04\/logo-siemens-ifl@2x.png","contentUrl":"https:\/\/solidedge.siemens.com\/wp-content\/uploads\/2018\/04\/logo-siemens-ifl@2x.png","width":640,"height":270,"caption":"Siemens Digital Industries Software"},"image":{"@id":"https:\/\/solidedge.siemens.com\/en\/#logo"}},{"@type":"WebSite","@id":"https:\/\/solidedge.siemens.com\/en\/#website","url":"https:\/\/solidedge.siemens.com\/en\/","name":"Solid Edge","description":"Siemens Digital Industries Software - Ingenuity for Life","publisher":{"@id":"https:\/\/solidedge.siemens.com\/en\/#organization"},"potentialAction":[{"@type":"SearchAction","target":{"@type":"EntryPoint","urlTemplate":"https:\/\/solidedge.siemens.com\/en\/?s={search_term_string}"},"query-input":"required name=search_term_string"}],"inLanguage":"fr-FR"},{"@type":"WebPage","@id":"https:\/\/solidedge.siemens.com\/fr\/terms-conditions\/solid-edge-electrical-design-products-promotion\/#webpage","url":"https:\/\/solidedge.siemens.com\/fr\/terms-conditions\/solid-edge-electrical-design-products-promotion\/","name":"Promotion sur les produits de conception &eacute;lectrique Solid Edge Conditions g\u00e9n\u00e9rales","isPartOf":{"@id":"https:\/\/solidedge.siemens.com\/en\/#website"},"datePublished":"2021-05-10T14:36:58+00:00","dateModified":"2021-05-10T14:37:03+00:00","description":"Promotion sur les produits de conception \u00e9lectrique Solid Edge - Conditions g\u00e9n\u00e9rales","breadcrumb":{"@id":"https:\/\/solidedge.siemens.com\/fr\/terms-conditions\/solid-edge-electrical-design-products-promotion\/#breadcrumb"},"inLanguage":"fr-FR","potentialAction":[{"@type":"ReadAction","target":["https:\/\/solidedge.siemens.com\/fr\/terms-conditions\/solid-edge-electrical-design-products-promotion\/"]}]},{"@type":"BreadcrumbList","@id":"https:\/\/solidedge.siemens.com\/fr\/terms-conditions\/solid-edge-electrical-design-products-promotion\/#breadcrumb","itemListElement":[{"@type":"ListItem","position":1,"name":"Home","item":"https:\/\/solidedge.siemens.com\/en\/home-6\/"},{"@type":"ListItem","position":2,"name":"Conditions g&eacute;n&eacute;rales","item":"https:\/\/solidedge.siemens.com\/fr\/terms-conditions\/"},{"@type":"ListItem","position":3,"name":"Promotion sur les produits de conception &eacute;lectrique Solid Edge"}]}]}},"_links":{"self":[{"href":"https:\/\/solidedge.siemens.com\/fr\/wp-json\/wp\/v2\/pages\/39836"}],"collection":[{"href":"https:\/\/solidedge.siemens.com\/fr\/wp-json\/wp\/v2\/pages"}],"about":[{"href":"https:\/\/solidedge.siemens.com\/fr\/wp-json\/wp\/v2\/types\/page"}],"author":[{"embeddable":true,"href":"https:\/\/solidedge.siemens.com\/fr\/wp-json\/wp\/v2\/users\/5"}],"replies":[{"embeddable":true,"href":"https:\/\/solidedge.siemens.com\/fr\/wp-json\/wp\/v2\/comments?post=39836"}],"version-history":[{"count":5,"href":"https:\/\/solidedge.siemens.com\/fr\/wp-json\/wp\/v2\/pages\/39836\/revisions"}],"predecessor-version":[{"id":39841,"href":"https:\/\/solidedge.siemens.com\/fr\/wp-json\/wp\/v2\/pages\/39836\/revisions\/39841"}],"up":[{"embeddable":true,"href":"https:\/\/solidedge.siemens.com\/fr\/wp-json\/wp\/v2\/pages\/39735"}],"wp:attachment":[{"href":"https:\/\/solidedge.siemens.com\/fr\/wp-json\/wp\/v2\/media?parent=39836"}],"curies":[{"name":"wp","href":"https:\/\/api.w.org\/{rel}","templated":true}]}}