{"id":39787,"date":"2021-05-10T10:28:53","date_gmt":"2021-05-10T14:28:53","guid":{"rendered":"https:\/\/solidedge.siemens.com\/terms-conditions\/cyber-monday-2019\/"},"modified":"2021-05-10T10:28:59","modified_gmt":"2021-05-10T14:28:59","slug":"cyber-monday-2019","status":"publish","type":"page","link":"https:\/\/solidedge.siemens.com\/fr\/terms-conditions\/cyber-monday-2019\/","title":{"rendered":"Cyber Monday 2019"},"content":{"rendered":"<p>[vc_row][vc_column][vc_column_text]<\/p>\n<h1>Cyber Monday 2019 Conditions g&eacute;n&eacute;rales<\/h1>\n<p>[\/vc_column_text][vc_tta_tabs style=\u00a0\u00bbmodern\u00a0\u00bb active_section=\u00a0\u00bb1&Prime;][vc_tta_section title=\u00a0\u00bbFran&ccedil;ais\u00a0\u00bb tab_id=\u00a0\u00bbus-ca\u00a0\u00bb][vc_column_text]<strong>Achetez un abonnement annuel &agrave; Solid Edge et b&eacute;n&eacute;ficiez de 50&nbsp;% de r&eacute;duction la premi&egrave;re ann&eacute;e&nbsp;!<\/strong><\/p>\n<ul>\n<li>Promotion propos&eacute;e uniquement par Siemens Digital Industries Software et ses partenaires de distribution participants<\/li>\n<li>Valable uniquement pour les clients dont l&rsquo;adresse physique se situe dans l&rsquo;un des pays suivants&nbsp;: &Eacute;tats-Unis, Royaume-Uni, Mexique, Argentine, Colombie, P&eacute;rou, Allemagne, Italie, France, Belgique, Danemark, Pays-Bas, Su&egrave;de, Estonie, Irlande, Portugal, Afrique du Sud, Finlande, Norv&egrave;ge, Inde, Australie, Nouvelle-Z&eacute;lande, R&eacute;publique tch&egrave;que, Pologne, Bulgarie, Croatie, Hongrie, Serbie, Slovaquie, Slov&eacute;nie, Roumanie, Albanie, Bosnie-Herz&eacute;govine, Mac&eacute;doine, Mont&eacute;n&eacute;gro, Espagne, Singapour<\/li>\n<li>Offre li&eacute;e &agrave; l&rsquo;achat de licences du logiciel Solid Edge\u00ae entre le 1er d&eacute;cembre &agrave; 11 h 00 UTC et le 2 d&eacute;cembre &agrave; 23 h 59 PST<\/li>\n<li>&Agrave; la fin de la premi&egrave;re ann&eacute;e, l&rsquo;acheteur accepte de payer le prix de l&rsquo;abonnement mensuel actualis&eacute; sur <a href=\"https:\/\/www.plm.automation.siemens.com\/store\/en-us\/solid-edge\/\">cette page<\/a> ou de r&eacute;silier son abonnement. Aucune autre r&eacute;duction ne peut s&rsquo;appliquer<\/li>\n<li>L&rsquo;annulation peut avoir lieu &agrave; tout moment de l&rsquo;ann&eacute;e, mais aucun remboursement ne sera effectu&eacute; pour l&rsquo;&eacute;ventuel reliquat de cette ann&eacute;e.<\/li>\n<li>Cette r&eacute;duction est de 50&nbsp;% est limit&eacute;e &agrave; la premi&egrave;re (1&egrave;re) ann&eacute;e d&rsquo;abonnement annuel &agrave; une licence Solid Edge (valeur catalogue approximative&nbsp;: Design and Drafting 900,00 $, Foundation 2&nbsp;220,00 $, Classic 2&nbsp;760,00 $, Premium 3&nbsp;940,00 $)<\/li>\n<li>Pour b&eacute;n&eacute;ficier de cette r&eacute;duction, l&rsquo;utilisateur doit entrer le code promotionnel dans le champ pr&eacute;vu &agrave; cet effet au moment de l&rsquo;achat Le code promotionnel sera publi&eacute; sur la page https:\/\/solidedge.siemens.com\/pages\/cyber-monday-2019\/<\/li>\n<li>Offre r&eacute;serv&eacute;e aux nouveaux souscripteurs d&rsquo;un abonnement annuel Solid Edge<\/li>\n<li>Limit&eacute; &agrave; une (1) r&eacute;duction de 50&nbsp;% sur abonnement annuel par abonn&eacute;. Un \u00ab&nbsp;abonn&eacute;&nbsp;\u00bb peut &ecirc;tre un particulier ou une entreprise.<\/li>\n<\/ul>\n<p>Si, pour quelque raison que ce soit, ce programme ne peut pas fonctionner correctement suite &agrave; un virus informatique, des bugs, une falsification, une intervention non autoris&eacute;e, une fraude, des d&eacute;faillances techniques ou toute autre cause qui, de l&apos;avis exclusif de Siemens Industry Software Inc. corrompt ou affecte l&apos;administration, la s&eacute;curit&eacute;, l&apos;&eacute;quit&eacute;, l&apos;int&eacute;grit&eacute; ou le bon d&eacute;roulement de ce programme de mise &agrave; niveau, Siemens Digital Industries Software se r&eacute;serve le droit d&apos;annuler, de r&eacute;silier, de modifier ou de suspendre ce programme de promotion.<\/p>\n<p><em>Remarque&nbsp;: Le nom \u00ab&nbsp;Siemens&nbsp;\u00bb et le logo Siemens sont des marques d&eacute;pos&eacute;es de la soci&eacute;t&eacute; Siemens AG. Pour consulter la liste des marques d&eacute;pos&eacute;es de Siemens, cliquez sur <\/em><a href=\"https:\/\/www.plm.automation.siemens.com\/global\/en\/legal\/trademarks.html\">ce lien<\/a><em>.<\/em><em> Les autres marques d&eacute;pos&eacute;es cit&eacute;es dans ce document sont reconnues comme appartenant &agrave; leur soci&eacute;t&eacute; respective.<\/em>[\/vc_column_text][\/vc_tta_section][vc_tta_section title=\u00a0\u00bbAllemand\u00a0\u00bb tab_id=\u00a0\u00bb1574785321618-8458680b-5dd9&Prime;][vc_column_text]<strong>Kaufen Sie ein Solid Edge-Jahresabonnement und sichern Sie sich Ihr erstes Jahr zum halben Preis!<\/strong><\/p>\n<ul>\n<li>Das Angebot ist nur &uuml;ber Siemens Digital Industries Software und seine teilnehmenden Channel-Partner verf&uuml;gbar;<\/li>\n<li>Gilt nur f&uuml;r Kunden mit einer physischen Adresse in den USA, Gro&szlig;britannien, Mexiko, Argentinien, Kolumbien, Peru, Deutschland, Italien, Frankreich, Belgien, D&auml;nemark, den Niederlanden, Schweden, Estland, Irland, Portugal, S&uuml;dafrika, Finnland, Norwegen, Indien, Australien, Neuseeland, Tschechische Republik, Polen, Bulgarien, Kroatien, Ungarn, Serbien, Slowakei, Slowenien, Rum&auml;nien, Albanien, Bosnien und Herzegowina, Mazedonien, Montenegro, Spanien und Singapur;<\/li>\n<li>Wird nur in Verbindung mit dem Kauf einer Solid Edge\u00ae-Softwarelizenz angeboten, welche von 0:01 bis 23:59 Uhr am 02. Dezember 2019 erworben wurde.<\/li>\n<li>Nach Ablauf des ersten Jahres verpflichtet sich der K&auml;ufer, den aktuell ausgewiesenen monatlichen Abonnementpreis (<a href=\"https:\/\/www.plm.automation.siemens.com\/store\/de-de\/solid-edge\/index.html\">hier einsehbar<\/a>) jedes Jahr zu zahlen. Es sei denn, der Abonnent k&uuml;ndigt das Abonnement. Es gelten keine weiteren Rabatte;<\/li>\n<li>Eine K&uuml;ndigung kann jederzeit w&auml;hrend des Jahres erfolgen, allerdings wird f&uuml;r keinen Zeitraum dieses Jahres eine R&uuml;ckerstattung gew&auml;hrt.<\/li>\n<li>Das Angebot umfasst 50% Rabatt f&uuml;r das erste (1.) Jahr eines j&auml;hrlichen Solid Edge-Lizenzabonnements (ungef&auml;hre Verkaufswerte: Design and Drafting \u20ac1.220,00; Foundation \u20ac2.930,00; Classic \u20ac3.500,00; Premium \u20ac4.820,00);<\/li>\n<li>Das einj&auml;hrige Solid Edge-Abonnement wird ab dem Zeitpunkt der Eingabe des Aktionscodes, der im Rahmen der Aktion erworben wurde, aktiviert. Der Promotion-Code wird unter <a href=\"https:\/\/solidedge.siemens.com\/de\/pages\/cyber-monday-2019\/\">https:\/\/solidedge.siemens.com\/de\/pages\/cyber-monday-2019\/<\/a> ver&ouml;ffentlicht.<\/li>\n<li>Das Angebot ist nur f&uuml;r Solid Edge-Jahresabonnements g&uuml;ltig.<\/li>\n<li>Das Angebot ist auf ein Abonnement pro Kunde limitiert. Um Zweifel auszur&auml;umen; ein Abonnent kann eine Einzelperson oder eine Gesch&auml;ftseinheit sein.<\/li>\n<\/ul>\n<p>Wenn dieses Programm aus irgendeinem Grund aufgrund einer Infektion mit Computerviren, Fehlern, Manipulationen, unbefugten Eingriffen, Betrug, technischen Fehlern oder anderen Gr&uuml;nden, nach alleiniger Ansicht von Siemens Industry Software Inc., fehlerhaft sein sollte oder die Verwaltung, Sicherheit, Fairness, Integrit&auml;t oder ordnungsgem&auml;&szlig;e Durchf&uuml;hrung dieses Upgrade-Programms beeintr&auml;chtigt sein sollte, beh&auml;lt sich Siemens Digital Industries Software das Recht vor, dieses Rabattprogramm zu stornieren, zu beenden, zu &auml;ndern oder auszusetzen.<\/p>\n<p><em>Hinweis: Siemens und das Siemens-Logo sind eingetragene Marken der Siemens AG. Eine Liste der relevanten Marken von Siemens finden Sie <\/em><a href=\"https:\/\/www.plm.automation.siemens.com\/global\/en\/legal\/trademarks.html\"><em>hier<\/em><\/a><em>. Andere Marken geh&ouml;ren ihren jeweiligen Eigent&uuml;mern.<\/em>[\/vc_column_text][\/vc_tta_section][vc_tta_section title=\u00a0\u00bbEspagnol\u00a0\u00bb tab_id=\u00a0\u00bbuk\u00a0\u00bb][vc_column_text]<strong>\u00a1Compre una suscripci&oacute;n anual a Solid Edge y obtenga su primer a&ntilde;o con un 50% de descuento!<\/strong><\/p>\n<ul>\n<li>Incentivo disponible solo a trav&eacute;s del software Siemens Digital Industries y sus partners participantes;<\/li>\n<li>V&aacute;lido solo para clientes con una direcci&oacute;n f&iacute;sica en los Estados Unidos, Canad&aacute;, Reino Unido, M&eacute;xico, Argentina, Colombia, Per&uacute;, Alemania, Italia, Francia, B&eacute;lgica, Dinamarca, Pa&iacute;ses Bajos, Suecia, Estonia, Irlanda, Portugal, Sud&aacute;frica , Finlandia, Noruega, India, Australia, Nueva Zelanda, Rep&uacute;blica Checa, Polonia, Bulgaria, Croacia, Hungr&iacute;a, Serbia, Eslovaquia, Eslovenia, Rumania, Albania, Bosnia y Herzegovina, Macedonia, Montenegro, Espa&ntilde;a y Singapur;<\/li>\n<li>Se ofrece solo en relaci&oacute;n con la compra de licencias de software Solid Edge\u00ae que deben adquirirse entre el 1 de diciembre a las 11 a.m., hora universal coordinada (UTC) y el martes 3 de diciembre a las 8 a.m., hora universal coordinada (UTC);<\/li>\n<li>Despu&eacute;s de que finaliza el primer a&ntilde;o, el comprador acepta pagar el precio de suscripci&oacute;n mensual publicado actualmente disponible aqu&iacute; cada a&ntilde;o, a menos que el suscriptor cancele la suscripci&oacute;n. No se aplican otros descuentos;<\/li>\n<li>La cancelaci&oacute;n puede ocurrir en cualquier momento durante el a&ntilde;o, sin embargo, no se otorgar&aacute; ning&uacute;n reembolso por ninguna parte de ese a&ntilde;o;<\/li>\n<li>El incentivo tiene un 50% de descuento durante el primer (1er) a&ntilde;o de una suscripci&oacute;n anual de licencia de Solid Edge (valores minoristas aproximados: Dise&ntilde;o y dibujo $ 900.00; Fundaci&oacute;n $ 2,220.00; Cl&aacute;sico $ 2,760.00; Premium $ 3,940.00);<\/li>\n<li>Los incentivos se reclaman ingresando el c&oacute;digo de promoci&oacute;n donde se indica al momento de la compra. El c&oacute;digo de promoci&oacute;n se publicar&aacute; en <span><a href=\"https:\/\/solidedge.siemens.com\/es\/pages\/cyber-monday-2019\/\">https:\/\/solidedge.siemens.com\/pages\/cyber-monday-2019\/<\/a><\/span>;<\/li>\n<li>Oferta v&aacute;lida solo para suscriptores anuales de Solid Edge por primera vez;<\/li>\n<li>Limitado a una (1) oferta de 50% de descuento en la suscripci&oacute;n anual por suscriptor. Para evitar dudas, un suscriptor puede ser un individuo o una entidad comercial.<\/li>\n<\/ul>\n<p>Si por alg&uacute;n motivo este programa no es capaz de ejecutarse seg&uacute;n lo planeado debido a una infecci&oacute;n por virus inform&aacute;ticos, errores, manipulaci&oacute;n, intervenci&oacute;n no autorizada, fraude, fallas t&eacute;cnicas o cualquier otra causa que, en la &uacute;nica opini&oacute;n de Siemens Industry Software Inc., corrompa o afectar la administraci&oacute;n, seguridad, equidad, integridad o conducta adecuada de este programa de actualizaci&oacute;n, Siemens Digital Industries Software se reserva el derecho de cancelar, finalizar, modificar o suspender este programa de descuento.<\/p>\n<p><em>Nota: Siemens y el logotipo de Siemens son marcas registradas de Siemens AG. Puede encontrar una lista de marcas comerciales relevantes de Siemens <\/em><span><a href=\"https:\/\/www.plm.automation.siemens.com\/global\/en\/legal\/trademarks.html\"><em>aqu&iacute;<\/em><\/a><\/span><em>. Otras marcas pertenecen a sus respectivos due&ntilde;os.<\/em>[\/vc_column_text][\/vc_tta_section][\/vc_tta_tabs][\/vc_column][\/vc_row]<\/p>\n","protected":false},"excerpt":{"rendered":"<p> Cyber Monday 2019 Conditions g&eacute;n&eacute;rales [\/vc_column_text]Achetez un abonnement annuel &agrave; Solid Edge et b&eacute;n&eacute;ficiez de 50&nbsp;% de r&eacute;duction la premi&egrave;re ann&eacute;e&nbsp;! Promotion propos&eacute;e uniquement par Siemens Digital Industries Software et ses partenaires de distribution participants Valable uniquement pour les clients dont l&rsquo;adresse physique se situe dans l&rsquo;un des pays suivants&nbsp;: [&hellip;]<\/p>\n","protected":false},"author":5,"featured_media":0,"parent":39735,"menu_order":0,"comment_status":"closed","ping_status":"closed","template":"","meta":{"inline_featured_image":false},"yoast_head":"<!-- This site is optimized with the Yoast SEO plugin v18.4.1 - https:\/\/yoast.com\/wordpress\/plugins\/seo\/ -->\n<title>Cyber Monday 2019 | Solid Edge | Siemens Digital Industries Software - Ingenuity for Life<\/title>\n<meta name=\"description\" content=\"\u00c0 l\u2019occasion de Cyber Monday, achetez un abonnement annuel \u00e0 Solid Edge et b\u00e9n\u00e9ficiez d\u2019un deuxi\u00e8me abonnement avec 50\u00a0% de r\u00e9duction la premi\u00e8re ann\u00e9e\u00a0!\" \/>\n<meta name=\"robots\" content=\"noindex, follow\" \/>\n<meta property=\"og:locale\" content=\"fr_FR\" \/>\n<meta property=\"og:type\" content=\"article\" \/>\n<meta property=\"og:title\" content=\"Cyber Monday 2019 | Solid Edge | Siemens Digital Industries Software - Ingenuity for Life\" \/>\n<meta property=\"og:description\" content=\"\u00c0 l\u2019occasion de Cyber Monday, achetez un abonnement annuel \u00e0 Solid Edge et b\u00e9n\u00e9ficiez d\u2019un deuxi\u00e8me abonnement avec 50\u00a0% de r\u00e9duction la premi\u00e8re ann\u00e9e\u00a0!\" \/>\n<meta property=\"og:url\" content=\"https:\/\/solidedge.siemens.com\/fr\/terms-conditions\/cyber-monday-2019\/\" \/>\n<meta property=\"og:site_name\" content=\"Solid Edge\" \/>\n<meta property=\"article:publisher\" content=\"https:\/\/www.facebook.com\/solidedge\" \/>\n<meta property=\"article:modified_time\" content=\"2021-05-10T14:28:59+00:00\" \/>\n<meta name=\"twitter:card\" content=\"summary_large_image\" \/>\n<meta name=\"twitter:site\" content=\"@siemensplm\" \/>\n<meta name=\"twitter:label1\" content=\"Dur\u00e9e de lecture est.\" \/>\n\t<meta name=\"twitter:data1\" content=\"8 minutes\" \/>\n<script type=\"application\/ld+json\" class=\"yoast-schema-graph\">{\"@context\":\"https:\/\/schema.org\",\"@graph\":[{\"@type\":\"Organization\",\"@id\":\"https:\/\/solidedge.siemens.com\/en\/#organization\",\"name\":\"Siemens Digital Industries Software\",\"url\":\"https:\/\/solidedge.siemens.com\/en\/\",\"sameAs\":[\"https:\/\/www.facebook.com\/solidedge\",\"https:\/\/www.instagram.com\/siemens\/\",\"https:\/\/www.linkedin.com\/company\/siemens-plm-software\",\"https:\/\/www.youtube.com\/user\/PolarionSoftware\",\"https:\/\/twitter.com\/siemensplm\"],\"logo\":{\"@type\":\"ImageObject\",\"@id\":\"https:\/\/solidedge.siemens.com\/en\/#logo\",\"inLanguage\":\"fr-FR\",\"url\":\"https:\/\/solidedge.siemens.com\/wp-content\/uploads\/2018\/04\/logo-siemens-ifl@2x.png\",\"contentUrl\":\"https:\/\/solidedge.siemens.com\/wp-content\/uploads\/2018\/04\/logo-siemens-ifl@2x.png\",\"width\":640,\"height\":270,\"caption\":\"Siemens Digital Industries Software\"},\"image\":{\"@id\":\"https:\/\/solidedge.siemens.com\/en\/#logo\"}},{\"@type\":\"WebSite\",\"@id\":\"https:\/\/solidedge.siemens.com\/en\/#website\",\"url\":\"https:\/\/solidedge.siemens.com\/en\/\",\"name\":\"Solid Edge\",\"description\":\"Siemens Digital Industries Software - Ingenuity for Life\",\"publisher\":{\"@id\":\"https:\/\/solidedge.siemens.com\/en\/#organization\"},\"potentialAction\":[{\"@type\":\"SearchAction\",\"target\":{\"@type\":\"EntryPoint\",\"urlTemplate\":\"https:\/\/solidedge.siemens.com\/en\/?s={search_term_string}\"},\"query-input\":\"required name=search_term_string\"}],\"inLanguage\":\"fr-FR\"},{\"@type\":\"WebPage\",\"@id\":\"https:\/\/solidedge.siemens.com\/fr\/terms-conditions\/cyber-monday-2019\/#webpage\",\"url\":\"https:\/\/solidedge.siemens.com\/fr\/terms-conditions\/cyber-monday-2019\/\",\"name\":\"Cyber Monday 2019 | Solid Edge | Siemens Digital Industries Software - Ingenuity for Life\",\"isPartOf\":{\"@id\":\"https:\/\/solidedge.siemens.com\/en\/#website\"},\"datePublished\":\"2021-05-10T14:28:53+00:00\",\"dateModified\":\"2021-05-10T14:28:59+00:00\",\"description\":\"\u00c0 l\u2019occasion de Cyber Monday, achetez un abonnement annuel \u00e0 Solid Edge et b\u00e9n\u00e9ficiez d\u2019un deuxi\u00e8me abonnement avec 50\u00a0% de r\u00e9duction la premi\u00e8re ann\u00e9e\u00a0!\",\"breadcrumb\":{\"@id\":\"https:\/\/solidedge.siemens.com\/fr\/terms-conditions\/cyber-monday-2019\/#breadcrumb\"},\"inLanguage\":\"fr-FR\",\"potentialAction\":[{\"@type\":\"ReadAction\",\"target\":[\"https:\/\/solidedge.siemens.com\/fr\/terms-conditions\/cyber-monday-2019\/\"]}]},{\"@type\":\"BreadcrumbList\",\"@id\":\"https:\/\/solidedge.siemens.com\/fr\/terms-conditions\/cyber-monday-2019\/#breadcrumb\",\"itemListElement\":[{\"@type\":\"ListItem\",\"position\":1,\"name\":\"Home\",\"item\":\"https:\/\/solidedge.siemens.com\/en\/home-6\/\"},{\"@type\":\"ListItem\",\"position\":2,\"name\":\"Conditions g&eacute;n&eacute;rales\",\"item\":\"https:\/\/solidedge.siemens.com\/fr\/terms-conditions\/\"},{\"@type\":\"ListItem\",\"position\":3,\"name\":\"Cyber Monday 2019\"}]}]}<\/script>\n<!-- \/ Yoast SEO plugin. -->","yoast_head_json":{"title":"Cyber Monday 2019 | Solid Edge | Siemens Digital Industries Software - Ingenuity for Life","description":"\u00c0 l\u2019occasion de Cyber Monday, achetez un abonnement annuel \u00e0 Solid Edge et b\u00e9n\u00e9ficiez d\u2019un deuxi\u00e8me abonnement avec 50\u00a0% de r\u00e9duction la premi\u00e8re ann\u00e9e\u00a0!","robots":{"index":"noindex","follow":"follow"},"og_locale":"fr_FR","og_type":"article","og_title":"Cyber Monday 2019 | Solid Edge | Siemens Digital Industries Software - Ingenuity for Life","og_description":"\u00c0 l\u2019occasion de Cyber Monday, achetez un abonnement annuel \u00e0 Solid Edge et b\u00e9n\u00e9ficiez d\u2019un deuxi\u00e8me abonnement avec 50\u00a0% de r\u00e9duction la premi\u00e8re ann\u00e9e\u00a0!","og_url":"https:\/\/solidedge.siemens.com\/fr\/terms-conditions\/cyber-monday-2019\/","og_site_name":"Solid Edge","article_publisher":"https:\/\/www.facebook.com\/solidedge","article_modified_time":"2021-05-10T14:28:59+00:00","twitter_card":"summary_large_image","twitter_site":"@siemensplm","twitter_misc":{"Dur\u00e9e de lecture est.":"8 minutes"},"schema":{"@context":"https:\/\/schema.org","@graph":[{"@type":"Organization","@id":"https:\/\/solidedge.siemens.com\/en\/#organization","name":"Siemens Digital Industries Software","url":"https:\/\/solidedge.siemens.com\/en\/","sameAs":["https:\/\/www.facebook.com\/solidedge","https:\/\/www.instagram.com\/siemens\/","https:\/\/www.linkedin.com\/company\/siemens-plm-software","https:\/\/www.youtube.com\/user\/PolarionSoftware","https:\/\/twitter.com\/siemensplm"],"logo":{"@type":"ImageObject","@id":"https:\/\/solidedge.siemens.com\/en\/#logo","inLanguage":"fr-FR","url":"https:\/\/solidedge.siemens.com\/wp-content\/uploads\/2018\/04\/logo-siemens-ifl@2x.png","contentUrl":"https:\/\/solidedge.siemens.com\/wp-content\/uploads\/2018\/04\/logo-siemens-ifl@2x.png","width":640,"height":270,"caption":"Siemens Digital Industries Software"},"image":{"@id":"https:\/\/solidedge.siemens.com\/en\/#logo"}},{"@type":"WebSite","@id":"https:\/\/solidedge.siemens.com\/en\/#website","url":"https:\/\/solidedge.siemens.com\/en\/","name":"Solid Edge","description":"Siemens Digital Industries Software - Ingenuity for Life","publisher":{"@id":"https:\/\/solidedge.siemens.com\/en\/#organization"},"potentialAction":[{"@type":"SearchAction","target":{"@type":"EntryPoint","urlTemplate":"https:\/\/solidedge.siemens.com\/en\/?s={search_term_string}"},"query-input":"required name=search_term_string"}],"inLanguage":"fr-FR"},{"@type":"WebPage","@id":"https:\/\/solidedge.siemens.com\/fr\/terms-conditions\/cyber-monday-2019\/#webpage","url":"https:\/\/solidedge.siemens.com\/fr\/terms-conditions\/cyber-monday-2019\/","name":"Cyber Monday 2019 | Solid Edge | Siemens Digital Industries Software - Ingenuity for Life","isPartOf":{"@id":"https:\/\/solidedge.siemens.com\/en\/#website"},"datePublished":"2021-05-10T14:28:53+00:00","dateModified":"2021-05-10T14:28:59+00:00","description":"\u00c0 l\u2019occasion de Cyber Monday, achetez un abonnement annuel \u00e0 Solid Edge et b\u00e9n\u00e9ficiez d\u2019un deuxi\u00e8me abonnement avec 50\u00a0% de r\u00e9duction la premi\u00e8re ann\u00e9e\u00a0!","breadcrumb":{"@id":"https:\/\/solidedge.siemens.com\/fr\/terms-conditions\/cyber-monday-2019\/#breadcrumb"},"inLanguage":"fr-FR","potentialAction":[{"@type":"ReadAction","target":["https:\/\/solidedge.siemens.com\/fr\/terms-conditions\/cyber-monday-2019\/"]}]},{"@type":"BreadcrumbList","@id":"https:\/\/solidedge.siemens.com\/fr\/terms-conditions\/cyber-monday-2019\/#breadcrumb","itemListElement":[{"@type":"ListItem","position":1,"name":"Home","item":"https:\/\/solidedge.siemens.com\/en\/home-6\/"},{"@type":"ListItem","position":2,"name":"Conditions g&eacute;n&eacute;rales","item":"https:\/\/solidedge.siemens.com\/fr\/terms-conditions\/"},{"@type":"ListItem","position":3,"name":"Cyber Monday 2019"}]}]}},"_links":{"self":[{"href":"https:\/\/solidedge.siemens.com\/fr\/wp-json\/wp\/v2\/pages\/39787"}],"collection":[{"href":"https:\/\/solidedge.siemens.com\/fr\/wp-json\/wp\/v2\/pages"}],"about":[{"href":"https:\/\/solidedge.siemens.com\/fr\/wp-json\/wp\/v2\/types\/page"}],"author":[{"embeddable":true,"href":"https:\/\/solidedge.siemens.com\/fr\/wp-json\/wp\/v2\/users\/5"}],"replies":[{"embeddable":true,"href":"https:\/\/solidedge.siemens.com\/fr\/wp-json\/wp\/v2\/comments?post=39787"}],"version-history":[{"count":6,"href":"https:\/\/solidedge.siemens.com\/fr\/wp-json\/wp\/v2\/pages\/39787\/revisions"}],"predecessor-version":[{"id":39793,"href":"https:\/\/solidedge.siemens.com\/fr\/wp-json\/wp\/v2\/pages\/39787\/revisions\/39793"}],"up":[{"embeddable":true,"href":"https:\/\/solidedge.siemens.com\/fr\/wp-json\/wp\/v2\/pages\/39735"}],"wp:attachment":[{"href":"https:\/\/solidedge.siemens.com\/fr\/wp-json\/wp\/v2\/media?parent=39787"}],"curies":[{"name":"wp","href":"https:\/\/api.w.org\/{rel}","templated":true}]}}