{"id":2582,"date":"2019-04-01T11:51:03","date_gmt":"2019-04-01T15:51:03","guid":{"rendered":"https:\/\/solidedge.siemens.com\/3d-printing\/"},"modified":"2022-12-16T12:36:28","modified_gmt":"2022-12-16T17:36:28","slug":"3d-printing","status":"publish","type":"page","link":"https:\/\/solidedge.siemens.com\/fr\/solutions\/products\/3d-printing\/","title":{"rendered":"Impression&nbsp;3D"},"content":{"rendered":"<p>[vc_row el_class=\u00a0\u00bbvc-row-page-image-intro\u00a0\u00bb][vc_column][vc_column_text]<\/p>\n<h1>Impression&nbsp;3D<\/h1>\n<p>[\/vc_column_text][vc_row_inner][vc_column_inner width=\u00a0\u00bb5\/12&Prime;][vc_single_image image=\u00a0\u00bb1067&Prime; img_size=\u00a0\u00bbmedium\u00a0\u00bb alignment=\u00a0\u00bbcenter\u00a0\u00bb][\/vc_column_inner][vc_column_inner width=\u00a0\u00bb7\/12&Prime;][vc_column_text]<\/p>\n<p class=\"f-larger c-black\"><strong>Conception pour l\u2019impression 3D<\/strong><\/p>\n<p><span>L\u2019impression 3D est \u00e0 la fois une science et&#8230; un art\u00a0! Une conception efficace pour impression 3D consiste \u00e0 la fois \u00e0 comprendre le processus d\u2019impression, \u00e0 s\u2019y adapter, \u00e0 d\u00e9finir les objectifs des pi\u00e8ces \u00e0 fabriquer et \u00e0 cr\u00e9er des conceptions en gardant ces objectifs \u00e0 l\u2019esprit.<\/span><\/p>\n<p>Quelle que soit la nature de votre projet, premi\u00e8re version de prototype ou produit final Solid Edge est pr\u00eat \u00e0 r\u00e9pondre \u00e0 tous vos besoins.[\/vc_column_text][vc_column_text]<\/p>\n<p style=\"text-align: right;\"><a class=\"action-button\" href=\"https:\/\/solidedge.siemens.com\/fr\/free-software\/overview\/\"><i class=\"icon-ext\"><\/i>Version d\u2019\u00e9valuation gratuite de Solid Edge<\/a><\/p>\n<p>[\/vc_column_text][\/vc_column_inner][\/vc_row_inner][\/vc_column][\/vc_row][vc_row full_width=\u00a0\u00bbstretch_row\u00a0\u00bb equal_height=\u00a0\u00bbyes\u00a0\u00bb css=\u00a0\u00bb.vc_custom_1525449518142{background-color: #ebf0f5 !important;}\u00a0\u00bb][vc_column][vc_column_text el_class=\u00a0\u00bbvc-el-lead-in\u00a0\u00bb]Capacit\u00e9s<\/p>\n<h2>Cr\u00e9er des produits de qualit\u00e9 sup\u00e9rieure gr\u00e2ce aux techniques les plus r\u00e9centes<\/h2>\n<p>Nos outils supportent votre workflow de bout en bout, de la conception adapt\u00e9e aux techniques d\u2019impression 3D \u00e0 la pr\u00e9paration et \u00e0 la sortie, en passant par le mat\u00e9riel et les services (dont capacit\u00e9 d\u2019impression couleur).[\/vc_column_text][vc_row_inner equal_height=\u00a0\u00bbyes\u00a0\u00bb el_class=\u00a0\u00bbvc-row-image-teasers\u00a0\u00bb][vc_column_inner width=\u00a0\u00bb1\/3&Prime;][vc_single_image image=\u00a0\u00bb1293&Prime; img_size=\u00a0\u00bbfull\u00a0\u00bb][vc_column_text]<\/p>\n<h3>Avec la conception g\u00e9n\u00e9rative,<br \/>\nexplorez de nouveaux concepts\u00a0!<\/h3>\n<p>La <a href=\"https:\/\/solidedge.siemens.com\/fr\/solutions\/products\/3d-design\/next-generation-design\/generative-design\/\">conception g\u00e9n\u00e9rative<\/a> combine des outils de conception puissants avec l\u2019optimisation de la topologie. Cela vous permet de cr\u00e9er rapidement des formes complexes l\u00e9g\u00e8res et hautement personnalis\u00e9es, parfaitement adapt\u00e9es \u00e0 l\u2019impression 3D.[\/vc_column_text][\/vc_column_inner][vc_column_inner width=\u00a0\u00bb1\/3&Prime;][vc_single_image image=\u00a0\u00bb17024&Prime; img_size=\u00a0\u00bbfull\u00a0\u00bb][vc_column_text]<\/p>\n<h3>Pr\u00e9paration de la g\u00e9om\u00e9trie pour les techniques additives<\/h3>\n<p>Combinez tr\u00e8s facilement les mod\u00e8les volumiques traditionnels \u00ab\u00a0B-rep\u00a0\u00bb avec les mod\u00e8les \u00e0 maillage triangulaire, sans avoir \u00e0 subir des conversions chronophages et sujette \u00e0 erreurs. Vous pouvez ainsi r\u00e9duire les retouches, tout en b\u00e9n\u00e9ficiant de processus de fabrication additifs pour les formes les plus complexes.[\/vc_column_text][\/vc_column_inner][vc_column_inner width=\u00a0\u00bb1\/3&Prime;][vc_single_image image=\u00a0\u00bb15376&Prime; img_size=\u00a0\u00bbfull\u00a0\u00bb][vc_column_text]<\/p>\n<h3>Sortie directe des mod\u00e8les<br \/>\nvers votre imprimante 3D<\/h3>\n<p>Solid Edge supporte l\u2019envoi de vos mod\u00e8les de pi\u00e8ces vers des imprimantes 3D, via la commande \u00ab\u00a03D Print \/ Impression 3D\u00a0\u00bb. Enregistrez vos pi\u00e8ces au format STL ou 3MF ou envoyez-les directement \u00e0 l\u2019application Microsoft 3D Builder. Cette flexibilit\u00e9 vous permet d\u2019imprimer en interne avec une pr\u00e9paration automatis\u00e9e, dont une capacit\u00e9 d\u2019impression couleur.[\/vc_column_text][\/vc_column_inner][vc_column_inner width=\u00a0\u00bb1\/3&Prime;][vc_column_text]<\/p>\n<h3>Devis et pi\u00e8ces exp\u00e9di\u00e9s<br \/>\ninstantan\u00e9ment dans vos locaux<\/h3>\n<p>Avec Solid Edge, vous pouvez \u00e9galement envoyer des conceptions \u00e0 des services d\u2019impression 3D en cloud comme <a href=\"http:\/\/solidedge.3yourmind.com\/\">3YOURMIND<\/a>. Vous obtiendrez des devis comparant les prix et les d\u00e9lais en temps r\u00e9el, s\u2019agissant de la fabrication de vos pi\u00e8ces dans diff\u00e9rents mat\u00e9riaux et leur exp\u00e9dition vers le site de votre choix.[\/vc_column_text][\/vc_column_inner][\/vc_row_inner][\/vc_column][\/vc_row][vc_row full_width=\u00a0\u00bbstretch_row\u00a0\u00bb el_class=\u00a0\u00bbvc-row-video-highlight\u00a0\u00bb][vc_column][vc_column_text el_class=\u00a0\u00bbvc-el-lead-in\u00a0\u00bb]Vid\u00e9o<\/p>\n<h2>Solid Edge facilite vos conceptions pour impression 3D<\/h2>\n<p class=\"see-more\" style=\"text-align: right;\"><a href=\"https:\/\/solidedge.siemens.com\/fr\/resources\/videos\/\">Voir d\u2019autres vid\u00e9os<\/a><\/p>\n<p>[\/vc_column_text]\n\n\n  <div id=\"wpv-view-layout-567-CATTRb5c041e59de81672a7b1d849506a3d5e\" class=\"js-wpv-view-layout js-wpv-layout-responsive js-wpv-view-layout-567-CATTRb5c041e59de81672a7b1d849506a3d5e\" data-viewnumber=\"567-CATTRb5c041e59de81672a7b1d849506a3d5e\" data-pagination=\"{&quot;id&quot;:567,&quot;query&quot;:&quot;normal&quot;,&quot;type&quot;:&quot;disabled&quot;,&quot;effect&quot;:&quot;fade&quot;,&quot;duration&quot;:500,&quot;speed&quot;:5,&quot;pause_on_hover&quot;:&quot;disabled&quot;,&quot;stop_rollover&quot;:&quot;false&quot;,&quot;cache_pages&quot;:&quot;enabled&quot;,&quot;preload_images&quot;:&quot;enabled&quot;,&quot;preload_pages&quot;:&quot;enabled&quot;,&quot;preload_reach&quot;:1,&quot;spinner&quot;:&quot;builtin&quot;,&quot;spinner_image&quot;:&quot;https:\/\/solidedge.siemens.com\/wp-content\/plugins\/wp-views\/embedded\/res\/img\/ajax-loader.gif&quot;,&quot;callback_next&quot;:&quot;&quot;,&quot;manage_history&quot;:&quot;disabled&quot;,&quot;has_controls_in_form&quot;:&quot;disabled&quot;,&quot;infinite_tolerance&quot;:&quot;0&quot;,&quot;max_pages&quot;:0,&quot;page&quot;:1,&quot;base_permalink&quot;:&quot;\/fr\/wp-json\/wp\/v2\/pages\/2582?wpv_view_count=567-CATTRb5c041e59de81672a7b1d849506a3d5e&amp;wpv_paged=WPV_PAGE_NUM&quot;,&quot;loop&quot;:{&quot;type&quot;:&quot;&quot;,&quot;name&quot;:&quot;&quot;,&quot;data&quot;:[],&quot;id&quot;:0}}\" data-permalink=\"\/fr\/wp-json\/wp\/v2\/pages\/2582?wpv_view_count=567-CATTRb5c041e59de81672a7b1d849506a3d5e\">\n\n  \n  <div class=\"wpv-resources\"><a name=\"video\" class=\"video-anchor\"><\/a>\n    <div id=\"ult-carousel-45074169769d95cde343a4\" class=\"ult-carousel-wrapper  vc-el-carousel-videos-embedded ult_horizontal\" data-gutter=\"0\" data-rtl=\"false\" ><div class=\"ult-carousel-106263785069d95cde3437f \" >\n    \n    \n       <div><!-- slide container -->\n        <div class=\"wpv-resources-item\" data-mh=\".wpv-resources-item\">\n          <div class=\"resources-item-poster\">\n              <div id=\"wpfp_15467be63aa9656c4c2ef912a1285299\" data-item=\"{&quot;sources&quot;:&#091;{&quot;src&quot;:&quot;https:\\\/\\\/media.plm.automation.siemens.com\\\/solidedge\\\/st10-design-for-3d-printing-in-solid-edge.mp4&quot;,&quot;type&quot;:&quot;video\\\/mp4&quot;}&#093;}\" class=\"flowplayer no-brand is-splash no-svg is-paused skin-slim fp-slim fp-edgy\" data-embed=\"false\" style=\"max-width: 1140px; max-height: 640px; background-image: url(https:\/\/solidedge.siemens.com\/wp-content\/uploads\/2018\/04\/vc-bg-hero-generative-design.jpg);\" data-ratio=\"0.5614\" data-advance=\"false\">\n\t<div class=\"fp-ratio\" style=\"padding-top: 56.14%\"><\/div>\n\t<div class=\"fp-ui\"><div class=\"fp-play fp-visible\"><a class=\"fp-icon fp-playbtn\"><\/a><\/div><\/div>\n\n<\/div>\n\n              \n          <\/div>\n        <\/div>\n      <\/div>\n    \n    \n    <\/div><\/div>\t\t\t<script type=\"text\/javascript\">\r\n\t\t\t\tjQuery(document).ready(function ($) {\r\n\t\t\t\t\tif( typeof jQuery('.ult-carousel-106263785069d95cde3437f').slick == \"function\"){\r\n\t\t\t\t\t\t$('.ult-carousel-106263785069d95cde3437f').slick({dots: true,autoplaySpeed: 5000,speed: 500,infinite: false,arrows: true,nextArrow: '<button type=\"button\" role=\"button\" aria-label=\"Next\" style=\"color:#ffffff; font-size:30px;background:rgba(47,56,60,0.5);\" class=\"slick-next square-bg\"><i class=\"ultsl-arrow-right6\"><\/i><\/button>',prevArrow: '<button type=\"button\" role=\"button\" aria-label=\"Previous\" style=\"color:#ffffff; font-size:30px;background:rgba(47,56,60,0.5);\" class=\"slick-prev square-bg\"><i class=\"ultsl-arrow-left6\"><\/i><\/button>',slidesToScroll:1,slidesToShow:1,swipe: true,draggable: true,touchMove: true,pauseOnHover: true,pauseOnFocus: false,responsive: [\r\n\t\t\t\t\t\t\t{\r\n\t\t\t\t\t\t\t  breakpoint: 1026,\r\n\t\t\t\t\t\t\t  settings: {\r\n\t\t\t\t\t\t\t\tslidesToShow: 1,\r\n\t\t\t\t\t\t\t\tslidesToScroll: 1,  \r\n\t\t\t\t\t\t\t  }\r\n\t\t\t\t\t\t\t},\r\n\t\t\t\t\t\t\t{\r\n\t\t\t\t\t\t\t  breakpoint: 1025,\r\n\t\t\t\t\t\t\t  settings: {\r\n\t\t\t\t\t\t\t\tslidesToShow: 1,\r\n\t\t\t\t\t\t\t\tslidesToScroll: 1\r\n\t\t\t\t\t\t\t  }\r\n\t\t\t\t\t\t\t},\r\n\t\t\t\t\t\t\t{\r\n\t\t\t\t\t\t\t  breakpoint: 760,\r\n\t\t\t\t\t\t\t  settings: {\r\n\t\t\t\t\t\t\t\tslidesToShow: 1,\r\n\t\t\t\t\t\t\t\tslidesToScroll: 1\r\n\t\t\t\t\t\t\t  }\r\n\t\t\t\t\t\t\t}\r\n\t\t\t\t\t\t],pauseOnDotsHover: true,customPaging: function(slider, i) {\r\n                   return '<i type=\"button\" style= \"color:#788891;\" class=\"ultsl-record\" data-role=\"none\"><\/i>';\r\n                },});\r\n\t\t\t\t\t}\r\n\t\t\t\t});\r\n\t\t\t<\/script>\r\n\t\t\t\n  <\/div>\n  \n  \n  <\/div>\n[\/vc_column][\/vc_row][vc_row full_width=\u00a0\u00bbstretch_row\u00a0\u00bb el_class=\u00a0\u00bbvc-row-free-software\u00a0\u00bb css=\u00a0\u00bb.vc_custom_1523912493378{background-color: #006486 !important;}\u00a0\u00bb][vc_column][vc_column_text el_class=\u00a0\u00bbvc-el-lead-in\u00a0\u00bb]Logiciel GRATUIT<\/p>\n<h2>Logiciel de conception\u00a03D gratuit<\/h2>\n<p>[\/vc_column_text][vc_row_inner equal_height=\u00a0\u00bbyes\u00a0\u00bb][vc_column_inner width=\u00a0\u00bb1\/2&Prime; offset=\u00a0\u00bbvc_col-md-5&Prime;]<div class=\"wpb_content_block wpb_content_element\"><div class=\"wpb_wrapper\"><div class=\"content_block\" id=\"custom_post_widget-1068\"><p>[vc_row][vc_column][vc_column_text]<\/p>\n<h3>T\u00e9l\u00e9charger gratuitement Solid Edge pour les \u00e9tudiants<\/h3>\n<p>Cr\u00e9ez des projets pour l\u2019impression 3D et d\u00e9veloppez les comp\u00e9tences dont vous avez besoin avec le logiciel Solid Edge Student Edition. C\u2019est une version gratuite de la m\u00eame suite de logiciels que celle utilis\u00e9e par les professionnels. [\/vc_column_text][vc_column_text]<a class=\"action-button\" href=\"https:\/\/www.plm.automation.siemens.com\/plmapp\/education\/solid-edge\/fr_fr\/free-software\/student\"><i class=\"icon-ext\"><\/i>T\u00e9l\u00e9charger maintenant<\/a>[\/vc_column_text][\/vc_column][\/vc_row]<\/p>\n<\/div><\/div><\/div>[\/vc_column_inner][vc_column_inner width=\u00a0\u00bb1\/2&Prime; offset=\u00a0\u00bbvc_col-md-offset-2 vc_col-md-5&Prime;]<div class=\"wpb_content_block wpb_content_element\"><div class=\"wpb_wrapper\"><div class=\"content_block\" id=\"custom_post_widget-419\"><p>[vc_row][vc_column][vc_column_text]<\/p>\n<h3>Logiciel gratuit pour votre startup<\/h3>\n<p>Si vous dirigez une startup depuis moins de trois ans, vous pouvez maintenant faire une demande pour obtenir gratuitement Solid Edge. Aucun frais \u00e0 votre charge\u00a0![\/vc_column_text][vc_column_text]<a class=\"action-button\" href=\"https:\/\/www.plm.automation.siemens.com\/global\/fr\/topic\/solid-edge-for-startups\/8335\"><i class=\"icon-ext\"><\/i>Postuler<\/a>[\/vc_column_text][\/vc_column][\/vc_row]<\/p>\n<\/div><\/div><\/div>[\/vc_column_inner][\/vc_row_inner][\/vc_column][\/vc_row][vc_row full_width=\u00a0\u00bbstretch_row\u00a0\u00bb el_class=\u00a0\u00bbvc-row-related-content\u00a0\u00bb css=\u00a0\u00bb.vc_custom_1524184785822{background-color: #347eb5 !important;}\u00a0\u00bb][vc_column][vc_column_text]<\/p>\n<h2>Contenu li\u00e9<\/h2>\n<p>[\/vc_column_text]<div id=\"ult-carousel-148875063169d95cde36c40\" class=\"ult-carousel-wrapper  vc-el-carousel-related-content ult_horizontal\" data-gutter=\"0\" data-rtl=\"false\" ><div class=\"ult-carousel-136293377569d95cde36c21 \" >[vc_column_text]<a href=\"https:\/\/www.plm.automation.siemens.com\/store\/en-us\/solid-edge\/\">Acheter Solid Edge dans notre boutique en ligne<\/a>[\/vc_column_text][vc_column_text]<a href=\"https:\/\/www.plm.automation.siemens.com\/global\/en\/topic\/3d-printing\/32541\">E-book<br \/>\n3D Printing: Quick tips for going from CAD design to printed object (Impression 3D\u00a0: Quelques conseils pour passer de la conception CAO \u00e0 l\u2019objet imprim\u00e9)<\/a>[\/vc_column_text][vc_column_text]<a href=\"https:\/\/solidedge.siemens.com\/en\/resource\/infographic\/future-of-manufacturing-and-3d-printing\/\">L\u2019avenir de la fabrication et de l\u2019impression 3D<\/a>[\/vc_column_text]<\/div><\/div>\t\t\t<script type=\"text\/javascript\">\r\n\t\t\t\tjQuery(document).ready(function ($) {\r\n\t\t\t\t\tif( typeof jQuery('.ult-carousel-136293377569d95cde36c21').slick == \"function\"){\r\n\t\t\t\t\t\t$('.ult-carousel-136293377569d95cde36c21').slick({dots: true,autoplaySpeed: 5000,speed: 500,infinite: false,arrows: true,nextArrow: '<button type=\"button\" role=\"button\" aria-label=\"Next\" style=\"color:#ffffff; font-size:30px;background:rgba(255,255,255,0.2);\" class=\"slick-next square-bg\"><i class=\"ultsl-arrow-right6\"><\/i><\/button>',prevArrow: '<button type=\"button\" role=\"button\" aria-label=\"Previous\" style=\"color:#ffffff; font-size:30px;background:rgba(255,255,255,0.2);\" class=\"slick-prev square-bg\"><i class=\"ultsl-arrow-left6\"><\/i><\/button>',slidesToScroll:4,slidesToShow:4,swipe: true,draggable: true,touchMove: true,pauseOnHover: true,pauseOnFocus: false,responsive: [\r\n\t\t\t\t\t\t\t{\r\n\t\t\t\t\t\t\t  breakpoint: 1026,\r\n\t\t\t\t\t\t\t  settings: {\r\n\t\t\t\t\t\t\t\tslidesToShow: 4,\r\n\t\t\t\t\t\t\t\tslidesToScroll: 4,  \r\n\t\t\t\t\t\t\t  }\r\n\t\t\t\t\t\t\t},\r\n\t\t\t\t\t\t\t{\r\n\t\t\t\t\t\t\t  breakpoint: 1025,\r\n\t\t\t\t\t\t\t  settings: {\r\n\t\t\t\t\t\t\t\tslidesToShow: 2,\r\n\t\t\t\t\t\t\t\tslidesToScroll: 2\r\n\t\t\t\t\t\t\t  }\r\n\t\t\t\t\t\t\t},\r\n\t\t\t\t\t\t\t{\r\n\t\t\t\t\t\t\t  breakpoint: 760,\r\n\t\t\t\t\t\t\t  settings: {\r\n\t\t\t\t\t\t\t\tslidesToShow: 1,\r\n\t\t\t\t\t\t\t\tslidesToScroll: 1\r\n\t\t\t\t\t\t\t  }\r\n\t\t\t\t\t\t\t}\r\n\t\t\t\t\t\t],pauseOnDotsHover: true,customPaging: function(slider, i) {\r\n                   return '<i type=\"button\" style= \"color:#ffffff;\" class=\"ultsl-record\" data-role=\"none\"><\/i>';\r\n                },});\r\n\t\t\t\t\t}\r\n\t\t\t\t});\r\n\t\t\t<\/script>\r\n\t\t\t[\/vc_column][\/vc_row][vc_row full_width=\u00a0\u00bbstretch_row\u00a0\u00bb el_class=\u00a0\u00bbfooter-contact\u00a0\u00bb css=\u00a0\u00bb.vc_custom_1550170708528{background-color: #dedee3 !important;}\u00a0\u00bb][vc_column]<div class=\"wpb_content_block wpb_content_element\"><div class=\"wpb_wrapper\"><\/div><\/div>[\/vc_column][\/vc_row]<\/p>\n","protected":false},"excerpt":{"rendered":"<p> Impression&nbsp;3D [\/vc_column_text][\/vc_column_inner] Conception pour l\u2019impression 3D L\u2019impression 3D est \u00e0 la fois une science et&#8230; un art\u00a0! Une conception efficace pour impression 3D consiste \u00e0 la fois \u00e0 comprendre le processus d\u2019impression, \u00e0 s\u2019y adapter, \u00e0 d\u00e9finir les objectifs des pi\u00e8ces \u00e0 fabriquer et \u00e0 cr\u00e9er des conceptions [&hellip;]<\/p>\n","protected":false},"author":5,"featured_media":0,"parent":2620,"menu_order":8,"comment_status":"closed","ping_status":"closed","template":"","meta":{"inline_featured_image":false},"yoast_head":"<!-- This site is optimized with the Yoast SEO plugin v18.4.1 - https:\/\/yoast.com\/wordpress\/plugins\/seo\/ -->\n<title>Solutions d\u2019impression 3D | Fabrication additive | Solid Edge<\/title>\n<meta name=\"description\" content=\"Solid Edge vous propose les outils dont vous avez besoin pour l\u2019impression 3D (dans vos locaux ou via un service de fabrication additive).\" \/>\n<meta name=\"robots\" content=\"index, follow, max-snippet:-1, max-image-preview:large, max-video-preview:-1\" \/>\n<link rel=\"canonical\" href=\"https:\/\/solidedge.siemens.com\/fr\/solutions\/products\/3d-printing\/\" \/>\n<meta property=\"og:locale\" content=\"fr_FR\" \/>\n<meta property=\"og:type\" content=\"article\" \/>\n<meta property=\"og:title\" content=\"Solutions d\u2019impression 3D | Fabrication additive | Solid Edge\" \/>\n<meta property=\"og:description\" content=\"Solid Edge vous propose les outils dont vous avez besoin pour l\u2019impression 3D (dans vos locaux ou via un service de fabrication additive).\" \/>\n<meta property=\"og:url\" content=\"https:\/\/solidedge.siemens.com\/fr\/solutions\/products\/3d-printing\/\" \/>\n<meta property=\"og:site_name\" content=\"Solid Edge\" \/>\n<meta property=\"article:publisher\" content=\"https:\/\/www.facebook.com\/solidedge\" \/>\n<meta property=\"article:modified_time\" content=\"2022-12-16T17:36:28+00:00\" \/>\n<meta name=\"twitter:card\" content=\"summary_large_image\" \/>\n<meta name=\"twitter:site\" content=\"@siemensplm\" \/>\n<meta name=\"twitter:label1\" content=\"Dur\u00e9e de lecture est.\" \/>\n\t<meta name=\"twitter:data1\" content=\"4 minutes\" \/>\n<script type=\"application\/ld+json\" class=\"yoast-schema-graph\">{\"@context\":\"https:\/\/schema.org\",\"@graph\":[{\"@type\":\"Organization\",\"@id\":\"https:\/\/solidedge.siemens.com\/en\/#organization\",\"name\":\"Siemens Digital Industries Software\",\"url\":\"https:\/\/solidedge.siemens.com\/en\/\",\"sameAs\":[\"https:\/\/www.facebook.com\/solidedge\",\"https:\/\/www.instagram.com\/siemens\/\",\"https:\/\/www.linkedin.com\/company\/siemens-plm-software\",\"https:\/\/www.youtube.com\/user\/PolarionSoftware\",\"https:\/\/twitter.com\/siemensplm\"],\"logo\":{\"@type\":\"ImageObject\",\"@id\":\"https:\/\/solidedge.siemens.com\/en\/#logo\",\"inLanguage\":\"fr-FR\",\"url\":\"https:\/\/solidedge.siemens.com\/wp-content\/uploads\/2018\/04\/logo-siemens-ifl@2x.png\",\"contentUrl\":\"https:\/\/solidedge.siemens.com\/wp-content\/uploads\/2018\/04\/logo-siemens-ifl@2x.png\",\"width\":640,\"height\":270,\"caption\":\"Siemens Digital Industries Software\"},\"image\":{\"@id\":\"https:\/\/solidedge.siemens.com\/en\/#logo\"}},{\"@type\":\"WebSite\",\"@id\":\"https:\/\/solidedge.siemens.com\/en\/#website\",\"url\":\"https:\/\/solidedge.siemens.com\/en\/\",\"name\":\"Solid Edge\",\"description\":\"Siemens Digital Industries Software - Ingenuity for Life\",\"publisher\":{\"@id\":\"https:\/\/solidedge.siemens.com\/en\/#organization\"},\"potentialAction\":[{\"@type\":\"SearchAction\",\"target\":{\"@type\":\"EntryPoint\",\"urlTemplate\":\"https:\/\/solidedge.siemens.com\/en\/?s={search_term_string}\"},\"query-input\":\"required name=search_term_string\"}],\"inLanguage\":\"fr-FR\"},{\"@type\":\"WebPage\",\"@id\":\"https:\/\/solidedge.siemens.com\/fr\/solutions\/products\/3d-printing\/#webpage\",\"url\":\"https:\/\/solidedge.siemens.com\/fr\/solutions\/products\/3d-printing\/\",\"name\":\"Solutions d\u2019impression 3D | Fabrication additive | Solid Edge\",\"isPartOf\":{\"@id\":\"https:\/\/solidedge.siemens.com\/en\/#website\"},\"datePublished\":\"2019-04-01T15:51:03+00:00\",\"dateModified\":\"2022-12-16T17:36:28+00:00\",\"description\":\"Solid Edge vous propose les outils dont vous avez besoin pour l\u2019impression 3D (dans vos locaux ou via un service de fabrication additive).\",\"breadcrumb\":{\"@id\":\"https:\/\/solidedge.siemens.com\/fr\/solutions\/products\/3d-printing\/#breadcrumb\"},\"inLanguage\":\"fr-FR\",\"potentialAction\":[{\"@type\":\"ReadAction\",\"target\":[\"https:\/\/solidedge.siemens.com\/fr\/solutions\/products\/3d-printing\/\"]}]},{\"@type\":\"BreadcrumbList\",\"@id\":\"https:\/\/solidedge.siemens.com\/fr\/solutions\/products\/3d-printing\/#breadcrumb\",\"itemListElement\":[{\"@type\":\"ListItem\",\"position\":1,\"name\":\"Home\",\"item\":\"https:\/\/solidedge.siemens.com\/en\/home-6\/\"},{\"@type\":\"ListItem\",\"position\":2,\"name\":\"Solutions\",\"item\":\"https:\/\/solidedge.siemens.com\/fr\/solutions\/\"},{\"@type\":\"ListItem\",\"position\":3,\"name\":\"Produits\",\"item\":\"https:\/\/solidedge.siemens.com\/fr\/solutions\/products\/\"},{\"@type\":\"ListItem\",\"position\":4,\"name\":\"Impression&nbsp;3D\"}]}]}<\/script>\n<!-- \/ Yoast SEO plugin. -->","yoast_head_json":{"title":"Solutions d\u2019impression 3D | Fabrication additive | Solid Edge","description":"Solid Edge vous propose les outils dont vous avez besoin pour l\u2019impression 3D (dans vos locaux ou via un service de fabrication additive).","robots":{"index":"index","follow":"follow","max-snippet":"max-snippet:-1","max-image-preview":"max-image-preview:large","max-video-preview":"max-video-preview:-1"},"canonical":"https:\/\/solidedge.siemens.com\/fr\/solutions\/products\/3d-printing\/","og_locale":"fr_FR","og_type":"article","og_title":"Solutions d\u2019impression 3D | Fabrication additive | Solid Edge","og_description":"Solid Edge vous propose les outils dont vous avez besoin pour l\u2019impression 3D (dans vos locaux ou via un service de fabrication additive).","og_url":"https:\/\/solidedge.siemens.com\/fr\/solutions\/products\/3d-printing\/","og_site_name":"Solid Edge","article_publisher":"https:\/\/www.facebook.com\/solidedge","article_modified_time":"2022-12-16T17:36:28+00:00","twitter_card":"summary_large_image","twitter_site":"@siemensplm","twitter_misc":{"Dur\u00e9e de lecture est.":"4 minutes"},"schema":{"@context":"https:\/\/schema.org","@graph":[{"@type":"Organization","@id":"https:\/\/solidedge.siemens.com\/en\/#organization","name":"Siemens Digital Industries Software","url":"https:\/\/solidedge.siemens.com\/en\/","sameAs":["https:\/\/www.facebook.com\/solidedge","https:\/\/www.instagram.com\/siemens\/","https:\/\/www.linkedin.com\/company\/siemens-plm-software","https:\/\/www.youtube.com\/user\/PolarionSoftware","https:\/\/twitter.com\/siemensplm"],"logo":{"@type":"ImageObject","@id":"https:\/\/solidedge.siemens.com\/en\/#logo","inLanguage":"fr-FR","url":"https:\/\/solidedge.siemens.com\/wp-content\/uploads\/2018\/04\/logo-siemens-ifl@2x.png","contentUrl":"https:\/\/solidedge.siemens.com\/wp-content\/uploads\/2018\/04\/logo-siemens-ifl@2x.png","width":640,"height":270,"caption":"Siemens Digital Industries Software"},"image":{"@id":"https:\/\/solidedge.siemens.com\/en\/#logo"}},{"@type":"WebSite","@id":"https:\/\/solidedge.siemens.com\/en\/#website","url":"https:\/\/solidedge.siemens.com\/en\/","name":"Solid Edge","description":"Siemens Digital Industries Software - Ingenuity for Life","publisher":{"@id":"https:\/\/solidedge.siemens.com\/en\/#organization"},"potentialAction":[{"@type":"SearchAction","target":{"@type":"EntryPoint","urlTemplate":"https:\/\/solidedge.siemens.com\/en\/?s={search_term_string}"},"query-input":"required name=search_term_string"}],"inLanguage":"fr-FR"},{"@type":"WebPage","@id":"https:\/\/solidedge.siemens.com\/fr\/solutions\/products\/3d-printing\/#webpage","url":"https:\/\/solidedge.siemens.com\/fr\/solutions\/products\/3d-printing\/","name":"Solutions d\u2019impression 3D | Fabrication additive | Solid Edge","isPartOf":{"@id":"https:\/\/solidedge.siemens.com\/en\/#website"},"datePublished":"2019-04-01T15:51:03+00:00","dateModified":"2022-12-16T17:36:28+00:00","description":"Solid Edge vous propose les outils dont vous avez besoin pour l\u2019impression 3D (dans vos locaux ou via un service de fabrication additive).","breadcrumb":{"@id":"https:\/\/solidedge.siemens.com\/fr\/solutions\/products\/3d-printing\/#breadcrumb"},"inLanguage":"fr-FR","potentialAction":[{"@type":"ReadAction","target":["https:\/\/solidedge.siemens.com\/fr\/solutions\/products\/3d-printing\/"]}]},{"@type":"BreadcrumbList","@id":"https:\/\/solidedge.siemens.com\/fr\/solutions\/products\/3d-printing\/#breadcrumb","itemListElement":[{"@type":"ListItem","position":1,"name":"Home","item":"https:\/\/solidedge.siemens.com\/en\/home-6\/"},{"@type":"ListItem","position":2,"name":"Solutions","item":"https:\/\/solidedge.siemens.com\/fr\/solutions\/"},{"@type":"ListItem","position":3,"name":"Produits","item":"https:\/\/solidedge.siemens.com\/fr\/solutions\/products\/"},{"@type":"ListItem","position":4,"name":"Impression&nbsp;3D"}]}]}},"_links":{"self":[{"href":"https:\/\/solidedge.siemens.com\/fr\/wp-json\/wp\/v2\/pages\/2582"}],"collection":[{"href":"https:\/\/solidedge.siemens.com\/fr\/wp-json\/wp\/v2\/pages"}],"about":[{"href":"https:\/\/solidedge.siemens.com\/fr\/wp-json\/wp\/v2\/types\/page"}],"author":[{"embeddable":true,"href":"https:\/\/solidedge.siemens.com\/fr\/wp-json\/wp\/v2\/users\/5"}],"replies":[{"embeddable":true,"href":"https:\/\/solidedge.siemens.com\/fr\/wp-json\/wp\/v2\/comments?post=2582"}],"version-history":[{"count":7,"href":"https:\/\/solidedge.siemens.com\/fr\/wp-json\/wp\/v2\/pages\/2582\/revisions"}],"predecessor-version":[{"id":65922,"href":"https:\/\/solidedge.siemens.com\/fr\/wp-json\/wp\/v2\/pages\/2582\/revisions\/65922"}],"up":[{"embeddable":true,"href":"https:\/\/solidedge.siemens.com\/fr\/wp-json\/wp\/v2\/pages\/2620"}],"wp:attachment":[{"href":"https:\/\/solidedge.siemens.com\/fr\/wp-json\/wp\/v2\/media?parent=2582"}],"curies":[{"name":"wp","href":"https:\/\/api.w.org\/{rel}","templated":true}]}}